{"id":9980,"date":"2025-03-12T11:35:15","date_gmt":"2025-03-12T10:35:15","guid":{"rendered":"https:\/\/lions-pharmacy.com\/?post_type=product&#038;p=9980"},"modified":"2025-03-20T16:09:21","modified_gmt":"2025-03-20T15:09:21","slug":"horvi-enzyme-serpalgin-drinking-ampoules-50-pcs","status":"publish","type":"product","link":"https:\/\/lions-pharmacy.com\/it\/prodotto\/horvi-enzyme-serpalgin-drinking-ampoules-50-pcs","title":{"rendered":"Horvi Serpalgin Fiale per bere (50 pezzi)"},"content":{"rendered":"<h3>Horvi Serpalgin Fiale per bere<\/h3>\n<p>Horvi Enzyme Serpalgin fiale da bere \u00e8 un preparato enzimatico che supporta il sistema immunitario.<\/p>\n<p>La Farmacia Lions importa i prodotti Horvi su richiesta.<\/p>\n<p>I preparati enzimatici Horvi sono sinonimo di scoperte pionieristiche e di successi per l&#8217;uomo e per gli animali. I preparati enzimatici sono commercializzati in base alla loro ricetta e al processo di produzione unico al mondo. Horvi-EnzyMed si propone come partner per tutti coloro che vogliono mantenere o promuovere la salute in modo naturale. L&#8217;attenzione \u00e8 rivolta al paziente in modo olistico. L&#8217;uso responsabile dei preparati naturali tradizionali e delle nuove scoperte scientifiche \u00e8 al centro di tutto ci\u00f2 che facciamo, per il bene di uomini e animali.<\/p>\n<p>Foglietto illustrativo\/istruzioni per l&#8217;uso\/scheda tecnica: &#8211; (lettore PDF).<\/p>\n<p>Scopri altri prodotti del produttore <a href=\"https:\/\/lions-pharmacy.com\/product-category\/horvi-enzymed\">Horvi-Enyzmed<\/a>.<\/p>\n<p>Altri prodotti per l&#8217;applicazione: <a href=\"https:\/\/lions-pharmacy.com\/product-tag\/cold-flu\">Infezioni<\/a> | <a href=\"https:\/\/lions-pharmacy.com\/product-tag\/natural-remedies\" rel=\"tag\">rimedi naturali<\/a><\/p>\n<p>Scopri di pi\u00f9 sul produttore e su questo prodotto: Horvi (link a sito esterno)<\/p>\n<p>Le informazioni contenute in questo sito web sono fornite solo a scopo informativo. Non sostituiscono in alcun modo la visita e il trattamento da parte di un medico. Ci\u00f2 significa che non \u00e8 possibile n\u00e9 fare diagnosi n\u00e9 iniziare terapie. Importazione singola &#8211; Importiamo questo medicinale per te. Questo comporta tempi di consegna pi\u00f9 lunghi. Sono escluse le restituzioni per le singole importazioni.<\/p>\n<p>Per i rischi e gli effetti collaterali, leggere il foglio illustrativo e rivolgersi al medico o al farmacista.<\/p>\n<h3 style=\"text-align: left;\">Prescrizione | \u00c8 disponibile una prescrizione elettronica?<\/h3>\n<p>Invia subito la tua prescrizione elettronica. Usa la nostra app <a href=\"https:\/\/e-rezept-app.de\/shop-rezept\" target=\"_blank\" rel=\"noopener\">per la prescrizione elettronica<\/a> . E noi ti diamo le spese di spedizione gratis in Germania!<\/p>\n","protected":false},"excerpt":{"rendered":"<h2>Horvi Serpalgin Fiale per bere<\/h2>\n<p>Horvi Serpalgin fiale da bere \u00e8 un preparato enzimatico che supporta il sistema immunitario.<\/p>\n<p>Horvi n. 1017050<\/p>\n<p><strong>PZN<\/strong>: &#8211;<\/p>\n<p><strong>Forma di dosaggio<\/strong>: ampolle da bere<\/p>\n<p><strong>Tipo di prescrizione<\/strong>: senza prescrizione, importazione simgle su richiesta<\/p>\n<p><strong>Marchio<\/strong>: Horvi<\/p>\n<p><strong>Produttore<\/strong>: Horvi EnzyMed B.V, Paesi Bassi<\/p>\n","protected":false},"featured_media":10108,"comment_status":"closed","ping_status":"closed","template":"","meta":[],"product_brand":[],"product_cat":[776,115],"product_tag":[604,307,482,785,480],"class_list":{"0":"post-9980","1":"product","2":"type-product","3":"status-publish","4":"has-post-thumbnail","6":"product_cat-horvi-enzymed-it","7":"product_cat-non-categorizzato","8":"product_tag-medicina-veterinaria","9":"product_tag-omeopatia","10":"product_tag-principio-attivo-a-base-di-erbe","11":"product_tag-prodotto-dimportazione-individuale-nessun-ritorno","12":"product_tag-rimedi-naturali","13":"ts_product_brand-all-it","14":"ts_product_brand-horvi-it","16":"first","17":"instock","18":"taxable","19":"shipping-taxable","20":"purchasable","21":"product-type-simple"},"yoast_head":"<!-- This site is optimized with the Yoast SEO plugin v26.5 - https:\/\/yoast.com\/wordpress\/plugins\/seo\/ -->\n<title>Horvi Serpalgin Fiale per bere (50 pezzi) &#187; Scopri di pi\u00f9<\/title>\n<meta name=\"description\" content=\"Produttore: Horvi Enyzmed. Scopri di pi\u00f9 su Horvi Serpalgin Fiale per bere (50 pezzi). Offriamo: Spedizione internazionale veloce e acquisti online sicuri.\" \/>\n<meta name=\"robots\" content=\"index, follow, max-snippet:-1, max-image-preview:large, max-video-preview:-1\" \/>\n<link rel=\"canonical\" href=\"https:\/\/lions-pharmacy.com\/it\/prodotto\/horvi-enzyme-serpalgin-drinking-ampoules-50-pcs\" \/>\n<meta property=\"og:locale\" content=\"it_IT\" \/>\n<meta property=\"og:type\" content=\"article\" \/>\n<meta property=\"og:title\" content=\"Horvi Serpalgin Fiale per bere (50 pezzi) &#187; Scopri di pi\u00f9\" \/>\n<meta property=\"og:description\" content=\"Produttore: Horvi Enyzmed. Scopri di pi\u00f9 su Horvi Serpalgin Fiale per bere (50 pezzi). Offriamo: Spedizione internazionale veloce e acquisti online sicuri.\" \/>\n<meta property=\"og:url\" content=\"https:\/\/lions-pharmacy.com\/it\/prodotto\/horvi-enzyme-serpalgin-drinking-ampoules-50-pcs\" \/>\n<meta property=\"og:site_name\" content=\"Lion Pharmacy\" \/>\n<meta property=\"article:modified_time\" content=\"2025-03-20T15:09:21+00:00\" \/>\n<meta property=\"og:image\" content=\"https:\/\/lions-pharmacy.com\/wp-content\/uploads\/2025\/03\/Horvi-Enzym_Ampoules_Lions_Pharmacy.webp\" \/>\n\t<meta property=\"og:image:width\" content=\"600\" \/>\n\t<meta property=\"og:image:height\" content=\"600\" \/>\n\t<meta property=\"og:image:type\" content=\"image\/webp\" \/>\n<meta name=\"twitter:card\" content=\"summary_large_image\" \/>\n<meta name=\"twitter:label1\" content=\"Tempo di lettura stimato\" \/>\n\t<meta name=\"twitter:data1\" content=\"1 minuto\" \/>\n<script type=\"application\/ld+json\" class=\"yoast-schema-graph\">{\"@context\":\"https:\/\/schema.org\",\"@graph\":[{\"@type\":\"WebPage\",\"@id\":\"https:\/\/lions-pharmacy.com\/it\/prodotto\/horvi-enzyme-serpalgin-drinking-ampoules-50-pcs\",\"url\":\"https:\/\/lions-pharmacy.com\/it\/prodotto\/horvi-enzyme-serpalgin-drinking-ampoules-50-pcs\",\"name\":\"Horvi Serpalgin Fiale per bere (50 pezzi) &#187; Scopri di pi\u00f9\",\"isPartOf\":{\"@id\":\"https:\/\/lions-pharmacy.com\/it#website\"},\"primaryImageOfPage\":{\"@id\":\"https:\/\/lions-pharmacy.com\/it\/prodotto\/horvi-enzyme-serpalgin-drinking-ampoules-50-pcs#primaryimage\"},\"image\":{\"@id\":\"https:\/\/lions-pharmacy.com\/it\/prodotto\/horvi-enzyme-serpalgin-drinking-ampoules-50-pcs#primaryimage\"},\"thumbnailUrl\":\"https:\/\/lions-pharmacy.com\/wp-content\/uploads\/2025\/03\/Horvi-Enzym_Ampoules_Lions_Pharmacy.webp\",\"datePublished\":\"2025-03-12T10:35:15+00:00\",\"dateModified\":\"2025-03-20T15:09:21+00:00\",\"description\":\"Produttore: Horvi Enyzmed. Scopri di pi\u00f9 su Horvi Serpalgin Fiale per bere (50 pezzi). Offriamo: Spedizione internazionale veloce e acquisti online sicuri.\",\"breadcrumb\":{\"@id\":\"https:\/\/lions-pharmacy.com\/it\/prodotto\/horvi-enzyme-serpalgin-drinking-ampoules-50-pcs#breadcrumb\"},\"inLanguage\":\"it-IT\",\"potentialAction\":[{\"@type\":\"ReadAction\",\"target\":[\"https:\/\/lions-pharmacy.com\/it\/prodotto\/horvi-enzyme-serpalgin-drinking-ampoules-50-pcs\"]}]},{\"@type\":\"ImageObject\",\"inLanguage\":\"it-IT\",\"@id\":\"https:\/\/lions-pharmacy.com\/it\/prodotto\/horvi-enzyme-serpalgin-drinking-ampoules-50-pcs#primaryimage\",\"url\":\"https:\/\/lions-pharmacy.com\/wp-content\/uploads\/2025\/03\/Horvi-Enzym_Ampoules_Lions_Pharmacy.webp\",\"contentUrl\":\"https:\/\/lions-pharmacy.com\/wp-content\/uploads\/2025\/03\/Horvi-Enzym_Ampoules_Lions_Pharmacy.webp\",\"width\":600,\"height\":600,\"caption\":\"Horvi-Enzym Fiale Farmacia Lions\"},{\"@type\":\"BreadcrumbList\",\"@id\":\"https:\/\/lions-pharmacy.com\/it\/prodotto\/horvi-enzyme-serpalgin-drinking-ampoules-50-pcs#breadcrumb\",\"itemListElement\":[{\"@type\":\"ListItem\",\"position\":1,\"name\":\"Home\",\"item\":\"https:\/\/lions-pharmacy.com\/it\/homepage-lion-pharmacy\"},{\"@type\":\"ListItem\",\"position\":2,\"name\":\"Shop\",\"item\":\"https:\/\/lions-pharmacy.com\/it\/negozio\"},{\"@type\":\"ListItem\",\"position\":3,\"name\":\"Horvi Serpalgin Fiale per bere (50 pezzi)\"}]},{\"@type\":\"WebSite\",\"@id\":\"https:\/\/lions-pharmacy.com\/it#website\",\"url\":\"https:\/\/lions-pharmacy.com\/it\",\"name\":\"Lions Pharmacy\",\"description\":\"Farmacia specializzata in naturopatia di Baden-Baden, Germania\",\"publisher\":{\"@id\":\"https:\/\/lions-pharmacy.com\/it#organization\"},\"alternateName\":\"Lion Pharmacy\",\"potentialAction\":[{\"@type\":\"SearchAction\",\"target\":{\"@type\":\"EntryPoint\",\"urlTemplate\":\"https:\/\/lions-pharmacy.com\/it?s={search_term_string}\"},\"query-input\":{\"@type\":\"PropertyValueSpecification\",\"valueRequired\":true,\"valueName\":\"search_term_string\"}}],\"inLanguage\":\"it-IT\"},{\"@type\":\"Organization\",\"@id\":\"https:\/\/lions-pharmacy.com\/it#organization\",\"name\":\"Lions Pharmacy\",\"alternateName\":\"Lions Pharmacy24\",\"url\":\"https:\/\/lions-pharmacy.com\/it\",\"logo\":{\"@type\":\"ImageObject\",\"inLanguage\":\"it-IT\",\"@id\":\"https:\/\/lions-pharmacy.com\/it#\/schema\/logo\/image\/\",\"url\":\"https:\/\/lions-pharmacy.com\/wp-content\/uploads\/2022\/12\/Logo-Lion-Pharmacy-c-o-Loewen-Apotheke-smal.jpg\",\"contentUrl\":\"https:\/\/lions-pharmacy.com\/wp-content\/uploads\/2022\/12\/Logo-Lion-Pharmacy-c-o-Loewen-Apotheke-smal.jpg\",\"width\":298,\"height\":99,\"caption\":\"Lions Pharmacy\"},\"image\":{\"@id\":\"https:\/\/lions-pharmacy.com\/it#\/schema\/logo\/image\/\"}}]}<\/script>\n<!-- \/ Yoast SEO plugin. -->","yoast_head_json":{"title":"Horvi Serpalgin Fiale per bere (50 pezzi) &#187; Scopri di pi\u00f9","description":"Produttore: Horvi Enyzmed. Scopri di pi\u00f9 su Horvi Serpalgin Fiale per bere (50 pezzi). Offriamo: Spedizione internazionale veloce e acquisti online sicuri.","robots":{"index":"index","follow":"follow","max-snippet":"max-snippet:-1","max-image-preview":"max-image-preview:large","max-video-preview":"max-video-preview:-1"},"canonical":"https:\/\/lions-pharmacy.com\/it\/prodotto\/horvi-enzyme-serpalgin-drinking-ampoules-50-pcs","og_locale":"it_IT","og_type":"article","og_title":"Horvi Serpalgin Fiale per bere (50 pezzi) &#187; Scopri di pi\u00f9","og_description":"Produttore: Horvi Enyzmed. Scopri di pi\u00f9 su Horvi Serpalgin Fiale per bere (50 pezzi). Offriamo: Spedizione internazionale veloce e acquisti online sicuri.","og_url":"https:\/\/lions-pharmacy.com\/it\/prodotto\/horvi-enzyme-serpalgin-drinking-ampoules-50-pcs","og_site_name":"Lion Pharmacy","article_modified_time":"2025-03-20T15:09:21+00:00","og_image":[{"width":600,"height":600,"url":"https:\/\/lions-pharmacy.com\/wp-content\/uploads\/2025\/03\/Horvi-Enzym_Ampoules_Lions_Pharmacy.webp","type":"image\/webp"}],"twitter_card":"summary_large_image","twitter_misc":{"Tempo di lettura stimato":"1 minuto"},"schema":{"@context":"https:\/\/schema.org","@graph":[{"@type":"WebPage","@id":"https:\/\/lions-pharmacy.com\/it\/prodotto\/horvi-enzyme-serpalgin-drinking-ampoules-50-pcs","url":"https:\/\/lions-pharmacy.com\/it\/prodotto\/horvi-enzyme-serpalgin-drinking-ampoules-50-pcs","name":"Horvi Serpalgin Fiale per bere (50 pezzi) &#187; Scopri di pi\u00f9","isPartOf":{"@id":"https:\/\/lions-pharmacy.com\/it#website"},"primaryImageOfPage":{"@id":"https:\/\/lions-pharmacy.com\/it\/prodotto\/horvi-enzyme-serpalgin-drinking-ampoules-50-pcs#primaryimage"},"image":{"@id":"https:\/\/lions-pharmacy.com\/it\/prodotto\/horvi-enzyme-serpalgin-drinking-ampoules-50-pcs#primaryimage"},"thumbnailUrl":"https:\/\/lions-pharmacy.com\/wp-content\/uploads\/2025\/03\/Horvi-Enzym_Ampoules_Lions_Pharmacy.webp","datePublished":"2025-03-12T10:35:15+00:00","dateModified":"2025-03-20T15:09:21+00:00","description":"Produttore: Horvi Enyzmed. Scopri di pi\u00f9 su Horvi Serpalgin Fiale per bere (50 pezzi). Offriamo: Spedizione internazionale veloce e acquisti online sicuri.","breadcrumb":{"@id":"https:\/\/lions-pharmacy.com\/it\/prodotto\/horvi-enzyme-serpalgin-drinking-ampoules-50-pcs#breadcrumb"},"inLanguage":"it-IT","potentialAction":[{"@type":"ReadAction","target":["https:\/\/lions-pharmacy.com\/it\/prodotto\/horvi-enzyme-serpalgin-drinking-ampoules-50-pcs"]}]},{"@type":"ImageObject","inLanguage":"it-IT","@id":"https:\/\/lions-pharmacy.com\/it\/prodotto\/horvi-enzyme-serpalgin-drinking-ampoules-50-pcs#primaryimage","url":"https:\/\/lions-pharmacy.com\/wp-content\/uploads\/2025\/03\/Horvi-Enzym_Ampoules_Lions_Pharmacy.webp","contentUrl":"https:\/\/lions-pharmacy.com\/wp-content\/uploads\/2025\/03\/Horvi-Enzym_Ampoules_Lions_Pharmacy.webp","width":600,"height":600,"caption":"Horvi-Enzym Fiale Farmacia Lions"},{"@type":"BreadcrumbList","@id":"https:\/\/lions-pharmacy.com\/it\/prodotto\/horvi-enzyme-serpalgin-drinking-ampoules-50-pcs#breadcrumb","itemListElement":[{"@type":"ListItem","position":1,"name":"Home","item":"https:\/\/lions-pharmacy.com\/it\/homepage-lion-pharmacy"},{"@type":"ListItem","position":2,"name":"Shop","item":"https:\/\/lions-pharmacy.com\/it\/negozio"},{"@type":"ListItem","position":3,"name":"Horvi Serpalgin Fiale per bere (50 pezzi)"}]},{"@type":"WebSite","@id":"https:\/\/lions-pharmacy.com\/it#website","url":"https:\/\/lions-pharmacy.com\/it","name":"Lions Pharmacy","description":"Farmacia specializzata in naturopatia di Baden-Baden, Germania","publisher":{"@id":"https:\/\/lions-pharmacy.com\/it#organization"},"alternateName":"Lion Pharmacy","potentialAction":[{"@type":"SearchAction","target":{"@type":"EntryPoint","urlTemplate":"https:\/\/lions-pharmacy.com\/it?s={search_term_string}"},"query-input":{"@type":"PropertyValueSpecification","valueRequired":true,"valueName":"search_term_string"}}],"inLanguage":"it-IT"},{"@type":"Organization","@id":"https:\/\/lions-pharmacy.com\/it#organization","name":"Lions Pharmacy","alternateName":"Lions Pharmacy24","url":"https:\/\/lions-pharmacy.com\/it","logo":{"@type":"ImageObject","inLanguage":"it-IT","@id":"https:\/\/lions-pharmacy.com\/it#\/schema\/logo\/image\/","url":"https:\/\/lions-pharmacy.com\/wp-content\/uploads\/2022\/12\/Logo-Lion-Pharmacy-c-o-Loewen-Apotheke-smal.jpg","contentUrl":"https:\/\/lions-pharmacy.com\/wp-content\/uploads\/2022\/12\/Logo-Lion-Pharmacy-c-o-Loewen-Apotheke-smal.jpg","width":298,"height":99,"caption":"Lions Pharmacy"},"image":{"@id":"https:\/\/lions-pharmacy.com\/it#\/schema\/logo\/image\/"}}]}},"_links":{"self":[{"href":"https:\/\/lions-pharmacy.com\/it\/wp-json\/wp\/v2\/product\/9980","targetHints":{"allow":["GET"]}}],"collection":[{"href":"https:\/\/lions-pharmacy.com\/it\/wp-json\/wp\/v2\/product"}],"about":[{"href":"https:\/\/lions-pharmacy.com\/it\/wp-json\/wp\/v2\/types\/product"}],"replies":[{"embeddable":true,"href":"https:\/\/lions-pharmacy.com\/it\/wp-json\/wp\/v2\/comments?post=9980"}],"wp:featuredmedia":[{"embeddable":true,"href":"https:\/\/lions-pharmacy.com\/it\/wp-json\/wp\/v2\/media\/10108"}],"wp:attachment":[{"href":"https:\/\/lions-pharmacy.com\/it\/wp-json\/wp\/v2\/media?parent=9980"}],"wp:term":[{"taxonomy":"product_brand","embeddable":true,"href":"https:\/\/lions-pharmacy.com\/it\/wp-json\/wp\/v2\/product_brand?post=9980"},{"taxonomy":"product_cat","embeddable":true,"href":"https:\/\/lions-pharmacy.com\/it\/wp-json\/wp\/v2\/product_cat?post=9980"},{"taxonomy":"product_tag","embeddable":true,"href":"https:\/\/lions-pharmacy.com\/it\/wp-json\/wp\/v2\/product_tag?post=9980"}],"curies":[{"name":"wp","href":"https:\/\/api.w.org\/{rel}","templated":true}]}}