{"id":9231,"date":"2025-02-17T15:20:55","date_gmt":"2025-02-17T14:20:55","guid":{"rendered":"https:\/\/lions-pharmacy.com\/?post_type=product&#038;p=9231"},"modified":"2025-02-24T12:11:16","modified_gmt":"2025-02-24T11:11:16","slug":"zeel-ad-us-vet-tablets-500-pc-02858738","status":"publish","type":"product","link":"https:\/\/lions-pharmacy.com\/it\/prodotto\/zeel-ad-us-vet-tablets-500-pc-02858738","title":{"rendered":"Zeel ci annuncia. compresse per veterinari (500 pz)"},"content":{"rendered":"<h3>Zeel ci annuncia. compresse per veterinari<\/h3>\n<p>Zeel ci annuncia. Il veterinario aiuta a risolvere i problemi articolari di cani e gatti.<\/p>\n<p>Il movimento \u00e8 sinonimo di gioia di vivere! Questo vale sia per noi che per i nostri cani, non solo quando sono giovani. Spesso ci accorgiamo solo quando osserviamo da vicino che l&#8217;animale si muove meno o solo con cautela con l&#8217;avanzare dell&#8217;et\u00e0. Tuttavia, ci sono alcune cose che puoi fare per aiutare il tuo cane e mantenere la mobilit\u00e0 il pi\u00f9 a lungo possibile: ad esempio, assicurati che faccia esercizio fisico regolare e adeguato, ma evita le attivit\u00e0 che mettono a dura prova le articolazioni, come giri e salti veloci. Continua a muoverti, naturalmente &#8211; ci consiglia Zeel. veterinario.<\/p>\n<p>Foglio illustrativo\/istruzioni per l&#8217;uso\/scheda tecnica dell&#8217;articolo: \u2013 (lettore PDF)<\/p>\n<p>Altri prodotti di: <a href=\"https:\/\/lions-pharmacy.com\/product-tag\/veterinary-medicine\">Prodotti per la cura degli animali e veterinari<\/a> | <a href=\"https:\/\/lions-pharmacy.com\/product-tag\/vitamins-supplements\">Prodotti per vitamine e integratori<\/a><\/p>\n<p>Ulteriori dettagli sul prodotto sono disponibili presso il produttore: <a href=\"https:\/\/www.heel.de\/de\/produktsuche.html\" target=\"_blank\" rel=\"noopener\">Biologische <\/a><a href=\"https:\/\/www.heel.de\/de\/produktsuche.html\">Heilmittel<\/a> <a href=\"https:\/\/www.heel.de\/de\/produktsuche.html\" target=\"_blank\" rel=\"noopener\">Heel GmbH<\/a><\/p>\n<p>Le informazioni contenute in questo sito web sono fornite solo a scopo informativo. Non sostituiscono in alcun modo la visita e il trattamento da parte di un medico. Ci\u00f2 significa che non \u00e8 possibile n\u00e9 fare diagnosi n\u00e9 iniziare terapie.<\/p>\n<p>Per i rischi e gli effetti collaterali, leggere il foglio illustrativo e rivolgersi al medico o al farmacista.<\/p>\n<p>&nbsp;<\/p>\n<h3>Prescrizione | \u00c8 disponibile una prescrizione elettronica?<\/h3>\n<p>Invia subito la tua prescrizione elettronica. Usa la nostra app <a href=\"https:\/\/e-rezept-app.de\/shop-rezept\" target=\"_blank\" rel=\"noopener\">per la prescrizione elettronica<\/a> . E noi ti diamo le spese di spedizione gratis in Germania!<\/p>\n","protected":false},"excerpt":{"rendered":"<h2>Zeel ci annuncia. compresse per veterinari<\/h2>\n<p>per una migliore mobilit\u00e0 di cani e gatti.<\/p>\n<p>&nbsp;<\/p>\n<p><strong>PZN<\/strong>: 02858738<\/p>\n<p><strong>Forma di dosaggio<\/strong>: compresse<\/p>\n<p><strong>Confezione<\/strong>: 500 pezzi.<\/p>\n<p><strong>Tipo di prescrizione:<\/strong> senza prescrizione<\/p>\n<p><strong>Marchio<\/strong>: Zeel<\/p>\n<p><strong>Produttore<\/strong>: Biologische Heel, Germania<\/p>\n","protected":false},"featured_media":9236,"comment_status":"closed","ping_status":"closed","template":"","meta":[],"product_brand":[],"product_cat":[347,115],"product_tag":[604,231,307,480],"class_list":{"0":"post-9231","1":"product","2":"type-product","3":"status-publish","4":"has-post-thumbnail","6":"product_cat-heel","7":"product_cat-non-categorizzato","8":"product_tag-medicina-veterinaria","9":"product_tag-neydil-it","10":"product_tag-omeopatia","11":"product_tag-rimedi-naturali","12":"ts_product_brand-all-it","13":"ts_product_brand-heel-it","15":"first","16":"instock","17":"sale","18":"taxable","19":"shipping-taxable","20":"purchasable","21":"product-type-simple"},"yoast_head":"<!-- This site is optimized with the Yoast SEO plugin v26.5 - https:\/\/yoast.com\/wordpress\/plugins\/seo\/ -->\n<title>Zeel ci annuncia. compresse per veterinari (500 pz) &#187; qui su Lion Pharmacy<\/title>\n<meta name=\"description\" content=\"Scopri i prodotti veterinari e sanitari di alta qualit\u00e0 per cani, gatti, cavalli e animali domestici di Heel. Zeel ci annuncia. compresse per veterinari (500 pz)\" \/>\n<meta name=\"robots\" content=\"index, follow, max-snippet:-1, max-image-preview:large, max-video-preview:-1\" \/>\n<link rel=\"canonical\" href=\"https:\/\/lions-pharmacy.com\/it\/prodotto\/zeel-ad-us-vet-tablets-500-pc-02858738\" \/>\n<meta property=\"og:locale\" content=\"it_IT\" \/>\n<meta property=\"og:type\" content=\"article\" \/>\n<meta property=\"og:title\" content=\"Zeel ci annuncia. compresse per veterinari (500 pz) &#187; qui su Lion Pharmacy\" \/>\n<meta property=\"og:description\" content=\"Scopri i prodotti veterinari e sanitari di alta qualit\u00e0 per cani, gatti, cavalli e animali domestici di Heel. Zeel ci annuncia. compresse per veterinari (500 pz)\" \/>\n<meta property=\"og:url\" content=\"https:\/\/lions-pharmacy.com\/it\/prodotto\/zeel-ad-us-vet-tablets-500-pc-02858738\" \/>\n<meta property=\"og:site_name\" content=\"Lion Pharmacy\" \/>\n<meta property=\"article:modified_time\" content=\"2025-02-24T11:11:16+00:00\" \/>\n<meta property=\"og:image\" content=\"https:\/\/lions-pharmacy.com\/wp-content\/uploads\/2025\/02\/Zeel-ad-us.vet_.-Heel-500-pc-Lions-Pharmacy-PZN-02858738-.webp\" \/>\n\t<meta property=\"og:image:width\" content=\"600\" \/>\n\t<meta property=\"og:image:height\" content=\"600\" \/>\n\t<meta property=\"og:image:type\" content=\"image\/webp\" \/>\n<meta name=\"twitter:card\" content=\"summary_large_image\" \/>\n<meta name=\"twitter:label1\" content=\"Tempo di lettura stimato\" \/>\n\t<meta name=\"twitter:data1\" content=\"1 minuto\" \/>\n<script type=\"application\/ld+json\" class=\"yoast-schema-graph\">{\"@context\":\"https:\/\/schema.org\",\"@graph\":[{\"@type\":\"WebPage\",\"@id\":\"https:\/\/lions-pharmacy.com\/it\/prodotto\/zeel-ad-us-vet-tablets-500-pc-02858738\",\"url\":\"https:\/\/lions-pharmacy.com\/it\/prodotto\/zeel-ad-us-vet-tablets-500-pc-02858738\",\"name\":\"Zeel ci annuncia. compresse per veterinari (500 pz) &#187; qui su Lion Pharmacy\",\"isPartOf\":{\"@id\":\"https:\/\/lions-pharmacy.com\/it#website\"},\"primaryImageOfPage\":{\"@id\":\"https:\/\/lions-pharmacy.com\/it\/prodotto\/zeel-ad-us-vet-tablets-500-pc-02858738#primaryimage\"},\"image\":{\"@id\":\"https:\/\/lions-pharmacy.com\/it\/prodotto\/zeel-ad-us-vet-tablets-500-pc-02858738#primaryimage\"},\"thumbnailUrl\":\"https:\/\/lions-pharmacy.com\/wp-content\/uploads\/2025\/02\/Zeel-ad-us.vet_.-Heel-500-pc-Lions-Pharmacy-PZN-02858738-.webp\",\"datePublished\":\"2025-02-17T14:20:55+00:00\",\"dateModified\":\"2025-02-24T11:11:16+00:00\",\"description\":\"Scopri i prodotti veterinari e sanitari di alta qualit\u00e0 per cani, gatti, cavalli e animali domestici di Heel. Zeel ci annuncia. compresse per veterinari (500 pz)\",\"breadcrumb\":{\"@id\":\"https:\/\/lions-pharmacy.com\/it\/prodotto\/zeel-ad-us-vet-tablets-500-pc-02858738#breadcrumb\"},\"inLanguage\":\"it-IT\",\"potentialAction\":[{\"@type\":\"ReadAction\",\"target\":[\"https:\/\/lions-pharmacy.com\/it\/prodotto\/zeel-ad-us-vet-tablets-500-pc-02858738\"]}]},{\"@type\":\"ImageObject\",\"inLanguage\":\"it-IT\",\"@id\":\"https:\/\/lions-pharmacy.com\/it\/prodotto\/zeel-ad-us-vet-tablets-500-pc-02858738#primaryimage\",\"url\":\"https:\/\/lions-pharmacy.com\/wp-content\/uploads\/2025\/02\/Zeel-ad-us.vet_.-Heel-500-pc-Lions-Pharmacy-PZN-02858738-.webp\",\"contentUrl\":\"https:\/\/lions-pharmacy.com\/wp-content\/uploads\/2025\/02\/Zeel-ad-us.vet_.-Heel-500-pc-Lions-Pharmacy-PZN-02858738-.webp\",\"width\":600,\"height\":600,\"caption\":\"Zeel ad us.vet. compresse di Heel, , PZN 02858738, una scatola con 500 pezzi presentata da Lions Pharmacy\"},{\"@type\":\"BreadcrumbList\",\"@id\":\"https:\/\/lions-pharmacy.com\/it\/prodotto\/zeel-ad-us-vet-tablets-500-pc-02858738#breadcrumb\",\"itemListElement\":[{\"@type\":\"ListItem\",\"position\":1,\"name\":\"Home\",\"item\":\"https:\/\/lions-pharmacy.com\/it\/homepage-lion-pharmacy\"},{\"@type\":\"ListItem\",\"position\":2,\"name\":\"Shop\",\"item\":\"https:\/\/lions-pharmacy.com\/it\/negozio\"},{\"@type\":\"ListItem\",\"position\":3,\"name\":\"Zeel ci annuncia. compresse per veterinari (500 pz)\"}]},{\"@type\":\"WebSite\",\"@id\":\"https:\/\/lions-pharmacy.com\/it#website\",\"url\":\"https:\/\/lions-pharmacy.com\/it\",\"name\":\"Lions Pharmacy\",\"description\":\"Farmacia specializzata in naturopatia di Baden-Baden, Germania\",\"publisher\":{\"@id\":\"https:\/\/lions-pharmacy.com\/it#organization\"},\"alternateName\":\"Lion Pharmacy\",\"potentialAction\":[{\"@type\":\"SearchAction\",\"target\":{\"@type\":\"EntryPoint\",\"urlTemplate\":\"https:\/\/lions-pharmacy.com\/it?s={search_term_string}\"},\"query-input\":{\"@type\":\"PropertyValueSpecification\",\"valueRequired\":true,\"valueName\":\"search_term_string\"}}],\"inLanguage\":\"it-IT\"},{\"@type\":\"Organization\",\"@id\":\"https:\/\/lions-pharmacy.com\/it#organization\",\"name\":\"Lions Pharmacy\",\"alternateName\":\"Lions Pharmacy24\",\"url\":\"https:\/\/lions-pharmacy.com\/it\",\"logo\":{\"@type\":\"ImageObject\",\"inLanguage\":\"it-IT\",\"@id\":\"https:\/\/lions-pharmacy.com\/it#\/schema\/logo\/image\/\",\"url\":\"https:\/\/lions-pharmacy.com\/wp-content\/uploads\/2022\/12\/Logo-Lion-Pharmacy-c-o-Loewen-Apotheke-smal.jpg\",\"contentUrl\":\"https:\/\/lions-pharmacy.com\/wp-content\/uploads\/2022\/12\/Logo-Lion-Pharmacy-c-o-Loewen-Apotheke-smal.jpg\",\"width\":298,\"height\":99,\"caption\":\"Lions Pharmacy\"},\"image\":{\"@id\":\"https:\/\/lions-pharmacy.com\/it#\/schema\/logo\/image\/\"}}]}<\/script>\n<!-- \/ Yoast SEO plugin. -->","yoast_head_json":{"title":"Zeel ci annuncia. compresse per veterinari (500 pz) &#187; qui su Lion Pharmacy","description":"Scopri i prodotti veterinari e sanitari di alta qualit\u00e0 per cani, gatti, cavalli e animali domestici di Heel. Zeel ci annuncia. compresse per veterinari (500 pz)","robots":{"index":"index","follow":"follow","max-snippet":"max-snippet:-1","max-image-preview":"max-image-preview:large","max-video-preview":"max-video-preview:-1"},"canonical":"https:\/\/lions-pharmacy.com\/it\/prodotto\/zeel-ad-us-vet-tablets-500-pc-02858738","og_locale":"it_IT","og_type":"article","og_title":"Zeel ci annuncia. compresse per veterinari (500 pz) &#187; qui su Lion Pharmacy","og_description":"Scopri i prodotti veterinari e sanitari di alta qualit\u00e0 per cani, gatti, cavalli e animali domestici di Heel. Zeel ci annuncia. compresse per veterinari (500 pz)","og_url":"https:\/\/lions-pharmacy.com\/it\/prodotto\/zeel-ad-us-vet-tablets-500-pc-02858738","og_site_name":"Lion Pharmacy","article_modified_time":"2025-02-24T11:11:16+00:00","og_image":[{"width":600,"height":600,"url":"https:\/\/lions-pharmacy.com\/wp-content\/uploads\/2025\/02\/Zeel-ad-us.vet_.-Heel-500-pc-Lions-Pharmacy-PZN-02858738-.webp","type":"image\/webp"}],"twitter_card":"summary_large_image","twitter_misc":{"Tempo di lettura stimato":"1 minuto"},"schema":{"@context":"https:\/\/schema.org","@graph":[{"@type":"WebPage","@id":"https:\/\/lions-pharmacy.com\/it\/prodotto\/zeel-ad-us-vet-tablets-500-pc-02858738","url":"https:\/\/lions-pharmacy.com\/it\/prodotto\/zeel-ad-us-vet-tablets-500-pc-02858738","name":"Zeel ci annuncia. compresse per veterinari (500 pz) &#187; qui su Lion Pharmacy","isPartOf":{"@id":"https:\/\/lions-pharmacy.com\/it#website"},"primaryImageOfPage":{"@id":"https:\/\/lions-pharmacy.com\/it\/prodotto\/zeel-ad-us-vet-tablets-500-pc-02858738#primaryimage"},"image":{"@id":"https:\/\/lions-pharmacy.com\/it\/prodotto\/zeel-ad-us-vet-tablets-500-pc-02858738#primaryimage"},"thumbnailUrl":"https:\/\/lions-pharmacy.com\/wp-content\/uploads\/2025\/02\/Zeel-ad-us.vet_.-Heel-500-pc-Lions-Pharmacy-PZN-02858738-.webp","datePublished":"2025-02-17T14:20:55+00:00","dateModified":"2025-02-24T11:11:16+00:00","description":"Scopri i prodotti veterinari e sanitari di alta qualit\u00e0 per cani, gatti, cavalli e animali domestici di Heel. Zeel ci annuncia. compresse per veterinari (500 pz)","breadcrumb":{"@id":"https:\/\/lions-pharmacy.com\/it\/prodotto\/zeel-ad-us-vet-tablets-500-pc-02858738#breadcrumb"},"inLanguage":"it-IT","potentialAction":[{"@type":"ReadAction","target":["https:\/\/lions-pharmacy.com\/it\/prodotto\/zeel-ad-us-vet-tablets-500-pc-02858738"]}]},{"@type":"ImageObject","inLanguage":"it-IT","@id":"https:\/\/lions-pharmacy.com\/it\/prodotto\/zeel-ad-us-vet-tablets-500-pc-02858738#primaryimage","url":"https:\/\/lions-pharmacy.com\/wp-content\/uploads\/2025\/02\/Zeel-ad-us.vet_.-Heel-500-pc-Lions-Pharmacy-PZN-02858738-.webp","contentUrl":"https:\/\/lions-pharmacy.com\/wp-content\/uploads\/2025\/02\/Zeel-ad-us.vet_.-Heel-500-pc-Lions-Pharmacy-PZN-02858738-.webp","width":600,"height":600,"caption":"Zeel ad us.vet. compresse di Heel, , PZN 02858738, una scatola con 500 pezzi presentata da Lions Pharmacy"},{"@type":"BreadcrumbList","@id":"https:\/\/lions-pharmacy.com\/it\/prodotto\/zeel-ad-us-vet-tablets-500-pc-02858738#breadcrumb","itemListElement":[{"@type":"ListItem","position":1,"name":"Home","item":"https:\/\/lions-pharmacy.com\/it\/homepage-lion-pharmacy"},{"@type":"ListItem","position":2,"name":"Shop","item":"https:\/\/lions-pharmacy.com\/it\/negozio"},{"@type":"ListItem","position":3,"name":"Zeel ci annuncia. compresse per veterinari (500 pz)"}]},{"@type":"WebSite","@id":"https:\/\/lions-pharmacy.com\/it#website","url":"https:\/\/lions-pharmacy.com\/it","name":"Lions Pharmacy","description":"Farmacia specializzata in naturopatia di Baden-Baden, Germania","publisher":{"@id":"https:\/\/lions-pharmacy.com\/it#organization"},"alternateName":"Lion Pharmacy","potentialAction":[{"@type":"SearchAction","target":{"@type":"EntryPoint","urlTemplate":"https:\/\/lions-pharmacy.com\/it?s={search_term_string}"},"query-input":{"@type":"PropertyValueSpecification","valueRequired":true,"valueName":"search_term_string"}}],"inLanguage":"it-IT"},{"@type":"Organization","@id":"https:\/\/lions-pharmacy.com\/it#organization","name":"Lions Pharmacy","alternateName":"Lions Pharmacy24","url":"https:\/\/lions-pharmacy.com\/it","logo":{"@type":"ImageObject","inLanguage":"it-IT","@id":"https:\/\/lions-pharmacy.com\/it#\/schema\/logo\/image\/","url":"https:\/\/lions-pharmacy.com\/wp-content\/uploads\/2022\/12\/Logo-Lion-Pharmacy-c-o-Loewen-Apotheke-smal.jpg","contentUrl":"https:\/\/lions-pharmacy.com\/wp-content\/uploads\/2022\/12\/Logo-Lion-Pharmacy-c-o-Loewen-Apotheke-smal.jpg","width":298,"height":99,"caption":"Lions Pharmacy"},"image":{"@id":"https:\/\/lions-pharmacy.com\/it#\/schema\/logo\/image\/"}}]}},"_links":{"self":[{"href":"https:\/\/lions-pharmacy.com\/it\/wp-json\/wp\/v2\/product\/9231","targetHints":{"allow":["GET"]}}],"collection":[{"href":"https:\/\/lions-pharmacy.com\/it\/wp-json\/wp\/v2\/product"}],"about":[{"href":"https:\/\/lions-pharmacy.com\/it\/wp-json\/wp\/v2\/types\/product"}],"replies":[{"embeddable":true,"href":"https:\/\/lions-pharmacy.com\/it\/wp-json\/wp\/v2\/comments?post=9231"}],"wp:featuredmedia":[{"embeddable":true,"href":"https:\/\/lions-pharmacy.com\/it\/wp-json\/wp\/v2\/media\/9236"}],"wp:attachment":[{"href":"https:\/\/lions-pharmacy.com\/it\/wp-json\/wp\/v2\/media?parent=9231"}],"wp:term":[{"taxonomy":"product_brand","embeddable":true,"href":"https:\/\/lions-pharmacy.com\/it\/wp-json\/wp\/v2\/product_brand?post=9231"},{"taxonomy":"product_cat","embeddable":true,"href":"https:\/\/lions-pharmacy.com\/it\/wp-json\/wp\/v2\/product_cat?post=9231"},{"taxonomy":"product_tag","embeddable":true,"href":"https:\/\/lions-pharmacy.com\/it\/wp-json\/wp\/v2\/product_tag?post=9231"}],"curies":[{"name":"wp","href":"https:\/\/api.w.org\/{rel}","templated":true}]}}