{"id":9215,"date":"2025-02-17T14:43:24","date_gmt":"2025-02-17T13:43:24","guid":{"rendered":"https:\/\/lions-pharmacy.com\/?post_type=product&#038;p=9215"},"modified":"2026-01-08T09:51:08","modified_gmt":"2026-01-08T08:51:08","slug":"traumeel-t-ad-us-vet-tablets-250-pc-04055630","status":"publish","type":"product","link":"https:\/\/lions-pharmacy.com\/it\/prodotto\/traumeel-t-ad-us-vet-tablets-250-pc-04055630","title":{"rendered":"Traumeel T ad us. veterinario. compresse (250 pz)"},"content":{"rendered":"<h3>Traumeel T ad us. veterinario. compresse, 250 pezzi<\/h3>\n<p>Traumeel T ad us. veterinario. compresse per una migliore guarigione delle ferite e per i problemi articolari e di mobilit\u00e0.<\/p>\n<p>La medicina veterinaria naturale per cani e gatti supporta i processi di guarigione dell&#8217;organismo. Ben tollerato e con pochi effetti collaterali &#8211; nessuna interazione nota. Pu\u00f2 essere combinato con altri farmaci<\/p>\n<p>Prodotto in Germania.<\/p>\n<p>Foglio illustrativo\/istruzioni per l&#8217;uso\/scheda tecnica articolo: &#8211; (lettore PDF)<\/p>\n<p>Altri prodotti di: <a href=\"https:\/\/lions-pharmacy.com\/it\/tag-prodotto\/medicina-veterinaria\">Prodotti per la cura degli animali e veterinari<\/a> | <a href=\"https:\/\/lions-pharmacy.com\/it\/tag-prodotto\/vitamine-e-integratori\">Prodotti per vitamine e integratori<\/a><\/p>\n<p>Ulteriori dettagli sul prodotto sono disponibili presso il produttore: <a href=\"https:\/\/www.heel.de\/de\/produktsuche.html\" target=\"_blank\" rel=\"noopener\">Biologische <\/a><a href=\"https:\/\/www.heel.de\/de\/produktsuche.html\">Heilmittel<\/a> <a href=\"https:\/\/www.heel.de\/de\/produktsuche.html\" target=\"_blank\" rel=\"noopener\">Heel GmbH<\/a><\/p>\n<p>Le informazioni contenute in questo sito web sono fornite solo a scopo informativo. Non sostituiscono in alcun modo la visita e il trattamento da parte di un medico. Ci\u00f2 significa che non \u00e8 possibile n\u00e9 fare diagnosi n\u00e9 iniziare terapie.<\/p>\n<p>Per i rischi e gli effetti collaterali, leggere il foglio illustrativo e rivolgersi al medico o al farmacista.<\/p>\n<p>&nbsp;<\/p>\n<h3>Prescrizione | \u00c8 disponibile una prescrizione elettronica?<\/h3>\n<p>Invia subito la tua prescrizione elettronica. Usa la nostra app <a href=\"https:\/\/e-rezept-app.de\/shop-rezept\" target=\"_blank\" rel=\"noopener\">per la prescrizione elettronica<\/a> . E noi ti diamo le spese di spedizione gratis in Germania!<\/p>\n","protected":false},"excerpt":{"rendered":"<h2>Traumeel T ad us. veterinario. compresse<\/h2>\n<p>Traumeel T ad us. veterinario. compresse, 250 pz per una migliore guarigione delle ferite e per i problemi articolari e di mobilit\u00e0.<\/p>\n<p>&nbsp;<\/p>\n<p><strong>PZN<\/strong>: 04055630<\/p>\n<p><strong>Forma di dosaggio<\/strong>: compresse<\/p>\n<p><strong>Confezione<\/strong>: 250 pezzi.<\/p>\n<p><strong>Tipo di prescrizione:<\/strong> senza ricetta<\/p>\n<p><strong>Marchio<\/strong>: Traumeel<\/p>\n<p><strong>Produttore<\/strong>: Biologische Heel, Germania<\/p>\n","protected":false},"featured_media":9224,"comment_status":"closed","ping_status":"closed","template":"","meta":[],"product_brand":[],"product_cat":[347,115],"product_tag":[604,231,307,480,268],"class_list":{"0":"post-9215","1":"product","2":"type-product","3":"status-publish","4":"has-post-thumbnail","6":"product_cat-heel","7":"product_cat-non-categorizzato","8":"product_tag-medicina-veterinaria","9":"product_tag-neydil-it","10":"product_tag-omeopatia","11":"product_tag-rimedi-naturali","12":"product_tag-vitamine-e-integratori","13":"ts_product_brand-all-it","14":"ts_product_brand-heel-it","16":"first","17":"instock","18":"taxable","19":"shipping-taxable","20":"purchasable","21":"product-type-simple"},"yoast_head":"<!-- This site is optimized with the Yoast SEO plugin v26.5 - https:\/\/yoast.com\/wordpress\/plugins\/seo\/ -->\n<title>Traumeel T ad us. veterinario. compresse (250 pz) &#187; Scopri su Lion Pharmacy<\/title>\n<meta name=\"description\" content=\"Visita il nostro sito per i prodotti di medicina veterinaria e salute Heel. Traumeel T ad us. veterinario. compresse (250 pz) . Ideale per cani, gatti, cavalli e animali domestici.\" \/>\n<meta name=\"robots\" content=\"index, follow, max-snippet:-1, max-image-preview:large, max-video-preview:-1\" \/>\n<link rel=\"canonical\" href=\"https:\/\/lions-pharmacy.com\/it\/prodotto\/traumeel-t-ad-us-vet-tablets-250-pc-04055630\" \/>\n<meta property=\"og:locale\" content=\"it_IT\" \/>\n<meta property=\"og:type\" content=\"article\" \/>\n<meta property=\"og:title\" content=\"Traumeel T ad us. veterinario. compresse (250 pz) &#187; Scopri su Lion Pharmacy\" \/>\n<meta property=\"og:description\" content=\"Visita il nostro sito per i prodotti di medicina veterinaria e salute Heel. Traumeel T ad us. veterinario. compresse (250 pz) . Ideale per cani, gatti, cavalli e animali domestici.\" \/>\n<meta property=\"og:url\" content=\"https:\/\/lions-pharmacy.com\/it\/prodotto\/traumeel-t-ad-us-vet-tablets-250-pc-04055630\" \/>\n<meta property=\"og:site_name\" content=\"Lion Pharmacy\" \/>\n<meta property=\"article:modified_time\" content=\"2026-01-08T08:51:08+00:00\" \/>\n<meta property=\"og:image\" content=\"https:\/\/lions-pharmacy.com\/wp-content\/uploads\/2025\/02\/Traumeel-T-Heel-250-pc.-PZN-.webp\" \/>\n\t<meta property=\"og:image:width\" content=\"600\" \/>\n\t<meta property=\"og:image:height\" content=\"600\" \/>\n\t<meta property=\"og:image:type\" content=\"image\/webp\" \/>\n<meta name=\"twitter:card\" content=\"summary_large_image\" \/>\n<meta name=\"twitter:label1\" content=\"Tempo di lettura stimato\" \/>\n\t<meta name=\"twitter:data1\" content=\"1 minuto\" \/>\n<script type=\"application\/ld+json\" class=\"yoast-schema-graph\">{\"@context\":\"https:\/\/schema.org\",\"@graph\":[{\"@type\":\"WebPage\",\"@id\":\"https:\/\/lions-pharmacy.com\/it\/prodotto\/traumeel-t-ad-us-vet-tablets-250-pc-04055630\",\"url\":\"https:\/\/lions-pharmacy.com\/it\/prodotto\/traumeel-t-ad-us-vet-tablets-250-pc-04055630\",\"name\":\"Traumeel T ad us. veterinario. compresse (250 pz) &#187; Scopri su Lion Pharmacy\",\"isPartOf\":{\"@id\":\"https:\/\/lions-pharmacy.com\/it#website\"},\"primaryImageOfPage\":{\"@id\":\"https:\/\/lions-pharmacy.com\/it\/prodotto\/traumeel-t-ad-us-vet-tablets-250-pc-04055630#primaryimage\"},\"image\":{\"@id\":\"https:\/\/lions-pharmacy.com\/it\/prodotto\/traumeel-t-ad-us-vet-tablets-250-pc-04055630#primaryimage\"},\"thumbnailUrl\":\"https:\/\/lions-pharmacy.com\/wp-content\/uploads\/2025\/02\/Traumeel-T-Heel-250-pc.-PZN-.webp\",\"datePublished\":\"2025-02-17T13:43:24+00:00\",\"dateModified\":\"2026-01-08T08:51:08+00:00\",\"description\":\"Visita il nostro sito per i prodotti di medicina veterinaria e salute Heel. Traumeel T ad us. veterinario. compresse (250 pz) . Ideale per cani, gatti, cavalli e animali domestici.\",\"breadcrumb\":{\"@id\":\"https:\/\/lions-pharmacy.com\/it\/prodotto\/traumeel-t-ad-us-vet-tablets-250-pc-04055630#breadcrumb\"},\"inLanguage\":\"it-IT\",\"potentialAction\":[{\"@type\":\"ReadAction\",\"target\":[\"https:\/\/lions-pharmacy.com\/it\/prodotto\/traumeel-t-ad-us-vet-tablets-250-pc-04055630\"]}]},{\"@type\":\"ImageObject\",\"inLanguage\":\"it-IT\",\"@id\":\"https:\/\/lions-pharmacy.com\/it\/prodotto\/traumeel-t-ad-us-vet-tablets-250-pc-04055630#primaryimage\",\"url\":\"https:\/\/lions-pharmacy.com\/wp-content\/uploads\/2025\/02\/Traumeel-T-Heel-250-pc.-PZN-.webp\",\"contentUrl\":\"https:\/\/lions-pharmacy.com\/wp-content\/uploads\/2025\/02\/Traumeel-T-Heel-250-pc.-PZN-.webp\",\"width\":600,\"height\":600,\"caption\":\"Traumeel T compresse da Heel, una scatola contiene 250 pezzi, PZN 04055630, Farmacia Lions\"},{\"@type\":\"BreadcrumbList\",\"@id\":\"https:\/\/lions-pharmacy.com\/it\/prodotto\/traumeel-t-ad-us-vet-tablets-250-pc-04055630#breadcrumb\",\"itemListElement\":[{\"@type\":\"ListItem\",\"position\":1,\"name\":\"Home\",\"item\":\"https:\/\/lions-pharmacy.com\/it\/homepage-lion-pharmacy\"},{\"@type\":\"ListItem\",\"position\":2,\"name\":\"Shop\",\"item\":\"https:\/\/lions-pharmacy.com\/it\/negozio\"},{\"@type\":\"ListItem\",\"position\":3,\"name\":\"Traumeel T ad us. veterinario. compresse (250 pz)\"}]},{\"@type\":\"WebSite\",\"@id\":\"https:\/\/lions-pharmacy.com\/it#website\",\"url\":\"https:\/\/lions-pharmacy.com\/it\",\"name\":\"Lions Pharmacy\",\"description\":\"Farmacia specializzata in naturopatia di Baden-Baden, Germania\",\"publisher\":{\"@id\":\"https:\/\/lions-pharmacy.com\/it#organization\"},\"alternateName\":\"Lion Pharmacy\",\"potentialAction\":[{\"@type\":\"SearchAction\",\"target\":{\"@type\":\"EntryPoint\",\"urlTemplate\":\"https:\/\/lions-pharmacy.com\/it?s={search_term_string}\"},\"query-input\":{\"@type\":\"PropertyValueSpecification\",\"valueRequired\":true,\"valueName\":\"search_term_string\"}}],\"inLanguage\":\"it-IT\"},{\"@type\":\"Organization\",\"@id\":\"https:\/\/lions-pharmacy.com\/it#organization\",\"name\":\"Lions Pharmacy\",\"alternateName\":\"Lions Pharmacy24\",\"url\":\"https:\/\/lions-pharmacy.com\/it\",\"logo\":{\"@type\":\"ImageObject\",\"inLanguage\":\"it-IT\",\"@id\":\"https:\/\/lions-pharmacy.com\/it#\/schema\/logo\/image\/\",\"url\":\"https:\/\/lions-pharmacy.com\/wp-content\/uploads\/2022\/12\/Logo-Lion-Pharmacy-c-o-Loewen-Apotheke-smal.jpg\",\"contentUrl\":\"https:\/\/lions-pharmacy.com\/wp-content\/uploads\/2022\/12\/Logo-Lion-Pharmacy-c-o-Loewen-Apotheke-smal.jpg\",\"width\":298,\"height\":99,\"caption\":\"Lions Pharmacy\"},\"image\":{\"@id\":\"https:\/\/lions-pharmacy.com\/it#\/schema\/logo\/image\/\"}}]}<\/script>\n<!-- \/ Yoast SEO plugin. -->","yoast_head_json":{"title":"Traumeel T ad us. veterinario. compresse (250 pz) &#187; Scopri su Lion Pharmacy","description":"Visita il nostro sito per i prodotti di medicina veterinaria e salute Heel. Traumeel T ad us. veterinario. compresse (250 pz) . Ideale per cani, gatti, cavalli e animali domestici.","robots":{"index":"index","follow":"follow","max-snippet":"max-snippet:-1","max-image-preview":"max-image-preview:large","max-video-preview":"max-video-preview:-1"},"canonical":"https:\/\/lions-pharmacy.com\/it\/prodotto\/traumeel-t-ad-us-vet-tablets-250-pc-04055630","og_locale":"it_IT","og_type":"article","og_title":"Traumeel T ad us. veterinario. compresse (250 pz) &#187; Scopri su Lion Pharmacy","og_description":"Visita il nostro sito per i prodotti di medicina veterinaria e salute Heel. Traumeel T ad us. veterinario. compresse (250 pz) . Ideale per cani, gatti, cavalli e animali domestici.","og_url":"https:\/\/lions-pharmacy.com\/it\/prodotto\/traumeel-t-ad-us-vet-tablets-250-pc-04055630","og_site_name":"Lion Pharmacy","article_modified_time":"2026-01-08T08:51:08+00:00","og_image":[{"width":600,"height":600,"url":"https:\/\/lions-pharmacy.com\/wp-content\/uploads\/2025\/02\/Traumeel-T-Heel-250-pc.-PZN-.webp","type":"image\/webp"}],"twitter_card":"summary_large_image","twitter_misc":{"Tempo di lettura stimato":"1 minuto"},"schema":{"@context":"https:\/\/schema.org","@graph":[{"@type":"WebPage","@id":"https:\/\/lions-pharmacy.com\/it\/prodotto\/traumeel-t-ad-us-vet-tablets-250-pc-04055630","url":"https:\/\/lions-pharmacy.com\/it\/prodotto\/traumeel-t-ad-us-vet-tablets-250-pc-04055630","name":"Traumeel T ad us. veterinario. compresse (250 pz) &#187; Scopri su Lion Pharmacy","isPartOf":{"@id":"https:\/\/lions-pharmacy.com\/it#website"},"primaryImageOfPage":{"@id":"https:\/\/lions-pharmacy.com\/it\/prodotto\/traumeel-t-ad-us-vet-tablets-250-pc-04055630#primaryimage"},"image":{"@id":"https:\/\/lions-pharmacy.com\/it\/prodotto\/traumeel-t-ad-us-vet-tablets-250-pc-04055630#primaryimage"},"thumbnailUrl":"https:\/\/lions-pharmacy.com\/wp-content\/uploads\/2025\/02\/Traumeel-T-Heel-250-pc.-PZN-.webp","datePublished":"2025-02-17T13:43:24+00:00","dateModified":"2026-01-08T08:51:08+00:00","description":"Visita il nostro sito per i prodotti di medicina veterinaria e salute Heel. Traumeel T ad us. veterinario. compresse (250 pz) . Ideale per cani, gatti, cavalli e animali domestici.","breadcrumb":{"@id":"https:\/\/lions-pharmacy.com\/it\/prodotto\/traumeel-t-ad-us-vet-tablets-250-pc-04055630#breadcrumb"},"inLanguage":"it-IT","potentialAction":[{"@type":"ReadAction","target":["https:\/\/lions-pharmacy.com\/it\/prodotto\/traumeel-t-ad-us-vet-tablets-250-pc-04055630"]}]},{"@type":"ImageObject","inLanguage":"it-IT","@id":"https:\/\/lions-pharmacy.com\/it\/prodotto\/traumeel-t-ad-us-vet-tablets-250-pc-04055630#primaryimage","url":"https:\/\/lions-pharmacy.com\/wp-content\/uploads\/2025\/02\/Traumeel-T-Heel-250-pc.-PZN-.webp","contentUrl":"https:\/\/lions-pharmacy.com\/wp-content\/uploads\/2025\/02\/Traumeel-T-Heel-250-pc.-PZN-.webp","width":600,"height":600,"caption":"Traumeel T compresse da Heel, una scatola contiene 250 pezzi, PZN 04055630, Farmacia Lions"},{"@type":"BreadcrumbList","@id":"https:\/\/lions-pharmacy.com\/it\/prodotto\/traumeel-t-ad-us-vet-tablets-250-pc-04055630#breadcrumb","itemListElement":[{"@type":"ListItem","position":1,"name":"Home","item":"https:\/\/lions-pharmacy.com\/it\/homepage-lion-pharmacy"},{"@type":"ListItem","position":2,"name":"Shop","item":"https:\/\/lions-pharmacy.com\/it\/negozio"},{"@type":"ListItem","position":3,"name":"Traumeel T ad us. veterinario. compresse (250 pz)"}]},{"@type":"WebSite","@id":"https:\/\/lions-pharmacy.com\/it#website","url":"https:\/\/lions-pharmacy.com\/it","name":"Lions Pharmacy","description":"Farmacia specializzata in naturopatia di Baden-Baden, Germania","publisher":{"@id":"https:\/\/lions-pharmacy.com\/it#organization"},"alternateName":"Lion Pharmacy","potentialAction":[{"@type":"SearchAction","target":{"@type":"EntryPoint","urlTemplate":"https:\/\/lions-pharmacy.com\/it?s={search_term_string}"},"query-input":{"@type":"PropertyValueSpecification","valueRequired":true,"valueName":"search_term_string"}}],"inLanguage":"it-IT"},{"@type":"Organization","@id":"https:\/\/lions-pharmacy.com\/it#organization","name":"Lions Pharmacy","alternateName":"Lions Pharmacy24","url":"https:\/\/lions-pharmacy.com\/it","logo":{"@type":"ImageObject","inLanguage":"it-IT","@id":"https:\/\/lions-pharmacy.com\/it#\/schema\/logo\/image\/","url":"https:\/\/lions-pharmacy.com\/wp-content\/uploads\/2022\/12\/Logo-Lion-Pharmacy-c-o-Loewen-Apotheke-smal.jpg","contentUrl":"https:\/\/lions-pharmacy.com\/wp-content\/uploads\/2022\/12\/Logo-Lion-Pharmacy-c-o-Loewen-Apotheke-smal.jpg","width":298,"height":99,"caption":"Lions Pharmacy"},"image":{"@id":"https:\/\/lions-pharmacy.com\/it#\/schema\/logo\/image\/"}}]}},"_links":{"self":[{"href":"https:\/\/lions-pharmacy.com\/it\/wp-json\/wp\/v2\/product\/9215","targetHints":{"allow":["GET"]}}],"collection":[{"href":"https:\/\/lions-pharmacy.com\/it\/wp-json\/wp\/v2\/product"}],"about":[{"href":"https:\/\/lions-pharmacy.com\/it\/wp-json\/wp\/v2\/types\/product"}],"replies":[{"embeddable":true,"href":"https:\/\/lions-pharmacy.com\/it\/wp-json\/wp\/v2\/comments?post=9215"}],"wp:featuredmedia":[{"embeddable":true,"href":"https:\/\/lions-pharmacy.com\/it\/wp-json\/wp\/v2\/media\/9224"}],"wp:attachment":[{"href":"https:\/\/lions-pharmacy.com\/it\/wp-json\/wp\/v2\/media?parent=9215"}],"wp:term":[{"taxonomy":"product_brand","embeddable":true,"href":"https:\/\/lions-pharmacy.com\/it\/wp-json\/wp\/v2\/product_brand?post=9215"},{"taxonomy":"product_cat","embeddable":true,"href":"https:\/\/lions-pharmacy.com\/it\/wp-json\/wp\/v2\/product_cat?post=9215"},{"taxonomy":"product_tag","embeddable":true,"href":"https:\/\/lions-pharmacy.com\/it\/wp-json\/wp\/v2\/product_tag?post=9215"}],"curies":[{"name":"wp","href":"https:\/\/api.w.org\/{rel}","templated":true}]}}