{"id":9152,"date":"2025-02-15T06:20:58","date_gmt":"2025-02-15T05:20:58","guid":{"rendered":"https:\/\/lions-pharmacy.com\/?post_type=product&#038;p=9152"},"modified":"2025-02-15T09:12:59","modified_gmt":"2025-02-15T08:12:59","slug":"notakehl-d6-ampoules-10x-1ml","status":"publish","type":"product","link":"https:\/\/lions-pharmacy.com\/it\/prodotto\/notakehl-d6-ampoules-10x-1ml","title":{"rendered":"NOTAKEHL D6 Fiale (10x 1ml)"},"content":{"rendered":"<h3>NOTAKEHL D6 Fiale<\/h3>\n<p>NOTAKEHL D 6 fiale nel corpo \u00e8 un medicinale omeopatico per promuovere l&#8217;equilibrio microbico nel corpo (terapia SANUM). Una diluizione liquida da iniettare nelle infezioni batteriche e nelle infiammazioni.<\/p>\n<p>Il produttore SANUM-KEHLBECK GmbH &amp; Co. KG puoi trovare ulteriori informazioni sul prodotto NOTAKEHL D 6 fiale. Indirizzo del fornitore\/produttore SANUM-KEHLBECK GmbH &amp; Co. KG Hasseler Steinweg 9, 27318 Hoya, Germania.<\/p>\n<p>La terapia SANUM ha un effetto regolatore sull&#8217;equilibrio microbico dell&#8217;organismo grazie al potere dei microrganismi naturali per trattare malattie acute e croniche. Le aree di applicazione dei farmaci SANUM sono molto varie. Vengono utilizzati per le malattie acute e croniche del sistema cardiovascolare, per le malattie degenerative del tessuto connettivo e di sostegno e per le malattie infettive batteriche, virali e fungine.<\/p>\n<p>Foglio illustrativo\/istruzioni per l&#8217;uso\/scheda tecnica articolo: &#8211; (lettore PDF)<\/p>\n<p>Altri prodotti per l&#8217;applicazione: <a href=\"https:\/\/lions-pharmacy.com\/product-tag\/homeopathy\" rel=\"tag\">Omeopatia<\/a> | <a href=\"https:\/\/lions-pharmacy.com\/product-tag\/virus-infection\" rel=\"tag\">Infezione da virus<\/a> | <a href=\"https:\/\/lions-pharmacy.com\/product-tag\/vitamins-supplements\">Vitamine e integratori Prodotti<\/a><\/p>\n<p>Per saperne di pi\u00f9 sul produttore e su questo prodotto: <a href=\"https:\/\/sanum.com\/\" target=\"_blank\" rel=\"noopener\">SANUM-Kelbeck<\/a> (link a sito esterno)<\/p>\n<p>Le informazioni contenute in questo sito web sono fornite solo a scopo informativo. Non sostituiscono in alcun modo la visita e il trattamento da parte di un medico. Ci\u00f2 significa che non \u00e8 possibile n\u00e9 fare diagnosi n\u00e9 iniziare terapie.<\/p>\n<p>Per i rischi e gli effetti collaterali, leggere il foglio illustrativo e rivolgersi al medico o al farmacista.<\/p>\n<p>&nbsp;<\/p>\n<h3>Prescrizione | \u00c8 disponibile una prescrizione elettronica?<\/h3>\n<p>Invia subito la tua prescrizione elettronica. Usa la nostra app <a href=\"https:\/\/e-rezept-app.de\/shop-rezept\" target=\"_blank\" rel=\"noopener\">per la prescrizione elettronica<\/a> . E noi ti diamo le spese di spedizione gratis in Germania!<\/p>\n","protected":false},"excerpt":{"rendered":"<h2>NOTAKEHL D6 Fiale<\/h2>\n<p>Farmaci per promuovere l&#8217;equilibrio microbico dell&#8217;organismo.<\/p>\n<p>&nbsp;<\/p>\n<p><strong>PZN<\/strong>: 03207061<\/p>\n<p><strong>Forma di dosaggio<\/strong>: Fiale<\/p>\n<p><strong>Confezione<\/strong>: 10x 1 ml<\/p>\n<p><strong>Tipo di prescrizione: senza prescrizione<\/strong><\/p>\n<p><strong>Marchio<\/strong>: SANUM<\/p>\n<p><strong>Produttore<\/strong>: SANUM-Kehlbeck GmbH, Germania<\/p>\n","protected":false},"featured_media":9157,"comment_status":"closed","ping_status":"closed","template":"","meta":[],"product_brand":[],"product_cat":[115],"product_tag":[270,269,307,271,482,480,268],"class_list":{"0":"post-9152","1":"product","2":"type-product","3":"status-publish","4":"has-post-thumbnail","6":"product_cat-non-categorizzato","7":"product_tag-benessere","8":"product_tag-gestione-del-peso","9":"product_tag-omeopatia","10":"product_tag-peso-e-forma-fisica","11":"product_tag-principio-attivo-a-base-di-erbe","12":"product_tag-rimedi-naturali","13":"product_tag-vitamine-e-integratori","14":"ts_product_brand-all-it","15":"ts_product_brand-sanum-kehlbeck-it","17":"first","18":"outofstock","19":"sale","20":"taxable","21":"shipping-taxable","22":"purchasable","23":"product-type-simple"},"yoast_head":"<!-- This site is optimized with the Yoast SEO plugin v26.5 - https:\/\/yoast.com\/wordpress\/plugins\/seo\/ -->\n<title>NOTAKEHL D6 Fiale (10x 1ml) &#187; Scopri di pi\u00f9<\/title>\n<meta name=\"description\" content=\"Farmacia online tedesca registrata. Offriamo: spedizioni veloci in tutto il mondo e un servizio eccellente. NOTAKEHL D6 Fiale (10x 1ml) da SANUM-Kehlbeck. Terapia SANUM.\" \/>\n<meta name=\"robots\" content=\"index, follow, max-snippet:-1, max-image-preview:large, max-video-preview:-1\" \/>\n<link rel=\"canonical\" href=\"https:\/\/lions-pharmacy.com\/it\/prodotto\/notakehl-d6-ampoules-10x-1ml\" \/>\n<meta property=\"og:locale\" content=\"it_IT\" \/>\n<meta property=\"og:type\" content=\"article\" \/>\n<meta property=\"og:title\" content=\"NOTAKEHL D6 Fiale (10x 1ml) &#187; Scopri di pi\u00f9\" \/>\n<meta property=\"og:description\" content=\"Farmacia online tedesca registrata. Offriamo: spedizioni veloci in tutto il mondo e un servizio eccellente. NOTAKEHL D6 Fiale (10x 1ml) da SANUM-Kehlbeck. Terapia SANUM.\" \/>\n<meta property=\"og:url\" content=\"https:\/\/lions-pharmacy.com\/it\/prodotto\/notakehl-d6-ampoules-10x-1ml\" \/>\n<meta property=\"og:site_name\" content=\"Lion Pharmacy\" \/>\n<meta property=\"article:modified_time\" content=\"2025-02-15T08:12:59+00:00\" \/>\n<meta property=\"og:image\" content=\"https:\/\/lions-pharmacy.com\/wp-content\/uploads\/2025\/02\/Packung-NOTAKEHL-D6-Ampoules-10X1-ml-SANUM-KEHLBECK-GmbH-Co.-KG-PZN-03207061.webp\" \/>\n\t<meta property=\"og:image:width\" content=\"600\" \/>\n\t<meta property=\"og:image:height\" content=\"600\" \/>\n\t<meta property=\"og:image:type\" content=\"image\/webp\" \/>\n<meta name=\"twitter:card\" content=\"summary_large_image\" \/>\n<meta name=\"twitter:label1\" content=\"Tempo di lettura stimato\" \/>\n\t<meta name=\"twitter:data1\" content=\"1 minuto\" \/>\n<script type=\"application\/ld+json\" class=\"yoast-schema-graph\">{\"@context\":\"https:\/\/schema.org\",\"@graph\":[{\"@type\":\"WebPage\",\"@id\":\"https:\/\/lions-pharmacy.com\/it\/prodotto\/notakehl-d6-ampoules-10x-1ml\",\"url\":\"https:\/\/lions-pharmacy.com\/it\/prodotto\/notakehl-d6-ampoules-10x-1ml\",\"name\":\"NOTAKEHL D6 Fiale (10x 1ml) &#187; Scopri di pi\u00f9\",\"isPartOf\":{\"@id\":\"https:\/\/lions-pharmacy.com\/it#website\"},\"primaryImageOfPage\":{\"@id\":\"https:\/\/lions-pharmacy.com\/it\/prodotto\/notakehl-d6-ampoules-10x-1ml#primaryimage\"},\"image\":{\"@id\":\"https:\/\/lions-pharmacy.com\/it\/prodotto\/notakehl-d6-ampoules-10x-1ml#primaryimage\"},\"thumbnailUrl\":\"https:\/\/lions-pharmacy.com\/wp-content\/uploads\/2025\/02\/Packung-NOTAKEHL-D6-Ampoules-10X1-ml-SANUM-KEHLBECK-GmbH-Co.-KG-PZN-03207061.webp\",\"datePublished\":\"2025-02-15T05:20:58+00:00\",\"dateModified\":\"2025-02-15T08:12:59+00:00\",\"description\":\"Farmacia online tedesca registrata. Offriamo: spedizioni veloci in tutto il mondo e un servizio eccellente. NOTAKEHL D6 Fiale (10x 1ml) da SANUM-Kehlbeck. Terapia SANUM.\",\"breadcrumb\":{\"@id\":\"https:\/\/lions-pharmacy.com\/it\/prodotto\/notakehl-d6-ampoules-10x-1ml#breadcrumb\"},\"inLanguage\":\"it-IT\",\"potentialAction\":[{\"@type\":\"ReadAction\",\"target\":[\"https:\/\/lions-pharmacy.com\/it\/prodotto\/notakehl-d6-ampoules-10x-1ml\"]}]},{\"@type\":\"ImageObject\",\"inLanguage\":\"it-IT\",\"@id\":\"https:\/\/lions-pharmacy.com\/it\/prodotto\/notakehl-d6-ampoules-10x-1ml#primaryimage\",\"url\":\"https:\/\/lions-pharmacy.com\/wp-content\/uploads\/2025\/02\/Packung-NOTAKEHL-D6-Ampoules-10X1-ml-SANUM-KEHLBECK-GmbH-Co.-KG-PZN-03207061.webp\",\"contentUrl\":\"https:\/\/lions-pharmacy.com\/wp-content\/uploads\/2025\/02\/Packung-NOTAKEHL-D6-Ampoules-10X1-ml-SANUM-KEHLBECK-GmbH-Co.-KG-PZN-03207061.webp\",\"width\":600,\"height\":600,\"caption\":\"Confezione NOTAKEHL D6 Fiale, 10X 1ml da SANUM-KEHLBECK-GmbH Co.-KG, PZN 03207061\"},{\"@type\":\"BreadcrumbList\",\"@id\":\"https:\/\/lions-pharmacy.com\/it\/prodotto\/notakehl-d6-ampoules-10x-1ml#breadcrumb\",\"itemListElement\":[{\"@type\":\"ListItem\",\"position\":1,\"name\":\"Home\",\"item\":\"https:\/\/lions-pharmacy.com\/it\/homepage-lion-pharmacy\"},{\"@type\":\"ListItem\",\"position\":2,\"name\":\"Shop\",\"item\":\"https:\/\/lions-pharmacy.com\/it\/negozio\"},{\"@type\":\"ListItem\",\"position\":3,\"name\":\"NOTAKEHL D6 Fiale (10x 1ml)\"}]},{\"@type\":\"WebSite\",\"@id\":\"https:\/\/lions-pharmacy.com\/it#website\",\"url\":\"https:\/\/lions-pharmacy.com\/it\",\"name\":\"Lions Pharmacy\",\"description\":\"Farmacia specializzata in naturopatia di Baden-Baden, Germania\",\"publisher\":{\"@id\":\"https:\/\/lions-pharmacy.com\/it#organization\"},\"alternateName\":\"Lion Pharmacy\",\"potentialAction\":[{\"@type\":\"SearchAction\",\"target\":{\"@type\":\"EntryPoint\",\"urlTemplate\":\"https:\/\/lions-pharmacy.com\/it?s={search_term_string}\"},\"query-input\":{\"@type\":\"PropertyValueSpecification\",\"valueRequired\":true,\"valueName\":\"search_term_string\"}}],\"inLanguage\":\"it-IT\"},{\"@type\":\"Organization\",\"@id\":\"https:\/\/lions-pharmacy.com\/it#organization\",\"name\":\"Lions Pharmacy\",\"alternateName\":\"Lions Pharmacy24\",\"url\":\"https:\/\/lions-pharmacy.com\/it\",\"logo\":{\"@type\":\"ImageObject\",\"inLanguage\":\"it-IT\",\"@id\":\"https:\/\/lions-pharmacy.com\/it#\/schema\/logo\/image\/\",\"url\":\"https:\/\/lions-pharmacy.com\/wp-content\/uploads\/2022\/12\/Logo-Lion-Pharmacy-c-o-Loewen-Apotheke-smal.jpg\",\"contentUrl\":\"https:\/\/lions-pharmacy.com\/wp-content\/uploads\/2022\/12\/Logo-Lion-Pharmacy-c-o-Loewen-Apotheke-smal.jpg\",\"width\":298,\"height\":99,\"caption\":\"Lions Pharmacy\"},\"image\":{\"@id\":\"https:\/\/lions-pharmacy.com\/it#\/schema\/logo\/image\/\"}}]}<\/script>\n<!-- \/ Yoast SEO plugin. -->","yoast_head_json":{"title":"NOTAKEHL D6 Fiale (10x 1ml) &#187; Scopri di pi\u00f9","description":"Farmacia online tedesca registrata. Offriamo: spedizioni veloci in tutto il mondo e un servizio eccellente. NOTAKEHL D6 Fiale (10x 1ml) da SANUM-Kehlbeck. Terapia SANUM.","robots":{"index":"index","follow":"follow","max-snippet":"max-snippet:-1","max-image-preview":"max-image-preview:large","max-video-preview":"max-video-preview:-1"},"canonical":"https:\/\/lions-pharmacy.com\/it\/prodotto\/notakehl-d6-ampoules-10x-1ml","og_locale":"it_IT","og_type":"article","og_title":"NOTAKEHL D6 Fiale (10x 1ml) &#187; Scopri di pi\u00f9","og_description":"Farmacia online tedesca registrata. Offriamo: spedizioni veloci in tutto il mondo e un servizio eccellente. NOTAKEHL D6 Fiale (10x 1ml) da SANUM-Kehlbeck. Terapia SANUM.","og_url":"https:\/\/lions-pharmacy.com\/it\/prodotto\/notakehl-d6-ampoules-10x-1ml","og_site_name":"Lion Pharmacy","article_modified_time":"2025-02-15T08:12:59+00:00","og_image":[{"width":600,"height":600,"url":"https:\/\/lions-pharmacy.com\/wp-content\/uploads\/2025\/02\/Packung-NOTAKEHL-D6-Ampoules-10X1-ml-SANUM-KEHLBECK-GmbH-Co.-KG-PZN-03207061.webp","type":"image\/webp"}],"twitter_card":"summary_large_image","twitter_misc":{"Tempo di lettura stimato":"1 minuto"},"schema":{"@context":"https:\/\/schema.org","@graph":[{"@type":"WebPage","@id":"https:\/\/lions-pharmacy.com\/it\/prodotto\/notakehl-d6-ampoules-10x-1ml","url":"https:\/\/lions-pharmacy.com\/it\/prodotto\/notakehl-d6-ampoules-10x-1ml","name":"NOTAKEHL D6 Fiale (10x 1ml) &#187; Scopri di pi\u00f9","isPartOf":{"@id":"https:\/\/lions-pharmacy.com\/it#website"},"primaryImageOfPage":{"@id":"https:\/\/lions-pharmacy.com\/it\/prodotto\/notakehl-d6-ampoules-10x-1ml#primaryimage"},"image":{"@id":"https:\/\/lions-pharmacy.com\/it\/prodotto\/notakehl-d6-ampoules-10x-1ml#primaryimage"},"thumbnailUrl":"https:\/\/lions-pharmacy.com\/wp-content\/uploads\/2025\/02\/Packung-NOTAKEHL-D6-Ampoules-10X1-ml-SANUM-KEHLBECK-GmbH-Co.-KG-PZN-03207061.webp","datePublished":"2025-02-15T05:20:58+00:00","dateModified":"2025-02-15T08:12:59+00:00","description":"Farmacia online tedesca registrata. Offriamo: spedizioni veloci in tutto il mondo e un servizio eccellente. NOTAKEHL D6 Fiale (10x 1ml) da SANUM-Kehlbeck. Terapia SANUM.","breadcrumb":{"@id":"https:\/\/lions-pharmacy.com\/it\/prodotto\/notakehl-d6-ampoules-10x-1ml#breadcrumb"},"inLanguage":"it-IT","potentialAction":[{"@type":"ReadAction","target":["https:\/\/lions-pharmacy.com\/it\/prodotto\/notakehl-d6-ampoules-10x-1ml"]}]},{"@type":"ImageObject","inLanguage":"it-IT","@id":"https:\/\/lions-pharmacy.com\/it\/prodotto\/notakehl-d6-ampoules-10x-1ml#primaryimage","url":"https:\/\/lions-pharmacy.com\/wp-content\/uploads\/2025\/02\/Packung-NOTAKEHL-D6-Ampoules-10X1-ml-SANUM-KEHLBECK-GmbH-Co.-KG-PZN-03207061.webp","contentUrl":"https:\/\/lions-pharmacy.com\/wp-content\/uploads\/2025\/02\/Packung-NOTAKEHL-D6-Ampoules-10X1-ml-SANUM-KEHLBECK-GmbH-Co.-KG-PZN-03207061.webp","width":600,"height":600,"caption":"Confezione NOTAKEHL D6 Fiale, 10X 1ml da SANUM-KEHLBECK-GmbH Co.-KG, PZN 03207061"},{"@type":"BreadcrumbList","@id":"https:\/\/lions-pharmacy.com\/it\/prodotto\/notakehl-d6-ampoules-10x-1ml#breadcrumb","itemListElement":[{"@type":"ListItem","position":1,"name":"Home","item":"https:\/\/lions-pharmacy.com\/it\/homepage-lion-pharmacy"},{"@type":"ListItem","position":2,"name":"Shop","item":"https:\/\/lions-pharmacy.com\/it\/negozio"},{"@type":"ListItem","position":3,"name":"NOTAKEHL D6 Fiale (10x 1ml)"}]},{"@type":"WebSite","@id":"https:\/\/lions-pharmacy.com\/it#website","url":"https:\/\/lions-pharmacy.com\/it","name":"Lions Pharmacy","description":"Farmacia specializzata in naturopatia di Baden-Baden, Germania","publisher":{"@id":"https:\/\/lions-pharmacy.com\/it#organization"},"alternateName":"Lion Pharmacy","potentialAction":[{"@type":"SearchAction","target":{"@type":"EntryPoint","urlTemplate":"https:\/\/lions-pharmacy.com\/it?s={search_term_string}"},"query-input":{"@type":"PropertyValueSpecification","valueRequired":true,"valueName":"search_term_string"}}],"inLanguage":"it-IT"},{"@type":"Organization","@id":"https:\/\/lions-pharmacy.com\/it#organization","name":"Lions Pharmacy","alternateName":"Lions Pharmacy24","url":"https:\/\/lions-pharmacy.com\/it","logo":{"@type":"ImageObject","inLanguage":"it-IT","@id":"https:\/\/lions-pharmacy.com\/it#\/schema\/logo\/image\/","url":"https:\/\/lions-pharmacy.com\/wp-content\/uploads\/2022\/12\/Logo-Lion-Pharmacy-c-o-Loewen-Apotheke-smal.jpg","contentUrl":"https:\/\/lions-pharmacy.com\/wp-content\/uploads\/2022\/12\/Logo-Lion-Pharmacy-c-o-Loewen-Apotheke-smal.jpg","width":298,"height":99,"caption":"Lions Pharmacy"},"image":{"@id":"https:\/\/lions-pharmacy.com\/it#\/schema\/logo\/image\/"}}]}},"_links":{"self":[{"href":"https:\/\/lions-pharmacy.com\/it\/wp-json\/wp\/v2\/product\/9152","targetHints":{"allow":["GET"]}}],"collection":[{"href":"https:\/\/lions-pharmacy.com\/it\/wp-json\/wp\/v2\/product"}],"about":[{"href":"https:\/\/lions-pharmacy.com\/it\/wp-json\/wp\/v2\/types\/product"}],"replies":[{"embeddable":true,"href":"https:\/\/lions-pharmacy.com\/it\/wp-json\/wp\/v2\/comments?post=9152"}],"wp:featuredmedia":[{"embeddable":true,"href":"https:\/\/lions-pharmacy.com\/it\/wp-json\/wp\/v2\/media\/9157"}],"wp:attachment":[{"href":"https:\/\/lions-pharmacy.com\/it\/wp-json\/wp\/v2\/media?parent=9152"}],"wp:term":[{"taxonomy":"product_brand","embeddable":true,"href":"https:\/\/lions-pharmacy.com\/it\/wp-json\/wp\/v2\/product_brand?post=9152"},{"taxonomy":"product_cat","embeddable":true,"href":"https:\/\/lions-pharmacy.com\/it\/wp-json\/wp\/v2\/product_cat?post=9152"},{"taxonomy":"product_tag","embeddable":true,"href":"https:\/\/lions-pharmacy.com\/it\/wp-json\/wp\/v2\/product_tag?post=9152"}],"curies":[{"name":"wp","href":"https:\/\/api.w.org\/{rel}","templated":true}]}}