{"id":8026,"date":"2025-01-15T11:27:28","date_gmt":"2025-01-15T10:27:28","guid":{"rendered":"https:\/\/lions-pharmacy.com\/?post_type=product&#038;p=8026"},"modified":"2026-03-14T07:12:35","modified_gmt":"2026-03-14T06:12:35","slug":"allergostop-kit","status":"publish","type":"product","link":"https:\/\/lions-pharmacy.com\/it\/prodotto\/allergostop-kit","title":{"rendered":"Kit Allergostop"},"content":{"rendered":"<h2>Kit Allergostop<\/h2>\n<p>Allergostop-kit: gli anticorpi patogeni del sangue vengono modificati con l&#8217;aggiunta di uno speciale attivatore del siero. Gli anticorpi ora mascherati diventano cos\u00ec antigeni e, dopo la reiniezione, innescano una risposta immunitaria. Gli anticorpi si formano contro gli anticorpi esistenti e riducono la formazione di anticorpi specifici per la malattia, spesso in modo permanente. Il prelievo di sangue, la serie di diluizioni pronte all&#8217;uso e la reiniezione vengono eseguiti dal terapista durante e durante la fase acuta di una malattia.<\/p>\n<p>Kit Allergostop composto da:<\/p>\n<ul>\n<li>1 x Attivatore di siero vitale<\/li>\n<li>8 x Fiala di NaCl 0,9%<\/li>\n<li>1 x S-Monovette, neutro, 9,0ml<\/li>\n<li>1 x Cannule Monovette<\/li>\n<li>1 x Siringa da 3 ml (Omnifix)<\/li>\n<li>1 x Siringa da 1 ml (Omnifix)<\/li>\n<li>9 x cannule, 0,80 x 40 mm (Sterican)<\/li>\n<li>1 x Disinfezione spray<\/li>\n<li>9 tamponi sterili<\/li>\n<li>1 x foglio di etichette<\/li>\n<li>1 x Istruzioni<\/li>\n<\/ul>\n<p>Foglio illustrativo\/istruzioni per l&#8217;uso\/scheda tecnica dell&#8217;articolo: &#8211;<\/p>\n<p>Nome prodotto alternativo: Set Allergostop<br \/>\nAltri prodotti per l&#8217;applicazione: <a href=\"https:\/\/lions-pharmacy.com\/produkt-kategorie\/vitorgan\">vitOrgan<\/a><br \/>\nPer saperne di pi\u00f9 sul produttore e su questo prodotto: <a href=\"https:\/\/vitorgan.de\/en\/products\/\" target=\"_blank\" rel=\"noopener\">vitOrgan<\/a> (link a sito esterno)<\/p>\n<p>Le informazioni contenute in questo sito web sono fornite solo a scopo informativo. Non sostituiscono in alcun modo la visita e il trattamento da parte di un medico. Ci\u00f2 significa che non \u00e8 possibile n\u00e9 fare diagnosi n\u00e9 iniziare terapie.<\/p>\n<p>Per i rischi e gli effetti collaterali, leggere il foglio illustrativo e rivolgersi al medico o al farmacista.<\/p>\n<p><strong>Domande sul prodotto? Siamo qui per te!<\/strong><\/p>\n<p>La nostra farmacista responsabile, la Dott.ssa Sandra Hoff, e il suo team saranno lieti di consigliarti personalmente &#8211; per telefono o via e-mail. In qualit\u00e0 di vera e propria farmacia locale e di farmacia autorizzata per la vendita per corrispondenza, ti offriamo un&#8217;assistenza competente, soprattutto per quanto riguarda la <a href=\"https:\/\/lions-pharmacy.com\/it\/tag-prodotto\/rimedi-naturali\">naturopatia<\/a> e gli <a href=\"https:\/\/lions-pharmacy.com\/it\/tag-prodotto\/vitamine-e-integratori\">integratori alimentari<\/a>, in particolare i farmaci di <a href=\"https:\/\/lions-pharmacy.com\/it\/product-brand\/vitorgan-it\">vitOrgan<\/a> e <a href=\"https:\/\/lions-pharmacy.com\/it\/product-category\/labo-life-it\">Labo Life<\/a>.<br \/>\nPuoi trovare la nostra autorizzazione come voce nel <a href=\"https:\/\/versandhandel.dimdi.de\/websearch\/servlet\/Gate;jsessionid=0D29D15655BE1174E9178A340E8FE6BC?accessid=dimdi_var&amp;term=3c387956690121ccc8763184f052b93f\" target=\"_blank\" rel=\"noopener\">registro delle vendite per corrispondenza<\/a>.<\/p>\n","protected":false},"excerpt":{"rendered":"<h2>Kit Allergostop<\/h2>\n<p>Allergostop-Kit \u2013 un emoderivato omeopatico autologo per il trattamento delle allergie di tipo immediato e delle malattie autoimmuni.<\/p>\n<p>&nbsp;<\/p>\n<p>PZN: 11485182<\/p>\n<p>Forma di dosaggio: Set<\/p>\n<p>Tipo di prescrizione: senza prescrizione<\/p>\n<p>Marchio: vitOrgan<\/p>\n<p>Costruttore: vitOrgan GmbH &amp; Co.KG, Ostfildern, Germania<\/p>\n<p>Dimensione dell&#8217;imballo: 1<\/p>\n","protected":false},"featured_media":8032,"comment_status":"closed","ping_status":"closed","template":"","meta":[],"product_brand":[],"product_cat":[124,115,130],"product_tag":[260,307,310],"class_list":{"0":"post-8026","1":"product","2":"type-product","3":"status-publish","4":"has-post-thumbnail","6":"product_cat-sale-it","7":"product_cat-non-categorizzato","8":"product_cat-vitorgan-it","9":"product_tag-asma-e-allergie","10":"product_tag-omeopatia","11":"product_tag-vendita-mensile","12":"ts_product_brand-all-it","13":"ts_product_brand-vitorgan-it","15":"first","16":"instock","17":"taxable","18":"shipping-taxable","19":"purchasable","20":"product-type-simple"},"yoast_head":"<!-- This site is optimized with the Yoast SEO plugin v26.5 - https:\/\/yoast.com\/wordpress\/plugins\/seo\/ -->\n<title>Kit Allergostop &#187;<\/title>\n<meta name=\"description\" content=\"Una farmacia online tedesca registrata. Offriamo: Spedizione internazionale veloce con DHL. Prodotto realizzato da vitOrgan | Kit Allergostop\" \/>\n<meta name=\"robots\" content=\"index, follow, max-snippet:-1, max-image-preview:large, max-video-preview:-1\" \/>\n<link rel=\"canonical\" href=\"https:\/\/lions-pharmacy.com\/it\/prodotto\/allergostop-kit\" \/>\n<meta property=\"og:locale\" content=\"it_IT\" \/>\n<meta property=\"og:type\" content=\"article\" \/>\n<meta property=\"og:title\" content=\"Kit Allergostop &#187;\" \/>\n<meta property=\"og:description\" content=\"Una farmacia online tedesca registrata. Offriamo: Spedizione internazionale veloce con DHL. Prodotto realizzato da vitOrgan | Kit Allergostop\" \/>\n<meta property=\"og:url\" content=\"https:\/\/lions-pharmacy.com\/it\/prodotto\/allergostop-kit\" \/>\n<meta property=\"og:site_name\" content=\"Lion Pharmacy\" \/>\n<meta property=\"article:modified_time\" content=\"2026-03-14T06:12:35+00:00\" \/>\n<meta property=\"og:image\" content=\"https:\/\/lions-pharmacy.com\/wp-content\/uploads\/2025\/01\/Allergostop-Kit-von-vitOrgan-Arzneimittel.-PZN-11485182.-Lowen-Apotheke-Lions-Pharmacy.webp\" \/>\n\t<meta property=\"og:image:width\" content=\"600\" \/>\n\t<meta property=\"og:image:height\" content=\"600\" \/>\n\t<meta property=\"og:image:type\" content=\"image\/webp\" \/>\n<meta name=\"twitter:card\" content=\"summary_large_image\" \/>\n<meta name=\"twitter:label1\" content=\"Tempo di lettura stimato\" \/>\n\t<meta name=\"twitter:data1\" content=\"2 minuti\" \/>\n<script type=\"application\/ld+json\" class=\"yoast-schema-graph\">{\"@context\":\"https:\/\/schema.org\",\"@graph\":[{\"@type\":\"WebPage\",\"@id\":\"https:\/\/lions-pharmacy.com\/it\/prodotto\/allergostop-kit\",\"url\":\"https:\/\/lions-pharmacy.com\/it\/prodotto\/allergostop-kit\",\"name\":\"Kit Allergostop &#187;\",\"isPartOf\":{\"@id\":\"https:\/\/lions-pharmacy.com\/it#website\"},\"primaryImageOfPage\":{\"@id\":\"https:\/\/lions-pharmacy.com\/it\/prodotto\/allergostop-kit#primaryimage\"},\"image\":{\"@id\":\"https:\/\/lions-pharmacy.com\/it\/prodotto\/allergostop-kit#primaryimage\"},\"thumbnailUrl\":\"https:\/\/lions-pharmacy.com\/wp-content\/uploads\/2025\/01\/Allergostop-Kit-von-vitOrgan-Arzneimittel.-PZN-11485182.-Lowen-Apotheke-Lions-Pharmacy.webp\",\"datePublished\":\"2025-01-15T10:27:28+00:00\",\"dateModified\":\"2026-03-14T06:12:35+00:00\",\"description\":\"Una farmacia online tedesca registrata. Offriamo: Spedizione internazionale veloce con DHL. Prodotto realizzato da vitOrgan | Kit Allergostop\",\"breadcrumb\":{\"@id\":\"https:\/\/lions-pharmacy.com\/it\/prodotto\/allergostop-kit#breadcrumb\"},\"inLanguage\":\"it-IT\",\"potentialAction\":[{\"@type\":\"ReadAction\",\"target\":[\"https:\/\/lions-pharmacy.com\/it\/prodotto\/allergostop-kit\"]}]},{\"@type\":\"ImageObject\",\"inLanguage\":\"it-IT\",\"@id\":\"https:\/\/lions-pharmacy.com\/it\/prodotto\/allergostop-kit#primaryimage\",\"url\":\"https:\/\/lions-pharmacy.com\/wp-content\/uploads\/2025\/01\/Allergostop-Kit-von-vitOrgan-Arzneimittel.-PZN-11485182.-Lowen-Apotheke-Lions-Pharmacy.webp\",\"contentUrl\":\"https:\/\/lions-pharmacy.com\/wp-content\/uploads\/2025\/01\/Allergostop-Kit-von-vitOrgan-Arzneimittel.-PZN-11485182.-Lowen-Apotheke-Lions-Pharmacy.webp\",\"width\":600,\"height\":600,\"caption\":\"Kit Allergostop di vitOrgan Arzneimittel. PZN 11485182. L\u00f6wen Apotheke - Farmacia Lions\"},{\"@type\":\"BreadcrumbList\",\"@id\":\"https:\/\/lions-pharmacy.com\/it\/prodotto\/allergostop-kit#breadcrumb\",\"itemListElement\":[{\"@type\":\"ListItem\",\"position\":1,\"name\":\"Home\",\"item\":\"https:\/\/lions-pharmacy.com\/it\/homepage-lion-pharmacy\"},{\"@type\":\"ListItem\",\"position\":2,\"name\":\"Shop\",\"item\":\"https:\/\/lions-pharmacy.com\/it\/negozio\"},{\"@type\":\"ListItem\",\"position\":3,\"name\":\"Kit Allergostop\"}]},{\"@type\":\"WebSite\",\"@id\":\"https:\/\/lions-pharmacy.com\/it#website\",\"url\":\"https:\/\/lions-pharmacy.com\/it\",\"name\":\"Lions Pharmacy\",\"description\":\"Farmacia specializzata in naturopatia di Baden-Baden, Germania\",\"publisher\":{\"@id\":\"https:\/\/lions-pharmacy.com\/it#organization\"},\"alternateName\":\"Lion Pharmacy\",\"potentialAction\":[{\"@type\":\"SearchAction\",\"target\":{\"@type\":\"EntryPoint\",\"urlTemplate\":\"https:\/\/lions-pharmacy.com\/it?s={search_term_string}\"},\"query-input\":{\"@type\":\"PropertyValueSpecification\",\"valueRequired\":true,\"valueName\":\"search_term_string\"}}],\"inLanguage\":\"it-IT\"},{\"@type\":\"Organization\",\"@id\":\"https:\/\/lions-pharmacy.com\/it#organization\",\"name\":\"Lions Pharmacy\",\"alternateName\":\"Lions Pharmacy24\",\"url\":\"https:\/\/lions-pharmacy.com\/it\",\"logo\":{\"@type\":\"ImageObject\",\"inLanguage\":\"it-IT\",\"@id\":\"https:\/\/lions-pharmacy.com\/it#\/schema\/logo\/image\/\",\"url\":\"https:\/\/lions-pharmacy.com\/wp-content\/uploads\/2022\/12\/Logo-Lion-Pharmacy-c-o-Loewen-Apotheke-smal.jpg\",\"contentUrl\":\"https:\/\/lions-pharmacy.com\/wp-content\/uploads\/2022\/12\/Logo-Lion-Pharmacy-c-o-Loewen-Apotheke-smal.jpg\",\"width\":298,\"height\":99,\"caption\":\"Lions Pharmacy\"},\"image\":{\"@id\":\"https:\/\/lions-pharmacy.com\/it#\/schema\/logo\/image\/\"}}]}<\/script>\n<!-- \/ Yoast SEO plugin. -->","yoast_head_json":{"title":"Kit Allergostop &#187;","description":"Una farmacia online tedesca registrata. Offriamo: Spedizione internazionale veloce con DHL. Prodotto realizzato da vitOrgan | Kit Allergostop","robots":{"index":"index","follow":"follow","max-snippet":"max-snippet:-1","max-image-preview":"max-image-preview:large","max-video-preview":"max-video-preview:-1"},"canonical":"https:\/\/lions-pharmacy.com\/it\/prodotto\/allergostop-kit","og_locale":"it_IT","og_type":"article","og_title":"Kit Allergostop &#187;","og_description":"Una farmacia online tedesca registrata. Offriamo: Spedizione internazionale veloce con DHL. Prodotto realizzato da vitOrgan | Kit Allergostop","og_url":"https:\/\/lions-pharmacy.com\/it\/prodotto\/allergostop-kit","og_site_name":"Lion Pharmacy","article_modified_time":"2026-03-14T06:12:35+00:00","og_image":[{"width":600,"height":600,"url":"https:\/\/lions-pharmacy.com\/wp-content\/uploads\/2025\/01\/Allergostop-Kit-von-vitOrgan-Arzneimittel.-PZN-11485182.-Lowen-Apotheke-Lions-Pharmacy.webp","type":"image\/webp"}],"twitter_card":"summary_large_image","twitter_misc":{"Tempo di lettura stimato":"2 minuti"},"schema":{"@context":"https:\/\/schema.org","@graph":[{"@type":"WebPage","@id":"https:\/\/lions-pharmacy.com\/it\/prodotto\/allergostop-kit","url":"https:\/\/lions-pharmacy.com\/it\/prodotto\/allergostop-kit","name":"Kit Allergostop &#187;","isPartOf":{"@id":"https:\/\/lions-pharmacy.com\/it#website"},"primaryImageOfPage":{"@id":"https:\/\/lions-pharmacy.com\/it\/prodotto\/allergostop-kit#primaryimage"},"image":{"@id":"https:\/\/lions-pharmacy.com\/it\/prodotto\/allergostop-kit#primaryimage"},"thumbnailUrl":"https:\/\/lions-pharmacy.com\/wp-content\/uploads\/2025\/01\/Allergostop-Kit-von-vitOrgan-Arzneimittel.-PZN-11485182.-Lowen-Apotheke-Lions-Pharmacy.webp","datePublished":"2025-01-15T10:27:28+00:00","dateModified":"2026-03-14T06:12:35+00:00","description":"Una farmacia online tedesca registrata. Offriamo: Spedizione internazionale veloce con DHL. Prodotto realizzato da vitOrgan | Kit Allergostop","breadcrumb":{"@id":"https:\/\/lions-pharmacy.com\/it\/prodotto\/allergostop-kit#breadcrumb"},"inLanguage":"it-IT","potentialAction":[{"@type":"ReadAction","target":["https:\/\/lions-pharmacy.com\/it\/prodotto\/allergostop-kit"]}]},{"@type":"ImageObject","inLanguage":"it-IT","@id":"https:\/\/lions-pharmacy.com\/it\/prodotto\/allergostop-kit#primaryimage","url":"https:\/\/lions-pharmacy.com\/wp-content\/uploads\/2025\/01\/Allergostop-Kit-von-vitOrgan-Arzneimittel.-PZN-11485182.-Lowen-Apotheke-Lions-Pharmacy.webp","contentUrl":"https:\/\/lions-pharmacy.com\/wp-content\/uploads\/2025\/01\/Allergostop-Kit-von-vitOrgan-Arzneimittel.-PZN-11485182.-Lowen-Apotheke-Lions-Pharmacy.webp","width":600,"height":600,"caption":"Kit Allergostop di vitOrgan Arzneimittel. PZN 11485182. L\u00f6wen Apotheke - Farmacia Lions"},{"@type":"BreadcrumbList","@id":"https:\/\/lions-pharmacy.com\/it\/prodotto\/allergostop-kit#breadcrumb","itemListElement":[{"@type":"ListItem","position":1,"name":"Home","item":"https:\/\/lions-pharmacy.com\/it\/homepage-lion-pharmacy"},{"@type":"ListItem","position":2,"name":"Shop","item":"https:\/\/lions-pharmacy.com\/it\/negozio"},{"@type":"ListItem","position":3,"name":"Kit Allergostop"}]},{"@type":"WebSite","@id":"https:\/\/lions-pharmacy.com\/it#website","url":"https:\/\/lions-pharmacy.com\/it","name":"Lions Pharmacy","description":"Farmacia specializzata in naturopatia di Baden-Baden, Germania","publisher":{"@id":"https:\/\/lions-pharmacy.com\/it#organization"},"alternateName":"Lion Pharmacy","potentialAction":[{"@type":"SearchAction","target":{"@type":"EntryPoint","urlTemplate":"https:\/\/lions-pharmacy.com\/it?s={search_term_string}"},"query-input":{"@type":"PropertyValueSpecification","valueRequired":true,"valueName":"search_term_string"}}],"inLanguage":"it-IT"},{"@type":"Organization","@id":"https:\/\/lions-pharmacy.com\/it#organization","name":"Lions Pharmacy","alternateName":"Lions Pharmacy24","url":"https:\/\/lions-pharmacy.com\/it","logo":{"@type":"ImageObject","inLanguage":"it-IT","@id":"https:\/\/lions-pharmacy.com\/it#\/schema\/logo\/image\/","url":"https:\/\/lions-pharmacy.com\/wp-content\/uploads\/2022\/12\/Logo-Lion-Pharmacy-c-o-Loewen-Apotheke-smal.jpg","contentUrl":"https:\/\/lions-pharmacy.com\/wp-content\/uploads\/2022\/12\/Logo-Lion-Pharmacy-c-o-Loewen-Apotheke-smal.jpg","width":298,"height":99,"caption":"Lions Pharmacy"},"image":{"@id":"https:\/\/lions-pharmacy.com\/it#\/schema\/logo\/image\/"}}]}},"_links":{"self":[{"href":"https:\/\/lions-pharmacy.com\/it\/wp-json\/wp\/v2\/product\/8026","targetHints":{"allow":["GET"]}}],"collection":[{"href":"https:\/\/lions-pharmacy.com\/it\/wp-json\/wp\/v2\/product"}],"about":[{"href":"https:\/\/lions-pharmacy.com\/it\/wp-json\/wp\/v2\/types\/product"}],"replies":[{"embeddable":true,"href":"https:\/\/lions-pharmacy.com\/it\/wp-json\/wp\/v2\/comments?post=8026"}],"wp:featuredmedia":[{"embeddable":true,"href":"https:\/\/lions-pharmacy.com\/it\/wp-json\/wp\/v2\/media\/8032"}],"wp:attachment":[{"href":"https:\/\/lions-pharmacy.com\/it\/wp-json\/wp\/v2\/media?parent=8026"}],"wp:term":[{"taxonomy":"product_brand","embeddable":true,"href":"https:\/\/lions-pharmacy.com\/it\/wp-json\/wp\/v2\/product_brand?post=8026"},{"taxonomy":"product_cat","embeddable":true,"href":"https:\/\/lions-pharmacy.com\/it\/wp-json\/wp\/v2\/product_cat?post=8026"},{"taxonomy":"product_tag","embeddable":true,"href":"https:\/\/lions-pharmacy.com\/it\/wp-json\/wp\/v2\/product_tag?post=8026"}],"curies":[{"name":"wp","href":"https:\/\/api.w.org\/{rel}","templated":true}]}}