{"id":7416,"date":"2024-12-11T16:20:34","date_gmt":"2024-12-11T15:20:34","guid":{"rendered":"https:\/\/lions-pharmacy.com\/?post_type=product&#038;p=7416"},"modified":"2025-01-24T19:12:13","modified_gmt":"2025-01-24T18:12:13","slug":"sinusitis-hevert-tablets-100-pcs-19107367","status":"publish","type":"product","link":"https:\/\/lions-pharmacy.com\/it\/prodotto\/sinusitis-hevert-tablets-100-pcs-19107367","title":{"rendered":"Compresse di Hevert per sinusite (100 pz.)"},"content":{"rendered":"<h3>Compresse di Hevert per sinusite<\/h3>\n<p>Sinusite Hevert compresse un medicinale omeopatico per il raffreddore e l&#8217;infiammazione dei seni paranasali.<\/p>\n<p>Per un naso chiaro &#8211; compresse per sinusite. Una mucosa sana nella gola, nel naso e nella faringe offre protezione contro i corpi estranei e gli agenti patogeni inalati. Le difese del corpo nel muco combattono efficacemente virus e batteri invasori.<\/p>\n<p>La salute \u00e8 il bene pi\u00f9 grande dell&#8217;uomo. Per questo motivo Hevert si dedica da oltre 60 anni alla naturopatia e allo sviluppo di medicinali naturali ed \u00e8 uno dei principali produttori tedeschi di medicinali omeopatici ed erboristici, nonch\u00e9 di preparati di micronutrienti.<\/p>\n<p>Foglio illustrativo\/istruzioni per l&#8217;uso\/scheda tecnica articolo: &#8211; (lettore PDF)<\/p>\n<p>Altri prodotti per l&#8217;applicazione: <a href=\"https:\/\/lions-pharmacy.com\/product-tag\/vitamins-supplements\">Vitamine e integratori Prodotti<\/a><\/p>\n<p>Scopri di pi\u00f9 su manufactorer e questo prodotto: <a href=\"https:\/\/hevert.com\/de\/en\" target=\"_blank\" rel=\"noopener\">Hevert<\/a> (link al sito esterno)<\/p>\n<p>Le informazioni contenute in questo sito web sono fornite solo a scopo informativo. Non sostituiscono in alcun modo la visita e il trattamento da parte di un medico. Ci\u00f2 significa che non \u00e8 possibile n\u00e9 fare diagnosi n\u00e9 iniziare terapie.<\/p>\n<p>Per i rischi e gli effetti collaterali, leggere il foglio illustrativo e rivolgersi al medico o al farmacista.<\/p>\n","protected":false},"excerpt":{"rendered":"<h2>Compresse di Hevert per sinusite<\/h2>\n<p>Medicina omeopatica per il raffreddore e l&#8217;infiammazione dei seni paranasali.<\/p>\n<p>&nbsp;<\/p>\n<p>PZN: 19107367<\/p>\n<p>Forma di dosaggio: compresse<\/p>\n<p>Tipo di prescrizione: senza prescrizione<\/p>\n<p>Marchio:-<\/p>\n<p>Produttore: Hevert Arzneimittel GmbH, Germania<\/p>\n<p>Formato imballo: 100 pz.<\/p>\n","protected":false},"featured_media":7462,"comment_status":"closed","ping_status":"closed","template":"","meta":[],"product_brand":[],"product_cat":[579,115],"product_tag":[269,235,271,310,268],"class_list":{"0":"post-7416","1":"product","2":"type-product","3":"status-publish","4":"has-post-thumbnail","6":"product_cat-hevert-it","7":"product_cat-non-categorizzato","8":"product_tag-gestione-del-peso","9":"product_tag-infezione-virale","10":"product_tag-peso-e-forma-fisica","11":"product_tag-vendita-mensile","12":"product_tag-vitamine-e-integratori","13":"ts_product_brand-all-it","14":"ts_product_brand-hevert-it","16":"first","17":"instock","18":"sale","19":"taxable","20":"shipping-taxable","21":"purchasable","22":"product-type-simple"},"yoast_head":"<!-- This site is optimized with the Yoast SEO plugin v26.5 - https:\/\/yoast.com\/wordpress\/plugins\/seo\/ -->\n<title>Compresse di Hevert per sinusite (100 pz.) &#187; Lion Pharmacy &#187; Scopri di pi\u00f9<\/title>\n<meta name=\"description\" content=\"Farmacia online tedesca registrata. Offriamo: Spedizione internazionale veloce. Prodotto realizzato da Hevert: Compresse di Hevert per sinusite (100 pz.)\" \/>\n<meta name=\"robots\" content=\"index, follow, max-snippet:-1, max-image-preview:large, max-video-preview:-1\" \/>\n<link rel=\"canonical\" href=\"https:\/\/lions-pharmacy.com\/it\/prodotto\/sinusitis-hevert-tablets-100-pcs-19107367\" \/>\n<meta property=\"og:locale\" content=\"it_IT\" \/>\n<meta property=\"og:type\" content=\"article\" \/>\n<meta property=\"og:title\" content=\"Compresse di Hevert per sinusite (100 pz.) &#187; Lion Pharmacy &#187; Scopri di pi\u00f9\" \/>\n<meta property=\"og:description\" content=\"Farmacia online tedesca registrata. Offriamo: Spedizione internazionale veloce. Prodotto realizzato da Hevert: Compresse di Hevert per sinusite (100 pz.)\" \/>\n<meta property=\"og:url\" content=\"https:\/\/lions-pharmacy.com\/it\/prodotto\/sinusitis-hevert-tablets-100-pcs-19107367\" \/>\n<meta property=\"og:site_name\" content=\"Lion Pharmacy\" \/>\n<meta property=\"article:modified_time\" content=\"2025-01-24T18:12:13+00:00\" \/>\n<meta property=\"og:image\" content=\"https:\/\/lions-pharmacy.com\/wp-content\/uploads\/2024\/12\/Sinusitis-Hevert-from-Hevert.-PZN-19107367-Lions-Pharmacy.webp\" \/>\n\t<meta property=\"og:image:width\" content=\"600\" \/>\n\t<meta property=\"og:image:height\" content=\"600\" \/>\n\t<meta property=\"og:image:type\" content=\"image\/webp\" \/>\n<meta name=\"twitter:card\" content=\"summary_large_image\" \/>\n<meta name=\"twitter:label1\" content=\"Tempo di lettura stimato\" \/>\n\t<meta name=\"twitter:data1\" content=\"1 minuto\" \/>\n<script type=\"application\/ld+json\" class=\"yoast-schema-graph\">{\"@context\":\"https:\/\/schema.org\",\"@graph\":[{\"@type\":\"WebPage\",\"@id\":\"https:\/\/lions-pharmacy.com\/it\/prodotto\/sinusitis-hevert-tablets-100-pcs-19107367\",\"url\":\"https:\/\/lions-pharmacy.com\/it\/prodotto\/sinusitis-hevert-tablets-100-pcs-19107367\",\"name\":\"Compresse di Hevert per sinusite (100 pz.) &#187; Lion Pharmacy &#187; Scopri di pi\u00f9\",\"isPartOf\":{\"@id\":\"https:\/\/lions-pharmacy.com\/it#website\"},\"primaryImageOfPage\":{\"@id\":\"https:\/\/lions-pharmacy.com\/it\/prodotto\/sinusitis-hevert-tablets-100-pcs-19107367#primaryimage\"},\"image\":{\"@id\":\"https:\/\/lions-pharmacy.com\/it\/prodotto\/sinusitis-hevert-tablets-100-pcs-19107367#primaryimage\"},\"thumbnailUrl\":\"https:\/\/lions-pharmacy.com\/wp-content\/uploads\/2024\/12\/Sinusitis-Hevert-from-Hevert.-PZN-19107367-Lions-Pharmacy.webp\",\"datePublished\":\"2024-12-11T15:20:34+00:00\",\"dateModified\":\"2025-01-24T18:12:13+00:00\",\"description\":\"Farmacia online tedesca registrata. Offriamo: Spedizione internazionale veloce. Prodotto realizzato da Hevert: Compresse di Hevert per sinusite (100 pz.)\",\"breadcrumb\":{\"@id\":\"https:\/\/lions-pharmacy.com\/it\/prodotto\/sinusitis-hevert-tablets-100-pcs-19107367#breadcrumb\"},\"inLanguage\":\"it-IT\",\"potentialAction\":[{\"@type\":\"ReadAction\",\"target\":[\"https:\/\/lions-pharmacy.com\/it\/prodotto\/sinusitis-hevert-tablets-100-pcs-19107367\"]}]},{\"@type\":\"ImageObject\",\"inLanguage\":\"it-IT\",\"@id\":\"https:\/\/lions-pharmacy.com\/it\/prodotto\/sinusitis-hevert-tablets-100-pcs-19107367#primaryimage\",\"url\":\"https:\/\/lions-pharmacy.com\/wp-content\/uploads\/2024\/12\/Sinusitis-Hevert-from-Hevert.-PZN-19107367-Lions-Pharmacy.webp\",\"contentUrl\":\"https:\/\/lions-pharmacy.com\/wp-content\/uploads\/2024\/12\/Sinusitis-Hevert-from-Hevert.-PZN-19107367-Lions-Pharmacy.webp\",\"width\":600,\"height\":600,\"caption\":\"L'immagine mostra: Sinusite Hevert da Hevert. PZN 19107367. Farmacia Lions\"},{\"@type\":\"BreadcrumbList\",\"@id\":\"https:\/\/lions-pharmacy.com\/it\/prodotto\/sinusitis-hevert-tablets-100-pcs-19107367#breadcrumb\",\"itemListElement\":[{\"@type\":\"ListItem\",\"position\":1,\"name\":\"Home\",\"item\":\"https:\/\/lions-pharmacy.com\/it\/homepage-lion-pharmacy\"},{\"@type\":\"ListItem\",\"position\":2,\"name\":\"Shop\",\"item\":\"https:\/\/lions-pharmacy.com\/it\/negozio\"},{\"@type\":\"ListItem\",\"position\":3,\"name\":\"Compresse di Hevert per sinusite (100 pz.)\"}]},{\"@type\":\"WebSite\",\"@id\":\"https:\/\/lions-pharmacy.com\/it#website\",\"url\":\"https:\/\/lions-pharmacy.com\/it\",\"name\":\"Lions Pharmacy\",\"description\":\"Farmacia specializzata in naturopatia di Baden-Baden, Germania\",\"publisher\":{\"@id\":\"https:\/\/lions-pharmacy.com\/it#organization\"},\"alternateName\":\"Lion Pharmacy\",\"potentialAction\":[{\"@type\":\"SearchAction\",\"target\":{\"@type\":\"EntryPoint\",\"urlTemplate\":\"https:\/\/lions-pharmacy.com\/it?s={search_term_string}\"},\"query-input\":{\"@type\":\"PropertyValueSpecification\",\"valueRequired\":true,\"valueName\":\"search_term_string\"}}],\"inLanguage\":\"it-IT\"},{\"@type\":\"Organization\",\"@id\":\"https:\/\/lions-pharmacy.com\/it#organization\",\"name\":\"Lions Pharmacy\",\"alternateName\":\"Lions Pharmacy24\",\"url\":\"https:\/\/lions-pharmacy.com\/it\",\"logo\":{\"@type\":\"ImageObject\",\"inLanguage\":\"it-IT\",\"@id\":\"https:\/\/lions-pharmacy.com\/it#\/schema\/logo\/image\/\",\"url\":\"https:\/\/lions-pharmacy.com\/wp-content\/uploads\/2022\/12\/Logo-Lion-Pharmacy-c-o-Loewen-Apotheke-smal.jpg\",\"contentUrl\":\"https:\/\/lions-pharmacy.com\/wp-content\/uploads\/2022\/12\/Logo-Lion-Pharmacy-c-o-Loewen-Apotheke-smal.jpg\",\"width\":298,\"height\":99,\"caption\":\"Lions Pharmacy\"},\"image\":{\"@id\":\"https:\/\/lions-pharmacy.com\/it#\/schema\/logo\/image\/\"}}]}<\/script>\n<!-- \/ Yoast SEO plugin. -->","yoast_head_json":{"title":"Compresse di Hevert per sinusite (100 pz.) &#187; Lion Pharmacy &#187; Scopri di pi\u00f9","description":"Farmacia online tedesca registrata. Offriamo: Spedizione internazionale veloce. Prodotto realizzato da Hevert: Compresse di Hevert per sinusite (100 pz.)","robots":{"index":"index","follow":"follow","max-snippet":"max-snippet:-1","max-image-preview":"max-image-preview:large","max-video-preview":"max-video-preview:-1"},"canonical":"https:\/\/lions-pharmacy.com\/it\/prodotto\/sinusitis-hevert-tablets-100-pcs-19107367","og_locale":"it_IT","og_type":"article","og_title":"Compresse di Hevert per sinusite (100 pz.) &#187; Lion Pharmacy &#187; Scopri di pi\u00f9","og_description":"Farmacia online tedesca registrata. Offriamo: Spedizione internazionale veloce. Prodotto realizzato da Hevert: Compresse di Hevert per sinusite (100 pz.)","og_url":"https:\/\/lions-pharmacy.com\/it\/prodotto\/sinusitis-hevert-tablets-100-pcs-19107367","og_site_name":"Lion Pharmacy","article_modified_time":"2025-01-24T18:12:13+00:00","og_image":[{"width":600,"height":600,"url":"https:\/\/lions-pharmacy.com\/wp-content\/uploads\/2024\/12\/Sinusitis-Hevert-from-Hevert.-PZN-19107367-Lions-Pharmacy.webp","type":"image\/webp"}],"twitter_card":"summary_large_image","twitter_misc":{"Tempo di lettura stimato":"1 minuto"},"schema":{"@context":"https:\/\/schema.org","@graph":[{"@type":"WebPage","@id":"https:\/\/lions-pharmacy.com\/it\/prodotto\/sinusitis-hevert-tablets-100-pcs-19107367","url":"https:\/\/lions-pharmacy.com\/it\/prodotto\/sinusitis-hevert-tablets-100-pcs-19107367","name":"Compresse di Hevert per sinusite (100 pz.) &#187; Lion Pharmacy &#187; Scopri di pi\u00f9","isPartOf":{"@id":"https:\/\/lions-pharmacy.com\/it#website"},"primaryImageOfPage":{"@id":"https:\/\/lions-pharmacy.com\/it\/prodotto\/sinusitis-hevert-tablets-100-pcs-19107367#primaryimage"},"image":{"@id":"https:\/\/lions-pharmacy.com\/it\/prodotto\/sinusitis-hevert-tablets-100-pcs-19107367#primaryimage"},"thumbnailUrl":"https:\/\/lions-pharmacy.com\/wp-content\/uploads\/2024\/12\/Sinusitis-Hevert-from-Hevert.-PZN-19107367-Lions-Pharmacy.webp","datePublished":"2024-12-11T15:20:34+00:00","dateModified":"2025-01-24T18:12:13+00:00","description":"Farmacia online tedesca registrata. Offriamo: Spedizione internazionale veloce. Prodotto realizzato da Hevert: Compresse di Hevert per sinusite (100 pz.)","breadcrumb":{"@id":"https:\/\/lions-pharmacy.com\/it\/prodotto\/sinusitis-hevert-tablets-100-pcs-19107367#breadcrumb"},"inLanguage":"it-IT","potentialAction":[{"@type":"ReadAction","target":["https:\/\/lions-pharmacy.com\/it\/prodotto\/sinusitis-hevert-tablets-100-pcs-19107367"]}]},{"@type":"ImageObject","inLanguage":"it-IT","@id":"https:\/\/lions-pharmacy.com\/it\/prodotto\/sinusitis-hevert-tablets-100-pcs-19107367#primaryimage","url":"https:\/\/lions-pharmacy.com\/wp-content\/uploads\/2024\/12\/Sinusitis-Hevert-from-Hevert.-PZN-19107367-Lions-Pharmacy.webp","contentUrl":"https:\/\/lions-pharmacy.com\/wp-content\/uploads\/2024\/12\/Sinusitis-Hevert-from-Hevert.-PZN-19107367-Lions-Pharmacy.webp","width":600,"height":600,"caption":"L'immagine mostra: Sinusite Hevert da Hevert. PZN 19107367. Farmacia Lions"},{"@type":"BreadcrumbList","@id":"https:\/\/lions-pharmacy.com\/it\/prodotto\/sinusitis-hevert-tablets-100-pcs-19107367#breadcrumb","itemListElement":[{"@type":"ListItem","position":1,"name":"Home","item":"https:\/\/lions-pharmacy.com\/it\/homepage-lion-pharmacy"},{"@type":"ListItem","position":2,"name":"Shop","item":"https:\/\/lions-pharmacy.com\/it\/negozio"},{"@type":"ListItem","position":3,"name":"Compresse di Hevert per sinusite (100 pz.)"}]},{"@type":"WebSite","@id":"https:\/\/lions-pharmacy.com\/it#website","url":"https:\/\/lions-pharmacy.com\/it","name":"Lions Pharmacy","description":"Farmacia specializzata in naturopatia di Baden-Baden, Germania","publisher":{"@id":"https:\/\/lions-pharmacy.com\/it#organization"},"alternateName":"Lion Pharmacy","potentialAction":[{"@type":"SearchAction","target":{"@type":"EntryPoint","urlTemplate":"https:\/\/lions-pharmacy.com\/it?s={search_term_string}"},"query-input":{"@type":"PropertyValueSpecification","valueRequired":true,"valueName":"search_term_string"}}],"inLanguage":"it-IT"},{"@type":"Organization","@id":"https:\/\/lions-pharmacy.com\/it#organization","name":"Lions Pharmacy","alternateName":"Lions Pharmacy24","url":"https:\/\/lions-pharmacy.com\/it","logo":{"@type":"ImageObject","inLanguage":"it-IT","@id":"https:\/\/lions-pharmacy.com\/it#\/schema\/logo\/image\/","url":"https:\/\/lions-pharmacy.com\/wp-content\/uploads\/2022\/12\/Logo-Lion-Pharmacy-c-o-Loewen-Apotheke-smal.jpg","contentUrl":"https:\/\/lions-pharmacy.com\/wp-content\/uploads\/2022\/12\/Logo-Lion-Pharmacy-c-o-Loewen-Apotheke-smal.jpg","width":298,"height":99,"caption":"Lions Pharmacy"},"image":{"@id":"https:\/\/lions-pharmacy.com\/it#\/schema\/logo\/image\/"}}]}},"_links":{"self":[{"href":"https:\/\/lions-pharmacy.com\/it\/wp-json\/wp\/v2\/product\/7416","targetHints":{"allow":["GET"]}}],"collection":[{"href":"https:\/\/lions-pharmacy.com\/it\/wp-json\/wp\/v2\/product"}],"about":[{"href":"https:\/\/lions-pharmacy.com\/it\/wp-json\/wp\/v2\/types\/product"}],"replies":[{"embeddable":true,"href":"https:\/\/lions-pharmacy.com\/it\/wp-json\/wp\/v2\/comments?post=7416"}],"wp:featuredmedia":[{"embeddable":true,"href":"https:\/\/lions-pharmacy.com\/it\/wp-json\/wp\/v2\/media\/7462"}],"wp:attachment":[{"href":"https:\/\/lions-pharmacy.com\/it\/wp-json\/wp\/v2\/media?parent=7416"}],"wp:term":[{"taxonomy":"product_brand","embeddable":true,"href":"https:\/\/lions-pharmacy.com\/it\/wp-json\/wp\/v2\/product_brand?post=7416"},{"taxonomy":"product_cat","embeddable":true,"href":"https:\/\/lions-pharmacy.com\/it\/wp-json\/wp\/v2\/product_cat?post=7416"},{"taxonomy":"product_tag","embeddable":true,"href":"https:\/\/lions-pharmacy.com\/it\/wp-json\/wp\/v2\/product_tag?post=7416"}],"curies":[{"name":"wp","href":"https:\/\/api.w.org\/{rel}","templated":true}]}}