{"id":7358,"date":"2024-12-11T10:45:30","date_gmt":"2024-12-11T09:45:30","guid":{"rendered":"https:\/\/lions-pharmacy.com\/?post_type=product&#038;p=7358"},"modified":"2025-01-24T19:29:12","modified_gmt":"2025-01-24T18:29:12","slug":"vitamin-d3-hevert-4000-iu-90-pcs-11295470","status":"publish","type":"product","link":"https:\/\/lions-pharmacy.com\/it\/prodotto\/vitamin-d3-hevert-4000-iu-90-pcs-11295470","title":{"rendered":"Vitamina D3 Hevert 4000 UI (90 pezzi)."},"content":{"rendered":"<h3>Vitamina D3 Hevert 4000 UI<\/h3>\n<p>Vitamina D3 Hevert 4000 UI: Fornisce all&#8217;organismo vitamina D &#8211; Contribuisce al normale funzionamento del sistema immunitario.<\/p>\n<p>Per questo motivo Hevert si dedica da oltre 60 anni alla naturopatia e allo sviluppo di medicinali naturali ed \u00e8 uno dei principali produttori tedeschi di medicinali omeopatici ed erboristici, nonch\u00e9 di preparati di micronutrienti.<\/p>\n<p>Compiti della vitamina D3 nel tuo corpo:<\/p>\n<ul>\n<li>Costruire le ossa e sostenere la normale funzione ossea<\/li>\n<li>Regola i processi nelle cellule, agisce come un ormone<\/li>\n<li>Protegge le cellule nervose e i neuroni<\/li>\n<li>\u00c8 coinvolto nella sintesi dei neurotrasmettitori<\/li>\n<li>Controlla vari processi nel sistema immunitario<\/li>\n<li>Consumo raccomandato di Vitamina D3 Hevert<\/li>\n<\/ul>\n<p>Foglio illustrativo\/istruzioni per l&#8217;uso\/scheda tecnica: Foglietto illustrativo Hevert Vitamin-D3-4000-IU (lettore PDF)<\/p>\n<p>Altri prodotti per l&#8217;applicazione: <a href=\"https:\/\/lions-pharmacy.com\/product-tag\/vitamins-supplements\">Vitamine e integratori Prodotti<\/a><\/p>\n<p>Per saperne di pi\u00f9 sul produttore e sul prodotto Hevert per la vitamina D3: <a href=\"https:\/\/hevert.com\/de\/en\/product\/calmvalera-tabletten-09263528\" target=\"_blank\" rel=\"noopener\">Hevert<\/a> (link al sito esterno)<\/p>\n<p>Le informazioni contenute in questo sito web sono fornite solo a scopo informativo. Non sostituiscono in alcun modo la visita e il trattamento da parte di un medico. Ci\u00f2 significa che non \u00e8 possibile n\u00e9 fare diagnosi n\u00e9 iniziare terapie.<\/p>\n<p>Per i rischi e gli effetti collaterali, leggere il foglio illustrativo e rivolgersi al medico o al farmacista.<\/p>\n","protected":false},"excerpt":{"rendered":"<h2>Vitamina D3 Hevert 4000 UI<\/h2>\n<p>Fornisce all&#8217;organismo la vitamina D &#8211; Contribuisce al normale funzionamento del sistema immunitario.<\/p>\n<p>&nbsp;<\/p>\n<p>PZN: 11295470<\/p>\n<p>Forma di dosaggio: compresse<\/p>\n<p>Tipo di prescrizione: senza prescrizione<\/p>\n<p>Marchio:-<\/p>\n<p>Produttore: Hevert Arzneimittel GmbH, Germania<\/p>\n<p>Formato dell&#8217;imballaggio: 90 pz.<\/p>\n","protected":false},"featured_media":7371,"comment_status":"closed","ping_status":"closed","template":"","meta":[],"product_brand":[],"product_cat":[579,115],"product_tag":[270,515,269,624,307,271,482,514,310,268],"class_list":{"0":"post-7358","1":"product","2":"type-product","3":"status-publish","4":"has-post-thumbnail","6":"product_cat-hevert-it","7":"product_cat-non-categorizzato","8":"product_tag-benessere","9":"product_tag-corona-e-difese-immunitarie","10":"product_tag-gestione-del-peso","11":"product_tag-immun-it","12":"product_tag-omeopatia","13":"product_tag-peso-e-forma-fisica","14":"product_tag-principio-attivo-a-base-di-erbe","15":"product_tag-principio-attivo-di-origine-vegetale","16":"product_tag-vendita-mensile","17":"product_tag-vitamine-e-integratori","18":"ts_product_brand-all-it","19":"ts_product_brand-hevert-it","21":"first","22":"outofstock","23":"taxable","24":"shipping-taxable","25":"purchasable","26":"product-type-simple"},"yoast_head":"<!-- This site is optimized with the Yoast SEO plugin v26.5 - https:\/\/yoast.com\/wordpress\/plugins\/seo\/ -->\n<title>Vitamina D3 Hevert 4000 UI (90 pezzi). &#187; Scopri di pi\u00f9 su Lion Pharmacy<\/title>\n<meta name=\"description\" content=\"Farmacia online tedesca registrata. Offriamo: Spedizione internazionale veloce. Prodotto realizzato da Hevert: Vitamina D3 Hevert 4000 UI (90 pezzi).\" \/>\n<meta name=\"robots\" content=\"index, follow, max-snippet:-1, max-image-preview:large, max-video-preview:-1\" \/>\n<link rel=\"canonical\" href=\"https:\/\/lions-pharmacy.com\/it\/prodotto\/vitamin-d3-hevert-4000-iu-90-pcs-11295470\" \/>\n<meta property=\"og:locale\" content=\"it_IT\" \/>\n<meta property=\"og:type\" content=\"article\" \/>\n<meta property=\"og:title\" content=\"Vitamina D3 Hevert 4000 UI (90 pezzi). &#187; Scopri di pi\u00f9 su Lion Pharmacy\" \/>\n<meta property=\"og:description\" content=\"Farmacia online tedesca registrata. Offriamo: Spedizione internazionale veloce. Prodotto realizzato da Hevert: Vitamina D3 Hevert 4000 UI (90 pezzi).\" \/>\n<meta property=\"og:url\" content=\"https:\/\/lions-pharmacy.com\/it\/prodotto\/vitamin-d3-hevert-4000-iu-90-pcs-11295470\" \/>\n<meta property=\"og:site_name\" content=\"Lion Pharmacy\" \/>\n<meta property=\"article:modified_time\" content=\"2025-01-24T18:29:12+00:00\" \/>\n<meta property=\"og:image\" content=\"https:\/\/lions-pharmacy.com\/wp-content\/uploads\/2024\/12\/VITAMIN-D3-HEVERT-4000-IE-Tabletten-90-St-Loewen-Apotheke24.webp\" \/>\n\t<meta property=\"og:image:width\" content=\"600\" \/>\n\t<meta property=\"og:image:height\" content=\"600\" \/>\n\t<meta property=\"og:image:type\" content=\"image\/webp\" \/>\n<meta name=\"twitter:card\" content=\"summary_large_image\" \/>\n<meta name=\"twitter:label1\" content=\"Tempo di lettura stimato\" \/>\n\t<meta name=\"twitter:data1\" content=\"1 minuto\" \/>\n<script type=\"application\/ld+json\" class=\"yoast-schema-graph\">{\"@context\":\"https:\/\/schema.org\",\"@graph\":[{\"@type\":\"WebPage\",\"@id\":\"https:\/\/lions-pharmacy.com\/it\/prodotto\/vitamin-d3-hevert-4000-iu-90-pcs-11295470\",\"url\":\"https:\/\/lions-pharmacy.com\/it\/prodotto\/vitamin-d3-hevert-4000-iu-90-pcs-11295470\",\"name\":\"Vitamina D3 Hevert 4000 UI (90 pezzi). &#187; Scopri di pi\u00f9 su Lion Pharmacy\",\"isPartOf\":{\"@id\":\"https:\/\/lions-pharmacy.com\/it#website\"},\"primaryImageOfPage\":{\"@id\":\"https:\/\/lions-pharmacy.com\/it\/prodotto\/vitamin-d3-hevert-4000-iu-90-pcs-11295470#primaryimage\"},\"image\":{\"@id\":\"https:\/\/lions-pharmacy.com\/it\/prodotto\/vitamin-d3-hevert-4000-iu-90-pcs-11295470#primaryimage\"},\"thumbnailUrl\":\"https:\/\/lions-pharmacy.com\/wp-content\/uploads\/2024\/12\/VITAMIN-D3-HEVERT-4000-IE-Tabletten-90-St-Loewen-Apotheke24.webp\",\"datePublished\":\"2024-12-11T09:45:30+00:00\",\"dateModified\":\"2025-01-24T18:29:12+00:00\",\"description\":\"Farmacia online tedesca registrata. Offriamo: Spedizione internazionale veloce. Prodotto realizzato da Hevert: Vitamina D3 Hevert 4000 UI (90 pezzi).\",\"breadcrumb\":{\"@id\":\"https:\/\/lions-pharmacy.com\/it\/prodotto\/vitamin-d3-hevert-4000-iu-90-pcs-11295470#breadcrumb\"},\"inLanguage\":\"it-IT\",\"potentialAction\":[{\"@type\":\"ReadAction\",\"target\":[\"https:\/\/lions-pharmacy.com\/it\/prodotto\/vitamin-d3-hevert-4000-iu-90-pcs-11295470\"]}]},{\"@type\":\"ImageObject\",\"inLanguage\":\"it-IT\",\"@id\":\"https:\/\/lions-pharmacy.com\/it\/prodotto\/vitamin-d3-hevert-4000-iu-90-pcs-11295470#primaryimage\",\"url\":\"https:\/\/lions-pharmacy.com\/wp-content\/uploads\/2024\/12\/VITAMIN-D3-HEVERT-4000-IE-Tabletten-90-St-Loewen-Apotheke24.webp\",\"contentUrl\":\"https:\/\/lions-pharmacy.com\/wp-content\/uploads\/2024\/12\/VITAMIN-D3-HEVERT-4000-IE-Tabletten-90-St-Loewen-Apotheke24.webp\",\"width\":600,\"height\":600,\"caption\":\"VITAMINA-D3-HEVERT-4000-UI-compresse-90-St-Lions Farmacia-PZN 11295470\"},{\"@type\":\"BreadcrumbList\",\"@id\":\"https:\/\/lions-pharmacy.com\/it\/prodotto\/vitamin-d3-hevert-4000-iu-90-pcs-11295470#breadcrumb\",\"itemListElement\":[{\"@type\":\"ListItem\",\"position\":1,\"name\":\"Home\",\"item\":\"https:\/\/lions-pharmacy.com\/it\/homepage-lion-pharmacy\"},{\"@type\":\"ListItem\",\"position\":2,\"name\":\"Shop\",\"item\":\"https:\/\/lions-pharmacy.com\/it\/negozio\"},{\"@type\":\"ListItem\",\"position\":3,\"name\":\"Vitamina D3 Hevert 4000 UI (90 pezzi).\"}]},{\"@type\":\"WebSite\",\"@id\":\"https:\/\/lions-pharmacy.com\/it#website\",\"url\":\"https:\/\/lions-pharmacy.com\/it\",\"name\":\"Lions Pharmacy\",\"description\":\"Farmacia specializzata in naturopatia di Baden-Baden, Germania\",\"publisher\":{\"@id\":\"https:\/\/lions-pharmacy.com\/it#organization\"},\"alternateName\":\"Lion Pharmacy\",\"potentialAction\":[{\"@type\":\"SearchAction\",\"target\":{\"@type\":\"EntryPoint\",\"urlTemplate\":\"https:\/\/lions-pharmacy.com\/it?s={search_term_string}\"},\"query-input\":{\"@type\":\"PropertyValueSpecification\",\"valueRequired\":true,\"valueName\":\"search_term_string\"}}],\"inLanguage\":\"it-IT\"},{\"@type\":\"Organization\",\"@id\":\"https:\/\/lions-pharmacy.com\/it#organization\",\"name\":\"Lions Pharmacy\",\"alternateName\":\"Lions Pharmacy24\",\"url\":\"https:\/\/lions-pharmacy.com\/it\",\"logo\":{\"@type\":\"ImageObject\",\"inLanguage\":\"it-IT\",\"@id\":\"https:\/\/lions-pharmacy.com\/it#\/schema\/logo\/image\/\",\"url\":\"https:\/\/lions-pharmacy.com\/wp-content\/uploads\/2022\/12\/Logo-Lion-Pharmacy-c-o-Loewen-Apotheke-smal.jpg\",\"contentUrl\":\"https:\/\/lions-pharmacy.com\/wp-content\/uploads\/2022\/12\/Logo-Lion-Pharmacy-c-o-Loewen-Apotheke-smal.jpg\",\"width\":298,\"height\":99,\"caption\":\"Lions Pharmacy\"},\"image\":{\"@id\":\"https:\/\/lions-pharmacy.com\/it#\/schema\/logo\/image\/\"}}]}<\/script>\n<!-- \/ Yoast SEO plugin. -->","yoast_head_json":{"title":"Vitamina D3 Hevert 4000 UI (90 pezzi). &#187; Scopri di pi\u00f9 su Lion Pharmacy","description":"Farmacia online tedesca registrata. Offriamo: Spedizione internazionale veloce. Prodotto realizzato da Hevert: Vitamina D3 Hevert 4000 UI (90 pezzi).","robots":{"index":"index","follow":"follow","max-snippet":"max-snippet:-1","max-image-preview":"max-image-preview:large","max-video-preview":"max-video-preview:-1"},"canonical":"https:\/\/lions-pharmacy.com\/it\/prodotto\/vitamin-d3-hevert-4000-iu-90-pcs-11295470","og_locale":"it_IT","og_type":"article","og_title":"Vitamina D3 Hevert 4000 UI (90 pezzi). &#187; Scopri di pi\u00f9 su Lion Pharmacy","og_description":"Farmacia online tedesca registrata. Offriamo: Spedizione internazionale veloce. Prodotto realizzato da Hevert: Vitamina D3 Hevert 4000 UI (90 pezzi).","og_url":"https:\/\/lions-pharmacy.com\/it\/prodotto\/vitamin-d3-hevert-4000-iu-90-pcs-11295470","og_site_name":"Lion Pharmacy","article_modified_time":"2025-01-24T18:29:12+00:00","og_image":[{"width":600,"height":600,"url":"https:\/\/lions-pharmacy.com\/wp-content\/uploads\/2024\/12\/VITAMIN-D3-HEVERT-4000-IE-Tabletten-90-St-Loewen-Apotheke24.webp","type":"image\/webp"}],"twitter_card":"summary_large_image","twitter_misc":{"Tempo di lettura stimato":"1 minuto"},"schema":{"@context":"https:\/\/schema.org","@graph":[{"@type":"WebPage","@id":"https:\/\/lions-pharmacy.com\/it\/prodotto\/vitamin-d3-hevert-4000-iu-90-pcs-11295470","url":"https:\/\/lions-pharmacy.com\/it\/prodotto\/vitamin-d3-hevert-4000-iu-90-pcs-11295470","name":"Vitamina D3 Hevert 4000 UI (90 pezzi). &#187; Scopri di pi\u00f9 su Lion Pharmacy","isPartOf":{"@id":"https:\/\/lions-pharmacy.com\/it#website"},"primaryImageOfPage":{"@id":"https:\/\/lions-pharmacy.com\/it\/prodotto\/vitamin-d3-hevert-4000-iu-90-pcs-11295470#primaryimage"},"image":{"@id":"https:\/\/lions-pharmacy.com\/it\/prodotto\/vitamin-d3-hevert-4000-iu-90-pcs-11295470#primaryimage"},"thumbnailUrl":"https:\/\/lions-pharmacy.com\/wp-content\/uploads\/2024\/12\/VITAMIN-D3-HEVERT-4000-IE-Tabletten-90-St-Loewen-Apotheke24.webp","datePublished":"2024-12-11T09:45:30+00:00","dateModified":"2025-01-24T18:29:12+00:00","description":"Farmacia online tedesca registrata. Offriamo: Spedizione internazionale veloce. Prodotto realizzato da Hevert: Vitamina D3 Hevert 4000 UI (90 pezzi).","breadcrumb":{"@id":"https:\/\/lions-pharmacy.com\/it\/prodotto\/vitamin-d3-hevert-4000-iu-90-pcs-11295470#breadcrumb"},"inLanguage":"it-IT","potentialAction":[{"@type":"ReadAction","target":["https:\/\/lions-pharmacy.com\/it\/prodotto\/vitamin-d3-hevert-4000-iu-90-pcs-11295470"]}]},{"@type":"ImageObject","inLanguage":"it-IT","@id":"https:\/\/lions-pharmacy.com\/it\/prodotto\/vitamin-d3-hevert-4000-iu-90-pcs-11295470#primaryimage","url":"https:\/\/lions-pharmacy.com\/wp-content\/uploads\/2024\/12\/VITAMIN-D3-HEVERT-4000-IE-Tabletten-90-St-Loewen-Apotheke24.webp","contentUrl":"https:\/\/lions-pharmacy.com\/wp-content\/uploads\/2024\/12\/VITAMIN-D3-HEVERT-4000-IE-Tabletten-90-St-Loewen-Apotheke24.webp","width":600,"height":600,"caption":"VITAMINA-D3-HEVERT-4000-UI-compresse-90-St-Lions Farmacia-PZN 11295470"},{"@type":"BreadcrumbList","@id":"https:\/\/lions-pharmacy.com\/it\/prodotto\/vitamin-d3-hevert-4000-iu-90-pcs-11295470#breadcrumb","itemListElement":[{"@type":"ListItem","position":1,"name":"Home","item":"https:\/\/lions-pharmacy.com\/it\/homepage-lion-pharmacy"},{"@type":"ListItem","position":2,"name":"Shop","item":"https:\/\/lions-pharmacy.com\/it\/negozio"},{"@type":"ListItem","position":3,"name":"Vitamina D3 Hevert 4000 UI (90 pezzi)."}]},{"@type":"WebSite","@id":"https:\/\/lions-pharmacy.com\/it#website","url":"https:\/\/lions-pharmacy.com\/it","name":"Lions Pharmacy","description":"Farmacia specializzata in naturopatia di Baden-Baden, Germania","publisher":{"@id":"https:\/\/lions-pharmacy.com\/it#organization"},"alternateName":"Lion Pharmacy","potentialAction":[{"@type":"SearchAction","target":{"@type":"EntryPoint","urlTemplate":"https:\/\/lions-pharmacy.com\/it?s={search_term_string}"},"query-input":{"@type":"PropertyValueSpecification","valueRequired":true,"valueName":"search_term_string"}}],"inLanguage":"it-IT"},{"@type":"Organization","@id":"https:\/\/lions-pharmacy.com\/it#organization","name":"Lions Pharmacy","alternateName":"Lions Pharmacy24","url":"https:\/\/lions-pharmacy.com\/it","logo":{"@type":"ImageObject","inLanguage":"it-IT","@id":"https:\/\/lions-pharmacy.com\/it#\/schema\/logo\/image\/","url":"https:\/\/lions-pharmacy.com\/wp-content\/uploads\/2022\/12\/Logo-Lion-Pharmacy-c-o-Loewen-Apotheke-smal.jpg","contentUrl":"https:\/\/lions-pharmacy.com\/wp-content\/uploads\/2022\/12\/Logo-Lion-Pharmacy-c-o-Loewen-Apotheke-smal.jpg","width":298,"height":99,"caption":"Lions Pharmacy"},"image":{"@id":"https:\/\/lions-pharmacy.com\/it#\/schema\/logo\/image\/"}}]}},"_links":{"self":[{"href":"https:\/\/lions-pharmacy.com\/it\/wp-json\/wp\/v2\/product\/7358","targetHints":{"allow":["GET"]}}],"collection":[{"href":"https:\/\/lions-pharmacy.com\/it\/wp-json\/wp\/v2\/product"}],"about":[{"href":"https:\/\/lions-pharmacy.com\/it\/wp-json\/wp\/v2\/types\/product"}],"replies":[{"embeddable":true,"href":"https:\/\/lions-pharmacy.com\/it\/wp-json\/wp\/v2\/comments?post=7358"}],"wp:featuredmedia":[{"embeddable":true,"href":"https:\/\/lions-pharmacy.com\/it\/wp-json\/wp\/v2\/media\/7371"}],"wp:attachment":[{"href":"https:\/\/lions-pharmacy.com\/it\/wp-json\/wp\/v2\/media?parent=7358"}],"wp:term":[{"taxonomy":"product_brand","embeddable":true,"href":"https:\/\/lions-pharmacy.com\/it\/wp-json\/wp\/v2\/product_brand?post=7358"},{"taxonomy":"product_cat","embeddable":true,"href":"https:\/\/lions-pharmacy.com\/it\/wp-json\/wp\/v2\/product_cat?post=7358"},{"taxonomy":"product_tag","embeddable":true,"href":"https:\/\/lions-pharmacy.com\/it\/wp-json\/wp\/v2\/product_tag?post=7358"}],"curies":[{"name":"wp","href":"https:\/\/api.w.org\/{rel}","templated":true}]}}