{"id":6974,"date":"2024-11-28T12:20:15","date_gmt":"2024-11-28T11:20:15","guid":{"rendered":"https:\/\/lions-pharmacy.com\/?post_type=product&#038;p=6974"},"modified":"2025-01-25T18:55:10","modified_gmt":"2025-01-25T17:55:10","slug":"regena-ney-geront-plus-capsules-60-pcs-4260084038191","status":"publish","type":"product","link":"https:\/\/lions-pharmacy.com\/it\/prodotto\/regena-ney-geront-plus-capsules-60-pcs-4260084038191","title":{"rendered":"Regena Ney Geront pi\u00f9 capsule 60 pz."},"content":{"rendered":"<h2>Regena Ney Geront pi\u00f9 capsule<\/h2>\n<p>Regena Ney Geront capsule &#8211; integratore alimentare. Per migliorare in generale l&#8217;equilibrio energetico, Vitamine per la concentrazione e le prestazioni mentali. B6, B12, vitamina C per la funzione del sistema nervoso e le prestazioni della memoria.<\/p>\n<p>Contribuiscono al metabolismo energetico, alla normale funzione del sistema immunitario, alla normale formazione dei globuli rossi e alla normale funzione psicologica.<\/p>\n<p>La vera bellezza viene da dentro, ma tutti vogliono anche essere in grado di mostrare visibilmente la propria attrattiva all&#8217;esterno. Il modo migliore per ottenere questo risultato \u00e8 possibile con fattori biomolecolari che promuovono la rigenerazione cellulare. vitOrgan \u00e8 uno specialista in ricerca e sviluppo e la sua &#8220;bellissima figlia&#8221; Regena Ney Cosmetic pu\u00f2 attingere a una vasta gamma di risorse. Soprattutto, la naturalit\u00e0 deve essere preservata, ed \u00e8 per questo che nello sviluppo di nuovi prodotti viene prestata particolare attenzione agli ingredienti selezionati.<\/p>\n<p>Le vitamine contenute in Regena Ney GERONT\u00ae plus svolgono un ruolo chiave nella concentrazione e nelle prestazioni mentali.<\/p>\n<p>Le vitamine B6, B12 e la vitamina C sono importanti per il funzionamento del sistema nervoso e supportano le prestazioni della memoria. Contribuiscono al normale metabolismo energetico, al normale funzionamento del sistema immunitario, alla normale formazione dei globuli rossi e alla normale funzione psicologica. Aiutano anche a ridurre la stanchezza e l&#8217;affaticamento. Regena Ney GERONT\u00ae plus con i suoi numerosi antiossidanti naturali aiuta il corpo a proteggersi dai radicali liberi e ad aiutare a scomporre farmaci e altre sostanze estranee.<\/p>\n<p>Per saperne di pi\u00f9 su manufactorer \u2013 link al sito web: <a href=\"https:\/\/vitorgan.de\/en\/products\/\" target=\"_blank\" rel=\"noopener noreferrer\">vitOrgan.de<\/a><br \/>\nAltri prodotti vitOrgan possono essere trovati qui: <a href=\"https:\/\/lions-pharmacy.com\/product-category\/vitorgan\">vitOrgan<\/a><\/p>\n<p>Per i rischi e gli effetti collaterali, leggere il foglio illustrativo e chiedere al medico o al farmacista.<\/p>\n","protected":false},"excerpt":{"rendered":"<h2>Regena Ney Geront pi\u00f9 capsule 60 pz.<\/h2>\n<p>Per migliorare in generale l&#8217;equilibrio energetico, Vitamine per la concentrazione e le prestazioni mentali.<\/p>\n<p>&nbsp;<\/p>\n<p>PZN: 09542406 (Numero Centrale della Farmacia)<\/p>\n<p>Forma di dosaggio: capsule<\/p>\n<p>Tipo di prescrizione: senza prescrizione<\/p>\n<p>Marchio: vitOrgan<\/p>\n<p>Costruttore: vitOrgan GmbH &amp; Co.KG, Ostfildern, Germania<\/p>\n<p>Dimensione dell&#8217;imballo: 60 pezzi.<\/p>\n","protected":false},"featured_media":6980,"comment_status":"closed","ping_status":"closed","template":"","meta":[],"product_brand":[],"product_cat":[124,115,130],"product_tag":[231,307],"class_list":{"0":"post-6974","1":"product","2":"type-product","3":"status-publish","4":"has-post-thumbnail","6":"product_cat-sale-it","7":"product_cat-non-categorizzato","8":"product_cat-vitorgan-it","9":"product_tag-neydil-it","10":"product_tag-omeopatia","11":"ts_product_brand-all-it","12":"ts_product_brand-vitorgan-it","14":"first","15":"instock","16":"sale","17":"taxable","18":"shipping-taxable","19":"purchasable","20":"product-type-simple"},"yoast_head":"<!-- This site is optimized with the Yoast SEO plugin v26.5 - https:\/\/yoast.com\/wordpress\/plugins\/seo\/ -->\n<title>Regena Ney Geront pi\u00f9 capsule 60 pz. &#187; Farmacia - ordina qui<\/title>\n<meta name=\"description\" content=\"Farmacia online tedesca registrata | Spedizione internazionale veloce | Prodotto realizzato da vitOrgan: Regena Ney Geront pi\u00f9 capsule 60 pz.\" \/>\n<meta name=\"robots\" content=\"index, follow, max-snippet:-1, max-image-preview:large, max-video-preview:-1\" \/>\n<link rel=\"canonical\" href=\"https:\/\/lions-pharmacy.com\/it\/prodotto\/regena-ney-geront-plus-capsules-60-pcs-4260084038191\" \/>\n<meta property=\"og:locale\" content=\"it_IT\" \/>\n<meta property=\"og:type\" content=\"article\" \/>\n<meta property=\"og:title\" content=\"Regena Ney Geront pi\u00f9 capsule 60 pz. &#187; Farmacia - ordina qui\" \/>\n<meta property=\"og:description\" content=\"Farmacia online tedesca registrata | Spedizione internazionale veloce | Prodotto realizzato da vitOrgan: Regena Ney Geront pi\u00f9 capsule 60 pz.\" \/>\n<meta property=\"og:url\" content=\"https:\/\/lions-pharmacy.com\/it\/prodotto\/regena-ney-geront-plus-capsules-60-pcs-4260084038191\" \/>\n<meta property=\"og:site_name\" content=\"Lion Pharmacy\" \/>\n<meta property=\"article:modified_time\" content=\"2025-01-25T17:55:10+00:00\" \/>\n<meta property=\"og:image\" content=\"https:\/\/lions-pharmacy.com\/wp-content\/uploads\/2024\/11\/Regena-Ney-Geront-Plus-Vitorgan-PZN-09542406-Lowenapotheke24.webp\" \/>\n\t<meta property=\"og:image:width\" content=\"600\" \/>\n\t<meta property=\"og:image:height\" content=\"600\" \/>\n\t<meta property=\"og:image:type\" content=\"image\/webp\" \/>\n<meta name=\"twitter:card\" content=\"summary_large_image\" \/>\n<meta name=\"twitter:label1\" content=\"Tempo di lettura stimato\" \/>\n\t<meta name=\"twitter:data1\" content=\"1 minuto\" \/>\n<script type=\"application\/ld+json\" class=\"yoast-schema-graph\">{\"@context\":\"https:\/\/schema.org\",\"@graph\":[{\"@type\":\"WebPage\",\"@id\":\"https:\/\/lions-pharmacy.com\/it\/prodotto\/regena-ney-geront-plus-capsules-60-pcs-4260084038191\",\"url\":\"https:\/\/lions-pharmacy.com\/it\/prodotto\/regena-ney-geront-plus-capsules-60-pcs-4260084038191\",\"name\":\"Regena Ney Geront pi\u00f9 capsule 60 pz. &#187; Farmacia - ordina qui\",\"isPartOf\":{\"@id\":\"https:\/\/lions-pharmacy.com\/it#website\"},\"primaryImageOfPage\":{\"@id\":\"https:\/\/lions-pharmacy.com\/it\/prodotto\/regena-ney-geront-plus-capsules-60-pcs-4260084038191#primaryimage\"},\"image\":{\"@id\":\"https:\/\/lions-pharmacy.com\/it\/prodotto\/regena-ney-geront-plus-capsules-60-pcs-4260084038191#primaryimage\"},\"thumbnailUrl\":\"https:\/\/lions-pharmacy.com\/wp-content\/uploads\/2024\/11\/Regena-Ney-Geront-Plus-Vitorgan-PZN-09542406-Lowenapotheke24.webp\",\"datePublished\":\"2024-11-28T11:20:15+00:00\",\"dateModified\":\"2025-01-25T17:55:10+00:00\",\"description\":\"Farmacia online tedesca registrata | Spedizione internazionale veloce | Prodotto realizzato da vitOrgan: Regena Ney Geront pi\u00f9 capsule 60 pz.\",\"breadcrumb\":{\"@id\":\"https:\/\/lions-pharmacy.com\/it\/prodotto\/regena-ney-geront-plus-capsules-60-pcs-4260084038191#breadcrumb\"},\"inLanguage\":\"it-IT\",\"potentialAction\":[{\"@type\":\"ReadAction\",\"target\":[\"https:\/\/lions-pharmacy.com\/it\/prodotto\/regena-ney-geront-plus-capsules-60-pcs-4260084038191\"]}]},{\"@type\":\"ImageObject\",\"inLanguage\":\"it-IT\",\"@id\":\"https:\/\/lions-pharmacy.com\/it\/prodotto\/regena-ney-geront-plus-capsules-60-pcs-4260084038191#primaryimage\",\"url\":\"https:\/\/lions-pharmacy.com\/wp-content\/uploads\/2024\/11\/Regena-Ney-Geront-Plus-Vitorgan-PZN-09542406-Lowenapotheke24.webp\",\"contentUrl\":\"https:\/\/lions-pharmacy.com\/wp-content\/uploads\/2024\/11\/Regena-Ney-Geront-Plus-Vitorgan-PZN-09542406-Lowenapotheke24.webp\",\"width\":600,\"height\":600,\"caption\":\"Regena Ney Geront Plus-Vitorgan-PZN 09542406-Farmacia Lions\"},{\"@type\":\"BreadcrumbList\",\"@id\":\"https:\/\/lions-pharmacy.com\/it\/prodotto\/regena-ney-geront-plus-capsules-60-pcs-4260084038191#breadcrumb\",\"itemListElement\":[{\"@type\":\"ListItem\",\"position\":1,\"name\":\"Home\",\"item\":\"https:\/\/lions-pharmacy.com\/it\/homepage-lion-pharmacy\"},{\"@type\":\"ListItem\",\"position\":2,\"name\":\"Shop\",\"item\":\"https:\/\/lions-pharmacy.com\/it\/negozio\"},{\"@type\":\"ListItem\",\"position\":3,\"name\":\"Regena Ney Geront pi\u00f9 capsule 60 pz.\"}]},{\"@type\":\"WebSite\",\"@id\":\"https:\/\/lions-pharmacy.com\/it#website\",\"url\":\"https:\/\/lions-pharmacy.com\/it\",\"name\":\"Lions Pharmacy\",\"description\":\"Farmacia specializzata in naturopatia di Baden-Baden, Germania\",\"publisher\":{\"@id\":\"https:\/\/lions-pharmacy.com\/it#organization\"},\"alternateName\":\"Lion Pharmacy\",\"potentialAction\":[{\"@type\":\"SearchAction\",\"target\":{\"@type\":\"EntryPoint\",\"urlTemplate\":\"https:\/\/lions-pharmacy.com\/it?s={search_term_string}\"},\"query-input\":{\"@type\":\"PropertyValueSpecification\",\"valueRequired\":true,\"valueName\":\"search_term_string\"}}],\"inLanguage\":\"it-IT\"},{\"@type\":\"Organization\",\"@id\":\"https:\/\/lions-pharmacy.com\/it#organization\",\"name\":\"Lions Pharmacy\",\"alternateName\":\"Lions Pharmacy24\",\"url\":\"https:\/\/lions-pharmacy.com\/it\",\"logo\":{\"@type\":\"ImageObject\",\"inLanguage\":\"it-IT\",\"@id\":\"https:\/\/lions-pharmacy.com\/it#\/schema\/logo\/image\/\",\"url\":\"https:\/\/lions-pharmacy.com\/wp-content\/uploads\/2022\/12\/Logo-Lion-Pharmacy-c-o-Loewen-Apotheke-smal.jpg\",\"contentUrl\":\"https:\/\/lions-pharmacy.com\/wp-content\/uploads\/2022\/12\/Logo-Lion-Pharmacy-c-o-Loewen-Apotheke-smal.jpg\",\"width\":298,\"height\":99,\"caption\":\"Lions Pharmacy\"},\"image\":{\"@id\":\"https:\/\/lions-pharmacy.com\/it#\/schema\/logo\/image\/\"}}]}<\/script>\n<!-- \/ Yoast SEO plugin. -->","yoast_head_json":{"title":"Regena Ney Geront pi\u00f9 capsule 60 pz. &#187; Farmacia - ordina qui","description":"Farmacia online tedesca registrata | Spedizione internazionale veloce | Prodotto realizzato da vitOrgan: Regena Ney Geront pi\u00f9 capsule 60 pz.","robots":{"index":"index","follow":"follow","max-snippet":"max-snippet:-1","max-image-preview":"max-image-preview:large","max-video-preview":"max-video-preview:-1"},"canonical":"https:\/\/lions-pharmacy.com\/it\/prodotto\/regena-ney-geront-plus-capsules-60-pcs-4260084038191","og_locale":"it_IT","og_type":"article","og_title":"Regena Ney Geront pi\u00f9 capsule 60 pz. &#187; Farmacia - ordina qui","og_description":"Farmacia online tedesca registrata | Spedizione internazionale veloce | Prodotto realizzato da vitOrgan: Regena Ney Geront pi\u00f9 capsule 60 pz.","og_url":"https:\/\/lions-pharmacy.com\/it\/prodotto\/regena-ney-geront-plus-capsules-60-pcs-4260084038191","og_site_name":"Lion Pharmacy","article_modified_time":"2025-01-25T17:55:10+00:00","og_image":[{"width":600,"height":600,"url":"https:\/\/lions-pharmacy.com\/wp-content\/uploads\/2024\/11\/Regena-Ney-Geront-Plus-Vitorgan-PZN-09542406-Lowenapotheke24.webp","type":"image\/webp"}],"twitter_card":"summary_large_image","twitter_misc":{"Tempo di lettura stimato":"1 minuto"},"schema":{"@context":"https:\/\/schema.org","@graph":[{"@type":"WebPage","@id":"https:\/\/lions-pharmacy.com\/it\/prodotto\/regena-ney-geront-plus-capsules-60-pcs-4260084038191","url":"https:\/\/lions-pharmacy.com\/it\/prodotto\/regena-ney-geront-plus-capsules-60-pcs-4260084038191","name":"Regena Ney Geront pi\u00f9 capsule 60 pz. &#187; Farmacia - ordina qui","isPartOf":{"@id":"https:\/\/lions-pharmacy.com\/it#website"},"primaryImageOfPage":{"@id":"https:\/\/lions-pharmacy.com\/it\/prodotto\/regena-ney-geront-plus-capsules-60-pcs-4260084038191#primaryimage"},"image":{"@id":"https:\/\/lions-pharmacy.com\/it\/prodotto\/regena-ney-geront-plus-capsules-60-pcs-4260084038191#primaryimage"},"thumbnailUrl":"https:\/\/lions-pharmacy.com\/wp-content\/uploads\/2024\/11\/Regena-Ney-Geront-Plus-Vitorgan-PZN-09542406-Lowenapotheke24.webp","datePublished":"2024-11-28T11:20:15+00:00","dateModified":"2025-01-25T17:55:10+00:00","description":"Farmacia online tedesca registrata | Spedizione internazionale veloce | Prodotto realizzato da vitOrgan: Regena Ney Geront pi\u00f9 capsule 60 pz.","breadcrumb":{"@id":"https:\/\/lions-pharmacy.com\/it\/prodotto\/regena-ney-geront-plus-capsules-60-pcs-4260084038191#breadcrumb"},"inLanguage":"it-IT","potentialAction":[{"@type":"ReadAction","target":["https:\/\/lions-pharmacy.com\/it\/prodotto\/regena-ney-geront-plus-capsules-60-pcs-4260084038191"]}]},{"@type":"ImageObject","inLanguage":"it-IT","@id":"https:\/\/lions-pharmacy.com\/it\/prodotto\/regena-ney-geront-plus-capsules-60-pcs-4260084038191#primaryimage","url":"https:\/\/lions-pharmacy.com\/wp-content\/uploads\/2024\/11\/Regena-Ney-Geront-Plus-Vitorgan-PZN-09542406-Lowenapotheke24.webp","contentUrl":"https:\/\/lions-pharmacy.com\/wp-content\/uploads\/2024\/11\/Regena-Ney-Geront-Plus-Vitorgan-PZN-09542406-Lowenapotheke24.webp","width":600,"height":600,"caption":"Regena Ney Geront Plus-Vitorgan-PZN 09542406-Farmacia Lions"},{"@type":"BreadcrumbList","@id":"https:\/\/lions-pharmacy.com\/it\/prodotto\/regena-ney-geront-plus-capsules-60-pcs-4260084038191#breadcrumb","itemListElement":[{"@type":"ListItem","position":1,"name":"Home","item":"https:\/\/lions-pharmacy.com\/it\/homepage-lion-pharmacy"},{"@type":"ListItem","position":2,"name":"Shop","item":"https:\/\/lions-pharmacy.com\/it\/negozio"},{"@type":"ListItem","position":3,"name":"Regena Ney Geront pi\u00f9 capsule 60 pz."}]},{"@type":"WebSite","@id":"https:\/\/lions-pharmacy.com\/it#website","url":"https:\/\/lions-pharmacy.com\/it","name":"Lions Pharmacy","description":"Farmacia specializzata in naturopatia di Baden-Baden, Germania","publisher":{"@id":"https:\/\/lions-pharmacy.com\/it#organization"},"alternateName":"Lion Pharmacy","potentialAction":[{"@type":"SearchAction","target":{"@type":"EntryPoint","urlTemplate":"https:\/\/lions-pharmacy.com\/it?s={search_term_string}"},"query-input":{"@type":"PropertyValueSpecification","valueRequired":true,"valueName":"search_term_string"}}],"inLanguage":"it-IT"},{"@type":"Organization","@id":"https:\/\/lions-pharmacy.com\/it#organization","name":"Lions Pharmacy","alternateName":"Lions Pharmacy24","url":"https:\/\/lions-pharmacy.com\/it","logo":{"@type":"ImageObject","inLanguage":"it-IT","@id":"https:\/\/lions-pharmacy.com\/it#\/schema\/logo\/image\/","url":"https:\/\/lions-pharmacy.com\/wp-content\/uploads\/2022\/12\/Logo-Lion-Pharmacy-c-o-Loewen-Apotheke-smal.jpg","contentUrl":"https:\/\/lions-pharmacy.com\/wp-content\/uploads\/2022\/12\/Logo-Lion-Pharmacy-c-o-Loewen-Apotheke-smal.jpg","width":298,"height":99,"caption":"Lions Pharmacy"},"image":{"@id":"https:\/\/lions-pharmacy.com\/it#\/schema\/logo\/image\/"}}]}},"_links":{"self":[{"href":"https:\/\/lions-pharmacy.com\/it\/wp-json\/wp\/v2\/product\/6974","targetHints":{"allow":["GET"]}}],"collection":[{"href":"https:\/\/lions-pharmacy.com\/it\/wp-json\/wp\/v2\/product"}],"about":[{"href":"https:\/\/lions-pharmacy.com\/it\/wp-json\/wp\/v2\/types\/product"}],"replies":[{"embeddable":true,"href":"https:\/\/lions-pharmacy.com\/it\/wp-json\/wp\/v2\/comments?post=6974"}],"wp:featuredmedia":[{"embeddable":true,"href":"https:\/\/lions-pharmacy.com\/it\/wp-json\/wp\/v2\/media\/6980"}],"wp:attachment":[{"href":"https:\/\/lions-pharmacy.com\/it\/wp-json\/wp\/v2\/media?parent=6974"}],"wp:term":[{"taxonomy":"product_brand","embeddable":true,"href":"https:\/\/lions-pharmacy.com\/it\/wp-json\/wp\/v2\/product_brand?post=6974"},{"taxonomy":"product_cat","embeddable":true,"href":"https:\/\/lions-pharmacy.com\/it\/wp-json\/wp\/v2\/product_cat?post=6974"},{"taxonomy":"product_tag","embeddable":true,"href":"https:\/\/lions-pharmacy.com\/it\/wp-json\/wp\/v2\/product_tag?post=6974"}],"curies":[{"name":"wp","href":"https:\/\/api.w.org\/{rel}","templated":true}]}}