{"id":6880,"date":"2024-11-28T10:51:44","date_gmt":"2024-11-28T09:51:44","guid":{"rendered":"https:\/\/lions-pharmacy.com\/?post_type=product&#038;p=6880"},"modified":"2025-01-25T20:10:11","modified_gmt":"2025-01-25T19:10:11","slug":"neyparadent-liposome-mouth-drops-15ml-4150014204317","status":"publish","type":"product","link":"https:\/\/lions-pharmacy.com\/it\/prodotto\/neyparadent-liposome-mouth-drops-15ml-4150014204317","title":{"rendered":"NeyParadent Liposoma Gocce Bocca 15ml"},"content":{"rendered":"<h2>NeyParadent Liposoma Gocce Bocca<\/h2>\n<p>Con NeyParadent Liposome gocce orali gocce per la bocca hai a portata di mano un rimedio che rafforza la mucosa orale in modo naturale.<\/p>\n<p>I liposomi (goccioline di grasso fini) trasportano i principi attivi di NeyParadent\u00ae esattamente dove dovrebbero funzionare. Questo processo, noto come &#8220;organtropismo&#8221;, aumenta notevolmente l&#8217;effetto terapeutico. La composizione curativa del liposoma Neyparadent con una formula antibatterica contiene i principi attivi selezionati di camomilla, arnica e mirra, noti per il loro effetto anti-irritante.<\/p>\n<p>Le gocce orali Neyparadent Liposome vengono applicate non diluite sulle zone interessate con un batuffolo di cotone, utilizzate diluite come collutorio o spruzzate direttamente nella cavit\u00e0 orale con il nostro spray antiscivolo. Possono anche essere aggiunti all&#8217;irrigatore orale.<\/p>\n<p>Altri prodotti per l&#8217;applicazione: <a href=\"https:\/\/lions-pharmacy.com\/produkt-kategorie\/vitorgan\">vitOrgan<\/a> | <a href=\"https:\/\/lions-pharmacy.com\/product-tag\/vitamins-supplements\">Vitamine<\/a><br \/>\nPer saperne di pi\u00f9 sul produttore e sul liposoma Neyparadent\u00a9: <a href=\"https:\/\/vitorgan.de\/en\/products\/\" target=\"_blank\" rel=\"noopener\">vitOrgan<\/a> (link al sito esterno). Nome del prodotto alternativo: Gocce per bocca in liposoma Ney-Paradent.<\/p>\n<p>Le informazioni contenute in questo sito web sono fornite solo a scopo informativo. Non sostituiscono in alcun modo la visita e il trattamento da parte di un medico. Ci\u00f2 significa che non \u00e8 possibile n\u00e9 fare diagnosi n\u00e9 iniziare terapie.<\/p>\n<p>Per i rischi e gli effetti collaterali, leggere il foglio illustrativo e rivolgersi al medico o al farmacista.<\/p>\n<p>&nbsp;<\/p>\n","protected":false},"excerpt":{"rendered":"<h2>NeyParadent Liposoma Gocce Bocca 15ml<\/h2>\n<p>con le gocce orali NeyParadent Liposome hai a portata di mano un rimedio che rafforza la mucosa orale in modo naturale.<\/p>\n<p>&nbsp;<\/p>\n<p>PZN: 01420431<\/p>\n<p>Forma di dosaggio: gocce<\/p>\n<p>Tipo di prescrizione: senza prescrizione<\/p>\n<p>Marchio: vitOrgan<\/p>\n<p>Costruttore: vitOrgan GmbH &amp; Co.KG, Ostfildern, Germania<\/p>\n<p>Confezione: 15 ml<\/p>\n","protected":false},"featured_media":6886,"comment_status":"closed","ping_status":"closed","template":"","meta":[],"product_brand":[],"product_cat":[124,115,130],"product_tag":[231,307],"class_list":{"0":"post-6880","1":"product","2":"type-product","3":"status-publish","4":"has-post-thumbnail","6":"product_cat-sale-it","7":"product_cat-non-categorizzato","8":"product_cat-vitorgan-it","9":"product_tag-neydil-it","10":"product_tag-omeopatia","11":"ts_product_brand-all-it","12":"ts_product_brand-vitorgan-it","14":"first","15":"instock","16":"sale","17":"taxable","18":"shipping-taxable","19":"purchasable","20":"product-type-simple"},"yoast_head":"<!-- This site is optimized with the Yoast SEO plugin v26.5 - https:\/\/yoast.com\/wordpress\/plugins\/seo\/ -->\n<title>NeyParadent Liposoma Gocce Bocca 15ml &#187; Farmacia - ordina qui<\/title>\n<meta name=\"description\" content=\"Farmacia online tedesca registrata. Offriamo: Spedizione internazionale veloce. Prodotto da vitOrgan: NeyParadent Liposoma Gocce Bocca 15ml\" \/>\n<meta name=\"robots\" content=\"index, follow, max-snippet:-1, max-image-preview:large, max-video-preview:-1\" \/>\n<link rel=\"canonical\" href=\"https:\/\/lions-pharmacy.com\/it\/prodotto\/neyparadent-liposome-mouth-drops-15ml-4150014204317\" \/>\n<meta property=\"og:locale\" content=\"it_IT\" \/>\n<meta property=\"og:type\" content=\"article\" \/>\n<meta property=\"og:title\" content=\"NeyParadent Liposoma Gocce Bocca 15ml &#187; Farmacia - ordina qui\" \/>\n<meta property=\"og:description\" content=\"Farmacia online tedesca registrata. Offriamo: Spedizione internazionale veloce. Prodotto da vitOrgan: NeyParadent Liposoma Gocce Bocca 15ml\" \/>\n<meta property=\"og:url\" content=\"https:\/\/lions-pharmacy.com\/it\/prodotto\/neyparadent-liposome-mouth-drops-15ml-4150014204317\" \/>\n<meta property=\"og:site_name\" content=\"Lion Pharmacy\" \/>\n<meta property=\"article:modified_time\" content=\"2025-01-25T19:10:11+00:00\" \/>\n<meta property=\"og:image\" content=\"https:\/\/lions-pharmacy.com\/wp-content\/uploads\/2024\/11\/Ney-paradent-15ml-vitorgan-PZN-1420431-Lowenapotheke24.webp\" \/>\n\t<meta property=\"og:image:width\" content=\"600\" \/>\n\t<meta property=\"og:image:height\" content=\"600\" \/>\n\t<meta property=\"og:image:type\" content=\"image\/webp\" \/>\n<meta name=\"twitter:card\" content=\"summary_large_image\" \/>\n<meta name=\"twitter:label1\" content=\"Tempo di lettura stimato\" \/>\n\t<meta name=\"twitter:data1\" content=\"1 minuto\" \/>\n<script type=\"application\/ld+json\" class=\"yoast-schema-graph\">{\"@context\":\"https:\/\/schema.org\",\"@graph\":[{\"@type\":\"WebPage\",\"@id\":\"https:\/\/lions-pharmacy.com\/it\/prodotto\/neyparadent-liposome-mouth-drops-15ml-4150014204317\",\"url\":\"https:\/\/lions-pharmacy.com\/it\/prodotto\/neyparadent-liposome-mouth-drops-15ml-4150014204317\",\"name\":\"NeyParadent Liposoma Gocce Bocca 15ml &#187; Farmacia - ordina qui\",\"isPartOf\":{\"@id\":\"https:\/\/lions-pharmacy.com\/it#website\"},\"primaryImageOfPage\":{\"@id\":\"https:\/\/lions-pharmacy.com\/it\/prodotto\/neyparadent-liposome-mouth-drops-15ml-4150014204317#primaryimage\"},\"image\":{\"@id\":\"https:\/\/lions-pharmacy.com\/it\/prodotto\/neyparadent-liposome-mouth-drops-15ml-4150014204317#primaryimage\"},\"thumbnailUrl\":\"https:\/\/lions-pharmacy.com\/wp-content\/uploads\/2024\/11\/Ney-paradent-15ml-vitorgan-PZN-1420431-Lowenapotheke24.webp\",\"datePublished\":\"2024-11-28T09:51:44+00:00\",\"dateModified\":\"2025-01-25T19:10:11+00:00\",\"description\":\"Farmacia online tedesca registrata. Offriamo: Spedizione internazionale veloce. Prodotto da vitOrgan: NeyParadent Liposoma Gocce Bocca 15ml\",\"breadcrumb\":{\"@id\":\"https:\/\/lions-pharmacy.com\/it\/prodotto\/neyparadent-liposome-mouth-drops-15ml-4150014204317#breadcrumb\"},\"inLanguage\":\"it-IT\",\"potentialAction\":[{\"@type\":\"ReadAction\",\"target\":[\"https:\/\/lions-pharmacy.com\/it\/prodotto\/neyparadent-liposome-mouth-drops-15ml-4150014204317\"]}]},{\"@type\":\"ImageObject\",\"inLanguage\":\"it-IT\",\"@id\":\"https:\/\/lions-pharmacy.com\/it\/prodotto\/neyparadent-liposome-mouth-drops-15ml-4150014204317#primaryimage\",\"url\":\"https:\/\/lions-pharmacy.com\/wp-content\/uploads\/2024\/11\/Ney-paradent-15ml-vitorgan-PZN-1420431-Lowenapotheke24.webp\",\"contentUrl\":\"https:\/\/lions-pharmacy.com\/wp-content\/uploads\/2024\/11\/Ney-paradent-15ml-vitorgan-PZN-1420431-Lowenapotheke24.webp\",\"width\":600,\"height\":600,\"caption\":\"L'immagine mostra Neyparadent 15ml vitorgan. PZN 1420431-Farmacia Lions\"},{\"@type\":\"BreadcrumbList\",\"@id\":\"https:\/\/lions-pharmacy.com\/it\/prodotto\/neyparadent-liposome-mouth-drops-15ml-4150014204317#breadcrumb\",\"itemListElement\":[{\"@type\":\"ListItem\",\"position\":1,\"name\":\"Home\",\"item\":\"https:\/\/lions-pharmacy.com\/it\/homepage-lion-pharmacy\"},{\"@type\":\"ListItem\",\"position\":2,\"name\":\"Shop\",\"item\":\"https:\/\/lions-pharmacy.com\/it\/negozio\"},{\"@type\":\"ListItem\",\"position\":3,\"name\":\"NeyParadent Liposoma Gocce Bocca 15ml\"}]},{\"@type\":\"WebSite\",\"@id\":\"https:\/\/lions-pharmacy.com\/it#website\",\"url\":\"https:\/\/lions-pharmacy.com\/it\",\"name\":\"Lions Pharmacy\",\"description\":\"Farmacia specializzata in naturopatia di Baden-Baden, Germania\",\"publisher\":{\"@id\":\"https:\/\/lions-pharmacy.com\/it#organization\"},\"alternateName\":\"Lion Pharmacy\",\"potentialAction\":[{\"@type\":\"SearchAction\",\"target\":{\"@type\":\"EntryPoint\",\"urlTemplate\":\"https:\/\/lions-pharmacy.com\/it?s={search_term_string}\"},\"query-input\":{\"@type\":\"PropertyValueSpecification\",\"valueRequired\":true,\"valueName\":\"search_term_string\"}}],\"inLanguage\":\"it-IT\"},{\"@type\":\"Organization\",\"@id\":\"https:\/\/lions-pharmacy.com\/it#organization\",\"name\":\"Lions Pharmacy\",\"alternateName\":\"Lions Pharmacy24\",\"url\":\"https:\/\/lions-pharmacy.com\/it\",\"logo\":{\"@type\":\"ImageObject\",\"inLanguage\":\"it-IT\",\"@id\":\"https:\/\/lions-pharmacy.com\/it#\/schema\/logo\/image\/\",\"url\":\"https:\/\/lions-pharmacy.com\/wp-content\/uploads\/2022\/12\/Logo-Lion-Pharmacy-c-o-Loewen-Apotheke-smal.jpg\",\"contentUrl\":\"https:\/\/lions-pharmacy.com\/wp-content\/uploads\/2022\/12\/Logo-Lion-Pharmacy-c-o-Loewen-Apotheke-smal.jpg\",\"width\":298,\"height\":99,\"caption\":\"Lions Pharmacy\"},\"image\":{\"@id\":\"https:\/\/lions-pharmacy.com\/it#\/schema\/logo\/image\/\"}}]}<\/script>\n<!-- \/ Yoast SEO plugin. -->","yoast_head_json":{"title":"NeyParadent Liposoma Gocce Bocca 15ml &#187; Farmacia - ordina qui","description":"Farmacia online tedesca registrata. Offriamo: Spedizione internazionale veloce. Prodotto da vitOrgan: NeyParadent Liposoma Gocce Bocca 15ml","robots":{"index":"index","follow":"follow","max-snippet":"max-snippet:-1","max-image-preview":"max-image-preview:large","max-video-preview":"max-video-preview:-1"},"canonical":"https:\/\/lions-pharmacy.com\/it\/prodotto\/neyparadent-liposome-mouth-drops-15ml-4150014204317","og_locale":"it_IT","og_type":"article","og_title":"NeyParadent Liposoma Gocce Bocca 15ml &#187; Farmacia - ordina qui","og_description":"Farmacia online tedesca registrata. Offriamo: Spedizione internazionale veloce. Prodotto da vitOrgan: NeyParadent Liposoma Gocce Bocca 15ml","og_url":"https:\/\/lions-pharmacy.com\/it\/prodotto\/neyparadent-liposome-mouth-drops-15ml-4150014204317","og_site_name":"Lion Pharmacy","article_modified_time":"2025-01-25T19:10:11+00:00","og_image":[{"width":600,"height":600,"url":"https:\/\/lions-pharmacy.com\/wp-content\/uploads\/2024\/11\/Ney-paradent-15ml-vitorgan-PZN-1420431-Lowenapotheke24.webp","type":"image\/webp"}],"twitter_card":"summary_large_image","twitter_misc":{"Tempo di lettura stimato":"1 minuto"},"schema":{"@context":"https:\/\/schema.org","@graph":[{"@type":"WebPage","@id":"https:\/\/lions-pharmacy.com\/it\/prodotto\/neyparadent-liposome-mouth-drops-15ml-4150014204317","url":"https:\/\/lions-pharmacy.com\/it\/prodotto\/neyparadent-liposome-mouth-drops-15ml-4150014204317","name":"NeyParadent Liposoma Gocce Bocca 15ml &#187; Farmacia - ordina qui","isPartOf":{"@id":"https:\/\/lions-pharmacy.com\/it#website"},"primaryImageOfPage":{"@id":"https:\/\/lions-pharmacy.com\/it\/prodotto\/neyparadent-liposome-mouth-drops-15ml-4150014204317#primaryimage"},"image":{"@id":"https:\/\/lions-pharmacy.com\/it\/prodotto\/neyparadent-liposome-mouth-drops-15ml-4150014204317#primaryimage"},"thumbnailUrl":"https:\/\/lions-pharmacy.com\/wp-content\/uploads\/2024\/11\/Ney-paradent-15ml-vitorgan-PZN-1420431-Lowenapotheke24.webp","datePublished":"2024-11-28T09:51:44+00:00","dateModified":"2025-01-25T19:10:11+00:00","description":"Farmacia online tedesca registrata. Offriamo: Spedizione internazionale veloce. Prodotto da vitOrgan: NeyParadent Liposoma Gocce Bocca 15ml","breadcrumb":{"@id":"https:\/\/lions-pharmacy.com\/it\/prodotto\/neyparadent-liposome-mouth-drops-15ml-4150014204317#breadcrumb"},"inLanguage":"it-IT","potentialAction":[{"@type":"ReadAction","target":["https:\/\/lions-pharmacy.com\/it\/prodotto\/neyparadent-liposome-mouth-drops-15ml-4150014204317"]}]},{"@type":"ImageObject","inLanguage":"it-IT","@id":"https:\/\/lions-pharmacy.com\/it\/prodotto\/neyparadent-liposome-mouth-drops-15ml-4150014204317#primaryimage","url":"https:\/\/lions-pharmacy.com\/wp-content\/uploads\/2024\/11\/Ney-paradent-15ml-vitorgan-PZN-1420431-Lowenapotheke24.webp","contentUrl":"https:\/\/lions-pharmacy.com\/wp-content\/uploads\/2024\/11\/Ney-paradent-15ml-vitorgan-PZN-1420431-Lowenapotheke24.webp","width":600,"height":600,"caption":"L'immagine mostra Neyparadent 15ml vitorgan. PZN 1420431-Farmacia Lions"},{"@type":"BreadcrumbList","@id":"https:\/\/lions-pharmacy.com\/it\/prodotto\/neyparadent-liposome-mouth-drops-15ml-4150014204317#breadcrumb","itemListElement":[{"@type":"ListItem","position":1,"name":"Home","item":"https:\/\/lions-pharmacy.com\/it\/homepage-lion-pharmacy"},{"@type":"ListItem","position":2,"name":"Shop","item":"https:\/\/lions-pharmacy.com\/it\/negozio"},{"@type":"ListItem","position":3,"name":"NeyParadent Liposoma Gocce Bocca 15ml"}]},{"@type":"WebSite","@id":"https:\/\/lions-pharmacy.com\/it#website","url":"https:\/\/lions-pharmacy.com\/it","name":"Lions Pharmacy","description":"Farmacia specializzata in naturopatia di Baden-Baden, Germania","publisher":{"@id":"https:\/\/lions-pharmacy.com\/it#organization"},"alternateName":"Lion Pharmacy","potentialAction":[{"@type":"SearchAction","target":{"@type":"EntryPoint","urlTemplate":"https:\/\/lions-pharmacy.com\/it?s={search_term_string}"},"query-input":{"@type":"PropertyValueSpecification","valueRequired":true,"valueName":"search_term_string"}}],"inLanguage":"it-IT"},{"@type":"Organization","@id":"https:\/\/lions-pharmacy.com\/it#organization","name":"Lions Pharmacy","alternateName":"Lions Pharmacy24","url":"https:\/\/lions-pharmacy.com\/it","logo":{"@type":"ImageObject","inLanguage":"it-IT","@id":"https:\/\/lions-pharmacy.com\/it#\/schema\/logo\/image\/","url":"https:\/\/lions-pharmacy.com\/wp-content\/uploads\/2022\/12\/Logo-Lion-Pharmacy-c-o-Loewen-Apotheke-smal.jpg","contentUrl":"https:\/\/lions-pharmacy.com\/wp-content\/uploads\/2022\/12\/Logo-Lion-Pharmacy-c-o-Loewen-Apotheke-smal.jpg","width":298,"height":99,"caption":"Lions Pharmacy"},"image":{"@id":"https:\/\/lions-pharmacy.com\/it#\/schema\/logo\/image\/"}}]}},"_links":{"self":[{"href":"https:\/\/lions-pharmacy.com\/it\/wp-json\/wp\/v2\/product\/6880","targetHints":{"allow":["GET"]}}],"collection":[{"href":"https:\/\/lions-pharmacy.com\/it\/wp-json\/wp\/v2\/product"}],"about":[{"href":"https:\/\/lions-pharmacy.com\/it\/wp-json\/wp\/v2\/types\/product"}],"replies":[{"embeddable":true,"href":"https:\/\/lions-pharmacy.com\/it\/wp-json\/wp\/v2\/comments?post=6880"}],"wp:featuredmedia":[{"embeddable":true,"href":"https:\/\/lions-pharmacy.com\/it\/wp-json\/wp\/v2\/media\/6886"}],"wp:attachment":[{"href":"https:\/\/lions-pharmacy.com\/it\/wp-json\/wp\/v2\/media?parent=6880"}],"wp:term":[{"taxonomy":"product_brand","embeddable":true,"href":"https:\/\/lions-pharmacy.com\/it\/wp-json\/wp\/v2\/product_brand?post=6880"},{"taxonomy":"product_cat","embeddable":true,"href":"https:\/\/lions-pharmacy.com\/it\/wp-json\/wp\/v2\/product_cat?post=6880"},{"taxonomy":"product_tag","embeddable":true,"href":"https:\/\/lions-pharmacy.com\/it\/wp-json\/wp\/v2\/product_tag?post=6880"}],"curies":[{"name":"wp","href":"https:\/\/api.w.org\/{rel}","templated":true}]}}