{"id":6828,"date":"2024-11-27T17:23:32","date_gmt":"2024-11-27T16:23:32","guid":{"rendered":"https:\/\/lions-pharmacy.com\/?post_type=product&#038;p=6828"},"modified":"2025-01-25T20:29:16","modified_gmt":"2025-01-25T19:29:16","slug":"neydin-m-cosmetic-skin-ointment-50ml-06925822","status":"publish","type":"product","link":"https:\/\/lions-pharmacy.com\/it\/prodotto\/neydin-m-cosmetic-skin-ointment-50ml-06925822","title":{"rendered":"Neydin M unguento cosmetico per la pelle 50ml"},"content":{"rendered":"<h3>Neydin M unguento cosmetico per la pelle<\/h3>\n<p>Cura intensiva per la pelle screpolata Unguento cosmetico per la pelle Neydin M.<\/p>\n<p>NeyDin M \u2013 unguento per la pelle. Gli estratti cellulari della placenta materna e dei testicoli alleviano l&#8217;eczema, le malattie allergiche e infiammatorie della pelle, lenendo il gonfiore e l&#8217;indurimento della pelle. Cura dermatologica dei principi attivi dalla natura. Regena Ney ha sviluppato questo trattamento unico per la pelle appositamente per la pelle sensibile, secca o molto secca e la pelle soggetta ad allergie.<\/p>\n<p>Cura della pelle naturale al 100% per esigenze cutanee molto specifiche.<\/p>\n<p>Le vitamine del gruppo B mobilitano il metabolismo energetico della pelle e del tessuto connettivo, particolarmente importante per la pelle infiammata. Il sale marino contiene importanti minerali e rigenera la pelle irritata.<\/p>\n<p>Foglio illustrativo\/istruzioni per l&#8217;uso\/scheda tecnica dell&#8217;articolo: Neydin M cosmetic (lettore PDF)<br \/>\nAltri prodotti per l&#8217;applicazione: <a href=\"https:\/\/lions-pharmacy.com\/produkt-kategorie\/vitorgan\">vitOrgan<\/a><br \/>\nPer saperne di pi\u00f9 sul produttore e su questo prodotto: <a href=\"https:\/\/vitorgan.de\/en\/products\/\" target=\"_blank\" rel=\"noopener\">vitOrgan<\/a> (link a sito esterno)<\/p>\n<p>Le informazioni contenute in questo sito web sono fornite solo a scopo informativo. Non sostituiscono in alcun modo la visita e il trattamento da parte di un medico. Ci\u00f2 significa che non \u00e8 possibile n\u00e9 fare diagnosi n\u00e9 iniziare terapie.<\/p>\n<p>Per i rischi e gli effetti collaterali, leggere il foglio illustrativo e rivolgersi al medico o al farmacista.<\/p>\n","protected":false},"excerpt":{"rendered":"<h2>Neydin M unguento cosmetico per la pelle 50ml<\/h2>\n<p>Cura della pelle naturale al 100% per esigenze cutanee molto specifiche.<\/p>\n<p>&nbsp;<\/p>\n<p>PZN: 06925822<\/p>\n<p>Forma di dosaggio: crema<\/p>\n<p>Tipo di prescrizione: senza prescrizione<\/p>\n<p>Marchio: Regena Ney<\/p>\n<p>Costruttore: vitOrgan GmbH &amp; Co.KG, Ostfildern, Germania<\/p>\n<p>Confezione: 50 ml<\/p>\n","protected":false},"featured_media":6834,"comment_status":"closed","ping_status":"closed","template":"","meta":[],"product_brand":[],"product_cat":[124,115,130],"product_tag":[270,269,231,307,271,482,480,268],"class_list":{"0":"post-6828","1":"product","2":"type-product","3":"status-publish","4":"has-post-thumbnail","6":"product_cat-sale-it","7":"product_cat-non-categorizzato","8":"product_cat-vitorgan-it","9":"product_tag-benessere","10":"product_tag-gestione-del-peso","11":"product_tag-neydil-it","12":"product_tag-omeopatia","13":"product_tag-peso-e-forma-fisica","14":"product_tag-principio-attivo-a-base-di-erbe","15":"product_tag-rimedi-naturali","16":"product_tag-vitamine-e-integratori","17":"ts_product_brand-all-it","18":"ts_product_brand-vitorgan-it","20":"first","21":"instock","22":"sale","23":"taxable","24":"shipping-taxable","25":"purchasable","26":"product-type-simple"},"yoast_head":"<!-- This site is optimized with the Yoast SEO plugin v26.5 - https:\/\/yoast.com\/wordpress\/plugins\/seo\/ -->\n<title>Neydin M unguento cosmetico per la pelle 50ml &#187; Farmacia - ordina qui<\/title>\n<meta name=\"description\" content=\"Farmacia online tedesca registrata | Spedizione internazionale veloce | Prodotto realizzato da vitOrgan: Neydin M unguento cosmetico per la pelle 50ml\" \/>\n<meta name=\"robots\" content=\"index, follow, max-snippet:-1, max-image-preview:large, max-video-preview:-1\" \/>\n<link rel=\"canonical\" href=\"https:\/\/lions-pharmacy.com\/it\/prodotto\/neydin-m-cosmetic-skin-ointment-50ml-06925822\" \/>\n<meta property=\"og:locale\" content=\"it_IT\" \/>\n<meta property=\"og:type\" content=\"article\" \/>\n<meta property=\"og:title\" content=\"Neydin M unguento cosmetico per la pelle 50ml &#187; Farmacia - ordina qui\" \/>\n<meta property=\"og:description\" content=\"Farmacia online tedesca registrata | Spedizione internazionale veloce | Prodotto realizzato da vitOrgan: Neydin M unguento cosmetico per la pelle 50ml\" \/>\n<meta property=\"og:url\" content=\"https:\/\/lions-pharmacy.com\/it\/prodotto\/neydin-m-cosmetic-skin-ointment-50ml-06925822\" \/>\n<meta property=\"og:site_name\" content=\"Lion Pharmacy\" \/>\n<meta property=\"article:modified_time\" content=\"2025-01-25T19:29:16+00:00\" \/>\n<meta property=\"og:image\" content=\"https:\/\/lions-pharmacy.com\/wp-content\/uploads\/2024\/11\/Neydin-M-Vitorgan-PZN-6925822-Lowenapotheke24.webp\" \/>\n\t<meta property=\"og:image:width\" content=\"600\" \/>\n\t<meta property=\"og:image:height\" content=\"600\" \/>\n\t<meta property=\"og:image:type\" content=\"image\/webp\" \/>\n<meta name=\"twitter:card\" content=\"summary_large_image\" \/>\n<meta name=\"twitter:label1\" content=\"Tempo di lettura stimato\" \/>\n\t<meta name=\"twitter:data1\" content=\"1 minuto\" \/>\n<script type=\"application\/ld+json\" class=\"yoast-schema-graph\">{\"@context\":\"https:\/\/schema.org\",\"@graph\":[{\"@type\":\"WebPage\",\"@id\":\"https:\/\/lions-pharmacy.com\/it\/prodotto\/neydin-m-cosmetic-skin-ointment-50ml-06925822\",\"url\":\"https:\/\/lions-pharmacy.com\/it\/prodotto\/neydin-m-cosmetic-skin-ointment-50ml-06925822\",\"name\":\"Neydin M unguento cosmetico per la pelle 50ml &#187; Farmacia - ordina qui\",\"isPartOf\":{\"@id\":\"https:\/\/lions-pharmacy.com\/it#website\"},\"primaryImageOfPage\":{\"@id\":\"https:\/\/lions-pharmacy.com\/it\/prodotto\/neydin-m-cosmetic-skin-ointment-50ml-06925822#primaryimage\"},\"image\":{\"@id\":\"https:\/\/lions-pharmacy.com\/it\/prodotto\/neydin-m-cosmetic-skin-ointment-50ml-06925822#primaryimage\"},\"thumbnailUrl\":\"https:\/\/lions-pharmacy.com\/wp-content\/uploads\/2024\/11\/Neydin-M-Vitorgan-PZN-6925822-Lowenapotheke24.webp\",\"datePublished\":\"2024-11-27T16:23:32+00:00\",\"dateModified\":\"2025-01-25T19:29:16+00:00\",\"description\":\"Farmacia online tedesca registrata | Spedizione internazionale veloce | Prodotto realizzato da vitOrgan: Neydin M unguento cosmetico per la pelle 50ml\",\"breadcrumb\":{\"@id\":\"https:\/\/lions-pharmacy.com\/it\/prodotto\/neydin-m-cosmetic-skin-ointment-50ml-06925822#breadcrumb\"},\"inLanguage\":\"it-IT\",\"potentialAction\":[{\"@type\":\"ReadAction\",\"target\":[\"https:\/\/lions-pharmacy.com\/it\/prodotto\/neydin-m-cosmetic-skin-ointment-50ml-06925822\"]}]},{\"@type\":\"ImageObject\",\"inLanguage\":\"it-IT\",\"@id\":\"https:\/\/lions-pharmacy.com\/it\/prodotto\/neydin-m-cosmetic-skin-ointment-50ml-06925822#primaryimage\",\"url\":\"https:\/\/lions-pharmacy.com\/wp-content\/uploads\/2024\/11\/Neydin-M-Vitorgan-PZN-6925822-Lowenapotheke24.webp\",\"contentUrl\":\"https:\/\/lions-pharmacy.com\/wp-content\/uploads\/2024\/11\/Neydin-M-Vitorgan-PZN-6925822-Lowenapotheke24.webp\",\"width\":600,\"height\":600,\"caption\":\"L'immagine mostra l'unguento cosmetico per la pelle Neydin M. Vitorgan. PZN 06925822. Farmacia Lions\"},{\"@type\":\"BreadcrumbList\",\"@id\":\"https:\/\/lions-pharmacy.com\/it\/prodotto\/neydin-m-cosmetic-skin-ointment-50ml-06925822#breadcrumb\",\"itemListElement\":[{\"@type\":\"ListItem\",\"position\":1,\"name\":\"Home\",\"item\":\"https:\/\/lions-pharmacy.com\/it\/homepage-lion-pharmacy\"},{\"@type\":\"ListItem\",\"position\":2,\"name\":\"Shop\",\"item\":\"https:\/\/lions-pharmacy.com\/it\/negozio\"},{\"@type\":\"ListItem\",\"position\":3,\"name\":\"Neydin M unguento cosmetico per la pelle 50ml\"}]},{\"@type\":\"WebSite\",\"@id\":\"https:\/\/lions-pharmacy.com\/it#website\",\"url\":\"https:\/\/lions-pharmacy.com\/it\",\"name\":\"Lions Pharmacy\",\"description\":\"Farmacia specializzata in naturopatia di Baden-Baden, Germania\",\"publisher\":{\"@id\":\"https:\/\/lions-pharmacy.com\/it#organization\"},\"alternateName\":\"Lion Pharmacy\",\"potentialAction\":[{\"@type\":\"SearchAction\",\"target\":{\"@type\":\"EntryPoint\",\"urlTemplate\":\"https:\/\/lions-pharmacy.com\/it?s={search_term_string}\"},\"query-input\":{\"@type\":\"PropertyValueSpecification\",\"valueRequired\":true,\"valueName\":\"search_term_string\"}}],\"inLanguage\":\"it-IT\"},{\"@type\":\"Organization\",\"@id\":\"https:\/\/lions-pharmacy.com\/it#organization\",\"name\":\"Lions Pharmacy\",\"alternateName\":\"Lions Pharmacy24\",\"url\":\"https:\/\/lions-pharmacy.com\/it\",\"logo\":{\"@type\":\"ImageObject\",\"inLanguage\":\"it-IT\",\"@id\":\"https:\/\/lions-pharmacy.com\/it#\/schema\/logo\/image\/\",\"url\":\"https:\/\/lions-pharmacy.com\/wp-content\/uploads\/2022\/12\/Logo-Lion-Pharmacy-c-o-Loewen-Apotheke-smal.jpg\",\"contentUrl\":\"https:\/\/lions-pharmacy.com\/wp-content\/uploads\/2022\/12\/Logo-Lion-Pharmacy-c-o-Loewen-Apotheke-smal.jpg\",\"width\":298,\"height\":99,\"caption\":\"Lions Pharmacy\"},\"image\":{\"@id\":\"https:\/\/lions-pharmacy.com\/it#\/schema\/logo\/image\/\"}}]}<\/script>\n<!-- \/ Yoast SEO plugin. -->","yoast_head_json":{"title":"Neydin M unguento cosmetico per la pelle 50ml &#187; Farmacia - ordina qui","description":"Farmacia online tedesca registrata | Spedizione internazionale veloce | Prodotto realizzato da vitOrgan: Neydin M unguento cosmetico per la pelle 50ml","robots":{"index":"index","follow":"follow","max-snippet":"max-snippet:-1","max-image-preview":"max-image-preview:large","max-video-preview":"max-video-preview:-1"},"canonical":"https:\/\/lions-pharmacy.com\/it\/prodotto\/neydin-m-cosmetic-skin-ointment-50ml-06925822","og_locale":"it_IT","og_type":"article","og_title":"Neydin M unguento cosmetico per la pelle 50ml &#187; Farmacia - ordina qui","og_description":"Farmacia online tedesca registrata | Spedizione internazionale veloce | Prodotto realizzato da vitOrgan: Neydin M unguento cosmetico per la pelle 50ml","og_url":"https:\/\/lions-pharmacy.com\/it\/prodotto\/neydin-m-cosmetic-skin-ointment-50ml-06925822","og_site_name":"Lion Pharmacy","article_modified_time":"2025-01-25T19:29:16+00:00","og_image":[{"width":600,"height":600,"url":"https:\/\/lions-pharmacy.com\/wp-content\/uploads\/2024\/11\/Neydin-M-Vitorgan-PZN-6925822-Lowenapotheke24.webp","type":"image\/webp"}],"twitter_card":"summary_large_image","twitter_misc":{"Tempo di lettura stimato":"1 minuto"},"schema":{"@context":"https:\/\/schema.org","@graph":[{"@type":"WebPage","@id":"https:\/\/lions-pharmacy.com\/it\/prodotto\/neydin-m-cosmetic-skin-ointment-50ml-06925822","url":"https:\/\/lions-pharmacy.com\/it\/prodotto\/neydin-m-cosmetic-skin-ointment-50ml-06925822","name":"Neydin M unguento cosmetico per la pelle 50ml &#187; Farmacia - ordina qui","isPartOf":{"@id":"https:\/\/lions-pharmacy.com\/it#website"},"primaryImageOfPage":{"@id":"https:\/\/lions-pharmacy.com\/it\/prodotto\/neydin-m-cosmetic-skin-ointment-50ml-06925822#primaryimage"},"image":{"@id":"https:\/\/lions-pharmacy.com\/it\/prodotto\/neydin-m-cosmetic-skin-ointment-50ml-06925822#primaryimage"},"thumbnailUrl":"https:\/\/lions-pharmacy.com\/wp-content\/uploads\/2024\/11\/Neydin-M-Vitorgan-PZN-6925822-Lowenapotheke24.webp","datePublished":"2024-11-27T16:23:32+00:00","dateModified":"2025-01-25T19:29:16+00:00","description":"Farmacia online tedesca registrata | Spedizione internazionale veloce | Prodotto realizzato da vitOrgan: Neydin M unguento cosmetico per la pelle 50ml","breadcrumb":{"@id":"https:\/\/lions-pharmacy.com\/it\/prodotto\/neydin-m-cosmetic-skin-ointment-50ml-06925822#breadcrumb"},"inLanguage":"it-IT","potentialAction":[{"@type":"ReadAction","target":["https:\/\/lions-pharmacy.com\/it\/prodotto\/neydin-m-cosmetic-skin-ointment-50ml-06925822"]}]},{"@type":"ImageObject","inLanguage":"it-IT","@id":"https:\/\/lions-pharmacy.com\/it\/prodotto\/neydin-m-cosmetic-skin-ointment-50ml-06925822#primaryimage","url":"https:\/\/lions-pharmacy.com\/wp-content\/uploads\/2024\/11\/Neydin-M-Vitorgan-PZN-6925822-Lowenapotheke24.webp","contentUrl":"https:\/\/lions-pharmacy.com\/wp-content\/uploads\/2024\/11\/Neydin-M-Vitorgan-PZN-6925822-Lowenapotheke24.webp","width":600,"height":600,"caption":"L'immagine mostra l'unguento cosmetico per la pelle Neydin M. Vitorgan. PZN 06925822. Farmacia Lions"},{"@type":"BreadcrumbList","@id":"https:\/\/lions-pharmacy.com\/it\/prodotto\/neydin-m-cosmetic-skin-ointment-50ml-06925822#breadcrumb","itemListElement":[{"@type":"ListItem","position":1,"name":"Home","item":"https:\/\/lions-pharmacy.com\/it\/homepage-lion-pharmacy"},{"@type":"ListItem","position":2,"name":"Shop","item":"https:\/\/lions-pharmacy.com\/it\/negozio"},{"@type":"ListItem","position":3,"name":"Neydin M unguento cosmetico per la pelle 50ml"}]},{"@type":"WebSite","@id":"https:\/\/lions-pharmacy.com\/it#website","url":"https:\/\/lions-pharmacy.com\/it","name":"Lions Pharmacy","description":"Farmacia specializzata in naturopatia di Baden-Baden, Germania","publisher":{"@id":"https:\/\/lions-pharmacy.com\/it#organization"},"alternateName":"Lion Pharmacy","potentialAction":[{"@type":"SearchAction","target":{"@type":"EntryPoint","urlTemplate":"https:\/\/lions-pharmacy.com\/it?s={search_term_string}"},"query-input":{"@type":"PropertyValueSpecification","valueRequired":true,"valueName":"search_term_string"}}],"inLanguage":"it-IT"},{"@type":"Organization","@id":"https:\/\/lions-pharmacy.com\/it#organization","name":"Lions Pharmacy","alternateName":"Lions Pharmacy24","url":"https:\/\/lions-pharmacy.com\/it","logo":{"@type":"ImageObject","inLanguage":"it-IT","@id":"https:\/\/lions-pharmacy.com\/it#\/schema\/logo\/image\/","url":"https:\/\/lions-pharmacy.com\/wp-content\/uploads\/2022\/12\/Logo-Lion-Pharmacy-c-o-Loewen-Apotheke-smal.jpg","contentUrl":"https:\/\/lions-pharmacy.com\/wp-content\/uploads\/2022\/12\/Logo-Lion-Pharmacy-c-o-Loewen-Apotheke-smal.jpg","width":298,"height":99,"caption":"Lions Pharmacy"},"image":{"@id":"https:\/\/lions-pharmacy.com\/it#\/schema\/logo\/image\/"}}]}},"_links":{"self":[{"href":"https:\/\/lions-pharmacy.com\/it\/wp-json\/wp\/v2\/product\/6828","targetHints":{"allow":["GET"]}}],"collection":[{"href":"https:\/\/lions-pharmacy.com\/it\/wp-json\/wp\/v2\/product"}],"about":[{"href":"https:\/\/lions-pharmacy.com\/it\/wp-json\/wp\/v2\/types\/product"}],"replies":[{"embeddable":true,"href":"https:\/\/lions-pharmacy.com\/it\/wp-json\/wp\/v2\/comments?post=6828"}],"wp:featuredmedia":[{"embeddable":true,"href":"https:\/\/lions-pharmacy.com\/it\/wp-json\/wp\/v2\/media\/6834"}],"wp:attachment":[{"href":"https:\/\/lions-pharmacy.com\/it\/wp-json\/wp\/v2\/media?parent=6828"}],"wp:term":[{"taxonomy":"product_brand","embeddable":true,"href":"https:\/\/lions-pharmacy.com\/it\/wp-json\/wp\/v2\/product_brand?post=6828"},{"taxonomy":"product_cat","embeddable":true,"href":"https:\/\/lions-pharmacy.com\/it\/wp-json\/wp\/v2\/product_cat?post=6828"},{"taxonomy":"product_tag","embeddable":true,"href":"https:\/\/lions-pharmacy.com\/it\/wp-json\/wp\/v2\/product_tag?post=6828"}],"curies":[{"name":"wp","href":"https:\/\/api.w.org\/{rel}","templated":true}]}}