{"id":6757,"date":"2024-12-03T10:10:25","date_gmt":"2024-12-03T09:10:25","guid":{"rendered":"https:\/\/lions-pharmacy.com\/?post_type=product&#038;p=6757"},"modified":"2025-01-25T23:01:26","modified_gmt":"2025-01-25T22:01:26","slug":"neyvit-no-96-muscle-strength-18307414","status":"publish","type":"product","link":"https:\/\/lions-pharmacy.com\/it\/prodotto\/neyvit-no-96-muscle-strength-18307414","title":{"rendered":"NeyVit No.96 Forza muscolare"},"content":{"rendered":"<h3>NeyVit No.96 Forza muscolare<\/h3>\n<p>NeyVit No.96 Forza muscolare &#8211; Con estratto d&#8217;organo, vitamine e L-carnitina. Con magnesio e vitamina D3:<\/p>\n<p>I preparati omeopatici per organi offerti da vitOrgan per la terapia biomolecolare utilizzano sostanze organiche naturali con effetto regolatore e metabolico per normalizzare fisiologicamente i processi che sono andati fuori equilibrio. La vitOrganismo biomolecolare \u00e8 una terapia di grande successo da 60 anni. Costituisce un ponte tra i cosiddetti campi della medicina ortodossa e della naturopatia. Utilizza sostanze naturali, regolatrici e funzionanti a livello metabolico, disponibili sia nell&#8217;uomo che negli animali, per normalizzare le malattie modificando i processi fisiologici che non sono pi\u00f9 in equilibrio, curando cos\u00ec il paziente non solo dal punto di vista sintomatico, ma anche da quello causale. Secondo il principio &#8220;il cuore guarisce il cuore, il rene guarisce il rene, l&#8217;organo guarisce l&#8217;organo&#8221;, \u00e8 importante risvegliare il potere delle cellule indebolite attraverso una regolazione mirata.<\/p>\n<p>Altri prodotti per l&#8217;applicazione: <a href=\"https:\/\/lions-pharmacy.com\/produkt-kategorie\/vitorgan\">vitOrgan<\/a><br \/>\nPer saperne di pi\u00f9 sul produttore e su questo prodotto: <a href=\"https:\/\/vitorgan.de\/en\/products\/\" target=\"_blank\" rel=\"noopener\">vitOrgan<\/a> (link a sito esterno)<\/p>\n<p>Le informazioni contenute in questo sito web sono fornite solo a scopo informativo. Non sostituiscono in alcun modo la visita e il trattamento da parte di un medico. Ci\u00f2 significa che non \u00e8 possibile n\u00e9 fare diagnosi n\u00e9 iniziare terapie.<\/p>\n<p>Per i rischi e gli effetti collaterali, leggere il foglio illustrativo e rivolgersi al medico o al farmacista.<\/p>\n","protected":false},"excerpt":{"rendered":"<h2>NeyVit No.96 Forza muscolare<\/h2>\n<p>con estratto d&#8217;organo, vitamine e L-carnitina. Con magnesio e vitamina D3.<\/p>\n<p>&nbsp;<\/p>\n<p>PZN: 18307414<\/p>\n<p>Forma di dosaggio: compresse<\/p>\n<p>Tipo di prescrizione: senza prescrizione<\/p>\n<p>Marchio: vitOrgan<\/p>\n<p>Produttore: vitOrgan GmbH &amp; Co.KG, Ostfildern, Germania  [gzd_product_manufacturer]<\/p>\n<p>Dimensione dell&#8217;imballo: 60 pezzi.<\/p>\n","protected":false},"featured_media":6763,"comment_status":"closed","ping_status":"closed","template":"","meta":[],"product_brand":[],"product_cat":[124,115,130],"product_tag":[231,307],"class_list":{"0":"post-6757","1":"product","2":"type-product","3":"status-publish","4":"has-post-thumbnail","6":"product_cat-sale-it","7":"product_cat-non-categorizzato","8":"product_cat-vitorgan-it","9":"product_tag-neydil-it","10":"product_tag-omeopatia","11":"ts_product_brand-all-it","12":"ts_product_brand-vitorgan-it","14":"first","15":"instock","16":"sale","17":"taxable","18":"shipping-taxable","19":"purchasable","20":"product-type-simple"},"yoast_head":"<!-- This site is optimized with the Yoast SEO plugin v26.5 - https:\/\/yoast.com\/wordpress\/plugins\/seo\/ -->\n<title>NeyVit No.96 Forza muscolare &#187; Farmacia - ordina qui<\/title>\n<meta name=\"description\" content=\"Farmacia online tedesca registrata, Offriamo: Spedizione internazionale veloce | Prodotto realizzato da vitOrgan: NeyVit No.96 Forza muscolare\" \/>\n<meta name=\"robots\" content=\"index, follow, max-snippet:-1, max-image-preview:large, max-video-preview:-1\" \/>\n<link rel=\"canonical\" href=\"https:\/\/lions-pharmacy.com\/it\/prodotto\/neyvit-no-96-muscle-strength-18307414\" \/>\n<meta property=\"og:locale\" content=\"it_IT\" \/>\n<meta property=\"og:type\" content=\"article\" \/>\n<meta property=\"og:title\" content=\"NeyVit No.96 Forza muscolare &#187; Farmacia - ordina qui\" \/>\n<meta property=\"og:description\" content=\"Farmacia online tedesca registrata, Offriamo: Spedizione internazionale veloce | Prodotto realizzato da vitOrgan: NeyVit No.96 Forza muscolare\" \/>\n<meta property=\"og:url\" content=\"https:\/\/lions-pharmacy.com\/it\/prodotto\/neyvit-no-96-muscle-strength-18307414\" \/>\n<meta property=\"og:site_name\" content=\"Lion Pharmacy\" \/>\n<meta property=\"article:modified_time\" content=\"2025-01-25T22:01:26+00:00\" \/>\n<meta property=\"og:image\" content=\"https:\/\/lions-pharmacy.com\/wp-content\/uploads\/2024\/11\/NeyVit-Nr.-96-Muskelkraft-PZN-.webp\" \/>\n\t<meta property=\"og:image:width\" content=\"600\" \/>\n\t<meta property=\"og:image:height\" content=\"600\" \/>\n\t<meta property=\"og:image:type\" content=\"image\/webp\" \/>\n<meta name=\"twitter:card\" content=\"summary_large_image\" \/>\n<meta name=\"twitter:label1\" content=\"Tempo di lettura stimato\" \/>\n\t<meta name=\"twitter:data1\" content=\"1 minuto\" \/>\n<script type=\"application\/ld+json\" class=\"yoast-schema-graph\">{\"@context\":\"https:\/\/schema.org\",\"@graph\":[{\"@type\":\"WebPage\",\"@id\":\"https:\/\/lions-pharmacy.com\/it\/prodotto\/neyvit-no-96-muscle-strength-18307414\",\"url\":\"https:\/\/lions-pharmacy.com\/it\/prodotto\/neyvit-no-96-muscle-strength-18307414\",\"name\":\"NeyVit No.96 Forza muscolare &#187; Farmacia - ordina qui\",\"isPartOf\":{\"@id\":\"https:\/\/lions-pharmacy.com\/it#website\"},\"primaryImageOfPage\":{\"@id\":\"https:\/\/lions-pharmacy.com\/it\/prodotto\/neyvit-no-96-muscle-strength-18307414#primaryimage\"},\"image\":{\"@id\":\"https:\/\/lions-pharmacy.com\/it\/prodotto\/neyvit-no-96-muscle-strength-18307414#primaryimage\"},\"thumbnailUrl\":\"https:\/\/lions-pharmacy.com\/wp-content\/uploads\/2024\/11\/NeyVit-Nr.-96-Muskelkraft-PZN-.webp\",\"datePublished\":\"2024-12-03T09:10:25+00:00\",\"dateModified\":\"2025-01-25T22:01:26+00:00\",\"description\":\"Farmacia online tedesca registrata, Offriamo: Spedizione internazionale veloce | Prodotto realizzato da vitOrgan: NeyVit No.96 Forza muscolare\",\"breadcrumb\":{\"@id\":\"https:\/\/lions-pharmacy.com\/it\/prodotto\/neyvit-no-96-muscle-strength-18307414#breadcrumb\"},\"inLanguage\":\"it-IT\",\"potentialAction\":[{\"@type\":\"ReadAction\",\"target\":[\"https:\/\/lions-pharmacy.com\/it\/prodotto\/neyvit-no-96-muscle-strength-18307414\"]}]},{\"@type\":\"ImageObject\",\"inLanguage\":\"it-IT\",\"@id\":\"https:\/\/lions-pharmacy.com\/it\/prodotto\/neyvit-no-96-muscle-strength-18307414#primaryimage\",\"url\":\"https:\/\/lions-pharmacy.com\/wp-content\/uploads\/2024\/11\/NeyVit-Nr.-96-Muskelkraft-PZN-.webp\",\"contentUrl\":\"https:\/\/lions-pharmacy.com\/wp-content\/uploads\/2024\/11\/NeyVit-Nr.-96-Muskelkraft-PZN-.webp\",\"width\":600,\"height\":600,\"caption\":\"L'immagine mostra la forza muscolare NeyVit Nr. 96 PZN 18307414 Vitorgan Lions Pharmacy\"},{\"@type\":\"BreadcrumbList\",\"@id\":\"https:\/\/lions-pharmacy.com\/it\/prodotto\/neyvit-no-96-muscle-strength-18307414#breadcrumb\",\"itemListElement\":[{\"@type\":\"ListItem\",\"position\":1,\"name\":\"Home\",\"item\":\"https:\/\/lions-pharmacy.com\/it\/homepage-lion-pharmacy\"},{\"@type\":\"ListItem\",\"position\":2,\"name\":\"Shop\",\"item\":\"https:\/\/lions-pharmacy.com\/it\/negozio\"},{\"@type\":\"ListItem\",\"position\":3,\"name\":\"NeyVit No.96 Forza muscolare\"}]},{\"@type\":\"WebSite\",\"@id\":\"https:\/\/lions-pharmacy.com\/it#website\",\"url\":\"https:\/\/lions-pharmacy.com\/it\",\"name\":\"Lions Pharmacy\",\"description\":\"Farmacia specializzata in naturopatia di Baden-Baden, Germania\",\"publisher\":{\"@id\":\"https:\/\/lions-pharmacy.com\/it#organization\"},\"alternateName\":\"Lion Pharmacy\",\"potentialAction\":[{\"@type\":\"SearchAction\",\"target\":{\"@type\":\"EntryPoint\",\"urlTemplate\":\"https:\/\/lions-pharmacy.com\/it?s={search_term_string}\"},\"query-input\":{\"@type\":\"PropertyValueSpecification\",\"valueRequired\":true,\"valueName\":\"search_term_string\"}}],\"inLanguage\":\"it-IT\"},{\"@type\":\"Organization\",\"@id\":\"https:\/\/lions-pharmacy.com\/it#organization\",\"name\":\"Lions Pharmacy\",\"alternateName\":\"Lions Pharmacy24\",\"url\":\"https:\/\/lions-pharmacy.com\/it\",\"logo\":{\"@type\":\"ImageObject\",\"inLanguage\":\"it-IT\",\"@id\":\"https:\/\/lions-pharmacy.com\/it#\/schema\/logo\/image\/\",\"url\":\"https:\/\/lions-pharmacy.com\/wp-content\/uploads\/2022\/12\/Logo-Lion-Pharmacy-c-o-Loewen-Apotheke-smal.jpg\",\"contentUrl\":\"https:\/\/lions-pharmacy.com\/wp-content\/uploads\/2022\/12\/Logo-Lion-Pharmacy-c-o-Loewen-Apotheke-smal.jpg\",\"width\":298,\"height\":99,\"caption\":\"Lions Pharmacy\"},\"image\":{\"@id\":\"https:\/\/lions-pharmacy.com\/it#\/schema\/logo\/image\/\"}}]}<\/script>\n<!-- \/ Yoast SEO plugin. -->","yoast_head_json":{"title":"NeyVit No.96 Forza muscolare &#187; Farmacia - ordina qui","description":"Farmacia online tedesca registrata, Offriamo: Spedizione internazionale veloce | Prodotto realizzato da vitOrgan: NeyVit No.96 Forza muscolare","robots":{"index":"index","follow":"follow","max-snippet":"max-snippet:-1","max-image-preview":"max-image-preview:large","max-video-preview":"max-video-preview:-1"},"canonical":"https:\/\/lions-pharmacy.com\/it\/prodotto\/neyvit-no-96-muscle-strength-18307414","og_locale":"it_IT","og_type":"article","og_title":"NeyVit No.96 Forza muscolare &#187; Farmacia - ordina qui","og_description":"Farmacia online tedesca registrata, Offriamo: Spedizione internazionale veloce | Prodotto realizzato da vitOrgan: NeyVit No.96 Forza muscolare","og_url":"https:\/\/lions-pharmacy.com\/it\/prodotto\/neyvit-no-96-muscle-strength-18307414","og_site_name":"Lion Pharmacy","article_modified_time":"2025-01-25T22:01:26+00:00","og_image":[{"width":600,"height":600,"url":"https:\/\/lions-pharmacy.com\/wp-content\/uploads\/2024\/11\/NeyVit-Nr.-96-Muskelkraft-PZN-.webp","type":"image\/webp"}],"twitter_card":"summary_large_image","twitter_misc":{"Tempo di lettura stimato":"1 minuto"},"schema":{"@context":"https:\/\/schema.org","@graph":[{"@type":"WebPage","@id":"https:\/\/lions-pharmacy.com\/it\/prodotto\/neyvit-no-96-muscle-strength-18307414","url":"https:\/\/lions-pharmacy.com\/it\/prodotto\/neyvit-no-96-muscle-strength-18307414","name":"NeyVit No.96 Forza muscolare &#187; Farmacia - ordina qui","isPartOf":{"@id":"https:\/\/lions-pharmacy.com\/it#website"},"primaryImageOfPage":{"@id":"https:\/\/lions-pharmacy.com\/it\/prodotto\/neyvit-no-96-muscle-strength-18307414#primaryimage"},"image":{"@id":"https:\/\/lions-pharmacy.com\/it\/prodotto\/neyvit-no-96-muscle-strength-18307414#primaryimage"},"thumbnailUrl":"https:\/\/lions-pharmacy.com\/wp-content\/uploads\/2024\/11\/NeyVit-Nr.-96-Muskelkraft-PZN-.webp","datePublished":"2024-12-03T09:10:25+00:00","dateModified":"2025-01-25T22:01:26+00:00","description":"Farmacia online tedesca registrata, Offriamo: Spedizione internazionale veloce | Prodotto realizzato da vitOrgan: NeyVit No.96 Forza muscolare","breadcrumb":{"@id":"https:\/\/lions-pharmacy.com\/it\/prodotto\/neyvit-no-96-muscle-strength-18307414#breadcrumb"},"inLanguage":"it-IT","potentialAction":[{"@type":"ReadAction","target":["https:\/\/lions-pharmacy.com\/it\/prodotto\/neyvit-no-96-muscle-strength-18307414"]}]},{"@type":"ImageObject","inLanguage":"it-IT","@id":"https:\/\/lions-pharmacy.com\/it\/prodotto\/neyvit-no-96-muscle-strength-18307414#primaryimage","url":"https:\/\/lions-pharmacy.com\/wp-content\/uploads\/2024\/11\/NeyVit-Nr.-96-Muskelkraft-PZN-.webp","contentUrl":"https:\/\/lions-pharmacy.com\/wp-content\/uploads\/2024\/11\/NeyVit-Nr.-96-Muskelkraft-PZN-.webp","width":600,"height":600,"caption":"L'immagine mostra la forza muscolare NeyVit Nr. 96 PZN 18307414 Vitorgan Lions Pharmacy"},{"@type":"BreadcrumbList","@id":"https:\/\/lions-pharmacy.com\/it\/prodotto\/neyvit-no-96-muscle-strength-18307414#breadcrumb","itemListElement":[{"@type":"ListItem","position":1,"name":"Home","item":"https:\/\/lions-pharmacy.com\/it\/homepage-lion-pharmacy"},{"@type":"ListItem","position":2,"name":"Shop","item":"https:\/\/lions-pharmacy.com\/it\/negozio"},{"@type":"ListItem","position":3,"name":"NeyVit No.96 Forza muscolare"}]},{"@type":"WebSite","@id":"https:\/\/lions-pharmacy.com\/it#website","url":"https:\/\/lions-pharmacy.com\/it","name":"Lions Pharmacy","description":"Farmacia specializzata in naturopatia di Baden-Baden, Germania","publisher":{"@id":"https:\/\/lions-pharmacy.com\/it#organization"},"alternateName":"Lion Pharmacy","potentialAction":[{"@type":"SearchAction","target":{"@type":"EntryPoint","urlTemplate":"https:\/\/lions-pharmacy.com\/it?s={search_term_string}"},"query-input":{"@type":"PropertyValueSpecification","valueRequired":true,"valueName":"search_term_string"}}],"inLanguage":"it-IT"},{"@type":"Organization","@id":"https:\/\/lions-pharmacy.com\/it#organization","name":"Lions Pharmacy","alternateName":"Lions Pharmacy24","url":"https:\/\/lions-pharmacy.com\/it","logo":{"@type":"ImageObject","inLanguage":"it-IT","@id":"https:\/\/lions-pharmacy.com\/it#\/schema\/logo\/image\/","url":"https:\/\/lions-pharmacy.com\/wp-content\/uploads\/2022\/12\/Logo-Lion-Pharmacy-c-o-Loewen-Apotheke-smal.jpg","contentUrl":"https:\/\/lions-pharmacy.com\/wp-content\/uploads\/2022\/12\/Logo-Lion-Pharmacy-c-o-Loewen-Apotheke-smal.jpg","width":298,"height":99,"caption":"Lions Pharmacy"},"image":{"@id":"https:\/\/lions-pharmacy.com\/it#\/schema\/logo\/image\/"}}]}},"_links":{"self":[{"href":"https:\/\/lions-pharmacy.com\/it\/wp-json\/wp\/v2\/product\/6757","targetHints":{"allow":["GET"]}}],"collection":[{"href":"https:\/\/lions-pharmacy.com\/it\/wp-json\/wp\/v2\/product"}],"about":[{"href":"https:\/\/lions-pharmacy.com\/it\/wp-json\/wp\/v2\/types\/product"}],"replies":[{"embeddable":true,"href":"https:\/\/lions-pharmacy.com\/it\/wp-json\/wp\/v2\/comments?post=6757"}],"wp:featuredmedia":[{"embeddable":true,"href":"https:\/\/lions-pharmacy.com\/it\/wp-json\/wp\/v2\/media\/6763"}],"wp:attachment":[{"href":"https:\/\/lions-pharmacy.com\/it\/wp-json\/wp\/v2\/media?parent=6757"}],"wp:term":[{"taxonomy":"product_brand","embeddable":true,"href":"https:\/\/lions-pharmacy.com\/it\/wp-json\/wp\/v2\/product_brand?post=6757"},{"taxonomy":"product_cat","embeddable":true,"href":"https:\/\/lions-pharmacy.com\/it\/wp-json\/wp\/v2\/product_cat?post=6757"},{"taxonomy":"product_tag","embeddable":true,"href":"https:\/\/lions-pharmacy.com\/it\/wp-json\/wp\/v2\/product_tag?post=6757"}],"curies":[{"name":"wp","href":"https:\/\/api.w.org\/{rel}","templated":true}]}}