{"id":6729,"date":"2024-11-27T14:32:25","date_gmt":"2024-11-27T13:32:25","guid":{"rendered":"https:\/\/lions-pharmacy.com\/?post_type=product&#038;p=6729"},"modified":"2025-01-25T10:25:46","modified_gmt":"2025-01-25T09:25:46","slug":"omni-biotic-metabolic-30-x-3g-9120001435005","status":"publish","type":"product","link":"https:\/\/lions-pharmacy.com\/it\/prodotto\/omni-biotic-metabolic-30-x-3g-9120001435005","title":{"rendered":"OMNi-BiOTiC metabolico (30x 3g)"},"content":{"rendered":"<h3>OMNi-BiOTiC metabolico<\/h3>\n<p>OMNi-BiOTiC metabolic \u00e8 adatto a persone in sovrappeso interessate a perdere peso. Una componente chiave per perdere peso \u00e8, ovviamente, una dieta sana e l&#8217;esercizio fisico. Il metabolismo omnibiotico pu\u00f2 supportare questo bilanciando la flora batterica. A differenza delle persone magre, le persone in sovrappeso hanno una flora batterica diversa. Questo viene cambiato con Omnibiotic metabolic in modo che consumino pi\u00f9 calorie. Integratore alimentare con simbionti intestinali altamente attivi.<\/p>\n<p>Foglio illustrativo\/istruzioni per l&#8217;uso\/scheda tecnica articolo: &#8211; (lettore PDF)<\/p>\n<p>Altri prodotti per l&#8217;applicazione: <a href=\"https:\/\/lions-pharmacy.com\/product-tag\/concentration-stress\">Stress e sistema immunitario<\/a> | <a href=\"https:\/\/lions-pharmacy.com\/product-tag\/homeopathy\">Omeopatia<\/a> | <a href=\"https:\/\/lions-pharmacy.com\/product-tag\/vitamins-supplements\">Vitamine e integratori Prodotti<\/a><\/p>\n<p>Per saperne di pi\u00f9 sul produttore e sul prodotto: <a href=\"https:\/\/www.allergosan.com\/de\/unsere-produkte\/omni-biotic\/\" target=\"_blank\" rel=\"noopener\">Omni-Biotic<\/a> (link al sito esterno)<\/p>\n<p>Le informazioni contenute in questo sito web sono fornite solo a scopo informativo. Non sostituiscono in alcun modo la visita e il trattamento da parte di un medico. Ci\u00f2 significa che non \u00e8 possibile n\u00e9 fare diagnosi n\u00e9 iniziare terapie. Gli integratori alimentari non vanno intesi come sostituti di una dieta equilibrata e varia e di uno stile di vita sano. La quantit\u00e0 di consumo giornaliero raccomandata indicata non deve essere superata. Conservare il prodotto fuori dalla portata dei bambini piccoli.<\/p>\n<p>Per i rischi e gli effetti collaterali, leggere il foglio illustrativo e rivolgersi al medico o al farmacista.<\/p>\n","protected":false},"excerpt":{"rendered":"<h3>OMNi-BiOTiC metabolico<\/h3>\n<p>Per ottimizzare la flora intestinale, supporta la digestione e gli integratori alimentari per il sovrappeso<\/p>\n<p>&nbsp;<\/p>\n<p><strong>PZN<\/strong>: 10322590 (Numero centrale della farmacia)<\/p>\n<p><strong>Forma di dosaggio<\/strong>: polvere<\/p>\n<p><strong>Tipo di prescrizione: senza prescrizione<\/strong><\/p>\n<p><strong>Marchio<\/strong>: OMNI-BiOTiC<\/p>\n<p><strong>Produttore<\/strong>: INSTITUT ALLERGOSAN Deutschland GmbH<\/p>\n<p><strong>Confezione<\/strong>: 30 bustine da 3 g<\/p>\n","protected":false},"featured_media":6735,"comment_status":"closed","ping_status":"closed","template":"","meta":[],"product_brand":[],"product_cat":[613,124,115],"product_tag":[298,269,307,271,310,268],"class_list":{"0":"post-6729","1":"product","2":"type-product","3":"status-publish","4":"has-post-thumbnail","6":"product_cat-omni-biotico","7":"product_cat-sale-it","8":"product_cat-non-categorizzato","9":"product_tag-concentrazione-e-stress","10":"product_tag-gestione-del-peso","11":"product_tag-omeopatia","12":"product_tag-peso-e-forma-fisica","13":"product_tag-vendita-mensile","14":"product_tag-vitamine-e-integratori","15":"ts_product_brand-all-it","16":"ts_product_brand-allergosan-it","18":"first","19":"instock","20":"sale","21":"taxable","22":"shipping-taxable","23":"purchasable","24":"product-type-simple"},"yoast_head":"<!-- This site is optimized with the Yoast SEO plugin v26.5 - https:\/\/yoast.com\/wordpress\/plugins\/seo\/ -->\n<title>OMNi-BiOTiC metabolico (30x 3g) &#187; su Lion Pharmacy<\/title>\n<meta name=\"description\" content=\"Una farmacia online registrata. Offriamo: Spedizione internazionale veloce con DHL. Per il supporto del sistema immunitario &gt; OMNi-BiOTiC metabolico (30x 3g)\" \/>\n<meta name=\"robots\" content=\"index, follow, max-snippet:-1, max-image-preview:large, max-video-preview:-1\" \/>\n<link rel=\"canonical\" href=\"https:\/\/lions-pharmacy.com\/it\/prodotto\/omni-biotic-metabolic-30-x-3g-9120001435005\" \/>\n<meta property=\"og:locale\" content=\"it_IT\" \/>\n<meta property=\"og:type\" content=\"article\" \/>\n<meta property=\"og:title\" content=\"OMNi-BiOTiC metabolico (30x 3g) &#187; su Lion Pharmacy\" \/>\n<meta property=\"og:description\" content=\"Una farmacia online registrata. Offriamo: Spedizione internazionale veloce con DHL. Per il supporto del sistema immunitario &gt; OMNi-BiOTiC metabolico (30x 3g)\" \/>\n<meta property=\"og:url\" content=\"https:\/\/lions-pharmacy.com\/it\/prodotto\/omni-biotic-metabolic-30-x-3g-9120001435005\" \/>\n<meta property=\"og:site_name\" content=\"Lion Pharmacy\" \/>\n<meta property=\"article:modified_time\" content=\"2025-01-25T09:25:46+00:00\" \/>\n<meta property=\"og:image\" content=\"https:\/\/lions-pharmacy.com\/wp-content\/uploads\/2024\/11\/Omnibiotic-metabolic-Allergosan-PZN-10322590-Lions-Pharmacy.webp\" \/>\n\t<meta property=\"og:image:width\" content=\"600\" \/>\n\t<meta property=\"og:image:height\" content=\"600\" \/>\n\t<meta property=\"og:image:type\" content=\"image\/webp\" \/>\n<meta name=\"twitter:card\" content=\"summary_large_image\" \/>\n<meta name=\"twitter:label1\" content=\"Tempo di lettura stimato\" \/>\n\t<meta name=\"twitter:data1\" content=\"1 minuto\" \/>\n<script type=\"application\/ld+json\" class=\"yoast-schema-graph\">{\"@context\":\"https:\/\/schema.org\",\"@graph\":[{\"@type\":\"WebPage\",\"@id\":\"https:\/\/lions-pharmacy.com\/it\/prodotto\/omni-biotic-metabolic-30-x-3g-9120001435005\",\"url\":\"https:\/\/lions-pharmacy.com\/it\/prodotto\/omni-biotic-metabolic-30-x-3g-9120001435005\",\"name\":\"OMNi-BiOTiC metabolico (30x 3g) &#187; su Lion Pharmacy\",\"isPartOf\":{\"@id\":\"https:\/\/lions-pharmacy.com\/it#website\"},\"primaryImageOfPage\":{\"@id\":\"https:\/\/lions-pharmacy.com\/it\/prodotto\/omni-biotic-metabolic-30-x-3g-9120001435005#primaryimage\"},\"image\":{\"@id\":\"https:\/\/lions-pharmacy.com\/it\/prodotto\/omni-biotic-metabolic-30-x-3g-9120001435005#primaryimage\"},\"thumbnailUrl\":\"https:\/\/lions-pharmacy.com\/wp-content\/uploads\/2024\/11\/Omnibiotic-metabolic-Allergosan-PZN-10322590-Lions-Pharmacy.webp\",\"datePublished\":\"2024-11-27T13:32:25+00:00\",\"dateModified\":\"2025-01-25T09:25:46+00:00\",\"description\":\"Una farmacia online registrata. Offriamo: Spedizione internazionale veloce con DHL. Per il supporto del sistema immunitario > OMNi-BiOTiC metabolico (30x 3g)\",\"breadcrumb\":{\"@id\":\"https:\/\/lions-pharmacy.com\/it\/prodotto\/omni-biotic-metabolic-30-x-3g-9120001435005#breadcrumb\"},\"inLanguage\":\"it-IT\",\"potentialAction\":[{\"@type\":\"ReadAction\",\"target\":[\"https:\/\/lions-pharmacy.com\/it\/prodotto\/omni-biotic-metabolic-30-x-3g-9120001435005\"]}]},{\"@type\":\"ImageObject\",\"inLanguage\":\"it-IT\",\"@id\":\"https:\/\/lions-pharmacy.com\/it\/prodotto\/omni-biotic-metabolic-30-x-3g-9120001435005#primaryimage\",\"url\":\"https:\/\/lions-pharmacy.com\/wp-content\/uploads\/2024\/11\/Omnibiotic-metabolic-Allergosan-PZN-10322590-Lions-Pharmacy.webp\",\"contentUrl\":\"https:\/\/lions-pharmacy.com\/wp-content\/uploads\/2024\/11\/Omnibiotic-metabolic-Allergosan-PZN-10322590-Lions-Pharmacy.webp\",\"width\":600,\"height\":600,\"caption\":\"L'immagine mostra OMNi-BiOTiC metabolico, Allergosan. PZN 10322590. Farmacia Lions\"},{\"@type\":\"BreadcrumbList\",\"@id\":\"https:\/\/lions-pharmacy.com\/it\/prodotto\/omni-biotic-metabolic-30-x-3g-9120001435005#breadcrumb\",\"itemListElement\":[{\"@type\":\"ListItem\",\"position\":1,\"name\":\"Home\",\"item\":\"https:\/\/lions-pharmacy.com\/it\/homepage-lion-pharmacy\"},{\"@type\":\"ListItem\",\"position\":2,\"name\":\"Shop\",\"item\":\"https:\/\/lions-pharmacy.com\/it\/negozio\"},{\"@type\":\"ListItem\",\"position\":3,\"name\":\"OMNi-BiOTiC metabolico (30x 3g)\"}]},{\"@type\":\"WebSite\",\"@id\":\"https:\/\/lions-pharmacy.com\/it#website\",\"url\":\"https:\/\/lions-pharmacy.com\/it\",\"name\":\"Lions Pharmacy\",\"description\":\"Farmacia specializzata in naturopatia di Baden-Baden, Germania\",\"publisher\":{\"@id\":\"https:\/\/lions-pharmacy.com\/it#organization\"},\"alternateName\":\"Lion Pharmacy\",\"potentialAction\":[{\"@type\":\"SearchAction\",\"target\":{\"@type\":\"EntryPoint\",\"urlTemplate\":\"https:\/\/lions-pharmacy.com\/it?s={search_term_string}\"},\"query-input\":{\"@type\":\"PropertyValueSpecification\",\"valueRequired\":true,\"valueName\":\"search_term_string\"}}],\"inLanguage\":\"it-IT\"},{\"@type\":\"Organization\",\"@id\":\"https:\/\/lions-pharmacy.com\/it#organization\",\"name\":\"Lions Pharmacy\",\"alternateName\":\"Lions Pharmacy24\",\"url\":\"https:\/\/lions-pharmacy.com\/it\",\"logo\":{\"@type\":\"ImageObject\",\"inLanguage\":\"it-IT\",\"@id\":\"https:\/\/lions-pharmacy.com\/it#\/schema\/logo\/image\/\",\"url\":\"https:\/\/lions-pharmacy.com\/wp-content\/uploads\/2022\/12\/Logo-Lion-Pharmacy-c-o-Loewen-Apotheke-smal.jpg\",\"contentUrl\":\"https:\/\/lions-pharmacy.com\/wp-content\/uploads\/2022\/12\/Logo-Lion-Pharmacy-c-o-Loewen-Apotheke-smal.jpg\",\"width\":298,\"height\":99,\"caption\":\"Lions Pharmacy\"},\"image\":{\"@id\":\"https:\/\/lions-pharmacy.com\/it#\/schema\/logo\/image\/\"}}]}<\/script>\n<!-- \/ Yoast SEO plugin. -->","yoast_head_json":{"title":"OMNi-BiOTiC metabolico (30x 3g) &#187; su Lion Pharmacy","description":"Una farmacia online registrata. Offriamo: Spedizione internazionale veloce con DHL. Per il supporto del sistema immunitario > OMNi-BiOTiC metabolico (30x 3g)","robots":{"index":"index","follow":"follow","max-snippet":"max-snippet:-1","max-image-preview":"max-image-preview:large","max-video-preview":"max-video-preview:-1"},"canonical":"https:\/\/lions-pharmacy.com\/it\/prodotto\/omni-biotic-metabolic-30-x-3g-9120001435005","og_locale":"it_IT","og_type":"article","og_title":"OMNi-BiOTiC metabolico (30x 3g) &#187; su Lion Pharmacy","og_description":"Una farmacia online registrata. Offriamo: Spedizione internazionale veloce con DHL. Per il supporto del sistema immunitario > OMNi-BiOTiC metabolico (30x 3g)","og_url":"https:\/\/lions-pharmacy.com\/it\/prodotto\/omni-biotic-metabolic-30-x-3g-9120001435005","og_site_name":"Lion Pharmacy","article_modified_time":"2025-01-25T09:25:46+00:00","og_image":[{"width":600,"height":600,"url":"https:\/\/lions-pharmacy.com\/wp-content\/uploads\/2024\/11\/Omnibiotic-metabolic-Allergosan-PZN-10322590-Lions-Pharmacy.webp","type":"image\/webp"}],"twitter_card":"summary_large_image","twitter_misc":{"Tempo di lettura stimato":"1 minuto"},"schema":{"@context":"https:\/\/schema.org","@graph":[{"@type":"WebPage","@id":"https:\/\/lions-pharmacy.com\/it\/prodotto\/omni-biotic-metabolic-30-x-3g-9120001435005","url":"https:\/\/lions-pharmacy.com\/it\/prodotto\/omni-biotic-metabolic-30-x-3g-9120001435005","name":"OMNi-BiOTiC metabolico (30x 3g) &#187; su Lion Pharmacy","isPartOf":{"@id":"https:\/\/lions-pharmacy.com\/it#website"},"primaryImageOfPage":{"@id":"https:\/\/lions-pharmacy.com\/it\/prodotto\/omni-biotic-metabolic-30-x-3g-9120001435005#primaryimage"},"image":{"@id":"https:\/\/lions-pharmacy.com\/it\/prodotto\/omni-biotic-metabolic-30-x-3g-9120001435005#primaryimage"},"thumbnailUrl":"https:\/\/lions-pharmacy.com\/wp-content\/uploads\/2024\/11\/Omnibiotic-metabolic-Allergosan-PZN-10322590-Lions-Pharmacy.webp","datePublished":"2024-11-27T13:32:25+00:00","dateModified":"2025-01-25T09:25:46+00:00","description":"Una farmacia online registrata. Offriamo: Spedizione internazionale veloce con DHL. Per il supporto del sistema immunitario > OMNi-BiOTiC metabolico (30x 3g)","breadcrumb":{"@id":"https:\/\/lions-pharmacy.com\/it\/prodotto\/omni-biotic-metabolic-30-x-3g-9120001435005#breadcrumb"},"inLanguage":"it-IT","potentialAction":[{"@type":"ReadAction","target":["https:\/\/lions-pharmacy.com\/it\/prodotto\/omni-biotic-metabolic-30-x-3g-9120001435005"]}]},{"@type":"ImageObject","inLanguage":"it-IT","@id":"https:\/\/lions-pharmacy.com\/it\/prodotto\/omni-biotic-metabolic-30-x-3g-9120001435005#primaryimage","url":"https:\/\/lions-pharmacy.com\/wp-content\/uploads\/2024\/11\/Omnibiotic-metabolic-Allergosan-PZN-10322590-Lions-Pharmacy.webp","contentUrl":"https:\/\/lions-pharmacy.com\/wp-content\/uploads\/2024\/11\/Omnibiotic-metabolic-Allergosan-PZN-10322590-Lions-Pharmacy.webp","width":600,"height":600,"caption":"L'immagine mostra OMNi-BiOTiC metabolico, Allergosan. PZN 10322590. Farmacia Lions"},{"@type":"BreadcrumbList","@id":"https:\/\/lions-pharmacy.com\/it\/prodotto\/omni-biotic-metabolic-30-x-3g-9120001435005#breadcrumb","itemListElement":[{"@type":"ListItem","position":1,"name":"Home","item":"https:\/\/lions-pharmacy.com\/it\/homepage-lion-pharmacy"},{"@type":"ListItem","position":2,"name":"Shop","item":"https:\/\/lions-pharmacy.com\/it\/negozio"},{"@type":"ListItem","position":3,"name":"OMNi-BiOTiC metabolico (30x 3g)"}]},{"@type":"WebSite","@id":"https:\/\/lions-pharmacy.com\/it#website","url":"https:\/\/lions-pharmacy.com\/it","name":"Lions Pharmacy","description":"Farmacia specializzata in naturopatia di Baden-Baden, Germania","publisher":{"@id":"https:\/\/lions-pharmacy.com\/it#organization"},"alternateName":"Lion Pharmacy","potentialAction":[{"@type":"SearchAction","target":{"@type":"EntryPoint","urlTemplate":"https:\/\/lions-pharmacy.com\/it?s={search_term_string}"},"query-input":{"@type":"PropertyValueSpecification","valueRequired":true,"valueName":"search_term_string"}}],"inLanguage":"it-IT"},{"@type":"Organization","@id":"https:\/\/lions-pharmacy.com\/it#organization","name":"Lions Pharmacy","alternateName":"Lions Pharmacy24","url":"https:\/\/lions-pharmacy.com\/it","logo":{"@type":"ImageObject","inLanguage":"it-IT","@id":"https:\/\/lions-pharmacy.com\/it#\/schema\/logo\/image\/","url":"https:\/\/lions-pharmacy.com\/wp-content\/uploads\/2022\/12\/Logo-Lion-Pharmacy-c-o-Loewen-Apotheke-smal.jpg","contentUrl":"https:\/\/lions-pharmacy.com\/wp-content\/uploads\/2022\/12\/Logo-Lion-Pharmacy-c-o-Loewen-Apotheke-smal.jpg","width":298,"height":99,"caption":"Lions Pharmacy"},"image":{"@id":"https:\/\/lions-pharmacy.com\/it#\/schema\/logo\/image\/"}}]}},"_links":{"self":[{"href":"https:\/\/lions-pharmacy.com\/it\/wp-json\/wp\/v2\/product\/6729","targetHints":{"allow":["GET"]}}],"collection":[{"href":"https:\/\/lions-pharmacy.com\/it\/wp-json\/wp\/v2\/product"}],"about":[{"href":"https:\/\/lions-pharmacy.com\/it\/wp-json\/wp\/v2\/types\/product"}],"replies":[{"embeddable":true,"href":"https:\/\/lions-pharmacy.com\/it\/wp-json\/wp\/v2\/comments?post=6729"}],"wp:featuredmedia":[{"embeddable":true,"href":"https:\/\/lions-pharmacy.com\/it\/wp-json\/wp\/v2\/media\/6735"}],"wp:attachment":[{"href":"https:\/\/lions-pharmacy.com\/it\/wp-json\/wp\/v2\/media?parent=6729"}],"wp:term":[{"taxonomy":"product_brand","embeddable":true,"href":"https:\/\/lions-pharmacy.com\/it\/wp-json\/wp\/v2\/product_brand?post=6729"},{"taxonomy":"product_cat","embeddable":true,"href":"https:\/\/lions-pharmacy.com\/it\/wp-json\/wp\/v2\/product_cat?post=6729"},{"taxonomy":"product_tag","embeddable":true,"href":"https:\/\/lions-pharmacy.com\/it\/wp-json\/wp\/v2\/product_tag?post=6729"}],"curies":[{"name":"wp","href":"https:\/\/api.w.org\/{rel}","templated":true}]}}