{"id":6644,"date":"2024-11-26T15:52:24","date_gmt":"2024-11-26T14:52:24","guid":{"rendered":"https:\/\/lions-pharmacy.com\/?post_type=product&#038;p=6644"},"modified":"2026-02-08T06:55:19","modified_gmt":"2026-02-08T05:55:19","slug":"vitamin-b12-injektopas-100x-1ml-4150075686954","status":"publish","type":"product","link":"https:\/\/lions-pharmacy.com\/it\/prodotto\/vitamin-b12-injektopas-100x-1ml-4150075686954","title":{"rendered":"Vitamina B12 Injektopas (100x 1ml)"},"content":{"rendered":"<h2>Vitamina B12 Injektopas 1500 \u03bcg<\/h2>\n<p>Soluzione iniettabile di vitamina B12 Injektopas (100x 1ml). La vitamina B 12 \u00e8 una vitamina idrosolubile di cui l&#8217;organismo ha bisogno per lo sviluppo delle cellule nervose, per il metabolismo delle proteine e del nucleo e per l&#8217;assorbimento dell&#8217;acido folico nei globuli rossi. La vitamina B 12 si trova nei latticini, nei prodotti integrali, nel pesce e nella carne e nelle uova. Varie malattie, come l&#8217;infiammazione cronica dell&#8217;intestino o anni di assunzione di alcuni farmaci inibitori dell&#8217;acidit\u00e0 di stomaco, possono portare a una carenza di vitamina B 12.<\/p>\n<p>Per la carenza di vitamina B12 non pu\u00f2 essere risolta con la dieta. Non auto-trattare con iniezioni. La terapia iniettiva deve essere somministrata professionalmente in uno studio.<\/p>\n<p>Principio attivo: Idrossocobalamina acetato 1500 \u00b5g per ml di soluzione iniettabile.<\/p>\n<p>Il portafoglio Pascoe comprende circa 200 prodotti. Questi includono medicinali a base di erbe, preparati vitaminici ad alte dosi, rimedi complessi omeopatici e integratori alimentari. La variet\u00e0 di medicinali tiene conto dei complessi requisiti dei prodotti sanitari. Il nostro successo ci d\u00e0 ragione anche a livello internazionale: i nostri prodotti vengono esportati in pi\u00f9 di 30 paesi in tutto il mondo e la tendenza \u00e8 in aumento.<\/p>\n<p>Altri prodotti per l&#8217;applicazione: <a href=\"https:\/\/lions-pharmacy.com\/it\/tag-prodotto\/omeopatia\">Omeopatia<\/a> | <a href=\"https:\/\/lions-pharmacy.com\/it\/tag-prodotto\/vitamine-e-integratori\">Vitamine<\/a> | <a href=\"https:\/\/lions-pharmacy.com\/it\/tag-prodotto\/infezione-virale\">Infezioni<\/a><\/p>\n<p>Ulteriori informazioni sul manufactorer e su questo prodotto: <a href=\"https:\/\/www.pascoe.de\/\" target=\"_blank\" rel=\"noopener\">Pascoe pharmazeutische Pr\u00e4parate GmbH<\/a> (link al sito esterno)<\/p>\n<p data-pm-slice=\"1 1 []\">Gli integratori alimentari non vanno intesi come sostituti di una dieta equilibrata e varia e di uno stile di vita sano. La quantit\u00e0 di consumo giornaliero raccomandata non deve essere superata. Le informazioni contenute in questo sito web sono fornite solo a scopo informativo. Non sostituiscono in alcun modo la visita e il trattamento da parte di un medico. Tieni presente che non pu\u00f2 essere utilizzato per formulare una diagnosi o iniziare una terapia.<\/p>\n<p>Per informazioni sui rischi e sugli effetti collaterali, leggi il foglietto illustrativo e chiedi al tuo medico o alla farmacia.<\/p>\n<p><strong>\u00c8 disponibile la ricetta medica o la ricetta elettronica?<\/strong><\/p>\n<p>Invia subito la tua prescrizione elettronica. Usa la nostra <a class=\"ProsemirrorEditor-link\" href=\"https:\/\/e-rezept-app.de\/\">app per le prescrizioni elettroniche<\/a>. E ti offriamo la spedizione gratuita in Germania!<\/p>\n","protected":false},"excerpt":{"rendered":"<h2>Vitamina B12 Injektopas (100x 1ml) &#8211; 1500\u03bcg<\/h2>\n<p>Soluzione iniettabile di vitamina B12. Idrossocobalamina acetato 1500 \u00b5g per ml di soluzione iniettabile.<\/p>\n<p>&nbsp;<\/p>\n<p><strong>PZN<\/strong>: 07568695 (Numero centrale della farmacia)<\/p>\n<p><strong>Forma di dosaggio<\/strong>: Liquido per iniezione<\/p>\n<p><strong>Tipo di prescrizione: senza prescrizione<\/strong><\/p>\n<p><strong>Produttore<\/strong>: Pascoe pharmazeutische Pr\u00e4parate GmbH, Germania<\/p>\n<p><strong>Dimensione dell&#8217;imballaggio<\/strong>: 100 pezzi. un 1ml<\/p>\n","protected":false},"featured_media":6651,"comment_status":"closed","ping_status":"closed","template":"","meta":[],"product_brand":[],"product_cat":[600,115],"product_tag":[270,298,307,268],"class_list":{"0":"post-6644","1":"product","2":"type-product","3":"status-publish","4":"has-post-thumbnail","6":"product_cat-pascoe-it","7":"product_cat-non-categorizzato","8":"product_tag-benessere","9":"product_tag-concentrazione-e-stress","10":"product_tag-omeopatia","11":"product_tag-vitamine-e-integratori","12":"ts_product_brand-all-it","13":"ts_product_brand-pascoe-it","15":"first","16":"instock","17":"sale","18":"taxable","19":"shipping-taxable","20":"purchasable","21":"product-type-simple"},"yoast_head":"<!-- This site is optimized with the Yoast SEO plugin v26.5 - https:\/\/yoast.com\/wordpress\/plugins\/seo\/ -->\n<title>Vitamina B12 Injektopas (100x 1ml) &#187; su Lion Pharmacy<\/title>\n<meta name=\"description\" content=\"Lions Pharmacy \u00e8 una farmacia tedesca registrata. Spedizione internazionale veloce con DHL. Scopri di pi\u00f9 su Pascoe e Vitamina B12 Injektopas (100x 1ml)\" \/>\n<meta name=\"robots\" content=\"index, follow, max-snippet:-1, max-image-preview:large, max-video-preview:-1\" \/>\n<link rel=\"canonical\" href=\"https:\/\/lions-pharmacy.com\/it\/prodotto\/vitamin-b12-injektopas-100x-1ml-4150075686954\" \/>\n<meta property=\"og:locale\" content=\"it_IT\" \/>\n<meta property=\"og:type\" content=\"article\" \/>\n<meta property=\"og:title\" content=\"Vitamina B12 Injektopas (100x 1ml) &#187; su Lion Pharmacy\" \/>\n<meta property=\"og:description\" content=\"Lions Pharmacy \u00e8 una farmacia tedesca registrata. Spedizione internazionale veloce con DHL. Scopri di pi\u00f9 su Pascoe e Vitamina B12 Injektopas (100x 1ml)\" \/>\n<meta property=\"og:url\" content=\"https:\/\/lions-pharmacy.com\/it\/prodotto\/vitamin-b12-injektopas-100x-1ml-4150075686954\" \/>\n<meta property=\"og:site_name\" content=\"Lion Pharmacy\" \/>\n<meta property=\"article:modified_time\" content=\"2026-02-08T05:55:19+00:00\" \/>\n<meta property=\"og:image\" content=\"https:\/\/lions-pharmacy.com\/wp-content\/uploads\/2024\/11\/Vitamin-B12-Depot-Injektopass-100-ml-PZN-07568695-Pascoe-Lionspharmacy.webp\" \/>\n\t<meta property=\"og:image:width\" content=\"600\" \/>\n\t<meta property=\"og:image:height\" content=\"600\" \/>\n\t<meta property=\"og:image:type\" content=\"image\/webp\" \/>\n<meta name=\"twitter:card\" content=\"summary_large_image\" \/>\n<meta name=\"twitter:label1\" content=\"Tempo di lettura stimato\" \/>\n\t<meta name=\"twitter:data1\" content=\"2 minuti\" \/>\n<script type=\"application\/ld+json\" class=\"yoast-schema-graph\">{\"@context\":\"https:\/\/schema.org\",\"@graph\":[{\"@type\":\"WebPage\",\"@id\":\"https:\/\/lions-pharmacy.com\/it\/prodotto\/vitamin-b12-injektopas-100x-1ml-4150075686954\",\"url\":\"https:\/\/lions-pharmacy.com\/it\/prodotto\/vitamin-b12-injektopas-100x-1ml-4150075686954\",\"name\":\"Vitamina B12 Injektopas (100x 1ml) &#187; su Lion Pharmacy\",\"isPartOf\":{\"@id\":\"https:\/\/lions-pharmacy.com\/it#website\"},\"primaryImageOfPage\":{\"@id\":\"https:\/\/lions-pharmacy.com\/it\/prodotto\/vitamin-b12-injektopas-100x-1ml-4150075686954#primaryimage\"},\"image\":{\"@id\":\"https:\/\/lions-pharmacy.com\/it\/prodotto\/vitamin-b12-injektopas-100x-1ml-4150075686954#primaryimage\"},\"thumbnailUrl\":\"https:\/\/lions-pharmacy.com\/wp-content\/uploads\/2024\/11\/Vitamin-B12-Depot-Injektopass-100-ml-PZN-07568695-Pascoe-Lionspharmacy.webp\",\"datePublished\":\"2024-11-26T14:52:24+00:00\",\"dateModified\":\"2026-02-08T05:55:19+00:00\",\"description\":\"Lions Pharmacy \u00e8 una farmacia tedesca registrata. Spedizione internazionale veloce con DHL. Scopri di pi\u00f9 su Pascoe e Vitamina B12 Injektopas (100x 1ml)\",\"breadcrumb\":{\"@id\":\"https:\/\/lions-pharmacy.com\/it\/prodotto\/vitamin-b12-injektopas-100x-1ml-4150075686954#breadcrumb\"},\"inLanguage\":\"it-IT\",\"potentialAction\":[{\"@type\":\"ReadAction\",\"target\":[\"https:\/\/lions-pharmacy.com\/it\/prodotto\/vitamin-b12-injektopas-100x-1ml-4150075686954\"]}]},{\"@type\":\"ImageObject\",\"inLanguage\":\"it-IT\",\"@id\":\"https:\/\/lions-pharmacy.com\/it\/prodotto\/vitamin-b12-injektopas-100x-1ml-4150075686954#primaryimage\",\"url\":\"https:\/\/lions-pharmacy.com\/wp-content\/uploads\/2024\/11\/Vitamin-B12-Depot-Injektopass-100-ml-PZN-07568695-Pascoe-Lionspharmacy.webp\",\"contentUrl\":\"https:\/\/lions-pharmacy.com\/wp-content\/uploads\/2024\/11\/Vitamin-B12-Depot-Injektopass-100-ml-PZN-07568695-Pascoe-Lionspharmacy.webp\",\"width\":600,\"height\":600,\"caption\":\"Deposito di vitamina B12 Injektopass 100 ml -PZN 07568695 - Pascoe - Lionspharmacy\"},{\"@type\":\"BreadcrumbList\",\"@id\":\"https:\/\/lions-pharmacy.com\/it\/prodotto\/vitamin-b12-injektopas-100x-1ml-4150075686954#breadcrumb\",\"itemListElement\":[{\"@type\":\"ListItem\",\"position\":1,\"name\":\"Home\",\"item\":\"https:\/\/lions-pharmacy.com\/it\/homepage-lion-pharmacy\"},{\"@type\":\"ListItem\",\"position\":2,\"name\":\"Shop\",\"item\":\"https:\/\/lions-pharmacy.com\/it\/negozio\"},{\"@type\":\"ListItem\",\"position\":3,\"name\":\"Vitamina B12 Injektopas (100x 1ml)\"}]},{\"@type\":\"WebSite\",\"@id\":\"https:\/\/lions-pharmacy.com\/it#website\",\"url\":\"https:\/\/lions-pharmacy.com\/it\",\"name\":\"Lions Pharmacy\",\"description\":\"Farmacia specializzata in naturopatia di Baden-Baden, Germania\",\"publisher\":{\"@id\":\"https:\/\/lions-pharmacy.com\/it#organization\"},\"alternateName\":\"Lion Pharmacy\",\"potentialAction\":[{\"@type\":\"SearchAction\",\"target\":{\"@type\":\"EntryPoint\",\"urlTemplate\":\"https:\/\/lions-pharmacy.com\/it?s={search_term_string}\"},\"query-input\":{\"@type\":\"PropertyValueSpecification\",\"valueRequired\":true,\"valueName\":\"search_term_string\"}}],\"inLanguage\":\"it-IT\"},{\"@type\":\"Organization\",\"@id\":\"https:\/\/lions-pharmacy.com\/it#organization\",\"name\":\"Lions Pharmacy\",\"alternateName\":\"Lions Pharmacy24\",\"url\":\"https:\/\/lions-pharmacy.com\/it\",\"logo\":{\"@type\":\"ImageObject\",\"inLanguage\":\"it-IT\",\"@id\":\"https:\/\/lions-pharmacy.com\/it#\/schema\/logo\/image\/\",\"url\":\"https:\/\/lions-pharmacy.com\/wp-content\/uploads\/2022\/12\/Logo-Lion-Pharmacy-c-o-Loewen-Apotheke-smal.jpg\",\"contentUrl\":\"https:\/\/lions-pharmacy.com\/wp-content\/uploads\/2022\/12\/Logo-Lion-Pharmacy-c-o-Loewen-Apotheke-smal.jpg\",\"width\":298,\"height\":99,\"caption\":\"Lions Pharmacy\"},\"image\":{\"@id\":\"https:\/\/lions-pharmacy.com\/it#\/schema\/logo\/image\/\"}}]}<\/script>\n<!-- \/ Yoast SEO plugin. -->","yoast_head_json":{"title":"Vitamina B12 Injektopas (100x 1ml) &#187; su Lion Pharmacy","description":"Lions Pharmacy \u00e8 una farmacia tedesca registrata. Spedizione internazionale veloce con DHL. Scopri di pi\u00f9 su Pascoe e Vitamina B12 Injektopas (100x 1ml)","robots":{"index":"index","follow":"follow","max-snippet":"max-snippet:-1","max-image-preview":"max-image-preview:large","max-video-preview":"max-video-preview:-1"},"canonical":"https:\/\/lions-pharmacy.com\/it\/prodotto\/vitamin-b12-injektopas-100x-1ml-4150075686954","og_locale":"it_IT","og_type":"article","og_title":"Vitamina B12 Injektopas (100x 1ml) &#187; su Lion Pharmacy","og_description":"Lions Pharmacy \u00e8 una farmacia tedesca registrata. Spedizione internazionale veloce con DHL. Scopri di pi\u00f9 su Pascoe e Vitamina B12 Injektopas (100x 1ml)","og_url":"https:\/\/lions-pharmacy.com\/it\/prodotto\/vitamin-b12-injektopas-100x-1ml-4150075686954","og_site_name":"Lion Pharmacy","article_modified_time":"2026-02-08T05:55:19+00:00","og_image":[{"width":600,"height":600,"url":"https:\/\/lions-pharmacy.com\/wp-content\/uploads\/2024\/11\/Vitamin-B12-Depot-Injektopass-100-ml-PZN-07568695-Pascoe-Lionspharmacy.webp","type":"image\/webp"}],"twitter_card":"summary_large_image","twitter_misc":{"Tempo di lettura stimato":"2 minuti"},"schema":{"@context":"https:\/\/schema.org","@graph":[{"@type":"WebPage","@id":"https:\/\/lions-pharmacy.com\/it\/prodotto\/vitamin-b12-injektopas-100x-1ml-4150075686954","url":"https:\/\/lions-pharmacy.com\/it\/prodotto\/vitamin-b12-injektopas-100x-1ml-4150075686954","name":"Vitamina B12 Injektopas (100x 1ml) &#187; su Lion Pharmacy","isPartOf":{"@id":"https:\/\/lions-pharmacy.com\/it#website"},"primaryImageOfPage":{"@id":"https:\/\/lions-pharmacy.com\/it\/prodotto\/vitamin-b12-injektopas-100x-1ml-4150075686954#primaryimage"},"image":{"@id":"https:\/\/lions-pharmacy.com\/it\/prodotto\/vitamin-b12-injektopas-100x-1ml-4150075686954#primaryimage"},"thumbnailUrl":"https:\/\/lions-pharmacy.com\/wp-content\/uploads\/2024\/11\/Vitamin-B12-Depot-Injektopass-100-ml-PZN-07568695-Pascoe-Lionspharmacy.webp","datePublished":"2024-11-26T14:52:24+00:00","dateModified":"2026-02-08T05:55:19+00:00","description":"Lions Pharmacy \u00e8 una farmacia tedesca registrata. Spedizione internazionale veloce con DHL. Scopri di pi\u00f9 su Pascoe e Vitamina B12 Injektopas (100x 1ml)","breadcrumb":{"@id":"https:\/\/lions-pharmacy.com\/it\/prodotto\/vitamin-b12-injektopas-100x-1ml-4150075686954#breadcrumb"},"inLanguage":"it-IT","potentialAction":[{"@type":"ReadAction","target":["https:\/\/lions-pharmacy.com\/it\/prodotto\/vitamin-b12-injektopas-100x-1ml-4150075686954"]}]},{"@type":"ImageObject","inLanguage":"it-IT","@id":"https:\/\/lions-pharmacy.com\/it\/prodotto\/vitamin-b12-injektopas-100x-1ml-4150075686954#primaryimage","url":"https:\/\/lions-pharmacy.com\/wp-content\/uploads\/2024\/11\/Vitamin-B12-Depot-Injektopass-100-ml-PZN-07568695-Pascoe-Lionspharmacy.webp","contentUrl":"https:\/\/lions-pharmacy.com\/wp-content\/uploads\/2024\/11\/Vitamin-B12-Depot-Injektopass-100-ml-PZN-07568695-Pascoe-Lionspharmacy.webp","width":600,"height":600,"caption":"Deposito di vitamina B12 Injektopass 100 ml -PZN 07568695 - Pascoe - Lionspharmacy"},{"@type":"BreadcrumbList","@id":"https:\/\/lions-pharmacy.com\/it\/prodotto\/vitamin-b12-injektopas-100x-1ml-4150075686954#breadcrumb","itemListElement":[{"@type":"ListItem","position":1,"name":"Home","item":"https:\/\/lions-pharmacy.com\/it\/homepage-lion-pharmacy"},{"@type":"ListItem","position":2,"name":"Shop","item":"https:\/\/lions-pharmacy.com\/it\/negozio"},{"@type":"ListItem","position":3,"name":"Vitamina B12 Injektopas (100x 1ml)"}]},{"@type":"WebSite","@id":"https:\/\/lions-pharmacy.com\/it#website","url":"https:\/\/lions-pharmacy.com\/it","name":"Lions Pharmacy","description":"Farmacia specializzata in naturopatia di Baden-Baden, Germania","publisher":{"@id":"https:\/\/lions-pharmacy.com\/it#organization"},"alternateName":"Lion Pharmacy","potentialAction":[{"@type":"SearchAction","target":{"@type":"EntryPoint","urlTemplate":"https:\/\/lions-pharmacy.com\/it?s={search_term_string}"},"query-input":{"@type":"PropertyValueSpecification","valueRequired":true,"valueName":"search_term_string"}}],"inLanguage":"it-IT"},{"@type":"Organization","@id":"https:\/\/lions-pharmacy.com\/it#organization","name":"Lions Pharmacy","alternateName":"Lions Pharmacy24","url":"https:\/\/lions-pharmacy.com\/it","logo":{"@type":"ImageObject","inLanguage":"it-IT","@id":"https:\/\/lions-pharmacy.com\/it#\/schema\/logo\/image\/","url":"https:\/\/lions-pharmacy.com\/wp-content\/uploads\/2022\/12\/Logo-Lion-Pharmacy-c-o-Loewen-Apotheke-smal.jpg","contentUrl":"https:\/\/lions-pharmacy.com\/wp-content\/uploads\/2022\/12\/Logo-Lion-Pharmacy-c-o-Loewen-Apotheke-smal.jpg","width":298,"height":99,"caption":"Lions Pharmacy"},"image":{"@id":"https:\/\/lions-pharmacy.com\/it#\/schema\/logo\/image\/"}}]}},"_links":{"self":[{"href":"https:\/\/lions-pharmacy.com\/it\/wp-json\/wp\/v2\/product\/6644","targetHints":{"allow":["GET"]}}],"collection":[{"href":"https:\/\/lions-pharmacy.com\/it\/wp-json\/wp\/v2\/product"}],"about":[{"href":"https:\/\/lions-pharmacy.com\/it\/wp-json\/wp\/v2\/types\/product"}],"replies":[{"embeddable":true,"href":"https:\/\/lions-pharmacy.com\/it\/wp-json\/wp\/v2\/comments?post=6644"}],"wp:featuredmedia":[{"embeddable":true,"href":"https:\/\/lions-pharmacy.com\/it\/wp-json\/wp\/v2\/media\/6651"}],"wp:attachment":[{"href":"https:\/\/lions-pharmacy.com\/it\/wp-json\/wp\/v2\/media?parent=6644"}],"wp:term":[{"taxonomy":"product_brand","embeddable":true,"href":"https:\/\/lions-pharmacy.com\/it\/wp-json\/wp\/v2\/product_brand?post=6644"},{"taxonomy":"product_cat","embeddable":true,"href":"https:\/\/lions-pharmacy.com\/it\/wp-json\/wp\/v2\/product_cat?post=6644"},{"taxonomy":"product_tag","embeddable":true,"href":"https:\/\/lions-pharmacy.com\/it\/wp-json\/wp\/v2\/product_tag?post=6644"}],"curies":[{"name":"wp","href":"https:\/\/api.w.org\/{rel}","templated":true}]}}