{"id":6622,"date":"2024-11-26T12:26:00","date_gmt":"2024-11-26T11:26:00","guid":{"rendered":"https:\/\/lions-pharmacy.com\/?post_type=product&#038;p=6622"},"modified":"2025-01-24T22:22:17","modified_gmt":"2025-01-24T21:22:17","slug":"vitamin-b12-depot-injektopass-1500-%c2%b5g-4150075686725","status":"publish","type":"product","link":"https:\/\/lions-pharmacy.com\/it\/prodotto\/vitamin-b12-depot-injektopass-1500-%c2%b5g-4150075686725","title":{"rendered":"Deposito di vitamina B12 Injektopass 1500 \u03bcg"},"content":{"rendered":"<h2>Deposito di vitamina B12 Injektopass 1500 \u03bcg<\/h2>\n<p>Soluzione iniettabile per carenza di vitamina B12 che non pu\u00f2 essere risolta con la dieta. Per i terapisti<\/p>\n<p>Non auto-trattare con iniezioni.<br \/>\nLa terapia iniettiva deve essere somministrata da un professionista in uno studio.<\/p>\n<p>Il portafoglio Pascoe comprende circa 200 prodotti. Questi includono medicinali a base di erbe, preparati vitaminici ad alte dosi, rimedi complessi omeopatici e integratori alimentari. La variet\u00e0 di medicinali tiene conto dei complessi requisiti dei prodotti sanitari. Il nostro successo ci d\u00e0 ragione anche a livello internazionale: i nostri prodotti vengono esportati in pi\u00f9 di 30 paesi in tutto il mondo e la tendenza \u00e8 in aumento.<\/p>\n<p>Altri prodotti per l&#8217;applicazione: <a href=\"https:\/\/lions-pharmacy.com\/product-tag\/homeopathy\">Omeopatia<\/a> | <a href=\"https:\/\/lions-pharmacy.com\/product-tag\/vitamins-supplements\">Vitamine<\/a> | <a href=\"https:\/\/lions-pharmacy.com\/product-tag\/virus-infection\">Infezioni <\/a> <\/p>\n<p>Ulteriori informazioni sul manufactorer e su questo prodotto: <a href=\"https:\/\/www.pascoe.de\/\" target=\"_blank\" rel=\"noopener\">Pascoe pharmazeutische Pr\u00e4parate GmbH<\/a> (link al sito esterno)<\/p>\n<p>Le informazioni contenute in questo sito web sono fornite solo a scopo informativo. Non sostituiscono in alcun modo la visita e il trattamento da parte di un medico. Ci\u00f2 significa che non \u00e8 possibile n\u00e9 fare diagnosi n\u00e9 iniziare terapie.<\/p>\n<p>Per i rischi e gli effetti collaterali, leggere il foglio illustrativo e chiedere al medico o al farmacista.<\/p>\n","protected":false},"excerpt":{"rendered":"<h2>Deposito di vitamina B12 Injektopass 1500 \u03bcg 10 fiale da 1 ml<\/h2>\n<p>Deposito di vitamina B12 Injektopass 1500 \u03bcg<\/p>\n<p>Soluzione iniettabile per carenza di vitamina B12 che non pu\u00f2 essere risolta attraverso la dieta. Per i terapisti<\/p>\n<p><strong>PZN<\/strong>: 07568672 (Numero centrale della farmacia)<\/p>\n<p><strong>Forma di dosaggio<\/strong>: fiale<\/p>\n<p><strong>Tipo di prescrizione: senza prescrizione<\/strong><\/p>\n<p><strong>Produttore<\/strong>: Pascoe pharmazeutische Pr\u00e4parate GmbH<\/p>\n<p><strong>Dimensione dell&#8217;imballo<\/strong>: 10 pezzi.<\/p>\n","protected":false},"featured_media":6629,"comment_status":"closed","ping_status":"closed","template":"","meta":[],"product_brand":[],"product_cat":[600,115],"product_tag":[270,298,515,307,268],"class_list":{"0":"post-6622","1":"product","2":"type-product","3":"status-publish","4":"has-post-thumbnail","6":"product_cat-pascoe-it","7":"product_cat-non-categorizzato","8":"product_tag-benessere","9":"product_tag-concentrazione-e-stress","10":"product_tag-corona-e-difese-immunitarie","11":"product_tag-omeopatia","12":"product_tag-vitamine-e-integratori","13":"ts_product_brand-all-it","14":"ts_product_brand-pascoe-it","16":"first","17":"instock","18":"sale","19":"taxable","20":"shipping-taxable","21":"purchasable","22":"product-type-simple"},"yoast_head":"<!-- This site is optimized with the Yoast SEO plugin v26.5 - https:\/\/yoast.com\/wordpress\/plugins\/seo\/ -->\n<title>Deposito di vitamina B12 Injektopass 1500 \u03bcg &#187; su Lion Pharmacy<\/title>\n<meta name=\"description\" content=\"Lions Pharmacy \u00e8 una farmacia tedesca registrata. Spedizione internazionale veloce con DHL. Scopri di pi\u00f9 su Pascoe e Deposito di vitamina B12 Injektopass 1500 \u03bcg\" \/>\n<meta name=\"robots\" content=\"index, follow, max-snippet:-1, max-image-preview:large, max-video-preview:-1\" \/>\n<link rel=\"canonical\" href=\"https:\/\/lions-pharmacy.com\/it\/prodotto\/vitamin-b12-depot-injektopass-1500-%c2%b5g-4150075686725\" \/>\n<meta property=\"og:locale\" content=\"it_IT\" \/>\n<meta property=\"og:type\" content=\"article\" \/>\n<meta property=\"og:title\" content=\"Deposito di vitamina B12 Injektopass 1500 \u03bcg &#187; su Lion Pharmacy\" \/>\n<meta property=\"og:description\" content=\"Lions Pharmacy \u00e8 una farmacia tedesca registrata. Spedizione internazionale veloce con DHL. Scopri di pi\u00f9 su Pascoe e Deposito di vitamina B12 Injektopass 1500 \u03bcg\" \/>\n<meta property=\"og:url\" content=\"https:\/\/lions-pharmacy.com\/it\/prodotto\/vitamin-b12-depot-injektopass-1500-%c2%b5g-4150075686725\" \/>\n<meta property=\"og:site_name\" content=\"Lion Pharmacy\" \/>\n<meta property=\"article:modified_time\" content=\"2025-01-24T21:22:17+00:00\" \/>\n<meta property=\"og:image\" content=\"https:\/\/lions-pharmacy.com\/wp-content\/uploads\/2024\/11\/Vitamin-B12-Depot-Injektopass-PZN-07568672-Pascoe-Lionspharmacy.webp\" \/>\n\t<meta property=\"og:image:width\" content=\"600\" \/>\n\t<meta property=\"og:image:height\" content=\"600\" \/>\n\t<meta property=\"og:image:type\" content=\"image\/webp\" \/>\n<meta name=\"twitter:card\" content=\"summary_large_image\" \/>\n<meta name=\"twitter:label1\" content=\"Tempo di lettura stimato\" \/>\n\t<meta name=\"twitter:data1\" content=\"1 minuto\" \/>\n<script type=\"application\/ld+json\" class=\"yoast-schema-graph\">{\"@context\":\"https:\/\/schema.org\",\"@graph\":[{\"@type\":\"WebPage\",\"@id\":\"https:\/\/lions-pharmacy.com\/it\/prodotto\/vitamin-b12-depot-injektopass-1500-%c2%b5g-4150075686725\",\"url\":\"https:\/\/lions-pharmacy.com\/it\/prodotto\/vitamin-b12-depot-injektopass-1500-%c2%b5g-4150075686725\",\"name\":\"Deposito di vitamina B12 Injektopass 1500 \u03bcg &#187; su Lion Pharmacy\",\"isPartOf\":{\"@id\":\"https:\/\/lions-pharmacy.com\/it#website\"},\"primaryImageOfPage\":{\"@id\":\"https:\/\/lions-pharmacy.com\/it\/prodotto\/vitamin-b12-depot-injektopass-1500-%c2%b5g-4150075686725#primaryimage\"},\"image\":{\"@id\":\"https:\/\/lions-pharmacy.com\/it\/prodotto\/vitamin-b12-depot-injektopass-1500-%c2%b5g-4150075686725#primaryimage\"},\"thumbnailUrl\":\"https:\/\/lions-pharmacy.com\/wp-content\/uploads\/2024\/11\/Vitamin-B12-Depot-Injektopass-PZN-07568672-Pascoe-Lionspharmacy.webp\",\"datePublished\":\"2024-11-26T11:26:00+00:00\",\"dateModified\":\"2025-01-24T21:22:17+00:00\",\"description\":\"Lions Pharmacy \u00e8 una farmacia tedesca registrata. Spedizione internazionale veloce con DHL. Scopri di pi\u00f9 su Pascoe e Deposito di vitamina B12 Injektopass 1500 \u03bcg\",\"breadcrumb\":{\"@id\":\"https:\/\/lions-pharmacy.com\/it\/prodotto\/vitamin-b12-depot-injektopass-1500-%c2%b5g-4150075686725#breadcrumb\"},\"inLanguage\":\"it-IT\",\"potentialAction\":[{\"@type\":\"ReadAction\",\"target\":[\"https:\/\/lions-pharmacy.com\/it\/prodotto\/vitamin-b12-depot-injektopass-1500-%c2%b5g-4150075686725\"]}]},{\"@type\":\"ImageObject\",\"inLanguage\":\"it-IT\",\"@id\":\"https:\/\/lions-pharmacy.com\/it\/prodotto\/vitamin-b12-depot-injektopass-1500-%c2%b5g-4150075686725#primaryimage\",\"url\":\"https:\/\/lions-pharmacy.com\/wp-content\/uploads\/2024\/11\/Vitamin-B12-Depot-Injektopass-PZN-07568672-Pascoe-Lionspharmacy.webp\",\"contentUrl\":\"https:\/\/lions-pharmacy.com\/wp-content\/uploads\/2024\/11\/Vitamin-B12-Depot-Injektopass-PZN-07568672-Pascoe-Lionspharmacy.webp\",\"width\":600,\"height\":600,\"caption\":\"Deposito di vitamina B12 Injektopass. PZN 07568672 - Pascoe - Farmacia Lions\"},{\"@type\":\"BreadcrumbList\",\"@id\":\"https:\/\/lions-pharmacy.com\/it\/prodotto\/vitamin-b12-depot-injektopass-1500-%c2%b5g-4150075686725#breadcrumb\",\"itemListElement\":[{\"@type\":\"ListItem\",\"position\":1,\"name\":\"Home\",\"item\":\"https:\/\/lions-pharmacy.com\/it\/homepage-lion-pharmacy\"},{\"@type\":\"ListItem\",\"position\":2,\"name\":\"Shop\",\"item\":\"https:\/\/lions-pharmacy.com\/it\/negozio\"},{\"@type\":\"ListItem\",\"position\":3,\"name\":\"Deposito di vitamina B12 Injektopass 1500 \u03bcg\"}]},{\"@type\":\"WebSite\",\"@id\":\"https:\/\/lions-pharmacy.com\/it#website\",\"url\":\"https:\/\/lions-pharmacy.com\/it\",\"name\":\"Lions Pharmacy\",\"description\":\"Farmacia specializzata in naturopatia di Baden-Baden, Germania\",\"publisher\":{\"@id\":\"https:\/\/lions-pharmacy.com\/it#organization\"},\"alternateName\":\"Lion Pharmacy\",\"potentialAction\":[{\"@type\":\"SearchAction\",\"target\":{\"@type\":\"EntryPoint\",\"urlTemplate\":\"https:\/\/lions-pharmacy.com\/it?s={search_term_string}\"},\"query-input\":{\"@type\":\"PropertyValueSpecification\",\"valueRequired\":true,\"valueName\":\"search_term_string\"}}],\"inLanguage\":\"it-IT\"},{\"@type\":\"Organization\",\"@id\":\"https:\/\/lions-pharmacy.com\/it#organization\",\"name\":\"Lions Pharmacy\",\"alternateName\":\"Lions Pharmacy24\",\"url\":\"https:\/\/lions-pharmacy.com\/it\",\"logo\":{\"@type\":\"ImageObject\",\"inLanguage\":\"it-IT\",\"@id\":\"https:\/\/lions-pharmacy.com\/it#\/schema\/logo\/image\/\",\"url\":\"https:\/\/lions-pharmacy.com\/wp-content\/uploads\/2022\/12\/Logo-Lion-Pharmacy-c-o-Loewen-Apotheke-smal.jpg\",\"contentUrl\":\"https:\/\/lions-pharmacy.com\/wp-content\/uploads\/2022\/12\/Logo-Lion-Pharmacy-c-o-Loewen-Apotheke-smal.jpg\",\"width\":298,\"height\":99,\"caption\":\"Lions Pharmacy\"},\"image\":{\"@id\":\"https:\/\/lions-pharmacy.com\/it#\/schema\/logo\/image\/\"}}]}<\/script>\n<!-- \/ Yoast SEO plugin. -->","yoast_head_json":{"title":"Deposito di vitamina B12 Injektopass 1500 \u03bcg &#187; su Lion Pharmacy","description":"Lions Pharmacy \u00e8 una farmacia tedesca registrata. Spedizione internazionale veloce con DHL. Scopri di pi\u00f9 su Pascoe e Deposito di vitamina B12 Injektopass 1500 \u03bcg","robots":{"index":"index","follow":"follow","max-snippet":"max-snippet:-1","max-image-preview":"max-image-preview:large","max-video-preview":"max-video-preview:-1"},"canonical":"https:\/\/lions-pharmacy.com\/it\/prodotto\/vitamin-b12-depot-injektopass-1500-%c2%b5g-4150075686725","og_locale":"it_IT","og_type":"article","og_title":"Deposito di vitamina B12 Injektopass 1500 \u03bcg &#187; su Lion Pharmacy","og_description":"Lions Pharmacy \u00e8 una farmacia tedesca registrata. Spedizione internazionale veloce con DHL. Scopri di pi\u00f9 su Pascoe e Deposito di vitamina B12 Injektopass 1500 \u03bcg","og_url":"https:\/\/lions-pharmacy.com\/it\/prodotto\/vitamin-b12-depot-injektopass-1500-%c2%b5g-4150075686725","og_site_name":"Lion Pharmacy","article_modified_time":"2025-01-24T21:22:17+00:00","og_image":[{"width":600,"height":600,"url":"https:\/\/lions-pharmacy.com\/wp-content\/uploads\/2024\/11\/Vitamin-B12-Depot-Injektopass-PZN-07568672-Pascoe-Lionspharmacy.webp","type":"image\/webp"}],"twitter_card":"summary_large_image","twitter_misc":{"Tempo di lettura stimato":"1 minuto"},"schema":{"@context":"https:\/\/schema.org","@graph":[{"@type":"WebPage","@id":"https:\/\/lions-pharmacy.com\/it\/prodotto\/vitamin-b12-depot-injektopass-1500-%c2%b5g-4150075686725","url":"https:\/\/lions-pharmacy.com\/it\/prodotto\/vitamin-b12-depot-injektopass-1500-%c2%b5g-4150075686725","name":"Deposito di vitamina B12 Injektopass 1500 \u03bcg &#187; su Lion Pharmacy","isPartOf":{"@id":"https:\/\/lions-pharmacy.com\/it#website"},"primaryImageOfPage":{"@id":"https:\/\/lions-pharmacy.com\/it\/prodotto\/vitamin-b12-depot-injektopass-1500-%c2%b5g-4150075686725#primaryimage"},"image":{"@id":"https:\/\/lions-pharmacy.com\/it\/prodotto\/vitamin-b12-depot-injektopass-1500-%c2%b5g-4150075686725#primaryimage"},"thumbnailUrl":"https:\/\/lions-pharmacy.com\/wp-content\/uploads\/2024\/11\/Vitamin-B12-Depot-Injektopass-PZN-07568672-Pascoe-Lionspharmacy.webp","datePublished":"2024-11-26T11:26:00+00:00","dateModified":"2025-01-24T21:22:17+00:00","description":"Lions Pharmacy \u00e8 una farmacia tedesca registrata. Spedizione internazionale veloce con DHL. Scopri di pi\u00f9 su Pascoe e Deposito di vitamina B12 Injektopass 1500 \u03bcg","breadcrumb":{"@id":"https:\/\/lions-pharmacy.com\/it\/prodotto\/vitamin-b12-depot-injektopass-1500-%c2%b5g-4150075686725#breadcrumb"},"inLanguage":"it-IT","potentialAction":[{"@type":"ReadAction","target":["https:\/\/lions-pharmacy.com\/it\/prodotto\/vitamin-b12-depot-injektopass-1500-%c2%b5g-4150075686725"]}]},{"@type":"ImageObject","inLanguage":"it-IT","@id":"https:\/\/lions-pharmacy.com\/it\/prodotto\/vitamin-b12-depot-injektopass-1500-%c2%b5g-4150075686725#primaryimage","url":"https:\/\/lions-pharmacy.com\/wp-content\/uploads\/2024\/11\/Vitamin-B12-Depot-Injektopass-PZN-07568672-Pascoe-Lionspharmacy.webp","contentUrl":"https:\/\/lions-pharmacy.com\/wp-content\/uploads\/2024\/11\/Vitamin-B12-Depot-Injektopass-PZN-07568672-Pascoe-Lionspharmacy.webp","width":600,"height":600,"caption":"Deposito di vitamina B12 Injektopass. PZN 07568672 - Pascoe - Farmacia Lions"},{"@type":"BreadcrumbList","@id":"https:\/\/lions-pharmacy.com\/it\/prodotto\/vitamin-b12-depot-injektopass-1500-%c2%b5g-4150075686725#breadcrumb","itemListElement":[{"@type":"ListItem","position":1,"name":"Home","item":"https:\/\/lions-pharmacy.com\/it\/homepage-lion-pharmacy"},{"@type":"ListItem","position":2,"name":"Shop","item":"https:\/\/lions-pharmacy.com\/it\/negozio"},{"@type":"ListItem","position":3,"name":"Deposito di vitamina B12 Injektopass 1500 \u03bcg"}]},{"@type":"WebSite","@id":"https:\/\/lions-pharmacy.com\/it#website","url":"https:\/\/lions-pharmacy.com\/it","name":"Lions Pharmacy","description":"Farmacia specializzata in naturopatia di Baden-Baden, Germania","publisher":{"@id":"https:\/\/lions-pharmacy.com\/it#organization"},"alternateName":"Lion Pharmacy","potentialAction":[{"@type":"SearchAction","target":{"@type":"EntryPoint","urlTemplate":"https:\/\/lions-pharmacy.com\/it?s={search_term_string}"},"query-input":{"@type":"PropertyValueSpecification","valueRequired":true,"valueName":"search_term_string"}}],"inLanguage":"it-IT"},{"@type":"Organization","@id":"https:\/\/lions-pharmacy.com\/it#organization","name":"Lions Pharmacy","alternateName":"Lions Pharmacy24","url":"https:\/\/lions-pharmacy.com\/it","logo":{"@type":"ImageObject","inLanguage":"it-IT","@id":"https:\/\/lions-pharmacy.com\/it#\/schema\/logo\/image\/","url":"https:\/\/lions-pharmacy.com\/wp-content\/uploads\/2022\/12\/Logo-Lion-Pharmacy-c-o-Loewen-Apotheke-smal.jpg","contentUrl":"https:\/\/lions-pharmacy.com\/wp-content\/uploads\/2022\/12\/Logo-Lion-Pharmacy-c-o-Loewen-Apotheke-smal.jpg","width":298,"height":99,"caption":"Lions Pharmacy"},"image":{"@id":"https:\/\/lions-pharmacy.com\/it#\/schema\/logo\/image\/"}}]}},"_links":{"self":[{"href":"https:\/\/lions-pharmacy.com\/it\/wp-json\/wp\/v2\/product\/6622","targetHints":{"allow":["GET"]}}],"collection":[{"href":"https:\/\/lions-pharmacy.com\/it\/wp-json\/wp\/v2\/product"}],"about":[{"href":"https:\/\/lions-pharmacy.com\/it\/wp-json\/wp\/v2\/types\/product"}],"replies":[{"embeddable":true,"href":"https:\/\/lions-pharmacy.com\/it\/wp-json\/wp\/v2\/comments?post=6622"}],"wp:featuredmedia":[{"embeddable":true,"href":"https:\/\/lions-pharmacy.com\/it\/wp-json\/wp\/v2\/media\/6629"}],"wp:attachment":[{"href":"https:\/\/lions-pharmacy.com\/it\/wp-json\/wp\/v2\/media?parent=6622"}],"wp:term":[{"taxonomy":"product_brand","embeddable":true,"href":"https:\/\/lions-pharmacy.com\/it\/wp-json\/wp\/v2\/product_brand?post=6622"},{"taxonomy":"product_cat","embeddable":true,"href":"https:\/\/lions-pharmacy.com\/it\/wp-json\/wp\/v2\/product_cat?post=6622"},{"taxonomy":"product_tag","embeddable":true,"href":"https:\/\/lions-pharmacy.com\/it\/wp-json\/wp\/v2\/product_tag?post=6622"}],"curies":[{"name":"wp","href":"https:\/\/api.w.org\/{rel}","templated":true}]}}