{"id":6502,"date":"2024-11-22T07:08:50","date_gmt":"2024-11-22T06:08:50","guid":{"rendered":"https:\/\/lions-pharmacy.com\/?post_type=product&#038;p=6502"},"modified":"2025-01-25T10:56:33","modified_gmt":"2025-01-25T09:56:33","slug":"omni-biotic-sr-9-kids-28x-12g-19421649","status":"publish","type":"product","link":"https:\/\/lions-pharmacy.com\/it\/prodotto\/omni-biotic-sr-9-kids-28x-12g-19421649","title":{"rendered":"OMNi-BiOTiC SR-9 Bambini (28x 1,2g)"},"content":{"rendered":"<h3>OMNi-BiOTiC SR-9 Bambini (28x 1,2g)<\/h3>\n<p>Un&#8217;applicazione di OMNi-BiOTiC SR-9 Kids pu\u00f2 migliorare la difesa dallo stress del corpo e pu\u00f2 supportare le carenze di vitamine e nutrienti. Integratore alimentare con simbionti intestinali altamente attivi e vitamina B2, Innovativo stick diretto al gusto di pesca.<\/p>\n<p>OMNi-BiOTiC SR-9 Kids contiene gli stessi ceppi batterici scientificamente testati del collaudato OMNi-BiOTiC STRESS Repair\/SR-9 ed \u00e8 stato ulteriormente sviluppato appositamente per i bambini. SR-9 Kids contiene 3,75 miliardi di batteri intestinali per stick diretto da 9 diversi ceppi che si trovano naturalmente nell&#8217;intestino umano e sono stati testati in numerosi studi sull&#8217;asse intestino-cervello.<\/p>\n<p>Foglio illustrativo\/istruzioni per l&#8217;uso\/scheda tecnica articolo: &#8211; (lettore PDF)<\/p>\n<p>Altri prodotti per l&#8217;applicazione: Sistema immunitario | Omeopatia| <a href=\"https:\/\/lions-pharmacy.com\/product-tag\/vitamins-supplements\">Vitamine e integratori Prodotti<\/a><\/p>\n<p>Per saperne di pi\u00f9 sul produttore e sul prodotto: <a href=\"https:\/\/www.allergosan.com\/de\/unsere-produkte\/omni-biotic\/\" target=\"_blank\" rel=\"noopener\">Omni-Biotic<\/a> (link al sito esterno)<\/p>\n<p>Le informazioni contenute in questo sito web sono fornite solo a scopo informativo. Non sostituiscono in alcun modo la visita e il trattamento da parte di un medico. Ci\u00f2 significa che non \u00e8 possibile n\u00e9 fare diagnosi n\u00e9 iniziare terapie. Gli integratori alimentari non vanno intesi come sostituti di una dieta equilibrata e varia e di uno stile di vita sano. La quantit\u00e0 di consumo giornaliero raccomandata indicata non deve essere superata. Conservare il prodotto fuori dalla portata dei bambini piccoli.<\/p>\n<p>Per i rischi e gli effetti collaterali, leggere il foglio illustrativo e rivolgersi al medico o al farmacista.<\/p>\n","protected":false},"excerpt":{"rendered":"<h2>OMNi-BiOTiC SR-9 Bambini (28x 1,2g)<\/h2>\n<p>Integratore alimentare con simbionti intestinali altamente attivi e vitamina B2, Innovativo stick diretto al gusto di pesca.<\/p>\n<p>&nbsp;<\/p>\n<p><strong>PZN<\/strong>: 19421649 (Numero centrale della farmacia)<\/p>\n<p><strong>Forma di dosaggio<\/strong>: polvere<\/p>\n<p><strong>Tipo di prescrizione: senza prescrizione<\/strong><\/p>\n<p><strong>Marchio<\/strong>: OMNI BiOTiC<\/p>\n<p><strong>Produttore<\/strong>: INSTITUT ALLERGOSAN Deutschland GmbH<\/p>\n<p><strong>Confezione<\/strong>: 28 bustine da 1,2 g<\/p>\n","protected":false},"featured_media":6536,"comment_status":"closed","ping_status":"closed","template":"","meta":[],"product_brand":[],"product_cat":[613,124,115],"product_tag":[298,269,307,271,310,268],"class_list":{"0":"post-6502","1":"product","2":"type-product","3":"status-publish","4":"has-post-thumbnail","6":"product_cat-omni-biotico","7":"product_cat-sale-it","8":"product_cat-non-categorizzato","9":"product_tag-concentrazione-e-stress","10":"product_tag-gestione-del-peso","11":"product_tag-omeopatia","12":"product_tag-peso-e-forma-fisica","13":"product_tag-vendita-mensile","14":"product_tag-vitamine-e-integratori","15":"ts_product_brand-all-it","16":"ts_product_brand-allergosan-it","18":"first","19":"instock","20":"sale","21":"featured","22":"taxable","23":"shipping-taxable","24":"purchasable","25":"product-type-simple"},"yoast_head":"<!-- This site is optimized with the Yoast SEO plugin v26.5 - https:\/\/yoast.com\/wordpress\/plugins\/seo\/ -->\n<title>OMNi-BiOTiC SR-9 Bambini (28x 1,2g) &#187; su Lion Pharmacy<\/title>\n<meta name=\"description\" content=\"Una farmacia online registrata. Offriamo: Spedizione internazionale veloce con DHL. Per il supporto del sistema immunitario &gt; OMNi-BiOTiC SR-9 Bambini (28x 1,2g)\" \/>\n<meta name=\"robots\" content=\"index, follow, max-snippet:-1, max-image-preview:large, max-video-preview:-1\" \/>\n<link rel=\"canonical\" href=\"https:\/\/lions-pharmacy.com\/it\/prodotto\/omni-biotic-sr-9-kids-28x-12g-19421649\" \/>\n<meta property=\"og:locale\" content=\"it_IT\" \/>\n<meta property=\"og:type\" content=\"article\" \/>\n<meta property=\"og:title\" content=\"OMNi-BiOTiC SR-9 Bambini (28x 1,2g) &#187; su Lion Pharmacy\" \/>\n<meta property=\"og:description\" content=\"Una farmacia online registrata. Offriamo: Spedizione internazionale veloce con DHL. Per il supporto del sistema immunitario &gt; OMNi-BiOTiC SR-9 Bambini (28x 1,2g)\" \/>\n<meta property=\"og:url\" content=\"https:\/\/lions-pharmacy.com\/it\/prodotto\/omni-biotic-sr-9-kids-28x-12g-19421649\" \/>\n<meta property=\"og:site_name\" content=\"Lion Pharmacy\" \/>\n<meta property=\"article:modified_time\" content=\"2025-01-25T09:56:33+00:00\" \/>\n<meta property=\"og:image\" content=\"https:\/\/lions-pharmacy.com\/wp-content\/uploads\/2024\/11\/omni-biotic-sr-9-kids-beutel-28x.-pzn-19421649.-ean-9120117915170.-lions-pharmacy.webp\" \/>\n\t<meta property=\"og:image:width\" content=\"600\" \/>\n\t<meta property=\"og:image:height\" content=\"600\" \/>\n\t<meta property=\"og:image:type\" content=\"image\/webp\" \/>\n<meta name=\"twitter:card\" content=\"summary_large_image\" \/>\n<meta name=\"twitter:label1\" content=\"Tempo di lettura stimato\" \/>\n\t<meta name=\"twitter:data1\" content=\"1 minuto\" \/>\n<script type=\"application\/ld+json\" class=\"yoast-schema-graph\">{\"@context\":\"https:\/\/schema.org\",\"@graph\":[{\"@type\":\"WebPage\",\"@id\":\"https:\/\/lions-pharmacy.com\/it\/prodotto\/omni-biotic-sr-9-kids-28x-12g-19421649\",\"url\":\"https:\/\/lions-pharmacy.com\/it\/prodotto\/omni-biotic-sr-9-kids-28x-12g-19421649\",\"name\":\"OMNi-BiOTiC SR-9 Bambini (28x 1,2g) &#187; su Lion Pharmacy\",\"isPartOf\":{\"@id\":\"https:\/\/lions-pharmacy.com\/it#website\"},\"primaryImageOfPage\":{\"@id\":\"https:\/\/lions-pharmacy.com\/it\/prodotto\/omni-biotic-sr-9-kids-28x-12g-19421649#primaryimage\"},\"image\":{\"@id\":\"https:\/\/lions-pharmacy.com\/it\/prodotto\/omni-biotic-sr-9-kids-28x-12g-19421649#primaryimage\"},\"thumbnailUrl\":\"https:\/\/lions-pharmacy.com\/wp-content\/uploads\/2024\/11\/omni-biotic-sr-9-kids-beutel-28x.-pzn-19421649.-ean-9120117915170.-lions-pharmacy.webp\",\"datePublished\":\"2024-11-22T06:08:50+00:00\",\"dateModified\":\"2025-01-25T09:56:33+00:00\",\"description\":\"Una farmacia online registrata. Offriamo: Spedizione internazionale veloce con DHL. Per il supporto del sistema immunitario > OMNi-BiOTiC SR-9 Bambini (28x 1,2g)\",\"breadcrumb\":{\"@id\":\"https:\/\/lions-pharmacy.com\/it\/prodotto\/omni-biotic-sr-9-kids-28x-12g-19421649#breadcrumb\"},\"inLanguage\":\"it-IT\",\"potentialAction\":[{\"@type\":\"ReadAction\",\"target\":[\"https:\/\/lions-pharmacy.com\/it\/prodotto\/omni-biotic-sr-9-kids-28x-12g-19421649\"]}]},{\"@type\":\"ImageObject\",\"inLanguage\":\"it-IT\",\"@id\":\"https:\/\/lions-pharmacy.com\/it\/prodotto\/omni-biotic-sr-9-kids-28x-12g-19421649#primaryimage\",\"url\":\"https:\/\/lions-pharmacy.com\/wp-content\/uploads\/2024\/11\/omni-biotic-sr-9-kids-beutel-28x.-pzn-19421649.-ean-9120117915170.-lions-pharmacy.webp\",\"contentUrl\":\"https:\/\/lions-pharmacy.com\/wp-content\/uploads\/2024\/11\/omni-biotic-sr-9-kids-beutel-28x.-pzn-19421649.-ean-9120117915170.-lions-pharmacy.webp\",\"width\":600,\"height\":600,\"caption\":\"Omni-biotic SR-9 Bambini BEUTEL-28X.-PZN-19421649. EAN 9120117915170. Farmacia Lions\"},{\"@type\":\"BreadcrumbList\",\"@id\":\"https:\/\/lions-pharmacy.com\/it\/prodotto\/omni-biotic-sr-9-kids-28x-12g-19421649#breadcrumb\",\"itemListElement\":[{\"@type\":\"ListItem\",\"position\":1,\"name\":\"Home\",\"item\":\"https:\/\/lions-pharmacy.com\/it\/homepage-lion-pharmacy\"},{\"@type\":\"ListItem\",\"position\":2,\"name\":\"Shop\",\"item\":\"https:\/\/lions-pharmacy.com\/it\/negozio\"},{\"@type\":\"ListItem\",\"position\":3,\"name\":\"OMNi-BiOTiC SR-9 Bambini (28x 1,2g)\"}]},{\"@type\":\"WebSite\",\"@id\":\"https:\/\/lions-pharmacy.com\/it#website\",\"url\":\"https:\/\/lions-pharmacy.com\/it\",\"name\":\"Lions Pharmacy\",\"description\":\"Farmacia specializzata in naturopatia di Baden-Baden, Germania\",\"publisher\":{\"@id\":\"https:\/\/lions-pharmacy.com\/it#organization\"},\"alternateName\":\"Lion Pharmacy\",\"potentialAction\":[{\"@type\":\"SearchAction\",\"target\":{\"@type\":\"EntryPoint\",\"urlTemplate\":\"https:\/\/lions-pharmacy.com\/it?s={search_term_string}\"},\"query-input\":{\"@type\":\"PropertyValueSpecification\",\"valueRequired\":true,\"valueName\":\"search_term_string\"}}],\"inLanguage\":\"it-IT\"},{\"@type\":\"Organization\",\"@id\":\"https:\/\/lions-pharmacy.com\/it#organization\",\"name\":\"Lions Pharmacy\",\"alternateName\":\"Lions Pharmacy24\",\"url\":\"https:\/\/lions-pharmacy.com\/it\",\"logo\":{\"@type\":\"ImageObject\",\"inLanguage\":\"it-IT\",\"@id\":\"https:\/\/lions-pharmacy.com\/it#\/schema\/logo\/image\/\",\"url\":\"https:\/\/lions-pharmacy.com\/wp-content\/uploads\/2022\/12\/Logo-Lion-Pharmacy-c-o-Loewen-Apotheke-smal.jpg\",\"contentUrl\":\"https:\/\/lions-pharmacy.com\/wp-content\/uploads\/2022\/12\/Logo-Lion-Pharmacy-c-o-Loewen-Apotheke-smal.jpg\",\"width\":298,\"height\":99,\"caption\":\"Lions Pharmacy\"},\"image\":{\"@id\":\"https:\/\/lions-pharmacy.com\/it#\/schema\/logo\/image\/\"}}]}<\/script>\n<!-- \/ Yoast SEO plugin. -->","yoast_head_json":{"title":"OMNi-BiOTiC SR-9 Bambini (28x 1,2g) &#187; su Lion Pharmacy","description":"Una farmacia online registrata. Offriamo: Spedizione internazionale veloce con DHL. Per il supporto del sistema immunitario > OMNi-BiOTiC SR-9 Bambini (28x 1,2g)","robots":{"index":"index","follow":"follow","max-snippet":"max-snippet:-1","max-image-preview":"max-image-preview:large","max-video-preview":"max-video-preview:-1"},"canonical":"https:\/\/lions-pharmacy.com\/it\/prodotto\/omni-biotic-sr-9-kids-28x-12g-19421649","og_locale":"it_IT","og_type":"article","og_title":"OMNi-BiOTiC SR-9 Bambini (28x 1,2g) &#187; su Lion Pharmacy","og_description":"Una farmacia online registrata. Offriamo: Spedizione internazionale veloce con DHL. Per il supporto del sistema immunitario > OMNi-BiOTiC SR-9 Bambini (28x 1,2g)","og_url":"https:\/\/lions-pharmacy.com\/it\/prodotto\/omni-biotic-sr-9-kids-28x-12g-19421649","og_site_name":"Lion Pharmacy","article_modified_time":"2025-01-25T09:56:33+00:00","og_image":[{"width":600,"height":600,"url":"https:\/\/lions-pharmacy.com\/wp-content\/uploads\/2024\/11\/omni-biotic-sr-9-kids-beutel-28x.-pzn-19421649.-ean-9120117915170.-lions-pharmacy.webp","type":"image\/webp"}],"twitter_card":"summary_large_image","twitter_misc":{"Tempo di lettura stimato":"1 minuto"},"schema":{"@context":"https:\/\/schema.org","@graph":[{"@type":"WebPage","@id":"https:\/\/lions-pharmacy.com\/it\/prodotto\/omni-biotic-sr-9-kids-28x-12g-19421649","url":"https:\/\/lions-pharmacy.com\/it\/prodotto\/omni-biotic-sr-9-kids-28x-12g-19421649","name":"OMNi-BiOTiC SR-9 Bambini (28x 1,2g) &#187; su Lion Pharmacy","isPartOf":{"@id":"https:\/\/lions-pharmacy.com\/it#website"},"primaryImageOfPage":{"@id":"https:\/\/lions-pharmacy.com\/it\/prodotto\/omni-biotic-sr-9-kids-28x-12g-19421649#primaryimage"},"image":{"@id":"https:\/\/lions-pharmacy.com\/it\/prodotto\/omni-biotic-sr-9-kids-28x-12g-19421649#primaryimage"},"thumbnailUrl":"https:\/\/lions-pharmacy.com\/wp-content\/uploads\/2024\/11\/omni-biotic-sr-9-kids-beutel-28x.-pzn-19421649.-ean-9120117915170.-lions-pharmacy.webp","datePublished":"2024-11-22T06:08:50+00:00","dateModified":"2025-01-25T09:56:33+00:00","description":"Una farmacia online registrata. Offriamo: Spedizione internazionale veloce con DHL. Per il supporto del sistema immunitario > OMNi-BiOTiC SR-9 Bambini (28x 1,2g)","breadcrumb":{"@id":"https:\/\/lions-pharmacy.com\/it\/prodotto\/omni-biotic-sr-9-kids-28x-12g-19421649#breadcrumb"},"inLanguage":"it-IT","potentialAction":[{"@type":"ReadAction","target":["https:\/\/lions-pharmacy.com\/it\/prodotto\/omni-biotic-sr-9-kids-28x-12g-19421649"]}]},{"@type":"ImageObject","inLanguage":"it-IT","@id":"https:\/\/lions-pharmacy.com\/it\/prodotto\/omni-biotic-sr-9-kids-28x-12g-19421649#primaryimage","url":"https:\/\/lions-pharmacy.com\/wp-content\/uploads\/2024\/11\/omni-biotic-sr-9-kids-beutel-28x.-pzn-19421649.-ean-9120117915170.-lions-pharmacy.webp","contentUrl":"https:\/\/lions-pharmacy.com\/wp-content\/uploads\/2024\/11\/omni-biotic-sr-9-kids-beutel-28x.-pzn-19421649.-ean-9120117915170.-lions-pharmacy.webp","width":600,"height":600,"caption":"Omni-biotic SR-9 Bambini BEUTEL-28X.-PZN-19421649. EAN 9120117915170. Farmacia Lions"},{"@type":"BreadcrumbList","@id":"https:\/\/lions-pharmacy.com\/it\/prodotto\/omni-biotic-sr-9-kids-28x-12g-19421649#breadcrumb","itemListElement":[{"@type":"ListItem","position":1,"name":"Home","item":"https:\/\/lions-pharmacy.com\/it\/homepage-lion-pharmacy"},{"@type":"ListItem","position":2,"name":"Shop","item":"https:\/\/lions-pharmacy.com\/it\/negozio"},{"@type":"ListItem","position":3,"name":"OMNi-BiOTiC SR-9 Bambini (28x 1,2g)"}]},{"@type":"WebSite","@id":"https:\/\/lions-pharmacy.com\/it#website","url":"https:\/\/lions-pharmacy.com\/it","name":"Lions Pharmacy","description":"Farmacia specializzata in naturopatia di Baden-Baden, Germania","publisher":{"@id":"https:\/\/lions-pharmacy.com\/it#organization"},"alternateName":"Lion Pharmacy","potentialAction":[{"@type":"SearchAction","target":{"@type":"EntryPoint","urlTemplate":"https:\/\/lions-pharmacy.com\/it?s={search_term_string}"},"query-input":{"@type":"PropertyValueSpecification","valueRequired":true,"valueName":"search_term_string"}}],"inLanguage":"it-IT"},{"@type":"Organization","@id":"https:\/\/lions-pharmacy.com\/it#organization","name":"Lions Pharmacy","alternateName":"Lions Pharmacy24","url":"https:\/\/lions-pharmacy.com\/it","logo":{"@type":"ImageObject","inLanguage":"it-IT","@id":"https:\/\/lions-pharmacy.com\/it#\/schema\/logo\/image\/","url":"https:\/\/lions-pharmacy.com\/wp-content\/uploads\/2022\/12\/Logo-Lion-Pharmacy-c-o-Loewen-Apotheke-smal.jpg","contentUrl":"https:\/\/lions-pharmacy.com\/wp-content\/uploads\/2022\/12\/Logo-Lion-Pharmacy-c-o-Loewen-Apotheke-smal.jpg","width":298,"height":99,"caption":"Lions Pharmacy"},"image":{"@id":"https:\/\/lions-pharmacy.com\/it#\/schema\/logo\/image\/"}}]}},"_links":{"self":[{"href":"https:\/\/lions-pharmacy.com\/it\/wp-json\/wp\/v2\/product\/6502","targetHints":{"allow":["GET"]}}],"collection":[{"href":"https:\/\/lions-pharmacy.com\/it\/wp-json\/wp\/v2\/product"}],"about":[{"href":"https:\/\/lions-pharmacy.com\/it\/wp-json\/wp\/v2\/types\/product"}],"replies":[{"embeddable":true,"href":"https:\/\/lions-pharmacy.com\/it\/wp-json\/wp\/v2\/comments?post=6502"}],"wp:featuredmedia":[{"embeddable":true,"href":"https:\/\/lions-pharmacy.com\/it\/wp-json\/wp\/v2\/media\/6536"}],"wp:attachment":[{"href":"https:\/\/lions-pharmacy.com\/it\/wp-json\/wp\/v2\/media?parent=6502"}],"wp:term":[{"taxonomy":"product_brand","embeddable":true,"href":"https:\/\/lions-pharmacy.com\/it\/wp-json\/wp\/v2\/product_brand?post=6502"},{"taxonomy":"product_cat","embeddable":true,"href":"https:\/\/lions-pharmacy.com\/it\/wp-json\/wp\/v2\/product_cat?post=6502"},{"taxonomy":"product_tag","embeddable":true,"href":"https:\/\/lions-pharmacy.com\/it\/wp-json\/wp\/v2\/product_tag?post=6502"}],"curies":[{"name":"wp","href":"https:\/\/api.w.org\/{rel}","templated":true}]}}