{"id":6428,"date":"2024-11-21T07:05:14","date_gmt":"2024-11-21T06:05:14","guid":{"rendered":"https:\/\/lions-pharmacy.com\/?post_type=product&#038;p=6428"},"modified":"2025-01-26T06:59:44","modified_gmt":"2025-01-26T05:59:44","slug":"neydil-no-64-dil-d4-pro-vet-ampoules-5x2ml-06487931","status":"publish","type":"product","link":"https:\/\/lions-pharmacy.com\/it\/prodotto\/neydil-no-64-dil-d4-pro-vet-ampoules-5x2ml-06487931","title":{"rendered":"NeyDil No.64 Dil.D4 pro vet. fiale 5x2ml"},"content":{"rendered":"<h2>NeyDil No.64 Dil.D4 pro vet. fiale 5x2ml<\/h2>\n<p>NeyDil No.64 Dil.D4 pro vet. fiale &#8211; &#8220;Ren, Mucosa vescico. urino., Cor Aorta, Vasae, Placenta, Ghiandola. surrenale., Ghiandola. thyreoidea, Diencephalon&#8221;<\/p>\n<p>I preparati omeopatici per organi offerti da vitOrgan per la terapia biomolecolare utilizzano sostanze organiche naturali con effetto regolatore e metabolico per normalizzare fisiologicamente i processi che sono andati fuori equilibrio. La vitOrganismo biomolecolare \u00e8 una terapia di grande successo da 60 anni. Costituisce un ponte tra i cosiddetti campi della medicina ortodossa e della naturopatia. Utilizza sostanze naturali, regolatrici e funzionanti a livello metabolico, disponibili sia nell&#8217;uomo che negli animali, per normalizzare le malattie modificando i processi fisiologici che non sono pi\u00f9 in equilibrio, curando cos\u00ec il paziente non solo dal punto di vista sintomatico, ma anche da quello causale. Secondo il principio &#8220;il cuore guarisce il cuore, il rene guarisce il rene, l&#8217;organo guarisce l&#8217;organo&#8221;, \u00e8 importante risvegliare il potere delle cellule indebolite attraverso una regolazione mirata.<\/p>\n<p>Foglio illustrativo\/istruzioni per l&#8217;uso\/scheda tecnica dell&#8217;articolo: NeyDil No.64 Dil.D4 pro vet. fiale (lettore PDF)<\/p>\n<p>Nome prodotto alternativo: NeyDil No. 64 Dil.D4 pro vet. Fiale<br \/>\nAltri prodotti per l&#8217;applicazione: <a href=\"https:\/\/lions-pharmacy.com\/produkt-kategorie\/vitorgan\">vitOrgan<\/a><br \/>\nPer saperne di pi\u00f9 sul produttore e su questo prodotto: <a href=\"https:\/\/vitorgan.de\/en\/products\/\" target=\"_blank\" rel=\"noopener\">vitOrgan<\/a> (link a sito esterno)<\/p>\n<p>Le informazioni contenute in questo sito web sono fornite solo a scopo informativo. Non sostituiscono in alcun modo la visita e il trattamento da parte di un medico. Ci\u00f2 significa che non \u00e8 possibile n\u00e9 fare diagnosi n\u00e9 iniziare terapie.<\/p>\n<p>Per i rischi e gli effetti collaterali, leggere il foglio illustrativo e rivolgersi al medico o al farmacista.<\/p>\n","protected":false},"excerpt":{"rendered":"<h2>NeyDil No.64 Dil.D4 pro vet. Fiale<\/h2>\n<p>&#8220;Ren, Mucosa vescica. urino., Cor Aorta, Vasae, Placenta, Ghiandola. surrenale., Ghiandola. thyreoidea, Diencephalon&#8221;<\/p>\n<p>&nbsp;<\/p>\n<p>PZN: 06487931 (Numero centrale della farmacia)<\/p>\n<p>Forma di dosaggio: fiale<\/p>\n<p>Tipo di prescrizione: senza prescrizione<\/p>\n<p>Marchio: vitOrgan<\/p>\n<p>Costruttore: vitOrgan GmbH &amp; Co.KG, Ostfildern, Germania<\/p>\n<p>Dimensione della confezione: 5 pezzi per 2ml<\/p>\n","protected":false},"featured_media":6846,"comment_status":"closed","ping_status":"closed","template":"","meta":[],"product_brand":[],"product_cat":[115,130],"product_tag":[604,231,307],"class_list":{"0":"post-6428","1":"product","2":"type-product","3":"status-publish","4":"has-post-thumbnail","6":"product_cat-non-categorizzato","7":"product_cat-vitorgan-it","8":"product_tag-medicina-veterinaria","9":"product_tag-neydil-it","10":"product_tag-omeopatia","11":"ts_product_brand-all-it","12":"ts_product_brand-vitorgan-it","14":"first","15":"instock","16":"sale","17":"taxable","18":"shipping-taxable","19":"purchasable","20":"product-type-simple"},"yoast_head":"<!-- This site is optimized with the Yoast SEO plugin v26.5 - https:\/\/yoast.com\/wordpress\/plugins\/seo\/ -->\n<title>NeyDil No.64 Dil.D4 pro vet. fiale 5x2ml &#187;<\/title>\n<meta name=\"description\" content=\"Farmacia online tedesca registrata. Offriamo: Spedizione internazionale veloce. Prodotto realizzato da vitOrgan | NeyDil No.64 Dil.D4 pro vet. fiale 5x2ml\" \/>\n<meta name=\"robots\" content=\"index, follow, max-snippet:-1, max-image-preview:large, max-video-preview:-1\" \/>\n<link rel=\"canonical\" href=\"https:\/\/lions-pharmacy.com\/it\/prodotto\/neydil-no-64-dil-d4-pro-vet-ampoules-5x2ml-06487931\" \/>\n<meta property=\"og:locale\" content=\"it_IT\" \/>\n<meta property=\"og:type\" content=\"article\" \/>\n<meta property=\"og:title\" content=\"NeyDil No.64 Dil.D4 pro vet. fiale 5x2ml &#187;\" \/>\n<meta property=\"og:description\" content=\"Farmacia online tedesca registrata. Offriamo: Spedizione internazionale veloce. Prodotto realizzato da vitOrgan | NeyDil No.64 Dil.D4 pro vet. fiale 5x2ml\" \/>\n<meta property=\"og:url\" content=\"https:\/\/lions-pharmacy.com\/it\/prodotto\/neydil-no-64-dil-d4-pro-vet-ampoules-5x2ml-06487931\" \/>\n<meta property=\"og:site_name\" content=\"Lion Pharmacy\" \/>\n<meta property=\"article:modified_time\" content=\"2025-01-26T05:59:44+00:00\" \/>\n<meta property=\"og:image\" content=\"https:\/\/lions-pharmacy.com\/wp-content\/uploads\/2024\/11\/NeyDil-No.64-Dil.D4-pro-vet.-ampoules.-PZN-06487931.-vitOrgan.-Lions-Pharmacy-1.webp\" \/>\n\t<meta property=\"og:image:width\" content=\"600\" \/>\n\t<meta property=\"og:image:height\" content=\"600\" \/>\n\t<meta property=\"og:image:type\" content=\"image\/webp\" \/>\n<meta name=\"twitter:card\" content=\"summary_large_image\" \/>\n<meta name=\"twitter:label1\" content=\"Tempo di lettura stimato\" \/>\n\t<meta name=\"twitter:data1\" content=\"1 minuto\" \/>\n<script type=\"application\/ld+json\" class=\"yoast-schema-graph\">{\"@context\":\"https:\/\/schema.org\",\"@graph\":[{\"@type\":\"WebPage\",\"@id\":\"https:\/\/lions-pharmacy.com\/it\/prodotto\/neydil-no-64-dil-d4-pro-vet-ampoules-5x2ml-06487931\",\"url\":\"https:\/\/lions-pharmacy.com\/it\/prodotto\/neydil-no-64-dil-d4-pro-vet-ampoules-5x2ml-06487931\",\"name\":\"NeyDil No.64 Dil.D4 pro vet. fiale 5x2ml &#187;\",\"isPartOf\":{\"@id\":\"https:\/\/lions-pharmacy.com\/it#website\"},\"primaryImageOfPage\":{\"@id\":\"https:\/\/lions-pharmacy.com\/it\/prodotto\/neydil-no-64-dil-d4-pro-vet-ampoules-5x2ml-06487931#primaryimage\"},\"image\":{\"@id\":\"https:\/\/lions-pharmacy.com\/it\/prodotto\/neydil-no-64-dil-d4-pro-vet-ampoules-5x2ml-06487931#primaryimage\"},\"thumbnailUrl\":\"https:\/\/lions-pharmacy.com\/wp-content\/uploads\/2024\/11\/NeyDil-No.64-Dil.D4-pro-vet.-ampoules.-PZN-06487931.-vitOrgan.-Lions-Pharmacy-1.webp\",\"datePublished\":\"2024-11-21T06:05:14+00:00\",\"dateModified\":\"2025-01-26T05:59:44+00:00\",\"description\":\"Farmacia online tedesca registrata. Offriamo: Spedizione internazionale veloce. Prodotto realizzato da vitOrgan | NeyDil No.64 Dil.D4 pro vet. fiale 5x2ml\",\"breadcrumb\":{\"@id\":\"https:\/\/lions-pharmacy.com\/it\/prodotto\/neydil-no-64-dil-d4-pro-vet-ampoules-5x2ml-06487931#breadcrumb\"},\"inLanguage\":\"it-IT\",\"potentialAction\":[{\"@type\":\"ReadAction\",\"target\":[\"https:\/\/lions-pharmacy.com\/it\/prodotto\/neydil-no-64-dil-d4-pro-vet-ampoules-5x2ml-06487931\"]}]},{\"@type\":\"ImageObject\",\"inLanguage\":\"it-IT\",\"@id\":\"https:\/\/lions-pharmacy.com\/it\/prodotto\/neydil-no-64-dil-d4-pro-vet-ampoules-5x2ml-06487931#primaryimage\",\"url\":\"https:\/\/lions-pharmacy.com\/wp-content\/uploads\/2024\/11\/NeyDil-No.64-Dil.D4-pro-vet.-ampoules.-PZN-06487931.-vitOrgan.-Lions-Pharmacy-1.webp\",\"contentUrl\":\"https:\/\/lions-pharmacy.com\/wp-content\/uploads\/2024\/11\/NeyDil-No.64-Dil.D4-pro-vet.-ampoules.-PZN-06487931.-vitOrgan.-Lions-Pharmacy-1.webp\",\"width\":600,\"height\":600,\"caption\":\"L'immagine mostra: NeyDil No.64 Dil.D4 pro vet. Fiale. PZN 06487931. vitOrgan. Lions-Farmacia\"},{\"@type\":\"BreadcrumbList\",\"@id\":\"https:\/\/lions-pharmacy.com\/it\/prodotto\/neydil-no-64-dil-d4-pro-vet-ampoules-5x2ml-06487931#breadcrumb\",\"itemListElement\":[{\"@type\":\"ListItem\",\"position\":1,\"name\":\"Home\",\"item\":\"https:\/\/lions-pharmacy.com\/it\/homepage-lion-pharmacy\"},{\"@type\":\"ListItem\",\"position\":2,\"name\":\"Shop\",\"item\":\"https:\/\/lions-pharmacy.com\/it\/negozio\"},{\"@type\":\"ListItem\",\"position\":3,\"name\":\"NeyDil No.64 Dil.D4 pro vet. fiale 5x2ml\"}]},{\"@type\":\"WebSite\",\"@id\":\"https:\/\/lions-pharmacy.com\/it#website\",\"url\":\"https:\/\/lions-pharmacy.com\/it\",\"name\":\"Lions Pharmacy\",\"description\":\"Farmacia specializzata in naturopatia di Baden-Baden, Germania\",\"publisher\":{\"@id\":\"https:\/\/lions-pharmacy.com\/it#organization\"},\"alternateName\":\"Lion Pharmacy\",\"potentialAction\":[{\"@type\":\"SearchAction\",\"target\":{\"@type\":\"EntryPoint\",\"urlTemplate\":\"https:\/\/lions-pharmacy.com\/it?s={search_term_string}\"},\"query-input\":{\"@type\":\"PropertyValueSpecification\",\"valueRequired\":true,\"valueName\":\"search_term_string\"}}],\"inLanguage\":\"it-IT\"},{\"@type\":\"Organization\",\"@id\":\"https:\/\/lions-pharmacy.com\/it#organization\",\"name\":\"Lions Pharmacy\",\"alternateName\":\"Lions Pharmacy24\",\"url\":\"https:\/\/lions-pharmacy.com\/it\",\"logo\":{\"@type\":\"ImageObject\",\"inLanguage\":\"it-IT\",\"@id\":\"https:\/\/lions-pharmacy.com\/it#\/schema\/logo\/image\/\",\"url\":\"https:\/\/lions-pharmacy.com\/wp-content\/uploads\/2022\/12\/Logo-Lion-Pharmacy-c-o-Loewen-Apotheke-smal.jpg\",\"contentUrl\":\"https:\/\/lions-pharmacy.com\/wp-content\/uploads\/2022\/12\/Logo-Lion-Pharmacy-c-o-Loewen-Apotheke-smal.jpg\",\"width\":298,\"height\":99,\"caption\":\"Lions Pharmacy\"},\"image\":{\"@id\":\"https:\/\/lions-pharmacy.com\/it#\/schema\/logo\/image\/\"}}]}<\/script>\n<!-- \/ Yoast SEO plugin. -->","yoast_head_json":{"title":"NeyDil No.64 Dil.D4 pro vet. fiale 5x2ml &#187;","description":"Farmacia online tedesca registrata. Offriamo: Spedizione internazionale veloce. Prodotto realizzato da vitOrgan | NeyDil No.64 Dil.D4 pro vet. fiale 5x2ml","robots":{"index":"index","follow":"follow","max-snippet":"max-snippet:-1","max-image-preview":"max-image-preview:large","max-video-preview":"max-video-preview:-1"},"canonical":"https:\/\/lions-pharmacy.com\/it\/prodotto\/neydil-no-64-dil-d4-pro-vet-ampoules-5x2ml-06487931","og_locale":"it_IT","og_type":"article","og_title":"NeyDil No.64 Dil.D4 pro vet. fiale 5x2ml &#187;","og_description":"Farmacia online tedesca registrata. Offriamo: Spedizione internazionale veloce. Prodotto realizzato da vitOrgan | NeyDil No.64 Dil.D4 pro vet. fiale 5x2ml","og_url":"https:\/\/lions-pharmacy.com\/it\/prodotto\/neydil-no-64-dil-d4-pro-vet-ampoules-5x2ml-06487931","og_site_name":"Lion Pharmacy","article_modified_time":"2025-01-26T05:59:44+00:00","og_image":[{"width":600,"height":600,"url":"https:\/\/lions-pharmacy.com\/wp-content\/uploads\/2024\/11\/NeyDil-No.64-Dil.D4-pro-vet.-ampoules.-PZN-06487931.-vitOrgan.-Lions-Pharmacy-1.webp","type":"image\/webp"}],"twitter_card":"summary_large_image","twitter_misc":{"Tempo di lettura stimato":"1 minuto"},"schema":{"@context":"https:\/\/schema.org","@graph":[{"@type":"WebPage","@id":"https:\/\/lions-pharmacy.com\/it\/prodotto\/neydil-no-64-dil-d4-pro-vet-ampoules-5x2ml-06487931","url":"https:\/\/lions-pharmacy.com\/it\/prodotto\/neydil-no-64-dil-d4-pro-vet-ampoules-5x2ml-06487931","name":"NeyDil No.64 Dil.D4 pro vet. fiale 5x2ml &#187;","isPartOf":{"@id":"https:\/\/lions-pharmacy.com\/it#website"},"primaryImageOfPage":{"@id":"https:\/\/lions-pharmacy.com\/it\/prodotto\/neydil-no-64-dil-d4-pro-vet-ampoules-5x2ml-06487931#primaryimage"},"image":{"@id":"https:\/\/lions-pharmacy.com\/it\/prodotto\/neydil-no-64-dil-d4-pro-vet-ampoules-5x2ml-06487931#primaryimage"},"thumbnailUrl":"https:\/\/lions-pharmacy.com\/wp-content\/uploads\/2024\/11\/NeyDil-No.64-Dil.D4-pro-vet.-ampoules.-PZN-06487931.-vitOrgan.-Lions-Pharmacy-1.webp","datePublished":"2024-11-21T06:05:14+00:00","dateModified":"2025-01-26T05:59:44+00:00","description":"Farmacia online tedesca registrata. Offriamo: Spedizione internazionale veloce. Prodotto realizzato da vitOrgan | NeyDil No.64 Dil.D4 pro vet. fiale 5x2ml","breadcrumb":{"@id":"https:\/\/lions-pharmacy.com\/it\/prodotto\/neydil-no-64-dil-d4-pro-vet-ampoules-5x2ml-06487931#breadcrumb"},"inLanguage":"it-IT","potentialAction":[{"@type":"ReadAction","target":["https:\/\/lions-pharmacy.com\/it\/prodotto\/neydil-no-64-dil-d4-pro-vet-ampoules-5x2ml-06487931"]}]},{"@type":"ImageObject","inLanguage":"it-IT","@id":"https:\/\/lions-pharmacy.com\/it\/prodotto\/neydil-no-64-dil-d4-pro-vet-ampoules-5x2ml-06487931#primaryimage","url":"https:\/\/lions-pharmacy.com\/wp-content\/uploads\/2024\/11\/NeyDil-No.64-Dil.D4-pro-vet.-ampoules.-PZN-06487931.-vitOrgan.-Lions-Pharmacy-1.webp","contentUrl":"https:\/\/lions-pharmacy.com\/wp-content\/uploads\/2024\/11\/NeyDil-No.64-Dil.D4-pro-vet.-ampoules.-PZN-06487931.-vitOrgan.-Lions-Pharmacy-1.webp","width":600,"height":600,"caption":"L'immagine mostra: NeyDil No.64 Dil.D4 pro vet. Fiale. PZN 06487931. vitOrgan. Lions-Farmacia"},{"@type":"BreadcrumbList","@id":"https:\/\/lions-pharmacy.com\/it\/prodotto\/neydil-no-64-dil-d4-pro-vet-ampoules-5x2ml-06487931#breadcrumb","itemListElement":[{"@type":"ListItem","position":1,"name":"Home","item":"https:\/\/lions-pharmacy.com\/it\/homepage-lion-pharmacy"},{"@type":"ListItem","position":2,"name":"Shop","item":"https:\/\/lions-pharmacy.com\/it\/negozio"},{"@type":"ListItem","position":3,"name":"NeyDil No.64 Dil.D4 pro vet. fiale 5x2ml"}]},{"@type":"WebSite","@id":"https:\/\/lions-pharmacy.com\/it#website","url":"https:\/\/lions-pharmacy.com\/it","name":"Lions Pharmacy","description":"Farmacia specializzata in naturopatia di Baden-Baden, Germania","publisher":{"@id":"https:\/\/lions-pharmacy.com\/it#organization"},"alternateName":"Lion Pharmacy","potentialAction":[{"@type":"SearchAction","target":{"@type":"EntryPoint","urlTemplate":"https:\/\/lions-pharmacy.com\/it?s={search_term_string}"},"query-input":{"@type":"PropertyValueSpecification","valueRequired":true,"valueName":"search_term_string"}}],"inLanguage":"it-IT"},{"@type":"Organization","@id":"https:\/\/lions-pharmacy.com\/it#organization","name":"Lions Pharmacy","alternateName":"Lions Pharmacy24","url":"https:\/\/lions-pharmacy.com\/it","logo":{"@type":"ImageObject","inLanguage":"it-IT","@id":"https:\/\/lions-pharmacy.com\/it#\/schema\/logo\/image\/","url":"https:\/\/lions-pharmacy.com\/wp-content\/uploads\/2022\/12\/Logo-Lion-Pharmacy-c-o-Loewen-Apotheke-smal.jpg","contentUrl":"https:\/\/lions-pharmacy.com\/wp-content\/uploads\/2022\/12\/Logo-Lion-Pharmacy-c-o-Loewen-Apotheke-smal.jpg","width":298,"height":99,"caption":"Lions Pharmacy"},"image":{"@id":"https:\/\/lions-pharmacy.com\/it#\/schema\/logo\/image\/"}}]}},"_links":{"self":[{"href":"https:\/\/lions-pharmacy.com\/it\/wp-json\/wp\/v2\/product\/6428","targetHints":{"allow":["GET"]}}],"collection":[{"href":"https:\/\/lions-pharmacy.com\/it\/wp-json\/wp\/v2\/product"}],"about":[{"href":"https:\/\/lions-pharmacy.com\/it\/wp-json\/wp\/v2\/types\/product"}],"replies":[{"embeddable":true,"href":"https:\/\/lions-pharmacy.com\/it\/wp-json\/wp\/v2\/comments?post=6428"}],"wp:featuredmedia":[{"embeddable":true,"href":"https:\/\/lions-pharmacy.com\/it\/wp-json\/wp\/v2\/media\/6846"}],"wp:attachment":[{"href":"https:\/\/lions-pharmacy.com\/it\/wp-json\/wp\/v2\/media?parent=6428"}],"wp:term":[{"taxonomy":"product_brand","embeddable":true,"href":"https:\/\/lions-pharmacy.com\/it\/wp-json\/wp\/v2\/product_brand?post=6428"},{"taxonomy":"product_cat","embeddable":true,"href":"https:\/\/lions-pharmacy.com\/it\/wp-json\/wp\/v2\/product_cat?post=6428"},{"taxonomy":"product_tag","embeddable":true,"href":"https:\/\/lions-pharmacy.com\/it\/wp-json\/wp\/v2\/product_tag?post=6428"}],"curies":[{"name":"wp","href":"https:\/\/api.w.org\/{rel}","templated":true}]}}