{"id":5214,"date":"2024-10-16T10:29:41","date_gmt":"2024-10-16T09:29:41","guid":{"rendered":"https:\/\/lions-pharmacy.com\/?post_type=product&#038;p=5214"},"modified":"2024-10-21T11:18:26","modified_gmt":"2024-10-21T10:18:26","slug":"acc-akut-600-compresse-effervescenti-copy-copy-copy-copy","status":"publish","type":"product","link":"https:\/\/lions-pharmacy.com\/it\/prodotto\/acc-akut-600-compresse-effervescenti-copy-copy-copy-copy","title":{"rendered":"Aspirina Complex Granulat 20 pz."},"content":{"rendered":"<h3>Granulato complesso di aspirina<\/h3>\n<p>I granuli complessi di aspirina alleviano i sintomi del raffreddore e ti aiutano a superare la giornata. Il complesso di aspirina aiuta ad alleviare i sintomi del raffreddore, ha un effetto antinfiammatorio, antipiretico e analgesico. Grazie alla sua combinazione unica di principi attivi, pu\u00f2 anche essere un supporto per il naso chiuso.<\/p>\n<p>Basta sciogliere il contenuto di una bustina in una quantit\u00e0 sufficiente di liquido, ad esempio in un bicchiere d&#8217;acqua. Se necessario, pu\u00f2 aumentare la dose a due bustine. Quindi mescola il liquido e bevi subito l&#8217;intero bicchiere.<br \/>\n\u00c8 possibile assumere nuovamente la dose dopo un intervallo di almeno 4 ore. Contiene: acido acetilsalicilico, pseudoefedrina cloridrato.<\/p>\n<p>Altri prodotti per l&#8217;applicazione: <a href=\"https:\/\/lions-pharmacy.com\/product-tag\/cold-flu\">Raffreddore e influenza<\/a><\/p>\n<p>Le informazioni contenute in questo sito web sono fornite solo a scopo informativo. Non sostituiscono in alcun modo la visita e il trattamento da parte di un medico. Ci\u00f2 significa che non \u00e8 possibile n\u00e9 fare diagnosi n\u00e9 iniziare terapie.<\/p>\n<p>Per i rischi e gli effetti collaterali, leggere il foglio illustrativo e rivolgersi al medico o al farmacista.<\/p>\n<p>&nbsp;<\/p>\n<h3 style=\"text-align: left;\">Prescrizione | \u00c8 disponibile una prescrizione elettronica?<\/h3>\n<p>Invia subito la tua prescrizione elettronica. Usa la nostra app <a href=\"https:\/\/e-rezept-app.de\/shop-rezept\" target=\"_blank\" rel=\"noopener\">per la prescrizione elettronica<\/a> . E noi ti diamo le spese di spedizione gratis in Germania!<\/p>\n","protected":false},"excerpt":{"rendered":"<h2>Granulato complesso di aspirina<\/h2>\n<p>Allevia il raffreddore e allevia rapidamente il dolore da freddo.<\/p>\n<p>&nbsp;<\/p>\n<div class=\"rating__wrap\">\n<p><strong>PZN<\/strong>: 04114918 (numero centrale farmaceutico)<\/p>\n<p><strong>Forma di dosaggio<\/strong>: Granulo<\/p>\n<p><strong>Tipo di regolazione:<\/strong> Senza prescrizione medica<\/p>\n<p><strong>Marca<\/strong>: Aspirina<\/p>\n<p><strong>Produttore: <\/strong>Bayer Vital AG<\/p>\n<\/div>\n","protected":false},"featured_media":5219,"comment_status":"closed","ping_status":"closed","template":"","meta":[],"product_brand":[],"product_cat":[115],"product_tag":[235,295,484],"class_list":{"0":"post-5214","1":"product","2":"type-product","3":"status-publish","4":"has-post-thumbnail","6":"product_cat-non-categorizzato","7":"product_tag-infezione-virale","8":"product_tag-influenza","9":"product_tag-influenza-e-raffreddore","10":"ts_product_brand-all-it","12":"first","13":"instock","14":"taxable","15":"shipping-taxable","16":"purchasable","17":"product-type-simple"},"yoast_head":"<!-- This site is optimized with the Yoast SEO plugin v26.5 - https:\/\/yoast.com\/wordpress\/plugins\/seo\/ -->\n<title>Aspirina Complex Granulat 20 pz. &#187;<\/title>\n<meta name=\"description\" content=\"Aspirina Complex Granulat 20 pz. allevia il dolore freddo. Consegnato dalla tua farmacia online tedesca. Spedizione veloce. Servizio al top.\" \/>\n<meta name=\"robots\" content=\"index, follow, max-snippet:-1, max-image-preview:large, max-video-preview:-1\" \/>\n<link rel=\"canonical\" href=\"https:\/\/lions-pharmacy.com\/it\/prodotto\/acc-akut-600-compresse-effervescenti-copy-copy-copy-copy\" \/>\n<meta property=\"og:locale\" content=\"it_IT\" \/>\n<meta property=\"og:type\" content=\"article\" \/>\n<meta property=\"og:title\" content=\"Aspirina Complex Granulat 20 pz. &#187;\" \/>\n<meta property=\"og:description\" content=\"Aspirina Complex Granulat 20 pz. allevia il dolore freddo. Consegnato dalla tua farmacia online tedesca. Spedizione veloce. Servizio al top.\" \/>\n<meta property=\"og:url\" content=\"https:\/\/lions-pharmacy.com\/it\/prodotto\/acc-akut-600-compresse-effervescenti-copy-copy-copy-copy\" \/>\n<meta property=\"og:site_name\" content=\"Lion Pharmacy\" \/>\n<meta property=\"article:modified_time\" content=\"2024-10-21T10:18:26+00:00\" \/>\n<meta property=\"og:image\" content=\"https:\/\/lions-pharmacy.com\/wp-content\/uploads\/2024\/10\/Aspirin-Complex.webp\" \/>\n\t<meta property=\"og:image:width\" content=\"600\" \/>\n\t<meta property=\"og:image:height\" content=\"600\" \/>\n\t<meta property=\"og:image:type\" content=\"image\/webp\" \/>\n<meta name=\"twitter:card\" content=\"summary_large_image\" \/>\n<meta name=\"twitter:label1\" content=\"Tempo di lettura stimato\" \/>\n\t<meta name=\"twitter:data1\" content=\"1 minuto\" \/>\n<script type=\"application\/ld+json\" class=\"yoast-schema-graph\">{\"@context\":\"https:\/\/schema.org\",\"@graph\":[{\"@type\":\"WebPage\",\"@id\":\"https:\/\/lions-pharmacy.com\/it\/prodotto\/acc-akut-600-compresse-effervescenti-copy-copy-copy-copy\",\"url\":\"https:\/\/lions-pharmacy.com\/it\/prodotto\/acc-akut-600-compresse-effervescenti-copy-copy-copy-copy\",\"name\":\"Aspirina Complex Granulat 20 pz. &#187;\",\"isPartOf\":{\"@id\":\"https:\/\/lions-pharmacy.com\/it#website\"},\"primaryImageOfPage\":{\"@id\":\"https:\/\/lions-pharmacy.com\/it\/prodotto\/acc-akut-600-compresse-effervescenti-copy-copy-copy-copy#primaryimage\"},\"image\":{\"@id\":\"https:\/\/lions-pharmacy.com\/it\/prodotto\/acc-akut-600-compresse-effervescenti-copy-copy-copy-copy#primaryimage\"},\"thumbnailUrl\":\"https:\/\/lions-pharmacy.com\/wp-content\/uploads\/2024\/10\/Aspirin-Complex.webp\",\"datePublished\":\"2024-10-16T09:29:41+00:00\",\"dateModified\":\"2024-10-21T10:18:26+00:00\",\"description\":\"Aspirina Complex Granulat 20 pz. allevia il dolore freddo. Consegnato dalla tua farmacia online tedesca. Spedizione veloce. Servizio al top.\",\"breadcrumb\":{\"@id\":\"https:\/\/lions-pharmacy.com\/it\/prodotto\/acc-akut-600-compresse-effervescenti-copy-copy-copy-copy#breadcrumb\"},\"inLanguage\":\"it-IT\",\"potentialAction\":[{\"@type\":\"ReadAction\",\"target\":[\"https:\/\/lions-pharmacy.com\/it\/prodotto\/acc-akut-600-compresse-effervescenti-copy-copy-copy-copy\"]}]},{\"@type\":\"ImageObject\",\"inLanguage\":\"it-IT\",\"@id\":\"https:\/\/lions-pharmacy.com\/it\/prodotto\/acc-akut-600-compresse-effervescenti-copy-copy-copy-copy#primaryimage\",\"url\":\"https:\/\/lions-pharmacy.com\/wp-content\/uploads\/2024\/10\/Aspirin-Complex.webp\",\"contentUrl\":\"https:\/\/lions-pharmacy.com\/wp-content\/uploads\/2024\/10\/Aspirin-Complex.webp\",\"width\":600,\"height\":600,\"caption\":\"Aspirina Complex PZN 04114918 Bayer L\u00f6wen Apotheke Lions Pharmacy\"},{\"@type\":\"BreadcrumbList\",\"@id\":\"https:\/\/lions-pharmacy.com\/it\/prodotto\/acc-akut-600-compresse-effervescenti-copy-copy-copy-copy#breadcrumb\",\"itemListElement\":[{\"@type\":\"ListItem\",\"position\":1,\"name\":\"Home\",\"item\":\"https:\/\/lions-pharmacy.com\/it\/homepage-lion-pharmacy\"},{\"@type\":\"ListItem\",\"position\":2,\"name\":\"Shop\",\"item\":\"https:\/\/lions-pharmacy.com\/it\/negozio\"},{\"@type\":\"ListItem\",\"position\":3,\"name\":\"Aspirina Complex Granulat 20 pz.\"}]},{\"@type\":\"WebSite\",\"@id\":\"https:\/\/lions-pharmacy.com\/it#website\",\"url\":\"https:\/\/lions-pharmacy.com\/it\",\"name\":\"Lions Pharmacy\",\"description\":\"Farmacia specializzata in naturopatia di Baden-Baden, Germania\",\"publisher\":{\"@id\":\"https:\/\/lions-pharmacy.com\/it#organization\"},\"alternateName\":\"Lion Pharmacy\",\"potentialAction\":[{\"@type\":\"SearchAction\",\"target\":{\"@type\":\"EntryPoint\",\"urlTemplate\":\"https:\/\/lions-pharmacy.com\/it?s={search_term_string}\"},\"query-input\":{\"@type\":\"PropertyValueSpecification\",\"valueRequired\":true,\"valueName\":\"search_term_string\"}}],\"inLanguage\":\"it-IT\"},{\"@type\":\"Organization\",\"@id\":\"https:\/\/lions-pharmacy.com\/it#organization\",\"name\":\"Lions Pharmacy\",\"alternateName\":\"Lions Pharmacy24\",\"url\":\"https:\/\/lions-pharmacy.com\/it\",\"logo\":{\"@type\":\"ImageObject\",\"inLanguage\":\"it-IT\",\"@id\":\"https:\/\/lions-pharmacy.com\/it#\/schema\/logo\/image\/\",\"url\":\"https:\/\/lions-pharmacy.com\/wp-content\/uploads\/2022\/12\/Logo-Lion-Pharmacy-c-o-Loewen-Apotheke-smal.jpg\",\"contentUrl\":\"https:\/\/lions-pharmacy.com\/wp-content\/uploads\/2022\/12\/Logo-Lion-Pharmacy-c-o-Loewen-Apotheke-smal.jpg\",\"width\":298,\"height\":99,\"caption\":\"Lions Pharmacy\"},\"image\":{\"@id\":\"https:\/\/lions-pharmacy.com\/it#\/schema\/logo\/image\/\"}}]}<\/script>\n<!-- \/ Yoast SEO plugin. -->","yoast_head_json":{"title":"Aspirina Complex Granulat 20 pz. &#187;","description":"Aspirina Complex Granulat 20 pz. allevia il dolore freddo. Consegnato dalla tua farmacia online tedesca. Spedizione veloce. Servizio al top.","robots":{"index":"index","follow":"follow","max-snippet":"max-snippet:-1","max-image-preview":"max-image-preview:large","max-video-preview":"max-video-preview:-1"},"canonical":"https:\/\/lions-pharmacy.com\/it\/prodotto\/acc-akut-600-compresse-effervescenti-copy-copy-copy-copy","og_locale":"it_IT","og_type":"article","og_title":"Aspirina Complex Granulat 20 pz. &#187;","og_description":"Aspirina Complex Granulat 20 pz. allevia il dolore freddo. Consegnato dalla tua farmacia online tedesca. Spedizione veloce. Servizio al top.","og_url":"https:\/\/lions-pharmacy.com\/it\/prodotto\/acc-akut-600-compresse-effervescenti-copy-copy-copy-copy","og_site_name":"Lion Pharmacy","article_modified_time":"2024-10-21T10:18:26+00:00","og_image":[{"width":600,"height":600,"url":"https:\/\/lions-pharmacy.com\/wp-content\/uploads\/2024\/10\/Aspirin-Complex.webp","type":"image\/webp"}],"twitter_card":"summary_large_image","twitter_misc":{"Tempo di lettura stimato":"1 minuto"},"schema":{"@context":"https:\/\/schema.org","@graph":[{"@type":"WebPage","@id":"https:\/\/lions-pharmacy.com\/it\/prodotto\/acc-akut-600-compresse-effervescenti-copy-copy-copy-copy","url":"https:\/\/lions-pharmacy.com\/it\/prodotto\/acc-akut-600-compresse-effervescenti-copy-copy-copy-copy","name":"Aspirina Complex Granulat 20 pz. &#187;","isPartOf":{"@id":"https:\/\/lions-pharmacy.com\/it#website"},"primaryImageOfPage":{"@id":"https:\/\/lions-pharmacy.com\/it\/prodotto\/acc-akut-600-compresse-effervescenti-copy-copy-copy-copy#primaryimage"},"image":{"@id":"https:\/\/lions-pharmacy.com\/it\/prodotto\/acc-akut-600-compresse-effervescenti-copy-copy-copy-copy#primaryimage"},"thumbnailUrl":"https:\/\/lions-pharmacy.com\/wp-content\/uploads\/2024\/10\/Aspirin-Complex.webp","datePublished":"2024-10-16T09:29:41+00:00","dateModified":"2024-10-21T10:18:26+00:00","description":"Aspirina Complex Granulat 20 pz. allevia il dolore freddo. Consegnato dalla tua farmacia online tedesca. Spedizione veloce. Servizio al top.","breadcrumb":{"@id":"https:\/\/lions-pharmacy.com\/it\/prodotto\/acc-akut-600-compresse-effervescenti-copy-copy-copy-copy#breadcrumb"},"inLanguage":"it-IT","potentialAction":[{"@type":"ReadAction","target":["https:\/\/lions-pharmacy.com\/it\/prodotto\/acc-akut-600-compresse-effervescenti-copy-copy-copy-copy"]}]},{"@type":"ImageObject","inLanguage":"it-IT","@id":"https:\/\/lions-pharmacy.com\/it\/prodotto\/acc-akut-600-compresse-effervescenti-copy-copy-copy-copy#primaryimage","url":"https:\/\/lions-pharmacy.com\/wp-content\/uploads\/2024\/10\/Aspirin-Complex.webp","contentUrl":"https:\/\/lions-pharmacy.com\/wp-content\/uploads\/2024\/10\/Aspirin-Complex.webp","width":600,"height":600,"caption":"Aspirina Complex PZN 04114918 Bayer L\u00f6wen Apotheke Lions Pharmacy"},{"@type":"BreadcrumbList","@id":"https:\/\/lions-pharmacy.com\/it\/prodotto\/acc-akut-600-compresse-effervescenti-copy-copy-copy-copy#breadcrumb","itemListElement":[{"@type":"ListItem","position":1,"name":"Home","item":"https:\/\/lions-pharmacy.com\/it\/homepage-lion-pharmacy"},{"@type":"ListItem","position":2,"name":"Shop","item":"https:\/\/lions-pharmacy.com\/it\/negozio"},{"@type":"ListItem","position":3,"name":"Aspirina Complex Granulat 20 pz."}]},{"@type":"WebSite","@id":"https:\/\/lions-pharmacy.com\/it#website","url":"https:\/\/lions-pharmacy.com\/it","name":"Lions Pharmacy","description":"Farmacia specializzata in naturopatia di Baden-Baden, Germania","publisher":{"@id":"https:\/\/lions-pharmacy.com\/it#organization"},"alternateName":"Lion Pharmacy","potentialAction":[{"@type":"SearchAction","target":{"@type":"EntryPoint","urlTemplate":"https:\/\/lions-pharmacy.com\/it?s={search_term_string}"},"query-input":{"@type":"PropertyValueSpecification","valueRequired":true,"valueName":"search_term_string"}}],"inLanguage":"it-IT"},{"@type":"Organization","@id":"https:\/\/lions-pharmacy.com\/it#organization","name":"Lions Pharmacy","alternateName":"Lions Pharmacy24","url":"https:\/\/lions-pharmacy.com\/it","logo":{"@type":"ImageObject","inLanguage":"it-IT","@id":"https:\/\/lions-pharmacy.com\/it#\/schema\/logo\/image\/","url":"https:\/\/lions-pharmacy.com\/wp-content\/uploads\/2022\/12\/Logo-Lion-Pharmacy-c-o-Loewen-Apotheke-smal.jpg","contentUrl":"https:\/\/lions-pharmacy.com\/wp-content\/uploads\/2022\/12\/Logo-Lion-Pharmacy-c-o-Loewen-Apotheke-smal.jpg","width":298,"height":99,"caption":"Lions Pharmacy"},"image":{"@id":"https:\/\/lions-pharmacy.com\/it#\/schema\/logo\/image\/"}}]}},"_links":{"self":[{"href":"https:\/\/lions-pharmacy.com\/it\/wp-json\/wp\/v2\/product\/5214","targetHints":{"allow":["GET"]}}],"collection":[{"href":"https:\/\/lions-pharmacy.com\/it\/wp-json\/wp\/v2\/product"}],"about":[{"href":"https:\/\/lions-pharmacy.com\/it\/wp-json\/wp\/v2\/types\/product"}],"replies":[{"embeddable":true,"href":"https:\/\/lions-pharmacy.com\/it\/wp-json\/wp\/v2\/comments?post=5214"}],"wp:featuredmedia":[{"embeddable":true,"href":"https:\/\/lions-pharmacy.com\/it\/wp-json\/wp\/v2\/media\/5219"}],"wp:attachment":[{"href":"https:\/\/lions-pharmacy.com\/it\/wp-json\/wp\/v2\/media?parent=5214"}],"wp:term":[{"taxonomy":"product_brand","embeddable":true,"href":"https:\/\/lions-pharmacy.com\/it\/wp-json\/wp\/v2\/product_brand?post=5214"},{"taxonomy":"product_cat","embeddable":true,"href":"https:\/\/lions-pharmacy.com\/it\/wp-json\/wp\/v2\/product_cat?post=5214"},{"taxonomy":"product_tag","embeddable":true,"href":"https:\/\/lions-pharmacy.com\/it\/wp-json\/wp\/v2\/product_tag?post=5214"}],"curies":[{"name":"wp","href":"https:\/\/api.w.org\/{rel}","templated":true}]}}