{"id":5204,"date":"2024-10-16T09:35:04","date_gmt":"2024-10-16T08:35:04","guid":{"rendered":"https:\/\/lions-pharmacy.com\/?post_type=product&#038;p=5204"},"modified":"2024-10-21T11:18:02","modified_gmt":"2024-10-21T10:18:02","slug":"acc-akut-600-compresse-effervescenti-copy-copy-copy","status":"publish","type":"product","link":"https:\/\/lions-pharmacy.com\/it\/prodotto\/acc-akut-600-compresse-effervescenti-copy-copy-copy","title":{"rendered":"Grippostad C per raffreddore e infezioni influenzali 24 pz."},"content":{"rendered":"<h3>Grippostad C per raffreddore e infezioni influenzali<\/h3>\n<p>Grippostad C aiuta ad alleviare i sintomi del raffreddore.<\/p>\n<p>Grazie alla sua speciale combinazione di principi attivi, aiuta in caso di febbre, tosse secca, naso che cola e raffreddore. La vitamina C supporta anche il sistema immunitario.<\/p>\n<p>Il raffreddore \u00e8 solitamente causato da virus, che poi si diffondono nel corpo attraverso le vie respiratorie e causano una generale sensazione di letargia e stanchezza. Si verificano anche dolori agli arti e purtroppo si soffre di naso che cola, tosse e febbre.<\/p>\n<p>Con Grippostad C \u00e8 possibile trattare tutti i sintomi in una sola volta. Il paracetamolo che contiene aiuta contro il dolore ed \u00e8 supportato dal principio attivo caffeina, che ha un effetto intensificante sul paracetamolo. Ci\u00f2 significa che ne basta una piccola quantit\u00e0 per tenere sotto controllo il dolore. La clorfenamina previene l&#8217;aumento della formazione di muco nei bronchi e nel naso e quindi allevia i sintomi di tosse secca e naso chiuso. I bambini di et\u00e0 superiore ai 12 anni e gli adulti possono assumere due capsule rigide con liquido fino a 3 volte al giorno. Un bicchiere d&#8217;acqua \u00e8 meglio qui. Se hai il raffreddore, dovresti assicurarti di bere molti liquidi e di prendere molta aria fresca.<\/p>\n<section class=\"text-dark-primary-max\">Altri prodotti per l&#8217;applicazione: <a href=\"https:\/\/lions-pharmacy.com\/product-tag\/cold-flu\">Raffreddore e influenza<\/a><\/section>\n<section><\/section>\n<section><\/section>\n<section><\/section>\n<section class=\"text-dark-primary-max\">Le informazioni contenute in questo sito web sono fornite solo a scopo informativo. Non sostituiscono in alcun modo la visita e il trattamento da parte di un medico. Ci\u00f2 significa che non \u00e8 possibile n\u00e9 fare diagnosi n\u00e9 iniziare terapie.<\/p>\n<\/section>\n<p>Per i rischi e gli effetti collaterali, leggere il foglio illustrativo e rivolgersi al medico o al farmacista.<\/p>\n<p>&nbsp;<\/p>\n<h3 style=\"text-align: left;\">Prescrizione | \u00c8 disponibile una prescrizione elettronica?<\/h3>\n<p>Invia subito la tua prescrizione elettronica. Usa la nostra app <a href=\"https:\/\/e-rezept-app.de\/shop-rezept\" target=\"_blank\" rel=\"noopener\">per la prescrizione elettronica<\/a> . E noi ti diamo le spese di spedizione gratis in Germania!<\/p>\n","protected":false},"excerpt":{"rendered":"<h2>Grippostad C per raffreddore e infezioni influenzali<\/h2>\n<p>Grippostad C aiuta ad alleviare i sintomi del raffreddore.<\/p>\n<p>&nbsp;<\/p>\n<div class=\"rating__wrap\">\n<p><strong>PZN<\/strong>: 00571748 (numero centrale farmaceutico)<\/p>\n<p><strong>Forma di dosaggio<\/strong>: capsule &#8211; 24 pz.<\/p>\n<p><strong>Tipo di regolazione:<\/strong> Senza prescrizione medica<\/p>\n<p><strong>marchio<\/strong>: Grippostad<\/p>\n<p><strong>Produttore: <\/strong>STADA Consumer Health Deutschland GmbH<\/p>\n<\/div>\n","protected":false},"featured_media":5888,"comment_status":"closed","ping_status":"closed","template":"","meta":[],"product_brand":[],"product_cat":[124,115],"product_tag":[235,295,484],"class_list":{"0":"post-5204","1":"product","2":"type-product","3":"status-publish","4":"has-post-thumbnail","6":"product_cat-sale-it","7":"product_cat-non-categorizzato","8":"product_tag-infezione-virale","9":"product_tag-influenza","10":"product_tag-influenza-e-raffreddore","11":"ts_product_brand-all-it","13":"first","14":"instock","15":"taxable","16":"shipping-taxable","17":"purchasable","18":"product-type-simple"},"yoast_head":"<!-- This site is optimized with the Yoast SEO plugin v26.5 - https:\/\/yoast.com\/wordpress\/plugins\/seo\/ -->\n<title>Grippostad C per raffreddore e infezioni influenzali 24 pz. &#187;<\/title>\n<meta name=\"description\" content=\"Grippostad C per raffreddore e infezioni influenzali 24 pz. per alleviare i sintomi del raffreddore.. Consegnato dalla tua farmacia online tedesca. Spedizione veloce. Servizio al top.\" \/>\n<meta name=\"robots\" content=\"index, follow, max-snippet:-1, max-image-preview:large, max-video-preview:-1\" \/>\n<link rel=\"canonical\" href=\"https:\/\/lions-pharmacy.com\/it\/prodotto\/acc-akut-600-compresse-effervescenti-copy-copy-copy\" \/>\n<meta property=\"og:locale\" content=\"it_IT\" \/>\n<meta property=\"og:type\" content=\"article\" \/>\n<meta property=\"og:title\" content=\"Grippostad C per raffreddore e infezioni influenzali 24 pz. &#187;\" \/>\n<meta property=\"og:description\" content=\"Grippostad C per raffreddore e infezioni influenzali 24 pz. per alleviare i sintomi del raffreddore.. Consegnato dalla tua farmacia online tedesca. Spedizione veloce. Servizio al top.\" \/>\n<meta property=\"og:url\" content=\"https:\/\/lions-pharmacy.com\/it\/prodotto\/acc-akut-600-compresse-effervescenti-copy-copy-copy\" \/>\n<meta property=\"og:site_name\" content=\"Lion Pharmacy\" \/>\n<meta property=\"article:modified_time\" content=\"2024-10-21T10:18:02+00:00\" \/>\n<meta property=\"og:image\" content=\"https:\/\/lions-pharmacy.com\/wp-content\/uploads\/2024\/10\/Grippostad.webp\" \/>\n\t<meta property=\"og:image:width\" content=\"600\" \/>\n\t<meta property=\"og:image:height\" content=\"600\" \/>\n\t<meta property=\"og:image:type\" content=\"image\/webp\" \/>\n<meta name=\"twitter:card\" content=\"summary_large_image\" \/>\n<meta name=\"twitter:label1\" content=\"Tempo di lettura stimato\" \/>\n\t<meta name=\"twitter:data1\" content=\"1 minuto\" \/>\n<script type=\"application\/ld+json\" class=\"yoast-schema-graph\">{\"@context\":\"https:\/\/schema.org\",\"@graph\":[{\"@type\":\"WebPage\",\"@id\":\"https:\/\/lions-pharmacy.com\/it\/prodotto\/acc-akut-600-compresse-effervescenti-copy-copy-copy\",\"url\":\"https:\/\/lions-pharmacy.com\/it\/prodotto\/acc-akut-600-compresse-effervescenti-copy-copy-copy\",\"name\":\"Grippostad C per raffreddore e infezioni influenzali 24 pz. &#187;\",\"isPartOf\":{\"@id\":\"https:\/\/lions-pharmacy.com\/it#website\"},\"primaryImageOfPage\":{\"@id\":\"https:\/\/lions-pharmacy.com\/it\/prodotto\/acc-akut-600-compresse-effervescenti-copy-copy-copy#primaryimage\"},\"image\":{\"@id\":\"https:\/\/lions-pharmacy.com\/it\/prodotto\/acc-akut-600-compresse-effervescenti-copy-copy-copy#primaryimage\"},\"thumbnailUrl\":\"https:\/\/lions-pharmacy.com\/wp-content\/uploads\/2024\/10\/grippo.webp\",\"datePublished\":\"2024-10-16T08:35:04+00:00\",\"dateModified\":\"2024-10-21T10:18:02+00:00\",\"description\":\"Grippostad C per raffreddore e infezioni influenzali 24 pz. per alleviare i sintomi del raffreddore.. Consegnato dalla tua farmacia online tedesca. Spedizione veloce. Servizio al top.\",\"breadcrumb\":{\"@id\":\"https:\/\/lions-pharmacy.com\/it\/prodotto\/acc-akut-600-compresse-effervescenti-copy-copy-copy#breadcrumb\"},\"inLanguage\":\"it-IT\",\"potentialAction\":[{\"@type\":\"ReadAction\",\"target\":[\"https:\/\/lions-pharmacy.com\/it\/prodotto\/acc-akut-600-compresse-effervescenti-copy-copy-copy\"]}]},{\"@type\":\"ImageObject\",\"inLanguage\":\"it-IT\",\"@id\":\"https:\/\/lions-pharmacy.com\/it\/prodotto\/acc-akut-600-compresse-effervescenti-copy-copy-copy#primaryimage\",\"url\":\"https:\/\/lions-pharmacy.com\/wp-content\/uploads\/2024\/10\/grippo.webp\",\"contentUrl\":\"https:\/\/lions-pharmacy.com\/wp-content\/uploads\/2024\/10\/grippo.webp\",\"width\":600,\"height\":600,\"caption\":\"Grippostad C for colds and flu infections PZN 00571748 Lions Pharmacy\"},{\"@type\":\"BreadcrumbList\",\"@id\":\"https:\/\/lions-pharmacy.com\/it\/prodotto\/acc-akut-600-compresse-effervescenti-copy-copy-copy#breadcrumb\",\"itemListElement\":[{\"@type\":\"ListItem\",\"position\":1,\"name\":\"Home\",\"item\":\"https:\/\/lions-pharmacy.com\/it\/homepage-lion-pharmacy\"},{\"@type\":\"ListItem\",\"position\":2,\"name\":\"Shop\",\"item\":\"https:\/\/lions-pharmacy.com\/it\/negozio\"},{\"@type\":\"ListItem\",\"position\":3,\"name\":\"Grippostad C per raffreddore e infezioni influenzali 24 pz.\"}]},{\"@type\":\"WebSite\",\"@id\":\"https:\/\/lions-pharmacy.com\/it#website\",\"url\":\"https:\/\/lions-pharmacy.com\/it\",\"name\":\"Lions Pharmacy\",\"description\":\"Farmacia specializzata in naturopatia di Baden-Baden, Germania\",\"publisher\":{\"@id\":\"https:\/\/lions-pharmacy.com\/it#organization\"},\"alternateName\":\"Lion Pharmacy\",\"potentialAction\":[{\"@type\":\"SearchAction\",\"target\":{\"@type\":\"EntryPoint\",\"urlTemplate\":\"https:\/\/lions-pharmacy.com\/it?s={search_term_string}\"},\"query-input\":{\"@type\":\"PropertyValueSpecification\",\"valueRequired\":true,\"valueName\":\"search_term_string\"}}],\"inLanguage\":\"it-IT\"},{\"@type\":\"Organization\",\"@id\":\"https:\/\/lions-pharmacy.com\/it#organization\",\"name\":\"Lions Pharmacy\",\"alternateName\":\"Lions Pharmacy24\",\"url\":\"https:\/\/lions-pharmacy.com\/it\",\"logo\":{\"@type\":\"ImageObject\",\"inLanguage\":\"it-IT\",\"@id\":\"https:\/\/lions-pharmacy.com\/it#\/schema\/logo\/image\/\",\"url\":\"https:\/\/lions-pharmacy.com\/wp-content\/uploads\/2022\/12\/Logo-Lion-Pharmacy-c-o-Loewen-Apotheke-smal.jpg\",\"contentUrl\":\"https:\/\/lions-pharmacy.com\/wp-content\/uploads\/2022\/12\/Logo-Lion-Pharmacy-c-o-Loewen-Apotheke-smal.jpg\",\"width\":298,\"height\":99,\"caption\":\"Lions Pharmacy\"},\"image\":{\"@id\":\"https:\/\/lions-pharmacy.com\/it#\/schema\/logo\/image\/\"}}]}<\/script>\n<!-- \/ Yoast SEO plugin. -->","yoast_head_json":{"title":"Grippostad C per raffreddore e infezioni influenzali 24 pz. &#187;","description":"Grippostad C per raffreddore e infezioni influenzali 24 pz. per alleviare i sintomi del raffreddore.. Consegnato dalla tua farmacia online tedesca. Spedizione veloce. Servizio al top.","robots":{"index":"index","follow":"follow","max-snippet":"max-snippet:-1","max-image-preview":"max-image-preview:large","max-video-preview":"max-video-preview:-1"},"canonical":"https:\/\/lions-pharmacy.com\/it\/prodotto\/acc-akut-600-compresse-effervescenti-copy-copy-copy","og_locale":"it_IT","og_type":"article","og_title":"Grippostad C per raffreddore e infezioni influenzali 24 pz. &#187;","og_description":"Grippostad C per raffreddore e infezioni influenzali 24 pz. per alleviare i sintomi del raffreddore.. Consegnato dalla tua farmacia online tedesca. Spedizione veloce. Servizio al top.","og_url":"https:\/\/lions-pharmacy.com\/it\/prodotto\/acc-akut-600-compresse-effervescenti-copy-copy-copy","og_site_name":"Lion Pharmacy","article_modified_time":"2024-10-21T10:18:02+00:00","og_image":[{"width":600,"height":600,"url":"https:\/\/lions-pharmacy.com\/wp-content\/uploads\/2024\/10\/Grippostad.webp","type":"image\/webp"}],"twitter_card":"summary_large_image","twitter_misc":{"Tempo di lettura stimato":"1 minuto"},"schema":{"@context":"https:\/\/schema.org","@graph":[{"@type":"WebPage","@id":"https:\/\/lions-pharmacy.com\/it\/prodotto\/acc-akut-600-compresse-effervescenti-copy-copy-copy","url":"https:\/\/lions-pharmacy.com\/it\/prodotto\/acc-akut-600-compresse-effervescenti-copy-copy-copy","name":"Grippostad C per raffreddore e infezioni influenzali 24 pz. &#187;","isPartOf":{"@id":"https:\/\/lions-pharmacy.com\/it#website"},"primaryImageOfPage":{"@id":"https:\/\/lions-pharmacy.com\/it\/prodotto\/acc-akut-600-compresse-effervescenti-copy-copy-copy#primaryimage"},"image":{"@id":"https:\/\/lions-pharmacy.com\/it\/prodotto\/acc-akut-600-compresse-effervescenti-copy-copy-copy#primaryimage"},"thumbnailUrl":"https:\/\/lions-pharmacy.com\/wp-content\/uploads\/2024\/10\/grippo.webp","datePublished":"2024-10-16T08:35:04+00:00","dateModified":"2024-10-21T10:18:02+00:00","description":"Grippostad C per raffreddore e infezioni influenzali 24 pz. per alleviare i sintomi del raffreddore.. Consegnato dalla tua farmacia online tedesca. Spedizione veloce. Servizio al top.","breadcrumb":{"@id":"https:\/\/lions-pharmacy.com\/it\/prodotto\/acc-akut-600-compresse-effervescenti-copy-copy-copy#breadcrumb"},"inLanguage":"it-IT","potentialAction":[{"@type":"ReadAction","target":["https:\/\/lions-pharmacy.com\/it\/prodotto\/acc-akut-600-compresse-effervescenti-copy-copy-copy"]}]},{"@type":"ImageObject","inLanguage":"it-IT","@id":"https:\/\/lions-pharmacy.com\/it\/prodotto\/acc-akut-600-compresse-effervescenti-copy-copy-copy#primaryimage","url":"https:\/\/lions-pharmacy.com\/wp-content\/uploads\/2024\/10\/grippo.webp","contentUrl":"https:\/\/lions-pharmacy.com\/wp-content\/uploads\/2024\/10\/grippo.webp","width":600,"height":600,"caption":"Grippostad C for colds and flu infections PZN 00571748 Lions Pharmacy"},{"@type":"BreadcrumbList","@id":"https:\/\/lions-pharmacy.com\/it\/prodotto\/acc-akut-600-compresse-effervescenti-copy-copy-copy#breadcrumb","itemListElement":[{"@type":"ListItem","position":1,"name":"Home","item":"https:\/\/lions-pharmacy.com\/it\/homepage-lion-pharmacy"},{"@type":"ListItem","position":2,"name":"Shop","item":"https:\/\/lions-pharmacy.com\/it\/negozio"},{"@type":"ListItem","position":3,"name":"Grippostad C per raffreddore e infezioni influenzali 24 pz."}]},{"@type":"WebSite","@id":"https:\/\/lions-pharmacy.com\/it#website","url":"https:\/\/lions-pharmacy.com\/it","name":"Lions Pharmacy","description":"Farmacia specializzata in naturopatia di Baden-Baden, Germania","publisher":{"@id":"https:\/\/lions-pharmacy.com\/it#organization"},"alternateName":"Lion Pharmacy","potentialAction":[{"@type":"SearchAction","target":{"@type":"EntryPoint","urlTemplate":"https:\/\/lions-pharmacy.com\/it?s={search_term_string}"},"query-input":{"@type":"PropertyValueSpecification","valueRequired":true,"valueName":"search_term_string"}}],"inLanguage":"it-IT"},{"@type":"Organization","@id":"https:\/\/lions-pharmacy.com\/it#organization","name":"Lions Pharmacy","alternateName":"Lions Pharmacy24","url":"https:\/\/lions-pharmacy.com\/it","logo":{"@type":"ImageObject","inLanguage":"it-IT","@id":"https:\/\/lions-pharmacy.com\/it#\/schema\/logo\/image\/","url":"https:\/\/lions-pharmacy.com\/wp-content\/uploads\/2022\/12\/Logo-Lion-Pharmacy-c-o-Loewen-Apotheke-smal.jpg","contentUrl":"https:\/\/lions-pharmacy.com\/wp-content\/uploads\/2022\/12\/Logo-Lion-Pharmacy-c-o-Loewen-Apotheke-smal.jpg","width":298,"height":99,"caption":"Lions Pharmacy"},"image":{"@id":"https:\/\/lions-pharmacy.com\/it#\/schema\/logo\/image\/"}}]}},"_links":{"self":[{"href":"https:\/\/lions-pharmacy.com\/it\/wp-json\/wp\/v2\/product\/5204","targetHints":{"allow":["GET"]}}],"collection":[{"href":"https:\/\/lions-pharmacy.com\/it\/wp-json\/wp\/v2\/product"}],"about":[{"href":"https:\/\/lions-pharmacy.com\/it\/wp-json\/wp\/v2\/types\/product"}],"replies":[{"embeddable":true,"href":"https:\/\/lions-pharmacy.com\/it\/wp-json\/wp\/v2\/comments?post=5204"}],"wp:featuredmedia":[{"embeddable":true,"href":"https:\/\/lions-pharmacy.com\/it\/wp-json\/wp\/v2\/media\/5888"}],"wp:attachment":[{"href":"https:\/\/lions-pharmacy.com\/it\/wp-json\/wp\/v2\/media?parent=5204"}],"wp:term":[{"taxonomy":"product_brand","embeddable":true,"href":"https:\/\/lions-pharmacy.com\/it\/wp-json\/wp\/v2\/product_brand?post=5204"},{"taxonomy":"product_cat","embeddable":true,"href":"https:\/\/lions-pharmacy.com\/it\/wp-json\/wp\/v2\/product_cat?post=5204"},{"taxonomy":"product_tag","embeddable":true,"href":"https:\/\/lions-pharmacy.com\/it\/wp-json\/wp\/v2\/product_tag?post=5204"}],"curies":[{"name":"wp","href":"https:\/\/api.w.org\/{rel}","templated":true}]}}