{"id":5182,"date":"2024-10-15T15:49:59","date_gmt":"2024-10-15T14:49:59","guid":{"rendered":"https:\/\/lions-pharmacy.com\/?post_type=product&#038;p=5182"},"modified":"2025-01-17T08:00:12","modified_gmt":"2025-01-17T07:00:12","slug":"fenistil-gel-dimetindene-maleate-1-mg-g","status":"publish","type":"product","link":"https:\/\/lions-pharmacy.com\/it\/prodotto\/fenistil-gel-dimetindene-maleate-1-mg-g","title":{"rendered":"Fenistil Gel Dimetindene Maleato 1 mg\/g"},"content":{"rendered":"<h3>Fenistil Gel &#8220;Dimetindene Maleato&#8221; 1 mg\/g<\/h3>\n<p>Il gel Fenistil fornisce un rapido sollievo per varie irritazioni cutanee come punture di insetti, scottature solari o reazioni allergiche. Febistil allevia il prurito e raffredda le zone interessate grazie al suo principio attivo dimetindene maleato.<\/p>\n<p>Fenistil Gel \u00e8 adatto a tutta la famiglia. Se ti piace stare nella natura, potresti spesso essere morso dalle zanzare. I morsi possono scatenare una reazione allergica nel corpo e l&#8217;istamina viene rilasciata, causando arrossamento e gonfiore. L&#8217;antistaminico contenuto nel Fenistil aiuta a bloccare il rilascio di istamina in modo che il corpo reagisca meno con gonfiore e arrossamento.<\/p>\n<p>L&#8217;istamina pu\u00f2 essere rilasciata anche quando ci si scotta. Se la pelle \u00e8 stata esposta al sole per troppo tempo, spesso non protetta, si scotter\u00e0. Questa pu\u00f2 essere un&#8217;ustione di vari gradi. Anche in questo caso, il gel Fenistil aiuta a minimizzare il gonfiore e il rossore e a lenire la pelle irritata con il suo effetto rinfrescante.<\/p>\n<p>Fenistil Gel 30g per adulti e bambini da 0 anni<\/p>\n<p>Anche in inverno, le irritazioni cutanee possono verificarsi a causa dell&#8217;aria fredda e secca del riscaldamento. Fenistil offre anche un unguento per questo, FeniHydrocort 0,5%. In casa, puoi anche installare un umidificatore per ridurre al minimo l&#8217;aria secca. Se sei sulle piste, il gel Fenistil ti aiuter\u00e0 anche contro le scottature.<\/p>\n<p>&nbsp;<\/p>\n<p>Altri prodotti per l&#8217;applicazione: <a href=\"https:\/\/lions-pharmacy.com\/product-tag\/weight-fitness\">Wellness &amp; Health<\/a> | <a href=\"https:\/\/lions-pharmacy.com\/product-tag\/vitamins-supplements\">Vitamine e integratori Prodotti<\/a><\/p>\n<p>Le informazioni contenute in questo sito web sono fornite solo a scopo informativo. Non sostituiscono in alcun modo la visita e il trattamento da parte di un medico. Ci\u00f2 significa che non \u00e8 possibile n\u00e9 fare diagnosi n\u00e9 iniziare terapie.<\/p>\n<p>Per i rischi e gli effetti collaterali, leggere il foglio illustrativo e rivolgersi al medico o al farmacista.<\/p>\n<p>&nbsp;<\/p>\n<h3 style=\"text-align: left;\">Prescrizione | \u00c8 disponibile una prescrizione elettronica?<\/h3>\n<p>Invia subito la tua prescrizione elettronica. Usa la nostra app <a href=\"https:\/\/e-rezept-app.de\/shop-rezept\" target=\"_blank\" rel=\"noopener\">per la prescrizione elettronica<\/a> . E noi ti diamo le spese di spedizione gratis in Germania!<\/p>\n","protected":false},"excerpt":{"rendered":"<h2>Fenistil Gel &#8220;Dimetindene Maleato&#8221; 1 mg\/g<\/h2>\n<p>Sollievo rapido per varie irritazioni cutanee come punture di insetti, scottature solari o reazioni allergiche.<\/p>\n<p>&nbsp;<\/p>\n<div class=\"rating__wrap\">\n<p><strong>PZN<\/strong>: 12550409<\/p>\n<p><strong>Forma di dosaggio<\/strong>: gel &#8211; 30 g<\/p>\n<p><strong>Tipo di regolazione:<\/strong> Senza prescrizione medica<\/p>\n<p><strong>Marchio<\/strong>: Fenistil<\/p>\n<p><strong>Produttore: <\/strong>Haleon Germany GmbH<\/p>\n<\/div>\n","protected":false},"featured_media":5187,"comment_status":"closed","ping_status":"closed","template":"","meta":[],"product_brand":[],"product_cat":[124,115],"product_tag":[260,270,271],"class_list":{"0":"post-5182","1":"product","2":"type-product","3":"status-publish","4":"has-post-thumbnail","6":"product_cat-sale-it","7":"product_cat-non-categorizzato","8":"product_tag-asma-e-allergie","9":"product_tag-benessere","10":"product_tag-peso-e-forma-fisica","11":"ts_product_brand-all-it","13":"first","14":"instock","15":"taxable","16":"shipping-taxable","17":"purchasable","18":"product-type-simple"},"yoast_head":"<!-- This site is optimized with the Yoast SEO plugin v26.5 - https:\/\/yoast.com\/wordpress\/plugins\/seo\/ -->\n<title>Fenistil Gel Dimetindene Maleato 1 mg\/g &#187;<\/title>\n<meta name=\"description\" content=\"Fenistil Gel Dimetindene Maleato 1 mg\/g per le irritazioni cutanee. Consegnato dalla tua farmacia online tedesca. Spedizione veloce. Servizio al top.\" \/>\n<meta name=\"robots\" content=\"index, follow, max-snippet:-1, max-image-preview:large, max-video-preview:-1\" \/>\n<link rel=\"canonical\" href=\"https:\/\/lions-pharmacy.com\/it\/prodotto\/fenistil-gel-dimetindene-maleate-1-mg-g\" \/>\n<meta property=\"og:locale\" content=\"it_IT\" \/>\n<meta property=\"og:type\" content=\"article\" \/>\n<meta property=\"og:title\" content=\"Fenistil Gel Dimetindene Maleato 1 mg\/g &#187;\" \/>\n<meta property=\"og:description\" content=\"Fenistil Gel Dimetindene Maleato 1 mg\/g per le irritazioni cutanee. Consegnato dalla tua farmacia online tedesca. Spedizione veloce. Servizio al top.\" \/>\n<meta property=\"og:url\" content=\"https:\/\/lions-pharmacy.com\/it\/prodotto\/fenistil-gel-dimetindene-maleate-1-mg-g\" \/>\n<meta property=\"og:site_name\" content=\"Lion Pharmacy\" \/>\n<meta property=\"article:modified_time\" content=\"2025-01-17T07:00:12+00:00\" \/>\n<meta property=\"og:image\" content=\"https:\/\/lions-pharmacy.com\/wp-content\/uploads\/2024\/10\/D12550409-p1.webp\" \/>\n\t<meta property=\"og:image:width\" content=\"400\" \/>\n\t<meta property=\"og:image:height\" content=\"400\" \/>\n\t<meta property=\"og:image:type\" content=\"image\/webp\" \/>\n<meta name=\"twitter:card\" content=\"summary_large_image\" \/>\n<meta name=\"twitter:label1\" content=\"Tempo di lettura stimato\" \/>\n\t<meta name=\"twitter:data1\" content=\"2 minuti\" \/>\n<script type=\"application\/ld+json\" class=\"yoast-schema-graph\">{\"@context\":\"https:\/\/schema.org\",\"@graph\":[{\"@type\":\"WebPage\",\"@id\":\"https:\/\/lions-pharmacy.com\/it\/prodotto\/fenistil-gel-dimetindene-maleate-1-mg-g\",\"url\":\"https:\/\/lions-pharmacy.com\/it\/prodotto\/fenistil-gel-dimetindene-maleate-1-mg-g\",\"name\":\"Fenistil Gel Dimetindene Maleato 1 mg\/g &#187;\",\"isPartOf\":{\"@id\":\"https:\/\/lions-pharmacy.com\/it#website\"},\"primaryImageOfPage\":{\"@id\":\"https:\/\/lions-pharmacy.com\/it\/prodotto\/fenistil-gel-dimetindene-maleate-1-mg-g#primaryimage\"},\"image\":{\"@id\":\"https:\/\/lions-pharmacy.com\/it\/prodotto\/fenistil-gel-dimetindene-maleate-1-mg-g#primaryimage\"},\"thumbnailUrl\":\"https:\/\/lions-pharmacy.com\/wp-content\/uploads\/2024\/10\/D12550409-p1.webp\",\"datePublished\":\"2024-10-15T14:49:59+00:00\",\"dateModified\":\"2025-01-17T07:00:12+00:00\",\"description\":\"Fenistil Gel Dimetindene Maleato 1 mg\/g per le irritazioni cutanee. Consegnato dalla tua farmacia online tedesca. Spedizione veloce. Servizio al top.\",\"breadcrumb\":{\"@id\":\"https:\/\/lions-pharmacy.com\/it\/prodotto\/fenistil-gel-dimetindene-maleate-1-mg-g#breadcrumb\"},\"inLanguage\":\"it-IT\",\"potentialAction\":[{\"@type\":\"ReadAction\",\"target\":[\"https:\/\/lions-pharmacy.com\/it\/prodotto\/fenistil-gel-dimetindene-maleate-1-mg-g\"]}]},{\"@type\":\"ImageObject\",\"inLanguage\":\"it-IT\",\"@id\":\"https:\/\/lions-pharmacy.com\/it\/prodotto\/fenistil-gel-dimetindene-maleate-1-mg-g#primaryimage\",\"url\":\"https:\/\/lions-pharmacy.com\/wp-content\/uploads\/2024\/10\/D12550409-p1.webp\",\"contentUrl\":\"https:\/\/lions-pharmacy.com\/wp-content\/uploads\/2024\/10\/D12550409-p1.webp\",\"width\":400,\"height\":400,\"caption\":\"Fenistil gel 30mg PZN 12550409 Lions Pharmacy\"},{\"@type\":\"BreadcrumbList\",\"@id\":\"https:\/\/lions-pharmacy.com\/it\/prodotto\/fenistil-gel-dimetindene-maleate-1-mg-g#breadcrumb\",\"itemListElement\":[{\"@type\":\"ListItem\",\"position\":1,\"name\":\"Home\",\"item\":\"https:\/\/lions-pharmacy.com\/it\/homepage-lion-pharmacy\"},{\"@type\":\"ListItem\",\"position\":2,\"name\":\"Shop\",\"item\":\"https:\/\/lions-pharmacy.com\/it\/negozio\"},{\"@type\":\"ListItem\",\"position\":3,\"name\":\"Fenistil Gel Dimetindene Maleato 1 mg\/g\"}]},{\"@type\":\"WebSite\",\"@id\":\"https:\/\/lions-pharmacy.com\/it#website\",\"url\":\"https:\/\/lions-pharmacy.com\/it\",\"name\":\"Lions Pharmacy\",\"description\":\"Farmacia specializzata in naturopatia di Baden-Baden, Germania\",\"publisher\":{\"@id\":\"https:\/\/lions-pharmacy.com\/it#organization\"},\"alternateName\":\"Lion Pharmacy\",\"potentialAction\":[{\"@type\":\"SearchAction\",\"target\":{\"@type\":\"EntryPoint\",\"urlTemplate\":\"https:\/\/lions-pharmacy.com\/it?s={search_term_string}\"},\"query-input\":{\"@type\":\"PropertyValueSpecification\",\"valueRequired\":true,\"valueName\":\"search_term_string\"}}],\"inLanguage\":\"it-IT\"},{\"@type\":\"Organization\",\"@id\":\"https:\/\/lions-pharmacy.com\/it#organization\",\"name\":\"Lions Pharmacy\",\"alternateName\":\"Lions Pharmacy24\",\"url\":\"https:\/\/lions-pharmacy.com\/it\",\"logo\":{\"@type\":\"ImageObject\",\"inLanguage\":\"it-IT\",\"@id\":\"https:\/\/lions-pharmacy.com\/it#\/schema\/logo\/image\/\",\"url\":\"https:\/\/lions-pharmacy.com\/wp-content\/uploads\/2022\/12\/Logo-Lion-Pharmacy-c-o-Loewen-Apotheke-smal.jpg\",\"contentUrl\":\"https:\/\/lions-pharmacy.com\/wp-content\/uploads\/2022\/12\/Logo-Lion-Pharmacy-c-o-Loewen-Apotheke-smal.jpg\",\"width\":298,\"height\":99,\"caption\":\"Lions Pharmacy\"},\"image\":{\"@id\":\"https:\/\/lions-pharmacy.com\/it#\/schema\/logo\/image\/\"}}]}<\/script>\n<!-- \/ Yoast SEO plugin. -->","yoast_head_json":{"title":"Fenistil Gel Dimetindene Maleato 1 mg\/g &#187;","description":"Fenistil Gel Dimetindene Maleato 1 mg\/g per le irritazioni cutanee. Consegnato dalla tua farmacia online tedesca. Spedizione veloce. Servizio al top.","robots":{"index":"index","follow":"follow","max-snippet":"max-snippet:-1","max-image-preview":"max-image-preview:large","max-video-preview":"max-video-preview:-1"},"canonical":"https:\/\/lions-pharmacy.com\/it\/prodotto\/fenistil-gel-dimetindene-maleate-1-mg-g","og_locale":"it_IT","og_type":"article","og_title":"Fenistil Gel Dimetindene Maleato 1 mg\/g &#187;","og_description":"Fenistil Gel Dimetindene Maleato 1 mg\/g per le irritazioni cutanee. Consegnato dalla tua farmacia online tedesca. Spedizione veloce. Servizio al top.","og_url":"https:\/\/lions-pharmacy.com\/it\/prodotto\/fenistil-gel-dimetindene-maleate-1-mg-g","og_site_name":"Lion Pharmacy","article_modified_time":"2025-01-17T07:00:12+00:00","og_image":[{"width":400,"height":400,"url":"https:\/\/lions-pharmacy.com\/wp-content\/uploads\/2024\/10\/D12550409-p1.webp","type":"image\/webp"}],"twitter_card":"summary_large_image","twitter_misc":{"Tempo di lettura stimato":"2 minuti"},"schema":{"@context":"https:\/\/schema.org","@graph":[{"@type":"WebPage","@id":"https:\/\/lions-pharmacy.com\/it\/prodotto\/fenistil-gel-dimetindene-maleate-1-mg-g","url":"https:\/\/lions-pharmacy.com\/it\/prodotto\/fenistil-gel-dimetindene-maleate-1-mg-g","name":"Fenistil Gel Dimetindene Maleato 1 mg\/g &#187;","isPartOf":{"@id":"https:\/\/lions-pharmacy.com\/it#website"},"primaryImageOfPage":{"@id":"https:\/\/lions-pharmacy.com\/it\/prodotto\/fenistil-gel-dimetindene-maleate-1-mg-g#primaryimage"},"image":{"@id":"https:\/\/lions-pharmacy.com\/it\/prodotto\/fenistil-gel-dimetindene-maleate-1-mg-g#primaryimage"},"thumbnailUrl":"https:\/\/lions-pharmacy.com\/wp-content\/uploads\/2024\/10\/D12550409-p1.webp","datePublished":"2024-10-15T14:49:59+00:00","dateModified":"2025-01-17T07:00:12+00:00","description":"Fenistil Gel Dimetindene Maleato 1 mg\/g per le irritazioni cutanee. Consegnato dalla tua farmacia online tedesca. Spedizione veloce. Servizio al top.","breadcrumb":{"@id":"https:\/\/lions-pharmacy.com\/it\/prodotto\/fenistil-gel-dimetindene-maleate-1-mg-g#breadcrumb"},"inLanguage":"it-IT","potentialAction":[{"@type":"ReadAction","target":["https:\/\/lions-pharmacy.com\/it\/prodotto\/fenistil-gel-dimetindene-maleate-1-mg-g"]}]},{"@type":"ImageObject","inLanguage":"it-IT","@id":"https:\/\/lions-pharmacy.com\/it\/prodotto\/fenistil-gel-dimetindene-maleate-1-mg-g#primaryimage","url":"https:\/\/lions-pharmacy.com\/wp-content\/uploads\/2024\/10\/D12550409-p1.webp","contentUrl":"https:\/\/lions-pharmacy.com\/wp-content\/uploads\/2024\/10\/D12550409-p1.webp","width":400,"height":400,"caption":"Fenistil gel 30mg PZN 12550409 Lions Pharmacy"},{"@type":"BreadcrumbList","@id":"https:\/\/lions-pharmacy.com\/it\/prodotto\/fenistil-gel-dimetindene-maleate-1-mg-g#breadcrumb","itemListElement":[{"@type":"ListItem","position":1,"name":"Home","item":"https:\/\/lions-pharmacy.com\/it\/homepage-lion-pharmacy"},{"@type":"ListItem","position":2,"name":"Shop","item":"https:\/\/lions-pharmacy.com\/it\/negozio"},{"@type":"ListItem","position":3,"name":"Fenistil Gel Dimetindene Maleato 1 mg\/g"}]},{"@type":"WebSite","@id":"https:\/\/lions-pharmacy.com\/it#website","url":"https:\/\/lions-pharmacy.com\/it","name":"Lions Pharmacy","description":"Farmacia specializzata in naturopatia di Baden-Baden, Germania","publisher":{"@id":"https:\/\/lions-pharmacy.com\/it#organization"},"alternateName":"Lion Pharmacy","potentialAction":[{"@type":"SearchAction","target":{"@type":"EntryPoint","urlTemplate":"https:\/\/lions-pharmacy.com\/it?s={search_term_string}"},"query-input":{"@type":"PropertyValueSpecification","valueRequired":true,"valueName":"search_term_string"}}],"inLanguage":"it-IT"},{"@type":"Organization","@id":"https:\/\/lions-pharmacy.com\/it#organization","name":"Lions Pharmacy","alternateName":"Lions Pharmacy24","url":"https:\/\/lions-pharmacy.com\/it","logo":{"@type":"ImageObject","inLanguage":"it-IT","@id":"https:\/\/lions-pharmacy.com\/it#\/schema\/logo\/image\/","url":"https:\/\/lions-pharmacy.com\/wp-content\/uploads\/2022\/12\/Logo-Lion-Pharmacy-c-o-Loewen-Apotheke-smal.jpg","contentUrl":"https:\/\/lions-pharmacy.com\/wp-content\/uploads\/2022\/12\/Logo-Lion-Pharmacy-c-o-Loewen-Apotheke-smal.jpg","width":298,"height":99,"caption":"Lions Pharmacy"},"image":{"@id":"https:\/\/lions-pharmacy.com\/it#\/schema\/logo\/image\/"}}]}},"_links":{"self":[{"href":"https:\/\/lions-pharmacy.com\/it\/wp-json\/wp\/v2\/product\/5182","targetHints":{"allow":["GET"]}}],"collection":[{"href":"https:\/\/lions-pharmacy.com\/it\/wp-json\/wp\/v2\/product"}],"about":[{"href":"https:\/\/lions-pharmacy.com\/it\/wp-json\/wp\/v2\/types\/product"}],"replies":[{"embeddable":true,"href":"https:\/\/lions-pharmacy.com\/it\/wp-json\/wp\/v2\/comments?post=5182"}],"wp:featuredmedia":[{"embeddable":true,"href":"https:\/\/lions-pharmacy.com\/it\/wp-json\/wp\/v2\/media\/5187"}],"wp:attachment":[{"href":"https:\/\/lions-pharmacy.com\/it\/wp-json\/wp\/v2\/media?parent=5182"}],"wp:term":[{"taxonomy":"product_brand","embeddable":true,"href":"https:\/\/lions-pharmacy.com\/it\/wp-json\/wp\/v2\/product_brand?post=5182"},{"taxonomy":"product_cat","embeddable":true,"href":"https:\/\/lions-pharmacy.com\/it\/wp-json\/wp\/v2\/product_cat?post=5182"},{"taxonomy":"product_tag","embeddable":true,"href":"https:\/\/lions-pharmacy.com\/it\/wp-json\/wp\/v2\/product_tag?post=5182"}],"curies":[{"name":"wp","href":"https:\/\/api.w.org\/{rel}","templated":true}]}}