{"id":4951,"date":"2024-10-08T14:40:32","date_gmt":"2024-10-08T13:40:32","guid":{"rendered":"https:\/\/lions-pharmacy.com\/?post_type=product&#038;p=4951"},"modified":"2024-10-11T15:07:05","modified_gmt":"2024-10-11T14:07:05","slug":"bepanthen-unguento-occhi-e-naso-10-g-copy","status":"publish","type":"product","link":"https:\/\/lions-pharmacy.com\/it\/prodotto\/bepanthen-unguento-occhi-e-naso-10-g-copy","title":{"rendered":"ACC akut 600 compresse effervescenti"},"content":{"rendered":"<h2>ACC akut 600 mg compresse effervescenti<\/h2>\n<p>Le compresse effervescenti ACC akut 600 possono essere utilizzate per trattare la tosse catarro e il muco bloccato nei bronchi.<\/p>\n<p>Principio attivo: Acetilcisteina 600 mg<\/p>\n<p>Soffri di muco denso e ostinato e hai difficolt\u00e0 a tossirlo? Allora ACC akut 600 mg espettorante per la tosse ti aiuter\u00e0 a sciogliere il muco bloccato in modo sicuro e rapido.<br \/>\nSoprattutto in inverno, la maggior parte delle persone soffre di raffreddore e tosse. I bronchi infiammati formano un muco denso, che viene liquefatto dall&#8217;acetilcisteina presente nell&#8217;espettorante per la tosse ACC e pu\u00f2 quindi essere rimosso pi\u00f9 facilmente. I bronchi e le vie aeree sono di nuovo puliti e l&#8217;infiammazione pu\u00f2 rigenerarsi.<\/p>\n<section class=\"text-dark-primary-max\">Altri prodotti per l&#8217;applicazione: <a href=\"https:\/\/lions-pharmacy.com\/produkt-schlagwort\/cold-flu\">Raffreddore e influenza<\/a>.<\/section>\n<section><\/section>\n<section class=\"text-dark-primary-max\">Le informazioni contenute in questo sito web sono fornite solo a scopo informativo. Non sostituiscono in alcun modo la visita e il trattamento da parte di un medico. Si prega di notare che ci\u00f2 significa che non \u00e8 possibile effettuare diagnosi n\u00e9 avviare terapie.  <\/section>\n<p>Per i rischi e gli effetti collaterali, leggere il foglio illustrativo e rivolgersi al medico o al farmacista.<\/p>\n<h3 style=\"text-align: left;\">Prescrizione | \u00c8 disponibile una prescrizione elettronica?<\/h3>\n<p>Invia subito la tua prescrizione elettronica. Usa la nostra app <a href=\"https:\/\/e-rezept-app.de\/shop-rezept\" target=\"_blank\" rel=\"noopener\">per la prescrizione elettronica<\/a> . E noi ti diamo le spese di spedizione gratis in Germania!<\/p>\n","protected":false},"excerpt":{"rendered":"<h2>ACC akut 600 mg compresse effervescenti<\/h2>\n<p>ACC akut compresse espettorante<span style=\"font-size: 16px;\"> per la tosse per adulti e adolescenti dai 14 anni in su.<\/span><\/p>\n<p>&nbsp;<\/p>\n<div class=\"rating__wrap\">\n<p><strong>PZN<\/strong>: 00520917 (numero centrale farmaceutico)<\/p>\n<p><strong>Forma di dosaggio<\/strong>: compresse effervescenti 40 pz.<\/p>\n<p><strong>Tipo di regolazione:<\/strong> Senza prescrizione medica<\/p>\n<p><strong>Marchio<\/strong>: ACC\u00ae<\/p>\n<p><strong>Produttore<\/strong>: Hexal AG<\/p>\n<\/div>\n","protected":false},"featured_media":4956,"comment_status":"closed","ping_status":"closed","template":"","meta":[],"product_brand":[],"product_cat":[124,115],"product_tag":[235,295,484],"class_list":{"0":"post-4951","1":"product","2":"type-product","3":"status-publish","4":"has-post-thumbnail","6":"product_cat-sale-it","7":"product_cat-non-categorizzato","8":"product_tag-infezione-virale","9":"product_tag-influenza","10":"product_tag-influenza-e-raffreddore","11":"ts_product_brand-all-it","13":"first","14":"instock","15":"sale","16":"taxable","17":"shipping-taxable","18":"purchasable","19":"product-type-simple"},"yoast_head":"<!-- This site is optimized with the Yoast SEO plugin v26.5 - https:\/\/yoast.com\/wordpress\/plugins\/seo\/ -->\n<title>ACC akut 600 compresse effervescenti &#187;<\/title>\n<meta name=\"description\" content=\"ACC akut 600 compresse effervescenti per Trattare la tosse catarro - Bronchi. Consegnato dalla tua farmacia online tedesca. Spedizione veloce. Servizio al top.\" \/>\n<meta name=\"robots\" content=\"index, follow, max-snippet:-1, max-image-preview:large, max-video-preview:-1\" \/>\n<link rel=\"canonical\" href=\"https:\/\/lions-pharmacy.com\/it\/prodotto\/bepanthen-unguento-occhi-e-naso-10-g-copy\" \/>\n<meta property=\"og:locale\" content=\"it_IT\" \/>\n<meta property=\"og:type\" content=\"article\" \/>\n<meta property=\"og:title\" content=\"ACC akut 600 compresse effervescenti &#187;\" \/>\n<meta property=\"og:description\" content=\"ACC akut 600 compresse effervescenti per Trattare la tosse catarro - Bronchi. Consegnato dalla tua farmacia online tedesca. Spedizione veloce. Servizio al top.\" \/>\n<meta property=\"og:url\" content=\"https:\/\/lions-pharmacy.com\/it\/prodotto\/bepanthen-unguento-occhi-e-naso-10-g-copy\" \/>\n<meta property=\"og:site_name\" content=\"Lion Pharmacy\" \/>\n<meta property=\"article:modified_time\" content=\"2024-10-11T14:07:05+00:00\" \/>\n<meta property=\"og:image\" content=\"https:\/\/lions-pharmacy.com\/wp-content\/uploads\/2024\/10\/ACC-Akut-Hexal.webp\" \/>\n\t<meta property=\"og:image:width\" content=\"600\" \/>\n\t<meta property=\"og:image:height\" content=\"600\" \/>\n\t<meta property=\"og:image:type\" content=\"image\/webp\" \/>\n<meta name=\"twitter:card\" content=\"summary_large_image\" \/>\n<meta name=\"twitter:label1\" content=\"Tempo di lettura stimato\" \/>\n\t<meta name=\"twitter:data1\" content=\"1 minuto\" \/>\n<script type=\"application\/ld+json\" class=\"yoast-schema-graph\">{\"@context\":\"https:\/\/schema.org\",\"@graph\":[{\"@type\":\"WebPage\",\"@id\":\"https:\/\/lions-pharmacy.com\/it\/prodotto\/bepanthen-unguento-occhi-e-naso-10-g-copy\",\"url\":\"https:\/\/lions-pharmacy.com\/it\/prodotto\/bepanthen-unguento-occhi-e-naso-10-g-copy\",\"name\":\"ACC akut 600 compresse effervescenti &#187;\",\"isPartOf\":{\"@id\":\"https:\/\/lions-pharmacy.com\/it#website\"},\"primaryImageOfPage\":{\"@id\":\"https:\/\/lions-pharmacy.com\/it\/prodotto\/bepanthen-unguento-occhi-e-naso-10-g-copy#primaryimage\"},\"image\":{\"@id\":\"https:\/\/lions-pharmacy.com\/it\/prodotto\/bepanthen-unguento-occhi-e-naso-10-g-copy#primaryimage\"},\"thumbnailUrl\":\"https:\/\/lions-pharmacy.com\/wp-content\/uploads\/2024\/10\/ACC-Akut-Hexal.webp\",\"datePublished\":\"2024-10-08T13:40:32+00:00\",\"dateModified\":\"2024-10-11T14:07:05+00:00\",\"description\":\"ACC akut 600 compresse effervescenti per Trattare la tosse catarro - Bronchi. Consegnato dalla tua farmacia online tedesca. Spedizione veloce. Servizio al top.\",\"breadcrumb\":{\"@id\":\"https:\/\/lions-pharmacy.com\/it\/prodotto\/bepanthen-unguento-occhi-e-naso-10-g-copy#breadcrumb\"},\"inLanguage\":\"it-IT\",\"potentialAction\":[{\"@type\":\"ReadAction\",\"target\":[\"https:\/\/lions-pharmacy.com\/it\/prodotto\/bepanthen-unguento-occhi-e-naso-10-g-copy\"]}]},{\"@type\":\"ImageObject\",\"inLanguage\":\"it-IT\",\"@id\":\"https:\/\/lions-pharmacy.com\/it\/prodotto\/bepanthen-unguento-occhi-e-naso-10-g-copy#primaryimage\",\"url\":\"https:\/\/lions-pharmacy.com\/wp-content\/uploads\/2024\/10\/ACC-Akut-Hexal.webp\",\"contentUrl\":\"https:\/\/lions-pharmacy.com\/wp-content\/uploads\/2024\/10\/ACC-Akut-Hexal.webp\",\"width\":600,\"height\":600,\"caption\":\"ACC Akut compresse effervescenti 600 mg Lions Pharmacy PZN 00520917\"},{\"@type\":\"BreadcrumbList\",\"@id\":\"https:\/\/lions-pharmacy.com\/it\/prodotto\/bepanthen-unguento-occhi-e-naso-10-g-copy#breadcrumb\",\"itemListElement\":[{\"@type\":\"ListItem\",\"position\":1,\"name\":\"Home\",\"item\":\"https:\/\/lions-pharmacy.com\/it\/homepage-lion-pharmacy\"},{\"@type\":\"ListItem\",\"position\":2,\"name\":\"Shop\",\"item\":\"https:\/\/lions-pharmacy.com\/it\/negozio\"},{\"@type\":\"ListItem\",\"position\":3,\"name\":\"ACC akut 600 compresse effervescenti\"}]},{\"@type\":\"WebSite\",\"@id\":\"https:\/\/lions-pharmacy.com\/it#website\",\"url\":\"https:\/\/lions-pharmacy.com\/it\",\"name\":\"Lions Pharmacy\",\"description\":\"Farmacia specializzata in naturopatia di Baden-Baden, Germania\",\"publisher\":{\"@id\":\"https:\/\/lions-pharmacy.com\/it#organization\"},\"alternateName\":\"Lion Pharmacy\",\"potentialAction\":[{\"@type\":\"SearchAction\",\"target\":{\"@type\":\"EntryPoint\",\"urlTemplate\":\"https:\/\/lions-pharmacy.com\/it?s={search_term_string}\"},\"query-input\":{\"@type\":\"PropertyValueSpecification\",\"valueRequired\":true,\"valueName\":\"search_term_string\"}}],\"inLanguage\":\"it-IT\"},{\"@type\":\"Organization\",\"@id\":\"https:\/\/lions-pharmacy.com\/it#organization\",\"name\":\"Lions Pharmacy\",\"alternateName\":\"Lions Pharmacy24\",\"url\":\"https:\/\/lions-pharmacy.com\/it\",\"logo\":{\"@type\":\"ImageObject\",\"inLanguage\":\"it-IT\",\"@id\":\"https:\/\/lions-pharmacy.com\/it#\/schema\/logo\/image\/\",\"url\":\"https:\/\/lions-pharmacy.com\/wp-content\/uploads\/2022\/12\/Logo-Lion-Pharmacy-c-o-Loewen-Apotheke-smal.jpg\",\"contentUrl\":\"https:\/\/lions-pharmacy.com\/wp-content\/uploads\/2022\/12\/Logo-Lion-Pharmacy-c-o-Loewen-Apotheke-smal.jpg\",\"width\":298,\"height\":99,\"caption\":\"Lions Pharmacy\"},\"image\":{\"@id\":\"https:\/\/lions-pharmacy.com\/it#\/schema\/logo\/image\/\"}}]}<\/script>\n<!-- \/ Yoast SEO plugin. -->","yoast_head_json":{"title":"ACC akut 600 compresse effervescenti &#187;","description":"ACC akut 600 compresse effervescenti per Trattare la tosse catarro - Bronchi. Consegnato dalla tua farmacia online tedesca. Spedizione veloce. Servizio al top.","robots":{"index":"index","follow":"follow","max-snippet":"max-snippet:-1","max-image-preview":"max-image-preview:large","max-video-preview":"max-video-preview:-1"},"canonical":"https:\/\/lions-pharmacy.com\/it\/prodotto\/bepanthen-unguento-occhi-e-naso-10-g-copy","og_locale":"it_IT","og_type":"article","og_title":"ACC akut 600 compresse effervescenti &#187;","og_description":"ACC akut 600 compresse effervescenti per Trattare la tosse catarro - Bronchi. Consegnato dalla tua farmacia online tedesca. Spedizione veloce. Servizio al top.","og_url":"https:\/\/lions-pharmacy.com\/it\/prodotto\/bepanthen-unguento-occhi-e-naso-10-g-copy","og_site_name":"Lion Pharmacy","article_modified_time":"2024-10-11T14:07:05+00:00","og_image":[{"width":600,"height":600,"url":"https:\/\/lions-pharmacy.com\/wp-content\/uploads\/2024\/10\/ACC-Akut-Hexal.webp","type":"image\/webp"}],"twitter_card":"summary_large_image","twitter_misc":{"Tempo di lettura stimato":"1 minuto"},"schema":{"@context":"https:\/\/schema.org","@graph":[{"@type":"WebPage","@id":"https:\/\/lions-pharmacy.com\/it\/prodotto\/bepanthen-unguento-occhi-e-naso-10-g-copy","url":"https:\/\/lions-pharmacy.com\/it\/prodotto\/bepanthen-unguento-occhi-e-naso-10-g-copy","name":"ACC akut 600 compresse effervescenti &#187;","isPartOf":{"@id":"https:\/\/lions-pharmacy.com\/it#website"},"primaryImageOfPage":{"@id":"https:\/\/lions-pharmacy.com\/it\/prodotto\/bepanthen-unguento-occhi-e-naso-10-g-copy#primaryimage"},"image":{"@id":"https:\/\/lions-pharmacy.com\/it\/prodotto\/bepanthen-unguento-occhi-e-naso-10-g-copy#primaryimage"},"thumbnailUrl":"https:\/\/lions-pharmacy.com\/wp-content\/uploads\/2024\/10\/ACC-Akut-Hexal.webp","datePublished":"2024-10-08T13:40:32+00:00","dateModified":"2024-10-11T14:07:05+00:00","description":"ACC akut 600 compresse effervescenti per Trattare la tosse catarro - Bronchi. Consegnato dalla tua farmacia online tedesca. Spedizione veloce. Servizio al top.","breadcrumb":{"@id":"https:\/\/lions-pharmacy.com\/it\/prodotto\/bepanthen-unguento-occhi-e-naso-10-g-copy#breadcrumb"},"inLanguage":"it-IT","potentialAction":[{"@type":"ReadAction","target":["https:\/\/lions-pharmacy.com\/it\/prodotto\/bepanthen-unguento-occhi-e-naso-10-g-copy"]}]},{"@type":"ImageObject","inLanguage":"it-IT","@id":"https:\/\/lions-pharmacy.com\/it\/prodotto\/bepanthen-unguento-occhi-e-naso-10-g-copy#primaryimage","url":"https:\/\/lions-pharmacy.com\/wp-content\/uploads\/2024\/10\/ACC-Akut-Hexal.webp","contentUrl":"https:\/\/lions-pharmacy.com\/wp-content\/uploads\/2024\/10\/ACC-Akut-Hexal.webp","width":600,"height":600,"caption":"ACC Akut compresse effervescenti 600 mg Lions Pharmacy PZN 00520917"},{"@type":"BreadcrumbList","@id":"https:\/\/lions-pharmacy.com\/it\/prodotto\/bepanthen-unguento-occhi-e-naso-10-g-copy#breadcrumb","itemListElement":[{"@type":"ListItem","position":1,"name":"Home","item":"https:\/\/lions-pharmacy.com\/it\/homepage-lion-pharmacy"},{"@type":"ListItem","position":2,"name":"Shop","item":"https:\/\/lions-pharmacy.com\/it\/negozio"},{"@type":"ListItem","position":3,"name":"ACC akut 600 compresse effervescenti"}]},{"@type":"WebSite","@id":"https:\/\/lions-pharmacy.com\/it#website","url":"https:\/\/lions-pharmacy.com\/it","name":"Lions Pharmacy","description":"Farmacia specializzata in naturopatia di Baden-Baden, Germania","publisher":{"@id":"https:\/\/lions-pharmacy.com\/it#organization"},"alternateName":"Lion Pharmacy","potentialAction":[{"@type":"SearchAction","target":{"@type":"EntryPoint","urlTemplate":"https:\/\/lions-pharmacy.com\/it?s={search_term_string}"},"query-input":{"@type":"PropertyValueSpecification","valueRequired":true,"valueName":"search_term_string"}}],"inLanguage":"it-IT"},{"@type":"Organization","@id":"https:\/\/lions-pharmacy.com\/it#organization","name":"Lions Pharmacy","alternateName":"Lions Pharmacy24","url":"https:\/\/lions-pharmacy.com\/it","logo":{"@type":"ImageObject","inLanguage":"it-IT","@id":"https:\/\/lions-pharmacy.com\/it#\/schema\/logo\/image\/","url":"https:\/\/lions-pharmacy.com\/wp-content\/uploads\/2022\/12\/Logo-Lion-Pharmacy-c-o-Loewen-Apotheke-smal.jpg","contentUrl":"https:\/\/lions-pharmacy.com\/wp-content\/uploads\/2022\/12\/Logo-Lion-Pharmacy-c-o-Loewen-Apotheke-smal.jpg","width":298,"height":99,"caption":"Lions Pharmacy"},"image":{"@id":"https:\/\/lions-pharmacy.com\/it#\/schema\/logo\/image\/"}}]}},"_links":{"self":[{"href":"https:\/\/lions-pharmacy.com\/it\/wp-json\/wp\/v2\/product\/4951","targetHints":{"allow":["GET"]}}],"collection":[{"href":"https:\/\/lions-pharmacy.com\/it\/wp-json\/wp\/v2\/product"}],"about":[{"href":"https:\/\/lions-pharmacy.com\/it\/wp-json\/wp\/v2\/types\/product"}],"replies":[{"embeddable":true,"href":"https:\/\/lions-pharmacy.com\/it\/wp-json\/wp\/v2\/comments?post=4951"}],"wp:featuredmedia":[{"embeddable":true,"href":"https:\/\/lions-pharmacy.com\/it\/wp-json\/wp\/v2\/media\/4956"}],"wp:attachment":[{"href":"https:\/\/lions-pharmacy.com\/it\/wp-json\/wp\/v2\/media?parent=4951"}],"wp:term":[{"taxonomy":"product_brand","embeddable":true,"href":"https:\/\/lions-pharmacy.com\/it\/wp-json\/wp\/v2\/product_brand?post=4951"},{"taxonomy":"product_cat","embeddable":true,"href":"https:\/\/lions-pharmacy.com\/it\/wp-json\/wp\/v2\/product_cat?post=4951"},{"taxonomy":"product_tag","embeddable":true,"href":"https:\/\/lions-pharmacy.com\/it\/wp-json\/wp\/v2\/product_tag?post=4951"}],"curies":[{"name":"wp","href":"https:\/\/api.w.org\/{rel}","templated":true}]}}