{"id":4878,"date":"2024-10-02T13:41:42","date_gmt":"2024-10-02T12:41:42","guid":{"rendered":"https:\/\/lions-pharmacy.com\/?post_type=product&#038;p=4878"},"modified":"2024-10-11T05:57:35","modified_gmt":"2024-10-11T04:57:35","slug":"ratiopharm-spray-nasale-adulti-15-ml-copy","status":"publish","type":"product","link":"https:\/\/lions-pharmacy.com\/it\/prodotto\/ratiopharm-spray-nasale-adulti-15-ml-copy","title":{"rendered":"Estratto di Sinupret 40 pz."},"content":{"rendered":"<h2>Estratto di Sinupret, 40 pz.<\/h2>\n<p>Compresse di estratto di Sinupret: soffri di infiammazione cronica o acuta dei seni paranasali, allora il sinupret \u00e8 esattamente la cosa giusta per te. Con i suoi 5 principi attivi naturali, aiuta esattamente dove il muco infiammato e bloccato non viene pi\u00f9 rimosso.<\/p>\n<p>I principi attivi di primula, genziana, acetosa, sambuco e verbena sciolgono il muco, aprono il naso e schiariscono la testa in modo naturale. Sinupret \u00e8 altamente efficace e ben tollerato. Inoltre, dovresti bere molto e dare un po&#8217; di riposo al tuo corpo. Se soffri di problemi di sonno, troverai anche aiutanti naturali da noi per un recupero ottimale.<\/p>\n<p>L&#8217;estratto di sinupret \u00e8 stato sviluppato appositamente per i seni paranasali, una cosiddetta sinusite. Questo \u00e8 spesso espresso con i seguenti sintomi: Mal di testa che peggiora quando si piega la testa in avanti<br \/>\nFa male gran parte del viso, un naso &#8220;chiuso&#8221;. Comparsa di secrezioni dense, a volte purulente, problemi respiratori, sensazione di malessere.<br \/>\nSpesso febbre, Disturbo dell&#8217;olfatto, Sinupret aiuta ad alleviare questi sintomi e migliora il tuo benessere durante il periodo di recupero. Puoi anche usare l&#8217;estratto di Sinupret se sei intollerante al lattosio.<\/p>\n<p><strong>Principio attivo:<\/strong><\/p>\n<p>Principi attivi<br \/>\nFiore di primula estratto secco<br \/>\nEstratto secco di erba acetosa<br \/>\nVerbena estratto secco<br \/>\nGenziana radice estratto secco<br \/>\nEstratto secco di fiori di sambuco<\/p>\n<p>Qui puoi trovare maggiori informazioni sul prodotto e sul produttore: <a href=\"https:\/\/bionorica.de\/de\/produkte\/atemwege\/sinupret.html\" target=\"_blank\" rel=\"noopener\">Bionorica SE &#8211; Sinupret<\/a>.<\/p>\n<p>Altri prodotti per l&#8217;applicazione: <a href=\"https:\/\/lions-pharmacy.com\/produkt-schlagwort\/cold-flu\">Cold &amp; Flu<\/a><\/p>\n<p>Le informazioni contenute in questo sito web sono fornite solo a scopo informativo. Non sostituiscono in alcun modo la visita e il trattamento da parte di un medico. Ci\u00f2 significa che non \u00e8 possibile n\u00e9 fare diagnosi n\u00e9 iniziare terapie.<\/p>\n<p>Per i rischi e gli effetti collaterali, leggere il foglio illustrativo e rivolgersi al medico o al farmacista.<\/p>\n<h3 style=\"text-align: left;\">Prescrizione | \u00c8 disponibile una prescrizione elettronica?<\/h3>\n<p>Invia subito la tua prescrizione elettronica. Usa la nostra app <a href=\"https:\/\/e-rezept-app.de\/shop-rezept\" target=\"_blank\" rel=\"noopener\">per la prescrizione elettronica<\/a> . E noi ti diamo le spese di spedizione gratis in Germania!<\/p>\n","protected":false},"excerpt":{"rendered":"<h2>Estratto di Sinupret<\/h2>\n<p>Compresse di estratto di Sinupret per adulti e bambini a partire dai 12 anni.<\/p>\n<div class=\"rating__wrap\">\n<p>&nbsp;<\/p>\n<p><strong>PZN<\/strong>: 09285547 (numero centrale farmaceutico)<\/p>\n<p><strong>Forma di dosaggio<\/strong>: compresse &#8211; 40 pezzi<\/p>\n<p><strong>Tipo di regolazione:<\/strong> Senza prescrizione medica<\/p>\n<p><strong>Marchio<\/strong>: Bionorica\u00ae<\/p>\n<p><strong>Produttore<\/strong>: Bionorica SE, Neumarkt , Germania<\/p>\n<\/div>\n","protected":false},"featured_media":4928,"comment_status":"closed","ping_status":"closed","template":"","meta":[],"product_brand":[],"product_cat":[124,115],"product_tag":[235,295,484],"class_list":{"0":"post-4878","1":"product","2":"type-product","3":"status-publish","4":"has-post-thumbnail","6":"product_cat-sale-it","7":"product_cat-non-categorizzato","8":"product_tag-infezione-virale","9":"product_tag-influenza","10":"product_tag-influenza-e-raffreddore","11":"ts_product_brand-all-it","13":"first","14":"instock","15":"sale","16":"taxable","17":"shipping-taxable","18":"purchasable","19":"product-type-simple"},"yoast_head":"<!-- This site is optimized with the Yoast SEO plugin v26.5 - https:\/\/yoast.com\/wordpress\/plugins\/seo\/ -->\n<title>Estratto di Sinupret 40 pz. &#187; On stock - Ordina ora<\/title>\n<meta name=\"description\" content=\"Estratto di Sinupret 40 pz. per infiammazione sinusale. Produttore: Bionorica SE. Consegnato dalla tua farmacia online tedesca. Spedizione veloce. Servizio al top.\" \/>\n<meta name=\"robots\" content=\"index, follow, max-snippet:-1, max-image-preview:large, max-video-preview:-1\" \/>\n<link rel=\"canonical\" href=\"https:\/\/lions-pharmacy.com\/it\/prodotto\/ratiopharm-spray-nasale-adulti-15-ml-copy\" \/>\n<meta property=\"og:locale\" content=\"it_IT\" \/>\n<meta property=\"og:type\" content=\"article\" \/>\n<meta property=\"og:title\" content=\"Estratto di Sinupret 40 pz. &#187; On stock - Ordina ora\" \/>\n<meta property=\"og:description\" content=\"Estratto di Sinupret 40 pz. per infiammazione sinusale. Produttore: Bionorica SE. Consegnato dalla tua farmacia online tedesca. Spedizione veloce. Servizio al top.\" \/>\n<meta property=\"og:url\" content=\"https:\/\/lions-pharmacy.com\/it\/prodotto\/ratiopharm-spray-nasale-adulti-15-ml-copy\" \/>\n<meta property=\"og:site_name\" content=\"Lion Pharmacy\" \/>\n<meta property=\"article:modified_time\" content=\"2024-10-11T04:57:35+00:00\" \/>\n<meta property=\"og:image\" content=\"https:\/\/lions-pharmacy.com\/wp-content\/uploads\/2024\/10\/Sinupret-extract-40-tablets-Lions-Pharmacy-PZN-09285547.webp\" \/>\n\t<meta property=\"og:image:width\" content=\"600\" \/>\n\t<meta property=\"og:image:height\" content=\"600\" \/>\n\t<meta property=\"og:image:type\" content=\"image\/webp\" \/>\n<meta name=\"twitter:card\" content=\"summary_large_image\" \/>\n<meta name=\"twitter:label1\" content=\"Tempo di lettura stimato\" \/>\n\t<meta name=\"twitter:data1\" content=\"2 minuti\" \/>\n<script type=\"application\/ld+json\" class=\"yoast-schema-graph\">{\"@context\":\"https:\/\/schema.org\",\"@graph\":[{\"@type\":\"WebPage\",\"@id\":\"https:\/\/lions-pharmacy.com\/it\/prodotto\/ratiopharm-spray-nasale-adulti-15-ml-copy\",\"url\":\"https:\/\/lions-pharmacy.com\/it\/prodotto\/ratiopharm-spray-nasale-adulti-15-ml-copy\",\"name\":\"Estratto di Sinupret 40 pz. &#187; On stock - Ordina ora\",\"isPartOf\":{\"@id\":\"https:\/\/lions-pharmacy.com\/it#website\"},\"primaryImageOfPage\":{\"@id\":\"https:\/\/lions-pharmacy.com\/it\/prodotto\/ratiopharm-spray-nasale-adulti-15-ml-copy#primaryimage\"},\"image\":{\"@id\":\"https:\/\/lions-pharmacy.com\/it\/prodotto\/ratiopharm-spray-nasale-adulti-15-ml-copy#primaryimage\"},\"thumbnailUrl\":\"https:\/\/lions-pharmacy.com\/wp-content\/uploads\/2024\/10\/Sinupret-extract-40-tablets-Lions-Pharmacy-PZN-09285547.webp\",\"datePublished\":\"2024-10-02T12:41:42+00:00\",\"dateModified\":\"2024-10-11T04:57:35+00:00\",\"description\":\"Estratto di Sinupret 40 pz. per infiammazione sinusale. Produttore: Bionorica SE. Consegnato dalla tua farmacia online tedesca. Spedizione veloce. Servizio al top.\",\"breadcrumb\":{\"@id\":\"https:\/\/lions-pharmacy.com\/it\/prodotto\/ratiopharm-spray-nasale-adulti-15-ml-copy#breadcrumb\"},\"inLanguage\":\"it-IT\",\"potentialAction\":[{\"@type\":\"ReadAction\",\"target\":[\"https:\/\/lions-pharmacy.com\/it\/prodotto\/ratiopharm-spray-nasale-adulti-15-ml-copy\"]}]},{\"@type\":\"ImageObject\",\"inLanguage\":\"it-IT\",\"@id\":\"https:\/\/lions-pharmacy.com\/it\/prodotto\/ratiopharm-spray-nasale-adulti-15-ml-copy#primaryimage\",\"url\":\"https:\/\/lions-pharmacy.com\/wp-content\/uploads\/2024\/10\/Sinupret-extract-40-tablets-Lions-Pharmacy-PZN-09285547.webp\",\"contentUrl\":\"https:\/\/lions-pharmacy.com\/wp-content\/uploads\/2024\/10\/Sinupret-extract-40-tablets-Lions-Pharmacy-PZN-09285547.webp\",\"width\":600,\"height\":600,\"caption\":\"Estratto di Sinupret 40 compresse Farmacia Leoni PZN 09285547\"},{\"@type\":\"BreadcrumbList\",\"@id\":\"https:\/\/lions-pharmacy.com\/it\/prodotto\/ratiopharm-spray-nasale-adulti-15-ml-copy#breadcrumb\",\"itemListElement\":[{\"@type\":\"ListItem\",\"position\":1,\"name\":\"Home\",\"item\":\"https:\/\/lions-pharmacy.com\/it\/homepage-lion-pharmacy\"},{\"@type\":\"ListItem\",\"position\":2,\"name\":\"Shop\",\"item\":\"https:\/\/lions-pharmacy.com\/it\/negozio\"},{\"@type\":\"ListItem\",\"position\":3,\"name\":\"Estratto di Sinupret 40 pz.\"}]},{\"@type\":\"WebSite\",\"@id\":\"https:\/\/lions-pharmacy.com\/it#website\",\"url\":\"https:\/\/lions-pharmacy.com\/it\",\"name\":\"Lions Pharmacy\",\"description\":\"Farmacia specializzata in naturopatia di Baden-Baden, Germania\",\"publisher\":{\"@id\":\"https:\/\/lions-pharmacy.com\/it#organization\"},\"alternateName\":\"Lion Pharmacy\",\"potentialAction\":[{\"@type\":\"SearchAction\",\"target\":{\"@type\":\"EntryPoint\",\"urlTemplate\":\"https:\/\/lions-pharmacy.com\/it?s={search_term_string}\"},\"query-input\":{\"@type\":\"PropertyValueSpecification\",\"valueRequired\":true,\"valueName\":\"search_term_string\"}}],\"inLanguage\":\"it-IT\"},{\"@type\":\"Organization\",\"@id\":\"https:\/\/lions-pharmacy.com\/it#organization\",\"name\":\"Lions Pharmacy\",\"alternateName\":\"Lions Pharmacy24\",\"url\":\"https:\/\/lions-pharmacy.com\/it\",\"logo\":{\"@type\":\"ImageObject\",\"inLanguage\":\"it-IT\",\"@id\":\"https:\/\/lions-pharmacy.com\/it#\/schema\/logo\/image\/\",\"url\":\"https:\/\/lions-pharmacy.com\/wp-content\/uploads\/2022\/12\/Logo-Lion-Pharmacy-c-o-Loewen-Apotheke-smal.jpg\",\"contentUrl\":\"https:\/\/lions-pharmacy.com\/wp-content\/uploads\/2022\/12\/Logo-Lion-Pharmacy-c-o-Loewen-Apotheke-smal.jpg\",\"width\":298,\"height\":99,\"caption\":\"Lions Pharmacy\"},\"image\":{\"@id\":\"https:\/\/lions-pharmacy.com\/it#\/schema\/logo\/image\/\"}}]}<\/script>\n<!-- \/ Yoast SEO plugin. -->","yoast_head_json":{"title":"Estratto di Sinupret 40 pz. &#187; On stock - Ordina ora","description":"Estratto di Sinupret 40 pz. per infiammazione sinusale. Produttore: Bionorica SE. Consegnato dalla tua farmacia online tedesca. Spedizione veloce. Servizio al top.","robots":{"index":"index","follow":"follow","max-snippet":"max-snippet:-1","max-image-preview":"max-image-preview:large","max-video-preview":"max-video-preview:-1"},"canonical":"https:\/\/lions-pharmacy.com\/it\/prodotto\/ratiopharm-spray-nasale-adulti-15-ml-copy","og_locale":"it_IT","og_type":"article","og_title":"Estratto di Sinupret 40 pz. &#187; On stock - Ordina ora","og_description":"Estratto di Sinupret 40 pz. per infiammazione sinusale. Produttore: Bionorica SE. Consegnato dalla tua farmacia online tedesca. Spedizione veloce. Servizio al top.","og_url":"https:\/\/lions-pharmacy.com\/it\/prodotto\/ratiopharm-spray-nasale-adulti-15-ml-copy","og_site_name":"Lion Pharmacy","article_modified_time":"2024-10-11T04:57:35+00:00","og_image":[{"width":600,"height":600,"url":"https:\/\/lions-pharmacy.com\/wp-content\/uploads\/2024\/10\/Sinupret-extract-40-tablets-Lions-Pharmacy-PZN-09285547.webp","type":"image\/webp"}],"twitter_card":"summary_large_image","twitter_misc":{"Tempo di lettura stimato":"2 minuti"},"schema":{"@context":"https:\/\/schema.org","@graph":[{"@type":"WebPage","@id":"https:\/\/lions-pharmacy.com\/it\/prodotto\/ratiopharm-spray-nasale-adulti-15-ml-copy","url":"https:\/\/lions-pharmacy.com\/it\/prodotto\/ratiopharm-spray-nasale-adulti-15-ml-copy","name":"Estratto di Sinupret 40 pz. &#187; On stock - Ordina ora","isPartOf":{"@id":"https:\/\/lions-pharmacy.com\/it#website"},"primaryImageOfPage":{"@id":"https:\/\/lions-pharmacy.com\/it\/prodotto\/ratiopharm-spray-nasale-adulti-15-ml-copy#primaryimage"},"image":{"@id":"https:\/\/lions-pharmacy.com\/it\/prodotto\/ratiopharm-spray-nasale-adulti-15-ml-copy#primaryimage"},"thumbnailUrl":"https:\/\/lions-pharmacy.com\/wp-content\/uploads\/2024\/10\/Sinupret-extract-40-tablets-Lions-Pharmacy-PZN-09285547.webp","datePublished":"2024-10-02T12:41:42+00:00","dateModified":"2024-10-11T04:57:35+00:00","description":"Estratto di Sinupret 40 pz. per infiammazione sinusale. Produttore: Bionorica SE. Consegnato dalla tua farmacia online tedesca. Spedizione veloce. Servizio al top.","breadcrumb":{"@id":"https:\/\/lions-pharmacy.com\/it\/prodotto\/ratiopharm-spray-nasale-adulti-15-ml-copy#breadcrumb"},"inLanguage":"it-IT","potentialAction":[{"@type":"ReadAction","target":["https:\/\/lions-pharmacy.com\/it\/prodotto\/ratiopharm-spray-nasale-adulti-15-ml-copy"]}]},{"@type":"ImageObject","inLanguage":"it-IT","@id":"https:\/\/lions-pharmacy.com\/it\/prodotto\/ratiopharm-spray-nasale-adulti-15-ml-copy#primaryimage","url":"https:\/\/lions-pharmacy.com\/wp-content\/uploads\/2024\/10\/Sinupret-extract-40-tablets-Lions-Pharmacy-PZN-09285547.webp","contentUrl":"https:\/\/lions-pharmacy.com\/wp-content\/uploads\/2024\/10\/Sinupret-extract-40-tablets-Lions-Pharmacy-PZN-09285547.webp","width":600,"height":600,"caption":"Estratto di Sinupret 40 compresse Farmacia Leoni PZN 09285547"},{"@type":"BreadcrumbList","@id":"https:\/\/lions-pharmacy.com\/it\/prodotto\/ratiopharm-spray-nasale-adulti-15-ml-copy#breadcrumb","itemListElement":[{"@type":"ListItem","position":1,"name":"Home","item":"https:\/\/lions-pharmacy.com\/it\/homepage-lion-pharmacy"},{"@type":"ListItem","position":2,"name":"Shop","item":"https:\/\/lions-pharmacy.com\/it\/negozio"},{"@type":"ListItem","position":3,"name":"Estratto di Sinupret 40 pz."}]},{"@type":"WebSite","@id":"https:\/\/lions-pharmacy.com\/it#website","url":"https:\/\/lions-pharmacy.com\/it","name":"Lions Pharmacy","description":"Farmacia specializzata in naturopatia di Baden-Baden, Germania","publisher":{"@id":"https:\/\/lions-pharmacy.com\/it#organization"},"alternateName":"Lion Pharmacy","potentialAction":[{"@type":"SearchAction","target":{"@type":"EntryPoint","urlTemplate":"https:\/\/lions-pharmacy.com\/it?s={search_term_string}"},"query-input":{"@type":"PropertyValueSpecification","valueRequired":true,"valueName":"search_term_string"}}],"inLanguage":"it-IT"},{"@type":"Organization","@id":"https:\/\/lions-pharmacy.com\/it#organization","name":"Lions Pharmacy","alternateName":"Lions Pharmacy24","url":"https:\/\/lions-pharmacy.com\/it","logo":{"@type":"ImageObject","inLanguage":"it-IT","@id":"https:\/\/lions-pharmacy.com\/it#\/schema\/logo\/image\/","url":"https:\/\/lions-pharmacy.com\/wp-content\/uploads\/2022\/12\/Logo-Lion-Pharmacy-c-o-Loewen-Apotheke-smal.jpg","contentUrl":"https:\/\/lions-pharmacy.com\/wp-content\/uploads\/2022\/12\/Logo-Lion-Pharmacy-c-o-Loewen-Apotheke-smal.jpg","width":298,"height":99,"caption":"Lions Pharmacy"},"image":{"@id":"https:\/\/lions-pharmacy.com\/it#\/schema\/logo\/image\/"}}]}},"_links":{"self":[{"href":"https:\/\/lions-pharmacy.com\/it\/wp-json\/wp\/v2\/product\/4878","targetHints":{"allow":["GET"]}}],"collection":[{"href":"https:\/\/lions-pharmacy.com\/it\/wp-json\/wp\/v2\/product"}],"about":[{"href":"https:\/\/lions-pharmacy.com\/it\/wp-json\/wp\/v2\/types\/product"}],"replies":[{"embeddable":true,"href":"https:\/\/lions-pharmacy.com\/it\/wp-json\/wp\/v2\/comments?post=4878"}],"wp:featuredmedia":[{"embeddable":true,"href":"https:\/\/lions-pharmacy.com\/it\/wp-json\/wp\/v2\/media\/4928"}],"wp:attachment":[{"href":"https:\/\/lions-pharmacy.com\/it\/wp-json\/wp\/v2\/media?parent=4878"}],"wp:term":[{"taxonomy":"product_brand","embeddable":true,"href":"https:\/\/lions-pharmacy.com\/it\/wp-json\/wp\/v2\/product_brand?post=4878"},{"taxonomy":"product_cat","embeddable":true,"href":"https:\/\/lions-pharmacy.com\/it\/wp-json\/wp\/v2\/product_cat?post=4878"},{"taxonomy":"product_tag","embeddable":true,"href":"https:\/\/lions-pharmacy.com\/it\/wp-json\/wp\/v2\/product_tag?post=4878"}],"curies":[{"name":"wp","href":"https:\/\/api.w.org\/{rel}","templated":true}]}}