{"id":4580,"date":"2024-09-12T08:06:19","date_gmt":"2024-09-12T07:06:19","guid":{"rendered":"https:\/\/lions-pharmacy.com\/?post_type=product&#038;p=4580"},"modified":"2024-09-20T14:42:02","modified_gmt":"2024-09-20T13:42:02","slug":"umckaloabo-liquido-50-ml-01062049-copy","status":"publish","type":"product","link":"https:\/\/lions-pharmacy.com\/it\/prodotto\/umckaloabo-liquido-50-ml-01062049-copy","title":{"rendered":"Ratiopharm Spray nasale adulti 15 ml"},"content":{"rendered":"<h2>Ratiopharm Spray nasale adulti 15 ml<\/h2>\n<p>Lo spray nasale Ratiopharm senza conservanti ha un effetto mirato sulle mucose nasali.<\/p>\n<p>La xilometazolina che contiene, che ha propriet\u00e0 vasocostrittrici, ha un effetto decongestionante sulle mucose nasali. Lo spray nasale pu\u00f2 essere utilizzato in particolare per raffreddore, naso che cola e rinite allergica. Viene utilizzato per facilitare il drenaggio del siero in caso di sinusite e catarro dell&#8217;orecchio medio associati a raffreddore.<\/p>\n<p>\u00c8 facile prendere il raffreddore o il naso che cola se il sistema immunitario \u00e8 indebolito. Il tuo sistema immunitario pu\u00f2 essere rafforzato con vari mezzi; Chiedi alla nostra farmacia su questo. Puoi anche rafforzare il tuo corpo e il tuo sistema immunitario riposandolo e dormendo a sufficienza. Lo spray nasale pu\u00f2 essere utile qui per dormire tutta la notte e dare al corpo il riposo di cui ha bisogno.<\/p>\n<p>Lo spray nasale decongestionante \u00e8 molto indicato per il trattamento dei sintomi e permette di respirare di nuovo liberamente.<\/p>\n<p>Non deve essere utilizzato per pi\u00f9 di 7 giorni.<\/p>\n<p>Lo spray nasale Ratiopharm contiene il principio attivo xilometazolina cloridrato. Spray nasale-ratiopharm\u00ae adulti. Usi sempre questo medicinale esattamente come descritto in questo foglio o come indicato dal medico o dal farmacista. Chiedi al tuo medico o al farmacista se non sei sicuro. Lo spray nasale Ratiopharm \u00e8 adatto ad adulti e bambini in et\u00e0 scolare dai 6 anni in su.<\/p>\n<p><strong>Principio attivo:<\/strong><\/p>\n<p>Xilometazolina cloridrato<\/p>\n<p>I migliori ingredienti sono: Citronens\u00e4ure-Monohydrat Natriumcitrat x 2 H2O Glicerolo 85 % Gereinigtes Wasser<\/p>\n<p>Altri prodotti per l&#8217;applicazione: <a href=\"https:\/\/lions-pharmacy.com\/produkt-schlagwort\/cold-flu\">Cold &amp; Flu<\/a><\/p>\n<p>&nbsp;<\/p>\n<p>Le informazioni contenute in questo sito web sono fornite solo a scopo informativo. Non sostituiscono in alcun modo la visita e il trattamento da parte di un medico. Ci\u00f2 significa che non \u00e8 possibile n\u00e9 fare diagnosi n\u00e9 iniziare terapie.<\/p>\n<p>Per i rischi e gli effetti collaterali, leggere il foglio illustrativo e rivolgersi al medico o al farmacista.<\/p>\n<h3 style=\"text-align: left;\">Prescrizione | \u00c8 disponibile una prescrizione elettronica?<\/h3>\n<p>Invia subito la tua prescrizione elettronica. Usa la nostra app <a href=\"https:\/\/e-rezept-app.de\/shop-rezept\" target=\"_blank\" rel=\"noopener\">per la prescrizione elettronica<\/a> . E noi ti diamo le spese di spedizione gratis in Germania!<\/p>\n","protected":false},"excerpt":{"rendered":"<h2 style=\"text-align: left;\">Ratiopharm Spray nasale adulti 15 ml<\/h2>\n<div class=\"rating__wrap\">\n<p>Ratiopharm Spray nasale. Lo spray nasale senza conservanti per adulti e bambini a partire dai 6 anni.<\/p>\n<p>&nbsp;<\/p>\n<p><strong>PZN<\/strong>: 00999848 (numero centrale farmaceutico)<\/p>\n<p><strong>Forma di dosaggio<\/strong>: Spray &#8211; 15 ml<\/p>\n<p><strong>Tipo di regolazione:<\/strong> Senza prescrizione medica<\/p>\n<p><strong>Marchio<\/strong>: Ratiopharm\u00ae<\/p>\n<p><strong>Produttore<\/strong>: Ratiopharm GmbH, Ulm, Germania<\/p>\n<\/div>\n","protected":false},"featured_media":4569,"comment_status":"closed","ping_status":"closed","template":"","meta":[],"product_brand":[],"product_cat":[124,115],"product_tag":[515,484],"class_list":{"0":"post-4580","1":"product","2":"type-product","3":"status-publish","4":"has-post-thumbnail","6":"product_cat-sale-it","7":"product_cat-non-categorizzato","8":"product_tag-corona-e-difese-immunitarie","9":"product_tag-influenza-e-raffreddore","10":"ts_product_brand-all-it","12":"first","13":"instock","14":"taxable","15":"shipping-taxable","16":"purchasable","17":"product-type-simple"},"yoast_head":"<!-- This site is optimized with the Yoast SEO plugin v26.5 - https:\/\/yoast.com\/wordpress\/plugins\/seo\/ -->\n<title>Ratiopharm Spray nasale adulti 15 ml &#187; Lion Pharmacy<\/title>\n<meta name=\"description\" content=\"Lions Pharmacy | Farmacia online tedesca registrata | Spedizione internazionale veloce | Acquisti online convenienti e sicuri. Ratiopharm Spray nasale adulti 15 ml\" \/>\n<meta name=\"robots\" content=\"index, follow, max-snippet:-1, max-image-preview:large, max-video-preview:-1\" \/>\n<link rel=\"canonical\" href=\"https:\/\/lions-pharmacy.com\/it\/prodotto\/umckaloabo-liquido-50-ml-01062049-copy\" \/>\n<meta property=\"og:locale\" content=\"it_IT\" \/>\n<meta property=\"og:type\" content=\"article\" \/>\n<meta property=\"og:title\" content=\"Ratiopharm Spray nasale adulti 15 ml &#187; Lion Pharmacy\" \/>\n<meta property=\"og:description\" content=\"Lions Pharmacy | Farmacia online tedesca registrata | Spedizione internazionale veloce | Acquisti online convenienti e sicuri. Ratiopharm Spray nasale adulti 15 ml\" \/>\n<meta property=\"og:url\" content=\"https:\/\/lions-pharmacy.com\/it\/prodotto\/umckaloabo-liquido-50-ml-01062049-copy\" \/>\n<meta property=\"og:site_name\" content=\"Lion Pharmacy\" \/>\n<meta property=\"article:modified_time\" content=\"2024-09-20T13:42:02+00:00\" \/>\n<meta property=\"og:image\" content=\"https:\/\/lions-pharmacy.com\/wp-content\/uploads\/2024\/09\/Ratiopharm-Nasenspray-Erwachsene-15-ml.webp\" \/>\n\t<meta property=\"og:image:width\" content=\"600\" \/>\n\t<meta property=\"og:image:height\" content=\"600\" \/>\n\t<meta property=\"og:image:type\" content=\"image\/webp\" \/>\n<meta name=\"twitter:card\" content=\"summary_large_image\" \/>\n<meta name=\"twitter:label1\" content=\"Tempo di lettura stimato\" \/>\n\t<meta name=\"twitter:data1\" content=\"2 minuti\" \/>\n<script type=\"application\/ld+json\" class=\"yoast-schema-graph\">{\"@context\":\"https:\/\/schema.org\",\"@graph\":[{\"@type\":\"WebPage\",\"@id\":\"https:\/\/lions-pharmacy.com\/it\/prodotto\/umckaloabo-liquido-50-ml-01062049-copy\",\"url\":\"https:\/\/lions-pharmacy.com\/it\/prodotto\/umckaloabo-liquido-50-ml-01062049-copy\",\"name\":\"Ratiopharm Spray nasale adulti 15 ml &#187; Lion Pharmacy\",\"isPartOf\":{\"@id\":\"https:\/\/lions-pharmacy.com\/it#website\"},\"primaryImageOfPage\":{\"@id\":\"https:\/\/lions-pharmacy.com\/it\/prodotto\/umckaloabo-liquido-50-ml-01062049-copy#primaryimage\"},\"image\":{\"@id\":\"https:\/\/lions-pharmacy.com\/it\/prodotto\/umckaloabo-liquido-50-ml-01062049-copy#primaryimage\"},\"thumbnailUrl\":\"https:\/\/lions-pharmacy.com\/wp-content\/uploads\/2024\/09\/Ratiopharm-Nasenspray-Erwachsene-15-ml.webp\",\"datePublished\":\"2024-09-12T07:06:19+00:00\",\"dateModified\":\"2024-09-20T13:42:02+00:00\",\"description\":\"Lions Pharmacy | Farmacia online tedesca registrata | Spedizione internazionale veloce | Acquisti online convenienti e sicuri. Ratiopharm Spray nasale adulti 15 ml\",\"breadcrumb\":{\"@id\":\"https:\/\/lions-pharmacy.com\/it\/prodotto\/umckaloabo-liquido-50-ml-01062049-copy#breadcrumb\"},\"inLanguage\":\"it-IT\",\"potentialAction\":[{\"@type\":\"ReadAction\",\"target\":[\"https:\/\/lions-pharmacy.com\/it\/prodotto\/umckaloabo-liquido-50-ml-01062049-copy\"]}]},{\"@type\":\"ImageObject\",\"inLanguage\":\"it-IT\",\"@id\":\"https:\/\/lions-pharmacy.com\/it\/prodotto\/umckaloabo-liquido-50-ml-01062049-copy#primaryimage\",\"url\":\"https:\/\/lions-pharmacy.com\/wp-content\/uploads\/2024\/09\/Ratiopharm-Nasenspray-Erwachsene-15-ml.webp\",\"contentUrl\":\"https:\/\/lions-pharmacy.com\/wp-content\/uploads\/2024\/09\/Ratiopharm-Nasenspray-Erwachsene-15-ml.webp\",\"width\":600,\"height\":600,\"caption\":\"Spray nasale Ratiopharm 15 ml adulti 00999848 Farmacia Lions\"},{\"@type\":\"BreadcrumbList\",\"@id\":\"https:\/\/lions-pharmacy.com\/it\/prodotto\/umckaloabo-liquido-50-ml-01062049-copy#breadcrumb\",\"itemListElement\":[{\"@type\":\"ListItem\",\"position\":1,\"name\":\"Home\",\"item\":\"https:\/\/lions-pharmacy.com\/it\/homepage-lion-pharmacy\"},{\"@type\":\"ListItem\",\"position\":2,\"name\":\"Shop\",\"item\":\"https:\/\/lions-pharmacy.com\/it\/negozio\"},{\"@type\":\"ListItem\",\"position\":3,\"name\":\"Ratiopharm Spray nasale adulti 15 ml\"}]},{\"@type\":\"WebSite\",\"@id\":\"https:\/\/lions-pharmacy.com\/it#website\",\"url\":\"https:\/\/lions-pharmacy.com\/it\",\"name\":\"Lions Pharmacy\",\"description\":\"Farmacia specializzata in naturopatia di Baden-Baden, Germania\",\"publisher\":{\"@id\":\"https:\/\/lions-pharmacy.com\/it#organization\"},\"alternateName\":\"Lion Pharmacy\",\"potentialAction\":[{\"@type\":\"SearchAction\",\"target\":{\"@type\":\"EntryPoint\",\"urlTemplate\":\"https:\/\/lions-pharmacy.com\/it?s={search_term_string}\"},\"query-input\":{\"@type\":\"PropertyValueSpecification\",\"valueRequired\":true,\"valueName\":\"search_term_string\"}}],\"inLanguage\":\"it-IT\"},{\"@type\":\"Organization\",\"@id\":\"https:\/\/lions-pharmacy.com\/it#organization\",\"name\":\"Lions Pharmacy\",\"alternateName\":\"Lions Pharmacy24\",\"url\":\"https:\/\/lions-pharmacy.com\/it\",\"logo\":{\"@type\":\"ImageObject\",\"inLanguage\":\"it-IT\",\"@id\":\"https:\/\/lions-pharmacy.com\/it#\/schema\/logo\/image\/\",\"url\":\"https:\/\/lions-pharmacy.com\/wp-content\/uploads\/2022\/12\/Logo-Lion-Pharmacy-c-o-Loewen-Apotheke-smal.jpg\",\"contentUrl\":\"https:\/\/lions-pharmacy.com\/wp-content\/uploads\/2022\/12\/Logo-Lion-Pharmacy-c-o-Loewen-Apotheke-smal.jpg\",\"width\":298,\"height\":99,\"caption\":\"Lions Pharmacy\"},\"image\":{\"@id\":\"https:\/\/lions-pharmacy.com\/it#\/schema\/logo\/image\/\"}}]}<\/script>\n<!-- \/ Yoast SEO plugin. -->","yoast_head_json":{"title":"Ratiopharm Spray nasale adulti 15 ml &#187; Lion Pharmacy","description":"Lions Pharmacy | Farmacia online tedesca registrata | Spedizione internazionale veloce | Acquisti online convenienti e sicuri. Ratiopharm Spray nasale adulti 15 ml","robots":{"index":"index","follow":"follow","max-snippet":"max-snippet:-1","max-image-preview":"max-image-preview:large","max-video-preview":"max-video-preview:-1"},"canonical":"https:\/\/lions-pharmacy.com\/it\/prodotto\/umckaloabo-liquido-50-ml-01062049-copy","og_locale":"it_IT","og_type":"article","og_title":"Ratiopharm Spray nasale adulti 15 ml &#187; Lion Pharmacy","og_description":"Lions Pharmacy | Farmacia online tedesca registrata | Spedizione internazionale veloce | Acquisti online convenienti e sicuri. Ratiopharm Spray nasale adulti 15 ml","og_url":"https:\/\/lions-pharmacy.com\/it\/prodotto\/umckaloabo-liquido-50-ml-01062049-copy","og_site_name":"Lion Pharmacy","article_modified_time":"2024-09-20T13:42:02+00:00","og_image":[{"width":600,"height":600,"url":"https:\/\/lions-pharmacy.com\/wp-content\/uploads\/2024\/09\/Ratiopharm-Nasenspray-Erwachsene-15-ml.webp","type":"image\/webp"}],"twitter_card":"summary_large_image","twitter_misc":{"Tempo di lettura stimato":"2 minuti"},"schema":{"@context":"https:\/\/schema.org","@graph":[{"@type":"WebPage","@id":"https:\/\/lions-pharmacy.com\/it\/prodotto\/umckaloabo-liquido-50-ml-01062049-copy","url":"https:\/\/lions-pharmacy.com\/it\/prodotto\/umckaloabo-liquido-50-ml-01062049-copy","name":"Ratiopharm Spray nasale adulti 15 ml &#187; Lion Pharmacy","isPartOf":{"@id":"https:\/\/lions-pharmacy.com\/it#website"},"primaryImageOfPage":{"@id":"https:\/\/lions-pharmacy.com\/it\/prodotto\/umckaloabo-liquido-50-ml-01062049-copy#primaryimage"},"image":{"@id":"https:\/\/lions-pharmacy.com\/it\/prodotto\/umckaloabo-liquido-50-ml-01062049-copy#primaryimage"},"thumbnailUrl":"https:\/\/lions-pharmacy.com\/wp-content\/uploads\/2024\/09\/Ratiopharm-Nasenspray-Erwachsene-15-ml.webp","datePublished":"2024-09-12T07:06:19+00:00","dateModified":"2024-09-20T13:42:02+00:00","description":"Lions Pharmacy | Farmacia online tedesca registrata | Spedizione internazionale veloce | Acquisti online convenienti e sicuri. Ratiopharm Spray nasale adulti 15 ml","breadcrumb":{"@id":"https:\/\/lions-pharmacy.com\/it\/prodotto\/umckaloabo-liquido-50-ml-01062049-copy#breadcrumb"},"inLanguage":"it-IT","potentialAction":[{"@type":"ReadAction","target":["https:\/\/lions-pharmacy.com\/it\/prodotto\/umckaloabo-liquido-50-ml-01062049-copy"]}]},{"@type":"ImageObject","inLanguage":"it-IT","@id":"https:\/\/lions-pharmacy.com\/it\/prodotto\/umckaloabo-liquido-50-ml-01062049-copy#primaryimage","url":"https:\/\/lions-pharmacy.com\/wp-content\/uploads\/2024\/09\/Ratiopharm-Nasenspray-Erwachsene-15-ml.webp","contentUrl":"https:\/\/lions-pharmacy.com\/wp-content\/uploads\/2024\/09\/Ratiopharm-Nasenspray-Erwachsene-15-ml.webp","width":600,"height":600,"caption":"Spray nasale Ratiopharm 15 ml adulti 00999848 Farmacia Lions"},{"@type":"BreadcrumbList","@id":"https:\/\/lions-pharmacy.com\/it\/prodotto\/umckaloabo-liquido-50-ml-01062049-copy#breadcrumb","itemListElement":[{"@type":"ListItem","position":1,"name":"Home","item":"https:\/\/lions-pharmacy.com\/it\/homepage-lion-pharmacy"},{"@type":"ListItem","position":2,"name":"Shop","item":"https:\/\/lions-pharmacy.com\/it\/negozio"},{"@type":"ListItem","position":3,"name":"Ratiopharm Spray nasale adulti 15 ml"}]},{"@type":"WebSite","@id":"https:\/\/lions-pharmacy.com\/it#website","url":"https:\/\/lions-pharmacy.com\/it","name":"Lions Pharmacy","description":"Farmacia specializzata in naturopatia di Baden-Baden, Germania","publisher":{"@id":"https:\/\/lions-pharmacy.com\/it#organization"},"alternateName":"Lion Pharmacy","potentialAction":[{"@type":"SearchAction","target":{"@type":"EntryPoint","urlTemplate":"https:\/\/lions-pharmacy.com\/it?s={search_term_string}"},"query-input":{"@type":"PropertyValueSpecification","valueRequired":true,"valueName":"search_term_string"}}],"inLanguage":"it-IT"},{"@type":"Organization","@id":"https:\/\/lions-pharmacy.com\/it#organization","name":"Lions Pharmacy","alternateName":"Lions Pharmacy24","url":"https:\/\/lions-pharmacy.com\/it","logo":{"@type":"ImageObject","inLanguage":"it-IT","@id":"https:\/\/lions-pharmacy.com\/it#\/schema\/logo\/image\/","url":"https:\/\/lions-pharmacy.com\/wp-content\/uploads\/2022\/12\/Logo-Lion-Pharmacy-c-o-Loewen-Apotheke-smal.jpg","contentUrl":"https:\/\/lions-pharmacy.com\/wp-content\/uploads\/2022\/12\/Logo-Lion-Pharmacy-c-o-Loewen-Apotheke-smal.jpg","width":298,"height":99,"caption":"Lions Pharmacy"},"image":{"@id":"https:\/\/lions-pharmacy.com\/it#\/schema\/logo\/image\/"}}]}},"_links":{"self":[{"href":"https:\/\/lions-pharmacy.com\/it\/wp-json\/wp\/v2\/product\/4580","targetHints":{"allow":["GET"]}}],"collection":[{"href":"https:\/\/lions-pharmacy.com\/it\/wp-json\/wp\/v2\/product"}],"about":[{"href":"https:\/\/lions-pharmacy.com\/it\/wp-json\/wp\/v2\/types\/product"}],"replies":[{"embeddable":true,"href":"https:\/\/lions-pharmacy.com\/it\/wp-json\/wp\/v2\/comments?post=4580"}],"wp:featuredmedia":[{"embeddable":true,"href":"https:\/\/lions-pharmacy.com\/it\/wp-json\/wp\/v2\/media\/4569"}],"wp:attachment":[{"href":"https:\/\/lions-pharmacy.com\/it\/wp-json\/wp\/v2\/media?parent=4580"}],"wp:term":[{"taxonomy":"product_brand","embeddable":true,"href":"https:\/\/lions-pharmacy.com\/it\/wp-json\/wp\/v2\/product_brand?post=4580"},{"taxonomy":"product_cat","embeddable":true,"href":"https:\/\/lions-pharmacy.com\/it\/wp-json\/wp\/v2\/product_cat?post=4580"},{"taxonomy":"product_tag","embeddable":true,"href":"https:\/\/lions-pharmacy.com\/it\/wp-json\/wp\/v2\/product_tag?post=4580"}],"curies":[{"name":"wp","href":"https:\/\/api.w.org\/{rel}","templated":true}]}}