{"id":4475,"date":"2024-09-07T09:30:07","date_gmt":"2024-09-07T08:30:07","guid":{"rendered":"https:\/\/lions-pharmacy.com\/?post_type=product&#038;p=4475"},"modified":"2026-02-25T10:12:34","modified_gmt":"2026-02-25T09:12:34","slug":"refluthin-tablets-48-pcs-16011276","status":"publish","type":"product","link":"https:\/\/lions-pharmacy.com\/it\/prodotto\/refluthin-tablets-48-pcs-16011276","title":{"rendered":"Refluthin compresse 48 pz."},"content":{"rendered":"<h3 style=\"text-align: left;\">Refluthin compresse<\/h3>\n<p>Refluthin per il bruciore di stomaco Le compresse masticabili aiutano rapidamente a risolvere i problemi di acidit\u00e0 di stomaco e possono essere assunte in qualsiasi momento senza problemi e senza dare nell&#8217;occhio.<\/p>\n<ul>\n<li>Sollievo rapido e duraturo dal bruciore di stomaco<\/li>\n<li>Rapida neutralizzazione dell&#8217;eccesso di acidit\u00e0 gastrica<\/li>\n<li>Rilascio immediato dei principi attivi<\/li>\n<\/ul>\n<p>Dr. Willmar Schwabe GmbH &amp; Co. KG \u00e8 la societ\u00e0 madre del Gruppo Schwabe e viene anche chiamata Gruppo di Societ\u00e0 Schwabe o Gruppo Schwabe. L&#8217;azienda farmaceutica \u00e8 stata fondata a Lipsia nel 1865. La sede centrale fu trasferita a Karlsruhe nel 1946. Il Gruppo si concentra sul settore sanitario e farmaceutico, specializzandosi in medicinali a base di erbe e omeopatici, fitofarmaci e omeopatici, integratori alimentari di origine vegetale e servizi aggiuntivi per la salute olistica e l&#8217;auto-aiuto, come i programmi di formazione per la forma fisica e mentale. Questi includono i marchi Tebonin, Umckaloabo.<\/p>\n<p>Altri prodotti <a href=\"https:\/\/lions-pharmacy.com\/it\/product-category\/dr-schwabe-it\">Dr. Schwabe <\/a>nel nostro assortimento.<\/p>\n<p>Ulteriori dettagli sul prodotto sono disponibili presso il produttore: <a href=\"https:\/\/www.refluthin.de\" target=\"_blank\" rel=\"noopener\">Informazioni sul prodotto e sul produttore Dr. Schwabe<\/a><\/p>\n<p>Altri clienti sono interessati a prodotti sull&#8217;argomento: Stress | Bruciore di stomaco<\/p>\n<p>Per conoscere i rischi e gli effetti collaterali, leggi il foglietto illustrativo e chiedi al tuo medico o al farmacista.<\/p>\n<p>&nbsp;<\/p>\n<h3 style=\"text-align: left;\">Prescrizione | \u00c8 disponibile una prescrizione elettronica?<\/h3>\n<p>Invia subito la tua prescrizione elettronica. Usa la nostra app <a href=\"https:\/\/e-rezept-app.de\/shop-rezept\" target=\"_blank\" rel=\"noopener\">per la prescrizione elettronica<\/a> . E noi ti diamo le spese di spedizione gratis in Germania!<\/p>\n","protected":false},"excerpt":{"rendered":"<h2 style=\"text-align: left;\">Refluthin compresse<\/h2>\n<p>La Riflutina, per il bruciore di stomaco, aiuta rapidamente a risolvere i problemi di acidit\u00e0 di stomaco e pu\u00f2 essere assunta in qualsiasi momento senza problemi e senza dare nell&#8217;occhio.<\/p>\n<p><strong>PZN:<\/strong> 16011276 (numero farmaceutico centrale)<\/p>\n<p><strong>Forma di dosaggio<\/strong>: Da masticare &#8211; 48 pezzi<\/p>\n<p><strong>Tipo di prescrizione: senza prescrizione<\/strong><\/p>\n<p><strong>Marchio<\/strong>: &#8211; <strong>Produttore<\/strong>: Dr. Willmar Schwabe GmbH &amp; Co.KG<\/p>\n","protected":false},"featured_media":4306,"comment_status":"closed","ping_status":"closed","template":"","meta":[],"product_brand":[],"product_cat":[462,124,115],"product_tag":[481,482],"class_list":{"0":"post-4475","1":"product","2":"type-product","3":"status-publish","4":"has-post-thumbnail","6":"product_cat-dr-schwabe-it","7":"product_cat-sale-it","8":"product_cat-non-categorizzato","9":"product_tag-dott-schwabe","10":"product_tag-principio-attivo-a-base-di-erbe","11":"ts_product_brand-all-it","12":"ts_product_brand-dott-schwabe","14":"first","15":"instock","16":"featured","17":"taxable","18":"shipping-taxable","19":"purchasable","20":"product-type-simple"},"yoast_head":"<!-- This site is optimized with the Yoast SEO plugin v26.5 - https:\/\/yoast.com\/wordpress\/plugins\/seo\/ -->\n<title>Refluthin compresse 48 pz. &#187; Lion Pharmacy<\/title>\n<meta name=\"description\" content=\"Farmacia Lions | Farmacia online tedesca registrata. Offriamo: spedizione internazionale veloce e acquisti convenienti. Dott. W. Schwabe | Refluthin compresse 48 pz.\" \/>\n<meta name=\"robots\" content=\"index, follow, max-snippet:-1, max-image-preview:large, max-video-preview:-1\" \/>\n<link rel=\"canonical\" href=\"https:\/\/lions-pharmacy.com\/it\/prodotto\/refluthin-tablets-48-pcs-16011276\" \/>\n<meta property=\"og:locale\" content=\"it_IT\" \/>\n<meta property=\"og:type\" content=\"article\" \/>\n<meta property=\"og:title\" content=\"Refluthin compresse 48 pz. &#187; Lion Pharmacy\" \/>\n<meta property=\"og:description\" content=\"Farmacia Lions | Farmacia online tedesca registrata. Offriamo: spedizione internazionale veloce e acquisti convenienti. Dott. W. Schwabe | Refluthin compresse 48 pz.\" \/>\n<meta property=\"og:url\" content=\"https:\/\/lions-pharmacy.com\/it\/prodotto\/refluthin-tablets-48-pcs-16011276\" \/>\n<meta property=\"og:site_name\" content=\"Lion Pharmacy\" \/>\n<meta property=\"article:modified_time\" content=\"2026-02-25T09:12:34+00:00\" \/>\n<meta property=\"og:image\" content=\"https:\/\/lions-pharmacy.com\/wp-content\/uploads\/2024\/09\/Refluthin.webp\" \/>\n\t<meta property=\"og:image:width\" content=\"400\" \/>\n\t<meta property=\"og:image:height\" content=\"400\" \/>\n\t<meta property=\"og:image:type\" content=\"image\/webp\" \/>\n<meta name=\"twitter:card\" content=\"summary_large_image\" \/>\n<meta name=\"twitter:label1\" content=\"Tempo di lettura stimato\" \/>\n\t<meta name=\"twitter:data1\" content=\"1 minuto\" \/>\n<script type=\"application\/ld+json\" class=\"yoast-schema-graph\">{\"@context\":\"https:\/\/schema.org\",\"@graph\":[{\"@type\":\"WebPage\",\"@id\":\"https:\/\/lions-pharmacy.com\/it\/prodotto\/refluthin-tablets-48-pcs-16011276\",\"url\":\"https:\/\/lions-pharmacy.com\/it\/prodotto\/refluthin-tablets-48-pcs-16011276\",\"name\":\"Refluthin compresse 48 pz. &#187; Lion Pharmacy\",\"isPartOf\":{\"@id\":\"https:\/\/lions-pharmacy.com\/it#website\"},\"primaryImageOfPage\":{\"@id\":\"https:\/\/lions-pharmacy.com\/it\/prodotto\/refluthin-tablets-48-pcs-16011276#primaryimage\"},\"image\":{\"@id\":\"https:\/\/lions-pharmacy.com\/it\/prodotto\/refluthin-tablets-48-pcs-16011276#primaryimage\"},\"thumbnailUrl\":\"https:\/\/lions-pharmacy.com\/wp-content\/uploads\/2024\/09\/Refluthin.webp\",\"datePublished\":\"2024-09-07T08:30:07+00:00\",\"dateModified\":\"2026-02-25T09:12:34+00:00\",\"description\":\"Farmacia Lions | Farmacia online tedesca registrata. Offriamo: spedizione internazionale veloce e acquisti convenienti. Dott. W. Schwabe | Refluthin compresse 48 pz.\",\"breadcrumb\":{\"@id\":\"https:\/\/lions-pharmacy.com\/it\/prodotto\/refluthin-tablets-48-pcs-16011276#breadcrumb\"},\"inLanguage\":\"it-IT\",\"potentialAction\":[{\"@type\":\"ReadAction\",\"target\":[\"https:\/\/lions-pharmacy.com\/it\/prodotto\/refluthin-tablets-48-pcs-16011276\"]}]},{\"@type\":\"ImageObject\",\"inLanguage\":\"it-IT\",\"@id\":\"https:\/\/lions-pharmacy.com\/it\/prodotto\/refluthin-tablets-48-pcs-16011276#primaryimage\",\"url\":\"https:\/\/lions-pharmacy.com\/wp-content\/uploads\/2024\/09\/Refluthin.webp\",\"contentUrl\":\"https:\/\/lions-pharmacy.com\/wp-content\/uploads\/2024\/09\/Refluthin.webp\",\"width\":400,\"height\":400,\"caption\":\"Refluthin 48 pz. PZN 16011276 Farmacia Lions Dr. Schwabe\"},{\"@type\":\"BreadcrumbList\",\"@id\":\"https:\/\/lions-pharmacy.com\/it\/prodotto\/refluthin-tablets-48-pcs-16011276#breadcrumb\",\"itemListElement\":[{\"@type\":\"ListItem\",\"position\":1,\"name\":\"Home\",\"item\":\"https:\/\/lions-pharmacy.com\/it\/homepage-lion-pharmacy\"},{\"@type\":\"ListItem\",\"position\":2,\"name\":\"Shop\",\"item\":\"https:\/\/lions-pharmacy.com\/it\/negozio\"},{\"@type\":\"ListItem\",\"position\":3,\"name\":\"Refluthin compresse 48 pz.\"}]},{\"@type\":\"WebSite\",\"@id\":\"https:\/\/lions-pharmacy.com\/it#website\",\"url\":\"https:\/\/lions-pharmacy.com\/it\",\"name\":\"Lions Pharmacy\",\"description\":\"Farmacia specializzata in naturopatia di Baden-Baden, Germania\",\"publisher\":{\"@id\":\"https:\/\/lions-pharmacy.com\/it#organization\"},\"alternateName\":\"Lion Pharmacy\",\"potentialAction\":[{\"@type\":\"SearchAction\",\"target\":{\"@type\":\"EntryPoint\",\"urlTemplate\":\"https:\/\/lions-pharmacy.com\/it?s={search_term_string}\"},\"query-input\":{\"@type\":\"PropertyValueSpecification\",\"valueRequired\":true,\"valueName\":\"search_term_string\"}}],\"inLanguage\":\"it-IT\"},{\"@type\":\"Organization\",\"@id\":\"https:\/\/lions-pharmacy.com\/it#organization\",\"name\":\"Lions Pharmacy\",\"alternateName\":\"Lions Pharmacy24\",\"url\":\"https:\/\/lions-pharmacy.com\/it\",\"logo\":{\"@type\":\"ImageObject\",\"inLanguage\":\"it-IT\",\"@id\":\"https:\/\/lions-pharmacy.com\/it#\/schema\/logo\/image\/\",\"url\":\"https:\/\/lions-pharmacy.com\/wp-content\/uploads\/2022\/12\/Logo-Lion-Pharmacy-c-o-Loewen-Apotheke-smal.jpg\",\"contentUrl\":\"https:\/\/lions-pharmacy.com\/wp-content\/uploads\/2022\/12\/Logo-Lion-Pharmacy-c-o-Loewen-Apotheke-smal.jpg\",\"width\":298,\"height\":99,\"caption\":\"Lions Pharmacy\"},\"image\":{\"@id\":\"https:\/\/lions-pharmacy.com\/it#\/schema\/logo\/image\/\"}}]}<\/script>\n<!-- \/ Yoast SEO plugin. -->","yoast_head_json":{"title":"Refluthin compresse 48 pz. &#187; Lion Pharmacy","description":"Farmacia Lions | Farmacia online tedesca registrata. Offriamo: spedizione internazionale veloce e acquisti convenienti. Dott. W. Schwabe | Refluthin compresse 48 pz.","robots":{"index":"index","follow":"follow","max-snippet":"max-snippet:-1","max-image-preview":"max-image-preview:large","max-video-preview":"max-video-preview:-1"},"canonical":"https:\/\/lions-pharmacy.com\/it\/prodotto\/refluthin-tablets-48-pcs-16011276","og_locale":"it_IT","og_type":"article","og_title":"Refluthin compresse 48 pz. &#187; Lion Pharmacy","og_description":"Farmacia Lions | Farmacia online tedesca registrata. Offriamo: spedizione internazionale veloce e acquisti convenienti. Dott. W. Schwabe | Refluthin compresse 48 pz.","og_url":"https:\/\/lions-pharmacy.com\/it\/prodotto\/refluthin-tablets-48-pcs-16011276","og_site_name":"Lion Pharmacy","article_modified_time":"2026-02-25T09:12:34+00:00","og_image":[{"width":400,"height":400,"url":"https:\/\/lions-pharmacy.com\/wp-content\/uploads\/2024\/09\/Refluthin.webp","type":"image\/webp"}],"twitter_card":"summary_large_image","twitter_misc":{"Tempo di lettura stimato":"1 minuto"},"schema":{"@context":"https:\/\/schema.org","@graph":[{"@type":"WebPage","@id":"https:\/\/lions-pharmacy.com\/it\/prodotto\/refluthin-tablets-48-pcs-16011276","url":"https:\/\/lions-pharmacy.com\/it\/prodotto\/refluthin-tablets-48-pcs-16011276","name":"Refluthin compresse 48 pz. &#187; Lion Pharmacy","isPartOf":{"@id":"https:\/\/lions-pharmacy.com\/it#website"},"primaryImageOfPage":{"@id":"https:\/\/lions-pharmacy.com\/it\/prodotto\/refluthin-tablets-48-pcs-16011276#primaryimage"},"image":{"@id":"https:\/\/lions-pharmacy.com\/it\/prodotto\/refluthin-tablets-48-pcs-16011276#primaryimage"},"thumbnailUrl":"https:\/\/lions-pharmacy.com\/wp-content\/uploads\/2024\/09\/Refluthin.webp","datePublished":"2024-09-07T08:30:07+00:00","dateModified":"2026-02-25T09:12:34+00:00","description":"Farmacia Lions | Farmacia online tedesca registrata. Offriamo: spedizione internazionale veloce e acquisti convenienti. Dott. W. Schwabe | Refluthin compresse 48 pz.","breadcrumb":{"@id":"https:\/\/lions-pharmacy.com\/it\/prodotto\/refluthin-tablets-48-pcs-16011276#breadcrumb"},"inLanguage":"it-IT","potentialAction":[{"@type":"ReadAction","target":["https:\/\/lions-pharmacy.com\/it\/prodotto\/refluthin-tablets-48-pcs-16011276"]}]},{"@type":"ImageObject","inLanguage":"it-IT","@id":"https:\/\/lions-pharmacy.com\/it\/prodotto\/refluthin-tablets-48-pcs-16011276#primaryimage","url":"https:\/\/lions-pharmacy.com\/wp-content\/uploads\/2024\/09\/Refluthin.webp","contentUrl":"https:\/\/lions-pharmacy.com\/wp-content\/uploads\/2024\/09\/Refluthin.webp","width":400,"height":400,"caption":"Refluthin 48 pz. PZN 16011276 Farmacia Lions Dr. Schwabe"},{"@type":"BreadcrumbList","@id":"https:\/\/lions-pharmacy.com\/it\/prodotto\/refluthin-tablets-48-pcs-16011276#breadcrumb","itemListElement":[{"@type":"ListItem","position":1,"name":"Home","item":"https:\/\/lions-pharmacy.com\/it\/homepage-lion-pharmacy"},{"@type":"ListItem","position":2,"name":"Shop","item":"https:\/\/lions-pharmacy.com\/it\/negozio"},{"@type":"ListItem","position":3,"name":"Refluthin compresse 48 pz."}]},{"@type":"WebSite","@id":"https:\/\/lions-pharmacy.com\/it#website","url":"https:\/\/lions-pharmacy.com\/it","name":"Lions Pharmacy","description":"Farmacia specializzata in naturopatia di Baden-Baden, Germania","publisher":{"@id":"https:\/\/lions-pharmacy.com\/it#organization"},"alternateName":"Lion Pharmacy","potentialAction":[{"@type":"SearchAction","target":{"@type":"EntryPoint","urlTemplate":"https:\/\/lions-pharmacy.com\/it?s={search_term_string}"},"query-input":{"@type":"PropertyValueSpecification","valueRequired":true,"valueName":"search_term_string"}}],"inLanguage":"it-IT"},{"@type":"Organization","@id":"https:\/\/lions-pharmacy.com\/it#organization","name":"Lions Pharmacy","alternateName":"Lions Pharmacy24","url":"https:\/\/lions-pharmacy.com\/it","logo":{"@type":"ImageObject","inLanguage":"it-IT","@id":"https:\/\/lions-pharmacy.com\/it#\/schema\/logo\/image\/","url":"https:\/\/lions-pharmacy.com\/wp-content\/uploads\/2022\/12\/Logo-Lion-Pharmacy-c-o-Loewen-Apotheke-smal.jpg","contentUrl":"https:\/\/lions-pharmacy.com\/wp-content\/uploads\/2022\/12\/Logo-Lion-Pharmacy-c-o-Loewen-Apotheke-smal.jpg","width":298,"height":99,"caption":"Lions Pharmacy"},"image":{"@id":"https:\/\/lions-pharmacy.com\/it#\/schema\/logo\/image\/"}}]}},"_links":{"self":[{"href":"https:\/\/lions-pharmacy.com\/it\/wp-json\/wp\/v2\/product\/4475","targetHints":{"allow":["GET"]}}],"collection":[{"href":"https:\/\/lions-pharmacy.com\/it\/wp-json\/wp\/v2\/product"}],"about":[{"href":"https:\/\/lions-pharmacy.com\/it\/wp-json\/wp\/v2\/types\/product"}],"replies":[{"embeddable":true,"href":"https:\/\/lions-pharmacy.com\/it\/wp-json\/wp\/v2\/comments?post=4475"}],"wp:featuredmedia":[{"embeddable":true,"href":"https:\/\/lions-pharmacy.com\/it\/wp-json\/wp\/v2\/media\/4306"}],"wp:attachment":[{"href":"https:\/\/lions-pharmacy.com\/it\/wp-json\/wp\/v2\/media?parent=4475"}],"wp:term":[{"taxonomy":"product_brand","embeddable":true,"href":"https:\/\/lions-pharmacy.com\/it\/wp-json\/wp\/v2\/product_brand?post=4475"},{"taxonomy":"product_cat","embeddable":true,"href":"https:\/\/lions-pharmacy.com\/it\/wp-json\/wp\/v2\/product_cat?post=4475"},{"taxonomy":"product_tag","embeddable":true,"href":"https:\/\/lions-pharmacy.com\/it\/wp-json\/wp\/v2\/product_tag?post=4475"}],"curies":[{"name":"wp","href":"https:\/\/api.w.org\/{rel}","templated":true}]}}