{"id":4463,"date":"2024-09-07T19:39:29","date_gmt":"2024-09-07T18:39:29","guid":{"rendered":"https:\/\/lions-pharmacy.com\/product\/tebonin-intens-120-mg-compresse-rivestite-con-film-200-pz"},"modified":"2026-02-25T06:30:26","modified_gmt":"2026-02-25T05:30:26","slug":"tebonin-intens-120-mg-200-03379106","status":"publish","type":"product","link":"https:\/\/lions-pharmacy.com\/it\/prodotto\/tebonin-intens-120-mg-200-03379106","title":{"rendered":"Tebonin intens 120 mg compresse rivestite con film 200 pz."},"content":{"rendered":"<h2 style=\"text-align: left;\">Tebonin intens 120 mg compresse rivestite con film<\/h2>\n<p>Tebonin intens 120 mg \u00e8 un medicinale erboristico di alta qualit\u00e0 utilizzato per il trattamento della dimenticanza e della mancanza di concentrazione in et\u00e0 avanzata, di alcune forme di vertigini, nonch\u00e9 del ronzio nelle orecchie e dell&#8217;acufene.<\/p>\n<p>L&#8217;originale Tebonin intens con un dosaggio di 120 mg di estratto di gingko contribuisce a una migliore circolazione sanguigna e pu\u00f2 essere utilizzato per rumori acuti o cronici dell&#8217;orecchio come l&#8217;acufene, ronzio o sibilo come l&#8217;acufene. Tebonin intens \u00e8 adatto anche per il morbo di Alzheimer e pu\u00f2 aiutare a migliorare i sintomi associati alla demenza.<br \/>\nIl cervello \u00e8 meglio irrorato di sangue con l&#8217;intensit\u00e0 di tebonina e la sua attivit\u00e0 cerebrale \u00e8 rafforzata.<br \/>\nL&#8217;effetto di promozione della circolazione sanguigna \u00e8 adatto anche per vertigini e sensazioni di freddo alle mani e ai piedi<\/p>\n<p>Dr. Willmar Schwabe GmbH &amp; Co. KG \u00e8 la societ\u00e0 madre del Gruppo Schwabe e viene anche chiamata Gruppo di Societ\u00e0 Schwabe o Gruppo Schwabe. L&#8217;azienda farmaceutica \u00e8 stata fondata a Lipsia nel 1865. La sede centrale fu trasferita a Karlsruhe nel 1946. Il Gruppo si concentra sul settore sanitario e farmaceutico, specializzandosi in medicinali a base di erbe e omeopatici, fitofarmaci e omeopatici, integratori alimentari di origine vegetale e servizi aggiuntivi per la salute olistica e l&#8217;auto-aiuto, come i programmi di formazione per la forma fisica e mentale. Questi includono i marchi Tebonin, Umckaloabo.<\/p>\n<p>Altri prodotti <a href=\"https:\/\/lions-pharmacy.com\/it\/product-category\/dr-schwabe-it\">Dr. Schwabe nel nostro assortimento<\/a><\/p>\n<p>Ulteriori dettagli sul prodotto sono disponibili presso il produttore: <a href=\"https:\/\/www.tebonin.de\/\" target=\"_blank\" rel=\"noopener\">Informazioni sul prodotto e sul produttore Dr. Schwabe<\/a><\/p>\n<p>Altri clienti erano interessati anche ai prodotti relativi a: Dememz | <a href=\"https:\/\/lions-pharmacy.com\/de?product_tag=vital\">Vitalit\u00e0, perdita di prestazioni e dimenticanza<\/a> | Mancanza di concentrazione<\/p>\n<p>Per i rischi e gli effetti collaterali, leggere il foglio illustrativo e chiedere al medico o al farmacista.<\/p>\n","protected":false},"excerpt":{"rendered":"<h2 style=\"text-align: left;\">Tebonin intens 120 mg compresse rivestite con film<\/h2>\n<p>Per vertigini di origine circolatoria o legata all&#8217;et\u00e0.<\/p>\n<p>&nbsp;<\/p>\n<p><strong>PZN<\/strong>: 03379106 (Numero Farmaceutico Centrale)<\/p>\n<p><strong>Forma di dosaggio<\/strong>: compresse rivestite con film &#8211; 200 pz.<\/p>\n<p><strong>Tipo di prescrizione: senza prescrizione<\/strong><\/p>\n<p><strong>Marchio<\/strong>: Tebonin<\/p>\n<p><strong>Produttore<\/strong>: Dr.Willmar Schwabe GmbH &amp; Co.KG<\/p>\n","protected":false},"featured_media":4338,"comment_status":"closed","ping_status":"closed","template":"","meta":[],"product_brand":[],"product_cat":[462,124,115],"product_tag":[481,482,480,539,319,501],"class_list":{"0":"post-4463","1":"product","2":"type-product","3":"status-publish","4":"has-post-thumbnail","6":"product_cat-dr-schwabe-it","7":"product_cat-sale-it","8":"product_cat-non-categorizzato","9":"product_tag-dott-schwabe","10":"product_tag-principio-attivo-a-base-di-erbe","11":"product_tag-rimedi-naturali","12":"product_tag-tebonin-it","13":"product_tag-tinnito","14":"product_tag-vertigini","15":"ts_product_brand-all-it","16":"ts_product_brand-dott-schwabe","18":"first","19":"instock","20":"sale","21":"taxable","22":"shipping-taxable","23":"purchasable","24":"product-type-simple"},"yoast_head":"<!-- This site is optimized with the Yoast SEO plugin v26.5 - https:\/\/yoast.com\/wordpress\/plugins\/seo\/ -->\n<title>Tebonin intens 120 mg compresse rivestite con film 200 pz. &#187; Lion Pharmacy<\/title>\n<meta name=\"description\" content=\"Farmacia Lions | Farmacia tedesca registrata. Offriamo: spedizione internazionale veloce. Dott. W. Schwabe | Tebonin intens 120 mg compresse rivestite con film 200 pz.\" \/>\n<meta name=\"robots\" content=\"index, follow, max-snippet:-1, max-image-preview:large, max-video-preview:-1\" \/>\n<link rel=\"canonical\" href=\"https:\/\/lions-pharmacy.com\/it\/prodotto\/tebonin-intens-120-mg-200-03379106\" \/>\n<meta property=\"og:locale\" content=\"it_IT\" \/>\n<meta property=\"og:type\" content=\"article\" \/>\n<meta property=\"og:title\" content=\"Tebonin intens 120 mg compresse rivestite con film 200 pz. &#187; Lion Pharmacy\" \/>\n<meta property=\"og:description\" content=\"Farmacia Lions | Farmacia tedesca registrata. Offriamo: spedizione internazionale veloce. Dott. W. Schwabe | Tebonin intens 120 mg compresse rivestite con film 200 pz.\" \/>\n<meta property=\"og:url\" content=\"https:\/\/lions-pharmacy.com\/it\/prodotto\/tebonin-intens-120-mg-200-03379106\" \/>\n<meta property=\"og:site_name\" content=\"Lion Pharmacy\" \/>\n<meta property=\"article:modified_time\" content=\"2026-02-25T05:30:26+00:00\" \/>\n<meta property=\"og:image\" content=\"https:\/\/lions-pharmacy.com\/wp-content\/uploads\/2024\/09\/tebonin-intens-60-pcs.webp\" \/>\n\t<meta property=\"og:image:width\" content=\"600\" \/>\n\t<meta property=\"og:image:height\" content=\"600\" \/>\n\t<meta property=\"og:image:type\" content=\"image\/webp\" \/>\n<meta name=\"twitter:card\" content=\"summary_large_image\" \/>\n<meta name=\"twitter:label1\" content=\"Tempo di lettura stimato\" \/>\n\t<meta name=\"twitter:data1\" content=\"1 minuto\" \/>\n<script type=\"application\/ld+json\" class=\"yoast-schema-graph\">{\"@context\":\"https:\/\/schema.org\",\"@graph\":[{\"@type\":\"WebPage\",\"@id\":\"https:\/\/lions-pharmacy.com\/it\/prodotto\/tebonin-intens-120-mg-200-03379106\",\"url\":\"https:\/\/lions-pharmacy.com\/it\/prodotto\/tebonin-intens-120-mg-200-03379106\",\"name\":\"Tebonin intens 120 mg compresse rivestite con film 200 pz. &#187; Lion Pharmacy\",\"isPartOf\":{\"@id\":\"https:\/\/lions-pharmacy.com\/it#website\"},\"primaryImageOfPage\":{\"@id\":\"https:\/\/lions-pharmacy.com\/it\/prodotto\/tebonin-intens-120-mg-200-03379106#primaryimage\"},\"image\":{\"@id\":\"https:\/\/lions-pharmacy.com\/it\/prodotto\/tebonin-intens-120-mg-200-03379106#primaryimage\"},\"thumbnailUrl\":\"https:\/\/lions-pharmacy.com\/wp-content\/uploads\/2024\/09\/tebonin-intens-60-pcs.webp\",\"datePublished\":\"2024-09-07T18:39:29+00:00\",\"dateModified\":\"2026-02-25T05:30:26+00:00\",\"description\":\"Farmacia Lions | Farmacia tedesca registrata. Offriamo: spedizione internazionale veloce. Dott. W. Schwabe | Tebonin intens 120 mg compresse rivestite con film 200 pz.\",\"breadcrumb\":{\"@id\":\"https:\/\/lions-pharmacy.com\/it\/prodotto\/tebonin-intens-120-mg-200-03379106#breadcrumb\"},\"inLanguage\":\"it-IT\",\"potentialAction\":[{\"@type\":\"ReadAction\",\"target\":[\"https:\/\/lions-pharmacy.com\/it\/prodotto\/tebonin-intens-120-mg-200-03379106\"]}]},{\"@type\":\"ImageObject\",\"inLanguage\":\"it-IT\",\"@id\":\"https:\/\/lions-pharmacy.com\/it\/prodotto\/tebonin-intens-120-mg-200-03379106#primaryimage\",\"url\":\"https:\/\/lions-pharmacy.com\/wp-content\/uploads\/2024\/09\/tebonin-intens-60-pcs.webp\",\"contentUrl\":\"https:\/\/lions-pharmacy.com\/wp-content\/uploads\/2024\/09\/tebonin-intens-60-pcs.webp\",\"width\":600,\"height\":600,\"caption\":\"tebonin intens 120mg capsoules, Dr. W. Schwabe, Lions Pharmacy, PZN 03379106\"},{\"@type\":\"BreadcrumbList\",\"@id\":\"https:\/\/lions-pharmacy.com\/it\/prodotto\/tebonin-intens-120-mg-200-03379106#breadcrumb\",\"itemListElement\":[{\"@type\":\"ListItem\",\"position\":1,\"name\":\"Home\",\"item\":\"https:\/\/lions-pharmacy.com\/it\/homepage-lion-pharmacy\"},{\"@type\":\"ListItem\",\"position\":2,\"name\":\"Shop\",\"item\":\"https:\/\/lions-pharmacy.com\/it\/negozio\"},{\"@type\":\"ListItem\",\"position\":3,\"name\":\"Tebonin intens 120 mg compresse rivestite con film 200 pz.\"}]},{\"@type\":\"WebSite\",\"@id\":\"https:\/\/lions-pharmacy.com\/it#website\",\"url\":\"https:\/\/lions-pharmacy.com\/it\",\"name\":\"Lions Pharmacy\",\"description\":\"Farmacia specializzata in naturopatia di Baden-Baden, Germania\",\"publisher\":{\"@id\":\"https:\/\/lions-pharmacy.com\/it#organization\"},\"alternateName\":\"Lion Pharmacy\",\"potentialAction\":[{\"@type\":\"SearchAction\",\"target\":{\"@type\":\"EntryPoint\",\"urlTemplate\":\"https:\/\/lions-pharmacy.com\/it?s={search_term_string}\"},\"query-input\":{\"@type\":\"PropertyValueSpecification\",\"valueRequired\":true,\"valueName\":\"search_term_string\"}}],\"inLanguage\":\"it-IT\"},{\"@type\":\"Organization\",\"@id\":\"https:\/\/lions-pharmacy.com\/it#organization\",\"name\":\"Lions Pharmacy\",\"alternateName\":\"Lions Pharmacy24\",\"url\":\"https:\/\/lions-pharmacy.com\/it\",\"logo\":{\"@type\":\"ImageObject\",\"inLanguage\":\"it-IT\",\"@id\":\"https:\/\/lions-pharmacy.com\/it#\/schema\/logo\/image\/\",\"url\":\"https:\/\/lions-pharmacy.com\/wp-content\/uploads\/2022\/12\/Logo-Lion-Pharmacy-c-o-Loewen-Apotheke-smal.jpg\",\"contentUrl\":\"https:\/\/lions-pharmacy.com\/wp-content\/uploads\/2022\/12\/Logo-Lion-Pharmacy-c-o-Loewen-Apotheke-smal.jpg\",\"width\":298,\"height\":99,\"caption\":\"Lions Pharmacy\"},\"image\":{\"@id\":\"https:\/\/lions-pharmacy.com\/it#\/schema\/logo\/image\/\"}}]}<\/script>\n<!-- \/ Yoast SEO plugin. -->","yoast_head_json":{"title":"Tebonin intens 120 mg compresse rivestite con film 200 pz. &#187; Lion Pharmacy","description":"Farmacia Lions | Farmacia tedesca registrata. Offriamo: spedizione internazionale veloce. Dott. W. Schwabe | Tebonin intens 120 mg compresse rivestite con film 200 pz.","robots":{"index":"index","follow":"follow","max-snippet":"max-snippet:-1","max-image-preview":"max-image-preview:large","max-video-preview":"max-video-preview:-1"},"canonical":"https:\/\/lions-pharmacy.com\/it\/prodotto\/tebonin-intens-120-mg-200-03379106","og_locale":"it_IT","og_type":"article","og_title":"Tebonin intens 120 mg compresse rivestite con film 200 pz. &#187; Lion Pharmacy","og_description":"Farmacia Lions | Farmacia tedesca registrata. Offriamo: spedizione internazionale veloce. Dott. W. Schwabe | Tebonin intens 120 mg compresse rivestite con film 200 pz.","og_url":"https:\/\/lions-pharmacy.com\/it\/prodotto\/tebonin-intens-120-mg-200-03379106","og_site_name":"Lion Pharmacy","article_modified_time":"2026-02-25T05:30:26+00:00","og_image":[{"width":600,"height":600,"url":"https:\/\/lions-pharmacy.com\/wp-content\/uploads\/2024\/09\/tebonin-intens-60-pcs.webp","type":"image\/webp"}],"twitter_card":"summary_large_image","twitter_misc":{"Tempo di lettura stimato":"1 minuto"},"schema":{"@context":"https:\/\/schema.org","@graph":[{"@type":"WebPage","@id":"https:\/\/lions-pharmacy.com\/it\/prodotto\/tebonin-intens-120-mg-200-03379106","url":"https:\/\/lions-pharmacy.com\/it\/prodotto\/tebonin-intens-120-mg-200-03379106","name":"Tebonin intens 120 mg compresse rivestite con film 200 pz. &#187; Lion Pharmacy","isPartOf":{"@id":"https:\/\/lions-pharmacy.com\/it#website"},"primaryImageOfPage":{"@id":"https:\/\/lions-pharmacy.com\/it\/prodotto\/tebonin-intens-120-mg-200-03379106#primaryimage"},"image":{"@id":"https:\/\/lions-pharmacy.com\/it\/prodotto\/tebonin-intens-120-mg-200-03379106#primaryimage"},"thumbnailUrl":"https:\/\/lions-pharmacy.com\/wp-content\/uploads\/2024\/09\/tebonin-intens-60-pcs.webp","datePublished":"2024-09-07T18:39:29+00:00","dateModified":"2026-02-25T05:30:26+00:00","description":"Farmacia Lions | Farmacia tedesca registrata. Offriamo: spedizione internazionale veloce. Dott. W. Schwabe | Tebonin intens 120 mg compresse rivestite con film 200 pz.","breadcrumb":{"@id":"https:\/\/lions-pharmacy.com\/it\/prodotto\/tebonin-intens-120-mg-200-03379106#breadcrumb"},"inLanguage":"it-IT","potentialAction":[{"@type":"ReadAction","target":["https:\/\/lions-pharmacy.com\/it\/prodotto\/tebonin-intens-120-mg-200-03379106"]}]},{"@type":"ImageObject","inLanguage":"it-IT","@id":"https:\/\/lions-pharmacy.com\/it\/prodotto\/tebonin-intens-120-mg-200-03379106#primaryimage","url":"https:\/\/lions-pharmacy.com\/wp-content\/uploads\/2024\/09\/tebonin-intens-60-pcs.webp","contentUrl":"https:\/\/lions-pharmacy.com\/wp-content\/uploads\/2024\/09\/tebonin-intens-60-pcs.webp","width":600,"height":600,"caption":"tebonin intens 120mg capsoules, Dr. W. Schwabe, Lions Pharmacy, PZN 03379106"},{"@type":"BreadcrumbList","@id":"https:\/\/lions-pharmacy.com\/it\/prodotto\/tebonin-intens-120-mg-200-03379106#breadcrumb","itemListElement":[{"@type":"ListItem","position":1,"name":"Home","item":"https:\/\/lions-pharmacy.com\/it\/homepage-lion-pharmacy"},{"@type":"ListItem","position":2,"name":"Shop","item":"https:\/\/lions-pharmacy.com\/it\/negozio"},{"@type":"ListItem","position":3,"name":"Tebonin intens 120 mg compresse rivestite con film 200 pz."}]},{"@type":"WebSite","@id":"https:\/\/lions-pharmacy.com\/it#website","url":"https:\/\/lions-pharmacy.com\/it","name":"Lions Pharmacy","description":"Farmacia specializzata in naturopatia di Baden-Baden, Germania","publisher":{"@id":"https:\/\/lions-pharmacy.com\/it#organization"},"alternateName":"Lion Pharmacy","potentialAction":[{"@type":"SearchAction","target":{"@type":"EntryPoint","urlTemplate":"https:\/\/lions-pharmacy.com\/it?s={search_term_string}"},"query-input":{"@type":"PropertyValueSpecification","valueRequired":true,"valueName":"search_term_string"}}],"inLanguage":"it-IT"},{"@type":"Organization","@id":"https:\/\/lions-pharmacy.com\/it#organization","name":"Lions Pharmacy","alternateName":"Lions Pharmacy24","url":"https:\/\/lions-pharmacy.com\/it","logo":{"@type":"ImageObject","inLanguage":"it-IT","@id":"https:\/\/lions-pharmacy.com\/it#\/schema\/logo\/image\/","url":"https:\/\/lions-pharmacy.com\/wp-content\/uploads\/2022\/12\/Logo-Lion-Pharmacy-c-o-Loewen-Apotheke-smal.jpg","contentUrl":"https:\/\/lions-pharmacy.com\/wp-content\/uploads\/2022\/12\/Logo-Lion-Pharmacy-c-o-Loewen-Apotheke-smal.jpg","width":298,"height":99,"caption":"Lions Pharmacy"},"image":{"@id":"https:\/\/lions-pharmacy.com\/it#\/schema\/logo\/image\/"}}]}},"_links":{"self":[{"href":"https:\/\/lions-pharmacy.com\/it\/wp-json\/wp\/v2\/product\/4463","targetHints":{"allow":["GET"]}}],"collection":[{"href":"https:\/\/lions-pharmacy.com\/it\/wp-json\/wp\/v2\/product"}],"about":[{"href":"https:\/\/lions-pharmacy.com\/it\/wp-json\/wp\/v2\/types\/product"}],"replies":[{"embeddable":true,"href":"https:\/\/lions-pharmacy.com\/it\/wp-json\/wp\/v2\/comments?post=4463"}],"wp:featuredmedia":[{"embeddable":true,"href":"https:\/\/lions-pharmacy.com\/it\/wp-json\/wp\/v2\/media\/4338"}],"wp:attachment":[{"href":"https:\/\/lions-pharmacy.com\/it\/wp-json\/wp\/v2\/media?parent=4463"}],"wp:term":[{"taxonomy":"product_brand","embeddable":true,"href":"https:\/\/lions-pharmacy.com\/it\/wp-json\/wp\/v2\/product_brand?post=4463"},{"taxonomy":"product_cat","embeddable":true,"href":"https:\/\/lions-pharmacy.com\/it\/wp-json\/wp\/v2\/product_cat?post=4463"},{"taxonomy":"product_tag","embeddable":true,"href":"https:\/\/lions-pharmacy.com\/it\/wp-json\/wp\/v2\/product_tag?post=4463"}],"curies":[{"name":"wp","href":"https:\/\/api.w.org\/{rel}","templated":true}]}}