{"id":4410,"date":"2024-09-06T07:18:56","date_gmt":"2024-09-06T06:18:56","guid":{"rendered":"https:\/\/lions-pharmacy.com\/?post_type=product&#038;p=4410"},"modified":"2025-01-24T18:05:31","modified_gmt":"2025-01-24T17:05:31","slug":"carmenthin-softgels-42-pcs-10327618","status":"publish","type":"product","link":"https:\/\/lions-pharmacy.com\/it\/prodotto\/carmenthin-softgels-42-pcs-10327618","title":{"rendered":"Carmenthin Softgels 42 pz."},"content":{"rendered":"<h3 style=\"text-align: left;\">Capsule di carmenina Softgels<\/h3>\n<p>Le capsule di carmentina in capsule molli sono efficaci per crampi addominali, flatulenza e gonfiore.<\/p>\n<p>Che si tratti di flatulenza o gonfiore, gonfiore o dolore addominale: i problemi gastrointestinali sono tra i disturbi quotidiani pi\u00f9 comuni. Il lavoro quotidiano e la vita familiare sono solitamente frenetici. Le persone spesso mangiano a parte e ricorrono a pasti fast food ricchi di grassi e zuccheri. Se c&#8217;\u00e8 anche la pressione per avere successo, le scadenze e troppo poco esercizio, la vita di tutti i giorni spesso ci colpisce allo stomaco e all&#8217;intestino. Le conseguenze sono problemi digestivi come flatulenza, gonfiore o dolore addominale.<\/p>\n<p>Ulteriori dettagli sul prodotto sono disponibili presso il produttore: <a href=\"https:\/\/www.carmenthin.de\" target=\"_blank\" rel=\"noopener\">Dr. Willmar Schwabe GmbH &amp; Co. KG<\/a><\/p>\n<p>I clienti di Carmenthin sono interessati anche a prodotti relativi a: <a href=\"\/de?product_tag=blaehungen\">Digestione, Flatulenza<\/a> | <a href=\"\/de?product_tag=reiseapotheke\">Cassetta di medicazione <\/a> <\/p>\n<p>Le informazioni contenute in questo sito web sono fornite solo a scopo informativo. Non sostituiscono in alcun modo la visita e il trattamento da parte di un medico. Ci\u00f2 significa che non \u00e8 possibile n\u00e9 fare diagnosi n\u00e9 iniziare terapie.<\/p>\n<p>Per i rischi e gli effetti collaterali, leggere il foglio illustrativo e chiedere al medico o al farmacista.<\/p>\n<h3>Prescrizione | \u00c8 disponibile una prescrizione elettronica?<\/h3>\n<p>Invia subito la tua prescrizione elettronica. Usa la nostra app <a href=\"https:\/\/e-rezept-app.de\/shop-rezept\" target=\"_blank\" rel=\"noopener\">per la prescrizione elettronica<\/a> . E noi ti diamo le spese di spedizione gratis in Germania!<\/p>\n","protected":false},"excerpt":{"rendered":"<h2>Carmenthin Softgels 42 pz.<\/h2>\n<p>La carmentina\u00ae \u00e8 efficace per crampi addominali, flatulenza e gonfiore<\/p>\n<p>&nbsp;<\/p>\n<p><strong>PZN:<\/strong> 10327618 (Numero Farmaceutico Centrale)<\/p>\n<p><strong>Forma di dosaggio<\/strong>: capsule<\/p>\n<p><strong>Tipo di prescrizione: senza prescrizione<\/strong><\/p>\n<p><strong>Produttore<\/strong>: Dr. Willmar Schwabe GmbH &amp; Co. KG<\/p>\n<p><strong>Formato della confezione<\/strong>: 42 pezzi.<\/p>\n","protected":false},"featured_media":4313,"comment_status":"closed","ping_status":"closed","template":"","meta":[],"product_brand":[],"product_cat":[462,124,115],"product_tag":[514,480],"class_list":{"0":"post-4410","1":"product","2":"type-product","3":"status-publish","4":"has-post-thumbnail","6":"product_cat-dr-schwabe-it","7":"product_cat-sale-it","8":"product_cat-non-categorizzato","9":"product_tag-principio-attivo-di-origine-vegetale","10":"product_tag-rimedi-naturali","11":"ts_product_brand-all-it","12":"ts_product_brand-dott-schwabe","14":"first","15":"instock","16":"sale","17":"taxable","18":"shipping-taxable","19":"purchasable","20":"product-type-simple"},"yoast_head":"<!-- This site is optimized with the Yoast SEO plugin v26.5 - https:\/\/yoast.com\/wordpress\/plugins\/seo\/ -->\n<title>Carmenthin Softgels 42 pz. , Dr. Schwabe &#187; ordina qui: Lion Pharmacy<\/title>\n<meta name=\"description\" content=\"Farmacia Lions | Farmacia online tedesca registrata. Offriamo spedizioni internazionali veloci e un comodo shopping online Carmenthin Softgels 42 pz.\" \/>\n<meta name=\"robots\" content=\"index, follow, max-snippet:-1, max-image-preview:large, max-video-preview:-1\" \/>\n<link rel=\"canonical\" href=\"https:\/\/lions-pharmacy.com\/it\/prodotto\/carmenthin-softgels-42-pcs-10327618\" \/>\n<meta property=\"og:locale\" content=\"it_IT\" \/>\n<meta property=\"og:type\" content=\"article\" \/>\n<meta property=\"og:title\" content=\"Carmenthin Softgels 42 pz. , Dr. Schwabe &#187; ordina qui: Lion Pharmacy\" \/>\n<meta property=\"og:description\" content=\"Farmacia Lions | Farmacia online tedesca registrata. Offriamo spedizioni internazionali veloci e un comodo shopping online Carmenthin Softgels 42 pz.\" \/>\n<meta property=\"og:url\" content=\"https:\/\/lions-pharmacy.com\/it\/prodotto\/carmenthin-softgels-42-pcs-10327618\" \/>\n<meta property=\"og:site_name\" content=\"Lion Pharmacy\" \/>\n<meta property=\"article:modified_time\" content=\"2025-01-24T17:05:31+00:00\" \/>\n<meta property=\"og:image\" content=\"https:\/\/lions-pharmacy.com\/wp-content\/uploads\/2024\/09\/Carmenthin.webp\" \/>\n\t<meta property=\"og:image:width\" content=\"600\" \/>\n\t<meta property=\"og:image:height\" content=\"600\" \/>\n\t<meta property=\"og:image:type\" content=\"image\/webp\" \/>\n<meta name=\"twitter:card\" content=\"summary_large_image\" \/>\n<meta name=\"twitter:label1\" content=\"Tempo di lettura stimato\" \/>\n\t<meta name=\"twitter:data1\" content=\"1 minuto\" \/>\n<script type=\"application\/ld+json\" class=\"yoast-schema-graph\">{\"@context\":\"https:\/\/schema.org\",\"@graph\":[{\"@type\":\"WebPage\",\"@id\":\"https:\/\/lions-pharmacy.com\/it\/prodotto\/carmenthin-softgels-42-pcs-10327618\",\"url\":\"https:\/\/lions-pharmacy.com\/it\/prodotto\/carmenthin-softgels-42-pcs-10327618\",\"name\":\"Carmenthin Softgels 42 pz. , Dr. Schwabe &#187; ordina qui: Lion Pharmacy\",\"isPartOf\":{\"@id\":\"https:\/\/lions-pharmacy.com\/it#website\"},\"primaryImageOfPage\":{\"@id\":\"https:\/\/lions-pharmacy.com\/it\/prodotto\/carmenthin-softgels-42-pcs-10327618#primaryimage\"},\"image\":{\"@id\":\"https:\/\/lions-pharmacy.com\/it\/prodotto\/carmenthin-softgels-42-pcs-10327618#primaryimage\"},\"thumbnailUrl\":\"https:\/\/lions-pharmacy.com\/wp-content\/uploads\/2024\/09\/Carmenthin.webp\",\"datePublished\":\"2024-09-06T06:18:56+00:00\",\"dateModified\":\"2025-01-24T17:05:31+00:00\",\"description\":\"Farmacia Lions | Farmacia online tedesca registrata. Offriamo spedizioni internazionali veloci e un comodo shopping online Carmenthin Softgels 42 pz.\",\"breadcrumb\":{\"@id\":\"https:\/\/lions-pharmacy.com\/it\/prodotto\/carmenthin-softgels-42-pcs-10327618#breadcrumb\"},\"inLanguage\":\"it-IT\",\"potentialAction\":[{\"@type\":\"ReadAction\",\"target\":[\"https:\/\/lions-pharmacy.com\/it\/prodotto\/carmenthin-softgels-42-pcs-10327618\"]}]},{\"@type\":\"ImageObject\",\"inLanguage\":\"it-IT\",\"@id\":\"https:\/\/lions-pharmacy.com\/it\/prodotto\/carmenthin-softgels-42-pcs-10327618#primaryimage\",\"url\":\"https:\/\/lions-pharmacy.com\/wp-content\/uploads\/2024\/09\/Carmenthin.webp\",\"contentUrl\":\"https:\/\/lions-pharmacy.com\/wp-content\/uploads\/2024\/09\/Carmenthin.webp\",\"width\":600,\"height\":600,\"caption\":\"Carmentina 42 pz. 10327618 Farmacia Lions Schwabe\"},{\"@type\":\"BreadcrumbList\",\"@id\":\"https:\/\/lions-pharmacy.com\/it\/prodotto\/carmenthin-softgels-42-pcs-10327618#breadcrumb\",\"itemListElement\":[{\"@type\":\"ListItem\",\"position\":1,\"name\":\"Home\",\"item\":\"https:\/\/lions-pharmacy.com\/it\/homepage-lion-pharmacy\"},{\"@type\":\"ListItem\",\"position\":2,\"name\":\"Shop\",\"item\":\"https:\/\/lions-pharmacy.com\/it\/negozio\"},{\"@type\":\"ListItem\",\"position\":3,\"name\":\"Carmenthin Softgels 42 pz.\"}]},{\"@type\":\"WebSite\",\"@id\":\"https:\/\/lions-pharmacy.com\/it#website\",\"url\":\"https:\/\/lions-pharmacy.com\/it\",\"name\":\"Lions Pharmacy\",\"description\":\"Farmacia specializzata in naturopatia di Baden-Baden, Germania\",\"publisher\":{\"@id\":\"https:\/\/lions-pharmacy.com\/it#organization\"},\"alternateName\":\"Lion Pharmacy\",\"potentialAction\":[{\"@type\":\"SearchAction\",\"target\":{\"@type\":\"EntryPoint\",\"urlTemplate\":\"https:\/\/lions-pharmacy.com\/it?s={search_term_string}\"},\"query-input\":{\"@type\":\"PropertyValueSpecification\",\"valueRequired\":true,\"valueName\":\"search_term_string\"}}],\"inLanguage\":\"it-IT\"},{\"@type\":\"Organization\",\"@id\":\"https:\/\/lions-pharmacy.com\/it#organization\",\"name\":\"Lions Pharmacy\",\"alternateName\":\"Lions Pharmacy24\",\"url\":\"https:\/\/lions-pharmacy.com\/it\",\"logo\":{\"@type\":\"ImageObject\",\"inLanguage\":\"it-IT\",\"@id\":\"https:\/\/lions-pharmacy.com\/it#\/schema\/logo\/image\/\",\"url\":\"https:\/\/lions-pharmacy.com\/wp-content\/uploads\/2022\/12\/Logo-Lion-Pharmacy-c-o-Loewen-Apotheke-smal.jpg\",\"contentUrl\":\"https:\/\/lions-pharmacy.com\/wp-content\/uploads\/2022\/12\/Logo-Lion-Pharmacy-c-o-Loewen-Apotheke-smal.jpg\",\"width\":298,\"height\":99,\"caption\":\"Lions Pharmacy\"},\"image\":{\"@id\":\"https:\/\/lions-pharmacy.com\/it#\/schema\/logo\/image\/\"}}]}<\/script>\n<!-- \/ Yoast SEO plugin. -->","yoast_head_json":{"title":"Carmenthin Softgels 42 pz. , Dr. Schwabe &#187; ordina qui: Lion Pharmacy","description":"Farmacia Lions | Farmacia online tedesca registrata. Offriamo spedizioni internazionali veloci e un comodo shopping online Carmenthin Softgels 42 pz.","robots":{"index":"index","follow":"follow","max-snippet":"max-snippet:-1","max-image-preview":"max-image-preview:large","max-video-preview":"max-video-preview:-1"},"canonical":"https:\/\/lions-pharmacy.com\/it\/prodotto\/carmenthin-softgels-42-pcs-10327618","og_locale":"it_IT","og_type":"article","og_title":"Carmenthin Softgels 42 pz. , Dr. Schwabe &#187; ordina qui: Lion Pharmacy","og_description":"Farmacia Lions | Farmacia online tedesca registrata. Offriamo spedizioni internazionali veloci e un comodo shopping online Carmenthin Softgels 42 pz.","og_url":"https:\/\/lions-pharmacy.com\/it\/prodotto\/carmenthin-softgels-42-pcs-10327618","og_site_name":"Lion Pharmacy","article_modified_time":"2025-01-24T17:05:31+00:00","og_image":[{"width":600,"height":600,"url":"https:\/\/lions-pharmacy.com\/wp-content\/uploads\/2024\/09\/Carmenthin.webp","type":"image\/webp"}],"twitter_card":"summary_large_image","twitter_misc":{"Tempo di lettura stimato":"1 minuto"},"schema":{"@context":"https:\/\/schema.org","@graph":[{"@type":"WebPage","@id":"https:\/\/lions-pharmacy.com\/it\/prodotto\/carmenthin-softgels-42-pcs-10327618","url":"https:\/\/lions-pharmacy.com\/it\/prodotto\/carmenthin-softgels-42-pcs-10327618","name":"Carmenthin Softgels 42 pz. , Dr. Schwabe &#187; ordina qui: Lion Pharmacy","isPartOf":{"@id":"https:\/\/lions-pharmacy.com\/it#website"},"primaryImageOfPage":{"@id":"https:\/\/lions-pharmacy.com\/it\/prodotto\/carmenthin-softgels-42-pcs-10327618#primaryimage"},"image":{"@id":"https:\/\/lions-pharmacy.com\/it\/prodotto\/carmenthin-softgels-42-pcs-10327618#primaryimage"},"thumbnailUrl":"https:\/\/lions-pharmacy.com\/wp-content\/uploads\/2024\/09\/Carmenthin.webp","datePublished":"2024-09-06T06:18:56+00:00","dateModified":"2025-01-24T17:05:31+00:00","description":"Farmacia Lions | Farmacia online tedesca registrata. Offriamo spedizioni internazionali veloci e un comodo shopping online Carmenthin Softgels 42 pz.","breadcrumb":{"@id":"https:\/\/lions-pharmacy.com\/it\/prodotto\/carmenthin-softgels-42-pcs-10327618#breadcrumb"},"inLanguage":"it-IT","potentialAction":[{"@type":"ReadAction","target":["https:\/\/lions-pharmacy.com\/it\/prodotto\/carmenthin-softgels-42-pcs-10327618"]}]},{"@type":"ImageObject","inLanguage":"it-IT","@id":"https:\/\/lions-pharmacy.com\/it\/prodotto\/carmenthin-softgels-42-pcs-10327618#primaryimage","url":"https:\/\/lions-pharmacy.com\/wp-content\/uploads\/2024\/09\/Carmenthin.webp","contentUrl":"https:\/\/lions-pharmacy.com\/wp-content\/uploads\/2024\/09\/Carmenthin.webp","width":600,"height":600,"caption":"Carmentina 42 pz. 10327618 Farmacia Lions Schwabe"},{"@type":"BreadcrumbList","@id":"https:\/\/lions-pharmacy.com\/it\/prodotto\/carmenthin-softgels-42-pcs-10327618#breadcrumb","itemListElement":[{"@type":"ListItem","position":1,"name":"Home","item":"https:\/\/lions-pharmacy.com\/it\/homepage-lion-pharmacy"},{"@type":"ListItem","position":2,"name":"Shop","item":"https:\/\/lions-pharmacy.com\/it\/negozio"},{"@type":"ListItem","position":3,"name":"Carmenthin Softgels 42 pz."}]},{"@type":"WebSite","@id":"https:\/\/lions-pharmacy.com\/it#website","url":"https:\/\/lions-pharmacy.com\/it","name":"Lions Pharmacy","description":"Farmacia specializzata in naturopatia di Baden-Baden, Germania","publisher":{"@id":"https:\/\/lions-pharmacy.com\/it#organization"},"alternateName":"Lion Pharmacy","potentialAction":[{"@type":"SearchAction","target":{"@type":"EntryPoint","urlTemplate":"https:\/\/lions-pharmacy.com\/it?s={search_term_string}"},"query-input":{"@type":"PropertyValueSpecification","valueRequired":true,"valueName":"search_term_string"}}],"inLanguage":"it-IT"},{"@type":"Organization","@id":"https:\/\/lions-pharmacy.com\/it#organization","name":"Lions Pharmacy","alternateName":"Lions Pharmacy24","url":"https:\/\/lions-pharmacy.com\/it","logo":{"@type":"ImageObject","inLanguage":"it-IT","@id":"https:\/\/lions-pharmacy.com\/it#\/schema\/logo\/image\/","url":"https:\/\/lions-pharmacy.com\/wp-content\/uploads\/2022\/12\/Logo-Lion-Pharmacy-c-o-Loewen-Apotheke-smal.jpg","contentUrl":"https:\/\/lions-pharmacy.com\/wp-content\/uploads\/2022\/12\/Logo-Lion-Pharmacy-c-o-Loewen-Apotheke-smal.jpg","width":298,"height":99,"caption":"Lions Pharmacy"},"image":{"@id":"https:\/\/lions-pharmacy.com\/it#\/schema\/logo\/image\/"}}]}},"_links":{"self":[{"href":"https:\/\/lions-pharmacy.com\/it\/wp-json\/wp\/v2\/product\/4410","targetHints":{"allow":["GET"]}}],"collection":[{"href":"https:\/\/lions-pharmacy.com\/it\/wp-json\/wp\/v2\/product"}],"about":[{"href":"https:\/\/lions-pharmacy.com\/it\/wp-json\/wp\/v2\/types\/product"}],"replies":[{"embeddable":true,"href":"https:\/\/lions-pharmacy.com\/it\/wp-json\/wp\/v2\/comments?post=4410"}],"wp:featuredmedia":[{"embeddable":true,"href":"https:\/\/lions-pharmacy.com\/it\/wp-json\/wp\/v2\/media\/4313"}],"wp:attachment":[{"href":"https:\/\/lions-pharmacy.com\/it\/wp-json\/wp\/v2\/media?parent=4410"}],"wp:term":[{"taxonomy":"product_brand","embeddable":true,"href":"https:\/\/lions-pharmacy.com\/it\/wp-json\/wp\/v2\/product_brand?post=4410"},{"taxonomy":"product_cat","embeddable":true,"href":"https:\/\/lions-pharmacy.com\/it\/wp-json\/wp\/v2\/product_cat?post=4410"},{"taxonomy":"product_tag","embeddable":true,"href":"https:\/\/lions-pharmacy.com\/it\/wp-json\/wp\/v2\/product_tag?post=4410"}],"curies":[{"name":"wp","href":"https:\/\/api.w.org\/{rel}","templated":true}]}}