{"id":3484,"date":"2024-02-14T22:47:15","date_gmt":"2024-02-14T21:47:15","guid":{"rendered":"https:\/\/lions-pharmacy.com\/?post_type=product&#038;p=3484"},"modified":"2025-11-29T23:34:37","modified_gmt":"2025-11-29T22:34:37","slug":"labo-life-2lveru","status":"publish","type":"product","link":"https:\/\/lions-pharmacy.com\/it\/prodotto\/labo-life-2lveru","title":{"rendered":"Labo Life 2LVERU"},"content":{"rendered":"<h2>Labo Life 2LVERU<\/h2>\n<p>La Farmacia del Leone importa per voi le capsule Labo Life 2LVERU e tutti i preparati di Labo Life Belgium su vostra richiesta.<\/p>\n<p>Foglietto illustrativo\/istruzioni per l&#8217;uso\/scheda tecnica: <a href=\"https:\/\/lions-pharmacy.com\/wp-content\/uploads\/2023\/01\/EN_patient_info.pdf\" target=\"_blank\" rel=\"noopener\">EN<\/a> | <a href=\"https:\/\/lions-pharmacy.com\/wp-content\/uploads\/2023\/01\/FR_info_patient.pdf\" target=\"_blank\" rel=\"noopener\">FR<\/a> | <a href=\"https:\/\/lions-pharmacy.com\/wp-content\/uploads\/2023\/01\/ES_info_paciente.pdf\">ES<\/a> | <a href=\"https:\/\/lions-pharmacy.com\/wp-content\/uploads\/2022\/12\/labolife-Patientenflyer-lobo-life-customer-information-lion-pharmacy-lowen-apotheke.pdf\" target=\"_blank\" rel=\"noopener\">DE<\/a> (lettore PDF)<\/p>\n<p>Nome prodotto alternativo: Labo Life 2L VERU<\/p>\n<p>Altri prodotti per l&#8217;applicazione:<\/p>\n<p>Per saperne di pi\u00f9 sul produttore e su questo prodotto: <a href=\"https:\/\/www.labolife.com\/en\" target=\"_blank\" rel=\"noopener\">Labo Life<\/a> (link a sito esterno)<\/p>\n<p>Per i rischi e gli effetti collaterali, leggere il foglio illustrativo e chiedere al medico o al farmacista.<\/p>\n<p>Le informazioni contenute in questo sito web sono fornite solo a scopo informativo. Non sostituiscono in alcun modo la visita e il trattamento da parte di un medico. Ci\u00f2 significa che non \u00e8 possibile n\u00e9 fare diagnosi n\u00e9 iniziare terapie.<\/p>\n<h3>Microimmunoterapia<\/h3>\n<p>La microimmunoterapia \u00e8 una terapia di immunomodulazione che utilizza gli stessi messaggeri del sistema immunitario (ad esempio, citochine, ormoni, fattori di crescita, acidi nucleici) per trasmettere informazioni all&#8217;organismo e &#8220;riadattare&#8221; la risposta immunitaria. In altre parole, il suo obiettivo \u00e8 ripristinare la corretta comunicazione tra le cellule del sistema immunitario per aiutarle a recuperare la loro capacit\u00e0 innata di difenderci dagli aggressori o di limitare la loro risposta quando \u00e8 esagerata. <\/p>\n<p>A differenza dell&#8217;immunoterapia classica, le formule di <a href=\"https:\/\/lions-pharmacy.com\/it\/tag-prodotto\/microimmunoterapia\">microimmunoterapia<\/a> utilizzano un&#8217;ampia gamma di sostanze immunitarie (i cosiddetti &#8220;messaggeri&#8221;). Sono preparati in basse concentrazioni (low-doses) attraverso un processo di diluizione-dinamizzazione, garantendo cos\u00ec un&#8217;elevata tolleranza. Inoltre, a seconda che si desideri stimolare, modulare o inibire l&#8217;organismo, i livelli di concentrazione utilizzati possono variare all&#8217;interno della stessa formula.  Proprio come avviene naturalmente nell&#8217;organismo, le sostanze vengono somministrate seguendo una sequenza specifica, un ordine preciso.<\/p>\n<p>La <a href=\"https:\/\/lions-pharmacy.com\/it\/tag-prodotto\/microimmunoterapia\">microimmunoterapia<\/a> pu\u00f2 essere un fedele alleato nel trattamento delle malattie derivanti da uno squilibrio del sistema immunitario, sia acute che croniche. Tra queste rientrano le patologie infettive e oncologiche o le malattie autoimmuni. La microimmunoterapia non sostituisce il sistema immunitario, n\u00e9 lo forza o lo blocca, ma piuttosto informa l&#8217;immunit\u00e0 in modo sottile, rendendola quindi compatibile con altri trattamenti.<\/p>\n<p>Per saperne di pi\u00f9 su <a href=\"https:\/\/www.labolife.com\/de\" target=\"_blank\" rel=\"noopener noreferrer\">Labo&#8217;Life<\/a> e la microimmunoterapia, consultare la pagina web dei produttori.<\/p>\n<p>Anche in questo caso, per quanto riguarda i rischi e gli effetti collaterali, leggere il foglietto illustrativo e rivolgersi al medico o al farmacista.<\/p>\n","protected":false},"excerpt":{"rendered":"<h2>Labo Life 2LVERU<\/h2>\n<p>La Farmacia Lion \u00e8 in grado di fornirvi tutti i preparati Labo Life Belgio su vostra richiesta.<\/p>\n<p>&nbsp;<\/p>\n<p>PZN: &#8211; (Pharmazentralnummer)<\/p>\n<p>Forma di dosaggio: Capsule<\/p>\n<p>Tipo di prescrizione: senza prescrizione<\/p>\n<p><a href=\"https:\/\/lions-pharmacy.com\/it\/product-brand\/labo-life-it\">Marchio<\/a>: Labo Life<\/p>\n<p>Produttore: Labo&#8217;Life Belgium, Rue Camille Hubert 11, 5032 Gembloux.<\/p>\n<p>Dimensione dell&#8217;imballaggio: 30 pezzi.<\/p>\n","protected":false},"featured_media":3490,"comment_status":"closed","ping_status":"closed","template":"","meta":[],"product_brand":[],"product_cat":[118,115],"product_tag":[234,785],"class_list":{"0":"post-3484","1":"product","2":"type-product","3":"status-publish","4":"has-post-thumbnail","6":"product_cat-labo-life-it","7":"product_cat-non-categorizzato","8":"product_tag-microimmunoterapia","9":"product_tag-prodotto-dimportazione-individuale-nessun-ritorno","10":"ts_product_brand-all-it","11":"ts_product_brand-labo-life-it","13":"first","14":"instock","15":"taxable","16":"shipping-taxable","17":"purchasable","18":"product-type-simple"},"yoast_head":"<!-- This site is optimized with the Yoast SEO plugin v26.5 - https:\/\/yoast.com\/wordpress\/plugins\/seo\/ -->\n<title>Labo Life 2LVERU &#187; Lion Pharmacy &gt;&gt; ordina qui<\/title>\n<meta name=\"description\" content=\"Farmacia online tedesca registrata | Spedizioni internazionali veloci | Pagamento Sicuro | Scopri di pi\u00f9 sulla microimmunoterapia | Labo Life 2LVERU\" \/>\n<meta name=\"robots\" content=\"index, follow, max-snippet:-1, max-image-preview:large, max-video-preview:-1\" \/>\n<link rel=\"canonical\" href=\"https:\/\/lions-pharmacy.com\/it\/prodotto\/labo-life-2lveru\" \/>\n<meta property=\"og:locale\" content=\"it_IT\" \/>\n<meta property=\"og:type\" content=\"article\" \/>\n<meta property=\"og:title\" content=\"Labo Life 2LVERU &#187; Lion Pharmacy &gt;&gt; ordina qui\" \/>\n<meta property=\"og:description\" content=\"Farmacia online tedesca registrata | Spedizioni internazionali veloci | Pagamento Sicuro | Scopri di pi\u00f9 sulla microimmunoterapia | Labo Life 2LVERU\" \/>\n<meta property=\"og:url\" content=\"https:\/\/lions-pharmacy.com\/it\/prodotto\/labo-life-2lveru\" \/>\n<meta property=\"og:site_name\" content=\"Lion Pharmacy\" \/>\n<meta property=\"article:modified_time\" content=\"2025-11-29T22:34:37+00:00\" \/>\n<meta property=\"og:image\" content=\"https:\/\/lions-pharmacy.com\/wp-content\/uploads\/2024\/02\/Labo-Life-2LVERU-Lions-Pharmacy-2L-VERU-micro-immotherapy.webp\" \/>\n\t<meta property=\"og:image:width\" content=\"600\" \/>\n\t<meta property=\"og:image:height\" content=\"600\" \/>\n\t<meta property=\"og:image:type\" content=\"image\/webp\" \/>\n<meta name=\"twitter:card\" content=\"summary_large_image\" \/>\n<meta name=\"twitter:label1\" content=\"Tempo di lettura stimato\" \/>\n\t<meta name=\"twitter:data1\" content=\"2 minuti\" \/>\n<script type=\"application\/ld+json\" class=\"yoast-schema-graph\">{\"@context\":\"https:\/\/schema.org\",\"@graph\":[{\"@type\":\"WebPage\",\"@id\":\"https:\/\/lions-pharmacy.com\/it\/prodotto\/labo-life-2lveru\",\"url\":\"https:\/\/lions-pharmacy.com\/it\/prodotto\/labo-life-2lveru\",\"name\":\"Labo Life 2LVERU &#187; Lion Pharmacy >> ordina qui\",\"isPartOf\":{\"@id\":\"https:\/\/lions-pharmacy.com\/it#website\"},\"primaryImageOfPage\":{\"@id\":\"https:\/\/lions-pharmacy.com\/it\/prodotto\/labo-life-2lveru#primaryimage\"},\"image\":{\"@id\":\"https:\/\/lions-pharmacy.com\/it\/prodotto\/labo-life-2lveru#primaryimage\"},\"thumbnailUrl\":\"https:\/\/lions-pharmacy.com\/wp-content\/uploads\/2024\/02\/Labo-Life-2LVERU-Lions-Pharmacy-2L-VERU-micro-immotherapy.webp\",\"datePublished\":\"2024-02-14T21:47:15+00:00\",\"dateModified\":\"2025-11-29T22:34:37+00:00\",\"description\":\"Farmacia online tedesca registrata | Spedizioni internazionali veloci | Pagamento Sicuro | Scopri di pi\u00f9 sulla microimmunoterapia | Labo Life 2LVERU\",\"breadcrumb\":{\"@id\":\"https:\/\/lions-pharmacy.com\/it\/prodotto\/labo-life-2lveru#breadcrumb\"},\"inLanguage\":\"it-IT\",\"potentialAction\":[{\"@type\":\"ReadAction\",\"target\":[\"https:\/\/lions-pharmacy.com\/it\/prodotto\/labo-life-2lveru\"]}]},{\"@type\":\"ImageObject\",\"inLanguage\":\"it-IT\",\"@id\":\"https:\/\/lions-pharmacy.com\/it\/prodotto\/labo-life-2lveru#primaryimage\",\"url\":\"https:\/\/lions-pharmacy.com\/wp-content\/uploads\/2024\/02\/Labo-Life-2LVERU-Lions-Pharmacy-2L-VERU-micro-immotherapy.webp\",\"contentUrl\":\"https:\/\/lions-pharmacy.com\/wp-content\/uploads\/2024\/02\/Labo-Life-2LVERU-Lions-Pharmacy-2L-VERU-micro-immotherapy.webp\",\"width\":600,\"height\":600,\"caption\":\"Labo Life 2LVERU Lions Farmacia 2L VERU micro immoterapia\"},{\"@type\":\"BreadcrumbList\",\"@id\":\"https:\/\/lions-pharmacy.com\/it\/prodotto\/labo-life-2lveru#breadcrumb\",\"itemListElement\":[{\"@type\":\"ListItem\",\"position\":1,\"name\":\"Home\",\"item\":\"https:\/\/lions-pharmacy.com\/it\/homepage-lion-pharmacy\"},{\"@type\":\"ListItem\",\"position\":2,\"name\":\"Shop\",\"item\":\"https:\/\/lions-pharmacy.com\/it\/negozio\"},{\"@type\":\"ListItem\",\"position\":3,\"name\":\"Labo Life 2LVERU\"}]},{\"@type\":\"WebSite\",\"@id\":\"https:\/\/lions-pharmacy.com\/it#website\",\"url\":\"https:\/\/lions-pharmacy.com\/it\",\"name\":\"Lions Pharmacy\",\"description\":\"Farmacia specializzata in naturopatia di Baden-Baden, Germania\",\"publisher\":{\"@id\":\"https:\/\/lions-pharmacy.com\/it#organization\"},\"alternateName\":\"Lion Pharmacy\",\"potentialAction\":[{\"@type\":\"SearchAction\",\"target\":{\"@type\":\"EntryPoint\",\"urlTemplate\":\"https:\/\/lions-pharmacy.com\/it?s={search_term_string}\"},\"query-input\":{\"@type\":\"PropertyValueSpecification\",\"valueRequired\":true,\"valueName\":\"search_term_string\"}}],\"inLanguage\":\"it-IT\"},{\"@type\":\"Organization\",\"@id\":\"https:\/\/lions-pharmacy.com\/it#organization\",\"name\":\"Lions Pharmacy\",\"alternateName\":\"Lions Pharmacy24\",\"url\":\"https:\/\/lions-pharmacy.com\/it\",\"logo\":{\"@type\":\"ImageObject\",\"inLanguage\":\"it-IT\",\"@id\":\"https:\/\/lions-pharmacy.com\/it#\/schema\/logo\/image\/\",\"url\":\"https:\/\/lions-pharmacy.com\/wp-content\/uploads\/2022\/12\/Logo-Lion-Pharmacy-c-o-Loewen-Apotheke-smal.jpg\",\"contentUrl\":\"https:\/\/lions-pharmacy.com\/wp-content\/uploads\/2022\/12\/Logo-Lion-Pharmacy-c-o-Loewen-Apotheke-smal.jpg\",\"width\":298,\"height\":99,\"caption\":\"Lions Pharmacy\"},\"image\":{\"@id\":\"https:\/\/lions-pharmacy.com\/it#\/schema\/logo\/image\/\"}}]}<\/script>\n<!-- \/ Yoast SEO plugin. -->","yoast_head_json":{"title":"Labo Life 2LVERU &#187; Lion Pharmacy >> ordina qui","description":"Farmacia online tedesca registrata | Spedizioni internazionali veloci | Pagamento Sicuro | Scopri di pi\u00f9 sulla microimmunoterapia | Labo Life 2LVERU","robots":{"index":"index","follow":"follow","max-snippet":"max-snippet:-1","max-image-preview":"max-image-preview:large","max-video-preview":"max-video-preview:-1"},"canonical":"https:\/\/lions-pharmacy.com\/it\/prodotto\/labo-life-2lveru","og_locale":"it_IT","og_type":"article","og_title":"Labo Life 2LVERU &#187; Lion Pharmacy >> ordina qui","og_description":"Farmacia online tedesca registrata | Spedizioni internazionali veloci | Pagamento Sicuro | Scopri di pi\u00f9 sulla microimmunoterapia | Labo Life 2LVERU","og_url":"https:\/\/lions-pharmacy.com\/it\/prodotto\/labo-life-2lveru","og_site_name":"Lion Pharmacy","article_modified_time":"2025-11-29T22:34:37+00:00","og_image":[{"width":600,"height":600,"url":"https:\/\/lions-pharmacy.com\/wp-content\/uploads\/2024\/02\/Labo-Life-2LVERU-Lions-Pharmacy-2L-VERU-micro-immotherapy.webp","type":"image\/webp"}],"twitter_card":"summary_large_image","twitter_misc":{"Tempo di lettura stimato":"2 minuti"},"schema":{"@context":"https:\/\/schema.org","@graph":[{"@type":"WebPage","@id":"https:\/\/lions-pharmacy.com\/it\/prodotto\/labo-life-2lveru","url":"https:\/\/lions-pharmacy.com\/it\/prodotto\/labo-life-2lveru","name":"Labo Life 2LVERU &#187; Lion Pharmacy >> ordina qui","isPartOf":{"@id":"https:\/\/lions-pharmacy.com\/it#website"},"primaryImageOfPage":{"@id":"https:\/\/lions-pharmacy.com\/it\/prodotto\/labo-life-2lveru#primaryimage"},"image":{"@id":"https:\/\/lions-pharmacy.com\/it\/prodotto\/labo-life-2lveru#primaryimage"},"thumbnailUrl":"https:\/\/lions-pharmacy.com\/wp-content\/uploads\/2024\/02\/Labo-Life-2LVERU-Lions-Pharmacy-2L-VERU-micro-immotherapy.webp","datePublished":"2024-02-14T21:47:15+00:00","dateModified":"2025-11-29T22:34:37+00:00","description":"Farmacia online tedesca registrata | Spedizioni internazionali veloci | Pagamento Sicuro | Scopri di pi\u00f9 sulla microimmunoterapia | Labo Life 2LVERU","breadcrumb":{"@id":"https:\/\/lions-pharmacy.com\/it\/prodotto\/labo-life-2lveru#breadcrumb"},"inLanguage":"it-IT","potentialAction":[{"@type":"ReadAction","target":["https:\/\/lions-pharmacy.com\/it\/prodotto\/labo-life-2lveru"]}]},{"@type":"ImageObject","inLanguage":"it-IT","@id":"https:\/\/lions-pharmacy.com\/it\/prodotto\/labo-life-2lveru#primaryimage","url":"https:\/\/lions-pharmacy.com\/wp-content\/uploads\/2024\/02\/Labo-Life-2LVERU-Lions-Pharmacy-2L-VERU-micro-immotherapy.webp","contentUrl":"https:\/\/lions-pharmacy.com\/wp-content\/uploads\/2024\/02\/Labo-Life-2LVERU-Lions-Pharmacy-2L-VERU-micro-immotherapy.webp","width":600,"height":600,"caption":"Labo Life 2LVERU Lions Farmacia 2L VERU micro immoterapia"},{"@type":"BreadcrumbList","@id":"https:\/\/lions-pharmacy.com\/it\/prodotto\/labo-life-2lveru#breadcrumb","itemListElement":[{"@type":"ListItem","position":1,"name":"Home","item":"https:\/\/lions-pharmacy.com\/it\/homepage-lion-pharmacy"},{"@type":"ListItem","position":2,"name":"Shop","item":"https:\/\/lions-pharmacy.com\/it\/negozio"},{"@type":"ListItem","position":3,"name":"Labo Life 2LVERU"}]},{"@type":"WebSite","@id":"https:\/\/lions-pharmacy.com\/it#website","url":"https:\/\/lions-pharmacy.com\/it","name":"Lions Pharmacy","description":"Farmacia specializzata in naturopatia di Baden-Baden, Germania","publisher":{"@id":"https:\/\/lions-pharmacy.com\/it#organization"},"alternateName":"Lion Pharmacy","potentialAction":[{"@type":"SearchAction","target":{"@type":"EntryPoint","urlTemplate":"https:\/\/lions-pharmacy.com\/it?s={search_term_string}"},"query-input":{"@type":"PropertyValueSpecification","valueRequired":true,"valueName":"search_term_string"}}],"inLanguage":"it-IT"},{"@type":"Organization","@id":"https:\/\/lions-pharmacy.com\/it#organization","name":"Lions Pharmacy","alternateName":"Lions Pharmacy24","url":"https:\/\/lions-pharmacy.com\/it","logo":{"@type":"ImageObject","inLanguage":"it-IT","@id":"https:\/\/lions-pharmacy.com\/it#\/schema\/logo\/image\/","url":"https:\/\/lions-pharmacy.com\/wp-content\/uploads\/2022\/12\/Logo-Lion-Pharmacy-c-o-Loewen-Apotheke-smal.jpg","contentUrl":"https:\/\/lions-pharmacy.com\/wp-content\/uploads\/2022\/12\/Logo-Lion-Pharmacy-c-o-Loewen-Apotheke-smal.jpg","width":298,"height":99,"caption":"Lions Pharmacy"},"image":{"@id":"https:\/\/lions-pharmacy.com\/it#\/schema\/logo\/image\/"}}]}},"_links":{"self":[{"href":"https:\/\/lions-pharmacy.com\/it\/wp-json\/wp\/v2\/product\/3484","targetHints":{"allow":["GET"]}}],"collection":[{"href":"https:\/\/lions-pharmacy.com\/it\/wp-json\/wp\/v2\/product"}],"about":[{"href":"https:\/\/lions-pharmacy.com\/it\/wp-json\/wp\/v2\/types\/product"}],"replies":[{"embeddable":true,"href":"https:\/\/lions-pharmacy.com\/it\/wp-json\/wp\/v2\/comments?post=3484"}],"wp:featuredmedia":[{"embeddable":true,"href":"https:\/\/lions-pharmacy.com\/it\/wp-json\/wp\/v2\/media\/3490"}],"wp:attachment":[{"href":"https:\/\/lions-pharmacy.com\/it\/wp-json\/wp\/v2\/media?parent=3484"}],"wp:term":[{"taxonomy":"product_brand","embeddable":true,"href":"https:\/\/lions-pharmacy.com\/it\/wp-json\/wp\/v2\/product_brand?post=3484"},{"taxonomy":"product_cat","embeddable":true,"href":"https:\/\/lions-pharmacy.com\/it\/wp-json\/wp\/v2\/product_cat?post=3484"},{"taxonomy":"product_tag","embeddable":true,"href":"https:\/\/lions-pharmacy.com\/it\/wp-json\/wp\/v2\/product_tag?post=3484"}],"curies":[{"name":"wp","href":"https:\/\/api.w.org\/{rel}","templated":true}]}}