{"id":2969,"date":"2024-01-16T08:39:26","date_gmt":"2024-01-16T07:39:26","guid":{"rendered":"https:\/\/lions-pharmacy.com\/?post_type=product&#038;p=2969"},"modified":"2025-01-25T13:16:55","modified_gmt":"2025-01-25T12:16:55","slug":"itires-spag-peka-n-100ml","status":"publish","type":"product","link":"https:\/\/lions-pharmacy.com\/it\/prodotto\/itires-spag-peka-n-100ml","title":{"rendered":"Itires spag. Peka N gocce 100ml"},"content":{"rendered":"<h3>Itires spag. Peka N gocce<\/h3>\n<p>Itires spag. Peka N gocce &#8211; medicinale omeopatico registrato, quindi senza indicazione terapeutica. Se i sintomi persistono durante l&#8217;uso, consultare un medico.<\/p>\n<p>PEKANA Naturheilmittel GmbH pone i massimi requisiti sui suoi prodotti, sia nella selezione che nella lavorazione delle materie prime. Prodotti di alta qualit\u00e0 su base naturale \u2013 questo \u00e8 ci\u00f2 in cui siamo specializzati.<\/p>\n<p>\u2013 Rigorosa selezione delle materie prime<\/p>\n<p>\u2013 Metodi di produzione delicati e naturali<\/p>\n<p>\u2013 Rinuncia completa agli ingredienti animali<\/p>\n<p>\u2013 Combinazione naturale ed equilibrata delle singole sostanze vegetali<\/p>\n<p>Altri prodotti per l&#8217;applicazione: <a href=\"https:\/\/lions-pharmacy.com\/product-tag\/vitamins-supplements\">Vitamine e integratori Prodotti<\/a><br \/>\nUlteriori informazioni sul manufactorer e su questo prodotto: <a href=\"https:\/\/www.pekana.com\/en-EN\/\" target=\"_blank\" rel=\"noopener\">PEKANA Naturheilmittel GmbH<\/a> (link al sito esterno)<\/p>\n<p>Le informazioni contenute in questo sito web sono fornite solo a scopo informativo. Non sostituiscono in alcun modo la visita e il trattamento da parte di un medico. Ci\u00f2 significa che non \u00e8 possibile n\u00e9 fare diagnosi n\u00e9 iniziare terapie.<\/p>\n<p>Per i rischi e gli effetti collaterali, leggere il foglio illustrativo e rivolgersi al medico o al farmacista.<\/p>\n","protected":false},"excerpt":{"rendered":"<h2>Itires spag. Peka N gocce<\/h2>\n<p>medicinale omeopatico registrato.<\/p>\n<p>&nbsp;<\/p>\n<p>PZN: 03796353 (Numero Centrale Farmaceutica)<\/p>\n<p>Forma di dosaggio: gocce<\/p>\n<p>Tipo di prescrizione: senza prescrizione<\/p>\n<p>Marchio: Peka<\/p>\n<p>Produttore: PEKANA Naturheilmittel GmbH<\/p>\n<p>Formato dell&#8217;imballaggio: 100ml<\/p>\n","protected":false},"featured_media":2975,"comment_status":"closed","ping_status":"closed","template":"","meta":[],"product_brand":[],"product_cat":[343,124,115],"product_tag":[310],"class_list":{"0":"post-2969","1":"product","2":"type-product","3":"status-publish","4":"has-post-thumbnail","6":"product_cat-pekana-","7":"product_cat-sale-it","8":"product_cat-non-categorizzato","9":"product_tag-vendita-mensile","10":"ts_product_brand-all-it","11":"ts_product_brand-pekana-it","13":"first","14":"instock","15":"sale","16":"taxable","17":"shipping-taxable","18":"purchasable","19":"product-type-simple"},"yoast_head":"<!-- This site is optimized with the Yoast SEO plugin v26.5 - https:\/\/yoast.com\/wordpress\/plugins\/seo\/ -->\n<title>Itires spag. Peka N gocce 100ml &#187; Lion Pharmacy &#187; skincare<\/title>\n<meta name=\"description\" content=\"Farmacia online tedesca registrata. Spedizione internazionale veloce, acquisti online sicuri. Medicinale omeopatico Pekana: Itires spag. Peka N gocce 100ml\" \/>\n<meta name=\"robots\" content=\"index, follow, max-snippet:-1, max-image-preview:large, max-video-preview:-1\" \/>\n<link rel=\"canonical\" href=\"https:\/\/lions-pharmacy.com\/it\/prodotto\/itires-spag-peka-n-100ml\" \/>\n<meta property=\"og:locale\" content=\"it_IT\" \/>\n<meta property=\"og:type\" content=\"article\" \/>\n<meta property=\"og:title\" content=\"Itires spag. Peka N gocce 100ml &#187; Lion Pharmacy &#187; skincare\" \/>\n<meta property=\"og:description\" content=\"Farmacia online tedesca registrata. Spedizione internazionale veloce, acquisti online sicuri. Medicinale omeopatico Pekana: Itires spag. Peka N gocce 100ml\" \/>\n<meta property=\"og:url\" content=\"https:\/\/lions-pharmacy.com\/it\/prodotto\/itires-spag-peka-n-100ml\" \/>\n<meta property=\"og:site_name\" content=\"Lion Pharmacy\" \/>\n<meta property=\"article:modified_time\" content=\"2025-01-25T12:16:55+00:00\" \/>\n<meta property=\"og:image\" content=\"https:\/\/lions-pharmacy.com\/wp-content\/uploads\/2024\/01\/Itires-spag.-Peka-N-Tropfen-100ml-Pekana-Lowen-Apotheke-Lions-Pharmacy-.webp\" \/>\n\t<meta property=\"og:image:width\" content=\"600\" \/>\n\t<meta property=\"og:image:height\" content=\"600\" \/>\n\t<meta property=\"og:image:type\" content=\"image\/webp\" \/>\n<meta name=\"twitter:card\" content=\"summary_large_image\" \/>\n<meta name=\"twitter:label1\" content=\"Tempo di lettura stimato\" \/>\n\t<meta name=\"twitter:data1\" content=\"1 minuto\" \/>\n<script type=\"application\/ld+json\" class=\"yoast-schema-graph\">{\"@context\":\"https:\/\/schema.org\",\"@graph\":[{\"@type\":\"WebPage\",\"@id\":\"https:\/\/lions-pharmacy.com\/it\/prodotto\/itires-spag-peka-n-100ml\",\"url\":\"https:\/\/lions-pharmacy.com\/it\/prodotto\/itires-spag-peka-n-100ml\",\"name\":\"Itires spag. Peka N gocce 100ml &#187; Lion Pharmacy &#187; skincare\",\"isPartOf\":{\"@id\":\"https:\/\/lions-pharmacy.com\/it#website\"},\"primaryImageOfPage\":{\"@id\":\"https:\/\/lions-pharmacy.com\/it\/prodotto\/itires-spag-peka-n-100ml#primaryimage\"},\"image\":{\"@id\":\"https:\/\/lions-pharmacy.com\/it\/prodotto\/itires-spag-peka-n-100ml#primaryimage\"},\"thumbnailUrl\":\"https:\/\/lions-pharmacy.com\/wp-content\/uploads\/2024\/01\/Itires-spag.-Peka-N-Tropfen-100ml-Pekana-Lowen-Apotheke-Lions-Pharmacy-.webp\",\"datePublished\":\"2024-01-16T07:39:26+00:00\",\"dateModified\":\"2025-01-25T12:16:55+00:00\",\"description\":\"Farmacia online tedesca registrata. Spedizione internazionale veloce, acquisti online sicuri. Medicinale omeopatico Pekana: Itires spag. Peka N gocce 100ml\",\"breadcrumb\":{\"@id\":\"https:\/\/lions-pharmacy.com\/it\/prodotto\/itires-spag-peka-n-100ml#breadcrumb\"},\"inLanguage\":\"it-IT\",\"potentialAction\":[{\"@type\":\"ReadAction\",\"target\":[\"https:\/\/lions-pharmacy.com\/it\/prodotto\/itires-spag-peka-n-100ml\"]}]},{\"@type\":\"ImageObject\",\"inLanguage\":\"it-IT\",\"@id\":\"https:\/\/lions-pharmacy.com\/it\/prodotto\/itires-spag-peka-n-100ml#primaryimage\",\"url\":\"https:\/\/lions-pharmacy.com\/wp-content\/uploads\/2024\/01\/Itires-spag.-Peka-N-Tropfen-100ml-Pekana-Lowen-Apotheke-Lions-Pharmacy-.webp\",\"contentUrl\":\"https:\/\/lions-pharmacy.com\/wp-content\/uploads\/2024\/01\/Itires-spag.-Peka-N-Tropfen-100ml-Pekana-Lowen-Apotheke-Lions-Pharmacy-.webp\",\"width\":600,\"height\":600,\"caption\":\"Itires spag. Peka N gocce 100ml, Pekana, L\u00f6wen Apotheke, Farmacia Lions\"},{\"@type\":\"BreadcrumbList\",\"@id\":\"https:\/\/lions-pharmacy.com\/it\/prodotto\/itires-spag-peka-n-100ml#breadcrumb\",\"itemListElement\":[{\"@type\":\"ListItem\",\"position\":1,\"name\":\"Home\",\"item\":\"https:\/\/lions-pharmacy.com\/it\/homepage-lion-pharmacy\"},{\"@type\":\"ListItem\",\"position\":2,\"name\":\"Shop\",\"item\":\"https:\/\/lions-pharmacy.com\/it\/negozio\"},{\"@type\":\"ListItem\",\"position\":3,\"name\":\"Itires spag. Peka N gocce 100ml\"}]},{\"@type\":\"WebSite\",\"@id\":\"https:\/\/lions-pharmacy.com\/it#website\",\"url\":\"https:\/\/lions-pharmacy.com\/it\",\"name\":\"Lions Pharmacy\",\"description\":\"Farmacia specializzata in naturopatia di Baden-Baden, Germania\",\"publisher\":{\"@id\":\"https:\/\/lions-pharmacy.com\/it#organization\"},\"alternateName\":\"Lion Pharmacy\",\"potentialAction\":[{\"@type\":\"SearchAction\",\"target\":{\"@type\":\"EntryPoint\",\"urlTemplate\":\"https:\/\/lions-pharmacy.com\/it?s={search_term_string}\"},\"query-input\":{\"@type\":\"PropertyValueSpecification\",\"valueRequired\":true,\"valueName\":\"search_term_string\"}}],\"inLanguage\":\"it-IT\"},{\"@type\":\"Organization\",\"@id\":\"https:\/\/lions-pharmacy.com\/it#organization\",\"name\":\"Lions Pharmacy\",\"alternateName\":\"Lions Pharmacy24\",\"url\":\"https:\/\/lions-pharmacy.com\/it\",\"logo\":{\"@type\":\"ImageObject\",\"inLanguage\":\"it-IT\",\"@id\":\"https:\/\/lions-pharmacy.com\/it#\/schema\/logo\/image\/\",\"url\":\"https:\/\/lions-pharmacy.com\/wp-content\/uploads\/2022\/12\/Logo-Lion-Pharmacy-c-o-Loewen-Apotheke-smal.jpg\",\"contentUrl\":\"https:\/\/lions-pharmacy.com\/wp-content\/uploads\/2022\/12\/Logo-Lion-Pharmacy-c-o-Loewen-Apotheke-smal.jpg\",\"width\":298,\"height\":99,\"caption\":\"Lions Pharmacy\"},\"image\":{\"@id\":\"https:\/\/lions-pharmacy.com\/it#\/schema\/logo\/image\/\"}}]}<\/script>\n<!-- \/ Yoast SEO plugin. -->","yoast_head_json":{"title":"Itires spag. Peka N gocce 100ml &#187; Lion Pharmacy &#187; skincare","description":"Farmacia online tedesca registrata. Spedizione internazionale veloce, acquisti online sicuri. Medicinale omeopatico Pekana: Itires spag. Peka N gocce 100ml","robots":{"index":"index","follow":"follow","max-snippet":"max-snippet:-1","max-image-preview":"max-image-preview:large","max-video-preview":"max-video-preview:-1"},"canonical":"https:\/\/lions-pharmacy.com\/it\/prodotto\/itires-spag-peka-n-100ml","og_locale":"it_IT","og_type":"article","og_title":"Itires spag. Peka N gocce 100ml &#187; Lion Pharmacy &#187; skincare","og_description":"Farmacia online tedesca registrata. Spedizione internazionale veloce, acquisti online sicuri. Medicinale omeopatico Pekana: Itires spag. Peka N gocce 100ml","og_url":"https:\/\/lions-pharmacy.com\/it\/prodotto\/itires-spag-peka-n-100ml","og_site_name":"Lion Pharmacy","article_modified_time":"2025-01-25T12:16:55+00:00","og_image":[{"width":600,"height":600,"url":"https:\/\/lions-pharmacy.com\/wp-content\/uploads\/2024\/01\/Itires-spag.-Peka-N-Tropfen-100ml-Pekana-Lowen-Apotheke-Lions-Pharmacy-.webp","type":"image\/webp"}],"twitter_card":"summary_large_image","twitter_misc":{"Tempo di lettura stimato":"1 minuto"},"schema":{"@context":"https:\/\/schema.org","@graph":[{"@type":"WebPage","@id":"https:\/\/lions-pharmacy.com\/it\/prodotto\/itires-spag-peka-n-100ml","url":"https:\/\/lions-pharmacy.com\/it\/prodotto\/itires-spag-peka-n-100ml","name":"Itires spag. Peka N gocce 100ml &#187; Lion Pharmacy &#187; skincare","isPartOf":{"@id":"https:\/\/lions-pharmacy.com\/it#website"},"primaryImageOfPage":{"@id":"https:\/\/lions-pharmacy.com\/it\/prodotto\/itires-spag-peka-n-100ml#primaryimage"},"image":{"@id":"https:\/\/lions-pharmacy.com\/it\/prodotto\/itires-spag-peka-n-100ml#primaryimage"},"thumbnailUrl":"https:\/\/lions-pharmacy.com\/wp-content\/uploads\/2024\/01\/Itires-spag.-Peka-N-Tropfen-100ml-Pekana-Lowen-Apotheke-Lions-Pharmacy-.webp","datePublished":"2024-01-16T07:39:26+00:00","dateModified":"2025-01-25T12:16:55+00:00","description":"Farmacia online tedesca registrata. Spedizione internazionale veloce, acquisti online sicuri. Medicinale omeopatico Pekana: Itires spag. Peka N gocce 100ml","breadcrumb":{"@id":"https:\/\/lions-pharmacy.com\/it\/prodotto\/itires-spag-peka-n-100ml#breadcrumb"},"inLanguage":"it-IT","potentialAction":[{"@type":"ReadAction","target":["https:\/\/lions-pharmacy.com\/it\/prodotto\/itires-spag-peka-n-100ml"]}]},{"@type":"ImageObject","inLanguage":"it-IT","@id":"https:\/\/lions-pharmacy.com\/it\/prodotto\/itires-spag-peka-n-100ml#primaryimage","url":"https:\/\/lions-pharmacy.com\/wp-content\/uploads\/2024\/01\/Itires-spag.-Peka-N-Tropfen-100ml-Pekana-Lowen-Apotheke-Lions-Pharmacy-.webp","contentUrl":"https:\/\/lions-pharmacy.com\/wp-content\/uploads\/2024\/01\/Itires-spag.-Peka-N-Tropfen-100ml-Pekana-Lowen-Apotheke-Lions-Pharmacy-.webp","width":600,"height":600,"caption":"Itires spag. Peka N gocce 100ml, Pekana, L\u00f6wen Apotheke, Farmacia Lions"},{"@type":"BreadcrumbList","@id":"https:\/\/lions-pharmacy.com\/it\/prodotto\/itires-spag-peka-n-100ml#breadcrumb","itemListElement":[{"@type":"ListItem","position":1,"name":"Home","item":"https:\/\/lions-pharmacy.com\/it\/homepage-lion-pharmacy"},{"@type":"ListItem","position":2,"name":"Shop","item":"https:\/\/lions-pharmacy.com\/it\/negozio"},{"@type":"ListItem","position":3,"name":"Itires spag. Peka N gocce 100ml"}]},{"@type":"WebSite","@id":"https:\/\/lions-pharmacy.com\/it#website","url":"https:\/\/lions-pharmacy.com\/it","name":"Lions Pharmacy","description":"Farmacia specializzata in naturopatia di Baden-Baden, Germania","publisher":{"@id":"https:\/\/lions-pharmacy.com\/it#organization"},"alternateName":"Lion Pharmacy","potentialAction":[{"@type":"SearchAction","target":{"@type":"EntryPoint","urlTemplate":"https:\/\/lions-pharmacy.com\/it?s={search_term_string}"},"query-input":{"@type":"PropertyValueSpecification","valueRequired":true,"valueName":"search_term_string"}}],"inLanguage":"it-IT"},{"@type":"Organization","@id":"https:\/\/lions-pharmacy.com\/it#organization","name":"Lions Pharmacy","alternateName":"Lions Pharmacy24","url":"https:\/\/lions-pharmacy.com\/it","logo":{"@type":"ImageObject","inLanguage":"it-IT","@id":"https:\/\/lions-pharmacy.com\/it#\/schema\/logo\/image\/","url":"https:\/\/lions-pharmacy.com\/wp-content\/uploads\/2022\/12\/Logo-Lion-Pharmacy-c-o-Loewen-Apotheke-smal.jpg","contentUrl":"https:\/\/lions-pharmacy.com\/wp-content\/uploads\/2022\/12\/Logo-Lion-Pharmacy-c-o-Loewen-Apotheke-smal.jpg","width":298,"height":99,"caption":"Lions Pharmacy"},"image":{"@id":"https:\/\/lions-pharmacy.com\/it#\/schema\/logo\/image\/"}}]}},"_links":{"self":[{"href":"https:\/\/lions-pharmacy.com\/it\/wp-json\/wp\/v2\/product\/2969","targetHints":{"allow":["GET"]}}],"collection":[{"href":"https:\/\/lions-pharmacy.com\/it\/wp-json\/wp\/v2\/product"}],"about":[{"href":"https:\/\/lions-pharmacy.com\/it\/wp-json\/wp\/v2\/types\/product"}],"replies":[{"embeddable":true,"href":"https:\/\/lions-pharmacy.com\/it\/wp-json\/wp\/v2\/comments?post=2969"}],"wp:featuredmedia":[{"embeddable":true,"href":"https:\/\/lions-pharmacy.com\/it\/wp-json\/wp\/v2\/media\/2975"}],"wp:attachment":[{"href":"https:\/\/lions-pharmacy.com\/it\/wp-json\/wp\/v2\/media?parent=2969"}],"wp:term":[{"taxonomy":"product_brand","embeddable":true,"href":"https:\/\/lions-pharmacy.com\/it\/wp-json\/wp\/v2\/product_brand?post=2969"},{"taxonomy":"product_cat","embeddable":true,"href":"https:\/\/lions-pharmacy.com\/it\/wp-json\/wp\/v2\/product_cat?post=2969"},{"taxonomy":"product_tag","embeddable":true,"href":"https:\/\/lions-pharmacy.com\/it\/wp-json\/wp\/v2\/product_tag?post=2969"}],"curies":[{"name":"wp","href":"https:\/\/api.w.org\/{rel}","templated":true}]}}