{"id":22158,"date":"2026-03-29T07:03:36","date_gmt":"2026-03-29T06:03:36","guid":{"rendered":"https:\/\/lions-pharmacy.com\/?post_type=product&#038;p=22158"},"modified":"2026-04-14T15:01:53","modified_gmt":"2026-04-14T14:01:53","slug":"zinzino-essent-premium","status":"publish","type":"product","link":"https:\/\/lions-pharmacy.com\/it\/prodotto\/zinzino-essent-premium","title":{"rendered":"ZINZINO Essent+ Premium (60 pezzi)"},"content":{"rendered":"<h3>ZINZINO Essent+ Premium<\/h3>\n<p>ZINZINO Essent+ Premium sono softgel facili da deglutire con una quantit\u00e0 di antiossidanti bioattivi 4 volte superiore. Un&#8217;eccezionale miscela completamente naturale di puro olio di pesce, ricco di acidi grassi omega-3 EPA + DHA, e del nostro esclusivo ed efficacissimo olio extravergine di oliva (R.E.V.O.O) consente un assorbimento degli omega-3 e una protezione degli acidi grassi senza pari.<\/p>\n<p>Aree di applicazione: occhi, cuore e funzione circolatoria, sistema immunitario, mancanza di concentrazione, vitalit\u00e0.<\/p>\n<p>Ingredienti: Oli di pesce*, involucro della capsula (gelatina di pesce, glicerina, colorante (complessi di rame delle clorofilline)), olio extravergine di oliva spremuto a freddo, addensante (cera d&#8217;api), cacao in polvere, emulsionante (lecitina di colza), estratto di oliva (Olea europaea), vitamina D3 (colecalciferolo). *Origine: Non UE<\/p>\n<p>Indicazioni: Informazioni nutrizionali e contenuto di: 2 capsule softgel 3 capsule softgel<\/p>\n<p>Olio di pesce 1600 mg 2400 mg<br \/>\nAcidi grassi Omega-3 1120 mg 1680 mg<br \/>\ndi cui EPA 720 mg 1080 mg<br \/>\ndi cui DHA 400 mg 600 mg<br \/>\nOlio d&#8217;oliva 340 mg 510 mg<br \/>\nAcido oleico (Omega-9) 255 mg 383 mg<br \/>\nPolifenoli 18,3 mg 27,4 mg<br \/>\ndi cui Idrossitirosolo 5,8 mg 8,7 mg<br \/>\nSqualene 1,3 mg 1,9 mg<br \/>\nVitamina D3<br \/>\n(250%*, 400%** di RI*)<br \/>\n13,4 \u00b5g* 20,1 \u00b5g**<br \/>\n*RI = Assunzione di Riferimento<\/p>\n<p>Foglio illustrativo e informazioni sugli alimenti (PDF): &#8211;<\/p>\n<p>Per saperne di pi\u00f9 sul produttore e su questo prodotto: <a href=\"https:\/\/www.zinzino.com\/shop\/2020670485\/DE\/de-DE\/products\/shop\" target=\"_blank\" rel=\"noopener\">Zinzino<\/a> (link a sito esterno)<\/p>\n<p>Le informazioni contenute in questo sito web sono fornite solo a scopo informativo. Non sostituiscono in alcun modo la visita e il trattamento da parte di un medico. Ci\u00f2 significa che non \u00e8 possibile n\u00e9 fare diagnosi n\u00e9 iniziare terapie. Importazione singola &#8211; Importiamo questo medicinale per te. Questo comporta tempi di consegna pi\u00f9 lunghi. Sono escluse le restituzioni per le singole importazioni.<\/p>\n<p>Per i rischi e gli effetti collaterali, leggere il foglio illustrativo e rivolgersi al medico o al farmacista.<\/p>\n<h3>Il consiglio dell&#8217;esperto in farmacia:<\/h3>\n<p>Il nostro farmacista consiglia i seguenti prodotti per la longevit\u00e0, la concentrazione e lo stress: <a href=\"https:\/\/lions-pharmacy.com\/it\/prodotto\/zinzino-balanceoil-premium-300-ml-5905997895026\">BalanceOil+ Premium<\/a> &#8211; di provata e specifica efficacia.<\/p>\n","protected":false},"excerpt":{"rendered":"<h2>ZINZINO Essent+ Premium<\/h2>\n<p>miscela naturale di puro olio di pesce, ricco di acidi grassi omega-3 EPA + DHA, olio extravergine di oliva (R.E.V.O.O) altamente efficace<\/p>\n<p>&nbsp;<\/p>\n<p><strong>PZN<\/strong> (Pharma Central Number): &#8211;<br \/>\n<strong>Forma di dosaggio<\/strong>: capsule softgel<br \/>\n<strong>Tipo di prescrizione: senza prescrizione<\/strong><br \/>\n<strong>Marchio<\/strong>: Zinzino<br \/>\n<strong>Produttore<\/strong>: Zinzino AB, Gotenbourg, Svezia.<br \/>\n<strong>Dimensione della confezione<\/strong>: 60 pezzi.<\/p>\n","protected":false},"featured_media":22168,"comment_status":"closed","ping_status":"closed","template":"","meta":[],"product_brand":[905],"product_cat":[124,115],"product_tag":[298,269,271,482,514,480,268],"class_list":{"0":"post-22158","1":"product","2":"type-product","3":"status-publish","4":"has-post-thumbnail","6":"product_brand-zinzino","7":"product_cat-sale-it","8":"product_cat-non-categorizzato","9":"product_tag-concentrazione-e-stress","10":"product_tag-gestione-del-peso","11":"product_tag-peso-e-forma-fisica","12":"product_tag-principio-attivo-a-base-di-erbe","13":"product_tag-principio-attivo-di-origine-vegetale","14":"product_tag-rimedi-naturali","15":"product_tag-vitamine-e-integratori","16":"ts_product_brand-all-it","18":"first","19":"instock","20":"taxable","21":"shipping-taxable","22":"purchasable","23":"product-type-simple"},"yoast_head":"<!-- This site is optimized with the Yoast SEO plugin v26.5 - https:\/\/yoast.com\/wordpress\/plugins\/seo\/ -->\n<title>ZINZINO Essent+ Premium (60 pezzi) &#187;<\/title>\n<meta name=\"description\" content=\"Tabs Omega-3 softgels con pi\u00f9 antiossidanti bioattivi. Scopri di pi\u00f9 su ZINZINO Essent+ Premium (60 pezzi). Ti offriamo: Spedizione veloce e acquisti sicuri online.\" \/>\n<meta name=\"robots\" content=\"index, follow, max-snippet:-1, max-image-preview:large, max-video-preview:-1\" \/>\n<link rel=\"canonical\" href=\"https:\/\/lions-pharmacy.com\/it\/prodotto\/zinzino-essent-premium\" \/>\n<meta property=\"og:locale\" content=\"it_IT\" \/>\n<meta property=\"og:type\" content=\"article\" \/>\n<meta property=\"og:title\" content=\"ZINZINO Essent+ Premium (60 pezzi) &#187;\" \/>\n<meta property=\"og:description\" content=\"Tabs Omega-3 softgels con pi\u00f9 antiossidanti bioattivi. Scopri di pi\u00f9 su ZINZINO Essent+ Premium (60 pezzi). Ti offriamo: Spedizione veloce e acquisti sicuri online.\" \/>\n<meta property=\"og:url\" content=\"https:\/\/lions-pharmacy.com\/it\/prodotto\/zinzino-essent-premium\" \/>\n<meta property=\"og:site_name\" content=\"Lion Pharmacy\" \/>\n<meta property=\"article:modified_time\" content=\"2026-04-14T14:01:53+00:00\" \/>\n<meta property=\"og:image\" content=\"https:\/\/lions-pharmacy.com\/wp-content\/uploads\/2026\/03\/Zinzino-Essent-Premium-Pharmacy-Lions-Pharmacy-1.webp\" \/>\n\t<meta property=\"og:image:width\" content=\"600\" \/>\n\t<meta property=\"og:image:height\" content=\"600\" \/>\n\t<meta property=\"og:image:type\" content=\"image\/webp\" \/>\n<meta name=\"twitter:card\" content=\"summary_large_image\" \/>\n<meta name=\"twitter:label1\" content=\"Tempo di lettura stimato\" \/>\n\t<meta name=\"twitter:data1\" content=\"2 minuti\" \/>\n<script type=\"application\/ld+json\" class=\"yoast-schema-graph\">{\"@context\":\"https:\/\/schema.org\",\"@graph\":[{\"@type\":\"WebPage\",\"@id\":\"https:\/\/lions-pharmacy.com\/it\/prodotto\/zinzino-essent-premium\",\"url\":\"https:\/\/lions-pharmacy.com\/it\/prodotto\/zinzino-essent-premium\",\"name\":\"ZINZINO Essent+ Premium (60 pezzi) &#187;\",\"isPartOf\":{\"@id\":\"https:\/\/lions-pharmacy.com\/it#website\"},\"primaryImageOfPage\":{\"@id\":\"https:\/\/lions-pharmacy.com\/it\/prodotto\/zinzino-essent-premium#primaryimage\"},\"image\":{\"@id\":\"https:\/\/lions-pharmacy.com\/it\/prodotto\/zinzino-essent-premium#primaryimage\"},\"thumbnailUrl\":\"https:\/\/lions-pharmacy.com\/wp-content\/uploads\/2026\/03\/Zinzino-Essent-Premium-Pharmacy-Lions-Pharmacy-1.webp\",\"datePublished\":\"2026-03-29T06:03:36+00:00\",\"dateModified\":\"2026-04-14T14:01:53+00:00\",\"description\":\"Tabs Omega-3 softgels con pi\u00f9 antiossidanti bioattivi. Scopri di pi\u00f9 su ZINZINO Essent+ Premium (60 pezzi). Ti offriamo: Spedizione veloce e acquisti sicuri online.\",\"breadcrumb\":{\"@id\":\"https:\/\/lions-pharmacy.com\/it\/prodotto\/zinzino-essent-premium#breadcrumb\"},\"inLanguage\":\"it-IT\",\"potentialAction\":[{\"@type\":\"ReadAction\",\"target\":[\"https:\/\/lions-pharmacy.com\/it\/prodotto\/zinzino-essent-premium\"]}]},{\"@type\":\"ImageObject\",\"inLanguage\":\"it-IT\",\"@id\":\"https:\/\/lions-pharmacy.com\/it\/prodotto\/zinzino-essent-premium#primaryimage\",\"url\":\"https:\/\/lions-pharmacy.com\/wp-content\/uploads\/2026\/03\/Zinzino-Essent-Premium-Pharmacy-Lions-Pharmacy-1.webp\",\"contentUrl\":\"https:\/\/lions-pharmacy.com\/wp-content\/uploads\/2026\/03\/Zinzino-Essent-Premium-Pharmacy-Lions-Pharmacy-1.webp\",\"width\":600,\"height\":600,\"caption\":\"Zinzino-Essent+ Premium, Farmacia, Farmacia Lions\"},{\"@type\":\"BreadcrumbList\",\"@id\":\"https:\/\/lions-pharmacy.com\/it\/prodotto\/zinzino-essent-premium#breadcrumb\",\"itemListElement\":[{\"@type\":\"ListItem\",\"position\":1,\"name\":\"Home\",\"item\":\"https:\/\/lions-pharmacy.com\/it\/homepage-lion-pharmacy\"},{\"@type\":\"ListItem\",\"position\":2,\"name\":\"Shop\",\"item\":\"https:\/\/lions-pharmacy.com\/it\/negozio\"},{\"@type\":\"ListItem\",\"position\":3,\"name\":\"ZINZINO Essent+ Premium (60 pezzi)\"}]},{\"@type\":\"WebSite\",\"@id\":\"https:\/\/lions-pharmacy.com\/it#website\",\"url\":\"https:\/\/lions-pharmacy.com\/it\",\"name\":\"Lions Pharmacy\",\"description\":\"Farmacia specializzata in naturopatia di Baden-Baden, Germania\",\"publisher\":{\"@id\":\"https:\/\/lions-pharmacy.com\/it#organization\"},\"alternateName\":\"Lion Pharmacy\",\"potentialAction\":[{\"@type\":\"SearchAction\",\"target\":{\"@type\":\"EntryPoint\",\"urlTemplate\":\"https:\/\/lions-pharmacy.com\/it?s={search_term_string}\"},\"query-input\":{\"@type\":\"PropertyValueSpecification\",\"valueRequired\":true,\"valueName\":\"search_term_string\"}}],\"inLanguage\":\"it-IT\"},{\"@type\":\"Organization\",\"@id\":\"https:\/\/lions-pharmacy.com\/it#organization\",\"name\":\"Lions Pharmacy\",\"alternateName\":\"Lions Pharmacy24\",\"url\":\"https:\/\/lions-pharmacy.com\/it\",\"logo\":{\"@type\":\"ImageObject\",\"inLanguage\":\"it-IT\",\"@id\":\"https:\/\/lions-pharmacy.com\/it#\/schema\/logo\/image\/\",\"url\":\"https:\/\/lions-pharmacy.com\/wp-content\/uploads\/2022\/12\/Logo-Lion-Pharmacy-c-o-Loewen-Apotheke-smal.jpg\",\"contentUrl\":\"https:\/\/lions-pharmacy.com\/wp-content\/uploads\/2022\/12\/Logo-Lion-Pharmacy-c-o-Loewen-Apotheke-smal.jpg\",\"width\":298,\"height\":99,\"caption\":\"Lions Pharmacy\"},\"image\":{\"@id\":\"https:\/\/lions-pharmacy.com\/it#\/schema\/logo\/image\/\"}}]}<\/script>\n<!-- \/ Yoast SEO plugin. -->","yoast_head_json":{"title":"ZINZINO Essent+ Premium (60 pezzi) &#187;","description":"Tabs Omega-3 softgels con pi\u00f9 antiossidanti bioattivi. Scopri di pi\u00f9 su ZINZINO Essent+ Premium (60 pezzi). Ti offriamo: Spedizione veloce e acquisti sicuri online.","robots":{"index":"index","follow":"follow","max-snippet":"max-snippet:-1","max-image-preview":"max-image-preview:large","max-video-preview":"max-video-preview:-1"},"canonical":"https:\/\/lions-pharmacy.com\/it\/prodotto\/zinzino-essent-premium","og_locale":"it_IT","og_type":"article","og_title":"ZINZINO Essent+ Premium (60 pezzi) &#187;","og_description":"Tabs Omega-3 softgels con pi\u00f9 antiossidanti bioattivi. Scopri di pi\u00f9 su ZINZINO Essent+ Premium (60 pezzi). Ti offriamo: Spedizione veloce e acquisti sicuri online.","og_url":"https:\/\/lions-pharmacy.com\/it\/prodotto\/zinzino-essent-premium","og_site_name":"Lion Pharmacy","article_modified_time":"2026-04-14T14:01:53+00:00","og_image":[{"width":600,"height":600,"url":"https:\/\/lions-pharmacy.com\/wp-content\/uploads\/2026\/03\/Zinzino-Essent-Premium-Pharmacy-Lions-Pharmacy-1.webp","type":"image\/webp"}],"twitter_card":"summary_large_image","twitter_misc":{"Tempo di lettura stimato":"2 minuti"},"schema":{"@context":"https:\/\/schema.org","@graph":[{"@type":"WebPage","@id":"https:\/\/lions-pharmacy.com\/it\/prodotto\/zinzino-essent-premium","url":"https:\/\/lions-pharmacy.com\/it\/prodotto\/zinzino-essent-premium","name":"ZINZINO Essent+ Premium (60 pezzi) &#187;","isPartOf":{"@id":"https:\/\/lions-pharmacy.com\/it#website"},"primaryImageOfPage":{"@id":"https:\/\/lions-pharmacy.com\/it\/prodotto\/zinzino-essent-premium#primaryimage"},"image":{"@id":"https:\/\/lions-pharmacy.com\/it\/prodotto\/zinzino-essent-premium#primaryimage"},"thumbnailUrl":"https:\/\/lions-pharmacy.com\/wp-content\/uploads\/2026\/03\/Zinzino-Essent-Premium-Pharmacy-Lions-Pharmacy-1.webp","datePublished":"2026-03-29T06:03:36+00:00","dateModified":"2026-04-14T14:01:53+00:00","description":"Tabs Omega-3 softgels con pi\u00f9 antiossidanti bioattivi. Scopri di pi\u00f9 su ZINZINO Essent+ Premium (60 pezzi). Ti offriamo: Spedizione veloce e acquisti sicuri online.","breadcrumb":{"@id":"https:\/\/lions-pharmacy.com\/it\/prodotto\/zinzino-essent-premium#breadcrumb"},"inLanguage":"it-IT","potentialAction":[{"@type":"ReadAction","target":["https:\/\/lions-pharmacy.com\/it\/prodotto\/zinzino-essent-premium"]}]},{"@type":"ImageObject","inLanguage":"it-IT","@id":"https:\/\/lions-pharmacy.com\/it\/prodotto\/zinzino-essent-premium#primaryimage","url":"https:\/\/lions-pharmacy.com\/wp-content\/uploads\/2026\/03\/Zinzino-Essent-Premium-Pharmacy-Lions-Pharmacy-1.webp","contentUrl":"https:\/\/lions-pharmacy.com\/wp-content\/uploads\/2026\/03\/Zinzino-Essent-Premium-Pharmacy-Lions-Pharmacy-1.webp","width":600,"height":600,"caption":"Zinzino-Essent+ Premium, Farmacia, Farmacia Lions"},{"@type":"BreadcrumbList","@id":"https:\/\/lions-pharmacy.com\/it\/prodotto\/zinzino-essent-premium#breadcrumb","itemListElement":[{"@type":"ListItem","position":1,"name":"Home","item":"https:\/\/lions-pharmacy.com\/it\/homepage-lion-pharmacy"},{"@type":"ListItem","position":2,"name":"Shop","item":"https:\/\/lions-pharmacy.com\/it\/negozio"},{"@type":"ListItem","position":3,"name":"ZINZINO Essent+ Premium (60 pezzi)"}]},{"@type":"WebSite","@id":"https:\/\/lions-pharmacy.com\/it#website","url":"https:\/\/lions-pharmacy.com\/it","name":"Lions Pharmacy","description":"Farmacia specializzata in naturopatia di Baden-Baden, Germania","publisher":{"@id":"https:\/\/lions-pharmacy.com\/it#organization"},"alternateName":"Lion Pharmacy","potentialAction":[{"@type":"SearchAction","target":{"@type":"EntryPoint","urlTemplate":"https:\/\/lions-pharmacy.com\/it?s={search_term_string}"},"query-input":{"@type":"PropertyValueSpecification","valueRequired":true,"valueName":"search_term_string"}}],"inLanguage":"it-IT"},{"@type":"Organization","@id":"https:\/\/lions-pharmacy.com\/it#organization","name":"Lions Pharmacy","alternateName":"Lions Pharmacy24","url":"https:\/\/lions-pharmacy.com\/it","logo":{"@type":"ImageObject","inLanguage":"it-IT","@id":"https:\/\/lions-pharmacy.com\/it#\/schema\/logo\/image\/","url":"https:\/\/lions-pharmacy.com\/wp-content\/uploads\/2022\/12\/Logo-Lion-Pharmacy-c-o-Loewen-Apotheke-smal.jpg","contentUrl":"https:\/\/lions-pharmacy.com\/wp-content\/uploads\/2022\/12\/Logo-Lion-Pharmacy-c-o-Loewen-Apotheke-smal.jpg","width":298,"height":99,"caption":"Lions Pharmacy"},"image":{"@id":"https:\/\/lions-pharmacy.com\/it#\/schema\/logo\/image\/"}}]}},"_links":{"self":[{"href":"https:\/\/lions-pharmacy.com\/it\/wp-json\/wp\/v2\/product\/22158","targetHints":{"allow":["GET"]}}],"collection":[{"href":"https:\/\/lions-pharmacy.com\/it\/wp-json\/wp\/v2\/product"}],"about":[{"href":"https:\/\/lions-pharmacy.com\/it\/wp-json\/wp\/v2\/types\/product"}],"replies":[{"embeddable":true,"href":"https:\/\/lions-pharmacy.com\/it\/wp-json\/wp\/v2\/comments?post=22158"}],"wp:featuredmedia":[{"embeddable":true,"href":"https:\/\/lions-pharmacy.com\/it\/wp-json\/wp\/v2\/media\/22168"}],"wp:attachment":[{"href":"https:\/\/lions-pharmacy.com\/it\/wp-json\/wp\/v2\/media?parent=22158"}],"wp:term":[{"taxonomy":"product_brand","embeddable":true,"href":"https:\/\/lions-pharmacy.com\/it\/wp-json\/wp\/v2\/product_brand?post=22158"},{"taxonomy":"product_cat","embeddable":true,"href":"https:\/\/lions-pharmacy.com\/it\/wp-json\/wp\/v2\/product_cat?post=22158"},{"taxonomy":"product_tag","embeddable":true,"href":"https:\/\/lions-pharmacy.com\/it\/wp-json\/wp\/v2\/product_tag?post=22158"}],"curies":[{"name":"wp","href":"https:\/\/api.w.org\/{rel}","templated":true}]}}