{"id":21359,"date":"2026-03-08T06:56:07","date_gmt":"2026-03-08T05:56:07","guid":{"rendered":"https:\/\/lions-pharmacy.com\/?post_type=product&#038;p=21359"},"modified":"2026-03-08T07:04:53","modified_gmt":"2026-03-08T06:04:53","slug":"cerebrum-compositum-nm-ampoules-100-pc-01674887","status":"publish","type":"product","link":"https:\/\/lions-pharmacy.com\/it\/prodotto\/cerebrum-compositum-nm-ampoules-100-pc-01674887","title":{"rendered":"Cerebrum compositum NM Fiale (100 pz)"},"content":{"rendered":"<h3>Cerebrum compositum NM<\/h3>\n<p>Cerebrum compositum NM fiale un medicinale omeopatico registrato, quindi senza indicazione terapeutica.<\/p>\n<p>Foglietto illustrativo\/istruzioni per l&#8217;uso\/scheda tecnica: <a href=\"https:\/\/lions-pharmacy.com\/wp-content\/uploads\/2026\/03\/Cerebrum_compositum_NM_Amp_019600_11_BPZ_Mrz2023.pdf\">Cerebrum_compositum_NM_Amp<\/a> (Lettore PDF)<\/p>\n<p>Ingredienti: Cerebrum suis, Embryo suis, Hepar suis, Placenta suis, Kalium phosphoricum, Selenium, Thuja occidentalis, Strychnos ignatii, Acidum phosphoricum, Cinchona pubescens, Kalium bichromicum, Gelsemium sempervirens, Ruta graveolens, Arnica montana, Aesculus hippocastanum, Manganum phosphoricum, Magnesium phosphoricum, Semecarpus anacardium, Conium maculatum, Hyoscyamus niger, Aconitum napellus, Anamirta cocculus, Ambra grisea<\/p>\n<p>Altri prodotti di: <a href=\"https:\/\/lions-pharmacy.com\/it\/tag-prodotto\/omeopatia\" rel=\"tag\">Omeopatia<\/a> | <a href=\"https:\/\/lions-pharmacy.com\/it\/tag-prodotto\/vitamine-e-integratori\">Vitamine e integratori Prodotti<\/a><\/p>\n<p>Ulteriori dettagli sul prodotto sono disponibili presso il produttore: <a href=\"https:\/\/www.heel.de\/de\/produktsuche.html\" target=\"_blank\" rel=\"noopener\">Biologische <\/a><a href=\"https:\/\/www.heel.de\/de\/produktsuche.html\">Heilmittel<\/a> <a href=\"https:\/\/www.heel.de\/de\/produktsuche.html\" target=\"_blank\" rel=\"noopener\">Heel GmbH<\/a><\/p>\n<p>Le informazioni contenute in questo sito web sono fornite solo a scopo informativo. Non sostituiscono in alcun modo la visita e il trattamento da parte di un medico. Ci\u00f2 significa che non \u00e8 possibile n\u00e9 fare diagnosi n\u00e9 iniziare terapie.<\/p>\n<p>Per i rischi e gli effetti collaterali, leggere il foglio illustrativo e rivolgersi al medico o al farmacista.<\/p>\n<p>&nbsp;<\/p>\n<h3>Prescrizione | \u00c8 disponibile una prescrizione elettronica?<\/h3>\n<p>Invia subito la tua prescrizione elettronica. Usa la nostra app <a href=\"https:\/\/e-rezept-app.de\/shop-rezept\" target=\"_blank\" rel=\"noopener\">per la prescrizione elettronica<\/a> . E noi ti diamo le spese di spedizione gratis in Germania!<\/p>\n","protected":false},"excerpt":{"rendered":"<h2>Cerebrum compositum NM Fiale<\/h2>\n<p>Prodotto medicinale omeopatico registrato.<\/p>\n<p>&nbsp;<\/p>\n<p><strong>PZN<\/strong>: 01674887<\/p>\n<p><strong>Forma di dosaggio<\/strong>: fiale<\/p>\n<p><strong>Confezione<\/strong>: 100 pezzi.<\/p>\n<p><strong>Tipo di prescrizione:<\/strong> senza prescrizione<\/p>\n<p><strong>Marca<\/strong>: &#8211;<\/p>\n<p><strong>Produttore<\/strong>: Biologische Heel, Germania<\/p>\n","protected":false},"featured_media":21364,"comment_status":"closed","ping_status":"closed","template":"","meta":[],"product_brand":[],"product_cat":[347,115],"product_tag":[307,482,514,480],"class_list":{"0":"post-21359","1":"product","2":"type-product","3":"status-publish","4":"has-post-thumbnail","6":"product_cat-heel","7":"product_cat-non-categorizzato","8":"product_tag-omeopatia","9":"product_tag-principio-attivo-a-base-di-erbe","10":"product_tag-principio-attivo-di-origine-vegetale","11":"product_tag-rimedi-naturali","12":"ts_product_brand-all-it","13":"ts_product_brand-heel-it","15":"first","16":"instock","17":"sale","18":"taxable","19":"shipping-taxable","20":"purchasable","21":"product-type-simple"},"yoast_head":"<!-- This site is optimized with the Yoast SEO plugin v26.5 - https:\/\/yoast.com\/wordpress\/plugins\/seo\/ -->\n<title>Cerebrum compositum NM Fiale (100 pz) &#187; acquista su Lion Pharmacy<\/title>\n<meta name=\"description\" content=\"Da Biologische Heel. Cerebrum compositum NM Fiale (100 pz). Ordina qui da una farmacia online tedesca registrata. Spedizione veloce in tutto il mondo.\" \/>\n<meta name=\"robots\" content=\"index, follow, max-snippet:-1, max-image-preview:large, max-video-preview:-1\" \/>\n<link rel=\"canonical\" href=\"https:\/\/lions-pharmacy.com\/it\/prodotto\/cerebrum-compositum-nm-ampoules-100-pc-01674887\" \/>\n<meta property=\"og:locale\" content=\"it_IT\" \/>\n<meta property=\"og:type\" content=\"article\" \/>\n<meta property=\"og:title\" content=\"Cerebrum compositum NM Fiale (100 pz) &#187; acquista su Lion Pharmacy\" \/>\n<meta property=\"og:description\" content=\"Da Biologische Heel. Cerebrum compositum NM Fiale (100 pz). Ordina qui da una farmacia online tedesca registrata. Spedizione veloce in tutto il mondo.\" \/>\n<meta property=\"og:url\" content=\"https:\/\/lions-pharmacy.com\/it\/prodotto\/cerebrum-compositum-nm-ampoules-100-pc-01674887\" \/>\n<meta property=\"og:site_name\" content=\"Lion Pharmacy\" \/>\n<meta property=\"article:modified_time\" content=\"2026-03-08T06:04:53+00:00\" \/>\n<meta property=\"og:image\" content=\"https:\/\/lions-pharmacy.com\/wp-content\/uploads\/2026\/03\/Cerebrum-compositum-NM-Ampoules-from-biologische-Heel-PZN-01674887-Lions-Pharmacy.webp\" \/>\n\t<meta property=\"og:image:width\" content=\"600\" \/>\n\t<meta property=\"og:image:height\" content=\"600\" \/>\n\t<meta property=\"og:image:type\" content=\"image\/webp\" \/>\n<meta name=\"twitter:card\" content=\"summary_large_image\" \/>\n<meta name=\"twitter:label1\" content=\"Tempo di lettura stimato\" \/>\n\t<meta name=\"twitter:data1\" content=\"1 minuto\" \/>\n<script type=\"application\/ld+json\" class=\"yoast-schema-graph\">{\"@context\":\"https:\/\/schema.org\",\"@graph\":[{\"@type\":\"WebPage\",\"@id\":\"https:\/\/lions-pharmacy.com\/it\/prodotto\/cerebrum-compositum-nm-ampoules-100-pc-01674887\",\"url\":\"https:\/\/lions-pharmacy.com\/it\/prodotto\/cerebrum-compositum-nm-ampoules-100-pc-01674887\",\"name\":\"Cerebrum compositum NM Fiale (100 pz) &#187; acquista su Lion Pharmacy\",\"isPartOf\":{\"@id\":\"https:\/\/lions-pharmacy.com\/it#website\"},\"primaryImageOfPage\":{\"@id\":\"https:\/\/lions-pharmacy.com\/it\/prodotto\/cerebrum-compositum-nm-ampoules-100-pc-01674887#primaryimage\"},\"image\":{\"@id\":\"https:\/\/lions-pharmacy.com\/it\/prodotto\/cerebrum-compositum-nm-ampoules-100-pc-01674887#primaryimage\"},\"thumbnailUrl\":\"https:\/\/lions-pharmacy.com\/wp-content\/uploads\/2026\/03\/Cerebrum-compositum-NM-Ampoules-from-biologische-Heel-PZN-01674887-Lions-Pharmacy.webp\",\"datePublished\":\"2026-03-08T05:56:07+00:00\",\"dateModified\":\"2026-03-08T06:04:53+00:00\",\"description\":\"Da Biologische Heel. Cerebrum compositum NM Fiale (100 pz). Ordina qui da una farmacia online tedesca registrata. Spedizione veloce in tutto il mondo.\",\"breadcrumb\":{\"@id\":\"https:\/\/lions-pharmacy.com\/it\/prodotto\/cerebrum-compositum-nm-ampoules-100-pc-01674887#breadcrumb\"},\"inLanguage\":\"it-IT\",\"potentialAction\":[{\"@type\":\"ReadAction\",\"target\":[\"https:\/\/lions-pharmacy.com\/it\/prodotto\/cerebrum-compositum-nm-ampoules-100-pc-01674887\"]}]},{\"@type\":\"ImageObject\",\"inLanguage\":\"it-IT\",\"@id\":\"https:\/\/lions-pharmacy.com\/it\/prodotto\/cerebrum-compositum-nm-ampoules-100-pc-01674887#primaryimage\",\"url\":\"https:\/\/lions-pharmacy.com\/wp-content\/uploads\/2026\/03\/Cerebrum-compositum-NM-Ampoules-from-biologische-Heel-PZN-01674887-Lions-Pharmacy.webp\",\"contentUrl\":\"https:\/\/lions-pharmacy.com\/wp-content\/uploads\/2026\/03\/Cerebrum-compositum-NM-Ampoules-from-biologische-Heel-PZN-01674887-Lions-Pharmacy.webp\",\"width\":600,\"height\":600,\"caption\":\"Cerebrum compositum NM Fiale da biologische Heel, PZN-01674887, Lions-Farmacia\"},{\"@type\":\"BreadcrumbList\",\"@id\":\"https:\/\/lions-pharmacy.com\/it\/prodotto\/cerebrum-compositum-nm-ampoules-100-pc-01674887#breadcrumb\",\"itemListElement\":[{\"@type\":\"ListItem\",\"position\":1,\"name\":\"Home\",\"item\":\"https:\/\/lions-pharmacy.com\/it\/homepage-lion-pharmacy\"},{\"@type\":\"ListItem\",\"position\":2,\"name\":\"Shop\",\"item\":\"https:\/\/lions-pharmacy.com\/it\/negozio\"},{\"@type\":\"ListItem\",\"position\":3,\"name\":\"Cerebrum compositum NM Fiale (100 pz)\"}]},{\"@type\":\"WebSite\",\"@id\":\"https:\/\/lions-pharmacy.com\/it#website\",\"url\":\"https:\/\/lions-pharmacy.com\/it\",\"name\":\"Lions Pharmacy\",\"description\":\"Farmacia specializzata in naturopatia di Baden-Baden, Germania\",\"publisher\":{\"@id\":\"https:\/\/lions-pharmacy.com\/it#organization\"},\"alternateName\":\"Lion Pharmacy\",\"potentialAction\":[{\"@type\":\"SearchAction\",\"target\":{\"@type\":\"EntryPoint\",\"urlTemplate\":\"https:\/\/lions-pharmacy.com\/it?s={search_term_string}\"},\"query-input\":{\"@type\":\"PropertyValueSpecification\",\"valueRequired\":true,\"valueName\":\"search_term_string\"}}],\"inLanguage\":\"it-IT\"},{\"@type\":\"Organization\",\"@id\":\"https:\/\/lions-pharmacy.com\/it#organization\",\"name\":\"Lions Pharmacy\",\"alternateName\":\"Lions Pharmacy24\",\"url\":\"https:\/\/lions-pharmacy.com\/it\",\"logo\":{\"@type\":\"ImageObject\",\"inLanguage\":\"it-IT\",\"@id\":\"https:\/\/lions-pharmacy.com\/it#\/schema\/logo\/image\/\",\"url\":\"https:\/\/lions-pharmacy.com\/wp-content\/uploads\/2022\/12\/Logo-Lion-Pharmacy-c-o-Loewen-Apotheke-smal.jpg\",\"contentUrl\":\"https:\/\/lions-pharmacy.com\/wp-content\/uploads\/2022\/12\/Logo-Lion-Pharmacy-c-o-Loewen-Apotheke-smal.jpg\",\"width\":298,\"height\":99,\"caption\":\"Lions Pharmacy\"},\"image\":{\"@id\":\"https:\/\/lions-pharmacy.com\/it#\/schema\/logo\/image\/\"}}]}<\/script>\n<!-- \/ Yoast SEO plugin. -->","yoast_head_json":{"title":"Cerebrum compositum NM Fiale (100 pz) &#187; acquista su Lion Pharmacy","description":"Da Biologische Heel. Cerebrum compositum NM Fiale (100 pz). Ordina qui da una farmacia online tedesca registrata. Spedizione veloce in tutto il mondo.","robots":{"index":"index","follow":"follow","max-snippet":"max-snippet:-1","max-image-preview":"max-image-preview:large","max-video-preview":"max-video-preview:-1"},"canonical":"https:\/\/lions-pharmacy.com\/it\/prodotto\/cerebrum-compositum-nm-ampoules-100-pc-01674887","og_locale":"it_IT","og_type":"article","og_title":"Cerebrum compositum NM Fiale (100 pz) &#187; acquista su Lion Pharmacy","og_description":"Da Biologische Heel. Cerebrum compositum NM Fiale (100 pz). Ordina qui da una farmacia online tedesca registrata. Spedizione veloce in tutto il mondo.","og_url":"https:\/\/lions-pharmacy.com\/it\/prodotto\/cerebrum-compositum-nm-ampoules-100-pc-01674887","og_site_name":"Lion Pharmacy","article_modified_time":"2026-03-08T06:04:53+00:00","og_image":[{"width":600,"height":600,"url":"https:\/\/lions-pharmacy.com\/wp-content\/uploads\/2026\/03\/Cerebrum-compositum-NM-Ampoules-from-biologische-Heel-PZN-01674887-Lions-Pharmacy.webp","type":"image\/webp"}],"twitter_card":"summary_large_image","twitter_misc":{"Tempo di lettura stimato":"1 minuto"},"schema":{"@context":"https:\/\/schema.org","@graph":[{"@type":"WebPage","@id":"https:\/\/lions-pharmacy.com\/it\/prodotto\/cerebrum-compositum-nm-ampoules-100-pc-01674887","url":"https:\/\/lions-pharmacy.com\/it\/prodotto\/cerebrum-compositum-nm-ampoules-100-pc-01674887","name":"Cerebrum compositum NM Fiale (100 pz) &#187; acquista su Lion Pharmacy","isPartOf":{"@id":"https:\/\/lions-pharmacy.com\/it#website"},"primaryImageOfPage":{"@id":"https:\/\/lions-pharmacy.com\/it\/prodotto\/cerebrum-compositum-nm-ampoules-100-pc-01674887#primaryimage"},"image":{"@id":"https:\/\/lions-pharmacy.com\/it\/prodotto\/cerebrum-compositum-nm-ampoules-100-pc-01674887#primaryimage"},"thumbnailUrl":"https:\/\/lions-pharmacy.com\/wp-content\/uploads\/2026\/03\/Cerebrum-compositum-NM-Ampoules-from-biologische-Heel-PZN-01674887-Lions-Pharmacy.webp","datePublished":"2026-03-08T05:56:07+00:00","dateModified":"2026-03-08T06:04:53+00:00","description":"Da Biologische Heel. Cerebrum compositum NM Fiale (100 pz). Ordina qui da una farmacia online tedesca registrata. Spedizione veloce in tutto il mondo.","breadcrumb":{"@id":"https:\/\/lions-pharmacy.com\/it\/prodotto\/cerebrum-compositum-nm-ampoules-100-pc-01674887#breadcrumb"},"inLanguage":"it-IT","potentialAction":[{"@type":"ReadAction","target":["https:\/\/lions-pharmacy.com\/it\/prodotto\/cerebrum-compositum-nm-ampoules-100-pc-01674887"]}]},{"@type":"ImageObject","inLanguage":"it-IT","@id":"https:\/\/lions-pharmacy.com\/it\/prodotto\/cerebrum-compositum-nm-ampoules-100-pc-01674887#primaryimage","url":"https:\/\/lions-pharmacy.com\/wp-content\/uploads\/2026\/03\/Cerebrum-compositum-NM-Ampoules-from-biologische-Heel-PZN-01674887-Lions-Pharmacy.webp","contentUrl":"https:\/\/lions-pharmacy.com\/wp-content\/uploads\/2026\/03\/Cerebrum-compositum-NM-Ampoules-from-biologische-Heel-PZN-01674887-Lions-Pharmacy.webp","width":600,"height":600,"caption":"Cerebrum compositum NM Fiale da biologische Heel, PZN-01674887, Lions-Farmacia"},{"@type":"BreadcrumbList","@id":"https:\/\/lions-pharmacy.com\/it\/prodotto\/cerebrum-compositum-nm-ampoules-100-pc-01674887#breadcrumb","itemListElement":[{"@type":"ListItem","position":1,"name":"Home","item":"https:\/\/lions-pharmacy.com\/it\/homepage-lion-pharmacy"},{"@type":"ListItem","position":2,"name":"Shop","item":"https:\/\/lions-pharmacy.com\/it\/negozio"},{"@type":"ListItem","position":3,"name":"Cerebrum compositum NM Fiale (100 pz)"}]},{"@type":"WebSite","@id":"https:\/\/lions-pharmacy.com\/it#website","url":"https:\/\/lions-pharmacy.com\/it","name":"Lions Pharmacy","description":"Farmacia specializzata in naturopatia di Baden-Baden, Germania","publisher":{"@id":"https:\/\/lions-pharmacy.com\/it#organization"},"alternateName":"Lion Pharmacy","potentialAction":[{"@type":"SearchAction","target":{"@type":"EntryPoint","urlTemplate":"https:\/\/lions-pharmacy.com\/it?s={search_term_string}"},"query-input":{"@type":"PropertyValueSpecification","valueRequired":true,"valueName":"search_term_string"}}],"inLanguage":"it-IT"},{"@type":"Organization","@id":"https:\/\/lions-pharmacy.com\/it#organization","name":"Lions Pharmacy","alternateName":"Lions Pharmacy24","url":"https:\/\/lions-pharmacy.com\/it","logo":{"@type":"ImageObject","inLanguage":"it-IT","@id":"https:\/\/lions-pharmacy.com\/it#\/schema\/logo\/image\/","url":"https:\/\/lions-pharmacy.com\/wp-content\/uploads\/2022\/12\/Logo-Lion-Pharmacy-c-o-Loewen-Apotheke-smal.jpg","contentUrl":"https:\/\/lions-pharmacy.com\/wp-content\/uploads\/2022\/12\/Logo-Lion-Pharmacy-c-o-Loewen-Apotheke-smal.jpg","width":298,"height":99,"caption":"Lions Pharmacy"},"image":{"@id":"https:\/\/lions-pharmacy.com\/it#\/schema\/logo\/image\/"}}]}},"_links":{"self":[{"href":"https:\/\/lions-pharmacy.com\/it\/wp-json\/wp\/v2\/product\/21359","targetHints":{"allow":["GET"]}}],"collection":[{"href":"https:\/\/lions-pharmacy.com\/it\/wp-json\/wp\/v2\/product"}],"about":[{"href":"https:\/\/lions-pharmacy.com\/it\/wp-json\/wp\/v2\/types\/product"}],"replies":[{"embeddable":true,"href":"https:\/\/lions-pharmacy.com\/it\/wp-json\/wp\/v2\/comments?post=21359"}],"wp:featuredmedia":[{"embeddable":true,"href":"https:\/\/lions-pharmacy.com\/it\/wp-json\/wp\/v2\/media\/21364"}],"wp:attachment":[{"href":"https:\/\/lions-pharmacy.com\/it\/wp-json\/wp\/v2\/media?parent=21359"}],"wp:term":[{"taxonomy":"product_brand","embeddable":true,"href":"https:\/\/lions-pharmacy.com\/it\/wp-json\/wp\/v2\/product_brand?post=21359"},{"taxonomy":"product_cat","embeddable":true,"href":"https:\/\/lions-pharmacy.com\/it\/wp-json\/wp\/v2\/product_cat?post=21359"},{"taxonomy":"product_tag","embeddable":true,"href":"https:\/\/lions-pharmacy.com\/it\/wp-json\/wp\/v2\/product_tag?post=21359"}],"curies":[{"name":"wp","href":"https:\/\/api.w.org\/{rel}","templated":true}]}}