{"id":20361,"date":"2026-02-06T05:56:09","date_gmt":"2026-02-06T04:56:09","guid":{"rendered":"https:\/\/lions-pharmacy.com\/?post_type=product&#038;p=20361"},"modified":"2026-02-06T14:56:10","modified_gmt":"2026-02-06T13:56:10","slug":"pascorbin-vitamin-c-injection-solution-ampoules-00150343","status":"publish","type":"product","link":"https:\/\/lions-pharmacy.com\/it\/prodotto\/pascorbin-vitamin-c-injection-solution-ampoules-00150343","title":{"rendered":"Pascorbin Vitamina C soluzione iniettabile Fiale"},"content":{"rendered":"<h2>Pascorbin Vitamina C soluzione iniettabile Fiale<\/h2>\n<p>Pascorbin Vitamina C soluzione iniettabile \u00e8 acido ascorbico in soluzione iniettabile per adulti e bambini. Per gli stati clinici di carenza di vitamina C che non possono essere corretti attraverso la dieta o l&#8217;integrazione orale.<\/p>\n<p>Altro nome precedente: Vitamina C Injektopas, Pascorbin\u00ae \u00e8 il primo e unico prodotto approvato che contiene 7,5 g di vitamina C.<\/p>\n<p>Il portafoglio Pascoe comprende circa 200 prodotti. Questi includono medicinali a base di erbe, preparati vitaminici ad alte dosi, rimedi complessi omeopatici e integratori alimentari. La variet\u00e0 di medicinali tiene conto dei complessi requisiti dei prodotti sanitari. Il nostro successo ci d\u00e0 ragione anche a livello internazionale: i nostri prodotti vengono esportati in pi\u00f9 di 30 paesi in tutto il mondo e la tendenza \u00e8 in aumento.<\/p>\n<p>Altri prodotti per l&#8217;applicazione: <a href=\"https:\/\/lions-pharmacy.com\/it\/tag-prodotto\/omeopatia\">Omeopatia<\/a> | <a href=\"https:\/\/lions-pharmacy.com\/it\/tag-prodotto\/vitamine-e-integratori\">Vitamine<\/a> | <a href=\"https:\/\/lions-pharmacy.com\/it\/tag-prodotto\/infezione-virale\">Infezioni <\/a> <\/p>\n<p>Ulteriori informazioni sul manufactorer e su questo prodotto: <a href=\"https:\/\/www.pascoe.de\/\" target=\"_blank\" rel=\"noopener\">Pascoe pharmazeutische Pr\u00e4parate GmbH<\/a> (link al sito esterno)<\/p>\n<p>Le informazioni contenute in questo sito web sono fornite solo a scopo informativo. Non sostituiscono in alcun modo la visita e il trattamento da parte di un medico. Ci\u00f2 significa che non \u00e8 possibile n\u00e9 fare diagnosi n\u00e9 iniziare terapie.<\/p>\n<p>Gli integratori alimentari non vanno intesi come sostituti di una dieta equilibrata e varia e di uno stile di vita sano.<\/p>\n<p>Per i rischi e gli effetti collaterali, leggere il foglio illustrativo e chiedere al medico o al farmacista.<\/p>\n<h3>Riscatta la prescrizione o la ricetta elettronica:<\/h3>\n<p>Hai una prescrizione o una ricetta elettronica? Invia le ricette comodamente tramite la nostra app <a class=\"ProsemirrorEditor-link\" href=\"https:\/\/e-rezept-app.de\/shop-rezept\">per le prescrizioni elettroniche<\/a> &#8211; \u00e8 possibile anche effettuare prescrizioni private per chi paga da solo. Veloce, sicuro e facile.<\/p>\n<p class=\"TypographyPresentation TypographyPresentation--medium RichText3-paragraph--withVSpacingNormal RichText3-paragraph HighlightSol HighlightSol--buildingBlock\"><strong>Domande? Siamo qui per te!<\/strong><\/p>\n<p class=\"TypographyPresentation TypographyPresentation--medium RichText3-paragraph--withVSpacingNormal RichText3-paragraph HighlightSol HighlightSol--buildingBlock\">La nostra farmacista responsabile, la <strong>Dott.ssa Sandra Hoff<\/strong>, e il suo team saranno lieti di consigliarti personalmente &#8211; per telefono o via e-mail. In qualit\u00e0 di <strong>vera e propria farmacia locale<\/strong> e <strong>farmacia autorizzata per la vendita per corrispondenza<\/strong>, ti offriamo un supporto competente, in particolare nei settori della <strong>naturopatia<\/strong> e degli <strong>integratori alimentari<\/strong>, qui prodotti da Pascoe pharmazeutische Pr\u00e4parate GmbH, vitOrgan Arzneimittel e Labo Life. <a href=\"https:\/\/versandhandel.dimdi.de\/websearch\/servlet\/Gate;jsessionid=0D29D15655BE1174E9178A340E8FE6BC?accessid=dimdi_var&amp;term=3c387956690121ccc8763184f052b93f\" target=\"_blank\" rel=\"noopener\">All&#8217;iscrizione nel registro delle vendite per corrispondenza.<\/a><\/p>\n","protected":false},"excerpt":{"rendered":"<h2>Pascorbin Vitamina C soluzione iniettabile Fiale<\/h2>\n<p>Pascorbin 750 mg soluzione iniettabile, carenza di vitamina C<\/p>\n<p>&nbsp;<\/p>\n<p><strong>PZN<\/strong>: 00150343 (numero centrale della farmacia)<\/p>\n<p><strong>Forma di dosaggio<\/strong>: fiale<\/p>\n<p><strong>Tipo di prescrizione: senza prescrizione<\/strong><\/p>\n<p><strong>Produttore<\/strong>: Pascoe pharmazeutische Pr\u00e4parate GmbH<\/p>\n<p><strong>Dimensioni della confezione<\/strong>: 10 x 2ml<\/p>\n","protected":false},"featured_media":20366,"comment_status":"closed","ping_status":"closed","template":"","meta":[],"product_brand":[],"product_cat":[600,115],"product_tag":[270,515,307,268],"class_list":{"0":"post-20361","1":"product","2":"type-product","3":"status-publish","4":"has-post-thumbnail","6":"product_cat-pascoe-it","7":"product_cat-non-categorizzato","8":"product_tag-benessere","9":"product_tag-corona-e-difese-immunitarie","10":"product_tag-omeopatia","11":"product_tag-vitamine-e-integratori","12":"ts_product_brand-all-it","13":"ts_product_brand-pascoe-it","15":"first","16":"instock","17":"taxable","18":"shipping-taxable","19":"purchasable","20":"product-type-simple"},"yoast_head":"<!-- This site is optimized with the Yoast SEO plugin v26.5 - https:\/\/yoast.com\/wordpress\/plugins\/seo\/ -->\n<title>Pascorbin Vitamina C soluzione iniettabile Fiale &#187; su Lion Pharmacy<\/title>\n<meta name=\"description\" content=\"Scopri di pi\u00f9 su Pascoe e Pascorbin Vitamina C soluzione iniettabile Fiale. Carenza di vitamina C. La nostra farmacia tedesca offre: Spedizione veloce e acquisti sicuri\" \/>\n<meta name=\"robots\" content=\"index, follow, max-snippet:-1, max-image-preview:large, max-video-preview:-1\" \/>\n<link rel=\"canonical\" href=\"https:\/\/lions-pharmacy.com\/it\/prodotto\/pascorbin-vitamin-c-injection-solution-ampoules-00150343\" \/>\n<meta property=\"og:locale\" content=\"it_IT\" \/>\n<meta property=\"og:type\" content=\"article\" \/>\n<meta property=\"og:title\" content=\"Pascorbin Vitamina C soluzione iniettabile Fiale &#187; su Lion Pharmacy\" \/>\n<meta property=\"og:description\" content=\"Scopri di pi\u00f9 su Pascoe e Pascorbin Vitamina C soluzione iniettabile Fiale. Carenza di vitamina C. La nostra farmacia tedesca offre: Spedizione veloce e acquisti sicuri\" \/>\n<meta property=\"og:url\" content=\"https:\/\/lions-pharmacy.com\/it\/prodotto\/pascorbin-vitamin-c-injection-solution-ampoules-00150343\" \/>\n<meta property=\"og:site_name\" content=\"Lion Pharmacy\" \/>\n<meta property=\"article:modified_time\" content=\"2026-02-06T13:56:10+00:00\" \/>\n<meta property=\"og:image\" content=\"https:\/\/lions-pharmacy.com\/wp-content\/uploads\/2026\/02\/Pascorbin-Vitamin-C-Injection-Solution-Ampoules-PZN-00150343.webp\" \/>\n\t<meta property=\"og:image:width\" content=\"600\" \/>\n\t<meta property=\"og:image:height\" content=\"600\" \/>\n\t<meta property=\"og:image:type\" content=\"image\/webp\" \/>\n<meta name=\"twitter:card\" content=\"summary_large_image\" \/>\n<meta name=\"twitter:label1\" content=\"Tempo di lettura stimato\" \/>\n\t<meta name=\"twitter:data1\" content=\"2 minuti\" \/>\n<script type=\"application\/ld+json\" class=\"yoast-schema-graph\">{\"@context\":\"https:\/\/schema.org\",\"@graph\":[{\"@type\":\"WebPage\",\"@id\":\"https:\/\/lions-pharmacy.com\/it\/prodotto\/pascorbin-vitamin-c-injection-solution-ampoules-00150343\",\"url\":\"https:\/\/lions-pharmacy.com\/it\/prodotto\/pascorbin-vitamin-c-injection-solution-ampoules-00150343\",\"name\":\"Pascorbin Vitamina C soluzione iniettabile Fiale &#187; su Lion Pharmacy\",\"isPartOf\":{\"@id\":\"https:\/\/lions-pharmacy.com\/it#website\"},\"primaryImageOfPage\":{\"@id\":\"https:\/\/lions-pharmacy.com\/it\/prodotto\/pascorbin-vitamin-c-injection-solution-ampoules-00150343#primaryimage\"},\"image\":{\"@id\":\"https:\/\/lions-pharmacy.com\/it\/prodotto\/pascorbin-vitamin-c-injection-solution-ampoules-00150343#primaryimage\"},\"thumbnailUrl\":\"https:\/\/lions-pharmacy.com\/wp-content\/uploads\/2026\/02\/Pascorbin-Vitamin-C-Injection-Solution-Ampoules-PZN-00150343.webp\",\"datePublished\":\"2026-02-06T04:56:09+00:00\",\"dateModified\":\"2026-02-06T13:56:10+00:00\",\"description\":\"Scopri di pi\u00f9 su Pascoe e Pascorbin Vitamina C soluzione iniettabile Fiale. Carenza di vitamina C. La nostra farmacia tedesca offre: Spedizione veloce e acquisti sicuri\",\"breadcrumb\":{\"@id\":\"https:\/\/lions-pharmacy.com\/it\/prodotto\/pascorbin-vitamin-c-injection-solution-ampoules-00150343#breadcrumb\"},\"inLanguage\":\"it-IT\",\"potentialAction\":[{\"@type\":\"ReadAction\",\"target\":[\"https:\/\/lions-pharmacy.com\/it\/prodotto\/pascorbin-vitamin-c-injection-solution-ampoules-00150343\"]}]},{\"@type\":\"ImageObject\",\"inLanguage\":\"it-IT\",\"@id\":\"https:\/\/lions-pharmacy.com\/it\/prodotto\/pascorbin-vitamin-c-injection-solution-ampoules-00150343#primaryimage\",\"url\":\"https:\/\/lions-pharmacy.com\/wp-content\/uploads\/2026\/02\/Pascorbin-Vitamin-C-Injection-Solution-Ampoules-PZN-00150343.webp\",\"contentUrl\":\"https:\/\/lions-pharmacy.com\/wp-content\/uploads\/2026\/02\/Pascorbin-Vitamin-C-Injection-Solution-Ampoules-PZN-00150343.webp\",\"width\":600,\"height\":600,\"caption\":\"Pascorbin Vitamina C Soluzione iniettabile Fiale PZN-00150343\"},{\"@type\":\"BreadcrumbList\",\"@id\":\"https:\/\/lions-pharmacy.com\/it\/prodotto\/pascorbin-vitamin-c-injection-solution-ampoules-00150343#breadcrumb\",\"itemListElement\":[{\"@type\":\"ListItem\",\"position\":1,\"name\":\"Home\",\"item\":\"https:\/\/lions-pharmacy.com\/it\/homepage-lion-pharmacy\"},{\"@type\":\"ListItem\",\"position\":2,\"name\":\"Shop\",\"item\":\"https:\/\/lions-pharmacy.com\/it\/negozio\"},{\"@type\":\"ListItem\",\"position\":3,\"name\":\"Pascorbin Vitamina C soluzione iniettabile Fiale\"}]},{\"@type\":\"WebSite\",\"@id\":\"https:\/\/lions-pharmacy.com\/it#website\",\"url\":\"https:\/\/lions-pharmacy.com\/it\",\"name\":\"Lions Pharmacy\",\"description\":\"Farmacia specializzata in naturopatia di Baden-Baden, Germania\",\"publisher\":{\"@id\":\"https:\/\/lions-pharmacy.com\/it#organization\"},\"alternateName\":\"Lion Pharmacy\",\"potentialAction\":[{\"@type\":\"SearchAction\",\"target\":{\"@type\":\"EntryPoint\",\"urlTemplate\":\"https:\/\/lions-pharmacy.com\/it?s={search_term_string}\"},\"query-input\":{\"@type\":\"PropertyValueSpecification\",\"valueRequired\":true,\"valueName\":\"search_term_string\"}}],\"inLanguage\":\"it-IT\"},{\"@type\":\"Organization\",\"@id\":\"https:\/\/lions-pharmacy.com\/it#organization\",\"name\":\"Lions Pharmacy\",\"alternateName\":\"Lions Pharmacy24\",\"url\":\"https:\/\/lions-pharmacy.com\/it\",\"logo\":{\"@type\":\"ImageObject\",\"inLanguage\":\"it-IT\",\"@id\":\"https:\/\/lions-pharmacy.com\/it#\/schema\/logo\/image\/\",\"url\":\"https:\/\/lions-pharmacy.com\/wp-content\/uploads\/2022\/12\/Logo-Lion-Pharmacy-c-o-Loewen-Apotheke-smal.jpg\",\"contentUrl\":\"https:\/\/lions-pharmacy.com\/wp-content\/uploads\/2022\/12\/Logo-Lion-Pharmacy-c-o-Loewen-Apotheke-smal.jpg\",\"width\":298,\"height\":99,\"caption\":\"Lions Pharmacy\"},\"image\":{\"@id\":\"https:\/\/lions-pharmacy.com\/it#\/schema\/logo\/image\/\"}}]}<\/script>\n<!-- \/ Yoast SEO plugin. -->","yoast_head_json":{"title":"Pascorbin Vitamina C soluzione iniettabile Fiale &#187; su Lion Pharmacy","description":"Scopri di pi\u00f9 su Pascoe e Pascorbin Vitamina C soluzione iniettabile Fiale. Carenza di vitamina C. La nostra farmacia tedesca offre: Spedizione veloce e acquisti sicuri","robots":{"index":"index","follow":"follow","max-snippet":"max-snippet:-1","max-image-preview":"max-image-preview:large","max-video-preview":"max-video-preview:-1"},"canonical":"https:\/\/lions-pharmacy.com\/it\/prodotto\/pascorbin-vitamin-c-injection-solution-ampoules-00150343","og_locale":"it_IT","og_type":"article","og_title":"Pascorbin Vitamina C soluzione iniettabile Fiale &#187; su Lion Pharmacy","og_description":"Scopri di pi\u00f9 su Pascoe e Pascorbin Vitamina C soluzione iniettabile Fiale. Carenza di vitamina C. La nostra farmacia tedesca offre: Spedizione veloce e acquisti sicuri","og_url":"https:\/\/lions-pharmacy.com\/it\/prodotto\/pascorbin-vitamin-c-injection-solution-ampoules-00150343","og_site_name":"Lion Pharmacy","article_modified_time":"2026-02-06T13:56:10+00:00","og_image":[{"width":600,"height":600,"url":"https:\/\/lions-pharmacy.com\/wp-content\/uploads\/2026\/02\/Pascorbin-Vitamin-C-Injection-Solution-Ampoules-PZN-00150343.webp","type":"image\/webp"}],"twitter_card":"summary_large_image","twitter_misc":{"Tempo di lettura stimato":"2 minuti"},"schema":{"@context":"https:\/\/schema.org","@graph":[{"@type":"WebPage","@id":"https:\/\/lions-pharmacy.com\/it\/prodotto\/pascorbin-vitamin-c-injection-solution-ampoules-00150343","url":"https:\/\/lions-pharmacy.com\/it\/prodotto\/pascorbin-vitamin-c-injection-solution-ampoules-00150343","name":"Pascorbin Vitamina C soluzione iniettabile Fiale &#187; su Lion Pharmacy","isPartOf":{"@id":"https:\/\/lions-pharmacy.com\/it#website"},"primaryImageOfPage":{"@id":"https:\/\/lions-pharmacy.com\/it\/prodotto\/pascorbin-vitamin-c-injection-solution-ampoules-00150343#primaryimage"},"image":{"@id":"https:\/\/lions-pharmacy.com\/it\/prodotto\/pascorbin-vitamin-c-injection-solution-ampoules-00150343#primaryimage"},"thumbnailUrl":"https:\/\/lions-pharmacy.com\/wp-content\/uploads\/2026\/02\/Pascorbin-Vitamin-C-Injection-Solution-Ampoules-PZN-00150343.webp","datePublished":"2026-02-06T04:56:09+00:00","dateModified":"2026-02-06T13:56:10+00:00","description":"Scopri di pi\u00f9 su Pascoe e Pascorbin Vitamina C soluzione iniettabile Fiale. Carenza di vitamina C. La nostra farmacia tedesca offre: Spedizione veloce e acquisti sicuri","breadcrumb":{"@id":"https:\/\/lions-pharmacy.com\/it\/prodotto\/pascorbin-vitamin-c-injection-solution-ampoules-00150343#breadcrumb"},"inLanguage":"it-IT","potentialAction":[{"@type":"ReadAction","target":["https:\/\/lions-pharmacy.com\/it\/prodotto\/pascorbin-vitamin-c-injection-solution-ampoules-00150343"]}]},{"@type":"ImageObject","inLanguage":"it-IT","@id":"https:\/\/lions-pharmacy.com\/it\/prodotto\/pascorbin-vitamin-c-injection-solution-ampoules-00150343#primaryimage","url":"https:\/\/lions-pharmacy.com\/wp-content\/uploads\/2026\/02\/Pascorbin-Vitamin-C-Injection-Solution-Ampoules-PZN-00150343.webp","contentUrl":"https:\/\/lions-pharmacy.com\/wp-content\/uploads\/2026\/02\/Pascorbin-Vitamin-C-Injection-Solution-Ampoules-PZN-00150343.webp","width":600,"height":600,"caption":"Pascorbin Vitamina C Soluzione iniettabile Fiale PZN-00150343"},{"@type":"BreadcrumbList","@id":"https:\/\/lions-pharmacy.com\/it\/prodotto\/pascorbin-vitamin-c-injection-solution-ampoules-00150343#breadcrumb","itemListElement":[{"@type":"ListItem","position":1,"name":"Home","item":"https:\/\/lions-pharmacy.com\/it\/homepage-lion-pharmacy"},{"@type":"ListItem","position":2,"name":"Shop","item":"https:\/\/lions-pharmacy.com\/it\/negozio"},{"@type":"ListItem","position":3,"name":"Pascorbin Vitamina C soluzione iniettabile Fiale"}]},{"@type":"WebSite","@id":"https:\/\/lions-pharmacy.com\/it#website","url":"https:\/\/lions-pharmacy.com\/it","name":"Lions Pharmacy","description":"Farmacia specializzata in naturopatia di Baden-Baden, Germania","publisher":{"@id":"https:\/\/lions-pharmacy.com\/it#organization"},"alternateName":"Lion Pharmacy","potentialAction":[{"@type":"SearchAction","target":{"@type":"EntryPoint","urlTemplate":"https:\/\/lions-pharmacy.com\/it?s={search_term_string}"},"query-input":{"@type":"PropertyValueSpecification","valueRequired":true,"valueName":"search_term_string"}}],"inLanguage":"it-IT"},{"@type":"Organization","@id":"https:\/\/lions-pharmacy.com\/it#organization","name":"Lions Pharmacy","alternateName":"Lions Pharmacy24","url":"https:\/\/lions-pharmacy.com\/it","logo":{"@type":"ImageObject","inLanguage":"it-IT","@id":"https:\/\/lions-pharmacy.com\/it#\/schema\/logo\/image\/","url":"https:\/\/lions-pharmacy.com\/wp-content\/uploads\/2022\/12\/Logo-Lion-Pharmacy-c-o-Loewen-Apotheke-smal.jpg","contentUrl":"https:\/\/lions-pharmacy.com\/wp-content\/uploads\/2022\/12\/Logo-Lion-Pharmacy-c-o-Loewen-Apotheke-smal.jpg","width":298,"height":99,"caption":"Lions Pharmacy"},"image":{"@id":"https:\/\/lions-pharmacy.com\/it#\/schema\/logo\/image\/"}}]}},"_links":{"self":[{"href":"https:\/\/lions-pharmacy.com\/it\/wp-json\/wp\/v2\/product\/20361","targetHints":{"allow":["GET"]}}],"collection":[{"href":"https:\/\/lions-pharmacy.com\/it\/wp-json\/wp\/v2\/product"}],"about":[{"href":"https:\/\/lions-pharmacy.com\/it\/wp-json\/wp\/v2\/types\/product"}],"replies":[{"embeddable":true,"href":"https:\/\/lions-pharmacy.com\/it\/wp-json\/wp\/v2\/comments?post=20361"}],"wp:featuredmedia":[{"embeddable":true,"href":"https:\/\/lions-pharmacy.com\/it\/wp-json\/wp\/v2\/media\/20366"}],"wp:attachment":[{"href":"https:\/\/lions-pharmacy.com\/it\/wp-json\/wp\/v2\/media?parent=20361"}],"wp:term":[{"taxonomy":"product_brand","embeddable":true,"href":"https:\/\/lions-pharmacy.com\/it\/wp-json\/wp\/v2\/product_brand?post=20361"},{"taxonomy":"product_cat","embeddable":true,"href":"https:\/\/lions-pharmacy.com\/it\/wp-json\/wp\/v2\/product_cat?post=20361"},{"taxonomy":"product_tag","embeddable":true,"href":"https:\/\/lions-pharmacy.com\/it\/wp-json\/wp\/v2\/product_tag?post=20361"}],"curies":[{"name":"wp","href":"https:\/\/api.w.org\/{rel}","templated":true}]}}