{"id":19612,"date":"2026-01-20T13:37:42","date_gmt":"2026-01-20T12:37:42","guid":{"rendered":"https:\/\/lions-pharmacy.com\/?post_type=product&#038;p=19612"},"modified":"2026-02-26T10:47:43","modified_gmt":"2026-02-26T09:47:43","slug":"orthomol-immun-pro-granules-capsules-30-pc-13886293-double","status":"publish","type":"product","link":"https:\/\/lions-pharmacy.com\/it\/prodotto\/orthomol-immun-pro-granules-capsules-30-pc-13886293-double","title":{"rendered":"Orthomol Immun Pro Granuli\/Capsule (30 pezzi) (confezione doppia)"},"content":{"rendered":"<h3>Orthomol Immun Pro Granuli\/Capsule<\/h3>\n<p>Orthomol Immun Pro Granuli\/Capsule contiene micronutrienti importanti per il sistema immunitario. La vitamina C, la vitamina D e lo zinco contribuiscono al normale funzionamento del sistema immunitario.<\/p>\n<p>Il mantenimento di membrane mucose normali con vitamina A, vitamina B2, biotina e niacina contribuisce al mantenimento di membrane mucose normali (ad esempio la mucosa orale).<\/p>\n<p>Il sostegno al normale metabolismo energetico, supportato da vitamine del gruppo B, vitamina C e biotina, contribuisce al normale metabolismo energetico.<\/p>\n<p>Protezione delle cellule dallo stress ossidativo con vitamina C, vitamina E, vitamina B2 e zinco che aiutano a proteggere le cellule dallo stress ossidativo.<\/p>\n<p>Gli integratori alimentari non vanno intesi come sostituti di una dieta equilibrata e varia e di uno stile di vita sano.<\/p>\n<p>Prodotti di Orthomol: pionieri della medicina nutrizionale ortomolecolare in Germania. Da oltre 30 anni l&#8217;azienda sviluppa e vende dosi ben bilanciate di combinazioni di micronutrienti per varie aree di applicazione. Si tratta di combinazioni di micronutrienti basate sulla medicina ortomolecolare.<\/p>\n<p>Foglietto illustrativo\/istruzioni per l&#8217;uso\/scheda tecnica: &#8211; (lettore PDF) e informazioni sugli alimenti: &#8211; (lettore PDF).<\/p>\n<p>Altri prodotti per l&#8217;applicazione: <a href=\"https:\/\/lions-pharmacy.com\/it\/tag-prodotto\/vitamine-e-integratori\">Vitamine e integratori<\/a> | <a href=\"https:\/\/lions-pharmacy.com\/it\/tag-prodotto\/rimedi-naturali\" rel=\"tag\">Rimedi naturali<\/a> | <a href=\"https:\/\/lions-pharmacy.com\/it\/tag-prodotto\/benessere\" rel=\"tag\">Benessere<\/a><\/p>\n<p>Ulteriori informazioni sul manufactorer e su questo prodotto: <a href=\"https:\/\/www.orthomol.com\/de-de\/produkte\/\" target=\"_blank\" rel=\"noopener\">orthomol<\/a> (link al sito esterno)<\/p>\n<p>Le informazioni contenute in questo sito web sono fornite solo a scopo informativo. Non sostituiscono in alcun modo la visita e il trattamento da parte di un medico. Ci\u00f2 significa che non \u00e8 possibile n\u00e9 fare diagnosi n\u00e9 iniziare terapie.<\/p>\n<p>Per i rischi e gli effetti collaterali, leggere il foglio illustrativo e rivolgersi al medico o al farmacista.<\/p>\n","protected":false},"excerpt":{"rendered":"<h2>Orthomol Immun Pro<\/h2>\n<p>micronutrienti importanti per il sistema immunitario. La vitamina C, la vitamina D e lo zinco contribuiscono al normale funzionamento del sistema immunitario.<\/p>\n<p>&nbsp;<\/p>\n<p><strong>PZN<\/strong>: 13886293<\/p>\n<p><strong>Forma di dosaggio<\/strong>: granuli, capsule confezione combinata &#8211; (confezione doppia 2x 30 pezzi)<\/p>\n<p><strong>Tipo di prescrizione: senza prescrizione<\/strong><\/p>\n<p><strong>Marchio<\/strong>: orthomol<\/p>\n<p><strong>Costruttore<\/strong>: orthomol Arzneimittel GmbH, Germania<\/p>\n","protected":false},"featured_media":21004,"comment_status":"closed","ping_status":"closed","template":"","meta":[],"product_brand":[],"product_cat":[758,115],"product_tag":[270,271,482,268],"class_list":{"0":"post-19612","1":"product","2":"type-product","3":"status-publish","4":"has-post-thumbnail","6":"product_cat-orthomol-it","7":"product_cat-non-categorizzato","8":"product_tag-benessere","9":"product_tag-peso-e-forma-fisica","10":"product_tag-principio-attivo-a-base-di-erbe","11":"product_tag-vitamine-e-integratori","12":"ts_product_brand-all-it","13":"ts_product_brand-orthomol-it","15":"first","16":"instock","17":"sale","18":"featured","19":"taxable","20":"shipping-taxable","21":"purchasable","22":"product-type-simple"},"yoast_head":"<!-- This site is optimized with the Yoast SEO plugin v26.5 - https:\/\/yoast.com\/wordpress\/plugins\/seo\/ -->\n<title>Orthomol Immun Pro Granuli\/Capsule (30 pezzi) (confezione doppia)<\/title>\n<meta name=\"description\" content=\"Produttore: Orthomol. Scopri di pi\u00f9 su Orthomol Immun Pro Granuli\/Capsule (30 pezzi) (confezione doppia). Offriamo: Spedizione internazionale veloce, Servizio al top\" \/>\n<meta name=\"robots\" content=\"index, follow, max-snippet:-1, max-image-preview:large, max-video-preview:-1\" \/>\n<link rel=\"canonical\" href=\"https:\/\/lions-pharmacy.com\/it\/prodotto\/orthomol-immun-pro-granules-capsules-30-pc-13886293-double\" \/>\n<meta property=\"og:locale\" content=\"it_IT\" \/>\n<meta property=\"og:type\" content=\"article\" \/>\n<meta property=\"og:title\" content=\"Orthomol Immun Pro Granuli\/Capsule (30 pezzi) (confezione doppia)\" \/>\n<meta property=\"og:description\" content=\"Produttore: Orthomol. Scopri di pi\u00f9 su Orthomol Immun Pro Granuli\/Capsule (30 pezzi) (confezione doppia). Offriamo: Spedizione internazionale veloce, Servizio al top\" \/>\n<meta property=\"og:url\" content=\"https:\/\/lions-pharmacy.com\/it\/prodotto\/orthomol-immun-pro-granules-capsules-30-pc-13886293-double\" \/>\n<meta property=\"og:site_name\" content=\"Lion Pharmacy\" \/>\n<meta property=\"article:modified_time\" content=\"2026-02-26T09:47:43+00:00\" \/>\n<meta property=\"og:image\" content=\"https:\/\/lions-pharmacy.com\/wp-content\/uploads\/2026\/01\/Orthomol-immun-pro-Orthomol-PZN-13886293-Lions-Pharmacy.webp\" \/>\n\t<meta property=\"og:image:width\" content=\"600\" \/>\n\t<meta property=\"og:image:height\" content=\"600\" \/>\n\t<meta property=\"og:image:type\" content=\"image\/webp\" \/>\n<meta name=\"twitter:card\" content=\"summary_large_image\" \/>\n<meta name=\"twitter:label1\" content=\"Tempo di lettura stimato\" \/>\n\t<meta name=\"twitter:data1\" content=\"1 minuto\" \/>\n<script type=\"application\/ld+json\" class=\"yoast-schema-graph\">{\"@context\":\"https:\/\/schema.org\",\"@graph\":[{\"@type\":\"WebPage\",\"@id\":\"https:\/\/lions-pharmacy.com\/it\/prodotto\/orthomol-immun-pro-granules-capsules-30-pc-13886293-double\",\"url\":\"https:\/\/lions-pharmacy.com\/it\/prodotto\/orthomol-immun-pro-granules-capsules-30-pc-13886293-double\",\"name\":\"Orthomol Immun Pro Granuli\/Capsule (30 pezzi) (confezione doppia)\",\"isPartOf\":{\"@id\":\"https:\/\/lions-pharmacy.com\/it#website\"},\"primaryImageOfPage\":{\"@id\":\"https:\/\/lions-pharmacy.com\/it\/prodotto\/orthomol-immun-pro-granules-capsules-30-pc-13886293-double#primaryimage\"},\"image\":{\"@id\":\"https:\/\/lions-pharmacy.com\/it\/prodotto\/orthomol-immun-pro-granules-capsules-30-pc-13886293-double#primaryimage\"},\"thumbnailUrl\":\"https:\/\/lions-pharmacy.com\/wp-content\/uploads\/2026\/01\/Orthomol-immun-pro-Orthomol-PZN-13886293-Lions-Pharmacy.webp\",\"datePublished\":\"2026-01-20T12:37:42+00:00\",\"dateModified\":\"2026-02-26T09:47:43+00:00\",\"description\":\"Produttore: Orthomol. Scopri di pi\u00f9 su Orthomol Immun Pro Granuli\/Capsule (30 pezzi) (confezione doppia). Offriamo: Spedizione internazionale veloce, Servizio al top\",\"breadcrumb\":{\"@id\":\"https:\/\/lions-pharmacy.com\/it\/prodotto\/orthomol-immun-pro-granules-capsules-30-pc-13886293-double#breadcrumb\"},\"inLanguage\":\"it-IT\",\"potentialAction\":[{\"@type\":\"ReadAction\",\"target\":[\"https:\/\/lions-pharmacy.com\/it\/prodotto\/orthomol-immun-pro-granules-capsules-30-pc-13886293-double\"]}]},{\"@type\":\"ImageObject\",\"inLanguage\":\"it-IT\",\"@id\":\"https:\/\/lions-pharmacy.com\/it\/prodotto\/orthomol-immun-pro-granules-capsules-30-pc-13886293-double#primaryimage\",\"url\":\"https:\/\/lions-pharmacy.com\/wp-content\/uploads\/2026\/01\/Orthomol-immun-pro-Orthomol-PZN-13886293-Lions-Pharmacy.webp\",\"contentUrl\":\"https:\/\/lions-pharmacy.com\/wp-content\/uploads\/2026\/01\/Orthomol-immun-pro-Orthomol-PZN-13886293-Lions-Pharmacy.webp\",\"width\":600,\"height\":600,\"caption\":\"Orthomol immun pro di Orthomol PZN-13886293, Confezione doppia, Farmacia Lions\"},{\"@type\":\"BreadcrumbList\",\"@id\":\"https:\/\/lions-pharmacy.com\/it\/prodotto\/orthomol-immun-pro-granules-capsules-30-pc-13886293-double#breadcrumb\",\"itemListElement\":[{\"@type\":\"ListItem\",\"position\":1,\"name\":\"Home\",\"item\":\"https:\/\/lions-pharmacy.com\/it\/homepage-lion-pharmacy\"},{\"@type\":\"ListItem\",\"position\":2,\"name\":\"Shop\",\"item\":\"https:\/\/lions-pharmacy.com\/it\/negozio\"},{\"@type\":\"ListItem\",\"position\":3,\"name\":\"Orthomol Immun Pro Granuli\/Capsule (30 pezzi) (confezione doppia)\"}]},{\"@type\":\"WebSite\",\"@id\":\"https:\/\/lions-pharmacy.com\/it#website\",\"url\":\"https:\/\/lions-pharmacy.com\/it\",\"name\":\"Lions Pharmacy\",\"description\":\"Farmacia specializzata in naturopatia di Baden-Baden, Germania\",\"publisher\":{\"@id\":\"https:\/\/lions-pharmacy.com\/it#organization\"},\"alternateName\":\"Lion Pharmacy\",\"potentialAction\":[{\"@type\":\"SearchAction\",\"target\":{\"@type\":\"EntryPoint\",\"urlTemplate\":\"https:\/\/lions-pharmacy.com\/it?s={search_term_string}\"},\"query-input\":{\"@type\":\"PropertyValueSpecification\",\"valueRequired\":true,\"valueName\":\"search_term_string\"}}],\"inLanguage\":\"it-IT\"},{\"@type\":\"Organization\",\"@id\":\"https:\/\/lions-pharmacy.com\/it#organization\",\"name\":\"Lions Pharmacy\",\"alternateName\":\"Lions Pharmacy24\",\"url\":\"https:\/\/lions-pharmacy.com\/it\",\"logo\":{\"@type\":\"ImageObject\",\"inLanguage\":\"it-IT\",\"@id\":\"https:\/\/lions-pharmacy.com\/it#\/schema\/logo\/image\/\",\"url\":\"https:\/\/lions-pharmacy.com\/wp-content\/uploads\/2022\/12\/Logo-Lion-Pharmacy-c-o-Loewen-Apotheke-smal.jpg\",\"contentUrl\":\"https:\/\/lions-pharmacy.com\/wp-content\/uploads\/2022\/12\/Logo-Lion-Pharmacy-c-o-Loewen-Apotheke-smal.jpg\",\"width\":298,\"height\":99,\"caption\":\"Lions Pharmacy\"},\"image\":{\"@id\":\"https:\/\/lions-pharmacy.com\/it#\/schema\/logo\/image\/\"}}]}<\/script>\n<!-- \/ Yoast SEO plugin. -->","yoast_head_json":{"title":"Orthomol Immun Pro Granuli\/Capsule (30 pezzi) (confezione doppia)","description":"Produttore: Orthomol. Scopri di pi\u00f9 su Orthomol Immun Pro Granuli\/Capsule (30 pezzi) (confezione doppia). Offriamo: Spedizione internazionale veloce, Servizio al top","robots":{"index":"index","follow":"follow","max-snippet":"max-snippet:-1","max-image-preview":"max-image-preview:large","max-video-preview":"max-video-preview:-1"},"canonical":"https:\/\/lions-pharmacy.com\/it\/prodotto\/orthomol-immun-pro-granules-capsules-30-pc-13886293-double","og_locale":"it_IT","og_type":"article","og_title":"Orthomol Immun Pro Granuli\/Capsule (30 pezzi) (confezione doppia)","og_description":"Produttore: Orthomol. Scopri di pi\u00f9 su Orthomol Immun Pro Granuli\/Capsule (30 pezzi) (confezione doppia). Offriamo: Spedizione internazionale veloce, Servizio al top","og_url":"https:\/\/lions-pharmacy.com\/it\/prodotto\/orthomol-immun-pro-granules-capsules-30-pc-13886293-double","og_site_name":"Lion Pharmacy","article_modified_time":"2026-02-26T09:47:43+00:00","og_image":[{"width":600,"height":600,"url":"https:\/\/lions-pharmacy.com\/wp-content\/uploads\/2026\/01\/Orthomol-immun-pro-Orthomol-PZN-13886293-Lions-Pharmacy.webp","type":"image\/webp"}],"twitter_card":"summary_large_image","twitter_misc":{"Tempo di lettura stimato":"1 minuto"},"schema":{"@context":"https:\/\/schema.org","@graph":[{"@type":"WebPage","@id":"https:\/\/lions-pharmacy.com\/it\/prodotto\/orthomol-immun-pro-granules-capsules-30-pc-13886293-double","url":"https:\/\/lions-pharmacy.com\/it\/prodotto\/orthomol-immun-pro-granules-capsules-30-pc-13886293-double","name":"Orthomol Immun Pro Granuli\/Capsule (30 pezzi) (confezione doppia)","isPartOf":{"@id":"https:\/\/lions-pharmacy.com\/it#website"},"primaryImageOfPage":{"@id":"https:\/\/lions-pharmacy.com\/it\/prodotto\/orthomol-immun-pro-granules-capsules-30-pc-13886293-double#primaryimage"},"image":{"@id":"https:\/\/lions-pharmacy.com\/it\/prodotto\/orthomol-immun-pro-granules-capsules-30-pc-13886293-double#primaryimage"},"thumbnailUrl":"https:\/\/lions-pharmacy.com\/wp-content\/uploads\/2026\/01\/Orthomol-immun-pro-Orthomol-PZN-13886293-Lions-Pharmacy.webp","datePublished":"2026-01-20T12:37:42+00:00","dateModified":"2026-02-26T09:47:43+00:00","description":"Produttore: Orthomol. Scopri di pi\u00f9 su Orthomol Immun Pro Granuli\/Capsule (30 pezzi) (confezione doppia). Offriamo: Spedizione internazionale veloce, Servizio al top","breadcrumb":{"@id":"https:\/\/lions-pharmacy.com\/it\/prodotto\/orthomol-immun-pro-granules-capsules-30-pc-13886293-double#breadcrumb"},"inLanguage":"it-IT","potentialAction":[{"@type":"ReadAction","target":["https:\/\/lions-pharmacy.com\/it\/prodotto\/orthomol-immun-pro-granules-capsules-30-pc-13886293-double"]}]},{"@type":"ImageObject","inLanguage":"it-IT","@id":"https:\/\/lions-pharmacy.com\/it\/prodotto\/orthomol-immun-pro-granules-capsules-30-pc-13886293-double#primaryimage","url":"https:\/\/lions-pharmacy.com\/wp-content\/uploads\/2026\/01\/Orthomol-immun-pro-Orthomol-PZN-13886293-Lions-Pharmacy.webp","contentUrl":"https:\/\/lions-pharmacy.com\/wp-content\/uploads\/2026\/01\/Orthomol-immun-pro-Orthomol-PZN-13886293-Lions-Pharmacy.webp","width":600,"height":600,"caption":"Orthomol immun pro di Orthomol PZN-13886293, Confezione doppia, Farmacia Lions"},{"@type":"BreadcrumbList","@id":"https:\/\/lions-pharmacy.com\/it\/prodotto\/orthomol-immun-pro-granules-capsules-30-pc-13886293-double#breadcrumb","itemListElement":[{"@type":"ListItem","position":1,"name":"Home","item":"https:\/\/lions-pharmacy.com\/it\/homepage-lion-pharmacy"},{"@type":"ListItem","position":2,"name":"Shop","item":"https:\/\/lions-pharmacy.com\/it\/negozio"},{"@type":"ListItem","position":3,"name":"Orthomol Immun Pro Granuli\/Capsule (30 pezzi) (confezione doppia)"}]},{"@type":"WebSite","@id":"https:\/\/lions-pharmacy.com\/it#website","url":"https:\/\/lions-pharmacy.com\/it","name":"Lions Pharmacy","description":"Farmacia specializzata in naturopatia di Baden-Baden, Germania","publisher":{"@id":"https:\/\/lions-pharmacy.com\/it#organization"},"alternateName":"Lion Pharmacy","potentialAction":[{"@type":"SearchAction","target":{"@type":"EntryPoint","urlTemplate":"https:\/\/lions-pharmacy.com\/it?s={search_term_string}"},"query-input":{"@type":"PropertyValueSpecification","valueRequired":true,"valueName":"search_term_string"}}],"inLanguage":"it-IT"},{"@type":"Organization","@id":"https:\/\/lions-pharmacy.com\/it#organization","name":"Lions Pharmacy","alternateName":"Lions Pharmacy24","url":"https:\/\/lions-pharmacy.com\/it","logo":{"@type":"ImageObject","inLanguage":"it-IT","@id":"https:\/\/lions-pharmacy.com\/it#\/schema\/logo\/image\/","url":"https:\/\/lions-pharmacy.com\/wp-content\/uploads\/2022\/12\/Logo-Lion-Pharmacy-c-o-Loewen-Apotheke-smal.jpg","contentUrl":"https:\/\/lions-pharmacy.com\/wp-content\/uploads\/2022\/12\/Logo-Lion-Pharmacy-c-o-Loewen-Apotheke-smal.jpg","width":298,"height":99,"caption":"Lions Pharmacy"},"image":{"@id":"https:\/\/lions-pharmacy.com\/it#\/schema\/logo\/image\/"}}]}},"_links":{"self":[{"href":"https:\/\/lions-pharmacy.com\/it\/wp-json\/wp\/v2\/product\/19612","targetHints":{"allow":["GET"]}}],"collection":[{"href":"https:\/\/lions-pharmacy.com\/it\/wp-json\/wp\/v2\/product"}],"about":[{"href":"https:\/\/lions-pharmacy.com\/it\/wp-json\/wp\/v2\/types\/product"}],"replies":[{"embeddable":true,"href":"https:\/\/lions-pharmacy.com\/it\/wp-json\/wp\/v2\/comments?post=19612"}],"wp:featuredmedia":[{"embeddable":true,"href":"https:\/\/lions-pharmacy.com\/it\/wp-json\/wp\/v2\/media\/21004"}],"wp:attachment":[{"href":"https:\/\/lions-pharmacy.com\/it\/wp-json\/wp\/v2\/media?parent=19612"}],"wp:term":[{"taxonomy":"product_brand","embeddable":true,"href":"https:\/\/lions-pharmacy.com\/it\/wp-json\/wp\/v2\/product_brand?post=19612"},{"taxonomy":"product_cat","embeddable":true,"href":"https:\/\/lions-pharmacy.com\/it\/wp-json\/wp\/v2\/product_cat?post=19612"},{"taxonomy":"product_tag","embeddable":true,"href":"https:\/\/lions-pharmacy.com\/it\/wp-json\/wp\/v2\/product_tag?post=19612"}],"curies":[{"name":"wp","href":"https:\/\/api.w.org\/{rel}","templated":true}]}}