{"id":19536,"date":"2026-01-18T20:59:04","date_gmt":"2026-01-18T19:59:04","guid":{"rendered":"https:\/\/lions-pharmacy.com\/?post_type=product&#038;p=19536"},"modified":"2026-01-18T21:20:06","modified_gmt":"2026-01-18T20:20:06","slug":"prostagutt-duo-160-120mg-capsules-200-pcs-16151770","status":"publish","type":"product","link":"https:\/\/lions-pharmacy.com\/it\/prodotto\/prostagutt-duo-160-120mg-capsules-200-pcs-16151770","title":{"rendered":"Prostagutt duo 160\/120mg capsule (200 pezzi)"},"content":{"rendered":"<h3 style=\"text-align: left;\">Prostagutt duo 160\/120 mg capsule<\/h3>\n<p>Prostagutt duo 160\/120mg capsule per problemi urinari e iperplasia prostatica benigna (BPH).<\/p>\n<p>Principi attivi: Estratto denso del frutto della palma da sega ed estratto secco di ortica.<\/p>\n<p>La guarigione con le piante o con parti di esse ha una lunga tradizione in molte culture del mondo. Il Dr. Willmar Schwabe \u00e8 affascinato dai poteri curativi naturali delle piante ed \u00e8 convinto che la natura contenga molti principi attivi importanti per noi.<\/p>\n<h3 style=\"text-align: left;\">Con il lavendel medicinale contro l&#8217;inquietudine interiore e la tensione permanente.<\/h3>\n<p>Ulteriori dettagli sul prodotto Lasea softgels sono disponibili presso il produttore: <a href=\"https:\/\/www.lasea.de\/\" target=\"_blank\" rel=\"noopener\">Dr. Willmar Schwabe GmbH &amp; Co. KG<\/a><\/p>\n<p>Altri clienti sono interessati a prodotti correlati a: <a href=\"https:\/\/lions-pharmacy.com\/it\/tag-prodotto\/rimedi-naturali\" rel=\"tag\">rimedi naturali<\/a> | <a href=\"https:\/\/lions-pharmacy.com\/it\/tag-prodotto\/principio-attivo-di-origine-vegetale\" rel=\"tag\">Principi attivi vegetali<\/a> | <a href=\"\/de?product_tag=reiseapotheke\">Kit di pronto soccorso <\/a> <\/p>\n<p>Le informazioni contenute in questo sito web sono fornite solo a scopo informativo. Non sostituiscono in alcun modo la visita e il trattamento da parte di un medico. Ci\u00f2 significa che non \u00e8 possibile n\u00e9 fare diagnosi n\u00e9 iniziare terapie.<\/p>\n<p>Per i rischi e gli effetti collaterali, leggere il foglio illustrativo e chiedere al medico o al farmacista.<\/p>\n","protected":false},"excerpt":{"rendered":"<h2>Prostagutt duo 160\/120mg capsule<\/h2>\n<p>Per i problemi urinari e l&#8217;iperplasia prostatica benigna (BPH).<\/p>\n<p>&nbsp;<\/p>\n<p><strong>PZN:<\/strong> 16151770 (numero centrale della farmacia)<\/p>\n<p><strong>Forma di dosaggio<\/strong>: capsule<\/p>\n<p><strong>Tipo di prescrizione: senza prescrizione<\/strong><\/p>\n<p><strong>Produttore<\/strong>: Dr. Willmar Schwabe GmbH &amp; Co. KG, Karlsruhe, Germania<\/p>\n<p><strong>Dimensione della confezione<\/strong>: 200 pezzi.<\/p>\n","protected":false},"featured_media":19542,"comment_status":"closed","ping_status":"closed","template":"","meta":[],"product_brand":[],"product_cat":[462,124,115],"product_tag":[514,480,310,268],"class_list":{"0":"post-19536","1":"product","2":"type-product","3":"status-publish","4":"has-post-thumbnail","6":"product_cat-dr-schwabe-it","7":"product_cat-sale-it","8":"product_cat-non-categorizzato","9":"product_tag-principio-attivo-di-origine-vegetale","10":"product_tag-rimedi-naturali","11":"product_tag-vendita-mensile","12":"product_tag-vitamine-e-integratori","13":"ts_product_brand-all-it","14":"ts_product_brand-dott-schwabe","16":"first","17":"instock","18":"sale","19":"taxable","20":"shipping-taxable","21":"purchasable","22":"product-type-simple"},"yoast_head":"<!-- This site is optimized with the Yoast SEO plugin v26.5 - https:\/\/yoast.com\/wordpress\/plugins\/seo\/ -->\n<title>Prostagutt duo 160\/120mg capsule (200 pezzi) &#187;<\/title>\n<meta name=\"description\" content=\"Lions Pharmacy \u00e8 una farmacia tedesca registrata. Offriamo: Spedizione internazionale veloce e acquisti sicuri online. Prostagutt duo 160\/120mg capsule (200 pezzi)\" \/>\n<meta name=\"robots\" content=\"index, follow, max-snippet:-1, max-image-preview:large, max-video-preview:-1\" \/>\n<link rel=\"canonical\" href=\"https:\/\/lions-pharmacy.com\/it\/prodotto\/prostagutt-duo-160-120mg-capsules-200-pcs-16151770\" \/>\n<meta property=\"og:locale\" content=\"it_IT\" \/>\n<meta property=\"og:type\" content=\"article\" \/>\n<meta property=\"og:title\" content=\"Prostagutt duo 160\/120mg capsule (200 pezzi) &#187;\" \/>\n<meta property=\"og:description\" content=\"Lions Pharmacy \u00e8 una farmacia tedesca registrata. Offriamo: Spedizione internazionale veloce e acquisti sicuri online. Prostagutt duo 160\/120mg capsule (200 pezzi)\" \/>\n<meta property=\"og:url\" content=\"https:\/\/lions-pharmacy.com\/it\/prodotto\/prostagutt-duo-160-120mg-capsules-200-pcs-16151770\" \/>\n<meta property=\"og:site_name\" content=\"Lion Pharmacy\" \/>\n<meta property=\"article:modified_time\" content=\"2026-01-18T20:20:06+00:00\" \/>\n<meta property=\"og:image\" content=\"https:\/\/lions-pharmacy.com\/wp-content\/uploads\/2026\/01\/Prostagutt-duo-160-120mg-capsules-dr.w.schwabe.webp\" \/>\n\t<meta property=\"og:image:width\" content=\"600\" \/>\n\t<meta property=\"og:image:height\" content=\"600\" \/>\n\t<meta property=\"og:image:type\" content=\"image\/webp\" \/>\n<meta name=\"twitter:card\" content=\"summary_large_image\" \/>\n<meta name=\"twitter:label1\" content=\"Tempo di lettura stimato\" \/>\n\t<meta name=\"twitter:data1\" content=\"1 minuto\" \/>\n<script type=\"application\/ld+json\" class=\"yoast-schema-graph\">{\"@context\":\"https:\/\/schema.org\",\"@graph\":[{\"@type\":\"WebPage\",\"@id\":\"https:\/\/lions-pharmacy.com\/it\/prodotto\/prostagutt-duo-160-120mg-capsules-200-pcs-16151770\",\"url\":\"https:\/\/lions-pharmacy.com\/it\/prodotto\/prostagutt-duo-160-120mg-capsules-200-pcs-16151770\",\"name\":\"Prostagutt duo 160\/120mg capsule (200 pezzi) &#187;\",\"isPartOf\":{\"@id\":\"https:\/\/lions-pharmacy.com\/it#website\"},\"primaryImageOfPage\":{\"@id\":\"https:\/\/lions-pharmacy.com\/it\/prodotto\/prostagutt-duo-160-120mg-capsules-200-pcs-16151770#primaryimage\"},\"image\":{\"@id\":\"https:\/\/lions-pharmacy.com\/it\/prodotto\/prostagutt-duo-160-120mg-capsules-200-pcs-16151770#primaryimage\"},\"thumbnailUrl\":\"https:\/\/lions-pharmacy.com\/wp-content\/uploads\/2026\/01\/Prostagutt-duo-160-120mg-capsules-dr.w.schwabe.webp\",\"datePublished\":\"2026-01-18T19:59:04+00:00\",\"dateModified\":\"2026-01-18T20:20:06+00:00\",\"description\":\"Lions Pharmacy \u00e8 una farmacia tedesca registrata. Offriamo: Spedizione internazionale veloce e acquisti sicuri online. Prostagutt duo 160\/120mg capsule (200 pezzi)\",\"breadcrumb\":{\"@id\":\"https:\/\/lions-pharmacy.com\/it\/prodotto\/prostagutt-duo-160-120mg-capsules-200-pcs-16151770#breadcrumb\"},\"inLanguage\":\"it-IT\",\"potentialAction\":[{\"@type\":\"ReadAction\",\"target\":[\"https:\/\/lions-pharmacy.com\/it\/prodotto\/prostagutt-duo-160-120mg-capsules-200-pcs-16151770\"]}]},{\"@type\":\"ImageObject\",\"inLanguage\":\"it-IT\",\"@id\":\"https:\/\/lions-pharmacy.com\/it\/prodotto\/prostagutt-duo-160-120mg-capsules-200-pcs-16151770#primaryimage\",\"url\":\"https:\/\/lions-pharmacy.com\/wp-content\/uploads\/2026\/01\/Prostagutt-duo-160-120mg-capsules-dr.w.schwabe.webp\",\"contentUrl\":\"https:\/\/lions-pharmacy.com\/wp-content\/uploads\/2026\/01\/Prostagutt-duo-160-120mg-capsules-dr.w.schwabe.webp\",\"width\":600,\"height\":600,\"caption\":\"Prostagutt duo 160 120mg capsule dr.w.schwabe\"},{\"@type\":\"BreadcrumbList\",\"@id\":\"https:\/\/lions-pharmacy.com\/it\/prodotto\/prostagutt-duo-160-120mg-capsules-200-pcs-16151770#breadcrumb\",\"itemListElement\":[{\"@type\":\"ListItem\",\"position\":1,\"name\":\"Home\",\"item\":\"https:\/\/lions-pharmacy.com\/it\/homepage-lion-pharmacy\"},{\"@type\":\"ListItem\",\"position\":2,\"name\":\"Shop\",\"item\":\"https:\/\/lions-pharmacy.com\/it\/negozio\"},{\"@type\":\"ListItem\",\"position\":3,\"name\":\"Prostagutt duo 160\/120mg capsule (200 pezzi)\"}]},{\"@type\":\"WebSite\",\"@id\":\"https:\/\/lions-pharmacy.com\/it#website\",\"url\":\"https:\/\/lions-pharmacy.com\/it\",\"name\":\"Lions Pharmacy\",\"description\":\"Farmacia specializzata in naturopatia di Baden-Baden, Germania\",\"publisher\":{\"@id\":\"https:\/\/lions-pharmacy.com\/it#organization\"},\"alternateName\":\"Lion Pharmacy\",\"potentialAction\":[{\"@type\":\"SearchAction\",\"target\":{\"@type\":\"EntryPoint\",\"urlTemplate\":\"https:\/\/lions-pharmacy.com\/it?s={search_term_string}\"},\"query-input\":{\"@type\":\"PropertyValueSpecification\",\"valueRequired\":true,\"valueName\":\"search_term_string\"}}],\"inLanguage\":\"it-IT\"},{\"@type\":\"Organization\",\"@id\":\"https:\/\/lions-pharmacy.com\/it#organization\",\"name\":\"Lions Pharmacy\",\"alternateName\":\"Lions Pharmacy24\",\"url\":\"https:\/\/lions-pharmacy.com\/it\",\"logo\":{\"@type\":\"ImageObject\",\"inLanguage\":\"it-IT\",\"@id\":\"https:\/\/lions-pharmacy.com\/it#\/schema\/logo\/image\/\",\"url\":\"https:\/\/lions-pharmacy.com\/wp-content\/uploads\/2022\/12\/Logo-Lion-Pharmacy-c-o-Loewen-Apotheke-smal.jpg\",\"contentUrl\":\"https:\/\/lions-pharmacy.com\/wp-content\/uploads\/2022\/12\/Logo-Lion-Pharmacy-c-o-Loewen-Apotheke-smal.jpg\",\"width\":298,\"height\":99,\"caption\":\"Lions Pharmacy\"},\"image\":{\"@id\":\"https:\/\/lions-pharmacy.com\/it#\/schema\/logo\/image\/\"}}]}<\/script>\n<!-- \/ Yoast SEO plugin. -->","yoast_head_json":{"title":"Prostagutt duo 160\/120mg capsule (200 pezzi) &#187;","description":"Lions Pharmacy \u00e8 una farmacia tedesca registrata. Offriamo: Spedizione internazionale veloce e acquisti sicuri online. Prostagutt duo 160\/120mg capsule (200 pezzi)","robots":{"index":"index","follow":"follow","max-snippet":"max-snippet:-1","max-image-preview":"max-image-preview:large","max-video-preview":"max-video-preview:-1"},"canonical":"https:\/\/lions-pharmacy.com\/it\/prodotto\/prostagutt-duo-160-120mg-capsules-200-pcs-16151770","og_locale":"it_IT","og_type":"article","og_title":"Prostagutt duo 160\/120mg capsule (200 pezzi) &#187;","og_description":"Lions Pharmacy \u00e8 una farmacia tedesca registrata. Offriamo: Spedizione internazionale veloce e acquisti sicuri online. Prostagutt duo 160\/120mg capsule (200 pezzi)","og_url":"https:\/\/lions-pharmacy.com\/it\/prodotto\/prostagutt-duo-160-120mg-capsules-200-pcs-16151770","og_site_name":"Lion Pharmacy","article_modified_time":"2026-01-18T20:20:06+00:00","og_image":[{"width":600,"height":600,"url":"https:\/\/lions-pharmacy.com\/wp-content\/uploads\/2026\/01\/Prostagutt-duo-160-120mg-capsules-dr.w.schwabe.webp","type":"image\/webp"}],"twitter_card":"summary_large_image","twitter_misc":{"Tempo di lettura stimato":"1 minuto"},"schema":{"@context":"https:\/\/schema.org","@graph":[{"@type":"WebPage","@id":"https:\/\/lions-pharmacy.com\/it\/prodotto\/prostagutt-duo-160-120mg-capsules-200-pcs-16151770","url":"https:\/\/lions-pharmacy.com\/it\/prodotto\/prostagutt-duo-160-120mg-capsules-200-pcs-16151770","name":"Prostagutt duo 160\/120mg capsule (200 pezzi) &#187;","isPartOf":{"@id":"https:\/\/lions-pharmacy.com\/it#website"},"primaryImageOfPage":{"@id":"https:\/\/lions-pharmacy.com\/it\/prodotto\/prostagutt-duo-160-120mg-capsules-200-pcs-16151770#primaryimage"},"image":{"@id":"https:\/\/lions-pharmacy.com\/it\/prodotto\/prostagutt-duo-160-120mg-capsules-200-pcs-16151770#primaryimage"},"thumbnailUrl":"https:\/\/lions-pharmacy.com\/wp-content\/uploads\/2026\/01\/Prostagutt-duo-160-120mg-capsules-dr.w.schwabe.webp","datePublished":"2026-01-18T19:59:04+00:00","dateModified":"2026-01-18T20:20:06+00:00","description":"Lions Pharmacy \u00e8 una farmacia tedesca registrata. Offriamo: Spedizione internazionale veloce e acquisti sicuri online. Prostagutt duo 160\/120mg capsule (200 pezzi)","breadcrumb":{"@id":"https:\/\/lions-pharmacy.com\/it\/prodotto\/prostagutt-duo-160-120mg-capsules-200-pcs-16151770#breadcrumb"},"inLanguage":"it-IT","potentialAction":[{"@type":"ReadAction","target":["https:\/\/lions-pharmacy.com\/it\/prodotto\/prostagutt-duo-160-120mg-capsules-200-pcs-16151770"]}]},{"@type":"ImageObject","inLanguage":"it-IT","@id":"https:\/\/lions-pharmacy.com\/it\/prodotto\/prostagutt-duo-160-120mg-capsules-200-pcs-16151770#primaryimage","url":"https:\/\/lions-pharmacy.com\/wp-content\/uploads\/2026\/01\/Prostagutt-duo-160-120mg-capsules-dr.w.schwabe.webp","contentUrl":"https:\/\/lions-pharmacy.com\/wp-content\/uploads\/2026\/01\/Prostagutt-duo-160-120mg-capsules-dr.w.schwabe.webp","width":600,"height":600,"caption":"Prostagutt duo 160 120mg capsule dr.w.schwabe"},{"@type":"BreadcrumbList","@id":"https:\/\/lions-pharmacy.com\/it\/prodotto\/prostagutt-duo-160-120mg-capsules-200-pcs-16151770#breadcrumb","itemListElement":[{"@type":"ListItem","position":1,"name":"Home","item":"https:\/\/lions-pharmacy.com\/it\/homepage-lion-pharmacy"},{"@type":"ListItem","position":2,"name":"Shop","item":"https:\/\/lions-pharmacy.com\/it\/negozio"},{"@type":"ListItem","position":3,"name":"Prostagutt duo 160\/120mg capsule (200 pezzi)"}]},{"@type":"WebSite","@id":"https:\/\/lions-pharmacy.com\/it#website","url":"https:\/\/lions-pharmacy.com\/it","name":"Lions Pharmacy","description":"Farmacia specializzata in naturopatia di Baden-Baden, Germania","publisher":{"@id":"https:\/\/lions-pharmacy.com\/it#organization"},"alternateName":"Lion Pharmacy","potentialAction":[{"@type":"SearchAction","target":{"@type":"EntryPoint","urlTemplate":"https:\/\/lions-pharmacy.com\/it?s={search_term_string}"},"query-input":{"@type":"PropertyValueSpecification","valueRequired":true,"valueName":"search_term_string"}}],"inLanguage":"it-IT"},{"@type":"Organization","@id":"https:\/\/lions-pharmacy.com\/it#organization","name":"Lions Pharmacy","alternateName":"Lions Pharmacy24","url":"https:\/\/lions-pharmacy.com\/it","logo":{"@type":"ImageObject","inLanguage":"it-IT","@id":"https:\/\/lions-pharmacy.com\/it#\/schema\/logo\/image\/","url":"https:\/\/lions-pharmacy.com\/wp-content\/uploads\/2022\/12\/Logo-Lion-Pharmacy-c-o-Loewen-Apotheke-smal.jpg","contentUrl":"https:\/\/lions-pharmacy.com\/wp-content\/uploads\/2022\/12\/Logo-Lion-Pharmacy-c-o-Loewen-Apotheke-smal.jpg","width":298,"height":99,"caption":"Lions Pharmacy"},"image":{"@id":"https:\/\/lions-pharmacy.com\/it#\/schema\/logo\/image\/"}}]}},"_links":{"self":[{"href":"https:\/\/lions-pharmacy.com\/it\/wp-json\/wp\/v2\/product\/19536","targetHints":{"allow":["GET"]}}],"collection":[{"href":"https:\/\/lions-pharmacy.com\/it\/wp-json\/wp\/v2\/product"}],"about":[{"href":"https:\/\/lions-pharmacy.com\/it\/wp-json\/wp\/v2\/types\/product"}],"replies":[{"embeddable":true,"href":"https:\/\/lions-pharmacy.com\/it\/wp-json\/wp\/v2\/comments?post=19536"}],"wp:featuredmedia":[{"embeddable":true,"href":"https:\/\/lions-pharmacy.com\/it\/wp-json\/wp\/v2\/media\/19542"}],"wp:attachment":[{"href":"https:\/\/lions-pharmacy.com\/it\/wp-json\/wp\/v2\/media?parent=19536"}],"wp:term":[{"taxonomy":"product_brand","embeddable":true,"href":"https:\/\/lions-pharmacy.com\/it\/wp-json\/wp\/v2\/product_brand?post=19536"},{"taxonomy":"product_cat","embeddable":true,"href":"https:\/\/lions-pharmacy.com\/it\/wp-json\/wp\/v2\/product_cat?post=19536"},{"taxonomy":"product_tag","embeddable":true,"href":"https:\/\/lions-pharmacy.com\/it\/wp-json\/wp\/v2\/product_tag?post=19536"}],"curies":[{"name":"wp","href":"https:\/\/api.w.org\/{rel}","templated":true}]}}