{"id":1874,"date":"2022-12-15T14:34:39","date_gmt":"2022-12-15T13:34:39","guid":{"rendered":"https:\/\/lions-pharmacy.com\/product\/algovir-bambini-spray-freddo"},"modified":"2022-12-15T14:34:39","modified_gmt":"2022-12-15T13:34:39","slug":"algovir-bambini-freddo-spray","status":"publish","type":"product","link":"https:\/\/lions-pharmacy.com\/it\/prodotto\/algovir-bambini-freddo-spray","title":{"rendered":"Algovir bambini spray freddo"},"content":{"rendered":"<h3>Algovir bambini spray freddo<\/h3>\n<p>Algovir Children cold Spray \u00e8 usato per supportare il trattamento di raffreddori o infezioni simil-influenzali con cause virali. Pu\u00f2 anche essere usato preventivamente. L&#8217;inumidimento prolungato della mucosa nasale supporta la difesa naturale.<\/p>\n<p>Mal di gola, naso che cola, tosse \u2013 soprattutto i bambini piccoli hanno spesso a che fare con i tipici sintomi del raffreddore. I bambini piccoli prendono un raffreddore fino a dieci volte l&#8217;anno. Questo non \u00e8 solo estenuante per la prole, i genitori possono anche raggiungere i loro limiti. Sarebbe meglio se il raffreddore non scoppiasse in primo luogo e funziona: i bambini algovir impediscono al virus di penetrare nelle cellule della mucosa nasale per moltiplicarsi l\u00ec.<\/p>\n<h4>Spray per protezione preventiva<\/h4>\n<p>Il principio attivo Carragelosio\u00ae forma un film protettivo sulla mucosa nasale e rappresenta quindi una barriera fisica contro i virus del raffreddore penetranti.<\/p>\n<h4>Importamt sull&#8217;applicazione<\/h4>\n<p>Algovir Children \u00e8 adatto a bambini a partire da un anno ed \u00e8 stato testato in uno studio clinico. Lo spray freddo ha un volume di spruzzo appositamente progettato per il naso dei bambini. Algovir bambini deve essere usato tre volte al giorno entro 48 ore dal primo segno di raffreddore. Uno spray viene spruzzato in ciascuna narice per ogni applicazione. Un altro vantaggio: l&#8217;algovir non contiene conservanti e non vi \u00e8 alcun effetto di assuefazione.<\/p>\n<p>Foglietto illustrativo\/istruzioni per l&#8217;uso\/scheda tecnica: (lettore PDF)<\/p>\n<p>Nome prodotto alternativo: Algovir kids cold spray<\/p>\n<p>Altri prodotti per l&#8217;applicazione: <a href=\"https:\/\/lions-pharmacy.com\/produkt-schlagwort\/cold-flu\">Cold &amp; Flu<\/a><\/p>\n<p>Ulteriori informazioni sul manufactorer e su questo prodotto: <a href=\"https:\/\/www.algovir.de\/algovir-effekt\/\" target=\"_blank\" rel=\"noopener\">Hermes Arzneimittel GmbH<\/a> (link al sito esterno)<\/p>\n<p>Le informazioni contenute in questo sito web sono fornite solo a scopo informativo. Non sostituiscono in alcun modo la visita e il trattamento da parte di un medico. Ci\u00f2 significa che non \u00e8 possibile n\u00e9 fare diagnosi n\u00e9 iniziare terapie.<\/p>\n<p>Per i rischi e gli effetti collaterali, leggere il foglio illustrativo e rivolgersi al medico o al farmacista.<\/p>\n","protected":false},"excerpt":{"rendered":"<h2>Algovir bambini spray freddo<\/h2>\n<p>Algovir Children&#8217;s Cold Spray \u00e8 usato per supportare il trattamento di raffreddori o infezioni simil-influenzali con cause virali.<\/p>\n<p>&nbsp;<\/p>\n<p>PZN: 12579962 (Pharmazentralnummer)<\/p>\n<p>Forma di dosaggio: spray<\/p>\n<p>Tipo di prescrizione: senza prescrizione<\/p>\n<p>Marchio: Algovir<\/p>\n<p>Produttore: Hermes Arzneimittel GmbH, Germania<\/p>\n<p>Formato dell&#8217;imballaggio: 20ml<\/p>\n","protected":false},"featured_media":4696,"comment_status":"closed","ping_status":"closed","template":"","meta":[],"product_brand":[],"product_cat":[124,115],"product_tag":[254,235,295,310],"class_list":{"0":"post-1874","1":"product","2":"type-product","3":"status-publish","4":"has-post-thumbnail","6":"product_cat-sale-it","7":"product_cat-non-categorizzato","8":"product_tag-coronavirus-it","9":"product_tag-infezione-virale","10":"product_tag-influenza","11":"product_tag-vendita-mensile","12":"ts_product_brand-all-it","14":"first","15":"instock","16":"featured","17":"taxable","18":"shipping-taxable","19":"purchasable","20":"product-type-simple"},"yoast_head":"<!-- This site is optimized with the Yoast SEO plugin v26.5 - https:\/\/yoast.com\/wordpress\/plugins\/seo\/ -->\n<title>Algovir bambini spray freddo &#187; Lion Pharmacy<\/title>\n<meta name=\"description\" content=\"Farmacia Lion | farmacia online tedesca registrata | Spedizione internazionale veloce | Acquisti sicuri online | Algovir bambini spray freddo\" \/>\n<meta name=\"robots\" content=\"index, follow, max-snippet:-1, max-image-preview:large, max-video-preview:-1\" \/>\n<link rel=\"canonical\" href=\"https:\/\/lions-pharmacy.com\/it\/prodotto\/algovir-bambini-freddo-spray\" \/>\n<meta property=\"og:locale\" content=\"it_IT\" \/>\n<meta property=\"og:type\" content=\"article\" \/>\n<meta property=\"og:title\" content=\"Algovir bambini spray freddo &#187; Lion Pharmacy\" \/>\n<meta property=\"og:description\" content=\"Farmacia Lion | farmacia online tedesca registrata | Spedizione internazionale veloce | Acquisti sicuri online | Algovir bambini spray freddo\" \/>\n<meta property=\"og:url\" content=\"https:\/\/lions-pharmacy.com\/it\/prodotto\/algovir-bambini-freddo-spray\" \/>\n<meta property=\"og:site_name\" content=\"Lion Pharmacy\" \/>\n<meta property=\"og:image\" content=\"https:\/\/lions-pharmacy.com\/wp-content\/uploads\/2022\/12\/algovir-children-flu-spray-kinder-erkaeltungsspray-20ml-PZN-12579962.jpg\" \/>\n\t<meta property=\"og:image:width\" content=\"600\" \/>\n\t<meta property=\"og:image:height\" content=\"600\" \/>\n\t<meta property=\"og:image:type\" content=\"image\/jpeg\" \/>\n<meta name=\"twitter:card\" content=\"summary_large_image\" \/>\n<meta name=\"twitter:label1\" content=\"Tempo di lettura stimato\" \/>\n\t<meta name=\"twitter:data1\" content=\"2 minuti\" \/>\n<script type=\"application\/ld+json\" class=\"yoast-schema-graph\">{\"@context\":\"https:\/\/schema.org\",\"@graph\":[{\"@type\":\"WebPage\",\"@id\":\"https:\/\/lions-pharmacy.com\/it\/prodotto\/algovir-bambini-freddo-spray\",\"url\":\"https:\/\/lions-pharmacy.com\/it\/prodotto\/algovir-bambini-freddo-spray\",\"name\":\"Algovir bambini spray freddo &#187; Lion Pharmacy\",\"isPartOf\":{\"@id\":\"https:\/\/lions-pharmacy.com\/it#website\"},\"primaryImageOfPage\":{\"@id\":\"https:\/\/lions-pharmacy.com\/it\/prodotto\/algovir-bambini-freddo-spray#primaryimage\"},\"image\":{\"@id\":\"https:\/\/lions-pharmacy.com\/it\/prodotto\/algovir-bambini-freddo-spray#primaryimage\"},\"thumbnailUrl\":\"https:\/\/lions-pharmacy.com\/wp-content\/uploads\/2022\/12\/algovir-children-cold-flu-spray-20ml-PZN-12579962.webp\",\"datePublished\":\"2022-12-15T13:34:39+00:00\",\"description\":\"Farmacia Lion | farmacia online tedesca registrata | Spedizione internazionale veloce | Acquisti sicuri online | Algovir bambini spray freddo\",\"breadcrumb\":{\"@id\":\"https:\/\/lions-pharmacy.com\/it\/prodotto\/algovir-bambini-freddo-spray#breadcrumb\"},\"inLanguage\":\"it-IT\",\"potentialAction\":[{\"@type\":\"ReadAction\",\"target\":[\"https:\/\/lions-pharmacy.com\/it\/prodotto\/algovir-bambini-freddo-spray\"]}]},{\"@type\":\"ImageObject\",\"inLanguage\":\"it-IT\",\"@id\":\"https:\/\/lions-pharmacy.com\/it\/prodotto\/algovir-bambini-freddo-spray#primaryimage\",\"url\":\"https:\/\/lions-pharmacy.com\/wp-content\/uploads\/2022\/12\/algovir-children-cold-flu-spray-20ml-PZN-12579962.webp\",\"contentUrl\":\"https:\/\/lions-pharmacy.com\/wp-content\/uploads\/2022\/12\/algovir-children-cold-flu-spray-20ml-PZN-12579962.webp\",\"width\":600,\"height\":600,\"caption\":\"algovir children cold flu spray 20ml PZN 12579962\"},{\"@type\":\"BreadcrumbList\",\"@id\":\"https:\/\/lions-pharmacy.com\/it\/prodotto\/algovir-bambini-freddo-spray#breadcrumb\",\"itemListElement\":[{\"@type\":\"ListItem\",\"position\":1,\"name\":\"Home\",\"item\":\"https:\/\/lions-pharmacy.com\/it\/homepage-lion-pharmacy\"},{\"@type\":\"ListItem\",\"position\":2,\"name\":\"Shop\",\"item\":\"https:\/\/lions-pharmacy.com\/it\/negozio\"},{\"@type\":\"ListItem\",\"position\":3,\"name\":\"Algovir bambini spray freddo\"}]},{\"@type\":\"WebSite\",\"@id\":\"https:\/\/lions-pharmacy.com\/it#website\",\"url\":\"https:\/\/lions-pharmacy.com\/it\",\"name\":\"Lions Pharmacy\",\"description\":\"Farmacia specializzata in naturopatia di Baden-Baden, Germania\",\"publisher\":{\"@id\":\"https:\/\/lions-pharmacy.com\/it#organization\"},\"alternateName\":\"Lion Pharmacy\",\"potentialAction\":[{\"@type\":\"SearchAction\",\"target\":{\"@type\":\"EntryPoint\",\"urlTemplate\":\"https:\/\/lions-pharmacy.com\/it?s={search_term_string}\"},\"query-input\":{\"@type\":\"PropertyValueSpecification\",\"valueRequired\":true,\"valueName\":\"search_term_string\"}}],\"inLanguage\":\"it-IT\"},{\"@type\":\"Organization\",\"@id\":\"https:\/\/lions-pharmacy.com\/it#organization\",\"name\":\"Lions Pharmacy\",\"alternateName\":\"Lions Pharmacy24\",\"url\":\"https:\/\/lions-pharmacy.com\/it\",\"logo\":{\"@type\":\"ImageObject\",\"inLanguage\":\"it-IT\",\"@id\":\"https:\/\/lions-pharmacy.com\/it#\/schema\/logo\/image\/\",\"url\":\"https:\/\/lions-pharmacy.com\/wp-content\/uploads\/2022\/12\/Logo-Lion-Pharmacy-c-o-Loewen-Apotheke-smal.jpg\",\"contentUrl\":\"https:\/\/lions-pharmacy.com\/wp-content\/uploads\/2022\/12\/Logo-Lion-Pharmacy-c-o-Loewen-Apotheke-smal.jpg\",\"width\":298,\"height\":99,\"caption\":\"Lions Pharmacy\"},\"image\":{\"@id\":\"https:\/\/lions-pharmacy.com\/it#\/schema\/logo\/image\/\"}}]}<\/script>\n<!-- \/ Yoast SEO plugin. -->","yoast_head_json":{"title":"Algovir bambini spray freddo &#187; Lion Pharmacy","description":"Farmacia Lion | farmacia online tedesca registrata | Spedizione internazionale veloce | Acquisti sicuri online | Algovir bambini spray freddo","robots":{"index":"index","follow":"follow","max-snippet":"max-snippet:-1","max-image-preview":"max-image-preview:large","max-video-preview":"max-video-preview:-1"},"canonical":"https:\/\/lions-pharmacy.com\/it\/prodotto\/algovir-bambini-freddo-spray","og_locale":"it_IT","og_type":"article","og_title":"Algovir bambini spray freddo &#187; Lion Pharmacy","og_description":"Farmacia Lion | farmacia online tedesca registrata | Spedizione internazionale veloce | Acquisti sicuri online | Algovir bambini spray freddo","og_url":"https:\/\/lions-pharmacy.com\/it\/prodotto\/algovir-bambini-freddo-spray","og_site_name":"Lion Pharmacy","og_image":[{"width":600,"height":600,"url":"https:\/\/lions-pharmacy.com\/wp-content\/uploads\/2022\/12\/algovir-children-flu-spray-kinder-erkaeltungsspray-20ml-PZN-12579962.jpg","type":"image\/jpeg"}],"twitter_card":"summary_large_image","twitter_misc":{"Tempo di lettura stimato":"2 minuti"},"schema":{"@context":"https:\/\/schema.org","@graph":[{"@type":"WebPage","@id":"https:\/\/lions-pharmacy.com\/it\/prodotto\/algovir-bambini-freddo-spray","url":"https:\/\/lions-pharmacy.com\/it\/prodotto\/algovir-bambini-freddo-spray","name":"Algovir bambini spray freddo &#187; Lion Pharmacy","isPartOf":{"@id":"https:\/\/lions-pharmacy.com\/it#website"},"primaryImageOfPage":{"@id":"https:\/\/lions-pharmacy.com\/it\/prodotto\/algovir-bambini-freddo-spray#primaryimage"},"image":{"@id":"https:\/\/lions-pharmacy.com\/it\/prodotto\/algovir-bambini-freddo-spray#primaryimage"},"thumbnailUrl":"https:\/\/lions-pharmacy.com\/wp-content\/uploads\/2022\/12\/algovir-children-cold-flu-spray-20ml-PZN-12579962.webp","datePublished":"2022-12-15T13:34:39+00:00","description":"Farmacia Lion | farmacia online tedesca registrata | Spedizione internazionale veloce | Acquisti sicuri online | Algovir bambini spray freddo","breadcrumb":{"@id":"https:\/\/lions-pharmacy.com\/it\/prodotto\/algovir-bambini-freddo-spray#breadcrumb"},"inLanguage":"it-IT","potentialAction":[{"@type":"ReadAction","target":["https:\/\/lions-pharmacy.com\/it\/prodotto\/algovir-bambini-freddo-spray"]}]},{"@type":"ImageObject","inLanguage":"it-IT","@id":"https:\/\/lions-pharmacy.com\/it\/prodotto\/algovir-bambini-freddo-spray#primaryimage","url":"https:\/\/lions-pharmacy.com\/wp-content\/uploads\/2022\/12\/algovir-children-cold-flu-spray-20ml-PZN-12579962.webp","contentUrl":"https:\/\/lions-pharmacy.com\/wp-content\/uploads\/2022\/12\/algovir-children-cold-flu-spray-20ml-PZN-12579962.webp","width":600,"height":600,"caption":"algovir children cold flu spray 20ml PZN 12579962"},{"@type":"BreadcrumbList","@id":"https:\/\/lions-pharmacy.com\/it\/prodotto\/algovir-bambini-freddo-spray#breadcrumb","itemListElement":[{"@type":"ListItem","position":1,"name":"Home","item":"https:\/\/lions-pharmacy.com\/it\/homepage-lion-pharmacy"},{"@type":"ListItem","position":2,"name":"Shop","item":"https:\/\/lions-pharmacy.com\/it\/negozio"},{"@type":"ListItem","position":3,"name":"Algovir bambini spray freddo"}]},{"@type":"WebSite","@id":"https:\/\/lions-pharmacy.com\/it#website","url":"https:\/\/lions-pharmacy.com\/it","name":"Lions Pharmacy","description":"Farmacia specializzata in naturopatia di Baden-Baden, Germania","publisher":{"@id":"https:\/\/lions-pharmacy.com\/it#organization"},"alternateName":"Lion Pharmacy","potentialAction":[{"@type":"SearchAction","target":{"@type":"EntryPoint","urlTemplate":"https:\/\/lions-pharmacy.com\/it?s={search_term_string}"},"query-input":{"@type":"PropertyValueSpecification","valueRequired":true,"valueName":"search_term_string"}}],"inLanguage":"it-IT"},{"@type":"Organization","@id":"https:\/\/lions-pharmacy.com\/it#organization","name":"Lions Pharmacy","alternateName":"Lions Pharmacy24","url":"https:\/\/lions-pharmacy.com\/it","logo":{"@type":"ImageObject","inLanguage":"it-IT","@id":"https:\/\/lions-pharmacy.com\/it#\/schema\/logo\/image\/","url":"https:\/\/lions-pharmacy.com\/wp-content\/uploads\/2022\/12\/Logo-Lion-Pharmacy-c-o-Loewen-Apotheke-smal.jpg","contentUrl":"https:\/\/lions-pharmacy.com\/wp-content\/uploads\/2022\/12\/Logo-Lion-Pharmacy-c-o-Loewen-Apotheke-smal.jpg","width":298,"height":99,"caption":"Lions Pharmacy"},"image":{"@id":"https:\/\/lions-pharmacy.com\/it#\/schema\/logo\/image\/"}}]}},"_links":{"self":[{"href":"https:\/\/lions-pharmacy.com\/it\/wp-json\/wp\/v2\/product\/1874","targetHints":{"allow":["GET"]}}],"collection":[{"href":"https:\/\/lions-pharmacy.com\/it\/wp-json\/wp\/v2\/product"}],"about":[{"href":"https:\/\/lions-pharmacy.com\/it\/wp-json\/wp\/v2\/types\/product"}],"replies":[{"embeddable":true,"href":"https:\/\/lions-pharmacy.com\/it\/wp-json\/wp\/v2\/comments?post=1874"}],"wp:featuredmedia":[{"embeddable":true,"href":"https:\/\/lions-pharmacy.com\/it\/wp-json\/wp\/v2\/media\/4696"}],"wp:attachment":[{"href":"https:\/\/lions-pharmacy.com\/it\/wp-json\/wp\/v2\/media?parent=1874"}],"wp:term":[{"taxonomy":"product_brand","embeddable":true,"href":"https:\/\/lions-pharmacy.com\/it\/wp-json\/wp\/v2\/product_brand?post=1874"},{"taxonomy":"product_cat","embeddable":true,"href":"https:\/\/lions-pharmacy.com\/it\/wp-json\/wp\/v2\/product_cat?post=1874"},{"taxonomy":"product_tag","embeddable":true,"href":"https:\/\/lions-pharmacy.com\/it\/wp-json\/wp\/v2\/product_tag?post=1874"}],"curies":[{"name":"wp","href":"https:\/\/api.w.org\/{rel}","templated":true}]}}