{"id":1865,"date":"2023-09-07T08:30:13","date_gmt":"2023-09-07T07:30:13","guid":{"rendered":"https:\/\/lions-pharmacy.com\/?post_type=product&#038;p=1865"},"modified":"2026-02-28T07:39:39","modified_gmt":"2026-02-28T06:39:39","slug":"pascorbin-iniezione-75g-60x50ml-12507170","status":"publish","type":"product","link":"https:\/\/lions-pharmacy.com\/it\/prodotto\/pascorbin-iniezione-75g-60x50ml-12507170","title":{"rendered":"PASCORBIN Iniezione 7,5g\/ 60x50ml"},"content":{"rendered":"<h2>PASCORBIN iniezione 7,5g<\/h2>\n<p>Iniezione di PASCORBIN &#8211; questa unica infusione ad alte dosi di vitamina C approvata in Germania e in altri paesi europei. Nome del prodotto alternativo Vitamina C Injectopas 7,5 g. La pascorbina entra direttamente nel flusso sanguigno e fornisce immediatamente vitamina C. Per la terapia delle carenze cliniche di vitamina C che non possono essere corrette con l&#8217;alimentazione o sostituite per via orale.<\/p>\n<p>Principio attivo: acido ascorbico 150 mg per ml soluzione iniettabile.<\/p>\n<h4>Rendere la vitamina C pi\u00f9 disponibile pi\u00f9 velocemente<\/h4>\n<p>Nei casi di carenza di vitamina C che non possono essere corretti attraverso la dieta o l&#8217;integrazione orale, le infusioni sono un modo possibile per compensare la carenza. Nell&#8217;intestino tenue, la vitamina C viene assorbita attraverso speciali molecole di trasporto e trasportata nel flusso sanguigno. Il numero di questi trasportatori \u00e8 limitato, per questo motivo solo una parte della vitamina C raggiunge il sangue. L&#8217;infusione consente all&#8217;organismo di assorbire una quantit\u00e0 significativamente maggiore di vitamina C. Livelli cos\u00ec elevati nel sangue non possono essere raggiunti solo attraverso il cibo o le compresse.<\/p>\n<h4>Vantaggi delle infusioni di vitamina C<\/h4>\n<p>Per rafforzare il sistema immunitario, molte persone assumono la vitamina C in polvere o in compresse. Tuttavia, la quantit\u00e0 che pu\u00f2 essere assorbita dall&#8217;organismo attraverso il tratto digestivo \u00e8 limitata. Una dose eccessiva di vitamina C viene espulsa non digerita e di solito si manifesta come diarrea. Se per motivi terapeutici \u00e8 necessaria una dose maggiore di vitamina C, la terapia infusionale pu\u00f2 essere utile. Con questo metodo, la vitamina C entra direttamente nel flusso sanguigno e non deve essere assorbita prima dal rivestimento intestinale. Anche le persone con una ridotta capacit\u00e0 di assorbimento intestinale possono trarre beneficio da un&#8217;infusione di vitamina C.<\/p>\n<p>Il portafoglio Pascoe comprende circa 200 prodotti. Questi includono medicinali a base di erbe, preparati vitaminici ad alte dosi, rimedi complessi omeopatici e integratori alimentari. La variet\u00e0 di medicinali tiene conto dei complessi requisiti dei prodotti sanitari. Il nostro successo ci d\u00e0 ragione anche a livello internazionale: i nostri prodotti vengono esportati in pi\u00f9 di 30 paesi in tutto il mondo e la tendenza \u00e8 in aumento.<\/p>\n<p>Il portafoglio Pascoe comprende circa 200 prodotti. Questi includono medicinali a base di erbe, preparati vitaminici ad alte dosi, rimedi complessi omeopatici e integratori alimentari. La variet\u00e0 di medicinali tiene conto dei complessi requisiti dei prodotti sanitari. Il nostro successo ci d\u00e0 ragione anche a livello internazionale: i nostri prodotti vengono esportati in pi\u00f9 di 30 paesi in tutto il mondo e la tendenza \u00e8 in aumento.<\/p>\n<p>Altri prodotti per l&#8217;applicazione: <a href=\"https:\/\/lions-pharmacy.com\/it\/tag-prodotto\/vitamine-e-integratori\">Vitamine<\/a><br \/>\nUlteriori informazioni sul manufactorer e su questo prodotto: <a href=\"https:\/\/www.pascoe.de\/\" target=\"_blank\" rel=\"noopener\">Pascoe pharmazeutische Pr\u00e4parate GmbH<\/a> (link al sito esterno)<\/p>\n<p>Le informazioni contenute in questo sito web sono fornite solo a scopo informativo. Non sostituiscono in alcun modo la visita e il trattamento da parte di un medico. Ci\u00f2 significa che non \u00e8 possibile n\u00e9 fare diagnosi n\u00e9 iniziare terapie.<\/p>\n<p>Per i rischi e gli effetti collaterali, leggere il foglio illustrativo e chiedere al medico o al farmacista.<\/p>\n","protected":false},"excerpt":{"rendered":"<h2>PASCORBIN iniezione 7,5g\/ 60x 50ml<\/h2>\n<p>Acido ascorbico iniettabile &#8211; Per l&#8217;uso in adulti e bambini.<\/p>\n<p>&nbsp;<\/p>\n<p><strong>PZN<\/strong>: 12507170 (Numero centrale della farmacia)<\/p>\n<p><strong>Forma di dosaggio<\/strong>: Capsule<\/p>\n<p><strong>Tipo di prescrizione: senza prescrizione<\/strong><\/p>\n<p><strong>Marchio<\/strong>: PASCORBIN &#8211; Vitamina C Injectopas<\/p>\n<p><strong>Produttore<\/strong>: Pascoe pharmazeutische Pr\u00e4parate GmbH<\/p>\n<p><strong>Dimensioni della confezione<\/strong>: 60x 50ml<\/p>\n","protected":false},"featured_media":4719,"comment_status":"closed","ping_status":"closed","template":"","meta":[],"product_brand":[],"product_cat":[600,124,115],"product_tag":[270,268],"class_list":{"0":"post-1865","1":"product","2":"type-product","3":"status-publish","4":"has-post-thumbnail","6":"product_cat-pascoe-it","7":"product_cat-sale-it","8":"product_cat-non-categorizzato","9":"product_tag-benessere","10":"product_tag-vitamine-e-integratori","11":"ts_product_brand-all-it","12":"ts_product_brand-pascoe-it","14":"first","15":"instock","16":"sale","17":"taxable","18":"shipping-taxable","19":"purchasable","20":"product-type-simple"},"yoast_head":"<!-- This site is optimized with the Yoast SEO plugin v26.5 - https:\/\/yoast.com\/wordpress\/plugins\/seo\/ -->\n<title>PASCORBIN Iniezione 7,5g\/ 60x50ml &#187; Lion Pharmacy - Ordina qui<\/title>\n<meta name=\"description\" content=\"Farmacia online tedesca registrata: Offriamo: prezzi migliori e spedizione internazionale veloce. Scopri di pi\u00f9 sulla vitamina C | PASCORBIN Iniezione 7,5g\/ 60x50ml%\" \/>\n<meta name=\"robots\" content=\"index, follow, max-snippet:-1, max-image-preview:large, max-video-preview:-1\" \/>\n<link rel=\"canonical\" href=\"https:\/\/lions-pharmacy.com\/it\/prodotto\/pascorbin-iniezione-75g-60x50ml-12507170\" \/>\n<meta property=\"og:locale\" content=\"it_IT\" \/>\n<meta property=\"og:type\" content=\"article\" \/>\n<meta property=\"og:title\" content=\"PASCORBIN Iniezione 7,5g\/ 60x50ml &#187; Lion Pharmacy - Ordina qui\" \/>\n<meta property=\"og:description\" content=\"Farmacia online tedesca registrata: Offriamo: prezzi migliori e spedizione internazionale veloce. Scopri di pi\u00f9 sulla vitamina C | PASCORBIN Iniezione 7,5g\/ 60x50ml%\" \/>\n<meta property=\"og:url\" content=\"https:\/\/lions-pharmacy.com\/it\/prodotto\/pascorbin-iniezione-75g-60x50ml-12507170\" \/>\n<meta property=\"og:site_name\" content=\"Lion Pharmacy\" \/>\n<meta property=\"article:modified_time\" content=\"2026-02-28T06:39:39+00:00\" \/>\n<meta property=\"og:image\" content=\"https:\/\/lions-pharmacy.com\/wp-content\/uploads\/2022\/12\/PASCORBIN-Injection-liquid-75g-20x-50ml-00581310-Pascoe-pharmazeutische-Preparate-GmbH-Lions-Pharmacy.webp\" \/>\n\t<meta property=\"og:image:width\" content=\"600\" \/>\n\t<meta property=\"og:image:height\" content=\"600\" \/>\n\t<meta property=\"og:image:type\" content=\"image\/webp\" \/>\n<meta name=\"twitter:card\" content=\"summary_large_image\" \/>\n<meta name=\"twitter:label1\" content=\"Tempo di lettura stimato\" \/>\n\t<meta name=\"twitter:data1\" content=\"2 minuti\" \/>\n<script type=\"application\/ld+json\" class=\"yoast-schema-graph\">{\"@context\":\"https:\/\/schema.org\",\"@graph\":[{\"@type\":\"WebPage\",\"@id\":\"https:\/\/lions-pharmacy.com\/it\/prodotto\/pascorbin-iniezione-75g-60x50ml-12507170\",\"url\":\"https:\/\/lions-pharmacy.com\/it\/prodotto\/pascorbin-iniezione-75g-60x50ml-12507170\",\"name\":\"PASCORBIN Iniezione 7,5g\/ 60x50ml &#187; Lion Pharmacy - Ordina qui\",\"isPartOf\":{\"@id\":\"https:\/\/lions-pharmacy.com\/it#website\"},\"primaryImageOfPage\":{\"@id\":\"https:\/\/lions-pharmacy.com\/it\/prodotto\/pascorbin-iniezione-75g-60x50ml-12507170#primaryimage\"},\"image\":{\"@id\":\"https:\/\/lions-pharmacy.com\/it\/prodotto\/pascorbin-iniezione-75g-60x50ml-12507170#primaryimage\"},\"thumbnailUrl\":\"https:\/\/lions-pharmacy.com\/wp-content\/uploads\/2022\/12\/PASCORBIN-Injection-liquid-75g-20x-50ml-00581310-Pascoe-pharmazeutische-Preparate-GmbH-Lions-Pharmacy.webp\",\"datePublished\":\"2023-09-07T07:30:13+00:00\",\"dateModified\":\"2026-02-28T06:39:39+00:00\",\"description\":\"Farmacia online tedesca registrata: Offriamo: prezzi migliori e spedizione internazionale veloce. Scopri di pi\u00f9 sulla vitamina C | PASCORBIN Iniezione 7,5g\/ 60x50ml%\",\"breadcrumb\":{\"@id\":\"https:\/\/lions-pharmacy.com\/it\/prodotto\/pascorbin-iniezione-75g-60x50ml-12507170#breadcrumb\"},\"inLanguage\":\"it-IT\",\"potentialAction\":[{\"@type\":\"ReadAction\",\"target\":[\"https:\/\/lions-pharmacy.com\/it\/prodotto\/pascorbin-iniezione-75g-60x50ml-12507170\"]}]},{\"@type\":\"ImageObject\",\"inLanguage\":\"it-IT\",\"@id\":\"https:\/\/lions-pharmacy.com\/it\/prodotto\/pascorbin-iniezione-75g-60x50ml-12507170#primaryimage\",\"url\":\"https:\/\/lions-pharmacy.com\/wp-content\/uploads\/2022\/12\/PASCORBIN-Injection-liquid-75g-20x-50ml-00581310-Pascoe-pharmazeutische-Preparate-GmbH-Lions-Pharmacy.webp\",\"contentUrl\":\"https:\/\/lions-pharmacy.com\/wp-content\/uploads\/2022\/12\/PASCORBIN-Injection-liquid-75g-20x-50ml-00581310-Pascoe-pharmazeutische-Preparate-GmbH-Lions-Pharmacy.webp\",\"width\":600,\"height\":600,\"caption\":\"PASCORBIN Liquido per iniezione 75g 20x 50ml 00581310 Pascoe pharma preparati GmbH-Lions Farmacia\"},{\"@type\":\"BreadcrumbList\",\"@id\":\"https:\/\/lions-pharmacy.com\/it\/prodotto\/pascorbin-iniezione-75g-60x50ml-12507170#breadcrumb\",\"itemListElement\":[{\"@type\":\"ListItem\",\"position\":1,\"name\":\"Home\",\"item\":\"https:\/\/lions-pharmacy.com\/it\/homepage-lion-pharmacy\"},{\"@type\":\"ListItem\",\"position\":2,\"name\":\"Shop\",\"item\":\"https:\/\/lions-pharmacy.com\/it\/negozio\"},{\"@type\":\"ListItem\",\"position\":3,\"name\":\"PASCORBIN Iniezione 7,5g\/ 60x50ml\"}]},{\"@type\":\"WebSite\",\"@id\":\"https:\/\/lions-pharmacy.com\/it#website\",\"url\":\"https:\/\/lions-pharmacy.com\/it\",\"name\":\"Lions Pharmacy\",\"description\":\"Farmacia specializzata in naturopatia di Baden-Baden, Germania\",\"publisher\":{\"@id\":\"https:\/\/lions-pharmacy.com\/it#organization\"},\"alternateName\":\"Lion Pharmacy\",\"potentialAction\":[{\"@type\":\"SearchAction\",\"target\":{\"@type\":\"EntryPoint\",\"urlTemplate\":\"https:\/\/lions-pharmacy.com\/it?s={search_term_string}\"},\"query-input\":{\"@type\":\"PropertyValueSpecification\",\"valueRequired\":true,\"valueName\":\"search_term_string\"}}],\"inLanguage\":\"it-IT\"},{\"@type\":\"Organization\",\"@id\":\"https:\/\/lions-pharmacy.com\/it#organization\",\"name\":\"Lions Pharmacy\",\"alternateName\":\"Lions Pharmacy24\",\"url\":\"https:\/\/lions-pharmacy.com\/it\",\"logo\":{\"@type\":\"ImageObject\",\"inLanguage\":\"it-IT\",\"@id\":\"https:\/\/lions-pharmacy.com\/it#\/schema\/logo\/image\/\",\"url\":\"https:\/\/lions-pharmacy.com\/wp-content\/uploads\/2022\/12\/Logo-Lion-Pharmacy-c-o-Loewen-Apotheke-smal.jpg\",\"contentUrl\":\"https:\/\/lions-pharmacy.com\/wp-content\/uploads\/2022\/12\/Logo-Lion-Pharmacy-c-o-Loewen-Apotheke-smal.jpg\",\"width\":298,\"height\":99,\"caption\":\"Lions Pharmacy\"},\"image\":{\"@id\":\"https:\/\/lions-pharmacy.com\/it#\/schema\/logo\/image\/\"}}]}<\/script>\n<!-- \/ Yoast SEO plugin. -->","yoast_head_json":{"title":"PASCORBIN Iniezione 7,5g\/ 60x50ml &#187; Lion Pharmacy - Ordina qui","description":"Farmacia online tedesca registrata: Offriamo: prezzi migliori e spedizione internazionale veloce. Scopri di pi\u00f9 sulla vitamina C | PASCORBIN Iniezione 7,5g\/ 60x50ml%","robots":{"index":"index","follow":"follow","max-snippet":"max-snippet:-1","max-image-preview":"max-image-preview:large","max-video-preview":"max-video-preview:-1"},"canonical":"https:\/\/lions-pharmacy.com\/it\/prodotto\/pascorbin-iniezione-75g-60x50ml-12507170","og_locale":"it_IT","og_type":"article","og_title":"PASCORBIN Iniezione 7,5g\/ 60x50ml &#187; Lion Pharmacy - Ordina qui","og_description":"Farmacia online tedesca registrata: Offriamo: prezzi migliori e spedizione internazionale veloce. Scopri di pi\u00f9 sulla vitamina C | PASCORBIN Iniezione 7,5g\/ 60x50ml%","og_url":"https:\/\/lions-pharmacy.com\/it\/prodotto\/pascorbin-iniezione-75g-60x50ml-12507170","og_site_name":"Lion Pharmacy","article_modified_time":"2026-02-28T06:39:39+00:00","og_image":[{"width":600,"height":600,"url":"https:\/\/lions-pharmacy.com\/wp-content\/uploads\/2022\/12\/PASCORBIN-Injection-liquid-75g-20x-50ml-00581310-Pascoe-pharmazeutische-Preparate-GmbH-Lions-Pharmacy.webp","type":"image\/webp"}],"twitter_card":"summary_large_image","twitter_misc":{"Tempo di lettura stimato":"2 minuti"},"schema":{"@context":"https:\/\/schema.org","@graph":[{"@type":"WebPage","@id":"https:\/\/lions-pharmacy.com\/it\/prodotto\/pascorbin-iniezione-75g-60x50ml-12507170","url":"https:\/\/lions-pharmacy.com\/it\/prodotto\/pascorbin-iniezione-75g-60x50ml-12507170","name":"PASCORBIN Iniezione 7,5g\/ 60x50ml &#187; Lion Pharmacy - Ordina qui","isPartOf":{"@id":"https:\/\/lions-pharmacy.com\/it#website"},"primaryImageOfPage":{"@id":"https:\/\/lions-pharmacy.com\/it\/prodotto\/pascorbin-iniezione-75g-60x50ml-12507170#primaryimage"},"image":{"@id":"https:\/\/lions-pharmacy.com\/it\/prodotto\/pascorbin-iniezione-75g-60x50ml-12507170#primaryimage"},"thumbnailUrl":"https:\/\/lions-pharmacy.com\/wp-content\/uploads\/2022\/12\/PASCORBIN-Injection-liquid-75g-20x-50ml-00581310-Pascoe-pharmazeutische-Preparate-GmbH-Lions-Pharmacy.webp","datePublished":"2023-09-07T07:30:13+00:00","dateModified":"2026-02-28T06:39:39+00:00","description":"Farmacia online tedesca registrata: Offriamo: prezzi migliori e spedizione internazionale veloce. Scopri di pi\u00f9 sulla vitamina C | PASCORBIN Iniezione 7,5g\/ 60x50ml%","breadcrumb":{"@id":"https:\/\/lions-pharmacy.com\/it\/prodotto\/pascorbin-iniezione-75g-60x50ml-12507170#breadcrumb"},"inLanguage":"it-IT","potentialAction":[{"@type":"ReadAction","target":["https:\/\/lions-pharmacy.com\/it\/prodotto\/pascorbin-iniezione-75g-60x50ml-12507170"]}]},{"@type":"ImageObject","inLanguage":"it-IT","@id":"https:\/\/lions-pharmacy.com\/it\/prodotto\/pascorbin-iniezione-75g-60x50ml-12507170#primaryimage","url":"https:\/\/lions-pharmacy.com\/wp-content\/uploads\/2022\/12\/PASCORBIN-Injection-liquid-75g-20x-50ml-00581310-Pascoe-pharmazeutische-Preparate-GmbH-Lions-Pharmacy.webp","contentUrl":"https:\/\/lions-pharmacy.com\/wp-content\/uploads\/2022\/12\/PASCORBIN-Injection-liquid-75g-20x-50ml-00581310-Pascoe-pharmazeutische-Preparate-GmbH-Lions-Pharmacy.webp","width":600,"height":600,"caption":"PASCORBIN Liquido per iniezione 75g 20x 50ml 00581310 Pascoe pharma preparati GmbH-Lions Farmacia"},{"@type":"BreadcrumbList","@id":"https:\/\/lions-pharmacy.com\/it\/prodotto\/pascorbin-iniezione-75g-60x50ml-12507170#breadcrumb","itemListElement":[{"@type":"ListItem","position":1,"name":"Home","item":"https:\/\/lions-pharmacy.com\/it\/homepage-lion-pharmacy"},{"@type":"ListItem","position":2,"name":"Shop","item":"https:\/\/lions-pharmacy.com\/it\/negozio"},{"@type":"ListItem","position":3,"name":"PASCORBIN Iniezione 7,5g\/ 60x50ml"}]},{"@type":"WebSite","@id":"https:\/\/lions-pharmacy.com\/it#website","url":"https:\/\/lions-pharmacy.com\/it","name":"Lions Pharmacy","description":"Farmacia specializzata in naturopatia di Baden-Baden, Germania","publisher":{"@id":"https:\/\/lions-pharmacy.com\/it#organization"},"alternateName":"Lion Pharmacy","potentialAction":[{"@type":"SearchAction","target":{"@type":"EntryPoint","urlTemplate":"https:\/\/lions-pharmacy.com\/it?s={search_term_string}"},"query-input":{"@type":"PropertyValueSpecification","valueRequired":true,"valueName":"search_term_string"}}],"inLanguage":"it-IT"},{"@type":"Organization","@id":"https:\/\/lions-pharmacy.com\/it#organization","name":"Lions Pharmacy","alternateName":"Lions Pharmacy24","url":"https:\/\/lions-pharmacy.com\/it","logo":{"@type":"ImageObject","inLanguage":"it-IT","@id":"https:\/\/lions-pharmacy.com\/it#\/schema\/logo\/image\/","url":"https:\/\/lions-pharmacy.com\/wp-content\/uploads\/2022\/12\/Logo-Lion-Pharmacy-c-o-Loewen-Apotheke-smal.jpg","contentUrl":"https:\/\/lions-pharmacy.com\/wp-content\/uploads\/2022\/12\/Logo-Lion-Pharmacy-c-o-Loewen-Apotheke-smal.jpg","width":298,"height":99,"caption":"Lions Pharmacy"},"image":{"@id":"https:\/\/lions-pharmacy.com\/it#\/schema\/logo\/image\/"}}]}},"_links":{"self":[{"href":"https:\/\/lions-pharmacy.com\/it\/wp-json\/wp\/v2\/product\/1865","targetHints":{"allow":["GET"]}}],"collection":[{"href":"https:\/\/lions-pharmacy.com\/it\/wp-json\/wp\/v2\/product"}],"about":[{"href":"https:\/\/lions-pharmacy.com\/it\/wp-json\/wp\/v2\/types\/product"}],"replies":[{"embeddable":true,"href":"https:\/\/lions-pharmacy.com\/it\/wp-json\/wp\/v2\/comments?post=1865"}],"wp:featuredmedia":[{"embeddable":true,"href":"https:\/\/lions-pharmacy.com\/it\/wp-json\/wp\/v2\/media\/4719"}],"wp:attachment":[{"href":"https:\/\/lions-pharmacy.com\/it\/wp-json\/wp\/v2\/media?parent=1865"}],"wp:term":[{"taxonomy":"product_brand","embeddable":true,"href":"https:\/\/lions-pharmacy.com\/it\/wp-json\/wp\/v2\/product_brand?post=1865"},{"taxonomy":"product_cat","embeddable":true,"href":"https:\/\/lions-pharmacy.com\/it\/wp-json\/wp\/v2\/product_cat?post=1865"},{"taxonomy":"product_tag","embeddable":true,"href":"https:\/\/lions-pharmacy.com\/it\/wp-json\/wp\/v2\/product_tag?post=1865"}],"curies":[{"name":"wp","href":"https:\/\/api.w.org\/{rel}","templated":true}]}}