{"id":18562,"date":"2025-12-16T06:32:28","date_gmt":"2025-12-16T05:32:28","guid":{"rendered":"https:\/\/lions-pharmacy.com\/?post_type=product&#038;p=18562"},"modified":"2025-12-16T06:58:29","modified_gmt":"2025-12-16T05:58:29","slug":"zinzino-collagen-boozt","status":"publish","type":"product","link":"https:\/\/lions-pharmacy.com\/it\/prodotto\/zinzino-collagen-boozt","title":{"rendered":"ZINZINO Collagene Boozt"},"content":{"rendered":"<h3>ZINZINO Collagene Boozt<\/h3>\n<p>ZINZINO Collagen Boozt \u00e8 una formulazione liquida al gusto di ciliegia con un elevato contenuto di due importanti ingredienti: collagene marino e acido ialuronico. Derivato dal pesce, il collagene marino \u00e8 noto per la sua grande biodisponibilit\u00e0 e per il suo potenziale nel migliorare la consistenza e l&#8217;elasticit\u00e0 della pelle, mentre l&#8217;acido ialuronico \u00e8 apprezzato per le sue propriet\u00e0 di mantenimento dell&#8217;idratazione della pelle.<\/p>\n<p>Zinzino Collagen Boozt \u00e8 un integratore alimentare appositamente formulato per sostenere la pelle, i capelli, le unghie, le articolazioni e la vitalit\u00e0 generale grazie al suo ingrediente principale, il collagene. Per comprendere nel dettaglio la funzione e i benefici di questo prodotto \u00e8 necessario dare uno sguardo pi\u00f9 approfondito al ruolo del collagene nell&#8217;organismo, alla formulazione specifica e ai benefici di Zinzino&#8217;s Collagen Boozt, oltre a capire come si inserisce in un approccio olistico alla salute e al benessere.<\/p>\n<p>Collagen Boozt \u00e8 un&#8217;applicazione di 10 giorni attentamente formulata per supportare le tue esigenze di collagene.<\/p>\n<p>Ingredienti: Collagene marino in polvere (Merluzzo, Eglefino, Pollock) (Pesce), Fibra di radice di cicoria, Regolatore di acidit\u00e0 (Glucono-delta-Lattone, Acido Citrico), L-Arginina, Glicina, Citrato di Magnesio, Aroma, Estratto di Mirtillo, Acido Ialuronico, Concentrato di Carota Nera, Lactobacillus casei subsp. casei 327, Vitamina C (Ascorbato di Sodio), Estratto di Ciliegia Acerola, Conservante (Sorbato di Potassio), Ceramidi di Crusca di Riso, Edulcorante (Glicosidi Steviolici di Stevia), Solfato di Zinco, Citrato di Rame, Vitamina B7 (Biotina).<\/p>\n<p>Assunzione: 1 flacone (46 ml) al giorno. Non superare la dose giornaliera raccomandata.<\/p>\n<p>Per saperne di pi\u00f9 sul produttore e su questo prodotto: <a href=\"https:\/\/www.zinzino.com\/shop\/2020670485\/DE\/de-DE\/products\/shop\" target=\"_blank\" rel=\"noopener\">Zinzino<\/a> (link a sito esterno)<\/p>\n<p>Nota sull&#8217;uso e l&#8217;impiego: Le informazioni fornite in questo sito web sono solo di carattere generale e non sostituiscono la consulenza professionale, la diagnosi o il trattamento da parte di un medico. Gli integratori alimentari non sostituiscono una dieta equilibrata e varia e uno stile di vita sano.<\/p>\n<p>Gli integratori alimentari non sostituiscono una dieta varia. Una dieta equilibrata e uno stile di vita sano sono importanti. Non superare la dose giornaliera raccomandata. Tenere fuori dalla portata dei bambini piccoli. Conservalo in un luogo fresco e asciutto.<\/p>\n<p>Per conoscere i rischi e gli effetti collaterali, leggi il foglietto illustrativo e chiedi al tuo medico o alla farmacia.<\/p>\n<h3>Il consiglio dell&#8217;esperto in farmacia:<\/h3>\n<p>Il nostro farmacista consiglia i seguenti prodotti per la longevit\u00e0, la concentrazione e lo stress: <a href=\"https:\/\/lions-pharmacy.com\/it\/prodotto\/zinzino-balanceoil-premium-300-ml-5905997895026\">BalanceOil+ Premium<\/a> &#8211; di provata e specifica efficacia.<\/p>\n<h3>Riscatta la prescrizione o la ricetta elettronica:<\/h3>\n<p>Hai una prescrizione o una ricetta elettronica? Invia le ricette comodamente tramite la nostra app <a class=\"ProsemirrorEditor-link\" href=\"https:\/\/e-rezept-app.de\/shop-rezept\">per le prescrizioni elettroniche<\/a> &#8211; \u00e8 possibile anche effettuare prescrizioni private per chi paga da solo. Veloce, sicuro e facile.<\/p>\n<h3 class=\"TypographyPresentation TypographyPresentation--medium RichText3-paragraph--withVSpacingNormal RichText3-paragraph HighlightSol HighlightSol--buildingBlock\">Domande sul prodotto? Siamo qui per te!<\/h3>\n<p class=\"TypographyPresentation TypographyPresentation--medium RichText3-paragraph--withVSpacingNormal RichText3-paragraph HighlightSol HighlightSol--buildingBlock\">La nostra farmacista responsabile, la <strong>Dott.ssa Sandra Hoff<\/strong>, e il suo team saranno lieti di consigliarti personalmente &#8211; per telefono o via e-mail. In qualit\u00e0 di <strong>vera e propria farmacia locale<\/strong> e di <strong>farmacia autorizzata per la vendita per corrispondenza<\/strong>, ti offriamo un&#8217;assistenza competente, soprattutto nei settori della naturopatia e degli integratori alimentari. Puoi trovare la nostra autorizzazione come <a href=\"https:\/\/versandhandel.dimdi.de\/websearch\/servlet\/Gate;jsessionid=0D29D15655BE1174E9178A340E8FE6BC?accessid=dimdi_var&amp;term=3c387956690121ccc8763184f052b93f\" target=\"_blank\" rel=\"noopener\">voce nel registro delle vendite per corrispondenza.<\/a><\/p>\n","protected":false},"excerpt":{"rendered":"<h2>ZINZINO Collagene Boozt<\/h2>\n<p>Liquido appositamente sviluppato per supportare la salute di pelle, capelli, unghie, articolazioni e la vitalit\u00e0 generale grazie al suo ingrediente principale, il collagene.<\/p>\n<p>&nbsp;<\/p>\n<p><strong>PZN<\/strong> (numero centrale della farmacia): 08000066<br \/>\n<strong>Forma di dosaggio<\/strong>: Liquido<br \/>\n<strong>Tipo di prescrizione: senza prescrizione<\/strong><br \/>\n<strong>Marchio<\/strong>: Zinzino<br \/>\n<strong>Produttore<\/strong>: Zinzino AB, Gotenbourg, Svezia.<br \/>\n<strong>Dimensioni della confezione<\/strong>: 10x 46 ml<\/p>\n","protected":false},"featured_media":21515,"comment_status":"closed","ping_status":"closed","template":"","meta":[],"product_brand":[],"product_cat":[124,115],"product_tag":[269,271,482,514,480,268],"class_list":{"0":"post-18562","1":"product","2":"type-product","3":"status-publish","4":"has-post-thumbnail","6":"product_cat-sale-it","7":"product_cat-non-categorizzato","8":"product_tag-gestione-del-peso","9":"product_tag-peso-e-forma-fisica","10":"product_tag-principio-attivo-a-base-di-erbe","11":"product_tag-principio-attivo-di-origine-vegetale","12":"product_tag-rimedi-naturali","13":"product_tag-vitamine-e-integratori","14":"ts_product_brand-all-it","16":"first","17":"instock","18":"taxable","19":"shipping-taxable","20":"purchasable","21":"product-type-simple"},"yoast_head":"<!-- This site is optimized with the Yoast SEO plugin v26.5 - https:\/\/yoast.com\/wordpress\/plugins\/seo\/ -->\n<title>ZINZINO Collagene Boozt &#187;<\/title>\n<meta name=\"description\" content=\"salute di pelle, capelli, unghie, articolazioni e vitalit\u00e0 generale. Collagene. Scopri di pi\u00f9 su ZINZINO Collagene Boozt. Ti offriamo: Spedizione veloce e acquisti sicuri online.\" \/>\n<meta name=\"robots\" content=\"index, follow, max-snippet:-1, max-image-preview:large, max-video-preview:-1\" \/>\n<link rel=\"canonical\" href=\"https:\/\/lions-pharmacy.com\/it\/prodotto\/zinzino-collagen-boozt\" \/>\n<meta property=\"og:locale\" content=\"it_IT\" \/>\n<meta property=\"og:type\" content=\"article\" \/>\n<meta property=\"og:title\" content=\"ZINZINO Collagene Boozt &#187;\" \/>\n<meta property=\"og:description\" content=\"salute di pelle, capelli, unghie, articolazioni e vitalit\u00e0 generale. Collagene. Scopri di pi\u00f9 su ZINZINO Collagene Boozt. Ti offriamo: Spedizione veloce e acquisti sicuri online.\" \/>\n<meta property=\"og:url\" content=\"https:\/\/lions-pharmacy.com\/it\/prodotto\/zinzino-collagen-boozt\" \/>\n<meta property=\"og:site_name\" content=\"Lion Pharmacy\" \/>\n<meta property=\"article:modified_time\" content=\"2025-12-16T05:58:29+00:00\" \/>\n<meta property=\"og:image\" content=\"https:\/\/lions-pharmacy.com\/wp-content\/uploads\/2025\/12\/Zinzino-Collagen-Boozt-Lowen-Apotheke24.webp\" \/>\n\t<meta property=\"og:image:width\" content=\"600\" \/>\n\t<meta property=\"og:image:height\" content=\"600\" \/>\n\t<meta property=\"og:image:type\" content=\"image\/webp\" \/>\n<meta name=\"twitter:card\" content=\"summary_large_image\" \/>\n<meta name=\"twitter:label1\" content=\"Tempo di lettura stimato\" \/>\n\t<meta name=\"twitter:data1\" content=\"3 minuti\" \/>\n<script type=\"application\/ld+json\" class=\"yoast-schema-graph\">{\"@context\":\"https:\/\/schema.org\",\"@graph\":[{\"@type\":\"WebPage\",\"@id\":\"https:\/\/lions-pharmacy.com\/it\/prodotto\/zinzino-collagen-boozt\",\"url\":\"https:\/\/lions-pharmacy.com\/it\/prodotto\/zinzino-collagen-boozt\",\"name\":\"ZINZINO Collagene Boozt &#187;\",\"isPartOf\":{\"@id\":\"https:\/\/lions-pharmacy.com\/it#website\"},\"primaryImageOfPage\":{\"@id\":\"https:\/\/lions-pharmacy.com\/it\/prodotto\/zinzino-collagen-boozt#primaryimage\"},\"image\":{\"@id\":\"https:\/\/lions-pharmacy.com\/it\/prodotto\/zinzino-collagen-boozt#primaryimage\"},\"thumbnailUrl\":\"https:\/\/lions-pharmacy.com\/wp-content\/uploads\/2025\/12\/Zinzino-Collagen-Boozt-Lowen-Apotheke24-1.webp\",\"datePublished\":\"2025-12-16T05:32:28+00:00\",\"dateModified\":\"2025-12-16T05:58:29+00:00\",\"description\":\"salute di pelle, capelli, unghie, articolazioni e vitalit\u00e0 generale. Collagene. Scopri di pi\u00f9 su ZINZINO Collagene Boozt. Ti offriamo: Spedizione veloce e acquisti sicuri online.\",\"breadcrumb\":{\"@id\":\"https:\/\/lions-pharmacy.com\/it\/prodotto\/zinzino-collagen-boozt#breadcrumb\"},\"inLanguage\":\"it-IT\",\"potentialAction\":[{\"@type\":\"ReadAction\",\"target\":[\"https:\/\/lions-pharmacy.com\/it\/prodotto\/zinzino-collagen-boozt\"]}]},{\"@type\":\"ImageObject\",\"inLanguage\":\"it-IT\",\"@id\":\"https:\/\/lions-pharmacy.com\/it\/prodotto\/zinzino-collagen-boozt#primaryimage\",\"url\":\"https:\/\/lions-pharmacy.com\/wp-content\/uploads\/2025\/12\/Zinzino-Collagen-Boozt-Lowen-Apotheke24-1.webp\",\"contentUrl\":\"https:\/\/lions-pharmacy.com\/wp-content\/uploads\/2025\/12\/Zinzino-Collagen-Boozt-Lowen-Apotheke24-1.webp\",\"width\":600,\"height\":600,\"caption\":\"Zinzino Collagen Boozt Lions-Pharmacy\"},{\"@type\":\"BreadcrumbList\",\"@id\":\"https:\/\/lions-pharmacy.com\/it\/prodotto\/zinzino-collagen-boozt#breadcrumb\",\"itemListElement\":[{\"@type\":\"ListItem\",\"position\":1,\"name\":\"Home\",\"item\":\"https:\/\/lions-pharmacy.com\/it\/homepage-lion-pharmacy\"},{\"@type\":\"ListItem\",\"position\":2,\"name\":\"Shop\",\"item\":\"https:\/\/lions-pharmacy.com\/it\/negozio\"},{\"@type\":\"ListItem\",\"position\":3,\"name\":\"ZINZINO Collagene Boozt\"}]},{\"@type\":\"WebSite\",\"@id\":\"https:\/\/lions-pharmacy.com\/it#website\",\"url\":\"https:\/\/lions-pharmacy.com\/it\",\"name\":\"Lions Pharmacy\",\"description\":\"Farmacia specializzata in naturopatia di Baden-Baden, Germania\",\"publisher\":{\"@id\":\"https:\/\/lions-pharmacy.com\/it#organization\"},\"alternateName\":\"Lion Pharmacy\",\"potentialAction\":[{\"@type\":\"SearchAction\",\"target\":{\"@type\":\"EntryPoint\",\"urlTemplate\":\"https:\/\/lions-pharmacy.com\/it?s={search_term_string}\"},\"query-input\":{\"@type\":\"PropertyValueSpecification\",\"valueRequired\":true,\"valueName\":\"search_term_string\"}}],\"inLanguage\":\"it-IT\"},{\"@type\":\"Organization\",\"@id\":\"https:\/\/lions-pharmacy.com\/it#organization\",\"name\":\"Lions Pharmacy\",\"alternateName\":\"Lions Pharmacy24\",\"url\":\"https:\/\/lions-pharmacy.com\/it\",\"logo\":{\"@type\":\"ImageObject\",\"inLanguage\":\"it-IT\",\"@id\":\"https:\/\/lions-pharmacy.com\/it#\/schema\/logo\/image\/\",\"url\":\"https:\/\/lions-pharmacy.com\/wp-content\/uploads\/2022\/12\/Logo-Lion-Pharmacy-c-o-Loewen-Apotheke-smal.jpg\",\"contentUrl\":\"https:\/\/lions-pharmacy.com\/wp-content\/uploads\/2022\/12\/Logo-Lion-Pharmacy-c-o-Loewen-Apotheke-smal.jpg\",\"width\":298,\"height\":99,\"caption\":\"Lions Pharmacy\"},\"image\":{\"@id\":\"https:\/\/lions-pharmacy.com\/it#\/schema\/logo\/image\/\"}}]}<\/script>\n<!-- \/ Yoast SEO plugin. -->","yoast_head_json":{"title":"ZINZINO Collagene Boozt &#187;","description":"salute di pelle, capelli, unghie, articolazioni e vitalit\u00e0 generale. Collagene. Scopri di pi\u00f9 su ZINZINO Collagene Boozt. Ti offriamo: Spedizione veloce e acquisti sicuri online.","robots":{"index":"index","follow":"follow","max-snippet":"max-snippet:-1","max-image-preview":"max-image-preview:large","max-video-preview":"max-video-preview:-1"},"canonical":"https:\/\/lions-pharmacy.com\/it\/prodotto\/zinzino-collagen-boozt","og_locale":"it_IT","og_type":"article","og_title":"ZINZINO Collagene Boozt &#187;","og_description":"salute di pelle, capelli, unghie, articolazioni e vitalit\u00e0 generale. Collagene. Scopri di pi\u00f9 su ZINZINO Collagene Boozt. Ti offriamo: Spedizione veloce e acquisti sicuri online.","og_url":"https:\/\/lions-pharmacy.com\/it\/prodotto\/zinzino-collagen-boozt","og_site_name":"Lion Pharmacy","article_modified_time":"2025-12-16T05:58:29+00:00","og_image":[{"width":600,"height":600,"url":"https:\/\/lions-pharmacy.com\/wp-content\/uploads\/2025\/12\/Zinzino-Collagen-Boozt-Lowen-Apotheke24.webp","type":"image\/webp"}],"twitter_card":"summary_large_image","twitter_misc":{"Tempo di lettura stimato":"3 minuti"},"schema":{"@context":"https:\/\/schema.org","@graph":[{"@type":"WebPage","@id":"https:\/\/lions-pharmacy.com\/it\/prodotto\/zinzino-collagen-boozt","url":"https:\/\/lions-pharmacy.com\/it\/prodotto\/zinzino-collagen-boozt","name":"ZINZINO Collagene Boozt &#187;","isPartOf":{"@id":"https:\/\/lions-pharmacy.com\/it#website"},"primaryImageOfPage":{"@id":"https:\/\/lions-pharmacy.com\/it\/prodotto\/zinzino-collagen-boozt#primaryimage"},"image":{"@id":"https:\/\/lions-pharmacy.com\/it\/prodotto\/zinzino-collagen-boozt#primaryimage"},"thumbnailUrl":"https:\/\/lions-pharmacy.com\/wp-content\/uploads\/2025\/12\/Zinzino-Collagen-Boozt-Lowen-Apotheke24-1.webp","datePublished":"2025-12-16T05:32:28+00:00","dateModified":"2025-12-16T05:58:29+00:00","description":"salute di pelle, capelli, unghie, articolazioni e vitalit\u00e0 generale. Collagene. Scopri di pi\u00f9 su ZINZINO Collagene Boozt. Ti offriamo: Spedizione veloce e acquisti sicuri online.","breadcrumb":{"@id":"https:\/\/lions-pharmacy.com\/it\/prodotto\/zinzino-collagen-boozt#breadcrumb"},"inLanguage":"it-IT","potentialAction":[{"@type":"ReadAction","target":["https:\/\/lions-pharmacy.com\/it\/prodotto\/zinzino-collagen-boozt"]}]},{"@type":"ImageObject","inLanguage":"it-IT","@id":"https:\/\/lions-pharmacy.com\/it\/prodotto\/zinzino-collagen-boozt#primaryimage","url":"https:\/\/lions-pharmacy.com\/wp-content\/uploads\/2025\/12\/Zinzino-Collagen-Boozt-Lowen-Apotheke24-1.webp","contentUrl":"https:\/\/lions-pharmacy.com\/wp-content\/uploads\/2025\/12\/Zinzino-Collagen-Boozt-Lowen-Apotheke24-1.webp","width":600,"height":600,"caption":"Zinzino Collagen Boozt Lions-Pharmacy"},{"@type":"BreadcrumbList","@id":"https:\/\/lions-pharmacy.com\/it\/prodotto\/zinzino-collagen-boozt#breadcrumb","itemListElement":[{"@type":"ListItem","position":1,"name":"Home","item":"https:\/\/lions-pharmacy.com\/it\/homepage-lion-pharmacy"},{"@type":"ListItem","position":2,"name":"Shop","item":"https:\/\/lions-pharmacy.com\/it\/negozio"},{"@type":"ListItem","position":3,"name":"ZINZINO Collagene Boozt"}]},{"@type":"WebSite","@id":"https:\/\/lions-pharmacy.com\/it#website","url":"https:\/\/lions-pharmacy.com\/it","name":"Lions Pharmacy","description":"Farmacia specializzata in naturopatia di Baden-Baden, Germania","publisher":{"@id":"https:\/\/lions-pharmacy.com\/it#organization"},"alternateName":"Lion Pharmacy","potentialAction":[{"@type":"SearchAction","target":{"@type":"EntryPoint","urlTemplate":"https:\/\/lions-pharmacy.com\/it?s={search_term_string}"},"query-input":{"@type":"PropertyValueSpecification","valueRequired":true,"valueName":"search_term_string"}}],"inLanguage":"it-IT"},{"@type":"Organization","@id":"https:\/\/lions-pharmacy.com\/it#organization","name":"Lions Pharmacy","alternateName":"Lions Pharmacy24","url":"https:\/\/lions-pharmacy.com\/it","logo":{"@type":"ImageObject","inLanguage":"it-IT","@id":"https:\/\/lions-pharmacy.com\/it#\/schema\/logo\/image\/","url":"https:\/\/lions-pharmacy.com\/wp-content\/uploads\/2022\/12\/Logo-Lion-Pharmacy-c-o-Loewen-Apotheke-smal.jpg","contentUrl":"https:\/\/lions-pharmacy.com\/wp-content\/uploads\/2022\/12\/Logo-Lion-Pharmacy-c-o-Loewen-Apotheke-smal.jpg","width":298,"height":99,"caption":"Lions Pharmacy"},"image":{"@id":"https:\/\/lions-pharmacy.com\/it#\/schema\/logo\/image\/"}}]}},"_links":{"self":[{"href":"https:\/\/lions-pharmacy.com\/it\/wp-json\/wp\/v2\/product\/18562","targetHints":{"allow":["GET"]}}],"collection":[{"href":"https:\/\/lions-pharmacy.com\/it\/wp-json\/wp\/v2\/product"}],"about":[{"href":"https:\/\/lions-pharmacy.com\/it\/wp-json\/wp\/v2\/types\/product"}],"replies":[{"embeddable":true,"href":"https:\/\/lions-pharmacy.com\/it\/wp-json\/wp\/v2\/comments?post=18562"}],"wp:featuredmedia":[{"embeddable":true,"href":"https:\/\/lions-pharmacy.com\/it\/wp-json\/wp\/v2\/media\/21515"}],"wp:attachment":[{"href":"https:\/\/lions-pharmacy.com\/it\/wp-json\/wp\/v2\/media?parent=18562"}],"wp:term":[{"taxonomy":"product_brand","embeddable":true,"href":"https:\/\/lions-pharmacy.com\/it\/wp-json\/wp\/v2\/product_brand?post=18562"},{"taxonomy":"product_cat","embeddable":true,"href":"https:\/\/lions-pharmacy.com\/it\/wp-json\/wp\/v2\/product_cat?post=18562"},{"taxonomy":"product_tag","embeddable":true,"href":"https:\/\/lions-pharmacy.com\/it\/wp-json\/wp\/v2\/product_tag?post=18562"}],"curies":[{"name":"wp","href":"https:\/\/api.w.org\/{rel}","templated":true}]}}