{"id":18228,"date":"2025-12-06T15:55:58","date_gmt":"2025-12-06T14:55:58","guid":{"rendered":"https:\/\/lions-pharmacy.com\/?post_type=product&#038;p=18228"},"modified":"2025-12-06T19:56:50","modified_gmt":"2025-12-06T18:56:50","slug":"zinzino-zinobiotic-0641827275020","status":"publish","type":"product","link":"https:\/\/lions-pharmacy.com\/it\/prodotto\/zinzino-zinobiotic-0641827275020","title":{"rendered":"ZINZINO ZinoBiotic+"},"content":{"rendered":"<h3>ZINZINO ZinoBiotic+<\/h3>\n<p>ZINZINO ZinoBiotic+ \u00e8 una miscela appositamente sviluppata di 8 fibre naturali. Questa fibra viene metabolizzata nel colon (intestino crasso), dove favorisce la crescita di batteri sani. ZinoBiotic+ aiuta a ridurre l&#8217;aumento dei livelli di zucchero nel sangue dopo i pasti2 e aiuta a mantenere buoni livelli di colesterolo3. La fibra promuove molte funzioni intestinali sane.<\/p>\n<p>Aree di applicazione: occhi, cuore e funzione circolatoria, sistema immunitario, mancanza di concentrazione, vitalit\u00e0.<\/p>\n<p>Ingredienti in 2 misurini (12 g): Miscela di amidi resistenti: 4,9 g, beta-glucani da avena*: 1,0 g, Inulina: 1,8 g, Frutto-oligosaccaridi: 0,2 g, bucce di psillio: 0,5 g, gomma di guar: 0,24 g<\/p>\n<p>Istruzioni per l&#8217;uso: Mescola 12 g di polvere (2 misurini) con 200 ml di acqua in una bottiglia shakerata o frulla in un prodotto pronto da bere a tua scelta, come un LeanShake o un frullato di frutta. La dose raccomandata \u00e8 di 2 misurini al giorno. Non superare la dose giornaliera raccomandata.<\/p>\n<p>Foglio illustrativo e informazioni sugli alimenti (PDF).<\/p>\n<p>Per saperne di pi\u00f9 sul produttore e su questo prodotto: <a href=\"https:\/\/www.zinzino.com\/shop\/2020670485\/DE\/de-DE\/products\/shop\" target=\"_blank\" rel=\"noopener\">Zinzino<\/a> (link a sito esterno)<\/p>\n<p>Le informazioni contenute in questo sito web sono fornite solo a scopo informativo. Non sostituiscono in alcun modo la visita e il trattamento da parte di un medico. Ci\u00f2 significa che non \u00e8 possibile n\u00e9 fare diagnosi n\u00e9 iniziare terapie. Importazione singola &#8211; Importiamo questo medicinale per te. Questo comporta tempi di consegna pi\u00f9 lunghi. Sono escluse le restituzioni per le singole importazioni.<\/p>\n<p>Per i rischi e gli effetti collaterali, leggere il foglio illustrativo e rivolgersi al medico o al farmacista.<\/p>\n<h3>Il consiglio dell&#8217;esperto in farmacia:<\/h3>\n<p>Il nostro farmacista consiglia i seguenti prodotti per la longevit\u00e0, la concentrazione e lo stress: <a href=\"https:\/\/lions-pharmacy.com\/it\/prodotto\/zinzino-balanceoil-premium-300-ml-5905997895026\">BalanceOil+ Premium<\/a> &#8211; di provata e specifica efficacia.<\/p>\n","protected":false},"excerpt":{"rendered":"<h2>ZINZINO ZinoBiotic+<\/h2>\n<p>miscela appositamente sviluppata di 8 fibre naturali. Colon (intestino crasso).<\/p>\n<p>&nbsp;<\/p>\n<p><strong>PZN<\/strong> (Pharma Central Number): &#8211;<br \/>\n<strong>Forma di dosaggio<\/strong>: polvere<br \/>\n<strong>Tipo di prescrizione: senza prescrizione<\/strong><br \/>\n<strong>Marchio<\/strong>: Zinzino<br \/>\n<strong>Produttore<\/strong>: Zinzino AB, Gotenbourg, Svezia.<br \/>\n<strong>Dimensione della confezione<\/strong>: 180 g<\/p>\n","protected":false},"featured_media":21495,"comment_status":"closed","ping_status":"closed","template":"","meta":[],"product_brand":[],"product_cat":[124,115],"product_tag":[298,269,271,482,514,480,268],"class_list":{"0":"post-18228","1":"product","2":"type-product","3":"status-publish","4":"has-post-thumbnail","6":"product_cat-sale-it","7":"product_cat-non-categorizzato","8":"product_tag-concentrazione-e-stress","9":"product_tag-gestione-del-peso","10":"product_tag-peso-e-forma-fisica","11":"product_tag-principio-attivo-a-base-di-erbe","12":"product_tag-principio-attivo-di-origine-vegetale","13":"product_tag-rimedi-naturali","14":"product_tag-vitamine-e-integratori","15":"ts_product_brand-all-it","17":"first","18":"instock","19":"taxable","20":"shipping-taxable","21":"purchasable","22":"product-type-simple"},"yoast_head":"<!-- This site is optimized with the Yoast SEO plugin v26.5 - https:\/\/yoast.com\/wordpress\/plugins\/seo\/ -->\n<title>ZINZINO ZinoBiotic+ &#187;<\/title>\n<meta name=\"description\" content=\"Miscela di 8 fibre naturali. Colon - intestino crasso. Scopri di pi\u00f9 su ZINZINO ZinoBiotic+. Ti offriamo: Spedizione veloce e acquisti sicuri online.\" \/>\n<meta name=\"robots\" content=\"index, follow, max-snippet:-1, max-image-preview:large, max-video-preview:-1\" \/>\n<link rel=\"canonical\" href=\"https:\/\/lions-pharmacy.com\/it\/prodotto\/zinzino-zinobiotic-0641827275020\" \/>\n<meta property=\"og:locale\" content=\"it_IT\" \/>\n<meta property=\"og:type\" content=\"article\" \/>\n<meta property=\"og:title\" content=\"ZINZINO ZinoBiotic+ &#187;\" \/>\n<meta property=\"og:description\" content=\"Miscela di 8 fibre naturali. Colon - intestino crasso. Scopri di pi\u00f9 su ZINZINO ZinoBiotic+. Ti offriamo: Spedizione veloce e acquisti sicuri online.\" \/>\n<meta property=\"og:url\" content=\"https:\/\/lions-pharmacy.com\/it\/prodotto\/zinzino-zinobiotic-0641827275020\" \/>\n<meta property=\"og:site_name\" content=\"Lion Pharmacy\" \/>\n<meta property=\"article:modified_time\" content=\"2025-12-06T18:56:50+00:00\" \/>\n<meta property=\"og:image\" content=\"https:\/\/lions-pharmacy.com\/wp-content\/uploads\/2025\/12\/Zinzino-ZinoBiotic-Lowen-Apotheke24.webp\" \/>\n\t<meta property=\"og:image:width\" content=\"600\" \/>\n\t<meta property=\"og:image:height\" content=\"600\" \/>\n\t<meta property=\"og:image:type\" content=\"image\/webp\" \/>\n<meta name=\"twitter:card\" content=\"summary_large_image\" \/>\n<meta name=\"twitter:label1\" content=\"Tempo di lettura stimato\" \/>\n\t<meta name=\"twitter:data1\" content=\"1 minuto\" \/>\n<script type=\"application\/ld+json\" class=\"yoast-schema-graph\">{\"@context\":\"https:\/\/schema.org\",\"@graph\":[{\"@type\":\"WebPage\",\"@id\":\"https:\/\/lions-pharmacy.com\/it\/prodotto\/zinzino-zinobiotic-0641827275020\",\"url\":\"https:\/\/lions-pharmacy.com\/it\/prodotto\/zinzino-zinobiotic-0641827275020\",\"name\":\"ZINZINO ZinoBiotic+ &#187;\",\"isPartOf\":{\"@id\":\"https:\/\/lions-pharmacy.com\/it#website\"},\"primaryImageOfPage\":{\"@id\":\"https:\/\/lions-pharmacy.com\/it\/prodotto\/zinzino-zinobiotic-0641827275020#primaryimage\"},\"image\":{\"@id\":\"https:\/\/lions-pharmacy.com\/it\/prodotto\/zinzino-zinobiotic-0641827275020#primaryimage\"},\"thumbnailUrl\":\"https:\/\/lions-pharmacy.com\/wp-content\/uploads\/2025\/12\/Zinzino-ZinoBiotic-Pharmacy-Lions-Pharmacy.webp\",\"datePublished\":\"2025-12-06T14:55:58+00:00\",\"dateModified\":\"2025-12-06T18:56:50+00:00\",\"description\":\"Miscela di 8 fibre naturali. Colon - intestino crasso. Scopri di pi\u00f9 su ZINZINO ZinoBiotic+. Ti offriamo: Spedizione veloce e acquisti sicuri online.\",\"breadcrumb\":{\"@id\":\"https:\/\/lions-pharmacy.com\/it\/prodotto\/zinzino-zinobiotic-0641827275020#breadcrumb\"},\"inLanguage\":\"it-IT\",\"potentialAction\":[{\"@type\":\"ReadAction\",\"target\":[\"https:\/\/lions-pharmacy.com\/it\/prodotto\/zinzino-zinobiotic-0641827275020\"]}]},{\"@type\":\"ImageObject\",\"inLanguage\":\"it-IT\",\"@id\":\"https:\/\/lions-pharmacy.com\/it\/prodotto\/zinzino-zinobiotic-0641827275020#primaryimage\",\"url\":\"https:\/\/lions-pharmacy.com\/wp-content\/uploads\/2025\/12\/Zinzino-ZinoBiotic-Pharmacy-Lions-Pharmacy.webp\",\"contentUrl\":\"https:\/\/lions-pharmacy.com\/wp-content\/uploads\/2025\/12\/Zinzino-ZinoBiotic-Pharmacy-Lions-Pharmacy.webp\",\"width\":600,\"height\":600,\"caption\":\"Zinzino ZinoBiotic Pharmacy, Lions-Pharmacy\"},{\"@type\":\"BreadcrumbList\",\"@id\":\"https:\/\/lions-pharmacy.com\/it\/prodotto\/zinzino-zinobiotic-0641827275020#breadcrumb\",\"itemListElement\":[{\"@type\":\"ListItem\",\"position\":1,\"name\":\"Home\",\"item\":\"https:\/\/lions-pharmacy.com\/it\/homepage-lion-pharmacy\"},{\"@type\":\"ListItem\",\"position\":2,\"name\":\"Shop\",\"item\":\"https:\/\/lions-pharmacy.com\/it\/negozio\"},{\"@type\":\"ListItem\",\"position\":3,\"name\":\"ZINZINO ZinoBiotic+\"}]},{\"@type\":\"WebSite\",\"@id\":\"https:\/\/lions-pharmacy.com\/it#website\",\"url\":\"https:\/\/lions-pharmacy.com\/it\",\"name\":\"Lions Pharmacy\",\"description\":\"Farmacia specializzata in naturopatia di Baden-Baden, Germania\",\"publisher\":{\"@id\":\"https:\/\/lions-pharmacy.com\/it#organization\"},\"alternateName\":\"Lion Pharmacy\",\"potentialAction\":[{\"@type\":\"SearchAction\",\"target\":{\"@type\":\"EntryPoint\",\"urlTemplate\":\"https:\/\/lions-pharmacy.com\/it?s={search_term_string}\"},\"query-input\":{\"@type\":\"PropertyValueSpecification\",\"valueRequired\":true,\"valueName\":\"search_term_string\"}}],\"inLanguage\":\"it-IT\"},{\"@type\":\"Organization\",\"@id\":\"https:\/\/lions-pharmacy.com\/it#organization\",\"name\":\"Lions Pharmacy\",\"alternateName\":\"Lions Pharmacy24\",\"url\":\"https:\/\/lions-pharmacy.com\/it\",\"logo\":{\"@type\":\"ImageObject\",\"inLanguage\":\"it-IT\",\"@id\":\"https:\/\/lions-pharmacy.com\/it#\/schema\/logo\/image\/\",\"url\":\"https:\/\/lions-pharmacy.com\/wp-content\/uploads\/2022\/12\/Logo-Lion-Pharmacy-c-o-Loewen-Apotheke-smal.jpg\",\"contentUrl\":\"https:\/\/lions-pharmacy.com\/wp-content\/uploads\/2022\/12\/Logo-Lion-Pharmacy-c-o-Loewen-Apotheke-smal.jpg\",\"width\":298,\"height\":99,\"caption\":\"Lions Pharmacy\"},\"image\":{\"@id\":\"https:\/\/lions-pharmacy.com\/it#\/schema\/logo\/image\/\"}}]}<\/script>\n<!-- \/ Yoast SEO plugin. -->","yoast_head_json":{"title":"ZINZINO ZinoBiotic+ &#187;","description":"Miscela di 8 fibre naturali. Colon - intestino crasso. Scopri di pi\u00f9 su ZINZINO ZinoBiotic+. Ti offriamo: Spedizione veloce e acquisti sicuri online.","robots":{"index":"index","follow":"follow","max-snippet":"max-snippet:-1","max-image-preview":"max-image-preview:large","max-video-preview":"max-video-preview:-1"},"canonical":"https:\/\/lions-pharmacy.com\/it\/prodotto\/zinzino-zinobiotic-0641827275020","og_locale":"it_IT","og_type":"article","og_title":"ZINZINO ZinoBiotic+ &#187;","og_description":"Miscela di 8 fibre naturali. Colon - intestino crasso. Scopri di pi\u00f9 su ZINZINO ZinoBiotic+. Ti offriamo: Spedizione veloce e acquisti sicuri online.","og_url":"https:\/\/lions-pharmacy.com\/it\/prodotto\/zinzino-zinobiotic-0641827275020","og_site_name":"Lion Pharmacy","article_modified_time":"2025-12-06T18:56:50+00:00","og_image":[{"width":600,"height":600,"url":"https:\/\/lions-pharmacy.com\/wp-content\/uploads\/2025\/12\/Zinzino-ZinoBiotic-Lowen-Apotheke24.webp","type":"image\/webp"}],"twitter_card":"summary_large_image","twitter_misc":{"Tempo di lettura stimato":"1 minuto"},"schema":{"@context":"https:\/\/schema.org","@graph":[{"@type":"WebPage","@id":"https:\/\/lions-pharmacy.com\/it\/prodotto\/zinzino-zinobiotic-0641827275020","url":"https:\/\/lions-pharmacy.com\/it\/prodotto\/zinzino-zinobiotic-0641827275020","name":"ZINZINO ZinoBiotic+ &#187;","isPartOf":{"@id":"https:\/\/lions-pharmacy.com\/it#website"},"primaryImageOfPage":{"@id":"https:\/\/lions-pharmacy.com\/it\/prodotto\/zinzino-zinobiotic-0641827275020#primaryimage"},"image":{"@id":"https:\/\/lions-pharmacy.com\/it\/prodotto\/zinzino-zinobiotic-0641827275020#primaryimage"},"thumbnailUrl":"https:\/\/lions-pharmacy.com\/wp-content\/uploads\/2025\/12\/Zinzino-ZinoBiotic-Pharmacy-Lions-Pharmacy.webp","datePublished":"2025-12-06T14:55:58+00:00","dateModified":"2025-12-06T18:56:50+00:00","description":"Miscela di 8 fibre naturali. Colon - intestino crasso. Scopri di pi\u00f9 su ZINZINO ZinoBiotic+. Ti offriamo: Spedizione veloce e acquisti sicuri online.","breadcrumb":{"@id":"https:\/\/lions-pharmacy.com\/it\/prodotto\/zinzino-zinobiotic-0641827275020#breadcrumb"},"inLanguage":"it-IT","potentialAction":[{"@type":"ReadAction","target":["https:\/\/lions-pharmacy.com\/it\/prodotto\/zinzino-zinobiotic-0641827275020"]}]},{"@type":"ImageObject","inLanguage":"it-IT","@id":"https:\/\/lions-pharmacy.com\/it\/prodotto\/zinzino-zinobiotic-0641827275020#primaryimage","url":"https:\/\/lions-pharmacy.com\/wp-content\/uploads\/2025\/12\/Zinzino-ZinoBiotic-Pharmacy-Lions-Pharmacy.webp","contentUrl":"https:\/\/lions-pharmacy.com\/wp-content\/uploads\/2025\/12\/Zinzino-ZinoBiotic-Pharmacy-Lions-Pharmacy.webp","width":600,"height":600,"caption":"Zinzino ZinoBiotic Pharmacy, Lions-Pharmacy"},{"@type":"BreadcrumbList","@id":"https:\/\/lions-pharmacy.com\/it\/prodotto\/zinzino-zinobiotic-0641827275020#breadcrumb","itemListElement":[{"@type":"ListItem","position":1,"name":"Home","item":"https:\/\/lions-pharmacy.com\/it\/homepage-lion-pharmacy"},{"@type":"ListItem","position":2,"name":"Shop","item":"https:\/\/lions-pharmacy.com\/it\/negozio"},{"@type":"ListItem","position":3,"name":"ZINZINO ZinoBiotic+"}]},{"@type":"WebSite","@id":"https:\/\/lions-pharmacy.com\/it#website","url":"https:\/\/lions-pharmacy.com\/it","name":"Lions Pharmacy","description":"Farmacia specializzata in naturopatia di Baden-Baden, Germania","publisher":{"@id":"https:\/\/lions-pharmacy.com\/it#organization"},"alternateName":"Lion Pharmacy","potentialAction":[{"@type":"SearchAction","target":{"@type":"EntryPoint","urlTemplate":"https:\/\/lions-pharmacy.com\/it?s={search_term_string}"},"query-input":{"@type":"PropertyValueSpecification","valueRequired":true,"valueName":"search_term_string"}}],"inLanguage":"it-IT"},{"@type":"Organization","@id":"https:\/\/lions-pharmacy.com\/it#organization","name":"Lions Pharmacy","alternateName":"Lions Pharmacy24","url":"https:\/\/lions-pharmacy.com\/it","logo":{"@type":"ImageObject","inLanguage":"it-IT","@id":"https:\/\/lions-pharmacy.com\/it#\/schema\/logo\/image\/","url":"https:\/\/lions-pharmacy.com\/wp-content\/uploads\/2022\/12\/Logo-Lion-Pharmacy-c-o-Loewen-Apotheke-smal.jpg","contentUrl":"https:\/\/lions-pharmacy.com\/wp-content\/uploads\/2022\/12\/Logo-Lion-Pharmacy-c-o-Loewen-Apotheke-smal.jpg","width":298,"height":99,"caption":"Lions Pharmacy"},"image":{"@id":"https:\/\/lions-pharmacy.com\/it#\/schema\/logo\/image\/"}}]}},"_links":{"self":[{"href":"https:\/\/lions-pharmacy.com\/it\/wp-json\/wp\/v2\/product\/18228","targetHints":{"allow":["GET"]}}],"collection":[{"href":"https:\/\/lions-pharmacy.com\/it\/wp-json\/wp\/v2\/product"}],"about":[{"href":"https:\/\/lions-pharmacy.com\/it\/wp-json\/wp\/v2\/types\/product"}],"replies":[{"embeddable":true,"href":"https:\/\/lions-pharmacy.com\/it\/wp-json\/wp\/v2\/comments?post=18228"}],"wp:featuredmedia":[{"embeddable":true,"href":"https:\/\/lions-pharmacy.com\/it\/wp-json\/wp\/v2\/media\/21495"}],"wp:attachment":[{"href":"https:\/\/lions-pharmacy.com\/it\/wp-json\/wp\/v2\/media?parent=18228"}],"wp:term":[{"taxonomy":"product_brand","embeddable":true,"href":"https:\/\/lions-pharmacy.com\/it\/wp-json\/wp\/v2\/product_brand?post=18228"},{"taxonomy":"product_cat","embeddable":true,"href":"https:\/\/lions-pharmacy.com\/it\/wp-json\/wp\/v2\/product_cat?post=18228"},{"taxonomy":"product_tag","embeddable":true,"href":"https:\/\/lions-pharmacy.com\/it\/wp-json\/wp\/v2\/product_tag?post=18228"}],"curies":[{"name":"wp","href":"https:\/\/api.w.org\/{rel}","templated":true}]}}