{"id":1792,"date":"2023-01-14T07:09:01","date_gmt":"2023-01-14T06:09:01","guid":{"rendered":"https:\/\/lions-pharmacy.com\/product\/neypul-nr-10-fiale-d7-5x2ml"},"modified":"2025-01-26T19:51:07","modified_gmt":"2025-01-26T18:51:07","slug":"neypul-nr-10-d7-fiale-5x2ml-06486498","status":"publish","type":"product","link":"https:\/\/lions-pharmacy.com\/it\/prodotto\/neypul-nr-10-d7-fiale-5x2ml-06486498","title":{"rendered":"Neypul Nr.10 Fiale D7 5x2ml"},"content":{"rendered":"<h2>Neypul Nr.10 Fiale D7<\/h2>\n<p>Neypul Nr.10 Fiale D7 &#8211; &#8220;Crista Dentalis, Diencefalo, Placenta&#8221;.<\/p>\n<p>I preparati omeopatici per organi offerti da vitOrgan per la terapia biomolecolare utilizzano sostanze organiche naturali con effetto regolatore e metabolico per normalizzare fisiologicamente i processi che sono andati fuori equilibrio. La vitOrganismo biomolecolare \u00e8 una terapia di grande successo da 60 anni. Costituisce un ponte tra i cosiddetti campi della medicina ortodossa e della naturopatia. Utilizza sostanze naturali, regolatrici e funzionanti a livello metabolico, disponibili sia nell&#8217;uomo che negli animali, per normalizzare le malattie modificando i processi fisiologici che non sono pi\u00f9 in equilibrio, curando cos\u00ec il paziente non solo dal punto di vista sintomatico, ma anche da quello causale. Secondo il principio &#8220;il cuore guarisce il cuore, il rene guarisce il rene, l&#8217;organo guarisce l&#8217;organo&#8221;, \u00e8 importante risvegliare il potere delle cellule indebolite attraverso una regolazione mirata.<\/p>\n<p>Foglio illustrativo\/istruzioni per l&#8217;uso\/scheda tecnica articolo: Fiale Neydil Nr. 30 D7 (lettore PDF)<\/p>\n<p>Nome prodotto alternativo: Neypul No. 10 D7<\/p>\n<p>Altri prodotti per l&#8217;applicazione: <a href=\"https:\/\/lions-pharmacy.com\/produkt-kategorie\/vitorgan\">vitOrgan<\/a><\/p>\n<p>Per saperne di pi\u00f9 sul produttore e su questo prodotto: <a href=\"https:\/\/vitorgan.de\/en\/products\/\" target=\"_blank\" rel=\"noopener\">vitOrgan<\/a> (link a sito esterno)<\/p>\n<p>Le informazioni contenute in questo sito web sono fornite solo a scopo informativo. Non sostituiscono in alcun modo la visita e il trattamento da parte di un medico. Ci\u00f2 significa che non \u00e8 possibile n\u00e9 fare diagnosi n\u00e9 iniziare terapie.<\/p>\n<p>Per i rischi e gli effetti collaterali, leggere il foglio illustrativo e rivolgersi al medico o al farmacista.<\/p>\n","protected":false},"excerpt":{"rendered":"<h2>Neypul Nr.10 Fiale D7<\/h2>\n<p>&#8220;Crista Dentalis, Diencefalo, Placenta&#8221; \u2013 Neypul Nr.10 D7 Ampullen<\/p>\n<p>&nbsp;<\/p>\n<p>PZN: 06486498 (Pharmazentralnummer)<\/p>\n<p>Forma di dosaggio: fiale<\/p>\n<p>Tipo di prescrizione: senza prescrizione<\/p>\n<p>Marchio: vitOrgan<\/p>\n<p>Costruttore: vitOrgan GmbH &amp; Co.KG, Ostfildern, Germania<\/p>\n<p>Dimensione della confezione: 5 pezzi per 2ml<\/p>\n","protected":false},"featured_media":4026,"comment_status":"closed","ping_status":"closed","template":"","meta":[],"product_brand":[],"product_cat":[124,115,130],"product_tag":[231],"class_list":{"0":"post-1792","1":"product","2":"type-product","3":"status-publish","4":"has-post-thumbnail","6":"product_cat-sale-it","7":"product_cat-non-categorizzato","8":"product_cat-vitorgan-it","9":"product_tag-neydil-it","10":"ts_product_brand-all-it","11":"ts_product_brand-vitorgan-it","13":"first","14":"instock","15":"sale","16":"taxable","17":"shipping-taxable","18":"purchasable","19":"product-type-simple"},"yoast_head":"<!-- This site is optimized with the Yoast SEO plugin v26.5 - https:\/\/yoast.com\/wordpress\/plugins\/seo\/ -->\n<title>Neypul Nr.10 Fiale D7 5x2ml &#187;%<\/title>\n<meta name=\"description\" content=\"Lions Pharmcy online tedesca registrata. Spedizione internazionale veloce | Prodotto realizzato da vitOrgan | Neypul Nr.10 Fiale D7 5x2ml\" \/>\n<meta name=\"robots\" content=\"index, follow, max-snippet:-1, max-image-preview:large, max-video-preview:-1\" \/>\n<link rel=\"canonical\" href=\"https:\/\/lions-pharmacy.com\/it\/prodotto\/neypul-nr-10-d7-fiale-5x2ml-06486498\" \/>\n<meta property=\"og:locale\" content=\"it_IT\" \/>\n<meta property=\"og:type\" content=\"article\" \/>\n<meta property=\"og:title\" content=\"Neypul Nr.10 Fiale D7 5x2ml &#187;%\" \/>\n<meta property=\"og:description\" content=\"Lions Pharmcy online tedesca registrata. Spedizione internazionale veloce | Prodotto realizzato da vitOrgan | Neypul Nr.10 Fiale D7 5x2ml\" \/>\n<meta property=\"og:url\" content=\"https:\/\/lions-pharmacy.com\/it\/prodotto\/neypul-nr-10-d7-fiale-5x2ml-06486498\" \/>\n<meta property=\"og:site_name\" content=\"Lion Pharmacy\" \/>\n<meta property=\"article:modified_time\" content=\"2025-01-26T18:51:07+00:00\" \/>\n<meta property=\"og:image\" content=\"https:\/\/lions-pharmacy.com\/wp-content\/uploads\/2023\/01\/Neypul-Nr.10-D7-vitorgan-ampoules-10x5x2ml-Product-Lions-Pharmacy.webp\" \/>\n\t<meta property=\"og:image:width\" content=\"600\" \/>\n\t<meta property=\"og:image:height\" content=\"600\" \/>\n\t<meta property=\"og:image:type\" content=\"image\/webp\" \/>\n<meta name=\"twitter:card\" content=\"summary_large_image\" \/>\n<meta name=\"twitter:label1\" content=\"Tempo di lettura stimato\" \/>\n\t<meta name=\"twitter:data1\" content=\"1 minuto\" \/>\n<script type=\"application\/ld+json\" class=\"yoast-schema-graph\">{\"@context\":\"https:\/\/schema.org\",\"@graph\":[{\"@type\":\"WebPage\",\"@id\":\"https:\/\/lions-pharmacy.com\/it\/prodotto\/neypul-nr-10-d7-fiale-5x2ml-06486498\",\"url\":\"https:\/\/lions-pharmacy.com\/it\/prodotto\/neypul-nr-10-d7-fiale-5x2ml-06486498\",\"name\":\"Neypul Nr.10 Fiale D7 5x2ml &#187;%\",\"isPartOf\":{\"@id\":\"https:\/\/lions-pharmacy.com\/it#website\"},\"primaryImageOfPage\":{\"@id\":\"https:\/\/lions-pharmacy.com\/it\/prodotto\/neypul-nr-10-d7-fiale-5x2ml-06486498#primaryimage\"},\"image\":{\"@id\":\"https:\/\/lions-pharmacy.com\/it\/prodotto\/neypul-nr-10-d7-fiale-5x2ml-06486498#primaryimage\"},\"thumbnailUrl\":\"https:\/\/lions-pharmacy.com\/wp-content\/uploads\/2023\/01\/Neypul-Nr.10-D7-vitorgan-ampoules-10x5x2ml-Product-Lions-Pharmacy.webp\",\"datePublished\":\"2023-01-14T06:09:01+00:00\",\"dateModified\":\"2025-01-26T18:51:07+00:00\",\"description\":\"Lions Pharmcy online tedesca registrata. Spedizione internazionale veloce | Prodotto realizzato da vitOrgan | Neypul Nr.10 Fiale D7 5x2ml\",\"breadcrumb\":{\"@id\":\"https:\/\/lions-pharmacy.com\/it\/prodotto\/neypul-nr-10-d7-fiale-5x2ml-06486498#breadcrumb\"},\"inLanguage\":\"it-IT\",\"potentialAction\":[{\"@type\":\"ReadAction\",\"target\":[\"https:\/\/lions-pharmacy.com\/it\/prodotto\/neypul-nr-10-d7-fiale-5x2ml-06486498\"]}]},{\"@type\":\"ImageObject\",\"inLanguage\":\"it-IT\",\"@id\":\"https:\/\/lions-pharmacy.com\/it\/prodotto\/neypul-nr-10-d7-fiale-5x2ml-06486498#primaryimage\",\"url\":\"https:\/\/lions-pharmacy.com\/wp-content\/uploads\/2023\/01\/Neypul-Nr.10-D7-vitorgan-ampoules-10x5x2ml-Product-Lions-Pharmacy.webp\",\"contentUrl\":\"https:\/\/lions-pharmacy.com\/wp-content\/uploads\/2023\/01\/Neypul-Nr.10-D7-vitorgan-ampoules-10x5x2ml-Product-Lions-Pharmacy.webp\",\"width\":600,\"height\":600,\"caption\":\"Neypul Nr.10 D7 fiale vitOrgan 5x2ml Prodotto Farmacia Lions\"},{\"@type\":\"BreadcrumbList\",\"@id\":\"https:\/\/lions-pharmacy.com\/it\/prodotto\/neypul-nr-10-d7-fiale-5x2ml-06486498#breadcrumb\",\"itemListElement\":[{\"@type\":\"ListItem\",\"position\":1,\"name\":\"Home\",\"item\":\"https:\/\/lions-pharmacy.com\/it\/homepage-lion-pharmacy\"},{\"@type\":\"ListItem\",\"position\":2,\"name\":\"Shop\",\"item\":\"https:\/\/lions-pharmacy.com\/it\/negozio\"},{\"@type\":\"ListItem\",\"position\":3,\"name\":\"Neypul Nr.10 Fiale D7 5x2ml\"}]},{\"@type\":\"WebSite\",\"@id\":\"https:\/\/lions-pharmacy.com\/it#website\",\"url\":\"https:\/\/lions-pharmacy.com\/it\",\"name\":\"Lions Pharmacy\",\"description\":\"Farmacia specializzata in naturopatia di Baden-Baden, Germania\",\"publisher\":{\"@id\":\"https:\/\/lions-pharmacy.com\/it#organization\"},\"alternateName\":\"Lion Pharmacy\",\"potentialAction\":[{\"@type\":\"SearchAction\",\"target\":{\"@type\":\"EntryPoint\",\"urlTemplate\":\"https:\/\/lions-pharmacy.com\/it?s={search_term_string}\"},\"query-input\":{\"@type\":\"PropertyValueSpecification\",\"valueRequired\":true,\"valueName\":\"search_term_string\"}}],\"inLanguage\":\"it-IT\"},{\"@type\":\"Organization\",\"@id\":\"https:\/\/lions-pharmacy.com\/it#organization\",\"name\":\"Lions Pharmacy\",\"alternateName\":\"Lions Pharmacy24\",\"url\":\"https:\/\/lions-pharmacy.com\/it\",\"logo\":{\"@type\":\"ImageObject\",\"inLanguage\":\"it-IT\",\"@id\":\"https:\/\/lions-pharmacy.com\/it#\/schema\/logo\/image\/\",\"url\":\"https:\/\/lions-pharmacy.com\/wp-content\/uploads\/2022\/12\/Logo-Lion-Pharmacy-c-o-Loewen-Apotheke-smal.jpg\",\"contentUrl\":\"https:\/\/lions-pharmacy.com\/wp-content\/uploads\/2022\/12\/Logo-Lion-Pharmacy-c-o-Loewen-Apotheke-smal.jpg\",\"width\":298,\"height\":99,\"caption\":\"Lions Pharmacy\"},\"image\":{\"@id\":\"https:\/\/lions-pharmacy.com\/it#\/schema\/logo\/image\/\"}}]}<\/script>\n<!-- \/ Yoast SEO plugin. -->","yoast_head_json":{"title":"Neypul Nr.10 Fiale D7 5x2ml &#187;%","description":"Lions Pharmcy online tedesca registrata. Spedizione internazionale veloce | Prodotto realizzato da vitOrgan | Neypul Nr.10 Fiale D7 5x2ml","robots":{"index":"index","follow":"follow","max-snippet":"max-snippet:-1","max-image-preview":"max-image-preview:large","max-video-preview":"max-video-preview:-1"},"canonical":"https:\/\/lions-pharmacy.com\/it\/prodotto\/neypul-nr-10-d7-fiale-5x2ml-06486498","og_locale":"it_IT","og_type":"article","og_title":"Neypul Nr.10 Fiale D7 5x2ml &#187;%","og_description":"Lions Pharmcy online tedesca registrata. Spedizione internazionale veloce | Prodotto realizzato da vitOrgan | Neypul Nr.10 Fiale D7 5x2ml","og_url":"https:\/\/lions-pharmacy.com\/it\/prodotto\/neypul-nr-10-d7-fiale-5x2ml-06486498","og_site_name":"Lion Pharmacy","article_modified_time":"2025-01-26T18:51:07+00:00","og_image":[{"width":600,"height":600,"url":"https:\/\/lions-pharmacy.com\/wp-content\/uploads\/2023\/01\/Neypul-Nr.10-D7-vitorgan-ampoules-10x5x2ml-Product-Lions-Pharmacy.webp","type":"image\/webp"}],"twitter_card":"summary_large_image","twitter_misc":{"Tempo di lettura stimato":"1 minuto"},"schema":{"@context":"https:\/\/schema.org","@graph":[{"@type":"WebPage","@id":"https:\/\/lions-pharmacy.com\/it\/prodotto\/neypul-nr-10-d7-fiale-5x2ml-06486498","url":"https:\/\/lions-pharmacy.com\/it\/prodotto\/neypul-nr-10-d7-fiale-5x2ml-06486498","name":"Neypul Nr.10 Fiale D7 5x2ml &#187;%","isPartOf":{"@id":"https:\/\/lions-pharmacy.com\/it#website"},"primaryImageOfPage":{"@id":"https:\/\/lions-pharmacy.com\/it\/prodotto\/neypul-nr-10-d7-fiale-5x2ml-06486498#primaryimage"},"image":{"@id":"https:\/\/lions-pharmacy.com\/it\/prodotto\/neypul-nr-10-d7-fiale-5x2ml-06486498#primaryimage"},"thumbnailUrl":"https:\/\/lions-pharmacy.com\/wp-content\/uploads\/2023\/01\/Neypul-Nr.10-D7-vitorgan-ampoules-10x5x2ml-Product-Lions-Pharmacy.webp","datePublished":"2023-01-14T06:09:01+00:00","dateModified":"2025-01-26T18:51:07+00:00","description":"Lions Pharmcy online tedesca registrata. Spedizione internazionale veloce | Prodotto realizzato da vitOrgan | Neypul Nr.10 Fiale D7 5x2ml","breadcrumb":{"@id":"https:\/\/lions-pharmacy.com\/it\/prodotto\/neypul-nr-10-d7-fiale-5x2ml-06486498#breadcrumb"},"inLanguage":"it-IT","potentialAction":[{"@type":"ReadAction","target":["https:\/\/lions-pharmacy.com\/it\/prodotto\/neypul-nr-10-d7-fiale-5x2ml-06486498"]}]},{"@type":"ImageObject","inLanguage":"it-IT","@id":"https:\/\/lions-pharmacy.com\/it\/prodotto\/neypul-nr-10-d7-fiale-5x2ml-06486498#primaryimage","url":"https:\/\/lions-pharmacy.com\/wp-content\/uploads\/2023\/01\/Neypul-Nr.10-D7-vitorgan-ampoules-10x5x2ml-Product-Lions-Pharmacy.webp","contentUrl":"https:\/\/lions-pharmacy.com\/wp-content\/uploads\/2023\/01\/Neypul-Nr.10-D7-vitorgan-ampoules-10x5x2ml-Product-Lions-Pharmacy.webp","width":600,"height":600,"caption":"Neypul Nr.10 D7 fiale vitOrgan 5x2ml Prodotto Farmacia Lions"},{"@type":"BreadcrumbList","@id":"https:\/\/lions-pharmacy.com\/it\/prodotto\/neypul-nr-10-d7-fiale-5x2ml-06486498#breadcrumb","itemListElement":[{"@type":"ListItem","position":1,"name":"Home","item":"https:\/\/lions-pharmacy.com\/it\/homepage-lion-pharmacy"},{"@type":"ListItem","position":2,"name":"Shop","item":"https:\/\/lions-pharmacy.com\/it\/negozio"},{"@type":"ListItem","position":3,"name":"Neypul Nr.10 Fiale D7 5x2ml"}]},{"@type":"WebSite","@id":"https:\/\/lions-pharmacy.com\/it#website","url":"https:\/\/lions-pharmacy.com\/it","name":"Lions Pharmacy","description":"Farmacia specializzata in naturopatia di Baden-Baden, Germania","publisher":{"@id":"https:\/\/lions-pharmacy.com\/it#organization"},"alternateName":"Lion Pharmacy","potentialAction":[{"@type":"SearchAction","target":{"@type":"EntryPoint","urlTemplate":"https:\/\/lions-pharmacy.com\/it?s={search_term_string}"},"query-input":{"@type":"PropertyValueSpecification","valueRequired":true,"valueName":"search_term_string"}}],"inLanguage":"it-IT"},{"@type":"Organization","@id":"https:\/\/lions-pharmacy.com\/it#organization","name":"Lions Pharmacy","alternateName":"Lions Pharmacy24","url":"https:\/\/lions-pharmacy.com\/it","logo":{"@type":"ImageObject","inLanguage":"it-IT","@id":"https:\/\/lions-pharmacy.com\/it#\/schema\/logo\/image\/","url":"https:\/\/lions-pharmacy.com\/wp-content\/uploads\/2022\/12\/Logo-Lion-Pharmacy-c-o-Loewen-Apotheke-smal.jpg","contentUrl":"https:\/\/lions-pharmacy.com\/wp-content\/uploads\/2022\/12\/Logo-Lion-Pharmacy-c-o-Loewen-Apotheke-smal.jpg","width":298,"height":99,"caption":"Lions Pharmacy"},"image":{"@id":"https:\/\/lions-pharmacy.com\/it#\/schema\/logo\/image\/"}}]}},"_links":{"self":[{"href":"https:\/\/lions-pharmacy.com\/it\/wp-json\/wp\/v2\/product\/1792","targetHints":{"allow":["GET"]}}],"collection":[{"href":"https:\/\/lions-pharmacy.com\/it\/wp-json\/wp\/v2\/product"}],"about":[{"href":"https:\/\/lions-pharmacy.com\/it\/wp-json\/wp\/v2\/types\/product"}],"replies":[{"embeddable":true,"href":"https:\/\/lions-pharmacy.com\/it\/wp-json\/wp\/v2\/comments?post=1792"}],"wp:featuredmedia":[{"embeddable":true,"href":"https:\/\/lions-pharmacy.com\/it\/wp-json\/wp\/v2\/media\/4026"}],"wp:attachment":[{"href":"https:\/\/lions-pharmacy.com\/it\/wp-json\/wp\/v2\/media?parent=1792"}],"wp:term":[{"taxonomy":"product_brand","embeddable":true,"href":"https:\/\/lions-pharmacy.com\/it\/wp-json\/wp\/v2\/product_brand?post=1792"},{"taxonomy":"product_cat","embeddable":true,"href":"https:\/\/lions-pharmacy.com\/it\/wp-json\/wp\/v2\/product_cat?post=1792"},{"taxonomy":"product_tag","embeddable":true,"href":"https:\/\/lions-pharmacy.com\/it\/wp-json\/wp\/v2\/product_tag?post=1792"}],"curies":[{"name":"wp","href":"https:\/\/api.w.org\/{rel}","templated":true}]}}