{"id":1775,"date":"2022-12-31T16:53:12","date_gmt":"2022-12-31T15:53:12","guid":{"rendered":"https:\/\/lions-pharmacy.com\/product\/labo-life-2lxfs"},"modified":"2025-11-29T22:28:51","modified_gmt":"2025-11-29T21:28:51","slug":"labo-life-2lxfs","status":"publish","type":"product","link":"https:\/\/lions-pharmacy.com\/it\/prodotto\/labo-life-2lxfs","title":{"rendered":"Labo Life 2LXFS"},"content":{"rendered":"<h2>Labo Life 2LXFS<\/h2>\n<p>La Lion Pharmacy importa Labo Life 2LXFS capsule per voi cos\u00ec come tutti i preparati da Labo Life Belgium su vostra richiesta.<\/p>\n<p>Foglietto illustrativo\/istruzioni per l&#8217;uso\/scheda tecnica: <a href=\"https:\/\/lions-pharmacy.com\/wp-content\/uploads\/2023\/01\/EN_patient_info.pdf\" target=\"_blank\" rel=\"noopener\">EN<\/a> | <a href=\"https:\/\/lions-pharmacy.com\/wp-content\/uploads\/2023\/01\/FR_info_patient.pdf\" target=\"_blank\" rel=\"noopener\">FR<\/a> | <a href=\"https:\/\/lions-pharmacy.com\/wp-content\/uploads\/2023\/01\/ES_info_paciente.pdf\">ES<\/a> | <a href=\"https:\/\/lions-pharmacy.com\/wp-content\/uploads\/2022\/12\/labolife-Patientenflyer-lobo-life-customer-information-lion-pharmacy-lowen-apotheke.pdf\" target=\"_blank\" rel=\"noopener\">DE<\/a> (lettore PDF)<\/p>\n<p>Nome prodotto alternativo: <a href=\"https:\/\/lions-pharmacy.com\/it\/product-brand\/labo-life-it\">Labo Life<\/a> 2L XFS<\/p>\n<p>Altri prodotti per l&#8217;applicazione:<\/p>\n<p>Per saperne di pi\u00f9 sul produttore e su questo prodotto: <a href=\"https:\/\/www.labolife.com\/en\" target=\"_blank\" rel=\"noopener\">Labo Life<\/a> (link a sito esterno)<\/p>\n<p>Per i rischi e gli effetti collaterali, leggere il foglio illustrativo e chiedere al medico o al farmacista.<\/p>\n<p>Le informazioni contenute in questo sito web sono fornite solo a scopo informativo. Non sostituiscono in alcun modo la visita e il trattamento da parte di un medico. Ci\u00f2 significa che non \u00e8 possibile n\u00e9 fare diagnosi n\u00e9 iniziare terapie.<\/p>\n<h3>Microimmunoterapia<\/h3>\n<p>La microimmunoterapia \u00e8 una terapia di immunomodulazione che utilizza gli stessi messaggeri del sistema immunitario (ad esempio, citochine, ormoni, fattori di crescita, acidi nucleici) per trasmettere informazioni all&#8217;organismo e &#8220;riadattare&#8221; la risposta immunitaria. In altre parole, il suo obiettivo \u00e8 ripristinare la corretta comunicazione tra le cellule del sistema immunitario per aiutarle a recuperare la loro capacit\u00e0 innata di difenderci dagli aggressori o di limitare la loro risposta quando \u00e8 esagerata. <\/p>\n<p>A differenza dell&#8217;immunoterapia classica, le formule di <a href=\"https:\/\/lions-pharmacy.com\/it\/tag-prodotto\/microimmunoterapia\">microimmunoterapia<\/a> utilizzano un&#8217;ampia gamma di sostanze immunitarie (i cosiddetti &#8220;messaggeri&#8221;). Sono preparati in basse concentrazioni (low-doses) attraverso un processo di diluizione-dinamizzazione, garantendo cos\u00ec un&#8217;elevata tolleranza. Inoltre, a seconda che si desideri stimolare, modulare o inibire l&#8217;organismo, i livelli di concentrazione utilizzati possono variare all&#8217;interno della stessa formula.  Proprio come avviene naturalmente nell&#8217;organismo, le sostanze vengono somministrate seguendo una sequenza specifica, un ordine preciso.<\/p>\n<p>La microimmunoterapia pu\u00f2 essere un fedele alleato nel trattamento delle malattie derivanti da uno squilibrio del sistema immunitario, sia acute che croniche. Tra queste rientrano le patologie infettive e oncologiche o le malattie autoimmuni. La <a href=\"https:\/\/lions-pharmacy.com\/it\/tag-prodotto\/microimmunoterapia\">microimmunoterapia<\/a> non sostituisce il sistema immunitario, n\u00e9 lo forza o lo blocca, ma piuttosto informa l&#8217;immunit\u00e0 in modo sottile, rendendola quindi compatibile con altri trattamenti.<\/p>\n<p>Per saperne di pi\u00f9 su <a href=\"https:\/\/www.labolife.com\/de\" target=\"_blank\" rel=\"noopener noreferrer\">Labo&#8217;Life<\/a> e la microimmunoterapia, consultare la pagina web dei produttori.<\/p>\n<p data-pm-slice=\"1 1 []\">Gli integratori alimentari non vanno intesi come sostituti di una dieta equilibrata e varia e di uno stile di vita sano. La quantit\u00e0 di consumo giornaliero raccomandata non deve essere superata.<\/p>\n<p>Le informazioni contenute in questo sito web sono fornite solo a scopo informativo. Non sostituiscono in alcun modo la visita e il trattamento da parte di un medico. Tieni presente che non pu\u00f2 essere utilizzato per formulare una diagnosi o iniziare una terapia.<\/p>\n<p>Per informazioni sui rischi e sugli effetti collaterali, leggi il foglietto illustrativo e chiedi al tuo medico o alla farmacia.<\/p>\n","protected":false},"excerpt":{"rendered":"<h2>Labo Life 2LXFS<\/h2>\n<p>La Farmacia Lion \u00e8 in grado di fornirvi tutti i preparati Labo Life Belgio su vostra richiesta.<\/p>\n<p>&nbsp;<\/p>\n<p>PZN: &#8211;<\/p>\n<p>Forma di dosaggio: Capsule, senza lattosio<\/p>\n<p>Tipo di prescrizione: senza prescrizione<\/p>\n<p><a href=\"https:\/\/lions-pharmacy.com\/it\/product-brand\/labo-life-it\">Marchio<\/a>: Labo Life<\/p>\n<p>Produttore: Labo&#8217;Life Belgium, Rue Camille Hubert 11, 5032 Gembloux.<\/p>\n<p>Dimensione dell&#8217;imballaggio: 30 pezzi.<\/p>\n","protected":false},"featured_media":4617,"comment_status":"closed","ping_status":"closed","template":"","meta":[],"product_brand":[],"product_cat":[118,115],"product_tag":[289,234,785],"class_list":{"0":"post-1775","1":"product","2":"type-product","3":"status-publish","4":"has-post-thumbnail","6":"product_cat-labo-life-it","7":"product_cat-non-categorizzato","8":"product_tag-2lchla-it","9":"product_tag-microimmunoterapia","10":"product_tag-prodotto-dimportazione-individuale-nessun-ritorno","11":"product_shipping_class-standard-it","12":"ts_product_brand-all-it","13":"ts_product_brand-labo-life-it","15":"first","16":"instock","17":"taxable","18":"shipping-taxable","19":"purchasable","20":"product-type-simple"},"yoast_head":"<!-- This site is optimized with the Yoast SEO plugin v26.5 - https:\/\/yoast.com\/wordpress\/plugins\/seo\/ -->\n<title>Labo Life 2LXFS &#187; Lion Pharmacy<\/title>\n<meta name=\"description\" content=\"Lion Pharmacy | farmacia online tedesca registrata | Spedizione internazionale rapida | Per saperne di pi\u00f9 sulla microimmunoterapia | Labo Life 2LXFS\" \/>\n<meta name=\"robots\" content=\"index, follow, max-snippet:-1, max-image-preview:large, max-video-preview:-1\" \/>\n<link rel=\"canonical\" href=\"https:\/\/lions-pharmacy.com\/it\/prodotto\/labo-life-2lxfs\" \/>\n<meta property=\"og:locale\" content=\"it_IT\" \/>\n<meta property=\"og:type\" content=\"article\" \/>\n<meta property=\"og:title\" content=\"Labo Life 2LXFS &#187; Lion Pharmacy\" \/>\n<meta property=\"og:description\" content=\"Lion Pharmacy | farmacia online tedesca registrata | Spedizione internazionale rapida | Per saperne di pi\u00f9 sulla microimmunoterapia | Labo Life 2LXFS\" \/>\n<meta property=\"og:url\" content=\"https:\/\/lions-pharmacy.com\/it\/prodotto\/labo-life-2lxfs\" \/>\n<meta property=\"og:site_name\" content=\"Lion Pharmacy\" \/>\n<meta property=\"article:modified_time\" content=\"2025-11-29T21:28:51+00:00\" \/>\n<meta property=\"og:image\" content=\"https:\/\/lions-pharmacy.com\/wp-content\/uploads\/2022\/12\/1591346_LLB_XFS_2023_gen2_noBG_web.webp\" \/>\n\t<meta property=\"og:image:width\" content=\"500\" \/>\n\t<meta property=\"og:image:height\" content=\"500\" \/>\n\t<meta property=\"og:image:type\" content=\"image\/webp\" \/>\n<meta name=\"twitter:card\" content=\"summary_large_image\" \/>\n<meta name=\"twitter:label1\" content=\"Tempo di lettura stimato\" \/>\n\t<meta name=\"twitter:data1\" content=\"2 minuti\" \/>\n<script type=\"application\/ld+json\" class=\"yoast-schema-graph\">{\"@context\":\"https:\/\/schema.org\",\"@graph\":[{\"@type\":\"WebPage\",\"@id\":\"https:\/\/lions-pharmacy.com\/it\/prodotto\/labo-life-2lxfs\",\"url\":\"https:\/\/lions-pharmacy.com\/it\/prodotto\/labo-life-2lxfs\",\"name\":\"Labo Life 2LXFS &#187; Lion Pharmacy\",\"isPartOf\":{\"@id\":\"https:\/\/lions-pharmacy.com\/it#website\"},\"primaryImageOfPage\":{\"@id\":\"https:\/\/lions-pharmacy.com\/it\/prodotto\/labo-life-2lxfs#primaryimage\"},\"image\":{\"@id\":\"https:\/\/lions-pharmacy.com\/it\/prodotto\/labo-life-2lxfs#primaryimage\"},\"thumbnailUrl\":\"https:\/\/lions-pharmacy.com\/wp-content\/uploads\/2022\/12\/1591346_LLB_XFS_2023_gen2_noBG_web.webp\",\"datePublished\":\"2022-12-31T15:53:12+00:00\",\"dateModified\":\"2025-11-29T21:28:51+00:00\",\"description\":\"Lion Pharmacy | farmacia online tedesca registrata | Spedizione internazionale rapida | Per saperne di pi\u00f9 sulla microimmunoterapia | Labo Life 2LXFS\",\"breadcrumb\":{\"@id\":\"https:\/\/lions-pharmacy.com\/it\/prodotto\/labo-life-2lxfs#breadcrumb\"},\"inLanguage\":\"it-IT\",\"potentialAction\":[{\"@type\":\"ReadAction\",\"target\":[\"https:\/\/lions-pharmacy.com\/it\/prodotto\/labo-life-2lxfs\"]}]},{\"@type\":\"ImageObject\",\"inLanguage\":\"it-IT\",\"@id\":\"https:\/\/lions-pharmacy.com\/it\/prodotto\/labo-life-2lxfs#primaryimage\",\"url\":\"https:\/\/lions-pharmacy.com\/wp-content\/uploads\/2022\/12\/1591346_LLB_XFS_2023_gen2_noBG_web.webp\",\"contentUrl\":\"https:\/\/lions-pharmacy.com\/wp-content\/uploads\/2022\/12\/1591346_LLB_XFS_2023_gen2_noBG_web.webp\",\"width\":500,\"height\":500,\"caption\":\"Labo Life 2LLXFS LaboLife 2L LXFS Lion Farmacia Loewen-Apotheke\"},{\"@type\":\"BreadcrumbList\",\"@id\":\"https:\/\/lions-pharmacy.com\/it\/prodotto\/labo-life-2lxfs#breadcrumb\",\"itemListElement\":[{\"@type\":\"ListItem\",\"position\":1,\"name\":\"Home\",\"item\":\"https:\/\/lions-pharmacy.com\/it\/homepage-lion-pharmacy\"},{\"@type\":\"ListItem\",\"position\":2,\"name\":\"Shop\",\"item\":\"https:\/\/lions-pharmacy.com\/it\/negozio\"},{\"@type\":\"ListItem\",\"position\":3,\"name\":\"Labo Life 2LXFS\"}]},{\"@type\":\"WebSite\",\"@id\":\"https:\/\/lions-pharmacy.com\/it#website\",\"url\":\"https:\/\/lions-pharmacy.com\/it\",\"name\":\"Lions Pharmacy\",\"description\":\"Farmacia specializzata in naturopatia di Baden-Baden, Germania\",\"publisher\":{\"@id\":\"https:\/\/lions-pharmacy.com\/it#organization\"},\"alternateName\":\"Lion Pharmacy\",\"potentialAction\":[{\"@type\":\"SearchAction\",\"target\":{\"@type\":\"EntryPoint\",\"urlTemplate\":\"https:\/\/lions-pharmacy.com\/it?s={search_term_string}\"},\"query-input\":{\"@type\":\"PropertyValueSpecification\",\"valueRequired\":true,\"valueName\":\"search_term_string\"}}],\"inLanguage\":\"it-IT\"},{\"@type\":\"Organization\",\"@id\":\"https:\/\/lions-pharmacy.com\/it#organization\",\"name\":\"Lions Pharmacy\",\"alternateName\":\"Lions Pharmacy24\",\"url\":\"https:\/\/lions-pharmacy.com\/it\",\"logo\":{\"@type\":\"ImageObject\",\"inLanguage\":\"it-IT\",\"@id\":\"https:\/\/lions-pharmacy.com\/it#\/schema\/logo\/image\/\",\"url\":\"https:\/\/lions-pharmacy.com\/wp-content\/uploads\/2022\/12\/Logo-Lion-Pharmacy-c-o-Loewen-Apotheke-smal.jpg\",\"contentUrl\":\"https:\/\/lions-pharmacy.com\/wp-content\/uploads\/2022\/12\/Logo-Lion-Pharmacy-c-o-Loewen-Apotheke-smal.jpg\",\"width\":298,\"height\":99,\"caption\":\"Lions Pharmacy\"},\"image\":{\"@id\":\"https:\/\/lions-pharmacy.com\/it#\/schema\/logo\/image\/\"}}]}<\/script>\n<!-- \/ Yoast SEO plugin. -->","yoast_head_json":{"title":"Labo Life 2LXFS &#187; Lion Pharmacy","description":"Lion Pharmacy | farmacia online tedesca registrata | Spedizione internazionale rapida | Per saperne di pi\u00f9 sulla microimmunoterapia | Labo Life 2LXFS","robots":{"index":"index","follow":"follow","max-snippet":"max-snippet:-1","max-image-preview":"max-image-preview:large","max-video-preview":"max-video-preview:-1"},"canonical":"https:\/\/lions-pharmacy.com\/it\/prodotto\/labo-life-2lxfs","og_locale":"it_IT","og_type":"article","og_title":"Labo Life 2LXFS &#187; Lion Pharmacy","og_description":"Lion Pharmacy | farmacia online tedesca registrata | Spedizione internazionale rapida | Per saperne di pi\u00f9 sulla microimmunoterapia | Labo Life 2LXFS","og_url":"https:\/\/lions-pharmacy.com\/it\/prodotto\/labo-life-2lxfs","og_site_name":"Lion Pharmacy","article_modified_time":"2025-11-29T21:28:51+00:00","og_image":[{"width":500,"height":500,"url":"https:\/\/lions-pharmacy.com\/wp-content\/uploads\/2022\/12\/1591346_LLB_XFS_2023_gen2_noBG_web.webp","type":"image\/webp"}],"twitter_card":"summary_large_image","twitter_misc":{"Tempo di lettura stimato":"2 minuti"},"schema":{"@context":"https:\/\/schema.org","@graph":[{"@type":"WebPage","@id":"https:\/\/lions-pharmacy.com\/it\/prodotto\/labo-life-2lxfs","url":"https:\/\/lions-pharmacy.com\/it\/prodotto\/labo-life-2lxfs","name":"Labo Life 2LXFS &#187; Lion Pharmacy","isPartOf":{"@id":"https:\/\/lions-pharmacy.com\/it#website"},"primaryImageOfPage":{"@id":"https:\/\/lions-pharmacy.com\/it\/prodotto\/labo-life-2lxfs#primaryimage"},"image":{"@id":"https:\/\/lions-pharmacy.com\/it\/prodotto\/labo-life-2lxfs#primaryimage"},"thumbnailUrl":"https:\/\/lions-pharmacy.com\/wp-content\/uploads\/2022\/12\/1591346_LLB_XFS_2023_gen2_noBG_web.webp","datePublished":"2022-12-31T15:53:12+00:00","dateModified":"2025-11-29T21:28:51+00:00","description":"Lion Pharmacy | farmacia online tedesca registrata | Spedizione internazionale rapida | Per saperne di pi\u00f9 sulla microimmunoterapia | Labo Life 2LXFS","breadcrumb":{"@id":"https:\/\/lions-pharmacy.com\/it\/prodotto\/labo-life-2lxfs#breadcrumb"},"inLanguage":"it-IT","potentialAction":[{"@type":"ReadAction","target":["https:\/\/lions-pharmacy.com\/it\/prodotto\/labo-life-2lxfs"]}]},{"@type":"ImageObject","inLanguage":"it-IT","@id":"https:\/\/lions-pharmacy.com\/it\/prodotto\/labo-life-2lxfs#primaryimage","url":"https:\/\/lions-pharmacy.com\/wp-content\/uploads\/2022\/12\/1591346_LLB_XFS_2023_gen2_noBG_web.webp","contentUrl":"https:\/\/lions-pharmacy.com\/wp-content\/uploads\/2022\/12\/1591346_LLB_XFS_2023_gen2_noBG_web.webp","width":500,"height":500,"caption":"Labo Life 2LLXFS LaboLife 2L LXFS Lion Farmacia Loewen-Apotheke"},{"@type":"BreadcrumbList","@id":"https:\/\/lions-pharmacy.com\/it\/prodotto\/labo-life-2lxfs#breadcrumb","itemListElement":[{"@type":"ListItem","position":1,"name":"Home","item":"https:\/\/lions-pharmacy.com\/it\/homepage-lion-pharmacy"},{"@type":"ListItem","position":2,"name":"Shop","item":"https:\/\/lions-pharmacy.com\/it\/negozio"},{"@type":"ListItem","position":3,"name":"Labo Life 2LXFS"}]},{"@type":"WebSite","@id":"https:\/\/lions-pharmacy.com\/it#website","url":"https:\/\/lions-pharmacy.com\/it","name":"Lions Pharmacy","description":"Farmacia specializzata in naturopatia di Baden-Baden, Germania","publisher":{"@id":"https:\/\/lions-pharmacy.com\/it#organization"},"alternateName":"Lion Pharmacy","potentialAction":[{"@type":"SearchAction","target":{"@type":"EntryPoint","urlTemplate":"https:\/\/lions-pharmacy.com\/it?s={search_term_string}"},"query-input":{"@type":"PropertyValueSpecification","valueRequired":true,"valueName":"search_term_string"}}],"inLanguage":"it-IT"},{"@type":"Organization","@id":"https:\/\/lions-pharmacy.com\/it#organization","name":"Lions Pharmacy","alternateName":"Lions Pharmacy24","url":"https:\/\/lions-pharmacy.com\/it","logo":{"@type":"ImageObject","inLanguage":"it-IT","@id":"https:\/\/lions-pharmacy.com\/it#\/schema\/logo\/image\/","url":"https:\/\/lions-pharmacy.com\/wp-content\/uploads\/2022\/12\/Logo-Lion-Pharmacy-c-o-Loewen-Apotheke-smal.jpg","contentUrl":"https:\/\/lions-pharmacy.com\/wp-content\/uploads\/2022\/12\/Logo-Lion-Pharmacy-c-o-Loewen-Apotheke-smal.jpg","width":298,"height":99,"caption":"Lions Pharmacy"},"image":{"@id":"https:\/\/lions-pharmacy.com\/it#\/schema\/logo\/image\/"}}]}},"_links":{"self":[{"href":"https:\/\/lions-pharmacy.com\/it\/wp-json\/wp\/v2\/product\/1775","targetHints":{"allow":["GET"]}}],"collection":[{"href":"https:\/\/lions-pharmacy.com\/it\/wp-json\/wp\/v2\/product"}],"about":[{"href":"https:\/\/lions-pharmacy.com\/it\/wp-json\/wp\/v2\/types\/product"}],"replies":[{"embeddable":true,"href":"https:\/\/lions-pharmacy.com\/it\/wp-json\/wp\/v2\/comments?post=1775"}],"wp:featuredmedia":[{"embeddable":true,"href":"https:\/\/lions-pharmacy.com\/it\/wp-json\/wp\/v2\/media\/4617"}],"wp:attachment":[{"href":"https:\/\/lions-pharmacy.com\/it\/wp-json\/wp\/v2\/media?parent=1775"}],"wp:term":[{"taxonomy":"product_brand","embeddable":true,"href":"https:\/\/lions-pharmacy.com\/it\/wp-json\/wp\/v2\/product_brand?post=1775"},{"taxonomy":"product_cat","embeddable":true,"href":"https:\/\/lions-pharmacy.com\/it\/wp-json\/wp\/v2\/product_cat?post=1775"},{"taxonomy":"product_tag","embeddable":true,"href":"https:\/\/lions-pharmacy.com\/it\/wp-json\/wp\/v2\/product_tag?post=1775"}],"curies":[{"name":"wp","href":"https:\/\/api.w.org\/{rel}","templated":true}]}}