{"id":1675,"date":"2023-01-14T15:23:24","date_gmt":"2023-01-14T14:23:24","guid":{"rendered":"https:\/\/lions-pharmacy.com\/product\/neydil-nr-66-pro-injection-ii-fiale-ospedale-confezione-50x-2ml"},"modified":"2025-01-26T19:35:13","modified_gmt":"2025-01-26T18:35:13","slug":"neydil-nr-66-pro-injection-ii-ampoules-hospital-pack-50x-2ml-3557772","status":"publish","type":"product","link":"https:\/\/lions-pharmacy.com\/it\/prodotto\/neydil-nr-66-pro-injection-ii-ampoules-hospital-pack-50x-2ml-3557772","title":{"rendered":"NeyDil Nr.66 pro injection II &#8211; fiale ospedale confezione 50x 2ml"},"content":{"rendered":"<h2>NeyDil Nr.66 pro iniezione St\u00e4rke II &#8211; fiale<\/h2>\n<p>NeyDil Nr.66 pro &#8211; Diencefalo, Placenta, Funicolo ubilicale, Timo, Epifisi, Testicoli, Ghiandola surrenale, Ghiandola tireoidea, Midollo osseo, Polmone, Epar, Pancreas, Ren, Lien, Mucosa intest.<\/p>\n<p>I preparati omeopatici per organi offerti da vitOrgan per la terapia biomolecolare utilizzano sostanze organiche naturali con effetto regolatore e metabolico per normalizzare fisiologicamente i processi che sono andati fuori equilibrio. La vitOrganismo biomolecolare \u00e8 una terapia di grande successo da 60 anni. Costituisce un ponte tra i cosiddetti campi della medicina ortodossa e della naturopatia. Utilizza sostanze naturali, regolatrici e funzionanti a livello metabolico, disponibili sia nell&#8217;uomo che negli animali, per normalizzare le malattie modificando i processi fisiologici che non sono pi\u00f9 in equilibrio, curando cos\u00ec il paziente non solo dal punto di vista sintomatico, ma anche da quello causale. Secondo il principio &#8220;il cuore guarisce il cuore, il rene guarisce il rene, l&#8217;organo guarisce l&#8217;organo&#8221;, \u00e8 importante risvegliare il potere delle cellule indebolite attraverso una regolazione mirata.<\/p>\n<p>Foglietto illustrativo\/istruzioni per l&#8217;uso\/scheda tecnica: NeyDil Nr.66 pro injection (Lettore PDF)<\/p>\n<p>Nome alternativo del prodotto: NeyDil Nr. 66 pro iniezione<\/p>\n<p>Altri prodotti per l&#8217;applicazione: <a href=\"https:\/\/lions-pharmacy.com\/produkt-kategorie\/vitorgan\">vitOrgan<\/a><\/p>\n<p>Per saperne di pi\u00f9 sul produttore e su questo prodotto: <a href=\"https:\/\/vitorgan.de\/en\/products\/\" target=\"_blank\" rel=\"noopener\">vitOrgan<\/a> (link a sito esterno)<\/p>\n<p>Le informazioni contenute in questo sito web sono fornite solo a scopo informativo. Non sostituiscono in alcun modo la visita e il trattamento da parte di un medico. Ci\u00f2 significa che non \u00e8 possibile n\u00e9 fare diagnosi n\u00e9 iniziare terapie.<\/p>\n<p>Per i rischi e gli effetti collaterali, leggere il foglio illustrativo e rivolgersi al medico o al farmacista.<\/p>\n","protected":false},"excerpt":{"rendered":"<h2>NeyDil Nr.66 pro iniezione St\u00e4rke II &#8211; fiale<\/h2>\n<p>&#8220;Diencefalo, Placenta, Funicolo ubilicale, Timo, Epifisi, Testicoli, Ghiandola surrenale, Ghiandola tireoidea, Midollo osseo, Polmone, Epar, Pancreas, Ren, Lien, Mucosa intestinale&#8221;. Confezione ospedaliera &#8211; confezione volume con 50 pezzi.<\/p>\n<p>&nbsp;<\/p>\n<p>PZN: 03557772 (numero di telefono)<\/p>\n<p>Forma di dosaggio: fiale<\/p>\n<p>Tipo di prescrizione: senza prescrizione<\/p>\n<p>Marchio: vitOrgan<\/p>\n<p>Costruttore: vitOrgan GmbH &amp; Co.KG, Ostfildern, Germania<\/p>\n<p>Dimensione della confezione: 50 pezzi per 2ml<\/p>\n","protected":false},"featured_media":4701,"comment_status":"closed","ping_status":"closed","template":"","meta":[],"product_brand":[],"product_cat":[565,124,115,130],"product_tag":[231],"class_list":{"0":"post-1675","1":"product","2":"type-product","3":"status-publish","4":"has-post-thumbnail","6":"product_cat-offerte-esclusive","7":"product_cat-sale-it","8":"product_cat-non-categorizzato","9":"product_cat-vitorgan-it","10":"product_tag-neydil-it","11":"ts_product_brand-all-it","12":"ts_product_brand-vitorgan-it","14":"first","15":"instock","16":"sale","17":"taxable","18":"shipping-taxable","19":"purchasable","20":"product-type-simple"},"yoast_head":"<!-- This site is optimized with the Yoast SEO plugin v26.5 - https:\/\/yoast.com\/wordpress\/plugins\/seo\/ -->\n<title>NeyDil Nr.66 pro injection II - fiale ospedale confezione 50x 2ml &#187;%<\/title>\n<meta name=\"description\" content=\"Farmacia Lion | Farmacia tedesca | Spedizione internazionale veloce | Prodotto realizzato da vitOrgan | NeyDil Nr.66 pro injection II - fiale ospedale confezione 50x 2ml\" \/>\n<meta name=\"robots\" content=\"index, follow, max-snippet:-1, max-image-preview:large, max-video-preview:-1\" \/>\n<link rel=\"canonical\" href=\"https:\/\/lions-pharmacy.com\/it\/prodotto\/neydil-nr-66-pro-injection-ii-ampoules-hospital-pack-50x-2ml-3557772\" \/>\n<meta property=\"og:locale\" content=\"it_IT\" \/>\n<meta property=\"og:type\" content=\"article\" \/>\n<meta property=\"og:title\" content=\"NeyDil Nr.66 pro injection II - fiale ospedale confezione 50x 2ml &#187;%\" \/>\n<meta property=\"og:description\" content=\"Farmacia Lion | Farmacia tedesca | Spedizione internazionale veloce | Prodotto realizzato da vitOrgan | NeyDil Nr.66 pro injection II - fiale ospedale confezione 50x 2ml\" \/>\n<meta property=\"og:url\" content=\"https:\/\/lions-pharmacy.com\/it\/prodotto\/neydil-nr-66-pro-injection-ii-ampoules-hospital-pack-50x-2ml-3557772\" \/>\n<meta property=\"og:site_name\" content=\"Lion Pharmacy\" \/>\n<meta property=\"article:modified_time\" content=\"2025-01-26T18:35:13+00:00\" \/>\n<meta property=\"og:image\" content=\"https:\/\/lions-pharmacy.com\/wp-content\/uploads\/2022\/12\/vitorgan-Neydil-No.66-pro-injection-II-Ampoules-Lions-Pharmacy.webp\" \/>\n\t<meta property=\"og:image:width\" content=\"600\" \/>\n\t<meta property=\"og:image:height\" content=\"600\" \/>\n\t<meta property=\"og:image:type\" content=\"image\/webp\" \/>\n<meta name=\"twitter:card\" content=\"summary_large_image\" \/>\n<meta name=\"twitter:label1\" content=\"Tempo di lettura stimato\" \/>\n\t<meta name=\"twitter:data1\" content=\"1 minuto\" \/>\n<script type=\"application\/ld+json\" class=\"yoast-schema-graph\">{\"@context\":\"https:\/\/schema.org\",\"@graph\":[{\"@type\":\"WebPage\",\"@id\":\"https:\/\/lions-pharmacy.com\/it\/prodotto\/neydil-nr-66-pro-injection-ii-ampoules-hospital-pack-50x-2ml-3557772\",\"url\":\"https:\/\/lions-pharmacy.com\/it\/prodotto\/neydil-nr-66-pro-injection-ii-ampoules-hospital-pack-50x-2ml-3557772\",\"name\":\"NeyDil Nr.66 pro injection II - fiale ospedale confezione 50x 2ml &#187;%\",\"isPartOf\":{\"@id\":\"https:\/\/lions-pharmacy.com\/it#website\"},\"primaryImageOfPage\":{\"@id\":\"https:\/\/lions-pharmacy.com\/it\/prodotto\/neydil-nr-66-pro-injection-ii-ampoules-hospital-pack-50x-2ml-3557772#primaryimage\"},\"image\":{\"@id\":\"https:\/\/lions-pharmacy.com\/it\/prodotto\/neydil-nr-66-pro-injection-ii-ampoules-hospital-pack-50x-2ml-3557772#primaryimage\"},\"thumbnailUrl\":\"https:\/\/lions-pharmacy.com\/wp-content\/uploads\/2022\/12\/vitorgan-Neydil-No.66-pro-injection-II-Ampoules-Lions-Pharmacy.webp\",\"datePublished\":\"2023-01-14T14:23:24+00:00\",\"dateModified\":\"2025-01-26T18:35:13+00:00\",\"description\":\"Farmacia Lion | Farmacia tedesca | Spedizione internazionale veloce | Prodotto realizzato da vitOrgan | NeyDil Nr.66 pro injection II - fiale ospedale confezione 50x 2ml\",\"breadcrumb\":{\"@id\":\"https:\/\/lions-pharmacy.com\/it\/prodotto\/neydil-nr-66-pro-injection-ii-ampoules-hospital-pack-50x-2ml-3557772#breadcrumb\"},\"inLanguage\":\"it-IT\",\"potentialAction\":[{\"@type\":\"ReadAction\",\"target\":[\"https:\/\/lions-pharmacy.com\/it\/prodotto\/neydil-nr-66-pro-injection-ii-ampoules-hospital-pack-50x-2ml-3557772\"]}]},{\"@type\":\"ImageObject\",\"inLanguage\":\"it-IT\",\"@id\":\"https:\/\/lions-pharmacy.com\/it\/prodotto\/neydil-nr-66-pro-injection-ii-ampoules-hospital-pack-50x-2ml-3557772#primaryimage\",\"url\":\"https:\/\/lions-pharmacy.com\/wp-content\/uploads\/2022\/12\/vitorgan-Neydil-No.66-pro-injection-II-Ampoules-Lions-Pharmacy.webp\",\"contentUrl\":\"https:\/\/lions-pharmacy.com\/wp-content\/uploads\/2022\/12\/vitorgan-Neydil-No.66-pro-injection-II-Ampoules-Lions-Pharmacy.webp\",\"width\":600,\"height\":600,\"caption\":\"vitorgan Neydil No.66 pro iniezione II Fiale Farmacia Lions\"},{\"@type\":\"BreadcrumbList\",\"@id\":\"https:\/\/lions-pharmacy.com\/it\/prodotto\/neydil-nr-66-pro-injection-ii-ampoules-hospital-pack-50x-2ml-3557772#breadcrumb\",\"itemListElement\":[{\"@type\":\"ListItem\",\"position\":1,\"name\":\"Home\",\"item\":\"https:\/\/lions-pharmacy.com\/it\/homepage-lion-pharmacy\"},{\"@type\":\"ListItem\",\"position\":2,\"name\":\"Shop\",\"item\":\"https:\/\/lions-pharmacy.com\/it\/negozio\"},{\"@type\":\"ListItem\",\"position\":3,\"name\":\"NeyDil Nr.66 pro injection II &#8211; fiale ospedale confezione 50x 2ml\"}]},{\"@type\":\"WebSite\",\"@id\":\"https:\/\/lions-pharmacy.com\/it#website\",\"url\":\"https:\/\/lions-pharmacy.com\/it\",\"name\":\"Lions Pharmacy\",\"description\":\"Farmacia specializzata in naturopatia di Baden-Baden, Germania\",\"publisher\":{\"@id\":\"https:\/\/lions-pharmacy.com\/it#organization\"},\"alternateName\":\"Lion Pharmacy\",\"potentialAction\":[{\"@type\":\"SearchAction\",\"target\":{\"@type\":\"EntryPoint\",\"urlTemplate\":\"https:\/\/lions-pharmacy.com\/it?s={search_term_string}\"},\"query-input\":{\"@type\":\"PropertyValueSpecification\",\"valueRequired\":true,\"valueName\":\"search_term_string\"}}],\"inLanguage\":\"it-IT\"},{\"@type\":\"Organization\",\"@id\":\"https:\/\/lions-pharmacy.com\/it#organization\",\"name\":\"Lions Pharmacy\",\"alternateName\":\"Lions Pharmacy24\",\"url\":\"https:\/\/lions-pharmacy.com\/it\",\"logo\":{\"@type\":\"ImageObject\",\"inLanguage\":\"it-IT\",\"@id\":\"https:\/\/lions-pharmacy.com\/it#\/schema\/logo\/image\/\",\"url\":\"https:\/\/lions-pharmacy.com\/wp-content\/uploads\/2022\/12\/Logo-Lion-Pharmacy-c-o-Loewen-Apotheke-smal.jpg\",\"contentUrl\":\"https:\/\/lions-pharmacy.com\/wp-content\/uploads\/2022\/12\/Logo-Lion-Pharmacy-c-o-Loewen-Apotheke-smal.jpg\",\"width\":298,\"height\":99,\"caption\":\"Lions Pharmacy\"},\"image\":{\"@id\":\"https:\/\/lions-pharmacy.com\/it#\/schema\/logo\/image\/\"}}]}<\/script>\n<!-- \/ Yoast SEO plugin. -->","yoast_head_json":{"title":"NeyDil Nr.66 pro injection II - fiale ospedale confezione 50x 2ml &#187;%","description":"Farmacia Lion | Farmacia tedesca | Spedizione internazionale veloce | Prodotto realizzato da vitOrgan | NeyDil Nr.66 pro injection II - fiale ospedale confezione 50x 2ml","robots":{"index":"index","follow":"follow","max-snippet":"max-snippet:-1","max-image-preview":"max-image-preview:large","max-video-preview":"max-video-preview:-1"},"canonical":"https:\/\/lions-pharmacy.com\/it\/prodotto\/neydil-nr-66-pro-injection-ii-ampoules-hospital-pack-50x-2ml-3557772","og_locale":"it_IT","og_type":"article","og_title":"NeyDil Nr.66 pro injection II - fiale ospedale confezione 50x 2ml &#187;%","og_description":"Farmacia Lion | Farmacia tedesca | Spedizione internazionale veloce | Prodotto realizzato da vitOrgan | NeyDil Nr.66 pro injection II - fiale ospedale confezione 50x 2ml","og_url":"https:\/\/lions-pharmacy.com\/it\/prodotto\/neydil-nr-66-pro-injection-ii-ampoules-hospital-pack-50x-2ml-3557772","og_site_name":"Lion Pharmacy","article_modified_time":"2025-01-26T18:35:13+00:00","og_image":[{"width":600,"height":600,"url":"https:\/\/lions-pharmacy.com\/wp-content\/uploads\/2022\/12\/vitorgan-Neydil-No.66-pro-injection-II-Ampoules-Lions-Pharmacy.webp","type":"image\/webp"}],"twitter_card":"summary_large_image","twitter_misc":{"Tempo di lettura stimato":"1 minuto"},"schema":{"@context":"https:\/\/schema.org","@graph":[{"@type":"WebPage","@id":"https:\/\/lions-pharmacy.com\/it\/prodotto\/neydil-nr-66-pro-injection-ii-ampoules-hospital-pack-50x-2ml-3557772","url":"https:\/\/lions-pharmacy.com\/it\/prodotto\/neydil-nr-66-pro-injection-ii-ampoules-hospital-pack-50x-2ml-3557772","name":"NeyDil Nr.66 pro injection II - fiale ospedale confezione 50x 2ml &#187;%","isPartOf":{"@id":"https:\/\/lions-pharmacy.com\/it#website"},"primaryImageOfPage":{"@id":"https:\/\/lions-pharmacy.com\/it\/prodotto\/neydil-nr-66-pro-injection-ii-ampoules-hospital-pack-50x-2ml-3557772#primaryimage"},"image":{"@id":"https:\/\/lions-pharmacy.com\/it\/prodotto\/neydil-nr-66-pro-injection-ii-ampoules-hospital-pack-50x-2ml-3557772#primaryimage"},"thumbnailUrl":"https:\/\/lions-pharmacy.com\/wp-content\/uploads\/2022\/12\/vitorgan-Neydil-No.66-pro-injection-II-Ampoules-Lions-Pharmacy.webp","datePublished":"2023-01-14T14:23:24+00:00","dateModified":"2025-01-26T18:35:13+00:00","description":"Farmacia Lion | Farmacia tedesca | Spedizione internazionale veloce | Prodotto realizzato da vitOrgan | NeyDil Nr.66 pro injection II - fiale ospedale confezione 50x 2ml","breadcrumb":{"@id":"https:\/\/lions-pharmacy.com\/it\/prodotto\/neydil-nr-66-pro-injection-ii-ampoules-hospital-pack-50x-2ml-3557772#breadcrumb"},"inLanguage":"it-IT","potentialAction":[{"@type":"ReadAction","target":["https:\/\/lions-pharmacy.com\/it\/prodotto\/neydil-nr-66-pro-injection-ii-ampoules-hospital-pack-50x-2ml-3557772"]}]},{"@type":"ImageObject","inLanguage":"it-IT","@id":"https:\/\/lions-pharmacy.com\/it\/prodotto\/neydil-nr-66-pro-injection-ii-ampoules-hospital-pack-50x-2ml-3557772#primaryimage","url":"https:\/\/lions-pharmacy.com\/wp-content\/uploads\/2022\/12\/vitorgan-Neydil-No.66-pro-injection-II-Ampoules-Lions-Pharmacy.webp","contentUrl":"https:\/\/lions-pharmacy.com\/wp-content\/uploads\/2022\/12\/vitorgan-Neydil-No.66-pro-injection-II-Ampoules-Lions-Pharmacy.webp","width":600,"height":600,"caption":"vitorgan Neydil No.66 pro iniezione II Fiale Farmacia Lions"},{"@type":"BreadcrumbList","@id":"https:\/\/lions-pharmacy.com\/it\/prodotto\/neydil-nr-66-pro-injection-ii-ampoules-hospital-pack-50x-2ml-3557772#breadcrumb","itemListElement":[{"@type":"ListItem","position":1,"name":"Home","item":"https:\/\/lions-pharmacy.com\/it\/homepage-lion-pharmacy"},{"@type":"ListItem","position":2,"name":"Shop","item":"https:\/\/lions-pharmacy.com\/it\/negozio"},{"@type":"ListItem","position":3,"name":"NeyDil Nr.66 pro injection II &#8211; fiale ospedale confezione 50x 2ml"}]},{"@type":"WebSite","@id":"https:\/\/lions-pharmacy.com\/it#website","url":"https:\/\/lions-pharmacy.com\/it","name":"Lions Pharmacy","description":"Farmacia specializzata in naturopatia di Baden-Baden, Germania","publisher":{"@id":"https:\/\/lions-pharmacy.com\/it#organization"},"alternateName":"Lion Pharmacy","potentialAction":[{"@type":"SearchAction","target":{"@type":"EntryPoint","urlTemplate":"https:\/\/lions-pharmacy.com\/it?s={search_term_string}"},"query-input":{"@type":"PropertyValueSpecification","valueRequired":true,"valueName":"search_term_string"}}],"inLanguage":"it-IT"},{"@type":"Organization","@id":"https:\/\/lions-pharmacy.com\/it#organization","name":"Lions Pharmacy","alternateName":"Lions Pharmacy24","url":"https:\/\/lions-pharmacy.com\/it","logo":{"@type":"ImageObject","inLanguage":"it-IT","@id":"https:\/\/lions-pharmacy.com\/it#\/schema\/logo\/image\/","url":"https:\/\/lions-pharmacy.com\/wp-content\/uploads\/2022\/12\/Logo-Lion-Pharmacy-c-o-Loewen-Apotheke-smal.jpg","contentUrl":"https:\/\/lions-pharmacy.com\/wp-content\/uploads\/2022\/12\/Logo-Lion-Pharmacy-c-o-Loewen-Apotheke-smal.jpg","width":298,"height":99,"caption":"Lions Pharmacy"},"image":{"@id":"https:\/\/lions-pharmacy.com\/it#\/schema\/logo\/image\/"}}]}},"_links":{"self":[{"href":"https:\/\/lions-pharmacy.com\/it\/wp-json\/wp\/v2\/product\/1675","targetHints":{"allow":["GET"]}}],"collection":[{"href":"https:\/\/lions-pharmacy.com\/it\/wp-json\/wp\/v2\/product"}],"about":[{"href":"https:\/\/lions-pharmacy.com\/it\/wp-json\/wp\/v2\/types\/product"}],"replies":[{"embeddable":true,"href":"https:\/\/lions-pharmacy.com\/it\/wp-json\/wp\/v2\/comments?post=1675"}],"wp:featuredmedia":[{"embeddable":true,"href":"https:\/\/lions-pharmacy.com\/it\/wp-json\/wp\/v2\/media\/4701"}],"wp:attachment":[{"href":"https:\/\/lions-pharmacy.com\/it\/wp-json\/wp\/v2\/media?parent=1675"}],"wp:term":[{"taxonomy":"product_brand","embeddable":true,"href":"https:\/\/lions-pharmacy.com\/it\/wp-json\/wp\/v2\/product_brand?post=1675"},{"taxonomy":"product_cat","embeddable":true,"href":"https:\/\/lions-pharmacy.com\/it\/wp-json\/wp\/v2\/product_cat?post=1675"},{"taxonomy":"product_tag","embeddable":true,"href":"https:\/\/lions-pharmacy.com\/it\/wp-json\/wp\/v2\/product_tag?post=1675"}],"curies":[{"name":"wp","href":"https:\/\/api.w.org\/{rel}","templated":true}]}}