{"id":16556,"date":"2025-11-09T16:56:58","date_gmt":"2025-11-09T15:56:58","guid":{"rendered":"https:\/\/lions-pharmacy.com\/?post_type=product&#038;p=16556"},"modified":"2025-11-09T17:47:50","modified_gmt":"2025-11-09T16:47:50","slug":"iberogast-classic-liquid-50ml-16507540","status":"publish","type":"product","link":"https:\/\/lions-pharmacy.com\/it\/prodotto\/iberogast-classic-liquid-50ml-16507540","title":{"rendered":"Iberogast Classic Liquid (50 ml)"},"content":{"rendered":"<h2>Iberogast Liquido Classico<\/h2>\n<h3>Iberogast per disturbi acuti allo stomaco e all&#8217;intestino<\/h3>\n<p>\u00e8 un rimedio semplice e veloce per disturbi come flatulenza, pressione gastrica, sensazione di pienezza, nausea, disturbi di stomaco e di stomaco e pu\u00f2 anche fornire un piacevole sollievo per il bruciore di stomaco.<br \/>\nIberogast contiene 9 piante medicinali con un&#8217;alta percentuale di ingredienti che regolano la motilit\u00e0. Ci\u00f2 significa che lo stomaco e il sistema intestinale ricominciano a muoversi e sono regolati.<br \/>\nIberogast Classic contiene ingredienti utili:<\/p>\n<ul>\n<li>Iberis amara<\/li>\n<li>Radice di liquirizia<\/li>\n<li>Frutti di cumino<\/li>\n<li>Foglie di menta piperita<\/li>\n<li>Melissa<\/li>\n<li>Camomilla<br \/>\nA differenza di un altro prodotto Bayer, Iberogast advance, questo contiene anche: radice di angelica, celidonia e cardo mariano.<br \/>\nQuando si viaggia e si mangiano cibi pesanti, il liquido classico Iberogast pu\u00f2 essere un aiuto rapido e semplice.<\/li>\n<\/ul>\n<p>Se soffri di mal di stomaco dopo aver mangiato o occasionalmente soffri di bruciore di stomaco e sensazione di pienezza, potresti soffrire di un disturbo della motilit\u00e0. Se occasionalmente si verificano problemi digestivi, ad esempio dopo un pasto abbondante, viaggi, infezioni gastrointestinali, fluttuazioni ormonali o stress acuto, la causa \u00e8 spesso un&#8217;interruzione dei processi di movimento nello stomaco e nell&#8217;intestino.<\/p>\n<p>Iberogast\u00ae Classic allevia questi problemi funzionali e legati alla motilit\u00e0<\/p>\n<p>regolatore della motilit\u00e0, antidolorifico, antispasmodico, inibitore degli acidi e carminativo<br \/>\nEffetti.<\/p>\n<p>Questo allevia efficacemente i problemi gastrointestinali e la digestione pu\u00f2 funzionare di nuovo senza intoppi. Prova Iberogast\u00ae Classic, il numero 1 per i problemi gastrointestinali funzionali in Germania!*<\/p>\n<p>Le informazioni contenute in questo sito web sono fornite solo a scopo informativo. Non sostituiscono in alcun modo la visita e il trattamento da parte di un medico. Ci\u00f2 significa che non \u00e8 possibile n\u00e9 fare diagnosi n\u00e9 iniziare terapie.<\/p>\n<p>Per i rischi e gli effetti collaterali, leggere il foglio illustrativo e rivolgersi al medico o al farmacista.<\/p>\n<h3 style=\"text-align: left;\">Prescrizione | \u00c8 disponibile una prescrizione elettronica?<\/h3>\n<p>Invia subito la tua prescrizione elettronica. Usa la nostra app <a href=\"https:\/\/e-rezept-app.de\/shop-rezept\" target=\"_blank\" rel=\"noopener\">per la prescrizione elettronica<\/a> . E noi ti diamo le spese di spedizione gratis in Germania!<\/p>\n","protected":false},"excerpt":{"rendered":"<h2>Iberogast Liquido Classico<\/h2>\n<div class=\"rating__wrap\">\n<p><strong>PZN: <\/strong>16507540 (numero centrale farmaceutico)<\/p>\n<p><strong>Forma di dosaggio<\/strong>: Liquido 50ml<\/p>\n<p><strong>Tipo di regolazione:<\/strong> Senza prescrizione medica<\/p>\n<p><strong>Marchio<\/strong>: Iberogast<\/p>\n<p><strong>Produttore<\/strong>: Bayer AG, Germany GmbH<\/p>\n<\/div>\n","protected":false},"featured_media":16561,"comment_status":"closed","ping_status":"closed","template":"","meta":[],"product_brand":[],"product_cat":[124,115],"product_tag":[270,269,271,268],"class_list":{"0":"post-16556","1":"product","2":"type-product","3":"status-publish","4":"has-post-thumbnail","6":"product_cat-sale-it","7":"product_cat-non-categorizzato","8":"product_tag-benessere","9":"product_tag-gestione-del-peso","10":"product_tag-peso-e-forma-fisica","11":"product_tag-vitamine-e-integratori","12":"ts_product_brand-all-it","14":"first","15":"instock","16":"sale","17":"taxable","18":"shipping-taxable","19":"purchasable","20":"product-type-simple"},"yoast_head":"<!-- This site is optimized with the Yoast SEO plugin v26.5 - https:\/\/yoast.com\/wordpress\/plugins\/seo\/ -->\n<title>Iberogast Classic Liquid (50 ml) &#187; On Stock. Ordina qui.<\/title>\n<meta name=\"description\" content=\"Iberogast Classic Liquid (50 ml) per diarrea. Produttore: Bayer Vital. Consegnato dalla tua farmacia online tedesca. Spedizione veloce. Servizio al top.\" \/>\n<meta name=\"robots\" content=\"index, follow, max-snippet:-1, max-image-preview:large, max-video-preview:-1\" \/>\n<link rel=\"canonical\" href=\"https:\/\/lions-pharmacy.com\/it\/prodotto\/iberogast-classic-liquid-50ml-16507540\" \/>\n<meta property=\"og:locale\" content=\"it_IT\" \/>\n<meta property=\"og:type\" content=\"article\" \/>\n<meta property=\"og:title\" content=\"Iberogast Classic Liquid (50 ml) &#187; On Stock. Ordina qui.\" \/>\n<meta property=\"og:description\" content=\"Iberogast Classic Liquid (50 ml) per diarrea. Produttore: Bayer Vital. Consegnato dalla tua farmacia online tedesca. Spedizione veloce. Servizio al top.\" \/>\n<meta property=\"og:url\" content=\"https:\/\/lions-pharmacy.com\/it\/prodotto\/iberogast-classic-liquid-50ml-16507540\" \/>\n<meta property=\"og:site_name\" content=\"Lion Pharmacy\" \/>\n<meta property=\"article:modified_time\" content=\"2025-11-09T16:47:50+00:00\" \/>\n<meta property=\"og:image\" content=\"https:\/\/lions-pharmacy.com\/wp-content\/uploads\/2025\/11\/Iberogast-Classic-50ml-von-Bayer-Vital.webp\" \/>\n\t<meta property=\"og:image:width\" content=\"600\" \/>\n\t<meta property=\"og:image:height\" content=\"600\" \/>\n\t<meta property=\"og:image:type\" content=\"image\/webp\" \/>\n<meta name=\"twitter:card\" content=\"summary_large_image\" \/>\n<meta name=\"twitter:label1\" content=\"Tempo di lettura stimato\" \/>\n\t<meta name=\"twitter:data1\" content=\"2 minuti\" \/>\n<script type=\"application\/ld+json\" class=\"yoast-schema-graph\">{\"@context\":\"https:\/\/schema.org\",\"@graph\":[{\"@type\":\"WebPage\",\"@id\":\"https:\/\/lions-pharmacy.com\/it\/prodotto\/iberogast-classic-liquid-50ml-16507540\",\"url\":\"https:\/\/lions-pharmacy.com\/it\/prodotto\/iberogast-classic-liquid-50ml-16507540\",\"name\":\"Iberogast Classic Liquid (50 ml) &#187; On Stock. Ordina qui.\",\"isPartOf\":{\"@id\":\"https:\/\/lions-pharmacy.com\/it#website\"},\"primaryImageOfPage\":{\"@id\":\"https:\/\/lions-pharmacy.com\/it\/prodotto\/iberogast-classic-liquid-50ml-16507540#primaryimage\"},\"image\":{\"@id\":\"https:\/\/lions-pharmacy.com\/it\/prodotto\/iberogast-classic-liquid-50ml-16507540#primaryimage\"},\"thumbnailUrl\":\"https:\/\/lions-pharmacy.com\/wp-content\/uploads\/2025\/11\/Iberogast-Classic-50ml-von-Bayer-Vital.webp\",\"datePublished\":\"2025-11-09T15:56:58+00:00\",\"dateModified\":\"2025-11-09T16:47:50+00:00\",\"description\":\"Iberogast Classic Liquid (50 ml) per diarrea. Produttore: Bayer Vital. Consegnato dalla tua farmacia online tedesca. Spedizione veloce. Servizio al top.\",\"breadcrumb\":{\"@id\":\"https:\/\/lions-pharmacy.com\/it\/prodotto\/iberogast-classic-liquid-50ml-16507540#breadcrumb\"},\"inLanguage\":\"it-IT\",\"potentialAction\":[{\"@type\":\"ReadAction\",\"target\":[\"https:\/\/lions-pharmacy.com\/it\/prodotto\/iberogast-classic-liquid-50ml-16507540\"]}]},{\"@type\":\"ImageObject\",\"inLanguage\":\"it-IT\",\"@id\":\"https:\/\/lions-pharmacy.com\/it\/prodotto\/iberogast-classic-liquid-50ml-16507540#primaryimage\",\"url\":\"https:\/\/lions-pharmacy.com\/wp-content\/uploads\/2025\/11\/Iberogast-Classic-50ml-von-Bayer-Vital.webp\",\"contentUrl\":\"https:\/\/lions-pharmacy.com\/wp-content\/uploads\/2025\/11\/Iberogast-Classic-50ml-von-Bayer-Vital.webp\",\"width\":600,\"height\":600,\"caption\":\"Iberogast Classic 50ml von Bayer-Vital\"},{\"@type\":\"BreadcrumbList\",\"@id\":\"https:\/\/lions-pharmacy.com\/it\/prodotto\/iberogast-classic-liquid-50ml-16507540#breadcrumb\",\"itemListElement\":[{\"@type\":\"ListItem\",\"position\":1,\"name\":\"Home\",\"item\":\"https:\/\/lions-pharmacy.com\/it\/homepage-lion-pharmacy\"},{\"@type\":\"ListItem\",\"position\":2,\"name\":\"Shop\",\"item\":\"https:\/\/lions-pharmacy.com\/it\/negozio\"},{\"@type\":\"ListItem\",\"position\":3,\"name\":\"Iberogast Classic Liquid (50 ml)\"}]},{\"@type\":\"WebSite\",\"@id\":\"https:\/\/lions-pharmacy.com\/it#website\",\"url\":\"https:\/\/lions-pharmacy.com\/it\",\"name\":\"Lions Pharmacy\",\"description\":\"Farmacia specializzata in naturopatia di Baden-Baden, Germania\",\"publisher\":{\"@id\":\"https:\/\/lions-pharmacy.com\/it#organization\"},\"alternateName\":\"Lion Pharmacy\",\"potentialAction\":[{\"@type\":\"SearchAction\",\"target\":{\"@type\":\"EntryPoint\",\"urlTemplate\":\"https:\/\/lions-pharmacy.com\/it?s={search_term_string}\"},\"query-input\":{\"@type\":\"PropertyValueSpecification\",\"valueRequired\":true,\"valueName\":\"search_term_string\"}}],\"inLanguage\":\"it-IT\"},{\"@type\":\"Organization\",\"@id\":\"https:\/\/lions-pharmacy.com\/it#organization\",\"name\":\"Lions Pharmacy\",\"alternateName\":\"Lions Pharmacy24\",\"url\":\"https:\/\/lions-pharmacy.com\/it\",\"logo\":{\"@type\":\"ImageObject\",\"inLanguage\":\"it-IT\",\"@id\":\"https:\/\/lions-pharmacy.com\/it#\/schema\/logo\/image\/\",\"url\":\"https:\/\/lions-pharmacy.com\/wp-content\/uploads\/2022\/12\/Logo-Lion-Pharmacy-c-o-Loewen-Apotheke-smal.jpg\",\"contentUrl\":\"https:\/\/lions-pharmacy.com\/wp-content\/uploads\/2022\/12\/Logo-Lion-Pharmacy-c-o-Loewen-Apotheke-smal.jpg\",\"width\":298,\"height\":99,\"caption\":\"Lions Pharmacy\"},\"image\":{\"@id\":\"https:\/\/lions-pharmacy.com\/it#\/schema\/logo\/image\/\"}}]}<\/script>\n<!-- \/ Yoast SEO plugin. -->","yoast_head_json":{"title":"Iberogast Classic Liquid (50 ml) &#187; On Stock. Ordina qui.","description":"Iberogast Classic Liquid (50 ml) per diarrea. Produttore: Bayer Vital. Consegnato dalla tua farmacia online tedesca. Spedizione veloce. Servizio al top.","robots":{"index":"index","follow":"follow","max-snippet":"max-snippet:-1","max-image-preview":"max-image-preview:large","max-video-preview":"max-video-preview:-1"},"canonical":"https:\/\/lions-pharmacy.com\/it\/prodotto\/iberogast-classic-liquid-50ml-16507540","og_locale":"it_IT","og_type":"article","og_title":"Iberogast Classic Liquid (50 ml) &#187; On Stock. Ordina qui.","og_description":"Iberogast Classic Liquid (50 ml) per diarrea. Produttore: Bayer Vital. Consegnato dalla tua farmacia online tedesca. Spedizione veloce. Servizio al top.","og_url":"https:\/\/lions-pharmacy.com\/it\/prodotto\/iberogast-classic-liquid-50ml-16507540","og_site_name":"Lion Pharmacy","article_modified_time":"2025-11-09T16:47:50+00:00","og_image":[{"width":600,"height":600,"url":"https:\/\/lions-pharmacy.com\/wp-content\/uploads\/2025\/11\/Iberogast-Classic-50ml-von-Bayer-Vital.webp","type":"image\/webp"}],"twitter_card":"summary_large_image","twitter_misc":{"Tempo di lettura stimato":"2 minuti"},"schema":{"@context":"https:\/\/schema.org","@graph":[{"@type":"WebPage","@id":"https:\/\/lions-pharmacy.com\/it\/prodotto\/iberogast-classic-liquid-50ml-16507540","url":"https:\/\/lions-pharmacy.com\/it\/prodotto\/iberogast-classic-liquid-50ml-16507540","name":"Iberogast Classic Liquid (50 ml) &#187; On Stock. Ordina qui.","isPartOf":{"@id":"https:\/\/lions-pharmacy.com\/it#website"},"primaryImageOfPage":{"@id":"https:\/\/lions-pharmacy.com\/it\/prodotto\/iberogast-classic-liquid-50ml-16507540#primaryimage"},"image":{"@id":"https:\/\/lions-pharmacy.com\/it\/prodotto\/iberogast-classic-liquid-50ml-16507540#primaryimage"},"thumbnailUrl":"https:\/\/lions-pharmacy.com\/wp-content\/uploads\/2025\/11\/Iberogast-Classic-50ml-von-Bayer-Vital.webp","datePublished":"2025-11-09T15:56:58+00:00","dateModified":"2025-11-09T16:47:50+00:00","description":"Iberogast Classic Liquid (50 ml) per diarrea. Produttore: Bayer Vital. Consegnato dalla tua farmacia online tedesca. Spedizione veloce. Servizio al top.","breadcrumb":{"@id":"https:\/\/lions-pharmacy.com\/it\/prodotto\/iberogast-classic-liquid-50ml-16507540#breadcrumb"},"inLanguage":"it-IT","potentialAction":[{"@type":"ReadAction","target":["https:\/\/lions-pharmacy.com\/it\/prodotto\/iberogast-classic-liquid-50ml-16507540"]}]},{"@type":"ImageObject","inLanguage":"it-IT","@id":"https:\/\/lions-pharmacy.com\/it\/prodotto\/iberogast-classic-liquid-50ml-16507540#primaryimage","url":"https:\/\/lions-pharmacy.com\/wp-content\/uploads\/2025\/11\/Iberogast-Classic-50ml-von-Bayer-Vital.webp","contentUrl":"https:\/\/lions-pharmacy.com\/wp-content\/uploads\/2025\/11\/Iberogast-Classic-50ml-von-Bayer-Vital.webp","width":600,"height":600,"caption":"Iberogast Classic 50ml von Bayer-Vital"},{"@type":"BreadcrumbList","@id":"https:\/\/lions-pharmacy.com\/it\/prodotto\/iberogast-classic-liquid-50ml-16507540#breadcrumb","itemListElement":[{"@type":"ListItem","position":1,"name":"Home","item":"https:\/\/lions-pharmacy.com\/it\/homepage-lion-pharmacy"},{"@type":"ListItem","position":2,"name":"Shop","item":"https:\/\/lions-pharmacy.com\/it\/negozio"},{"@type":"ListItem","position":3,"name":"Iberogast Classic Liquid (50 ml)"}]},{"@type":"WebSite","@id":"https:\/\/lions-pharmacy.com\/it#website","url":"https:\/\/lions-pharmacy.com\/it","name":"Lions Pharmacy","description":"Farmacia specializzata in naturopatia di Baden-Baden, Germania","publisher":{"@id":"https:\/\/lions-pharmacy.com\/it#organization"},"alternateName":"Lion Pharmacy","potentialAction":[{"@type":"SearchAction","target":{"@type":"EntryPoint","urlTemplate":"https:\/\/lions-pharmacy.com\/it?s={search_term_string}"},"query-input":{"@type":"PropertyValueSpecification","valueRequired":true,"valueName":"search_term_string"}}],"inLanguage":"it-IT"},{"@type":"Organization","@id":"https:\/\/lions-pharmacy.com\/it#organization","name":"Lions Pharmacy","alternateName":"Lions Pharmacy24","url":"https:\/\/lions-pharmacy.com\/it","logo":{"@type":"ImageObject","inLanguage":"it-IT","@id":"https:\/\/lions-pharmacy.com\/it#\/schema\/logo\/image\/","url":"https:\/\/lions-pharmacy.com\/wp-content\/uploads\/2022\/12\/Logo-Lion-Pharmacy-c-o-Loewen-Apotheke-smal.jpg","contentUrl":"https:\/\/lions-pharmacy.com\/wp-content\/uploads\/2022\/12\/Logo-Lion-Pharmacy-c-o-Loewen-Apotheke-smal.jpg","width":298,"height":99,"caption":"Lions Pharmacy"},"image":{"@id":"https:\/\/lions-pharmacy.com\/it#\/schema\/logo\/image\/"}}]}},"_links":{"self":[{"href":"https:\/\/lions-pharmacy.com\/it\/wp-json\/wp\/v2\/product\/16556","targetHints":{"allow":["GET"]}}],"collection":[{"href":"https:\/\/lions-pharmacy.com\/it\/wp-json\/wp\/v2\/product"}],"about":[{"href":"https:\/\/lions-pharmacy.com\/it\/wp-json\/wp\/v2\/types\/product"}],"replies":[{"embeddable":true,"href":"https:\/\/lions-pharmacy.com\/it\/wp-json\/wp\/v2\/comments?post=16556"}],"wp:featuredmedia":[{"embeddable":true,"href":"https:\/\/lions-pharmacy.com\/it\/wp-json\/wp\/v2\/media\/16561"}],"wp:attachment":[{"href":"https:\/\/lions-pharmacy.com\/it\/wp-json\/wp\/v2\/media?parent=16556"}],"wp:term":[{"taxonomy":"product_brand","embeddable":true,"href":"https:\/\/lions-pharmacy.com\/it\/wp-json\/wp\/v2\/product_brand?post=16556"},{"taxonomy":"product_cat","embeddable":true,"href":"https:\/\/lions-pharmacy.com\/it\/wp-json\/wp\/v2\/product_cat?post=16556"},{"taxonomy":"product_tag","embeddable":true,"href":"https:\/\/lions-pharmacy.com\/it\/wp-json\/wp\/v2\/product_tag?post=16556"}],"curies":[{"name":"wp","href":"https:\/\/api.w.org\/{rel}","templated":true}]}}