{"id":15149,"date":"2025-09-19T06:46:36","date_gmt":"2025-09-19T05:46:36","guid":{"rendered":"https:\/\/lions-pharmacy.com\/?post_type=product&#038;p=15149"},"modified":"2025-09-19T07:18:05","modified_gmt":"2025-09-19T06:18:05","slug":"norsan-omega-3-vegan-epa-100ml-19743459","status":"publish","type":"product","link":"https:\/\/lions-pharmacy.com\/it\/prodotto\/norsan-omega-3-vegan-epa-100ml-19743459","title":{"rendered":"Norsan Omega-3 VEGAN EPA (100 ml)"},"content":{"rendered":"<h3>Norsan Omega-3 VEGAN EPA<\/h3>\n<p>Norsan Omega-3 VEGAN EPA (100 ml) \u00e8 costituito da una combinazione unica: un olio di alghe ad alto dosaggio di origine vegetale e olio di oliva spremuto a freddo proveniente da coltivazioni biologiche certificate con un alto contenuto di polifenoli.<\/p>\n<p>L&#8217;olio di alghe contiene una grande quantit\u00e0 di EPA, oltre all&#8217;acido grasso DHA. Questo la rende una fonte vegana di omega-3 ideale per chi vuole evitare i prodotti animali nella propria dieta.<\/p>\n<ul>\n<li>Olio di alghe di origine vegetale: particolarmente ricco di EPA<\/li>\n<li>2.000 mg di omega-3 per dose giornaliera (1 cucchiaino)<\/li>\n<li>Coltivazione ecologica e priva di sostanze inquinanti<\/li>\n<li>Piacevole sapore di arancia<\/li>\n<li>800 UI di vitamina D3 (vegana)<\/li>\n<li>Olio d&#8217;oliva biologico ad alto contenuto di polifenoli<\/li>\n<li>Un flacone contiene 20 dosi giornaliere<\/li>\n<li>Ingredienti: Olio ricco di EPA e DHA ricavato dalla microalga Schizochytrium sp. (80%), olio di oliva (19%), olio di girasole (0,5%), olio di arancia, antiossidanti: estratti ricchi di tocoferoli, d-\u03b1-tocoferoli, colecalciferolo.<\/li>\n<\/ul>\n<p>Area di applicazione: Occhi, funzione cardiaca e circolatoria, sistema immunitario, scarsa concentrazione, vitalit\u00e0<\/p>\n<h3>Dettagli sul prodotto e informazioni obbligatorie<\/h3>\n<p>Foglio illustrativo: &#8211; (lettore PDF) e Informazioni sugli alimenti.<\/p>\n<p>Ingredienti: Olio ricco di EPA e DHA ricavato dalla microalga Schizochytrium sp. (80%), olio di oliva (19%), olio di girasole (0,5%), olio di arancia, antiossidanti: estratti ricchi di tocoferoli, d-\u03b1-tocoferoli, colecalciferolo.<\/p>\n<p>Per saperne di pi\u00f9 sul produttore e su questo prodotto: <a href=\"https:\/\/norsan.de\/ueber-uns\/\" target=\"_blank\" rel=\"noopener\">Norsan<\/a> (link a sito esterno)<\/p>\n<p>Le informazioni contenute in questo sito web sono fornite solo a scopo informativo. Non sostituiscono in alcun modo la visita e il trattamento da parte di un medico. Ci\u00f2 significa che non \u00e8 possibile n\u00e9 fare diagnosi n\u00e9 iniziare terapie. Importazione singola &#8211; Importiamo questo medicinale per te. Questo comporta tempi di consegna pi\u00f9 lunghi. Sono escluse le restituzioni per le singole importazioni.<\/p>\n<p>Per i rischi e gli effetti collaterali, leggere il foglio illustrativo e rivolgersi al medico o al farmacista.<\/p>\n<h4><\/h4>\n<h3>Il consiglio dell&#8217;esperto in farmacia:<\/h3>\n<p>Il nostro farmacista consiglia i seguenti prodotti per la longevit\u00e0, la concentrazione e lo stress: <a href=\"https:\/\/lions-pharmacy.com\/it\/prodotto\/neurapas-balance-100-pz-4150014981430\">Neurapas balance<\/a> &#8211; di provata e specifica efficacia.<\/p>\n<p>Altri prodotti per l&#8217;applicazione: <a href=\"https:\/\/lions-pharmacy.com\/it\/tag-prodotto\/vitamine-e-integratori\">Vitamine e integratori<\/a> | <a href=\"https:\/\/lions-pharmacy.com\/it\/tag-prodotto\/rimedi-naturali\" rel=\"tag\">Rimedi naturali<\/a> | <a href=\"https:\/\/lions-pharmacy.com\/it\/tag-prodotto\/benessere\" rel=\"tag\">Benessere<\/a><\/p>\n<h3>Domande sul prodotto? Siamo qui per te!<\/h3>\n<p>La nostra farmacista responsabile, la Dott.ssa Sandra Hoff, e il suo team saranno lieti di consigliarti personalmente &#8211; per telefono o via e-mail. In qualit\u00e0 di vera e propria farmacia locale e di farmacia autorizzata per la vendita per corrispondenza, ti offriamo un supporto competente, soprattutto nei settori della <a href=\"https:\/\/lions-pharmacy.com\/it\/tag-prodotto\/rimedi-naturali\">naturopatia<\/a> e degli <a href=\"https:\/\/lions-pharmacy.com\/it\/tag-prodotto\/vitamine-e-integratori\">integratori alimentari<\/a>. Puoi trovare la nostra autorizzazione come voce nel <a href=\"https:\/\/versandhandel.dimdi.de\/websearch\/servlet\/Gate;jsessionid=0D29D15655BE1174E9178A340E8FE6BC?accessid=dimdi_var&amp;term=3c387956690121ccc8763184f052b93f\" target=\"_blank\" rel=\"noopener\">registro delle vendite per corrispondenza<\/a>.<\/p>\n<h3>Riscatta una prescrizione o una ricetta elettronica:<\/h3>\n<p>Hai una prescrizione o una ricetta elettronica? Invia la ricetta comodamente tramite la nostra app <a href=\"https:\/\/e-rezept-app.de\/shop-rezept\" target=\"_blank\" rel=\"noopener\">per le prescrizioni elettroniche<\/a>; \u00e8 anche possibile richiedere prescrizioni private per chi paga da solo. Veloce, sicuro e facile.<\/p>\n","protected":false},"excerpt":{"rendered":"<h2>Norsan Omega-3 VEGAN EPA<\/h2>\n<p>Olio di alghe vegetali: Particolarmente ricco di EPA, 2.000 mg di omega-3 per dose giornaliera.<\/p>\n<p>&nbsp;<\/p>\n<p><strong>PZN<\/strong>: 19743459<\/p>\n<p><strong>Forma di dosaggio<\/strong>: liquido<\/p>\n<p><strong>Tipo di prescrizione: senza prescrizione<\/strong><\/p>\n<p><strong>Marchio<\/strong>: Norsan<\/p>\n<p><strong>Produttore<\/strong>: NORSAN GmbH, Plauener Str. 163-165, 13053 Berlino, Germania<\/p>\n","protected":false},"featured_media":15155,"comment_status":"closed","ping_status":"closed","template":"","meta":[],"product_brand":[],"product_cat":[124,115],"product_tag":[298,269,271,482,514,480,268],"class_list":{"0":"post-15149","1":"product","2":"type-product","3":"status-publish","4":"has-post-thumbnail","6":"product_cat-sale-it","7":"product_cat-non-categorizzato","8":"product_tag-concentrazione-e-stress","9":"product_tag-gestione-del-peso","10":"product_tag-peso-e-forma-fisica","11":"product_tag-principio-attivo-a-base-di-erbe","12":"product_tag-principio-attivo-di-origine-vegetale","13":"product_tag-rimedi-naturali","14":"product_tag-vitamine-e-integratori","15":"ts_product_brand-all-it","17":"first","18":"outofstock","19":"taxable","20":"shipping-taxable","21":"purchasable","22":"product-type-simple"},"yoast_head":"<!-- This site is optimized with the Yoast SEO plugin v26.5 - https:\/\/yoast.com\/wordpress\/plugins\/seo\/ -->\n<title>Norsan Omega-3 VEGAN EPA (100 ml) &#187;<\/title>\n<meta name=\"description\" content=\"Olio di alghe vegetali: ricco di EPA e DHA. Scopri di pi\u00f9 su Norsan Omega-3 VEGAN EPA (100 ml). Ti offriamo: Spedizione veloce e acquisti sicuri online.\" \/>\n<meta name=\"robots\" content=\"index, follow, max-snippet:-1, max-image-preview:large, max-video-preview:-1\" \/>\n<link rel=\"canonical\" href=\"https:\/\/lions-pharmacy.com\/it\/prodotto\/norsan-omega-3-vegan-epa-100ml-19743459\" \/>\n<meta property=\"og:locale\" content=\"it_IT\" \/>\n<meta property=\"og:type\" content=\"article\" \/>\n<meta property=\"og:title\" content=\"Norsan Omega-3 VEGAN EPA (100 ml) &#187;\" \/>\n<meta property=\"og:description\" content=\"Olio di alghe vegetali: ricco di EPA e DHA. Scopri di pi\u00f9 su Norsan Omega-3 VEGAN EPA (100 ml). Ti offriamo: Spedizione veloce e acquisti sicuri online.\" \/>\n<meta property=\"og:url\" content=\"https:\/\/lions-pharmacy.com\/it\/prodotto\/norsan-omega-3-vegan-epa-100ml-19743459\" \/>\n<meta property=\"og:site_name\" content=\"Lion Pharmacy\" \/>\n<meta property=\"article:modified_time\" content=\"2025-09-19T06:18:05+00:00\" \/>\n<meta property=\"og:image\" content=\"https:\/\/lions-pharmacy.com\/wp-content\/uploads\/2025\/09\/NORSAN-Omega-3-vegan-EPA-100ml-PZN-19743459-Lions-Pharmacy.webp\" \/>\n\t<meta property=\"og:image:width\" content=\"600\" \/>\n\t<meta property=\"og:image:height\" content=\"600\" \/>\n\t<meta property=\"og:image:type\" content=\"image\/webp\" \/>\n<meta name=\"twitter:card\" content=\"summary_large_image\" \/>\n<meta name=\"twitter:label1\" content=\"Tempo di lettura stimato\" \/>\n\t<meta name=\"twitter:data1\" content=\"2 minuti\" \/>\n<script type=\"application\/ld+json\" class=\"yoast-schema-graph\">{\"@context\":\"https:\/\/schema.org\",\"@graph\":[{\"@type\":\"WebPage\",\"@id\":\"https:\/\/lions-pharmacy.com\/it\/prodotto\/norsan-omega-3-vegan-epa-100ml-19743459\",\"url\":\"https:\/\/lions-pharmacy.com\/it\/prodotto\/norsan-omega-3-vegan-epa-100ml-19743459\",\"name\":\"Norsan Omega-3 VEGAN EPA (100 ml) &#187;\",\"isPartOf\":{\"@id\":\"https:\/\/lions-pharmacy.com\/it#website\"},\"primaryImageOfPage\":{\"@id\":\"https:\/\/lions-pharmacy.com\/it\/prodotto\/norsan-omega-3-vegan-epa-100ml-19743459#primaryimage\"},\"image\":{\"@id\":\"https:\/\/lions-pharmacy.com\/it\/prodotto\/norsan-omega-3-vegan-epa-100ml-19743459#primaryimage\"},\"thumbnailUrl\":\"https:\/\/lions-pharmacy.com\/wp-content\/uploads\/2025\/09\/NORSAN-Omega-3-vegan-EPA-100ml-PZN-19743459-Lions-Pharmacy.webp\",\"datePublished\":\"2025-09-19T05:46:36+00:00\",\"dateModified\":\"2025-09-19T06:18:05+00:00\",\"description\":\"Olio di alghe vegetali: ricco di EPA e DHA. Scopri di pi\u00f9 su Norsan Omega-3 VEGAN EPA (100 ml). Ti offriamo: Spedizione veloce e acquisti sicuri online.\",\"breadcrumb\":{\"@id\":\"https:\/\/lions-pharmacy.com\/it\/prodotto\/norsan-omega-3-vegan-epa-100ml-19743459#breadcrumb\"},\"inLanguage\":\"it-IT\",\"potentialAction\":[{\"@type\":\"ReadAction\",\"target\":[\"https:\/\/lions-pharmacy.com\/it\/prodotto\/norsan-omega-3-vegan-epa-100ml-19743459\"]}]},{\"@type\":\"ImageObject\",\"inLanguage\":\"it-IT\",\"@id\":\"https:\/\/lions-pharmacy.com\/it\/prodotto\/norsan-omega-3-vegan-epa-100ml-19743459#primaryimage\",\"url\":\"https:\/\/lions-pharmacy.com\/wp-content\/uploads\/2025\/09\/NORSAN-Omega-3-vegan-EPA-100ml-PZN-19743459-Lions-Pharmacy.webp\",\"contentUrl\":\"https:\/\/lions-pharmacy.com\/wp-content\/uploads\/2025\/09\/NORSAN-Omega-3-vegan-EPA-100ml-PZN-19743459-Lions-Pharmacy.webp\",\"width\":600,\"height\":600,\"caption\":\"Confezione shot NORSAN Omega-3 vegan EPA, 100ml, PZN 19743459, Farmacia Lions\"},{\"@type\":\"BreadcrumbList\",\"@id\":\"https:\/\/lions-pharmacy.com\/it\/prodotto\/norsan-omega-3-vegan-epa-100ml-19743459#breadcrumb\",\"itemListElement\":[{\"@type\":\"ListItem\",\"position\":1,\"name\":\"Home\",\"item\":\"https:\/\/lions-pharmacy.com\/it\/homepage-lion-pharmacy\"},{\"@type\":\"ListItem\",\"position\":2,\"name\":\"Shop\",\"item\":\"https:\/\/lions-pharmacy.com\/it\/negozio\"},{\"@type\":\"ListItem\",\"position\":3,\"name\":\"Norsan Omega-3 VEGAN EPA (100 ml)\"}]},{\"@type\":\"WebSite\",\"@id\":\"https:\/\/lions-pharmacy.com\/it#website\",\"url\":\"https:\/\/lions-pharmacy.com\/it\",\"name\":\"Lions Pharmacy\",\"description\":\"Farmacia specializzata in naturopatia di Baden-Baden, Germania\",\"publisher\":{\"@id\":\"https:\/\/lions-pharmacy.com\/it#organization\"},\"alternateName\":\"Lion Pharmacy\",\"potentialAction\":[{\"@type\":\"SearchAction\",\"target\":{\"@type\":\"EntryPoint\",\"urlTemplate\":\"https:\/\/lions-pharmacy.com\/it?s={search_term_string}\"},\"query-input\":{\"@type\":\"PropertyValueSpecification\",\"valueRequired\":true,\"valueName\":\"search_term_string\"}}],\"inLanguage\":\"it-IT\"},{\"@type\":\"Organization\",\"@id\":\"https:\/\/lions-pharmacy.com\/it#organization\",\"name\":\"Lions Pharmacy\",\"alternateName\":\"Lions Pharmacy24\",\"url\":\"https:\/\/lions-pharmacy.com\/it\",\"logo\":{\"@type\":\"ImageObject\",\"inLanguage\":\"it-IT\",\"@id\":\"https:\/\/lions-pharmacy.com\/it#\/schema\/logo\/image\/\",\"url\":\"https:\/\/lions-pharmacy.com\/wp-content\/uploads\/2022\/12\/Logo-Lion-Pharmacy-c-o-Loewen-Apotheke-smal.jpg\",\"contentUrl\":\"https:\/\/lions-pharmacy.com\/wp-content\/uploads\/2022\/12\/Logo-Lion-Pharmacy-c-o-Loewen-Apotheke-smal.jpg\",\"width\":298,\"height\":99,\"caption\":\"Lions Pharmacy\"},\"image\":{\"@id\":\"https:\/\/lions-pharmacy.com\/it#\/schema\/logo\/image\/\"}}]}<\/script>\n<!-- \/ Yoast SEO plugin. -->","yoast_head_json":{"title":"Norsan Omega-3 VEGAN EPA (100 ml) &#187;","description":"Olio di alghe vegetali: ricco di EPA e DHA. Scopri di pi\u00f9 su Norsan Omega-3 VEGAN EPA (100 ml). Ti offriamo: Spedizione veloce e acquisti sicuri online.","robots":{"index":"index","follow":"follow","max-snippet":"max-snippet:-1","max-image-preview":"max-image-preview:large","max-video-preview":"max-video-preview:-1"},"canonical":"https:\/\/lions-pharmacy.com\/it\/prodotto\/norsan-omega-3-vegan-epa-100ml-19743459","og_locale":"it_IT","og_type":"article","og_title":"Norsan Omega-3 VEGAN EPA (100 ml) &#187;","og_description":"Olio di alghe vegetali: ricco di EPA e DHA. Scopri di pi\u00f9 su Norsan Omega-3 VEGAN EPA (100 ml). Ti offriamo: Spedizione veloce e acquisti sicuri online.","og_url":"https:\/\/lions-pharmacy.com\/it\/prodotto\/norsan-omega-3-vegan-epa-100ml-19743459","og_site_name":"Lion Pharmacy","article_modified_time":"2025-09-19T06:18:05+00:00","og_image":[{"width":600,"height":600,"url":"https:\/\/lions-pharmacy.com\/wp-content\/uploads\/2025\/09\/NORSAN-Omega-3-vegan-EPA-100ml-PZN-19743459-Lions-Pharmacy.webp","type":"image\/webp"}],"twitter_card":"summary_large_image","twitter_misc":{"Tempo di lettura stimato":"2 minuti"},"schema":{"@context":"https:\/\/schema.org","@graph":[{"@type":"WebPage","@id":"https:\/\/lions-pharmacy.com\/it\/prodotto\/norsan-omega-3-vegan-epa-100ml-19743459","url":"https:\/\/lions-pharmacy.com\/it\/prodotto\/norsan-omega-3-vegan-epa-100ml-19743459","name":"Norsan Omega-3 VEGAN EPA (100 ml) &#187;","isPartOf":{"@id":"https:\/\/lions-pharmacy.com\/it#website"},"primaryImageOfPage":{"@id":"https:\/\/lions-pharmacy.com\/it\/prodotto\/norsan-omega-3-vegan-epa-100ml-19743459#primaryimage"},"image":{"@id":"https:\/\/lions-pharmacy.com\/it\/prodotto\/norsan-omega-3-vegan-epa-100ml-19743459#primaryimage"},"thumbnailUrl":"https:\/\/lions-pharmacy.com\/wp-content\/uploads\/2025\/09\/NORSAN-Omega-3-vegan-EPA-100ml-PZN-19743459-Lions-Pharmacy.webp","datePublished":"2025-09-19T05:46:36+00:00","dateModified":"2025-09-19T06:18:05+00:00","description":"Olio di alghe vegetali: ricco di EPA e DHA. Scopri di pi\u00f9 su Norsan Omega-3 VEGAN EPA (100 ml). Ti offriamo: Spedizione veloce e acquisti sicuri online.","breadcrumb":{"@id":"https:\/\/lions-pharmacy.com\/it\/prodotto\/norsan-omega-3-vegan-epa-100ml-19743459#breadcrumb"},"inLanguage":"it-IT","potentialAction":[{"@type":"ReadAction","target":["https:\/\/lions-pharmacy.com\/it\/prodotto\/norsan-omega-3-vegan-epa-100ml-19743459"]}]},{"@type":"ImageObject","inLanguage":"it-IT","@id":"https:\/\/lions-pharmacy.com\/it\/prodotto\/norsan-omega-3-vegan-epa-100ml-19743459#primaryimage","url":"https:\/\/lions-pharmacy.com\/wp-content\/uploads\/2025\/09\/NORSAN-Omega-3-vegan-EPA-100ml-PZN-19743459-Lions-Pharmacy.webp","contentUrl":"https:\/\/lions-pharmacy.com\/wp-content\/uploads\/2025\/09\/NORSAN-Omega-3-vegan-EPA-100ml-PZN-19743459-Lions-Pharmacy.webp","width":600,"height":600,"caption":"Confezione shot NORSAN Omega-3 vegan EPA, 100ml, PZN 19743459, Farmacia Lions"},{"@type":"BreadcrumbList","@id":"https:\/\/lions-pharmacy.com\/it\/prodotto\/norsan-omega-3-vegan-epa-100ml-19743459#breadcrumb","itemListElement":[{"@type":"ListItem","position":1,"name":"Home","item":"https:\/\/lions-pharmacy.com\/it\/homepage-lion-pharmacy"},{"@type":"ListItem","position":2,"name":"Shop","item":"https:\/\/lions-pharmacy.com\/it\/negozio"},{"@type":"ListItem","position":3,"name":"Norsan Omega-3 VEGAN EPA (100 ml)"}]},{"@type":"WebSite","@id":"https:\/\/lions-pharmacy.com\/it#website","url":"https:\/\/lions-pharmacy.com\/it","name":"Lions Pharmacy","description":"Farmacia specializzata in naturopatia di Baden-Baden, Germania","publisher":{"@id":"https:\/\/lions-pharmacy.com\/it#organization"},"alternateName":"Lion Pharmacy","potentialAction":[{"@type":"SearchAction","target":{"@type":"EntryPoint","urlTemplate":"https:\/\/lions-pharmacy.com\/it?s={search_term_string}"},"query-input":{"@type":"PropertyValueSpecification","valueRequired":true,"valueName":"search_term_string"}}],"inLanguage":"it-IT"},{"@type":"Organization","@id":"https:\/\/lions-pharmacy.com\/it#organization","name":"Lions Pharmacy","alternateName":"Lions Pharmacy24","url":"https:\/\/lions-pharmacy.com\/it","logo":{"@type":"ImageObject","inLanguage":"it-IT","@id":"https:\/\/lions-pharmacy.com\/it#\/schema\/logo\/image\/","url":"https:\/\/lions-pharmacy.com\/wp-content\/uploads\/2022\/12\/Logo-Lion-Pharmacy-c-o-Loewen-Apotheke-smal.jpg","contentUrl":"https:\/\/lions-pharmacy.com\/wp-content\/uploads\/2022\/12\/Logo-Lion-Pharmacy-c-o-Loewen-Apotheke-smal.jpg","width":298,"height":99,"caption":"Lions Pharmacy"},"image":{"@id":"https:\/\/lions-pharmacy.com\/it#\/schema\/logo\/image\/"}}]}},"_links":{"self":[{"href":"https:\/\/lions-pharmacy.com\/it\/wp-json\/wp\/v2\/product\/15149","targetHints":{"allow":["GET"]}}],"collection":[{"href":"https:\/\/lions-pharmacy.com\/it\/wp-json\/wp\/v2\/product"}],"about":[{"href":"https:\/\/lions-pharmacy.com\/it\/wp-json\/wp\/v2\/types\/product"}],"replies":[{"embeddable":true,"href":"https:\/\/lions-pharmacy.com\/it\/wp-json\/wp\/v2\/comments?post=15149"}],"wp:featuredmedia":[{"embeddable":true,"href":"https:\/\/lions-pharmacy.com\/it\/wp-json\/wp\/v2\/media\/15155"}],"wp:attachment":[{"href":"https:\/\/lions-pharmacy.com\/it\/wp-json\/wp\/v2\/media?parent=15149"}],"wp:term":[{"taxonomy":"product_brand","embeddable":true,"href":"https:\/\/lions-pharmacy.com\/it\/wp-json\/wp\/v2\/product_brand?post=15149"},{"taxonomy":"product_cat","embeddable":true,"href":"https:\/\/lions-pharmacy.com\/it\/wp-json\/wp\/v2\/product_cat?post=15149"},{"taxonomy":"product_tag","embeddable":true,"href":"https:\/\/lions-pharmacy.com\/it\/wp-json\/wp\/v2\/product_tag?post=15149"}],"curies":[{"name":"wp","href":"https:\/\/api.w.org\/{rel}","templated":true}]}}