{"id":13848,"date":"2025-07-30T18:11:42","date_gmt":"2025-07-30T17:11:42","guid":{"rendered":"https:\/\/lions-pharmacy.com\/?post_type=product&#038;p=13848"},"modified":"2025-12-02T08:18:04","modified_gmt":"2025-12-02T07:18:04","slug":"ciclopoli-nail-polish-against-nail-fungus-6-6ml-with-application-aid-02247667","status":"publish","type":"product","link":"https:\/\/lions-pharmacy.com\/it\/prodotto\/ciclopoli-nail-polish-against-nail-fungus-6-6ml-with-application-aid-02247667","title":{"rendered":"Smalto Ciclopoli contro i funghi delle unghie (6,6ml) con aiuto per l&#8217;applicazione"},"content":{"rendered":"<h3>Smalto Ciclopoli contro i funghi delle unghie (6,6ml) con aiuto per l&#8217;applicazione<\/h3>\n<p>Ciclopoli smalto contro i funghi delle unghie lo smalto contro i funghi delle unghie. Il preparato \u00e8 un farmaco antimicotico ad azione ampia (antimicotico ad ampio spettro). Viene utilizzato per trattare le malattie fungine delle unghie (onicomicosi) causate da funghi filamentosi e\/o altri funghi che possono essere trattati con il ciclopirox. Il principio attivo ciclopirox impedisce ai funghi di crescere e li uccide. Questo migliorer\u00e0 l&#8217;aspetto delle tue unghie.<\/p>\n<h3>Dettagli sul prodotto e informazioni obbligatorie<\/h3>\n<p>Foglio illustrativo: &#8211; (lettore PDF) e Informazioni sugli alimenti.<\/p>\n<p>Principio attivo: Ciclopirox<\/p>\n<p>Scopri di pi\u00f9 sul produttore e su questo prodotto: Almirall Hermal GmbH (link a sito esterno)<\/p>\n<p>Le informazioni contenute in questo sito web sono fornite solo a scopo informativo. Non sostituiscono in alcun modo la visita e il trattamento da parte di un medico. Ci\u00f2 significa che non \u00e8 possibile n\u00e9 fare diagnosi n\u00e9 iniziare terapie. Importazione singola &#8211; Importiamo questo medicinale per te. Questo comporta tempi di consegna pi\u00f9 lunghi. Sono escluse le restituzioni per le singole importazioni.<\/p>\n<p>Per i rischi e gli effetti collaterali, leggere il foglio illustrativo e rivolgersi al medico o al farmacista.<\/p>\n<h4><\/h4>\n<h3>Il consiglio dell&#8217;esperto in farmacia:<\/h3>\n<p>Il nostro farmacista consiglia i seguenti prodotti per la concentrazione e lo stress: <a href=\"https:\/\/lions-pharmacy.com\/it\/prodotto\/neurapas-balance-100-pz-4150014981430\">Neurapas balance<\/a> &#8211; di provata e specifica efficacia.<\/p>\n<p>Altri prodotti per l&#8217;applicazione: <a href=\"https:\/\/lions-pharmacy.com\/it\/tag-prodotto\/vitamine-e-integratori\">Vitamine e integratori<\/a> | <a href=\"https:\/\/lions-pharmacy.com\/it\/tag-prodotto\/rimedi-naturali\" rel=\"tag\">Rimedi naturali<\/a> | <a href=\"https:\/\/lions-pharmacy.com\/it\/tag-prodotto\/benessere\" rel=\"tag\">Benessere<\/a><\/p>\n<h3>Domande sul prodotto? Siamo qui per te!<\/h3>\n<p>La nostra farmacista responsabile, la Dott.ssa Sandra Hoff, e il suo team saranno lieti di consigliarti personalmente &#8211; per telefono o via e-mail. In qualit\u00e0 di vera e propria farmacia locale e di farmacia autorizzata per la vendita per corrispondenza, ti offriamo un&#8217;assistenza competente, soprattutto per quanto riguarda la <a href=\"https:\/\/lions-pharmacy.com\/it\/tag-prodotto\/rimedi-naturali\">naturopatia<\/a> e gli <a href=\"https:\/\/lions-pharmacy.com\/it\/tag-prodotto\/vitamine-e-integratori\">integratori alimentari<\/a>, in particolare i farmaci di <a href=\"https:\/\/lions-pharmacy.com\/it\/product-brand\/vitorgan-it\">vitOrgan<\/a> e <a href=\"https:\/\/lions-pharmacy.com\/it\/product-category\/labo-life-it\">Labo Life<\/a>.<br \/>\nPuoi trovare la nostra autorizzazione come voce nel <a href=\"https:\/\/versandhandel.dimdi.de\/websearch\/servlet\/Gate;jsessionid=0D29D15655BE1174E9178A340E8FE6BC?accessid=dimdi_var&amp;term=3c387956690121ccc8763184f052b93f\" target=\"_blank\" rel=\"noopener\">registro delle vendite per corrispondenza<\/a>.<\/p>\n<h3>Riscatta una prescrizione o una ricetta elettronica:<\/h3>\n<p>Hai una prescrizione o una ricetta elettronica? Invia la ricetta comodamente tramite la nostra app <a href=\"https:\/\/e-rezept-app.de\/shop-rezept\" target=\"_blank\" rel=\"noopener\">per le prescrizioni elettroniche<\/a>; \u00e8 anche possibile richiedere prescrizioni private per chi paga da solo. Veloce, sicuro e facile.<\/p>\n","protected":false},"excerpt":{"rendered":"<h2>Smalto Ciclopoli contro i funghi delle unghie<\/h2>\n<p>Smalto per unghie con il comprovato principio attivo ciclopirox contro i funghi delle unghie.<\/p>\n<p>&nbsp;<\/p>\n<p><strong>PZN<\/strong>: 02247667<\/p>\n<p><strong>Forma di dosaggio<\/strong>: gel<\/p>\n<p><strong>Tipo di prescrizione: senza prescrizione<\/strong><\/p>\n<p><strong>Marchio<\/strong>: Ciclopoli<\/p>\n<p><strong>Produttore<\/strong>: Almirall Hermal GmbH, 21465 Reinbek, Germania<\/p>\n","protected":false},"featured_media":13862,"comment_status":"closed","ping_status":"closed","template":"","meta":[],"product_brand":[],"product_cat":[124,115],"product_tag":[269,271,268],"class_list":{"0":"post-13848","1":"product","2":"type-product","3":"status-publish","4":"has-post-thumbnail","6":"product_cat-sale-it","7":"product_cat-non-categorizzato","8":"product_tag-gestione-del-peso","9":"product_tag-peso-e-forma-fisica","10":"product_tag-vitamine-e-integratori","11":"ts_product_brand-all-it","13":"first","14":"instock","15":"sale","16":"featured","17":"taxable","18":"shipping-taxable","19":"purchasable","20":"product-type-simple"},"yoast_head":"<!-- This site is optimized with the Yoast SEO plugin v26.5 - https:\/\/yoast.com\/wordpress\/plugins\/seo\/ -->\n<title>Smalto Ciclopoli contro i funghi delle unghie (6,6ml) con aiuto per l&#039;applicazione<\/title>\n<meta name=\"description\" content=\"Prodotto contro i funghi delle unghie. Scopri di pi\u00f9 su Smalto Ciclopoli contro i funghi delle unghie (6,6ml) con aiuto per l&#039;applicazione. Offriamo: Spedizione veloce e acquisti sicuri online\" \/>\n<meta name=\"robots\" content=\"index, follow, max-snippet:-1, max-image-preview:large, max-video-preview:-1\" \/>\n<link rel=\"canonical\" href=\"https:\/\/lions-pharmacy.com\/it\/prodotto\/ciclopoli-nail-polish-against-nail-fungus-6-6ml-with-application-aid-02247667\" \/>\n<meta property=\"og:locale\" content=\"it_IT\" \/>\n<meta property=\"og:type\" content=\"article\" \/>\n<meta property=\"og:title\" content=\"Smalto Ciclopoli contro i funghi delle unghie (6,6ml) con aiuto per l&#039;applicazione\" \/>\n<meta property=\"og:description\" content=\"Prodotto contro i funghi delle unghie. Scopri di pi\u00f9 su Smalto Ciclopoli contro i funghi delle unghie (6,6ml) con aiuto per l&#039;applicazione. Offriamo: Spedizione veloce e acquisti sicuri online\" \/>\n<meta property=\"og:url\" content=\"https:\/\/lions-pharmacy.com\/it\/prodotto\/ciclopoli-nail-polish-against-nail-fungus-6-6ml-with-application-aid-02247667\" \/>\n<meta property=\"og:site_name\" content=\"Lion Pharmacy\" \/>\n<meta property=\"article:modified_time\" content=\"2025-12-02T07:18:04+00:00\" \/>\n<meta property=\"og:image\" content=\"https:\/\/lions-pharmacy.com\/wp-content\/uploads\/2025\/07\/Ciclopoli-nail-polish-against-nail-fungus-6.6ml-with-application-aid-Lions-pharmcy-Deutschland.webp\" \/>\n\t<meta property=\"og:image:width\" content=\"600\" \/>\n\t<meta property=\"og:image:height\" content=\"600\" \/>\n\t<meta property=\"og:image:type\" content=\"image\/webp\" \/>\n<meta name=\"twitter:card\" content=\"summary_large_image\" \/>\n<meta name=\"twitter:label1\" content=\"Tempo di lettura stimato\" \/>\n\t<meta name=\"twitter:data1\" content=\"2 minuti\" \/>\n<script type=\"application\/ld+json\" class=\"yoast-schema-graph\">{\"@context\":\"https:\/\/schema.org\",\"@graph\":[{\"@type\":\"WebPage\",\"@id\":\"https:\/\/lions-pharmacy.com\/it\/prodotto\/ciclopoli-nail-polish-against-nail-fungus-6-6ml-with-application-aid-02247667\",\"url\":\"https:\/\/lions-pharmacy.com\/it\/prodotto\/ciclopoli-nail-polish-against-nail-fungus-6-6ml-with-application-aid-02247667\",\"name\":\"Smalto Ciclopoli contro i funghi delle unghie (6,6ml) con aiuto per l'applicazione\",\"isPartOf\":{\"@id\":\"https:\/\/lions-pharmacy.com\/it#website\"},\"primaryImageOfPage\":{\"@id\":\"https:\/\/lions-pharmacy.com\/it\/prodotto\/ciclopoli-nail-polish-against-nail-fungus-6-6ml-with-application-aid-02247667#primaryimage\"},\"image\":{\"@id\":\"https:\/\/lions-pharmacy.com\/it\/prodotto\/ciclopoli-nail-polish-against-nail-fungus-6-6ml-with-application-aid-02247667#primaryimage\"},\"thumbnailUrl\":\"https:\/\/lions-pharmacy.com\/wp-content\/uploads\/2025\/07\/Ciclopoli-nail-polish-against-nail-fungus-6.6ml-with-application-aid-Lions-pharmcy-Deutschland.webp\",\"datePublished\":\"2025-07-30T17:11:42+00:00\",\"dateModified\":\"2025-12-02T07:18:04+00:00\",\"description\":\"Prodotto contro i funghi delle unghie. Scopri di pi\u00f9 su Smalto Ciclopoli contro i funghi delle unghie (6,6ml) con aiuto per l'applicazione. Offriamo: Spedizione veloce e acquisti sicuri online\",\"breadcrumb\":{\"@id\":\"https:\/\/lions-pharmacy.com\/it\/prodotto\/ciclopoli-nail-polish-against-nail-fungus-6-6ml-with-application-aid-02247667#breadcrumb\"},\"inLanguage\":\"it-IT\",\"potentialAction\":[{\"@type\":\"ReadAction\",\"target\":[\"https:\/\/lions-pharmacy.com\/it\/prodotto\/ciclopoli-nail-polish-against-nail-fungus-6-6ml-with-application-aid-02247667\"]}]},{\"@type\":\"ImageObject\",\"inLanguage\":\"it-IT\",\"@id\":\"https:\/\/lions-pharmacy.com\/it\/prodotto\/ciclopoli-nail-polish-against-nail-fungus-6-6ml-with-application-aid-02247667#primaryimage\",\"url\":\"https:\/\/lions-pharmacy.com\/wp-content\/uploads\/2025\/07\/Ciclopoli-nail-polish-against-nail-fungus-6.6ml-with-application-aid-Lions-pharmcy-Deutschland.webp\",\"contentUrl\":\"https:\/\/lions-pharmacy.com\/wp-content\/uploads\/2025\/07\/Ciclopoli-nail-polish-against-nail-fungus-6.6ml-with-application-aid-Lions-pharmcy-Deutschland.webp\",\"width\":600,\"height\":600,\"caption\":\"Smalto per unghie Ciclopoli contro i funghi delle unghie (6,6ml) con aiuto per l'applicazione, Lions pharmcy, Deutschland\"},{\"@type\":\"BreadcrumbList\",\"@id\":\"https:\/\/lions-pharmacy.com\/it\/prodotto\/ciclopoli-nail-polish-against-nail-fungus-6-6ml-with-application-aid-02247667#breadcrumb\",\"itemListElement\":[{\"@type\":\"ListItem\",\"position\":1,\"name\":\"Home\",\"item\":\"https:\/\/lions-pharmacy.com\/it\/homepage-lion-pharmacy\"},{\"@type\":\"ListItem\",\"position\":2,\"name\":\"Shop\",\"item\":\"https:\/\/lions-pharmacy.com\/it\/negozio\"},{\"@type\":\"ListItem\",\"position\":3,\"name\":\"Smalto Ciclopoli contro i funghi delle unghie (6,6ml) con aiuto per l&#8217;applicazione\"}]},{\"@type\":\"WebSite\",\"@id\":\"https:\/\/lions-pharmacy.com\/it#website\",\"url\":\"https:\/\/lions-pharmacy.com\/it\",\"name\":\"Lions Pharmacy\",\"description\":\"Farmacia specializzata in naturopatia di Baden-Baden, Germania\",\"publisher\":{\"@id\":\"https:\/\/lions-pharmacy.com\/it#organization\"},\"alternateName\":\"Lion Pharmacy\",\"potentialAction\":[{\"@type\":\"SearchAction\",\"target\":{\"@type\":\"EntryPoint\",\"urlTemplate\":\"https:\/\/lions-pharmacy.com\/it?s={search_term_string}\"},\"query-input\":{\"@type\":\"PropertyValueSpecification\",\"valueRequired\":true,\"valueName\":\"search_term_string\"}}],\"inLanguage\":\"it-IT\"},{\"@type\":\"Organization\",\"@id\":\"https:\/\/lions-pharmacy.com\/it#organization\",\"name\":\"Lions Pharmacy\",\"alternateName\":\"Lions Pharmacy24\",\"url\":\"https:\/\/lions-pharmacy.com\/it\",\"logo\":{\"@type\":\"ImageObject\",\"inLanguage\":\"it-IT\",\"@id\":\"https:\/\/lions-pharmacy.com\/it#\/schema\/logo\/image\/\",\"url\":\"https:\/\/lions-pharmacy.com\/wp-content\/uploads\/2022\/12\/Logo-Lion-Pharmacy-c-o-Loewen-Apotheke-smal.jpg\",\"contentUrl\":\"https:\/\/lions-pharmacy.com\/wp-content\/uploads\/2022\/12\/Logo-Lion-Pharmacy-c-o-Loewen-Apotheke-smal.jpg\",\"width\":298,\"height\":99,\"caption\":\"Lions Pharmacy\"},\"image\":{\"@id\":\"https:\/\/lions-pharmacy.com\/it#\/schema\/logo\/image\/\"}}]}<\/script>\n<!-- \/ Yoast SEO plugin. -->","yoast_head_json":{"title":"Smalto Ciclopoli contro i funghi delle unghie (6,6ml) con aiuto per l'applicazione","description":"Prodotto contro i funghi delle unghie. Scopri di pi\u00f9 su Smalto Ciclopoli contro i funghi delle unghie (6,6ml) con aiuto per l'applicazione. Offriamo: Spedizione veloce e acquisti sicuri online","robots":{"index":"index","follow":"follow","max-snippet":"max-snippet:-1","max-image-preview":"max-image-preview:large","max-video-preview":"max-video-preview:-1"},"canonical":"https:\/\/lions-pharmacy.com\/it\/prodotto\/ciclopoli-nail-polish-against-nail-fungus-6-6ml-with-application-aid-02247667","og_locale":"it_IT","og_type":"article","og_title":"Smalto Ciclopoli contro i funghi delle unghie (6,6ml) con aiuto per l'applicazione","og_description":"Prodotto contro i funghi delle unghie. Scopri di pi\u00f9 su Smalto Ciclopoli contro i funghi delle unghie (6,6ml) con aiuto per l'applicazione. Offriamo: Spedizione veloce e acquisti sicuri online","og_url":"https:\/\/lions-pharmacy.com\/it\/prodotto\/ciclopoli-nail-polish-against-nail-fungus-6-6ml-with-application-aid-02247667","og_site_name":"Lion Pharmacy","article_modified_time":"2025-12-02T07:18:04+00:00","og_image":[{"width":600,"height":600,"url":"https:\/\/lions-pharmacy.com\/wp-content\/uploads\/2025\/07\/Ciclopoli-nail-polish-against-nail-fungus-6.6ml-with-application-aid-Lions-pharmcy-Deutschland.webp","type":"image\/webp"}],"twitter_card":"summary_large_image","twitter_misc":{"Tempo di lettura stimato":"2 minuti"},"schema":{"@context":"https:\/\/schema.org","@graph":[{"@type":"WebPage","@id":"https:\/\/lions-pharmacy.com\/it\/prodotto\/ciclopoli-nail-polish-against-nail-fungus-6-6ml-with-application-aid-02247667","url":"https:\/\/lions-pharmacy.com\/it\/prodotto\/ciclopoli-nail-polish-against-nail-fungus-6-6ml-with-application-aid-02247667","name":"Smalto Ciclopoli contro i funghi delle unghie (6,6ml) con aiuto per l'applicazione","isPartOf":{"@id":"https:\/\/lions-pharmacy.com\/it#website"},"primaryImageOfPage":{"@id":"https:\/\/lions-pharmacy.com\/it\/prodotto\/ciclopoli-nail-polish-against-nail-fungus-6-6ml-with-application-aid-02247667#primaryimage"},"image":{"@id":"https:\/\/lions-pharmacy.com\/it\/prodotto\/ciclopoli-nail-polish-against-nail-fungus-6-6ml-with-application-aid-02247667#primaryimage"},"thumbnailUrl":"https:\/\/lions-pharmacy.com\/wp-content\/uploads\/2025\/07\/Ciclopoli-nail-polish-against-nail-fungus-6.6ml-with-application-aid-Lions-pharmcy-Deutschland.webp","datePublished":"2025-07-30T17:11:42+00:00","dateModified":"2025-12-02T07:18:04+00:00","description":"Prodotto contro i funghi delle unghie. Scopri di pi\u00f9 su Smalto Ciclopoli contro i funghi delle unghie (6,6ml) con aiuto per l'applicazione. Offriamo: Spedizione veloce e acquisti sicuri online","breadcrumb":{"@id":"https:\/\/lions-pharmacy.com\/it\/prodotto\/ciclopoli-nail-polish-against-nail-fungus-6-6ml-with-application-aid-02247667#breadcrumb"},"inLanguage":"it-IT","potentialAction":[{"@type":"ReadAction","target":["https:\/\/lions-pharmacy.com\/it\/prodotto\/ciclopoli-nail-polish-against-nail-fungus-6-6ml-with-application-aid-02247667"]}]},{"@type":"ImageObject","inLanguage":"it-IT","@id":"https:\/\/lions-pharmacy.com\/it\/prodotto\/ciclopoli-nail-polish-against-nail-fungus-6-6ml-with-application-aid-02247667#primaryimage","url":"https:\/\/lions-pharmacy.com\/wp-content\/uploads\/2025\/07\/Ciclopoli-nail-polish-against-nail-fungus-6.6ml-with-application-aid-Lions-pharmcy-Deutschland.webp","contentUrl":"https:\/\/lions-pharmacy.com\/wp-content\/uploads\/2025\/07\/Ciclopoli-nail-polish-against-nail-fungus-6.6ml-with-application-aid-Lions-pharmcy-Deutschland.webp","width":600,"height":600,"caption":"Smalto per unghie Ciclopoli contro i funghi delle unghie (6,6ml) con aiuto per l'applicazione, Lions pharmcy, Deutschland"},{"@type":"BreadcrumbList","@id":"https:\/\/lions-pharmacy.com\/it\/prodotto\/ciclopoli-nail-polish-against-nail-fungus-6-6ml-with-application-aid-02247667#breadcrumb","itemListElement":[{"@type":"ListItem","position":1,"name":"Home","item":"https:\/\/lions-pharmacy.com\/it\/homepage-lion-pharmacy"},{"@type":"ListItem","position":2,"name":"Shop","item":"https:\/\/lions-pharmacy.com\/it\/negozio"},{"@type":"ListItem","position":3,"name":"Smalto Ciclopoli contro i funghi delle unghie (6,6ml) con aiuto per l&#8217;applicazione"}]},{"@type":"WebSite","@id":"https:\/\/lions-pharmacy.com\/it#website","url":"https:\/\/lions-pharmacy.com\/it","name":"Lions Pharmacy","description":"Farmacia specializzata in naturopatia di Baden-Baden, Germania","publisher":{"@id":"https:\/\/lions-pharmacy.com\/it#organization"},"alternateName":"Lion Pharmacy","potentialAction":[{"@type":"SearchAction","target":{"@type":"EntryPoint","urlTemplate":"https:\/\/lions-pharmacy.com\/it?s={search_term_string}"},"query-input":{"@type":"PropertyValueSpecification","valueRequired":true,"valueName":"search_term_string"}}],"inLanguage":"it-IT"},{"@type":"Organization","@id":"https:\/\/lions-pharmacy.com\/it#organization","name":"Lions Pharmacy","alternateName":"Lions Pharmacy24","url":"https:\/\/lions-pharmacy.com\/it","logo":{"@type":"ImageObject","inLanguage":"it-IT","@id":"https:\/\/lions-pharmacy.com\/it#\/schema\/logo\/image\/","url":"https:\/\/lions-pharmacy.com\/wp-content\/uploads\/2022\/12\/Logo-Lion-Pharmacy-c-o-Loewen-Apotheke-smal.jpg","contentUrl":"https:\/\/lions-pharmacy.com\/wp-content\/uploads\/2022\/12\/Logo-Lion-Pharmacy-c-o-Loewen-Apotheke-smal.jpg","width":298,"height":99,"caption":"Lions Pharmacy"},"image":{"@id":"https:\/\/lions-pharmacy.com\/it#\/schema\/logo\/image\/"}}]}},"_links":{"self":[{"href":"https:\/\/lions-pharmacy.com\/it\/wp-json\/wp\/v2\/product\/13848","targetHints":{"allow":["GET"]}}],"collection":[{"href":"https:\/\/lions-pharmacy.com\/it\/wp-json\/wp\/v2\/product"}],"about":[{"href":"https:\/\/lions-pharmacy.com\/it\/wp-json\/wp\/v2\/types\/product"}],"replies":[{"embeddable":true,"href":"https:\/\/lions-pharmacy.com\/it\/wp-json\/wp\/v2\/comments?post=13848"}],"wp:featuredmedia":[{"embeddable":true,"href":"https:\/\/lions-pharmacy.com\/it\/wp-json\/wp\/v2\/media\/13862"}],"wp:attachment":[{"href":"https:\/\/lions-pharmacy.com\/it\/wp-json\/wp\/v2\/media?parent=13848"}],"wp:term":[{"taxonomy":"product_brand","embeddable":true,"href":"https:\/\/lions-pharmacy.com\/it\/wp-json\/wp\/v2\/product_brand?post=13848"},{"taxonomy":"product_cat","embeddable":true,"href":"https:\/\/lions-pharmacy.com\/it\/wp-json\/wp\/v2\/product_cat?post=13848"},{"taxonomy":"product_tag","embeddable":true,"href":"https:\/\/lions-pharmacy.com\/it\/wp-json\/wp\/v2\/product_tag?post=13848"}],"curies":[{"name":"wp","href":"https:\/\/api.w.org\/{rel}","templated":true}]}}