{"id":13811,"date":"2025-07-29T14:04:08","date_gmt":"2025-07-29T13:04:08","guid":{"rendered":"https:\/\/lions-pharmacy.com\/?post_type=product&#038;p=13811"},"modified":"2025-12-01T19:21:20","modified_gmt":"2025-12-01T18:21:20","slug":"pure-encapsulations-all-in-one-sport-60-pcs-18671433","status":"publish","type":"product","link":"https:\/\/lions-pharmacy.com\/it\/prodotto\/pure-encapsulations-all-in-one-sport-60-pcs-18671433","title":{"rendered":"Pure Encapsulations ALL-IN-ONE Sport (60 pezzi)"},"content":{"rendered":"<h3>Pure Encapsulations ALL-IN-ONE Pure Sport<\/h3>\n<p>Pure Encapsulations ALL-IN-ONE Sport \u00e8 un nutrimento di base per gli atleti attivi. Per un maggiore fabbisogno nutrizionale nello sport, fornendo un&#8217;alimentazione ideale durante gli allenamenti e le gare.<br \/>\nProdotto della Lista di Colonia\u00ae.<\/p>\n<p>Integratore alimentare specifico per le attivit\u00e0 sportive con micronutrienti legati organicamente e facilmente assorbibili dall&#8217;organismo. Contiene vitamine, ferro, magnesio, selenio e zinco. Supporta il metabolismo energetico e il sistema immunitario.<\/p>\n<h3>Dettagli sul prodotto e informazioni obbligatorie<\/h3>\n<p>Foglietto illustrativo: <a href=\"https:\/\/lions-pharmacy.com\/wp-content\/uploads\/2025\/07\/pureencapsulations-produktinfo-P3SP6A.pdf\">informazioni sul prodotto pure encapsulations all-in-one sport<\/a> (lettore PDF) e informazioni sugli alimenti<\/p>\n<p>Ingredienti: Magnesiocitrato, Taurin, Kapsel: Idrossipropilmetilcellulosa, Ascorbins\u00e4ure, D-alfa-Tococco rolsuccinat, Zinkcitrat, Eisencitrat, Calciumpantothenat, Coenzym Q10, Selenmethionin, Ascorbyl palmitat, Kupfercitrat, Kaliumjodid, Pyridoxal-5-Phosphat, Thiamin HCl, Vitamin D3, Riboflavin-5-Phosphat, Pyridoxin HCl, Riboflavin, Biotin, Chrompicolinat<\/p>\n<p>Scopri di pi\u00f9 sul produttore e su questo prodotto: <a href=\"https:\/\/www.promedico.de\/\" target=\"_blank\" rel=\"noopener\">Promediko<\/a> (link a sito esterno)<\/p>\n<p>Le informazioni contenute in questo sito web sono fornite solo a scopo informativo. Non sostituiscono in alcun modo la visita e il trattamento da parte di un medico. Ci\u00f2 significa che non \u00e8 possibile n\u00e9 fare diagnosi n\u00e9 iniziare terapie. Importazione singola &#8211; Importiamo questo medicinale per te. Questo comporta tempi di consegna pi\u00f9 lunghi. Sono escluse le restituzioni per le singole importazioni.<\/p>\n<p>Per i rischi e gli effetti collaterali, leggere il foglio illustrativo e rivolgersi al medico o al farmacista.<\/p>\n<h4><\/h4>\n<h3>Il consiglio dell&#8217;esperto in farmacia:<\/h3>\n<p>Il nostro farmacista consiglia i seguenti prodotti per le infezioni virali: <a href=\"https:\/\/lions-pharmacy.com\/it\/prodotto\/omni-biotic-colonize-powder-56x-3g\">Omni Biotic Colonize Powder<\/a> &#8211; di provata e specifica efficacia.<\/p>\n<p>Altri prodotti per l&#8217;applicazione: <a href=\"https:\/\/lions-pharmacy.com\/it\/tag-prodotto\/vitamine-e-integratori\">Vitamine e integratori<\/a> | <a href=\"https:\/\/lions-pharmacy.com\/it\/tag-prodotto\/rimedi-naturali\" rel=\"tag\">Rimedi naturali<\/a> | <a href=\"https:\/\/lions-pharmacy.com\/it\/tag-prodotto\/benessere\" rel=\"tag\">Benessere<\/a><\/p>\n<h3>Domande sul prodotto? Siamo qui per te!<\/h3>\n<p>La nostra farmacista responsabile, la Dott.ssa Sandra Hoff, e il suo team saranno lieti di consigliarti personalmente &#8211; per telefono o via e-mail. In qualit\u00e0 di vera e propria farmacia locale e di farmacia autorizzata per la vendita per corrispondenza, ti offriamo un&#8217;assistenza competente, soprattutto per quanto riguarda la <a href=\"https:\/\/lions-pharmacy.com\/it\/tag-prodotto\/rimedi-naturali\">naturopatia<\/a> e gli <a href=\"https:\/\/lions-pharmacy.com\/it\/tag-prodotto\/vitamine-e-integratori\">integratori alimentari<\/a>, in particolare i farmaci di <a href=\"https:\/\/lions-pharmacy.com\/it\/product-brand\/vitorgan-it\">vitOrgan<\/a> e <a href=\"https:\/\/lions-pharmacy.com\/it\/product-category\/labo-life-it\">Labo Life<\/a>.<br \/>\nPuoi trovare la nostra autorizzazione come voce nel <a href=\"https:\/\/versandhandel.dimdi.de\/websearch\/servlet\/Gate;jsessionid=0D29D15655BE1174E9178A340E8FE6BC?accessid=dimdi_var&amp;term=3c387956690121ccc8763184f052b93f\" target=\"_blank\" rel=\"noopener\">registro delle vendite per corrispondenza<\/a>.<\/p>\n<h3>Riscatta una prescrizione o una ricetta elettronica:<\/h3>\n<p>Hai una prescrizione o una ricetta elettronica? Invia la ricetta comodamente tramite la nostra app <a href=\"https:\/\/e-rezept-app.de\/shop-rezept\" target=\"_blank\" rel=\"noopener\">per le prescrizioni elettroniche<\/a>; \u00e8 anche possibile richiedere prescrizioni private per chi paga da solo. Veloce, sicuro e facile.<\/p>\n","protected":false},"excerpt":{"rendered":"<h2>Pure Encapsulations ALL-IN-ONE Sport<\/h2>\n<p>La cura di base per gli atleti attivi contiene vitamine, ferro, magnesio, selenio e zinco. Supporta il metabolismo energetico e il sistema immunitario.<\/p>\n<p>&nbsp;<\/p>\n<p><strong>PZN<\/strong>: 18671433<\/p>\n<p><strong>Forma di dosaggio<\/strong>: capsule<\/p>\n<p><strong>Tipo di prescrizione: senza prescrizione<\/strong><\/p>\n<p><strong>marchio<\/strong>: Pure Encapsulations<\/p>\n<p><strong>Produttore<\/strong>: pro medico GmbH, 60329 Francoforte sul Meno, Germania<\/p>\n","protected":false},"featured_media":13822,"comment_status":"closed","ping_status":"closed","template":"","meta":[],"product_brand":[],"product_cat":[115],"product_tag":[298,269,307,271,482,514,480,268],"class_list":{"0":"post-13811","1":"product","2":"type-product","3":"status-publish","4":"has-post-thumbnail","6":"product_cat-non-categorizzato","7":"product_tag-concentrazione-e-stress","8":"product_tag-gestione-del-peso","9":"product_tag-omeopatia","10":"product_tag-peso-e-forma-fisica","11":"product_tag-principio-attivo-a-base-di-erbe","12":"product_tag-principio-attivo-di-origine-vegetale","13":"product_tag-rimedi-naturali","14":"product_tag-vitamine-e-integratori","15":"ts_product_brand-all-it","16":"ts_product_brand-pure-encapsulations-it","18":"first","19":"instock","20":"sale","21":"featured","22":"taxable","23":"shipping-taxable","24":"purchasable","25":"product-type-simple"},"yoast_head":"<!-- This site is optimized with the Yoast SEO plugin v26.5 - https:\/\/yoast.com\/wordpress\/plugins\/seo\/ -->\n<title>Pure Encapsulations ALL-IN-ONE Sport (60 pezzi) &#187;<\/title>\n<meta name=\"description\" content=\"Integratore alimentare. Scopri di pi\u00f9 su Pure Encapsulations ALL-IN-ONE Sport (60 pezzi). Ti offriamo: Spedizione veloce e acquisti sicuri online.\" \/>\n<meta name=\"robots\" content=\"index, follow, max-snippet:-1, max-image-preview:large, max-video-preview:-1\" \/>\n<link rel=\"canonical\" href=\"https:\/\/lions-pharmacy.com\/it\/prodotto\/pure-encapsulations-all-in-one-sport-60-pcs-18671433\" \/>\n<meta property=\"og:locale\" content=\"it_IT\" \/>\n<meta property=\"og:type\" content=\"article\" \/>\n<meta property=\"og:title\" content=\"Pure Encapsulations ALL-IN-ONE Sport (60 pezzi) &#187;\" \/>\n<meta property=\"og:description\" content=\"Integratore alimentare. Scopri di pi\u00f9 su Pure Encapsulations ALL-IN-ONE Sport (60 pezzi). Ti offriamo: Spedizione veloce e acquisti sicuri online.\" \/>\n<meta property=\"og:url\" content=\"https:\/\/lions-pharmacy.com\/it\/prodotto\/pure-encapsulations-all-in-one-sport-60-pcs-18671433\" \/>\n<meta property=\"og:site_name\" content=\"Lion Pharmacy\" \/>\n<meta property=\"article:modified_time\" content=\"2025-12-01T18:21:20+00:00\" \/>\n<meta property=\"og:image\" content=\"https:\/\/lions-pharmacy.com\/wp-content\/uploads\/2025\/07\/Pure-Encapsulations-All-in-one-sport-60-pc-Lions-Pharmacy.webp\" \/>\n\t<meta property=\"og:image:width\" content=\"600\" \/>\n\t<meta property=\"og:image:height\" content=\"600\" \/>\n\t<meta property=\"og:image:type\" content=\"image\/webp\" \/>\n<meta name=\"twitter:card\" content=\"summary_large_image\" \/>\n<meta name=\"twitter:label1\" content=\"Tempo di lettura stimato\" \/>\n\t<meta name=\"twitter:data1\" content=\"2 minuti\" \/>\n<script type=\"application\/ld+json\" class=\"yoast-schema-graph\">{\"@context\":\"https:\/\/schema.org\",\"@graph\":[{\"@type\":\"WebPage\",\"@id\":\"https:\/\/lions-pharmacy.com\/it\/prodotto\/pure-encapsulations-all-in-one-sport-60-pcs-18671433\",\"url\":\"https:\/\/lions-pharmacy.com\/it\/prodotto\/pure-encapsulations-all-in-one-sport-60-pcs-18671433\",\"name\":\"Pure Encapsulations ALL-IN-ONE Sport (60 pezzi) &#187;\",\"isPartOf\":{\"@id\":\"https:\/\/lions-pharmacy.com\/it#website\"},\"primaryImageOfPage\":{\"@id\":\"https:\/\/lions-pharmacy.com\/it\/prodotto\/pure-encapsulations-all-in-one-sport-60-pcs-18671433#primaryimage\"},\"image\":{\"@id\":\"https:\/\/lions-pharmacy.com\/it\/prodotto\/pure-encapsulations-all-in-one-sport-60-pcs-18671433#primaryimage\"},\"thumbnailUrl\":\"https:\/\/lions-pharmacy.com\/wp-content\/uploads\/2025\/07\/Pure-Encapsulations-All-in-one-sport-60-pc-Lions-Pharmacy.webp\",\"datePublished\":\"2025-07-29T13:04:08+00:00\",\"dateModified\":\"2025-12-01T18:21:20+00:00\",\"description\":\"Integratore alimentare. Scopri di pi\u00f9 su Pure Encapsulations ALL-IN-ONE Sport (60 pezzi). Ti offriamo: Spedizione veloce e acquisti sicuri online.\",\"breadcrumb\":{\"@id\":\"https:\/\/lions-pharmacy.com\/it\/prodotto\/pure-encapsulations-all-in-one-sport-60-pcs-18671433#breadcrumb\"},\"inLanguage\":\"it-IT\",\"potentialAction\":[{\"@type\":\"ReadAction\",\"target\":[\"https:\/\/lions-pharmacy.com\/it\/prodotto\/pure-encapsulations-all-in-one-sport-60-pcs-18671433\"]}]},{\"@type\":\"ImageObject\",\"inLanguage\":\"it-IT\",\"@id\":\"https:\/\/lions-pharmacy.com\/it\/prodotto\/pure-encapsulations-all-in-one-sport-60-pcs-18671433#primaryimage\",\"url\":\"https:\/\/lions-pharmacy.com\/wp-content\/uploads\/2025\/07\/Pure-Encapsulations-All-in-one-sport-60-pc-Lions-Pharmacy.webp\",\"contentUrl\":\"https:\/\/lions-pharmacy.com\/wp-content\/uploads\/2025\/07\/Pure-Encapsulations-All-in-one-sport-60-pc-Lions-Pharmacy.webp\",\"width\":600,\"height\":600,\"caption\":\"Pure Encapsulations All-in-one Sport. 60 pc, presentato da Lions-Pharmacy\"},{\"@type\":\"BreadcrumbList\",\"@id\":\"https:\/\/lions-pharmacy.com\/it\/prodotto\/pure-encapsulations-all-in-one-sport-60-pcs-18671433#breadcrumb\",\"itemListElement\":[{\"@type\":\"ListItem\",\"position\":1,\"name\":\"Home\",\"item\":\"https:\/\/lions-pharmacy.com\/it\/homepage-lion-pharmacy\"},{\"@type\":\"ListItem\",\"position\":2,\"name\":\"Shop\",\"item\":\"https:\/\/lions-pharmacy.com\/it\/negozio\"},{\"@type\":\"ListItem\",\"position\":3,\"name\":\"Pure Encapsulations ALL-IN-ONE Sport (60 pezzi)\"}]},{\"@type\":\"WebSite\",\"@id\":\"https:\/\/lions-pharmacy.com\/it#website\",\"url\":\"https:\/\/lions-pharmacy.com\/it\",\"name\":\"Lions Pharmacy\",\"description\":\"Farmacia specializzata in naturopatia di Baden-Baden, Germania\",\"publisher\":{\"@id\":\"https:\/\/lions-pharmacy.com\/it#organization\"},\"alternateName\":\"Lion Pharmacy\",\"potentialAction\":[{\"@type\":\"SearchAction\",\"target\":{\"@type\":\"EntryPoint\",\"urlTemplate\":\"https:\/\/lions-pharmacy.com\/it?s={search_term_string}\"},\"query-input\":{\"@type\":\"PropertyValueSpecification\",\"valueRequired\":true,\"valueName\":\"search_term_string\"}}],\"inLanguage\":\"it-IT\"},{\"@type\":\"Organization\",\"@id\":\"https:\/\/lions-pharmacy.com\/it#organization\",\"name\":\"Lions Pharmacy\",\"alternateName\":\"Lions Pharmacy24\",\"url\":\"https:\/\/lions-pharmacy.com\/it\",\"logo\":{\"@type\":\"ImageObject\",\"inLanguage\":\"it-IT\",\"@id\":\"https:\/\/lions-pharmacy.com\/it#\/schema\/logo\/image\/\",\"url\":\"https:\/\/lions-pharmacy.com\/wp-content\/uploads\/2022\/12\/Logo-Lion-Pharmacy-c-o-Loewen-Apotheke-smal.jpg\",\"contentUrl\":\"https:\/\/lions-pharmacy.com\/wp-content\/uploads\/2022\/12\/Logo-Lion-Pharmacy-c-o-Loewen-Apotheke-smal.jpg\",\"width\":298,\"height\":99,\"caption\":\"Lions Pharmacy\"},\"image\":{\"@id\":\"https:\/\/lions-pharmacy.com\/it#\/schema\/logo\/image\/\"}}]}<\/script>\n<!-- \/ Yoast SEO plugin. -->","yoast_head_json":{"title":"Pure Encapsulations ALL-IN-ONE Sport (60 pezzi) &#187;","description":"Integratore alimentare. Scopri di pi\u00f9 su Pure Encapsulations ALL-IN-ONE Sport (60 pezzi). Ti offriamo: Spedizione veloce e acquisti sicuri online.","robots":{"index":"index","follow":"follow","max-snippet":"max-snippet:-1","max-image-preview":"max-image-preview:large","max-video-preview":"max-video-preview:-1"},"canonical":"https:\/\/lions-pharmacy.com\/it\/prodotto\/pure-encapsulations-all-in-one-sport-60-pcs-18671433","og_locale":"it_IT","og_type":"article","og_title":"Pure Encapsulations ALL-IN-ONE Sport (60 pezzi) &#187;","og_description":"Integratore alimentare. Scopri di pi\u00f9 su Pure Encapsulations ALL-IN-ONE Sport (60 pezzi). Ti offriamo: Spedizione veloce e acquisti sicuri online.","og_url":"https:\/\/lions-pharmacy.com\/it\/prodotto\/pure-encapsulations-all-in-one-sport-60-pcs-18671433","og_site_name":"Lion Pharmacy","article_modified_time":"2025-12-01T18:21:20+00:00","og_image":[{"width":600,"height":600,"url":"https:\/\/lions-pharmacy.com\/wp-content\/uploads\/2025\/07\/Pure-Encapsulations-All-in-one-sport-60-pc-Lions-Pharmacy.webp","type":"image\/webp"}],"twitter_card":"summary_large_image","twitter_misc":{"Tempo di lettura stimato":"2 minuti"},"schema":{"@context":"https:\/\/schema.org","@graph":[{"@type":"WebPage","@id":"https:\/\/lions-pharmacy.com\/it\/prodotto\/pure-encapsulations-all-in-one-sport-60-pcs-18671433","url":"https:\/\/lions-pharmacy.com\/it\/prodotto\/pure-encapsulations-all-in-one-sport-60-pcs-18671433","name":"Pure Encapsulations ALL-IN-ONE Sport (60 pezzi) &#187;","isPartOf":{"@id":"https:\/\/lions-pharmacy.com\/it#website"},"primaryImageOfPage":{"@id":"https:\/\/lions-pharmacy.com\/it\/prodotto\/pure-encapsulations-all-in-one-sport-60-pcs-18671433#primaryimage"},"image":{"@id":"https:\/\/lions-pharmacy.com\/it\/prodotto\/pure-encapsulations-all-in-one-sport-60-pcs-18671433#primaryimage"},"thumbnailUrl":"https:\/\/lions-pharmacy.com\/wp-content\/uploads\/2025\/07\/Pure-Encapsulations-All-in-one-sport-60-pc-Lions-Pharmacy.webp","datePublished":"2025-07-29T13:04:08+00:00","dateModified":"2025-12-01T18:21:20+00:00","description":"Integratore alimentare. Scopri di pi\u00f9 su Pure Encapsulations ALL-IN-ONE Sport (60 pezzi). Ti offriamo: Spedizione veloce e acquisti sicuri online.","breadcrumb":{"@id":"https:\/\/lions-pharmacy.com\/it\/prodotto\/pure-encapsulations-all-in-one-sport-60-pcs-18671433#breadcrumb"},"inLanguage":"it-IT","potentialAction":[{"@type":"ReadAction","target":["https:\/\/lions-pharmacy.com\/it\/prodotto\/pure-encapsulations-all-in-one-sport-60-pcs-18671433"]}]},{"@type":"ImageObject","inLanguage":"it-IT","@id":"https:\/\/lions-pharmacy.com\/it\/prodotto\/pure-encapsulations-all-in-one-sport-60-pcs-18671433#primaryimage","url":"https:\/\/lions-pharmacy.com\/wp-content\/uploads\/2025\/07\/Pure-Encapsulations-All-in-one-sport-60-pc-Lions-Pharmacy.webp","contentUrl":"https:\/\/lions-pharmacy.com\/wp-content\/uploads\/2025\/07\/Pure-Encapsulations-All-in-one-sport-60-pc-Lions-Pharmacy.webp","width":600,"height":600,"caption":"Pure Encapsulations All-in-one Sport. 60 pc, presentato da Lions-Pharmacy"},{"@type":"BreadcrumbList","@id":"https:\/\/lions-pharmacy.com\/it\/prodotto\/pure-encapsulations-all-in-one-sport-60-pcs-18671433#breadcrumb","itemListElement":[{"@type":"ListItem","position":1,"name":"Home","item":"https:\/\/lions-pharmacy.com\/it\/homepage-lion-pharmacy"},{"@type":"ListItem","position":2,"name":"Shop","item":"https:\/\/lions-pharmacy.com\/it\/negozio"},{"@type":"ListItem","position":3,"name":"Pure Encapsulations ALL-IN-ONE Sport (60 pezzi)"}]},{"@type":"WebSite","@id":"https:\/\/lions-pharmacy.com\/it#website","url":"https:\/\/lions-pharmacy.com\/it","name":"Lions Pharmacy","description":"Farmacia specializzata in naturopatia di Baden-Baden, Germania","publisher":{"@id":"https:\/\/lions-pharmacy.com\/it#organization"},"alternateName":"Lion Pharmacy","potentialAction":[{"@type":"SearchAction","target":{"@type":"EntryPoint","urlTemplate":"https:\/\/lions-pharmacy.com\/it?s={search_term_string}"},"query-input":{"@type":"PropertyValueSpecification","valueRequired":true,"valueName":"search_term_string"}}],"inLanguage":"it-IT"},{"@type":"Organization","@id":"https:\/\/lions-pharmacy.com\/it#organization","name":"Lions Pharmacy","alternateName":"Lions Pharmacy24","url":"https:\/\/lions-pharmacy.com\/it","logo":{"@type":"ImageObject","inLanguage":"it-IT","@id":"https:\/\/lions-pharmacy.com\/it#\/schema\/logo\/image\/","url":"https:\/\/lions-pharmacy.com\/wp-content\/uploads\/2022\/12\/Logo-Lion-Pharmacy-c-o-Loewen-Apotheke-smal.jpg","contentUrl":"https:\/\/lions-pharmacy.com\/wp-content\/uploads\/2022\/12\/Logo-Lion-Pharmacy-c-o-Loewen-Apotheke-smal.jpg","width":298,"height":99,"caption":"Lions Pharmacy"},"image":{"@id":"https:\/\/lions-pharmacy.com\/it#\/schema\/logo\/image\/"}}]}},"_links":{"self":[{"href":"https:\/\/lions-pharmacy.com\/it\/wp-json\/wp\/v2\/product\/13811","targetHints":{"allow":["GET"]}}],"collection":[{"href":"https:\/\/lions-pharmacy.com\/it\/wp-json\/wp\/v2\/product"}],"about":[{"href":"https:\/\/lions-pharmacy.com\/it\/wp-json\/wp\/v2\/types\/product"}],"replies":[{"embeddable":true,"href":"https:\/\/lions-pharmacy.com\/it\/wp-json\/wp\/v2\/comments?post=13811"}],"wp:featuredmedia":[{"embeddable":true,"href":"https:\/\/lions-pharmacy.com\/it\/wp-json\/wp\/v2\/media\/13822"}],"wp:attachment":[{"href":"https:\/\/lions-pharmacy.com\/it\/wp-json\/wp\/v2\/media?parent=13811"}],"wp:term":[{"taxonomy":"product_brand","embeddable":true,"href":"https:\/\/lions-pharmacy.com\/it\/wp-json\/wp\/v2\/product_brand?post=13811"},{"taxonomy":"product_cat","embeddable":true,"href":"https:\/\/lions-pharmacy.com\/it\/wp-json\/wp\/v2\/product_cat?post=13811"},{"taxonomy":"product_tag","embeddable":true,"href":"https:\/\/lions-pharmacy.com\/it\/wp-json\/wp\/v2\/product_tag?post=13811"}],"curies":[{"name":"wp","href":"https:\/\/api.w.org\/{rel}","templated":true}]}}