{"id":11805,"date":"2025-05-12T15:57:49","date_gmt":"2025-05-12T14:57:49","guid":{"rendered":"https:\/\/lions-pharmacy.com\/?post_type=product&#038;p=11805"},"modified":"2025-12-14T09:55:34","modified_gmt":"2025-12-14T08:55:34","slug":"discus-compositum-n-kalmia-ampoules-10-pc-04031138","status":"publish","type":"product","link":"https:\/\/lions-pharmacy.com\/it\/prodotto\/discus-compositum-n-kalmia-ampoules-10-pc-04031138","title":{"rendered":"Discus compositum N Kalmia Fiale (10 pz)"},"content":{"rendered":"<h3>Discus compositum N Fiale di Kalmia<\/h3>\n<p>Discus compositum N Kalmia fiale un medicinale omeopatico registrato, quindi senza indicazione terapeutica.<\/p>\n<p>Foglio illustrativo\/istruzioni per l&#8217;uso\/scheda tecnica dell&#8217;articolo: \u2013 (lettore PDF)<\/p>\n<p>Altri prodotti di: <a href=\"https:\/\/lions-pharmacy.com\/it\/tag-prodotto\/omeopatia\" rel=\"tag\">Omeopatia<\/a> | <a href=\"https:\/\/lions-pharmacy.com\/it\/tag-prodotto\/vitamine-e-integratori\">Vitamine e integratori Prodotti<\/a><\/p>\n<p>Ulteriori dettagli sul prodotto sono disponibili presso il produttore: <a href=\"https:\/\/www.heel.de\/de\/produktsuche.html\" target=\"_blank\" rel=\"noopener\">Biologische <\/a><a href=\"https:\/\/www.heel.de\/de\/produktsuche.html\">Heilmittel<\/a> <a href=\"https:\/\/www.heel.de\/de\/produktsuche.html\" target=\"_blank\" rel=\"noopener\">Heel GmbH<\/a><\/p>\n<p>Le informazioni contenute in questo sito web sono fornite solo a scopo informativo. Non sostituiscono in alcun modo la visita e il trattamento da parte di un medico. Ci\u00f2 significa che non \u00e8 possibile n\u00e9 fare diagnosi n\u00e9 iniziare terapie.<\/p>\n<p>Per i rischi e gli effetti collaterali, leggere il foglio illustrativo e rivolgersi al medico o al farmacista.<\/p>\n<h3>Domande sul prodotto? Siamo qui per te!<\/h3>\n<p>La nostra farmacista responsabile, la Dott.ssa Sandra Hoff, e il suo team saranno lieti di consigliarti personalmente &#8211; per telefono o via e-mail. In qualit\u00e0 di vera e propria farmacia locale e di farmacia autorizzata per la vendita per corrispondenza, ti offriamo un&#8217;assistenza competente, soprattutto per quanto riguarda la <a href=\"https:\/\/lions-pharmacy.com\/it\/tag-prodotto\/rimedi-naturali\">naturopatia<\/a> e gli <a href=\"https:\/\/lions-pharmacy.com\/it\/tag-prodotto\/vitamine-e-integratori\">integratori alimentari<\/a>, in particolare i farmaci di <a href=\"https:\/\/lions-pharmacy.com\/it\/product-brand\/vitorgan-it\">vitOrgan<\/a> e <a href=\"https:\/\/lions-pharmacy.com\/it\/product-category\/labo-life-it\">Labo Life<\/a>.<br \/>\nPuoi trovare la nostra autorizzazione come voce nel <a href=\"https:\/\/versandhandel.dimdi.de\/websearch\/servlet\/Gate;jsessionid=0D29D15655BE1174E9178A340E8FE6BC?accessid=dimdi_var&amp;term=3c387956690121ccc8763184f052b93f\" target=\"_blank\" rel=\"noopener\">registro delle vendite per corrispondenza<\/a>.<\/p>\n<p>&nbsp;<\/p>\n<h3>Prescrizione | \u00c8 disponibile una prescrizione elettronica?<\/h3>\n<p>Invia subito la tua prescrizione elettronica. Usa la nostra app <a href=\"https:\/\/e-rezept-app.de\/shop-rezept\" target=\"_blank\" rel=\"noopener\">per la prescrizione elettronica<\/a> . E noi ti diamo le spese di spedizione gratis in Germania!<\/p>\n","protected":false},"excerpt":{"rendered":"<h2>Discus compositum N Kalmia<\/h2>\n<p>Prodotto medicinale omeopatico registrato.<\/p>\n<p>&nbsp;<\/p>\n<p><strong>PZN<\/strong>: 04031138<\/p>\n<p><strong>Forma di dosaggio<\/strong>: fiale<\/p>\n<p><strong>Confezione<\/strong>: 10 pezzi.<\/p>\n<p><strong>Tipo di prescrizione:<\/strong> senza prescrizione<\/p>\n<p><strong>Marca<\/strong>: &#8211;<\/p>\n<p><strong>Produttore<\/strong>: Biologische Heel, Germania<\/p>\n","protected":false},"featured_media":11823,"comment_status":"closed","ping_status":"closed","template":"","meta":[],"product_brand":[],"product_cat":[347,115],"product_tag":[307,482,514,480],"class_list":{"0":"post-11805","1":"product","2":"type-product","3":"status-publish","4":"has-post-thumbnail","6":"product_cat-heel","7":"product_cat-non-categorizzato","8":"product_tag-omeopatia","9":"product_tag-principio-attivo-a-base-di-erbe","10":"product_tag-principio-attivo-di-origine-vegetale","11":"product_tag-rimedi-naturali","12":"ts_product_brand-all-it","13":"ts_product_brand-heel-it","15":"first","16":"instock","17":"sale","18":"taxable","19":"shipping-taxable","20":"purchasable","21":"product-type-simple"},"yoast_head":"<!-- This site is optimized with the Yoast SEO plugin v26.5 - https:\/\/yoast.com\/wordpress\/plugins\/seo\/ -->\n<title>Discus compositum N Kalmia Fiale (10 pz) &#187; acquista su Lion Pharmacy<\/title>\n<meta name=\"description\" content=\"Da Biologische Heel. Discus compositum N Kalmia Fiale (10 pz). Ordina qui da una farmacia online tedesca registrata. Spedizione veloce in tutto il mondo.\" \/>\n<meta name=\"robots\" content=\"index, follow, max-snippet:-1, max-image-preview:large, max-video-preview:-1\" \/>\n<link rel=\"canonical\" href=\"https:\/\/lions-pharmacy.com\/it\/prodotto\/discus-compositum-n-kalmia-ampoules-10-pc-04031138\" \/>\n<meta property=\"og:locale\" content=\"it_IT\" \/>\n<meta property=\"og:type\" content=\"article\" \/>\n<meta property=\"og:title\" content=\"Discus compositum N Kalmia Fiale (10 pz) &#187; acquista su Lion Pharmacy\" \/>\n<meta property=\"og:description\" content=\"Da Biologische Heel. Discus compositum N Kalmia Fiale (10 pz). Ordina qui da una farmacia online tedesca registrata. Spedizione veloce in tutto il mondo.\" \/>\n<meta property=\"og:url\" content=\"https:\/\/lions-pharmacy.com\/it\/prodotto\/discus-compositum-n-kalmia-ampoules-10-pc-04031138\" \/>\n<meta property=\"og:site_name\" content=\"Lion Pharmacy\" \/>\n<meta property=\"article:modified_time\" content=\"2025-12-14T08:55:34+00:00\" \/>\n<meta property=\"og:image\" content=\"https:\/\/lions-pharmacy.com\/wp-content\/uploads\/2025\/05\/Discus-compositum-N-Kalmia-ampoules-from-biologische-Heel-PZN-0403138-Lions-Pharmacy.webp\" \/>\n\t<meta property=\"og:image:width\" content=\"600\" \/>\n\t<meta property=\"og:image:height\" content=\"600\" \/>\n\t<meta property=\"og:image:type\" content=\"image\/webp\" \/>\n<meta name=\"twitter:card\" content=\"summary_large_image\" \/>\n<meta name=\"twitter:label1\" content=\"Tempo di lettura stimato\" \/>\n\t<meta name=\"twitter:data1\" content=\"1 minuto\" \/>\n<script type=\"application\/ld+json\" class=\"yoast-schema-graph\">{\"@context\":\"https:\/\/schema.org\",\"@graph\":[{\"@type\":\"WebPage\",\"@id\":\"https:\/\/lions-pharmacy.com\/it\/prodotto\/discus-compositum-n-kalmia-ampoules-10-pc-04031138\",\"url\":\"https:\/\/lions-pharmacy.com\/it\/prodotto\/discus-compositum-n-kalmia-ampoules-10-pc-04031138\",\"name\":\"Discus compositum N Kalmia Fiale (10 pz) &#187; acquista su Lion Pharmacy\",\"isPartOf\":{\"@id\":\"https:\/\/lions-pharmacy.com\/it#website\"},\"primaryImageOfPage\":{\"@id\":\"https:\/\/lions-pharmacy.com\/it\/prodotto\/discus-compositum-n-kalmia-ampoules-10-pc-04031138#primaryimage\"},\"image\":{\"@id\":\"https:\/\/lions-pharmacy.com\/it\/prodotto\/discus-compositum-n-kalmia-ampoules-10-pc-04031138#primaryimage\"},\"thumbnailUrl\":\"https:\/\/lions-pharmacy.com\/wp-content\/uploads\/2025\/05\/Discus-compositum-N-Kalmia-ampoules-from-biologische-Heel-PZN-0403138-Lions-Pharmacy.webp\",\"datePublished\":\"2025-05-12T14:57:49+00:00\",\"dateModified\":\"2025-12-14T08:55:34+00:00\",\"description\":\"Da Biologische Heel. Discus compositum N Kalmia Fiale (10 pz). Ordina qui da una farmacia online tedesca registrata. Spedizione veloce in tutto il mondo.\",\"breadcrumb\":{\"@id\":\"https:\/\/lions-pharmacy.com\/it\/prodotto\/discus-compositum-n-kalmia-ampoules-10-pc-04031138#breadcrumb\"},\"inLanguage\":\"it-IT\",\"potentialAction\":[{\"@type\":\"ReadAction\",\"target\":[\"https:\/\/lions-pharmacy.com\/it\/prodotto\/discus-compositum-n-kalmia-ampoules-10-pc-04031138\"]}]},{\"@type\":\"ImageObject\",\"inLanguage\":\"it-IT\",\"@id\":\"https:\/\/lions-pharmacy.com\/it\/prodotto\/discus-compositum-n-kalmia-ampoules-10-pc-04031138#primaryimage\",\"url\":\"https:\/\/lions-pharmacy.com\/wp-content\/uploads\/2025\/05\/Discus-compositum-N-Kalmia-ampoules-from-biologische-Heel-PZN-0403138-Lions-Pharmacy.webp\",\"contentUrl\":\"https:\/\/lions-pharmacy.com\/wp-content\/uploads\/2025\/05\/Discus-compositum-N-Kalmia-ampoules-from-biologische-Heel-PZN-0403138-Lions-Pharmacy.webp\",\"width\":600,\"height\":600,\"caption\":\"Una scatola Discus compositum N Kalmia fiale da biologische Heel, PZN-0403138, Farmacia Lions\"},{\"@type\":\"BreadcrumbList\",\"@id\":\"https:\/\/lions-pharmacy.com\/it\/prodotto\/discus-compositum-n-kalmia-ampoules-10-pc-04031138#breadcrumb\",\"itemListElement\":[{\"@type\":\"ListItem\",\"position\":1,\"name\":\"Home\",\"item\":\"https:\/\/lions-pharmacy.com\/it\/homepage-lion-pharmacy\"},{\"@type\":\"ListItem\",\"position\":2,\"name\":\"Shop\",\"item\":\"https:\/\/lions-pharmacy.com\/it\/negozio\"},{\"@type\":\"ListItem\",\"position\":3,\"name\":\"Discus compositum N Kalmia Fiale (10 pz)\"}]},{\"@type\":\"WebSite\",\"@id\":\"https:\/\/lions-pharmacy.com\/it#website\",\"url\":\"https:\/\/lions-pharmacy.com\/it\",\"name\":\"Lions Pharmacy\",\"description\":\"Farmacia specializzata in naturopatia di Baden-Baden, Germania\",\"publisher\":{\"@id\":\"https:\/\/lions-pharmacy.com\/it#organization\"},\"alternateName\":\"Lion Pharmacy\",\"potentialAction\":[{\"@type\":\"SearchAction\",\"target\":{\"@type\":\"EntryPoint\",\"urlTemplate\":\"https:\/\/lions-pharmacy.com\/it?s={search_term_string}\"},\"query-input\":{\"@type\":\"PropertyValueSpecification\",\"valueRequired\":true,\"valueName\":\"search_term_string\"}}],\"inLanguage\":\"it-IT\"},{\"@type\":\"Organization\",\"@id\":\"https:\/\/lions-pharmacy.com\/it#organization\",\"name\":\"Lions Pharmacy\",\"alternateName\":\"Lions Pharmacy24\",\"url\":\"https:\/\/lions-pharmacy.com\/it\",\"logo\":{\"@type\":\"ImageObject\",\"inLanguage\":\"it-IT\",\"@id\":\"https:\/\/lions-pharmacy.com\/it#\/schema\/logo\/image\/\",\"url\":\"https:\/\/lions-pharmacy.com\/wp-content\/uploads\/2022\/12\/Logo-Lion-Pharmacy-c-o-Loewen-Apotheke-smal.jpg\",\"contentUrl\":\"https:\/\/lions-pharmacy.com\/wp-content\/uploads\/2022\/12\/Logo-Lion-Pharmacy-c-o-Loewen-Apotheke-smal.jpg\",\"width\":298,\"height\":99,\"caption\":\"Lions Pharmacy\"},\"image\":{\"@id\":\"https:\/\/lions-pharmacy.com\/it#\/schema\/logo\/image\/\"}}]}<\/script>\n<!-- \/ Yoast SEO plugin. -->","yoast_head_json":{"title":"Discus compositum N Kalmia Fiale (10 pz) &#187; acquista su Lion Pharmacy","description":"Da Biologische Heel. Discus compositum N Kalmia Fiale (10 pz). Ordina qui da una farmacia online tedesca registrata. Spedizione veloce in tutto il mondo.","robots":{"index":"index","follow":"follow","max-snippet":"max-snippet:-1","max-image-preview":"max-image-preview:large","max-video-preview":"max-video-preview:-1"},"canonical":"https:\/\/lions-pharmacy.com\/it\/prodotto\/discus-compositum-n-kalmia-ampoules-10-pc-04031138","og_locale":"it_IT","og_type":"article","og_title":"Discus compositum N Kalmia Fiale (10 pz) &#187; acquista su Lion Pharmacy","og_description":"Da Biologische Heel. Discus compositum N Kalmia Fiale (10 pz). Ordina qui da una farmacia online tedesca registrata. Spedizione veloce in tutto il mondo.","og_url":"https:\/\/lions-pharmacy.com\/it\/prodotto\/discus-compositum-n-kalmia-ampoules-10-pc-04031138","og_site_name":"Lion Pharmacy","article_modified_time":"2025-12-14T08:55:34+00:00","og_image":[{"width":600,"height":600,"url":"https:\/\/lions-pharmacy.com\/wp-content\/uploads\/2025\/05\/Discus-compositum-N-Kalmia-ampoules-from-biologische-Heel-PZN-0403138-Lions-Pharmacy.webp","type":"image\/webp"}],"twitter_card":"summary_large_image","twitter_misc":{"Tempo di lettura stimato":"1 minuto"},"schema":{"@context":"https:\/\/schema.org","@graph":[{"@type":"WebPage","@id":"https:\/\/lions-pharmacy.com\/it\/prodotto\/discus-compositum-n-kalmia-ampoules-10-pc-04031138","url":"https:\/\/lions-pharmacy.com\/it\/prodotto\/discus-compositum-n-kalmia-ampoules-10-pc-04031138","name":"Discus compositum N Kalmia Fiale (10 pz) &#187; acquista su Lion Pharmacy","isPartOf":{"@id":"https:\/\/lions-pharmacy.com\/it#website"},"primaryImageOfPage":{"@id":"https:\/\/lions-pharmacy.com\/it\/prodotto\/discus-compositum-n-kalmia-ampoules-10-pc-04031138#primaryimage"},"image":{"@id":"https:\/\/lions-pharmacy.com\/it\/prodotto\/discus-compositum-n-kalmia-ampoules-10-pc-04031138#primaryimage"},"thumbnailUrl":"https:\/\/lions-pharmacy.com\/wp-content\/uploads\/2025\/05\/Discus-compositum-N-Kalmia-ampoules-from-biologische-Heel-PZN-0403138-Lions-Pharmacy.webp","datePublished":"2025-05-12T14:57:49+00:00","dateModified":"2025-12-14T08:55:34+00:00","description":"Da Biologische Heel. Discus compositum N Kalmia Fiale (10 pz). Ordina qui da una farmacia online tedesca registrata. Spedizione veloce in tutto il mondo.","breadcrumb":{"@id":"https:\/\/lions-pharmacy.com\/it\/prodotto\/discus-compositum-n-kalmia-ampoules-10-pc-04031138#breadcrumb"},"inLanguage":"it-IT","potentialAction":[{"@type":"ReadAction","target":["https:\/\/lions-pharmacy.com\/it\/prodotto\/discus-compositum-n-kalmia-ampoules-10-pc-04031138"]}]},{"@type":"ImageObject","inLanguage":"it-IT","@id":"https:\/\/lions-pharmacy.com\/it\/prodotto\/discus-compositum-n-kalmia-ampoules-10-pc-04031138#primaryimage","url":"https:\/\/lions-pharmacy.com\/wp-content\/uploads\/2025\/05\/Discus-compositum-N-Kalmia-ampoules-from-biologische-Heel-PZN-0403138-Lions-Pharmacy.webp","contentUrl":"https:\/\/lions-pharmacy.com\/wp-content\/uploads\/2025\/05\/Discus-compositum-N-Kalmia-ampoules-from-biologische-Heel-PZN-0403138-Lions-Pharmacy.webp","width":600,"height":600,"caption":"Una scatola Discus compositum N Kalmia fiale da biologische Heel, PZN-0403138, Farmacia Lions"},{"@type":"BreadcrumbList","@id":"https:\/\/lions-pharmacy.com\/it\/prodotto\/discus-compositum-n-kalmia-ampoules-10-pc-04031138#breadcrumb","itemListElement":[{"@type":"ListItem","position":1,"name":"Home","item":"https:\/\/lions-pharmacy.com\/it\/homepage-lion-pharmacy"},{"@type":"ListItem","position":2,"name":"Shop","item":"https:\/\/lions-pharmacy.com\/it\/negozio"},{"@type":"ListItem","position":3,"name":"Discus compositum N Kalmia Fiale (10 pz)"}]},{"@type":"WebSite","@id":"https:\/\/lions-pharmacy.com\/it#website","url":"https:\/\/lions-pharmacy.com\/it","name":"Lions Pharmacy","description":"Farmacia specializzata in naturopatia di Baden-Baden, Germania","publisher":{"@id":"https:\/\/lions-pharmacy.com\/it#organization"},"alternateName":"Lion Pharmacy","potentialAction":[{"@type":"SearchAction","target":{"@type":"EntryPoint","urlTemplate":"https:\/\/lions-pharmacy.com\/it?s={search_term_string}"},"query-input":{"@type":"PropertyValueSpecification","valueRequired":true,"valueName":"search_term_string"}}],"inLanguage":"it-IT"},{"@type":"Organization","@id":"https:\/\/lions-pharmacy.com\/it#organization","name":"Lions Pharmacy","alternateName":"Lions Pharmacy24","url":"https:\/\/lions-pharmacy.com\/it","logo":{"@type":"ImageObject","inLanguage":"it-IT","@id":"https:\/\/lions-pharmacy.com\/it#\/schema\/logo\/image\/","url":"https:\/\/lions-pharmacy.com\/wp-content\/uploads\/2022\/12\/Logo-Lion-Pharmacy-c-o-Loewen-Apotheke-smal.jpg","contentUrl":"https:\/\/lions-pharmacy.com\/wp-content\/uploads\/2022\/12\/Logo-Lion-Pharmacy-c-o-Loewen-Apotheke-smal.jpg","width":298,"height":99,"caption":"Lions Pharmacy"},"image":{"@id":"https:\/\/lions-pharmacy.com\/it#\/schema\/logo\/image\/"}}]}},"_links":{"self":[{"href":"https:\/\/lions-pharmacy.com\/it\/wp-json\/wp\/v2\/product\/11805","targetHints":{"allow":["GET"]}}],"collection":[{"href":"https:\/\/lions-pharmacy.com\/it\/wp-json\/wp\/v2\/product"}],"about":[{"href":"https:\/\/lions-pharmacy.com\/it\/wp-json\/wp\/v2\/types\/product"}],"replies":[{"embeddable":true,"href":"https:\/\/lions-pharmacy.com\/it\/wp-json\/wp\/v2\/comments?post=11805"}],"wp:featuredmedia":[{"embeddable":true,"href":"https:\/\/lions-pharmacy.com\/it\/wp-json\/wp\/v2\/media\/11823"}],"wp:attachment":[{"href":"https:\/\/lions-pharmacy.com\/it\/wp-json\/wp\/v2\/media?parent=11805"}],"wp:term":[{"taxonomy":"product_brand","embeddable":true,"href":"https:\/\/lions-pharmacy.com\/it\/wp-json\/wp\/v2\/product_brand?post=11805"},{"taxonomy":"product_cat","embeddable":true,"href":"https:\/\/lions-pharmacy.com\/it\/wp-json\/wp\/v2\/product_cat?post=11805"},{"taxonomy":"product_tag","embeddable":true,"href":"https:\/\/lions-pharmacy.com\/it\/wp-json\/wp\/v2\/product_tag?post=11805"}],"curies":[{"name":"wp","href":"https:\/\/api.w.org\/{rel}","templated":true}]}}