{"id":1986,"date":"2022-12-11T09:03:40","date_gmt":"2022-12-11T08:03:40","guid":{"rendered":"https:\/\/lions-pharmacy.com\/termini-e-condizioni"},"modified":"2025-02-25T15:31:53","modified_gmt":"2025-02-25T14:31:53","slug":"terms-and-conditions-agb","status":"publish","type":"page","link":"https:\/\/lions-pharmacy.com\/it\/terms-and-conditions-agb","title":{"rendered":"Termini e condizioni"},"content":{"rendered":"\n<h2 class=\"wp-block-heading\">Termini e condizioni (AGB)<\/h2>\n\n<p>Lion Pharmacy c\/o <a href=\"https:\/\/www.loewen-apotheke24.com\/de\/\" target=\"_blank\" rel=\"noreferrer noopener\">L\u00f6wen Apotheke24<br\/><\/a>Lichtentaler Str. 3<br\/>76530 Baden-Baden<\/p>\n\n<figure class=\"wp-block-image size-full is-resized\"><img decoding=\"async\" width=\"298\" height=\"99\" data-src=\"https:\/\/lions-pharmacy.com\/wp-content\/uploads\/2022\/12\/Logo-Lion-Pharmacy-c-o-Lowen-Apotheke-small.jpg\" alt=\"Logo Lion Pharmacy c-o-Loewen Apotheke piccolo\" class=\"wp-image-160 lazyload\" style=\"--smush-placeholder-width: 298px; --smush-placeholder-aspect-ratio: 298\/99;width:241px;height:80px\" src=\"data:image\/svg+xml;base64,PHN2ZyB3aWR0aD0iMSIgaGVpZ2h0PSIxIiB4bWxucz0iaHR0cDovL3d3dy53My5vcmcvMjAwMC9zdmciPjwvc3ZnPg==\" \/><\/figure>\n\n<figure class=\"wp-block-image size-full\"><img decoding=\"async\" width=\"242\" height=\"70\" data-src=\"https:\/\/lions-pharmacy.com\/wp-content\/uploads\/2022\/12\/image.png\" alt=\"Logo Loewen Apotheke piccolo\" class=\"wp-image-163 lazyload\" src=\"data:image\/svg+xml;base64,PHN2ZyB3aWR0aD0iMSIgaGVpZ2h0PSIxIiB4bWxucz0iaHR0cDovL3d3dy53My5vcmcvMjAwMC9zdmciPjwvc3ZnPg==\" style=\"--smush-placeholder-width: 242px; --smush-placeholder-aspect-ratio: 242\/70;\" \/><\/figure>\n\n<p>\u00c8 possibile visualizzare le condizioni generali di contratto in qualsiasi momento su questa pagina. Per motivi di sicurezza, i dati specifici del vostro ordine non sono accessibili via Internet e saranno trattati in modo confidenziale in conformit\u00e0 con le nostre norme sulla protezione dei dati.<\/p>\n\n<p>\u00a7 1 Campo di applicazione<\/p>\n\n<p>L\u00f6wen Apotheke fornisce tutte le consegne e i servizi esclusivamente sulla base delle seguenti condizioni generali di contratto nella versione valida al momento dell&#8217;ordine. L\u00f6wen Apotheke non riconosce alcuna regolamentazione che si discosti da questi termini e condizioni a meno che non siano espressamente confermati per iscritto da L\u00f6wen Apotheke.<\/p>\n\n<p>\u00a7 2 Conclusione del contratto<\/p>\n\n<p>Le offerte di L\u00f6wen Apotheke, in particolare le presentazioni dei prodotti sulla homepage, sono soggette a modifiche e rappresentano un invito al cliente a presentare un&#8217;offerta in senso legale. L&#8217;ordine viene effettuato inviando il modulo d&#8217;ordine compilato nella procedura online. Il contratto di acquisto non \u00e8 gi\u00e0 concluso con la conferma d&#8217;ordine della farmacia, ma solo con l&#8217;invio di una conferma di consegna o con la consegna della merce.<\/p>\n\n<p>I farmaci soggetti a prescrizione medica saranno spediti solo se \u00e8 disponibile la prescrizione medica originale.<\/p>\n\n<p>\u00a7 3 Politica di cancellazione, diritto di recesso.<\/p>\n\n<p>\u00c8 possibile annullare la dichiarazione contrattuale entro due settimane senza fornire motivazioni per iscritto (ad es. lettera, fax, e-mail) o restituendo la merce. Il termine inizia al pi\u00f9 presto con il ricevimento di questa istruzione. L&#8217;invio tempestivo della revoca o dell&#8217;articolo \u00e8 sufficiente per rispettare il periodo di revoca. La revoca deve essere indirizzata a: L\u00f6wen Apotheke, Lichtentaler Str. 3, 76530 Baden-Baden, Germania<\/p>\n\n<p>IL DIRITTO DI RECESSO NON SI APPLICA AI CONTRATTI:<\/p>\n\n<p>\u2013 per la consegna di medicinali, in quanto non \u00e8 pi\u00f9 possibile garantire una corretta conservazione e quindi gli standard di qualit\u00e0 prescritti dalla legge tedesca sui medicinali (\u00a7 312g II n. 2 e 3, BGB)<\/p>\n\n<p>&#8211; per la consegna di beni che non sono prefabbricati e per la cui produzione \u00e8 decisiva una selezione individuale<strong>(terapia specifica per il cliente<\/strong>) o una determinazione da parte del consumatore o che sono chiaramente adattati alle esigenze personali del consumatore; o come un prodotto <strong>individuale importato<\/strong> per una terapia specifica per il cliente come i prodotti Labo Life,<\/p>\n\n<p>\u2013 per la consegna di merci che possono deteriorarsi rapidamente o la cui data di scadenza verrebbe rapidamente superata.<\/p>\n\n<p>Conseguenze della revoca<\/p>\n\n<p>In caso di revoca effettiva, i servizi ricevuti da entrambe le parti saranno restituiti. Se non sei in grado di restituire la merce ricevuta in tutto o in parte o solo in condizioni deteriorate, potresti essere tenuto a risarcirci per la perdita di valore. Ci\u00f2 non si applica alla consegna della merce se il deterioramento della merce \u00e8 dovuto esclusivamente alla loro ispezione, come sarebbe stato possibile per voi in un negozio, ad esempio. Inoltre, puoi evitare l&#8217;obbligo di pagare un risarcimento non utilizzando l&#8217;oggetto come proprietario e astenendosi dal fare qualsiasi cosa che possa comprometterne il valore. Gli articoli che possono essere spediti tramite pacco devono essere restituiti a nostre spese e rischio. Gli articoli che non possono essere spediti tramite pacco saranno ritirati da voi. \u00c8 necessario adempiere agli obblighi di rimborso dei pagamenti entro 30 giorni dall&#8217;invio della notifica di cancellazione.<\/p>\n\n<p>I costi della restituzione sono a tuo carico se la merce consegnata corrisponde alla merce ordinata. Se tutto andava bene con gli articoli consegnati, potremmo riservarci il diritto di trattenere il normale costo di restituzione dall&#8217;importo del rimborso. Il costo \u00e8 di 5,90 \u20ac per le spedizioni all&#8217;interno della Germania. In altri paesi dell&#8217;UE, della CEE, della Gran Bretagna e della Svizzera i costi di restituzione sono di 18,00 &#8211; 23,00 \u20ac (corrispondenti ai costi di spedizione). In caso contrario, il reso \u00e8 gratuito per te.<\/p>\n\n<p>\u00a7 4 Consegna<\/p>\n\n<p>La consegna viene effettuata a discrezione dell&#8217;acquirente dal magazzino all&#8217;indirizzo di consegna specificato dall&#8217;acquirente. L\u00f6wen Apotheke ha il diritto di effettuare consegne parziali. Ci\u00f2 non comporta alcun costo aggiuntivo per le spese di spedizione e imballaggio per l&#8217;acquirente. Le informazioni sul termine di consegna non sono vincolanti, a meno che la data di consegna non sia stata promessa in modo vincolante come eccezione.<\/p>\n\n<p>In casi giustificati, L\u00f6wen Apotheke pu\u00f2, conformemente al regolamento di esercizio della farmacia e contrariamente alle informazioni fornite dal committente, in particolare a causa della natura specifica del medicinale (ad es. stupefacente), ordinare che il medicinale sia consegnato solo dietro conferma scritta di ricezione.<\/p>\n\n<p>\u00a7 5 Ritardo<\/p>\n\n<p>I tempi di consegna non sono vincolanti. Le date di consegna vincolanti richiedono una conferma scritta da parte di L\u00f6wen Apotheke per essere efficaci.<\/p>\n\n<p>\u00a7 6 Spese di spedizione<\/p>\n\n<p>Le informazioni sull&#8217;importo delle spese di spedizione per la consegna del corriere e\/o la spedizione da parte di un fornitore di servizi logistici esterno sono fornite al link &#8220;Costi di spedizione&#8221; e durante il processo di ordinazione nel carrello.<\/p>\n\n<p>\u00a7 7 Pagamento<\/p>\n\n<p>Il prezzo di acquisto \u00e8 dovuto immediatamente con l&#8217;ordine. \u00c8 composto dai prezzi lordi indicati, compresa l&#8217;imposta sul valore aggiunto. L&#8217;imballaggio \u00e8 incluso nel prezzo. L&#8217;acquirente pu\u00f2 pagare il prezzo di acquisto tramite i metodi di pagamento da noi specificati.<\/p>\n\n<p>Se il Cliente \u00e8 in ritardo di pagamento, L\u00f6wen Apotheke ha diritto a interessi di mora per un importo di 3 punti percentuali al di sopra del rispettivo tasso primario della Banca Centrale Europea. \u00c8 ammessa la prova di nessun danno o di un danno inferiore causato da ritardo da parte del Cliente o di un danno maggiore causato dalla Farmacia.<\/p>\n\n<p>\u00a7 8 Compensazione<\/p>\n\n<p>Il cliente ha diritto alla compensazione solo se le sue contropretese sono state legalmente stabilite o espressamente riconosciute per iscritto da L\u00f6wen Apotheke.<\/p>\n\n<p>\u00a7 9 Riserva di propriet\u00e0<\/p>\n\n<p>La merce consegnata rimane di propriet\u00e0 di L\u00f6wen Apotheke fino a quando tutti i crediti esistenti nei confronti del cliente non sono stati completamente risolti.<\/p>\n\n<p>\u00a7 10 Garanzia, responsabilit\u00e0<\/p>\n\n<p>La garanzia deve essere fornita in conformit\u00e0 con le disposizioni di legge, in base alle quali la Farmacia ha il diritto, in caso di difetto della merce, di effettuare una consegna successiva o di correggere il difetto a discrezione dell&#8217;Acquirente. Se la rettifica fallisce definitivamente o se anche la merce consegnata successivamente \u00e8 difettosa, il cliente pu\u00f2 richiedere il rimborso del prezzo concordato contro la restituzione della merce o la riduzione del prezzo di acquisto. Il periodo di garanzia \u00e8 di 2 anni.<\/p>\n\n<p>La farmacia risponde senza limitazioni per i danni di cui \u00e8 responsabile derivanti da lesioni alla vita, all&#8217;incolumit\u00e0 fisica o alla salute, nonch\u00e9 in caso di dolo, colpa grave e dolo. La responsabilit\u00e0 ai sensi della legge sulla responsabilit\u00e0 del prodotto o della garanzia rimane inalterata. In caso di violazione lievemente negligente degli obblighi contrattuali sostanziali, la responsabilit\u00e0 della farmacia \u00e8 limitata al danno prevedibile tipico del contratto. Sono escluse ulteriori rivendicazioni dell&#8217;acquirente diverse da quelle menzionate, indipendentemente dal motivo giuridico. Le disposizioni di cui sopra non implicano una modifica dell&#8217;onere della prova a danno dell&#8217;Acquirente.<\/p>\n\n<p>\u00a7 11 Protezione dei dati<\/p>\n\n<p>Il cliente \u00e8 consapevole e accetta che i suoi dati personali necessari per l&#8217;ordine e l&#8217;elaborazione dell&#8217;ordine saranno memorizzati su supporti dati in conformit\u00e0 con la legge federale sulla protezione dei dati (BDSG) e la legge sulla protezione dei dati dei teleservizi (TDDSG) e trattati in modo confidenziale. I farmaci e i dati sanitari del cliente saranno memorizzati solo con una dichiarazione scritta separata di consenso del cliente.<\/p>\n\n<p>Il cliente ha il diritto di revocare questo consenso in qualsiasi momento con effetto per il futuro. L\u00f6wen Apotheke si impegna a cancellare immediatamente i dati personali nel caso in cui ci\u00f2 non avvenga, a meno che un processo d&#8217;ordine non sia stato ancora completato completamente.<\/p>\n\n<p>\u00a7 12 Foro competente, legge applicabile, varie<\/p>\n\n<p>Il foro competente per tutte le controversie derivanti dal presente rapporto contrattuale \u00e8 76530 Baden-Baden per i commercianti registrati e le persone che non hanno un foro competente generale in Germania. Il rapporto commerciale \u00e8 regolato esclusivamente dal diritto tedesco, ad eccezione della Convenzione delle Nazioni Unite sui contratti di vendita internazionale di merci \u2013 CISG.<br\/>Avete domande sui nostri Termini e condizioni generali?<\/p>\n","protected":false},"excerpt":{"rendered":"<p>Termini e condizioni (AGB) Lion Pharmacy c\/o L\u00f6wen Apotheke24Lichtentaler Str. 376530 Baden-Baden \u00c8 possibile visualizzare le condizioni generali di contratto in qualsiasi momento su questa pagina. Per motivi di sicurezza, i dati specifici del vostro ordine non sono accessibili via Internet e saranno trattati in modo confidenziale in conformit\u00e0 con le nostre norme sulla protezione [&hellip;]<\/p>\n","protected":false},"author":1,"featured_media":0,"parent":0,"menu_order":0,"comment_status":"closed","ping_status":"closed","template":"","meta":{"footnotes":""},"class_list":["post-1986","page","type-page","status-publish","hentry"],"yoast_head":"<!-- This site is optimized with the Yoast SEO plugin v26.5 - https:\/\/yoast.com\/wordpress\/plugins\/seo\/ -->\n<title>Termini e condizioni &#187; Lion Pharmacy<\/title>\n<meta name=\"description\" content=\"Lion Pharmacy | farmacia online tedesca registrata | Spedizione internazionale veloce | Acquistare online in modo comodo e sicuro | Termini e condizioni\" \/>\n<meta name=\"robots\" content=\"index, follow, max-snippet:-1, max-image-preview:large, max-video-preview:-1\" \/>\n<link rel=\"canonical\" href=\"https:\/\/lions-pharmacy.com\/it\/terms-and-conditions-agb\" \/>\n<meta property=\"og:locale\" content=\"it_IT\" \/>\n<meta property=\"og:type\" content=\"article\" \/>\n<meta property=\"og:title\" content=\"Termini e condizioni &#187; Lion Pharmacy\" \/>\n<meta property=\"og:description\" content=\"Lion Pharmacy | farmacia online tedesca registrata | Spedizione internazionale veloce | Acquistare online in modo comodo e sicuro | Termini e condizioni\" \/>\n<meta property=\"og:url\" content=\"https:\/\/lions-pharmacy.com\/it\/terms-and-conditions-agb\" \/>\n<meta property=\"og:site_name\" content=\"Lion Pharmacy\" \/>\n<meta property=\"article:modified_time\" content=\"2025-02-25T14:31:53+00:00\" \/>\n<meta property=\"og:image\" content=\"https:\/\/lions-pharmacy.com\/wp-content\/uploads\/2022\/12\/Logo-Lion-Pharmacy-c-o-Lowen-Apotheke-small.jpg\" \/>\n<meta name=\"twitter:card\" content=\"summary_large_image\" \/>\n<meta name=\"twitter:label1\" content=\"Tempo di lettura stimato\" \/>\n\t<meta name=\"twitter:data1\" content=\"6 minuti\" \/>\n<script type=\"application\/ld+json\" class=\"yoast-schema-graph\">{\"@context\":\"https:\/\/schema.org\",\"@graph\":[{\"@type\":\"WebPage\",\"@id\":\"https:\/\/lions-pharmacy.com\/it\/terms-and-conditions-agb\",\"url\":\"https:\/\/lions-pharmacy.com\/it\/terms-and-conditions-agb\",\"name\":\"Termini e condizioni &#187; Lion Pharmacy\",\"isPartOf\":{\"@id\":\"https:\/\/lions-pharmacy.com\/it#website\"},\"primaryImageOfPage\":{\"@id\":\"https:\/\/lions-pharmacy.com\/it\/terms-and-conditions-agb#primaryimage\"},\"image\":{\"@id\":\"https:\/\/lions-pharmacy.com\/it\/terms-and-conditions-agb#primaryimage\"},\"thumbnailUrl\":\"https:\/\/lions-pharmacy.com\/wp-content\/uploads\/2022\/12\/Logo-Lion-Pharmacy-c-o-Lowen-Apotheke-small.jpg\",\"datePublished\":\"2022-12-11T08:03:40+00:00\",\"dateModified\":\"2025-02-25T14:31:53+00:00\",\"description\":\"Lion Pharmacy | farmacia online tedesca registrata | Spedizione internazionale veloce | Acquistare online in modo comodo e sicuro | Termini e condizioni\",\"breadcrumb\":{\"@id\":\"https:\/\/lions-pharmacy.com\/it\/terms-and-conditions-agb#breadcrumb\"},\"inLanguage\":\"it-IT\",\"potentialAction\":[{\"@type\":\"ReadAction\",\"target\":[\"https:\/\/lions-pharmacy.com\/it\/terms-and-conditions-agb\"]}]},{\"@type\":\"ImageObject\",\"inLanguage\":\"it-IT\",\"@id\":\"https:\/\/lions-pharmacy.com\/it\/terms-and-conditions-agb#primaryimage\",\"url\":\"https:\/\/lions-pharmacy.com\/wp-content\/uploads\/2022\/12\/Logo-Lion-Pharmacy-c-o-Lowen-Apotheke-small.jpg\",\"contentUrl\":\"https:\/\/lions-pharmacy.com\/wp-content\/uploads\/2022\/12\/Logo-Lion-Pharmacy-c-o-Lowen-Apotheke-small.jpg\"},{\"@type\":\"BreadcrumbList\",\"@id\":\"https:\/\/lions-pharmacy.com\/it\/terms-and-conditions-agb#breadcrumb\",\"itemListElement\":[{\"@type\":\"ListItem\",\"position\":1,\"name\":\"Home\",\"item\":\"https:\/\/lions-pharmacy.com\/it\/homepage-lion-pharmacy\"},{\"@type\":\"ListItem\",\"position\":2,\"name\":\"Termini e condizioni\"}]},{\"@type\":\"WebSite\",\"@id\":\"https:\/\/lions-pharmacy.com\/it#website\",\"url\":\"https:\/\/lions-pharmacy.com\/it\",\"name\":\"Lions Pharmacy\",\"description\":\"Farmacia specializzata in naturopatia di Baden-Baden, Germania\",\"publisher\":{\"@id\":\"https:\/\/lions-pharmacy.com\/it#organization\"},\"alternateName\":\"Lion Pharmacy\",\"potentialAction\":[{\"@type\":\"SearchAction\",\"target\":{\"@type\":\"EntryPoint\",\"urlTemplate\":\"https:\/\/lions-pharmacy.com\/it?s={search_term_string}\"},\"query-input\":{\"@type\":\"PropertyValueSpecification\",\"valueRequired\":true,\"valueName\":\"search_term_string\"}}],\"inLanguage\":\"it-IT\"},{\"@type\":\"Organization\",\"@id\":\"https:\/\/lions-pharmacy.com\/it#organization\",\"name\":\"Lions Pharmacy\",\"alternateName\":\"Lions Pharmacy24\",\"url\":\"https:\/\/lions-pharmacy.com\/it\",\"logo\":{\"@type\":\"ImageObject\",\"inLanguage\":\"it-IT\",\"@id\":\"https:\/\/lions-pharmacy.com\/it#\/schema\/logo\/image\/\",\"url\":\"https:\/\/lions-pharmacy.com\/wp-content\/uploads\/2022\/12\/Logo-Lion-Pharmacy-c-o-Loewen-Apotheke-smal.jpg\",\"contentUrl\":\"https:\/\/lions-pharmacy.com\/wp-content\/uploads\/2022\/12\/Logo-Lion-Pharmacy-c-o-Loewen-Apotheke-smal.jpg\",\"width\":298,\"height\":99,\"caption\":\"Lions Pharmacy\"},\"image\":{\"@id\":\"https:\/\/lions-pharmacy.com\/it#\/schema\/logo\/image\/\"}}]}<\/script>\n<!-- \/ Yoast SEO plugin. -->","yoast_head_json":{"title":"Termini e condizioni &#187; Lion Pharmacy","description":"Lion Pharmacy | farmacia online tedesca registrata | Spedizione internazionale veloce | Acquistare online in modo comodo e sicuro | Termini e condizioni","robots":{"index":"index","follow":"follow","max-snippet":"max-snippet:-1","max-image-preview":"max-image-preview:large","max-video-preview":"max-video-preview:-1"},"canonical":"https:\/\/lions-pharmacy.com\/it\/terms-and-conditions-agb","og_locale":"it_IT","og_type":"article","og_title":"Termini e condizioni &#187; Lion Pharmacy","og_description":"Lion Pharmacy | farmacia online tedesca registrata | Spedizione internazionale veloce | Acquistare online in modo comodo e sicuro | Termini e condizioni","og_url":"https:\/\/lions-pharmacy.com\/it\/terms-and-conditions-agb","og_site_name":"Lion Pharmacy","article_modified_time":"2025-02-25T14:31:53+00:00","og_image":[{"url":"https:\/\/lions-pharmacy.com\/wp-content\/uploads\/2022\/12\/Logo-Lion-Pharmacy-c-o-Lowen-Apotheke-small.jpg","type":"","width":"","height":""}],"twitter_card":"summary_large_image","twitter_misc":{"Tempo di lettura stimato":"6 minuti"},"schema":{"@context":"https:\/\/schema.org","@graph":[{"@type":"WebPage","@id":"https:\/\/lions-pharmacy.com\/it\/terms-and-conditions-agb","url":"https:\/\/lions-pharmacy.com\/it\/terms-and-conditions-agb","name":"Termini e condizioni &#187; Lion Pharmacy","isPartOf":{"@id":"https:\/\/lions-pharmacy.com\/it#website"},"primaryImageOfPage":{"@id":"https:\/\/lions-pharmacy.com\/it\/terms-and-conditions-agb#primaryimage"},"image":{"@id":"https:\/\/lions-pharmacy.com\/it\/terms-and-conditions-agb#primaryimage"},"thumbnailUrl":"https:\/\/lions-pharmacy.com\/wp-content\/uploads\/2022\/12\/Logo-Lion-Pharmacy-c-o-Lowen-Apotheke-small.jpg","datePublished":"2022-12-11T08:03:40+00:00","dateModified":"2025-02-25T14:31:53+00:00","description":"Lion Pharmacy | farmacia online tedesca registrata | Spedizione internazionale veloce | Acquistare online in modo comodo e sicuro | Termini e condizioni","breadcrumb":{"@id":"https:\/\/lions-pharmacy.com\/it\/terms-and-conditions-agb#breadcrumb"},"inLanguage":"it-IT","potentialAction":[{"@type":"ReadAction","target":["https:\/\/lions-pharmacy.com\/it\/terms-and-conditions-agb"]}]},{"@type":"ImageObject","inLanguage":"it-IT","@id":"https:\/\/lions-pharmacy.com\/it\/terms-and-conditions-agb#primaryimage","url":"https:\/\/lions-pharmacy.com\/wp-content\/uploads\/2022\/12\/Logo-Lion-Pharmacy-c-o-Lowen-Apotheke-small.jpg","contentUrl":"https:\/\/lions-pharmacy.com\/wp-content\/uploads\/2022\/12\/Logo-Lion-Pharmacy-c-o-Lowen-Apotheke-small.jpg"},{"@type":"BreadcrumbList","@id":"https:\/\/lions-pharmacy.com\/it\/terms-and-conditions-agb#breadcrumb","itemListElement":[{"@type":"ListItem","position":1,"name":"Home","item":"https:\/\/lions-pharmacy.com\/it\/homepage-lion-pharmacy"},{"@type":"ListItem","position":2,"name":"Termini e condizioni"}]},{"@type":"WebSite","@id":"https:\/\/lions-pharmacy.com\/it#website","url":"https:\/\/lions-pharmacy.com\/it","name":"Lions Pharmacy","description":"Farmacia specializzata in naturopatia di Baden-Baden, Germania","publisher":{"@id":"https:\/\/lions-pharmacy.com\/it#organization"},"alternateName":"Lion Pharmacy","potentialAction":[{"@type":"SearchAction","target":{"@type":"EntryPoint","urlTemplate":"https:\/\/lions-pharmacy.com\/it?s={search_term_string}"},"query-input":{"@type":"PropertyValueSpecification","valueRequired":true,"valueName":"search_term_string"}}],"inLanguage":"it-IT"},{"@type":"Organization","@id":"https:\/\/lions-pharmacy.com\/it#organization","name":"Lions Pharmacy","alternateName":"Lions Pharmacy24","url":"https:\/\/lions-pharmacy.com\/it","logo":{"@type":"ImageObject","inLanguage":"it-IT","@id":"https:\/\/lions-pharmacy.com\/it#\/schema\/logo\/image\/","url":"https:\/\/lions-pharmacy.com\/wp-content\/uploads\/2022\/12\/Logo-Lion-Pharmacy-c-o-Loewen-Apotheke-smal.jpg","contentUrl":"https:\/\/lions-pharmacy.com\/wp-content\/uploads\/2022\/12\/Logo-Lion-Pharmacy-c-o-Loewen-Apotheke-smal.jpg","width":298,"height":99,"caption":"Lions Pharmacy"},"image":{"@id":"https:\/\/lions-pharmacy.com\/it#\/schema\/logo\/image\/"}}]}},"_links":{"self":[{"href":"https:\/\/lions-pharmacy.com\/it\/wp-json\/wp\/v2\/pages\/1986","targetHints":{"allow":["GET"]}}],"collection":[{"href":"https:\/\/lions-pharmacy.com\/it\/wp-json\/wp\/v2\/pages"}],"about":[{"href":"https:\/\/lions-pharmacy.com\/it\/wp-json\/wp\/v2\/types\/page"}],"author":[{"embeddable":true,"href":"https:\/\/lions-pharmacy.com\/it\/wp-json\/wp\/v2\/users\/1"}],"replies":[{"embeddable":true,"href":"https:\/\/lions-pharmacy.com\/it\/wp-json\/wp\/v2\/comments?post=1986"}],"version-history":[{"count":0,"href":"https:\/\/lions-pharmacy.com\/it\/wp-json\/wp\/v2\/pages\/1986\/revisions"}],"wp:attachment":[{"href":"https:\/\/lions-pharmacy.com\/it\/wp-json\/wp\/v2\/media?parent=1986"}],"curies":[{"name":"wp","href":"https:\/\/api.w.org\/{rel}","templated":true}]}}