{"id":1980,"date":"2022-12-11T20:05:16","date_gmt":"2022-12-11T19:05:16","guid":{"rendered":"https:\/\/lions-pharmacy.com\/politica-di-restituzione"},"modified":"2025-11-22T10:17:49","modified_gmt":"2025-11-22T09:17:49","slug":"rueckerstattung_rueckgaben","status":"publish","type":"page","link":"https:\/\/lions-pharmacy.com\/it\/rueckerstattung_rueckgaben","title":{"rendered":"Politica di restituzione"},"content":{"rendered":"\t\t<div data-elementor-type=\"wp-page\" data-elementor-id=\"1980\" class=\"elementor elementor-1980 elementor-10\">\n\t\t\t\t\t\t<section class=\"elementor-section elementor-top-section elementor-element elementor-element-2acf5953 elementor-section-boxed elementor-section-height-default elementor-section-height-default\" data-id=\"2acf5953\" data-element_type=\"section\">\n\t\t\t\t\t\t<div class=\"elementor-container elementor-column-gap-default\">\n\t\t\t\t\t<div class=\"elementor-column elementor-col-100 elementor-top-column elementor-element elementor-element-5934b49c\" data-id=\"5934b49c\" data-element_type=\"column\">\n\t\t\t<div class=\"elementor-widget-wrap elementor-element-populated\">\n\t\t\t\t\t\t<div class=\"elementor-element elementor-element-433e5206 elementor-widget elementor-widget-text-editor\" data-id=\"433e5206\" data-element_type=\"widget\" data-widget_type=\"text-editor.default\">\n\t\t\t\t<div class=\"elementor-widget-container\">\n\t\t\t\t\t\t\t\t\t<h2 class=\"wp-block-heading\">Politica di restituzione &#8211; Diritto di recesso<\/h2><h3 class=\"wp-block-heading\">\u00a7 1 DIRITTO DI REVOCA<\/h3><p>Hai il diritto di recedere dal presente contratto entro quattordici giorni (giorni di calendario) senza fornire alcuna motivazione. Il periodo di recesso \u00e8 di quattordici giorni dal giorno in cui tu o una terza parte da te nominata, che non \u00e8 il corriere, hai preso possesso degli ultimi beni.<\/p><p>Per esercitare il tuo diritto di recesso, devi inviarci<\/p><p>L\u00f6wen Apotheke24<br>Lichtentaler Str. 3<br>76530 Baden-Baden<br>E-mail: info@loewen-apotheke24.de<\/p><p>mediante una dichiarazione univoca (ad es. una lettera inviata per posta, fax o e-mail con la possibilit\u00e0 di utilizzare il nostro <a href=\"https:\/\/lions-pharmacy.com\/wp-content\/uploads\/2025\/11\/Cancellation-form.pdf\">modulo di recesso<\/a>) sulla tua decisione di recedere dal presente contratto. Se utilizzate questa opzione, vi invieremo immediatamente una conferma di ricezione dell&#8217;obiezione (ad es. via e-mail).<\/p><p>Al fine di rispettare il periodo di recesso, \u00e8 sufficiente inviare la notifica dell&#8217;esercizio del diritto di recesso prima della scadenza del periodo di recesso.<\/p><h4 class=\"wp-block-heading\">CONSEGUENZE DELLA REVOCA<\/h4><p>In caso di revoca del presente contratto, ti rimborseremo tutti i pagamenti che abbiamo ricevuto da te, compresi i costi di consegna (ad eccezione dei costi aggiuntivi derivanti dal fatto che hai scelto un tipo di consegna diverso dalla consegna standard pi\u00f9 favorevole offerta da noi), senza indebito ritardo e al pi\u00f9 tardi entro quattordici giorni dal giorno in cui abbiamo ricevuto la notifica della tua revoca del presente contratto. Per questo rimborso, utilizzeremo lo stesso mezzo di pagamento che hai utilizzato per la transazione originale, se non espressamente concordato diversamente con te; In nessun caso ti verr\u00e0 addebitato questo rimborso.<\/p><p>Potremmo rifiutarci di rimborsarti fino a quando non avremo ricevuto la merce indietro o fino a quando non avrai fornito la prova di aver restituito la merce, a seconda di quale sia la prima. Devi restituire o consegnarci la merce immediatamente e in ogni caso entro e non oltre quattordici giorni dal giorno in cui ci comunichi la revoca del presente contratto. Il termine \u00e8 rispettato se si invia la merce prima della scadenza di quattordici giorni.<\/p><p>Le spese di restituzione della merce sono a carico del cliente. Devi pagare per qualsiasi perdita di valore della merce solo se questa perdita di valore \u00e8 dovuta alla manipolazione della merce che non \u00e8 necessaria per l&#8217;ispezione delle condizioni, delle propriet\u00e0 e del funzionamento della merce.<\/p><p><strong>COSTI E AVVISO DI RESTITUZIONE IN CASO DI REVOCA<\/strong><\/p><p>In caso di revoca ai sensi del \u00a71, \u00e8 necessario sostenere i costi regolari della spedizione di ritorno, a meno che l&#8217;articolo consegnato non corrisponda all&#8217;articolo ordinato.<\/p><p>Si prega di evitare danni e contaminazioni. Se possibile, ti preghiamo di restituirci la merce nella confezione originale con tutti gli accessori e con tutti i componenti dell&#8217;imballaggio. Se non si dispone pi\u00f9 dell&#8217;imballaggio originale, si prega di fornire un&#8217;adeguata protezione contro i danni da trasporto con un imballaggio adeguato per evitare richieste di risarcimento danni dovute a un imballaggio inadeguato. Le modalit\u00e0 elencate non sono un prerequisito per l&#8217;effettivo esercizio del diritto di recesso.<\/p><p>Una volta ricevuta la spedizione e ispezionati gli articoli, rimborseremo l&#8217;importo di pagamento appropriato. Il credito deve essere emesso entro 7 giorni lavorativi dalla ricezione della spedizione sul tuo account, a seconda del tempo di transito postale e del metodo di pagamento. Per il rimborso, utilizziamo lo stesso mezzo di pagamento utilizzato nella transazione originale, se non espressamente concordato diversamente con voi in anticipo. Le spese regolari di restituzione degli articoli sono a carico del cliente. Se tutto andava bene con gli articoli consegnati, potremmo riservarci il diritto di trattenere il normale costo di restituzione dall&#8217;importo del rimborso. Il costo \u00e8 di \u20ac 5,90 per ordini in Germania e \u20ac 18 per ordini all&#8217;interno dell&#8217;UE, Regno Unito e Svizzera.<\/p><p>Alcuni prodotti, ad esempio le merci sigillate, che non sono adatti alla restituzione per motivi di protezione della salute o di igiene, possono essere esclusi dalla restituzione.<\/p><h4 class=\"wp-block-heading\">IL DIRITTO DI RECESSO NON SI APPLICA AI CONTRATTI:<\/h4><p>\u2013 per la consegna di medicinali, in quanto non \u00e8 pi\u00f9 possibile garantire una corretta conservazione e quindi gli standard di qualit\u00e0 prescritti dalla legge tedesca sui medicinali (articolo 312g II n. 2 e 3, codice civile tedesco)<\/p><p>\u2013 per la consegna di beni che non sono prefabbricati e per la cui produzione \u00e8 determinante una selezione o una determinazione individuale da parte del consumatore o che sono chiaramente adattati alle esigenze personali del consumatore;<\/p><p>\u2013 per la consegna di merci che possono deteriorarsi rapidamente o la cui data di scadenza verrebbe rapidamente superata;<\/p><h4 class=\"wp-block-heading\">IL DIRITTO DI RECESSO SCADE ANTICIPATAMENTE PER I CONTRATTI:<\/h4><p>\u2013 per la consegna di merci sigillate che non sono adatte alla restituzione per motivi di protezione della salute o di igiene, se il loro sigillo \u00e8 stato rimosso dopo la consegna;<\/p><p>\u2013 per la consegna di registrazioni audio o video o software per computer in un pacco sigillato, se il sigillo \u00e8 stato rimosso dopo la consegna.<\/p>\t\t\t\t\t\t\t\t<\/div>\n\t\t\t\t<\/div>\n\t\t\t\t\t<\/div>\n\t\t<\/div>\n\t\t\t\t\t<\/div>\n\t\t<\/section>\n\t\t\t\t<\/div>\n\t\t","protected":false},"excerpt":{"rendered":"<p>Politica di restituzione &#8211; Diritto di recesso \u00a7 1 DIRITTO DI REVOCA Hai il diritto di recedere dal presente contratto entro quattordici giorni (giorni di calendario) senza fornire alcuna motivazione. Il periodo di recesso \u00e8 di quattordici giorni dal giorno in cui tu o una terza parte da te nominata, che non \u00e8 il corriere, [&hellip;]<\/p>\n","protected":false},"author":1,"featured_media":0,"parent":0,"menu_order":0,"comment_status":"closed","ping_status":"closed","template":"","meta":{"footnotes":""},"class_list":["post-1980","page","type-page","status-publish","hentry"],"yoast_head":"<!-- This site is optimized with the Yoast SEO plugin v26.5 - https:\/\/yoast.com\/wordpress\/plugins\/seo\/ -->\n<title>Politica di restituzione &#187; Lion Pharmacy<\/title>\n<meta name=\"description\" content=\"Lion Pharmacy | farmacia online tedesca registrata | Spedizione internazionale veloce | Acquistare online in modo comodo e sicuro | Politica di restituzione\" \/>\n<meta name=\"robots\" content=\"noindex, follow\" \/>\n<meta property=\"og:locale\" content=\"it_IT\" \/>\n<meta property=\"og:type\" content=\"article\" \/>\n<meta property=\"og:title\" content=\"Politica di restituzione &#187; Lion Pharmacy\" \/>\n<meta property=\"og:description\" content=\"Lion Pharmacy | farmacia online tedesca registrata | Spedizione internazionale veloce | Acquistare online in modo comodo e sicuro | Politica di restituzione\" \/>\n<meta property=\"og:url\" content=\"https:\/\/lions-pharmacy.com\/it\/rueckerstattung_rueckgaben\" \/>\n<meta property=\"og:site_name\" content=\"Lion Pharmacy\" \/>\n<meta property=\"article:modified_time\" content=\"2025-11-22T09:17:49+00:00\" \/>\n<meta property=\"og:image\" content=\"https:\/\/lions-pharmacy.com\/wp-content\/uploads\/2023\/01\/lion-pharmacy-fallback-image-.jpg\" \/>\n\t<meta property=\"og:image:width\" content=\"1200\" \/>\n\t<meta property=\"og:image:height\" content=\"675\" \/>\n\t<meta property=\"og:image:type\" content=\"image\/jpeg\" \/>\n<meta name=\"twitter:card\" content=\"summary_large_image\" \/>\n<meta name=\"twitter:label1\" content=\"Tempo di lettura stimato\" \/>\n\t<meta name=\"twitter:data1\" content=\"4 minuti\" \/>\n<script type=\"application\/ld+json\" class=\"yoast-schema-graph\">{\"@context\":\"https:\/\/schema.org\",\"@graph\":[{\"@type\":\"WebPage\",\"@id\":\"https:\/\/lions-pharmacy.com\/it\/rueckerstattung_rueckgaben\",\"url\":\"https:\/\/lions-pharmacy.com\/it\/rueckerstattung_rueckgaben\",\"name\":\"Politica di restituzione &#187; Lion Pharmacy\",\"isPartOf\":{\"@id\":\"https:\/\/lions-pharmacy.com\/it#website\"},\"datePublished\":\"2022-12-11T19:05:16+00:00\",\"dateModified\":\"2025-11-22T09:17:49+00:00\",\"description\":\"Lion Pharmacy | farmacia online tedesca registrata | Spedizione internazionale veloce | Acquistare online in modo comodo e sicuro | Politica di restituzione\",\"breadcrumb\":{\"@id\":\"https:\/\/lions-pharmacy.com\/it\/rueckerstattung_rueckgaben#breadcrumb\"},\"inLanguage\":\"it-IT\",\"potentialAction\":[{\"@type\":\"ReadAction\",\"target\":[\"https:\/\/lions-pharmacy.com\/it\/rueckerstattung_rueckgaben\"]}]},{\"@type\":\"BreadcrumbList\",\"@id\":\"https:\/\/lions-pharmacy.com\/it\/rueckerstattung_rueckgaben#breadcrumb\",\"itemListElement\":[{\"@type\":\"ListItem\",\"position\":1,\"name\":\"Home\",\"item\":\"https:\/\/lions-pharmacy.com\/it\/homepage-lion-pharmacy\"},{\"@type\":\"ListItem\",\"position\":2,\"name\":\"Politica di restituzione\"}]},{\"@type\":\"WebSite\",\"@id\":\"https:\/\/lions-pharmacy.com\/it#website\",\"url\":\"https:\/\/lions-pharmacy.com\/it\",\"name\":\"Lions Pharmacy\",\"description\":\"Farmacia specializzata in naturopatia di Baden-Baden, Germania\",\"publisher\":{\"@id\":\"https:\/\/lions-pharmacy.com\/it#organization\"},\"alternateName\":\"Lion Pharmacy\",\"potentialAction\":[{\"@type\":\"SearchAction\",\"target\":{\"@type\":\"EntryPoint\",\"urlTemplate\":\"https:\/\/lions-pharmacy.com\/it?s={search_term_string}\"},\"query-input\":{\"@type\":\"PropertyValueSpecification\",\"valueRequired\":true,\"valueName\":\"search_term_string\"}}],\"inLanguage\":\"it-IT\"},{\"@type\":\"Organization\",\"@id\":\"https:\/\/lions-pharmacy.com\/it#organization\",\"name\":\"Lions Pharmacy\",\"alternateName\":\"Lions Pharmacy24\",\"url\":\"https:\/\/lions-pharmacy.com\/it\",\"logo\":{\"@type\":\"ImageObject\",\"inLanguage\":\"it-IT\",\"@id\":\"https:\/\/lions-pharmacy.com\/it#\/schema\/logo\/image\/\",\"url\":\"https:\/\/lions-pharmacy.com\/wp-content\/uploads\/2022\/12\/Logo-Lion-Pharmacy-c-o-Loewen-Apotheke-smal.jpg\",\"contentUrl\":\"https:\/\/lions-pharmacy.com\/wp-content\/uploads\/2022\/12\/Logo-Lion-Pharmacy-c-o-Loewen-Apotheke-smal.jpg\",\"width\":298,\"height\":99,\"caption\":\"Lions Pharmacy\"},\"image\":{\"@id\":\"https:\/\/lions-pharmacy.com\/it#\/schema\/logo\/image\/\"}}]}<\/script>\n<!-- \/ Yoast SEO plugin. -->","yoast_head_json":{"title":"Politica di restituzione &#187; Lion Pharmacy","description":"Lion Pharmacy | farmacia online tedesca registrata | Spedizione internazionale veloce | Acquistare online in modo comodo e sicuro | Politica di restituzione","robots":{"index":"noindex","follow":"follow"},"og_locale":"it_IT","og_type":"article","og_title":"Politica di restituzione &#187; Lion Pharmacy","og_description":"Lion Pharmacy | farmacia online tedesca registrata | Spedizione internazionale veloce | Acquistare online in modo comodo e sicuro | Politica di restituzione","og_url":"https:\/\/lions-pharmacy.com\/it\/rueckerstattung_rueckgaben","og_site_name":"Lion Pharmacy","article_modified_time":"2025-11-22T09:17:49+00:00","og_image":[{"width":1200,"height":675,"url":"https:\/\/lions-pharmacy.com\/wp-content\/uploads\/2023\/01\/lion-pharmacy-fallback-image-.jpg","type":"image\/jpeg"}],"twitter_card":"summary_large_image","twitter_misc":{"Tempo di lettura stimato":"4 minuti"},"schema":{"@context":"https:\/\/schema.org","@graph":[{"@type":"WebPage","@id":"https:\/\/lions-pharmacy.com\/it\/rueckerstattung_rueckgaben","url":"https:\/\/lions-pharmacy.com\/it\/rueckerstattung_rueckgaben","name":"Politica di restituzione &#187; Lion Pharmacy","isPartOf":{"@id":"https:\/\/lions-pharmacy.com\/it#website"},"datePublished":"2022-12-11T19:05:16+00:00","dateModified":"2025-11-22T09:17:49+00:00","description":"Lion Pharmacy | farmacia online tedesca registrata | Spedizione internazionale veloce | Acquistare online in modo comodo e sicuro | Politica di restituzione","breadcrumb":{"@id":"https:\/\/lions-pharmacy.com\/it\/rueckerstattung_rueckgaben#breadcrumb"},"inLanguage":"it-IT","potentialAction":[{"@type":"ReadAction","target":["https:\/\/lions-pharmacy.com\/it\/rueckerstattung_rueckgaben"]}]},{"@type":"BreadcrumbList","@id":"https:\/\/lions-pharmacy.com\/it\/rueckerstattung_rueckgaben#breadcrumb","itemListElement":[{"@type":"ListItem","position":1,"name":"Home","item":"https:\/\/lions-pharmacy.com\/it\/homepage-lion-pharmacy"},{"@type":"ListItem","position":2,"name":"Politica di restituzione"}]},{"@type":"WebSite","@id":"https:\/\/lions-pharmacy.com\/it#website","url":"https:\/\/lions-pharmacy.com\/it","name":"Lions Pharmacy","description":"Farmacia specializzata in naturopatia di Baden-Baden, Germania","publisher":{"@id":"https:\/\/lions-pharmacy.com\/it#organization"},"alternateName":"Lion Pharmacy","potentialAction":[{"@type":"SearchAction","target":{"@type":"EntryPoint","urlTemplate":"https:\/\/lions-pharmacy.com\/it?s={search_term_string}"},"query-input":{"@type":"PropertyValueSpecification","valueRequired":true,"valueName":"search_term_string"}}],"inLanguage":"it-IT"},{"@type":"Organization","@id":"https:\/\/lions-pharmacy.com\/it#organization","name":"Lions Pharmacy","alternateName":"Lions Pharmacy24","url":"https:\/\/lions-pharmacy.com\/it","logo":{"@type":"ImageObject","inLanguage":"it-IT","@id":"https:\/\/lions-pharmacy.com\/it#\/schema\/logo\/image\/","url":"https:\/\/lions-pharmacy.com\/wp-content\/uploads\/2022\/12\/Logo-Lion-Pharmacy-c-o-Loewen-Apotheke-smal.jpg","contentUrl":"https:\/\/lions-pharmacy.com\/wp-content\/uploads\/2022\/12\/Logo-Lion-Pharmacy-c-o-Loewen-Apotheke-smal.jpg","width":298,"height":99,"caption":"Lions Pharmacy"},"image":{"@id":"https:\/\/lions-pharmacy.com\/it#\/schema\/logo\/image\/"}}]}},"_links":{"self":[{"href":"https:\/\/lions-pharmacy.com\/it\/wp-json\/wp\/v2\/pages\/1980","targetHints":{"allow":["GET"]}}],"collection":[{"href":"https:\/\/lions-pharmacy.com\/it\/wp-json\/wp\/v2\/pages"}],"about":[{"href":"https:\/\/lions-pharmacy.com\/it\/wp-json\/wp\/v2\/types\/page"}],"author":[{"embeddable":true,"href":"https:\/\/lions-pharmacy.com\/it\/wp-json\/wp\/v2\/users\/1"}],"replies":[{"embeddable":true,"href":"https:\/\/lions-pharmacy.com\/it\/wp-json\/wp\/v2\/comments?post=1980"}],"version-history":[{"count":0,"href":"https:\/\/lions-pharmacy.com\/it\/wp-json\/wp\/v2\/pages\/1980\/revisions"}],"wp:attachment":[{"href":"https:\/\/lions-pharmacy.com\/it\/wp-json\/wp\/v2\/media?parent=1980"}],"curies":[{"name":"wp","href":"https:\/\/api.w.org\/{rel}","templated":true}]}}