{"id":18453,"date":"2025-12-12T14:24:11","date_gmt":"2025-12-12T13:24:11","guid":{"rendered":"https:\/\/lions-pharmacy.com\/?page_id=18453"},"modified":"2026-01-10T08:06:20","modified_gmt":"2026-01-10T07:06:20","slug":"accessibility-statement","status":"publish","type":"page","link":"https:\/\/lions-pharmacy.com\/it\/accessibility-statement","title":{"rendered":"Dichiarazione di accessibilit\u00e0"},"content":{"rendered":"\n<p><strong>Dichiarazione di accessibilit\u00e0<\/strong><\/p>\n\n<p>Noi, la Farmacia Lions (L\u00f6wen Apotheke), ci impegniamo a rendere i nostri siti web il pi\u00f9 accessibili possibile www.lions-pharmacy.com in conformit\u00e0 con i requisiti di accessibilit\u00e0 applicabili.<\/p>\n\n<p>In quanto piccola farmacia con meno di 10 dipendenti, l&#8217;accesso senza barriere \u00e8 importante per noi, anche se non possiamo gi\u00e0 garantire la completa accessibilit\u00e0 in tutte le aree a causa delle risorse limitate.<\/p>\n\n<p><strong>Stato di compatibilit\u00e0 con i requisiti<\/strong><\/p>\n\n<p>Questo sito web \u00e8 parzialmente compatibile con i requisiti di accessibilit\u00e0. Alcuni contenuti o funzioni non sono ancora completamente accessibili.<\/p>\n\n<p>Aree non accessibili<\/p>\n\n<ul class=\"wp-block-list\">\n<li>Conto cliente MyAccount<\/li>\n\n\n\n<li>Moduli d&#8217;ordine<\/li>\n\n\n\n<li>Ricerca<\/li>\n<\/ul>\n\n<p>Le seguenti aree possono attualmente avere delle restrizioni (esempi &#8211; si prega di modificare\/eliminare se necessario):<\/p>\n\n<ul class=\"wp-block-list\">\n<li>Singoli documenti o contenuti incorporati (ad es. file B. PDF e video)<\/li>\n\n\n\n<li>Alcuni elementi della navigazione o della visualizzazione su dispositivi mobili<\/li>\n\n\n\n<li>Contrasti, etichette o usabilit\u00e0 di singoli moduli\/bottoni<\/li>\n<\/ul>\n\n<p>Lavoriamo costantemente per ridurre le barriere esistenti e migliorare ulteriormente l&#8217;accessibilit\u00e0.<\/p>\n\n<p><strong>Alternativa senza barriere \/ Contatto<\/strong><\/p>\n\n<p>Se non sei in grado di utilizzare i contenuti o le funzioni del nostro sito web o puoi farlo solo in misura limitata, ti offriamo una semplice alternativa:<br \/>Puoi effettuare l&#8217;ordine per telefono o ricevere una consulenza. Telefono: +49 (0)7221 395 374<\/p>\n\n<p>Telefono generale: +49 (0) 7221 \/ 22 120<br \/>E-mail: info@loewen-apotheke24.de<br \/>Indirizzo: Lichtentaler Str. 3, 76530 Baden-Baden<br \/>Disponibilit\u00e0: Da luned\u00ec a venerd\u00ec dalle 8.30 alle 18.30, sabato dalle 9.00 alle 13.00.<\/p>\n\n<p><strong>Feedback e note<\/strong><br \/>Se incontri qualche ostacolo o hai bisogno di supporto, non vediamo l&#8217;ora di sentirti. Faremo del nostro meglio per esaminare la tua richiesta nel pi\u00f9 breve tempo possibile e offrirti una soluzione.<\/p>\n\n<p>Preparazione di questa dichiarazione: Questa dichiarazione \u00e8 stata creata il 01.12.2025 e aggiornata il 12.12.2025.<\/p>\n","protected":false},"excerpt":{"rendered":"<p>Dichiarazione di accessibilit\u00e0 Noi, la Farmacia Lions (L\u00f6wen Apotheke), ci impegniamo a rendere i nostri siti web il pi\u00f9 accessibili possibile www.lions-pharmacy.com in conformit\u00e0 con i requisiti di accessibilit\u00e0 applicabili. In quanto piccola farmacia con meno di 10 dipendenti, l&#8217;accesso senza barriere \u00e8 importante per noi, anche se non possiamo gi\u00e0 garantire la completa accessibilit\u00e0 [&hellip;]<\/p>\n","protected":false},"author":1,"featured_media":0,"parent":0,"menu_order":0,"comment_status":"closed","ping_status":"closed","template":"","meta":{"footnotes":""},"class_list":["post-18453","page","type-page","status-publish","hentry"],"yoast_head":"<!-- This site is optimized with the Yoast SEO plugin v26.5 - https:\/\/yoast.com\/wordpress\/plugins\/seo\/ -->\n<title>Dichiarazione di accessibilit\u00e0 &#187; Lion Pharmacy<\/title>\n<meta name=\"description\" content=\"Lion Pharmacy | farmacia online tedesca registrata | Spedizione internazionale veloce | Acquistare online in modo comodo e sicuro | Dichiarazione di accessibilit\u00e0\" \/>\n<meta name=\"robots\" content=\"noindex, nofollow\" \/>\n<meta property=\"og:locale\" content=\"it_IT\" \/>\n<meta property=\"og:type\" content=\"article\" \/>\n<meta property=\"og:title\" content=\"Dichiarazione di accessibilit\u00e0 &#187; Lion Pharmacy\" \/>\n<meta property=\"og:description\" content=\"Lion Pharmacy | farmacia online tedesca registrata | Spedizione internazionale veloce | Acquistare online in modo comodo e sicuro | Dichiarazione di accessibilit\u00e0\" \/>\n<meta property=\"og:url\" content=\"https:\/\/lions-pharmacy.com\/it\/accessibility-statement\" \/>\n<meta property=\"og:site_name\" content=\"Lion Pharmacy\" \/>\n<meta property=\"article:modified_time\" content=\"2026-01-10T07:06:20+00:00\" \/>\n<meta property=\"og:image\" content=\"https:\/\/lions-pharmacy.com\/wp-content\/uploads\/2023\/01\/lion-pharmacy-fallback-image-.jpg\" \/>\n\t<meta property=\"og:image:width\" content=\"1200\" \/>\n\t<meta property=\"og:image:height\" content=\"675\" \/>\n\t<meta property=\"og:image:type\" content=\"image\/jpeg\" \/>\n<meta name=\"twitter:card\" content=\"summary_large_image\" \/>\n<meta name=\"twitter:label1\" content=\"Tempo di lettura stimato\" \/>\n\t<meta name=\"twitter:data1\" content=\"1 minuto\" \/>\n<script type=\"application\/ld+json\" class=\"yoast-schema-graph\">{\"@context\":\"https:\/\/schema.org\",\"@graph\":[{\"@type\":\"WebPage\",\"@id\":\"https:\/\/lions-pharmacy.com\/it\/accessibility-statement\",\"url\":\"https:\/\/lions-pharmacy.com\/it\/accessibility-statement\",\"name\":\"Dichiarazione di accessibilit\u00e0 &#187; Lion Pharmacy\",\"isPartOf\":{\"@id\":\"https:\/\/lions-pharmacy.com\/it#website\"},\"datePublished\":\"2025-12-12T13:24:11+00:00\",\"dateModified\":\"2026-01-10T07:06:20+00:00\",\"description\":\"Lion Pharmacy | farmacia online tedesca registrata | Spedizione internazionale veloce | Acquistare online in modo comodo e sicuro | Dichiarazione di accessibilit\u00e0\",\"breadcrumb\":{\"@id\":\"https:\/\/lions-pharmacy.com\/it\/accessibility-statement#breadcrumb\"},\"inLanguage\":\"it-IT\",\"potentialAction\":[{\"@type\":\"ReadAction\",\"target\":[\"https:\/\/lions-pharmacy.com\/it\/accessibility-statement\"]}]},{\"@type\":\"BreadcrumbList\",\"@id\":\"https:\/\/lions-pharmacy.com\/it\/accessibility-statement#breadcrumb\",\"itemListElement\":[{\"@type\":\"ListItem\",\"position\":1,\"name\":\"Home\",\"item\":\"https:\/\/lions-pharmacy.com\/it\/homepage-lion-pharmacy\"},{\"@type\":\"ListItem\",\"position\":2,\"name\":\"Dichiarazione di accessibilit\u00e0\"}]},{\"@type\":\"WebSite\",\"@id\":\"https:\/\/lions-pharmacy.com\/it#website\",\"url\":\"https:\/\/lions-pharmacy.com\/it\",\"name\":\"Lions Pharmacy\",\"description\":\"Farmacia specializzata in naturopatia di Baden-Baden, Germania\",\"publisher\":{\"@id\":\"https:\/\/lions-pharmacy.com\/it#organization\"},\"alternateName\":\"Lion Pharmacy\",\"potentialAction\":[{\"@type\":\"SearchAction\",\"target\":{\"@type\":\"EntryPoint\",\"urlTemplate\":\"https:\/\/lions-pharmacy.com\/it?s={search_term_string}\"},\"query-input\":{\"@type\":\"PropertyValueSpecification\",\"valueRequired\":true,\"valueName\":\"search_term_string\"}}],\"inLanguage\":\"it-IT\"},{\"@type\":\"Organization\",\"@id\":\"https:\/\/lions-pharmacy.com\/it#organization\",\"name\":\"Lions Pharmacy\",\"alternateName\":\"Lions Pharmacy24\",\"url\":\"https:\/\/lions-pharmacy.com\/it\",\"logo\":{\"@type\":\"ImageObject\",\"inLanguage\":\"it-IT\",\"@id\":\"https:\/\/lions-pharmacy.com\/it#\/schema\/logo\/image\/\",\"url\":\"https:\/\/lions-pharmacy.com\/wp-content\/uploads\/2022\/12\/Logo-Lion-Pharmacy-c-o-Loewen-Apotheke-smal.jpg\",\"contentUrl\":\"https:\/\/lions-pharmacy.com\/wp-content\/uploads\/2022\/12\/Logo-Lion-Pharmacy-c-o-Loewen-Apotheke-smal.jpg\",\"width\":298,\"height\":99,\"caption\":\"Lions Pharmacy\"},\"image\":{\"@id\":\"https:\/\/lions-pharmacy.com\/it#\/schema\/logo\/image\/\"}}]}<\/script>\n<!-- \/ Yoast SEO plugin. -->","yoast_head_json":{"title":"Dichiarazione di accessibilit\u00e0 &#187; Lion Pharmacy","description":"Lion Pharmacy | farmacia online tedesca registrata | Spedizione internazionale veloce | Acquistare online in modo comodo e sicuro | Dichiarazione di accessibilit\u00e0","robots":{"index":"noindex","follow":"nofollow"},"og_locale":"it_IT","og_type":"article","og_title":"Dichiarazione di accessibilit\u00e0 &#187; Lion Pharmacy","og_description":"Lion Pharmacy | farmacia online tedesca registrata | Spedizione internazionale veloce | Acquistare online in modo comodo e sicuro | Dichiarazione di accessibilit\u00e0","og_url":"https:\/\/lions-pharmacy.com\/it\/accessibility-statement","og_site_name":"Lion Pharmacy","article_modified_time":"2026-01-10T07:06:20+00:00","og_image":[{"width":1200,"height":675,"url":"https:\/\/lions-pharmacy.com\/wp-content\/uploads\/2023\/01\/lion-pharmacy-fallback-image-.jpg","type":"image\/jpeg"}],"twitter_card":"summary_large_image","twitter_misc":{"Tempo di lettura stimato":"1 minuto"},"schema":{"@context":"https:\/\/schema.org","@graph":[{"@type":"WebPage","@id":"https:\/\/lions-pharmacy.com\/it\/accessibility-statement","url":"https:\/\/lions-pharmacy.com\/it\/accessibility-statement","name":"Dichiarazione di accessibilit\u00e0 &#187; Lion Pharmacy","isPartOf":{"@id":"https:\/\/lions-pharmacy.com\/it#website"},"datePublished":"2025-12-12T13:24:11+00:00","dateModified":"2026-01-10T07:06:20+00:00","description":"Lion Pharmacy | farmacia online tedesca registrata | Spedizione internazionale veloce | Acquistare online in modo comodo e sicuro | Dichiarazione di accessibilit\u00e0","breadcrumb":{"@id":"https:\/\/lions-pharmacy.com\/it\/accessibility-statement#breadcrumb"},"inLanguage":"it-IT","potentialAction":[{"@type":"ReadAction","target":["https:\/\/lions-pharmacy.com\/it\/accessibility-statement"]}]},{"@type":"BreadcrumbList","@id":"https:\/\/lions-pharmacy.com\/it\/accessibility-statement#breadcrumb","itemListElement":[{"@type":"ListItem","position":1,"name":"Home","item":"https:\/\/lions-pharmacy.com\/it\/homepage-lion-pharmacy"},{"@type":"ListItem","position":2,"name":"Dichiarazione di accessibilit\u00e0"}]},{"@type":"WebSite","@id":"https:\/\/lions-pharmacy.com\/it#website","url":"https:\/\/lions-pharmacy.com\/it","name":"Lions Pharmacy","description":"Farmacia specializzata in naturopatia di Baden-Baden, Germania","publisher":{"@id":"https:\/\/lions-pharmacy.com\/it#organization"},"alternateName":"Lion Pharmacy","potentialAction":[{"@type":"SearchAction","target":{"@type":"EntryPoint","urlTemplate":"https:\/\/lions-pharmacy.com\/it?s={search_term_string}"},"query-input":{"@type":"PropertyValueSpecification","valueRequired":true,"valueName":"search_term_string"}}],"inLanguage":"it-IT"},{"@type":"Organization","@id":"https:\/\/lions-pharmacy.com\/it#organization","name":"Lions Pharmacy","alternateName":"Lions Pharmacy24","url":"https:\/\/lions-pharmacy.com\/it","logo":{"@type":"ImageObject","inLanguage":"it-IT","@id":"https:\/\/lions-pharmacy.com\/it#\/schema\/logo\/image\/","url":"https:\/\/lions-pharmacy.com\/wp-content\/uploads\/2022\/12\/Logo-Lion-Pharmacy-c-o-Loewen-Apotheke-smal.jpg","contentUrl":"https:\/\/lions-pharmacy.com\/wp-content\/uploads\/2022\/12\/Logo-Lion-Pharmacy-c-o-Loewen-Apotheke-smal.jpg","width":298,"height":99,"caption":"Lions Pharmacy"},"image":{"@id":"https:\/\/lions-pharmacy.com\/it#\/schema\/logo\/image\/"}}]}},"_links":{"self":[{"href":"https:\/\/lions-pharmacy.com\/it\/wp-json\/wp\/v2\/pages\/18453","targetHints":{"allow":["GET"]}}],"collection":[{"href":"https:\/\/lions-pharmacy.com\/it\/wp-json\/wp\/v2\/pages"}],"about":[{"href":"https:\/\/lions-pharmacy.com\/it\/wp-json\/wp\/v2\/types\/page"}],"author":[{"embeddable":true,"href":"https:\/\/lions-pharmacy.com\/it\/wp-json\/wp\/v2\/users\/1"}],"replies":[{"embeddable":true,"href":"https:\/\/lions-pharmacy.com\/it\/wp-json\/wp\/v2\/comments?post=18453"}],"version-history":[{"count":2,"href":"https:\/\/lions-pharmacy.com\/it\/wp-json\/wp\/v2\/pages\/18453\/revisions"}],"predecessor-version":[{"id":19202,"href":"https:\/\/lions-pharmacy.com\/it\/wp-json\/wp\/v2\/pages\/18453\/revisions\/19202"}],"wp:attachment":[{"href":"https:\/\/lions-pharmacy.com\/it\/wp-json\/wp\/v2\/media?parent=18453"}],"curies":[{"name":"wp","href":"https:\/\/api.w.org\/{rel}","templated":true}]}}