{"id":1627,"date":"2022-12-14T10:19:44","date_gmt":"2022-12-14T09:19:44","guid":{"rendered":"https:\/\/lions-pharmacy.com\/contatto"},"modified":"2026-01-10T09:41:19","modified_gmt":"2026-01-10T08:41:19","slug":"contact","status":"publish","type":"page","link":"https:\/\/lions-pharmacy.com\/it\/contact","title":{"rendered":"Contatto"},"content":{"rendered":"\t\t<div data-elementor-type=\"wp-page\" data-elementor-id=\"1627\" class=\"elementor elementor-1627 elementor-336\">\n\t\t\t\t\t\t<section class=\"elementor-section elementor-top-section elementor-element elementor-element-bb95ab4 elementor-section-boxed elementor-section-height-default elementor-section-height-default\" data-id=\"bb95ab4\" data-element_type=\"section\">\n\t\t\t\t\t\t<div class=\"elementor-container elementor-column-gap-default\">\n\t\t\t\t\t<div class=\"elementor-column elementor-col-100 elementor-top-column elementor-element elementor-element-e7985ce\" data-id=\"e7985ce\" data-element_type=\"column\">\n\t\t\t<div class=\"elementor-widget-wrap elementor-element-populated\">\n\t\t\t\t\t\t<div class=\"elementor-element elementor-element-063d0c2 elementor-widget elementor-widget-image\" data-id=\"063d0c2\" data-element_type=\"widget\" data-widget_type=\"image.default\">\n\t\t\t\t<div class=\"elementor-widget-container\">\n\t\t\t\t\t\t\t\t\t\t\t\t\t\t\t<img fetchpriority=\"high\" decoding=\"async\" width=\"1195\" height=\"351\" src=\"https:\/\/lions-pharmacy.com\/wp-content\/uploads\/2022\/12\/Map-Kontakt-Lowen-Apotheke24-Baden-Baden-Online-Shop-e1671009893125.jpg\" class=\"attachment-full size-full wp-image-1405\" alt=\"Lion Pharmcy sulla mappa. Mappa. Contatta L\u00f6wen-Apotheke24 da Baden-Baden. Negozio online\" srcset=\"https:\/\/lions-pharmacy.com\/wp-content\/uploads\/2022\/12\/Map-Kontakt-Lowen-Apotheke24-Baden-Baden-Online-Shop-e1671009893125.jpg 1195w, https:\/\/lions-pharmacy.com\/wp-content\/uploads\/2022\/12\/Map-Kontakt-Lowen-Apotheke24-Baden-Baden-Online-Shop-e1671009893125-300x88.jpg 300w, https:\/\/lions-pharmacy.com\/wp-content\/uploads\/2022\/12\/Map-Kontakt-Lowen-Apotheke24-Baden-Baden-Online-Shop-e1671009893125-1024x301.jpg 1024w, https:\/\/lions-pharmacy.com\/wp-content\/uploads\/2022\/12\/Map-Kontakt-Lowen-Apotheke24-Baden-Baden-Online-Shop-e1671009893125-768x226.jpg 768w, https:\/\/lions-pharmacy.com\/wp-content\/uploads\/2022\/12\/Map-Kontakt-Lowen-Apotheke24-Baden-Baden-Online-Shop-e1671009893125-600x176.jpg 600w\" sizes=\"(max-width: 1195px) 100vw, 1195px\" \/>\t\t\t\t\t\t\t\t\t\t\t\t\t\t\t<\/div>\n\t\t\t\t<\/div>\n\t\t\t\t\t<\/div>\n\t\t<\/div>\n\t\t\t\t\t<\/div>\n\t\t<\/section>\n\t\t\t\t<section class=\"elementor-section elementor-top-section elementor-element elementor-element-03c12f3 elementor-section-boxed elementor-section-height-default elementor-section-height-default\" data-id=\"03c12f3\" data-element_type=\"section\">\n\t\t\t\t\t\t<div class=\"elementor-container elementor-column-gap-default\">\n\t\t\t\t\t<div class=\"elementor-column elementor-col-100 elementor-top-column elementor-element elementor-element-d4965cd\" data-id=\"d4965cd\" data-element_type=\"column\">\n\t\t\t<div class=\"elementor-widget-wrap elementor-element-populated\">\n\t\t\t\t\t\t<div class=\"elementor-element elementor-element-61c77b6 elementor-widget elementor-widget-spacer\" data-id=\"61c77b6\" data-element_type=\"widget\" data-widget_type=\"spacer.default\">\n\t\t\t\t<div class=\"elementor-widget-container\">\n\t\t\t\t\t\t\t<div class=\"elementor-spacer\">\n\t\t\t<div class=\"elementor-spacer-inner\"><\/div>\n\t\t<\/div>\n\t\t\t\t\t\t<\/div>\n\t\t\t\t<\/div>\n\t\t\t\t<div class=\"elementor-element elementor-element-9ec3785 elementor-widget elementor-widget-heading\" data-id=\"9ec3785\" data-element_type=\"widget\" data-widget_type=\"heading.default\">\n\t\t\t\t<div class=\"elementor-widget-container\">\n\t\t\t\t\t<h2 class=\"elementor-heading-title elementor-size-default\">Contattateci<\/h2>\t\t\t\t<\/div>\n\t\t\t\t<\/div>\n\t\t\t\t\t<\/div>\n\t\t<\/div>\n\t\t\t\t\t<\/div>\n\t\t<\/section>\n\t\t\t\t<section class=\"elementor-section elementor-top-section elementor-element elementor-element-60d8ec3 elementor-section-boxed elementor-section-height-default elementor-section-height-default\" data-id=\"60d8ec3\" data-element_type=\"section\">\n\t\t\t\t\t\t<div class=\"elementor-container elementor-column-gap-default\">\n\t\t\t\t\t<div class=\"elementor-column elementor-col-100 elementor-top-column elementor-element elementor-element-2c7fa55\" data-id=\"2c7fa55\" data-element_type=\"column\">\n\t\t\t<div class=\"elementor-widget-wrap elementor-element-populated\">\n\t\t\t\t\t\t<div class=\"elementor-element elementor-element-e63538c elementor-widget elementor-widget-text-editor\" data-id=\"e63538c\" data-element_type=\"widget\" data-widget_type=\"text-editor.default\">\n\t\t\t\t<div class=\"elementor-widget-container\">\n\t\t\t\t\t\t\t\t\t<p>Per qualsiasi domanda o richiesta, contattateci: saremo lieti di assistervi.<\/p>\n<h3>Linea diretta per gli ordini:<\/h3>\n<p>Consulenza, possibilit\u00e0 di ordinare e ulteriori informazioni presso: Tel: +49 7221 395 374<br>Da luned\u00ec a venerd\u00ec: 08:30 &#8211; 17.00<\/p>\n<h3>Indirizzo:<\/h3>\n<p>Farmacia Lion c\/o L\u00f6wen Apotheke<br>Proprietario:&nbsp; Sandra Hoff e.K.<br>Lichtentaler Str. 3<br>D-76530 Baden-Baden<br>Tel: +49 7221 \/ 22 120<br>Fax: +49 7221 \/ 23 875<\/p>\n<p><a href=\"https:\/\/goo.gl\/maps\/Ly3tToEmbbNajxQ87\">Qui <\/a>ci trovate a Baden-Baden, in Germania. Ci troviamo nel cuore del centro citt\u00e0.&nbsp;<\/p>\t\t\t\t\t\t\t\t<\/div>\n\t\t\t\t<\/div>\n\t\t\t\t\t<\/div>\n\t\t<\/div>\n\t\t\t\t\t<\/div>\n\t\t<\/section>\n\t\t\t\t<section class=\"elementor-section elementor-top-section elementor-element elementor-element-824f2de elementor-section-boxed elementor-section-height-default elementor-section-height-default\" data-id=\"824f2de\" data-element_type=\"section\">\n\t\t\t\t\t\t<div class=\"elementor-container elementor-column-gap-default\">\n\t\t\t\t\t<div class=\"elementor-column elementor-col-100 elementor-top-column elementor-element elementor-element-2211449\" data-id=\"2211449\" data-element_type=\"column\">\n\t\t\t<div class=\"elementor-widget-wrap elementor-element-populated\">\n\t\t\t\t\t\t<div class=\"elementor-element elementor-element-6048aa5 elementor-widget elementor-widget-spacer\" data-id=\"6048aa5\" data-element_type=\"widget\" data-widget_type=\"spacer.default\">\n\t\t\t\t<div class=\"elementor-widget-container\">\n\t\t\t\t\t\t\t<div class=\"elementor-spacer\">\n\t\t\t<div class=\"elementor-spacer-inner\"><\/div>\n\t\t<\/div>\n\t\t\t\t\t\t<\/div>\n\t\t\t\t<\/div>\n\t\t\t\t\t<\/div>\n\t\t<\/div>\n\t\t\t\t\t<\/div>\n\t\t<\/section>\n\t\t\t\t<section class=\"elementor-section elementor-top-section elementor-element elementor-element-d6c408a elementor-section-boxed elementor-section-height-default elementor-section-height-default\" data-id=\"d6c408a\" data-element_type=\"section\">\n\t\t\t\t\t\t<div class=\"elementor-container elementor-column-gap-default\">\n\t\t\t\t\t<div class=\"elementor-column elementor-col-66 elementor-top-column elementor-element elementor-element-a5d180d\" data-id=\"a5d180d\" data-element_type=\"column\" data-settings=\"{&quot;background_background&quot;:&quot;gradient&quot;}\">\n\t\t\t<div class=\"elementor-widget-wrap elementor-element-populated\">\n\t\t\t\t\t\t<div class=\"elementor-element elementor-element-25693b9 elementor-widget elementor-widget-spacer\" data-id=\"25693b9\" data-element_type=\"widget\" data-widget_type=\"spacer.default\">\n\t\t\t\t<div class=\"elementor-widget-container\">\n\t\t\t\t\t\t\t<div class=\"elementor-spacer\">\n\t\t\t<div class=\"elementor-spacer-inner\"><\/div>\n\t\t<\/div>\n\t\t\t\t\t\t<\/div>\n\t\t\t\t<\/div>\n\t\t\t\t<div class=\"elementor-element elementor-element-612c73c elementor-invisible elementor-widget elementor-widget-text-editor\" data-id=\"612c73c\" data-element_type=\"widget\" data-settings=\"{&quot;_animation&quot;:&quot;pulse&quot;}\" data-widget_type=\"text-editor.default\">\n\t\t\t\t<div class=\"elementor-widget-container\">\n\t\t\t\t\t\t\t\t\t<h4 style=\"letter-spacing: normal;\">Avete bisogno di aiuto? Chiamateci: +49 7221 395 374<\/h4><p><span style=\"color: #333333;\">Luned\u00ec &#8211; venerd\u00ec: 08:30 &#8211; 17:00  <\/span><\/p>\t\t\t\t\t\t\t\t<\/div>\n\t\t\t\t<\/div>\n\t\t\t\t\t<\/div>\n\t\t<\/div>\n\t\t\t\t<div class=\"elementor-column elementor-col-33 elementor-top-column elementor-element elementor-element-b81ac9f\" data-id=\"b81ac9f\" data-element_type=\"column\" data-settings=\"{&quot;background_background&quot;:&quot;gradient&quot;}\">\n\t\t\t<div class=\"elementor-widget-wrap elementor-element-populated\">\n\t\t\t\t\t\t<div class=\"elementor-element elementor-element-7e79474 elementor-grid-4 elementor-shape-rounded e-grid-align-center elementor-invisible elementor-widget elementor-widget-social-icons\" data-id=\"7e79474\" data-element_type=\"widget\" data-settings=\"{&quot;_animation&quot;:&quot;pulse&quot;,&quot;_animation_delay&quot;:800}\" data-widget_type=\"social-icons.default\">\n\t\t\t\t<div class=\"elementor-widget-container\">\n\t\t\t\t\t\t\t<div class=\"elementor-social-icons-wrapper elementor-grid\" role=\"list\">\n\t\t\t\t\t\t\t<span class=\"elementor-grid-item\" role=\"listitem\">\n\t\t\t\t\t<a class=\"elementor-icon elementor-social-icon elementor-social-icon-cc-visa elementor-repeater-item-1416932\" target=\"_blank\">\n\t\t\t\t\t\t<span class=\"elementor-screen-only\">Cc-visa<\/span>\n\t\t\t\t\t\t<i aria-hidden=\"true\" class=\"fab fa-cc-visa\"><\/i>\t\t\t\t\t<\/a>\n\t\t\t\t<\/span>\n\t\t\t\t\t\t\t<span class=\"elementor-grid-item\" role=\"listitem\">\n\t\t\t\t\t<a class=\"elementor-icon elementor-social-icon elementor-social-icon-cc-mastercard elementor-repeater-item-7b521cc\" target=\"_blank\">\n\t\t\t\t\t\t<span class=\"elementor-screen-only\">Cc-mastercard<\/span>\n\t\t\t\t\t\t<i aria-hidden=\"true\" class=\"fab fa-cc-mastercard\"><\/i>\t\t\t\t\t<\/a>\n\t\t\t\t<\/span>\n\t\t\t\t\t\t\t<span class=\"elementor-grid-item\" role=\"listitem\">\n\t\t\t\t\t<a class=\"elementor-icon elementor-social-icon elementor-social-icon-cc-paypal elementor-repeater-item-62d0b5d\" target=\"_blank\">\n\t\t\t\t\t\t<span class=\"elementor-screen-only\">Cc-paypal<\/span>\n\t\t\t\t\t\t<i aria-hidden=\"true\" class=\"fab fa-cc-paypal\"><\/i>\t\t\t\t\t<\/a>\n\t\t\t\t<\/span>\n\t\t\t\t\t\t\t<span class=\"elementor-grid-item\" role=\"listitem\">\n\t\t\t\t\t<a class=\"elementor-icon elementor-social-icon elementor-social-icon-cc-apple-pay elementor-repeater-item-32fe195\" target=\"_blank\">\n\t\t\t\t\t\t<span class=\"elementor-screen-only\">Cc-apple-pay<\/span>\n\t\t\t\t\t\t<i aria-hidden=\"true\" class=\"fab fa-cc-apple-pay\"><\/i>\t\t\t\t\t<\/a>\n\t\t\t\t<\/span>\n\t\t\t\t\t\t\t<span class=\"elementor-grid-item\" role=\"listitem\">\n\t\t\t\t\t<a class=\"elementor-icon elementor-social-icon elementor-social-icon-cc-amazon-pay elementor-repeater-item-b8ac7ae\" target=\"_blank\">\n\t\t\t\t\t\t<span class=\"elementor-screen-only\">Cc-amazon-pay<\/span>\n\t\t\t\t\t\t<i aria-hidden=\"true\" class=\"fab fa-cc-amazon-pay\"><\/i>\t\t\t\t\t<\/a>\n\t\t\t\t<\/span>\n\t\t\t\t\t\t\t<span class=\"elementor-grid-item\" role=\"listitem\">\n\t\t\t\t\t<a class=\"elementor-icon elementor-social-icon elementor-social-icon-money-check elementor-repeater-item-ed66be7\" target=\"_blank\">\n\t\t\t\t\t\t<span class=\"elementor-screen-only\">Money-check<\/span>\n\t\t\t\t\t\t<i aria-hidden=\"true\" class=\"fas fa-money-check\"><\/i>\t\t\t\t\t<\/a>\n\t\t\t\t<\/span>\n\t\t\t\t\t\t\t<span class=\"elementor-grid-item\" role=\"listitem\">\n\t\t\t\t\t<a class=\"elementor-icon elementor-social-icon elementor-social-icon-google-pay elementor-repeater-item-df6afe3\" target=\"_blank\">\n\t\t\t\t\t\t<span class=\"elementor-screen-only\">Google-pay<\/span>\n\t\t\t\t\t\t<i aria-hidden=\"true\" class=\"fab fa-google-pay\"><\/i>\t\t\t\t\t<\/a>\n\t\t\t\t<\/span>\n\t\t\t\t\t\t\t<span class=\"elementor-grid-item\" role=\"listitem\">\n\t\t\t\t\t<a class=\"elementor-icon elementor-social-icon elementor-social-icon-money-check-alt elementor-repeater-item-a479a2c\" target=\"_blank\">\n\t\t\t\t\t\t<span class=\"elementor-screen-only\">Money-check-alt<\/span>\n\t\t\t\t\t\t<i aria-hidden=\"true\" class=\"fas fa-money-check-alt\"><\/i>\t\t\t\t\t<\/a>\n\t\t\t\t<\/span>\n\t\t\t\t\t<\/div>\n\t\t\t\t\t\t<\/div>\n\t\t\t\t<\/div>\n\t\t\t\t\t<\/div>\n\t\t<\/div>\n\t\t\t\t\t<\/div>\n\t\t<\/section>\n\t\t\t\t<\/div>\n\t\t","protected":false},"excerpt":{"rendered":"<p>Contattateci Per qualsiasi domanda o richiesta, contattateci: saremo lieti di assistervi. Linea diretta per gli ordini: Consulenza, possibilit\u00e0 di ordinare e ulteriori informazioni presso: Tel: +49 7221 395 374Da luned\u00ec a venerd\u00ec: 08:30 &#8211; 17.00 Indirizzo: Farmacia Lion c\/o L\u00f6wen ApothekeProprietario:&nbsp; Sandra Hoff e.K.Lichtentaler Str. 3D-76530 Baden-BadenTel: +49 7221 \/ 22 120Fax: +49 7221 \/ [&hellip;]<\/p>\n","protected":false},"author":1,"featured_media":0,"parent":0,"menu_order":0,"comment_status":"closed","ping_status":"closed","template":"","meta":{"footnotes":""},"class_list":["post-1627","page","type-page","status-publish","hentry"],"yoast_head":"<!-- This site is optimized with the Yoast SEO plugin v26.5 - https:\/\/yoast.com\/wordpress\/plugins\/seo\/ -->\n<title>Contatto &#187; Lion Pharmacy<\/title>\n<meta name=\"description\" content=\"Lion Pharmacy | farmacia online tedesca registrata | Spedizione internazionale veloce | Acquistare online in modo comodo e sicuro | Contatto\" \/>\n<meta name=\"robots\" content=\"index, follow, max-snippet:-1, max-image-preview:large, max-video-preview:-1\" \/>\n<link rel=\"canonical\" href=\"https:\/\/lions-pharmacy.com\/it\/contact\" \/>\n<meta property=\"og:locale\" content=\"it_IT\" \/>\n<meta property=\"og:type\" content=\"article\" \/>\n<meta property=\"og:title\" content=\"Contatto &#187; Lion Pharmacy\" \/>\n<meta property=\"og:description\" content=\"Lion Pharmacy | farmacia online tedesca registrata | Spedizione internazionale veloce | Acquistare online in modo comodo e sicuro | Contatto\" \/>\n<meta property=\"og:url\" content=\"https:\/\/lions-pharmacy.com\/it\/contact\" \/>\n<meta property=\"og:site_name\" content=\"Lion Pharmacy\" \/>\n<meta property=\"article:modified_time\" content=\"2026-01-10T08:41:19+00:00\" \/>\n<meta property=\"og:image\" content=\"https:\/\/lions-pharmacy.com\/wp-content\/uploads\/2022\/12\/Map-Kontakt-Lowen-Apotheke24-Baden-Baden-Online-Shop-e1671009893125.jpg\" \/>\n\t<meta property=\"og:image:width\" content=\"1195\" \/>\n\t<meta property=\"og:image:height\" content=\"351\" \/>\n\t<meta property=\"og:image:type\" content=\"image\/jpeg\" \/>\n<meta name=\"twitter:card\" content=\"summary_large_image\" \/>\n<script type=\"application\/ld+json\" class=\"yoast-schema-graph\">{\"@context\":\"https:\/\/schema.org\",\"@graph\":[{\"@type\":\"WebPage\",\"@id\":\"https:\/\/lions-pharmacy.com\/it\/contact\",\"url\":\"https:\/\/lions-pharmacy.com\/it\/contact\",\"name\":\"Contatto &#187; Lion Pharmacy\",\"isPartOf\":{\"@id\":\"https:\/\/lions-pharmacy.com\/it#website\"},\"primaryImageOfPage\":{\"@id\":\"https:\/\/lions-pharmacy.com\/it\/contact#primaryimage\"},\"image\":{\"@id\":\"https:\/\/lions-pharmacy.com\/it\/contact#primaryimage\"},\"thumbnailUrl\":\"https:\/\/lions-pharmacy.com\/wp-content\/uploads\/2022\/12\/Map-Kontakt-Lowen-Apotheke24-Baden-Baden-Online-Shop-e1671009893125.jpg\",\"datePublished\":\"2022-12-14T09:19:44+00:00\",\"dateModified\":\"2026-01-10T08:41:19+00:00\",\"description\":\"Lion Pharmacy | farmacia online tedesca registrata | Spedizione internazionale veloce | Acquistare online in modo comodo e sicuro | Contatto\",\"breadcrumb\":{\"@id\":\"https:\/\/lions-pharmacy.com\/it\/contact#breadcrumb\"},\"inLanguage\":\"it-IT\",\"potentialAction\":[{\"@type\":\"ReadAction\",\"target\":[\"https:\/\/lions-pharmacy.com\/it\/contact\"]}]},{\"@type\":\"ImageObject\",\"inLanguage\":\"it-IT\",\"@id\":\"https:\/\/lions-pharmacy.com\/it\/contact#primaryimage\",\"url\":\"https:\/\/lions-pharmacy.com\/wp-content\/uploads\/2022\/12\/Map-Kontakt-Lowen-Apotheke24-Baden-Baden-Online-Shop-e1671009893125.jpg\",\"contentUrl\":\"https:\/\/lions-pharmacy.com\/wp-content\/uploads\/2022\/12\/Map-Kontakt-Lowen-Apotheke24-Baden-Baden-Online-Shop-e1671009893125.jpg\"},{\"@type\":\"BreadcrumbList\",\"@id\":\"https:\/\/lions-pharmacy.com\/it\/contact#breadcrumb\",\"itemListElement\":[{\"@type\":\"ListItem\",\"position\":1,\"name\":\"Home\",\"item\":\"https:\/\/lions-pharmacy.com\/it\/homepage-lion-pharmacy\"},{\"@type\":\"ListItem\",\"position\":2,\"name\":\"Contatto\"}]},{\"@type\":\"WebSite\",\"@id\":\"https:\/\/lions-pharmacy.com\/it#website\",\"url\":\"https:\/\/lions-pharmacy.com\/it\",\"name\":\"Lions Pharmacy\",\"description\":\"Farmacia specializzata in naturopatia di Baden-Baden, Germania\",\"publisher\":{\"@id\":\"https:\/\/lions-pharmacy.com\/it#organization\"},\"alternateName\":\"Lion Pharmacy\",\"potentialAction\":[{\"@type\":\"SearchAction\",\"target\":{\"@type\":\"EntryPoint\",\"urlTemplate\":\"https:\/\/lions-pharmacy.com\/it?s={search_term_string}\"},\"query-input\":{\"@type\":\"PropertyValueSpecification\",\"valueRequired\":true,\"valueName\":\"search_term_string\"}}],\"inLanguage\":\"it-IT\"},{\"@type\":\"Organization\",\"@id\":\"https:\/\/lions-pharmacy.com\/it#organization\",\"name\":\"Lions Pharmacy\",\"alternateName\":\"Lions Pharmacy24\",\"url\":\"https:\/\/lions-pharmacy.com\/it\",\"logo\":{\"@type\":\"ImageObject\",\"inLanguage\":\"it-IT\",\"@id\":\"https:\/\/lions-pharmacy.com\/it#\/schema\/logo\/image\/\",\"url\":\"https:\/\/lions-pharmacy.com\/wp-content\/uploads\/2022\/12\/Logo-Lion-Pharmacy-c-o-Loewen-Apotheke-smal.jpg\",\"contentUrl\":\"https:\/\/lions-pharmacy.com\/wp-content\/uploads\/2022\/12\/Logo-Lion-Pharmacy-c-o-Loewen-Apotheke-smal.jpg\",\"width\":298,\"height\":99,\"caption\":\"Lions Pharmacy\"},\"image\":{\"@id\":\"https:\/\/lions-pharmacy.com\/it#\/schema\/logo\/image\/\"}}]}<\/script>\n<!-- \/ Yoast SEO plugin. -->","yoast_head_json":{"title":"Contatto &#187; Lion Pharmacy","description":"Lion Pharmacy | farmacia online tedesca registrata | Spedizione internazionale veloce | Acquistare online in modo comodo e sicuro | Contatto","robots":{"index":"index","follow":"follow","max-snippet":"max-snippet:-1","max-image-preview":"max-image-preview:large","max-video-preview":"max-video-preview:-1"},"canonical":"https:\/\/lions-pharmacy.com\/it\/contact","og_locale":"it_IT","og_type":"article","og_title":"Contatto &#187; Lion Pharmacy","og_description":"Lion Pharmacy | farmacia online tedesca registrata | Spedizione internazionale veloce | Acquistare online in modo comodo e sicuro | Contatto","og_url":"https:\/\/lions-pharmacy.com\/it\/contact","og_site_name":"Lion Pharmacy","article_modified_time":"2026-01-10T08:41:19+00:00","og_image":[{"width":1195,"height":351,"url":"https:\/\/lions-pharmacy.com\/wp-content\/uploads\/2022\/12\/Map-Kontakt-Lowen-Apotheke24-Baden-Baden-Online-Shop-e1671009893125.jpg","type":"image\/jpeg"}],"twitter_card":"summary_large_image","schema":{"@context":"https:\/\/schema.org","@graph":[{"@type":"WebPage","@id":"https:\/\/lions-pharmacy.com\/it\/contact","url":"https:\/\/lions-pharmacy.com\/it\/contact","name":"Contatto &#187; Lion Pharmacy","isPartOf":{"@id":"https:\/\/lions-pharmacy.com\/it#website"},"primaryImageOfPage":{"@id":"https:\/\/lions-pharmacy.com\/it\/contact#primaryimage"},"image":{"@id":"https:\/\/lions-pharmacy.com\/it\/contact#primaryimage"},"thumbnailUrl":"https:\/\/lions-pharmacy.com\/wp-content\/uploads\/2022\/12\/Map-Kontakt-Lowen-Apotheke24-Baden-Baden-Online-Shop-e1671009893125.jpg","datePublished":"2022-12-14T09:19:44+00:00","dateModified":"2026-01-10T08:41:19+00:00","description":"Lion Pharmacy | farmacia online tedesca registrata | Spedizione internazionale veloce | Acquistare online in modo comodo e sicuro | Contatto","breadcrumb":{"@id":"https:\/\/lions-pharmacy.com\/it\/contact#breadcrumb"},"inLanguage":"it-IT","potentialAction":[{"@type":"ReadAction","target":["https:\/\/lions-pharmacy.com\/it\/contact"]}]},{"@type":"ImageObject","inLanguage":"it-IT","@id":"https:\/\/lions-pharmacy.com\/it\/contact#primaryimage","url":"https:\/\/lions-pharmacy.com\/wp-content\/uploads\/2022\/12\/Map-Kontakt-Lowen-Apotheke24-Baden-Baden-Online-Shop-e1671009893125.jpg","contentUrl":"https:\/\/lions-pharmacy.com\/wp-content\/uploads\/2022\/12\/Map-Kontakt-Lowen-Apotheke24-Baden-Baden-Online-Shop-e1671009893125.jpg"},{"@type":"BreadcrumbList","@id":"https:\/\/lions-pharmacy.com\/it\/contact#breadcrumb","itemListElement":[{"@type":"ListItem","position":1,"name":"Home","item":"https:\/\/lions-pharmacy.com\/it\/homepage-lion-pharmacy"},{"@type":"ListItem","position":2,"name":"Contatto"}]},{"@type":"WebSite","@id":"https:\/\/lions-pharmacy.com\/it#website","url":"https:\/\/lions-pharmacy.com\/it","name":"Lions Pharmacy","description":"Farmacia specializzata in naturopatia di Baden-Baden, Germania","publisher":{"@id":"https:\/\/lions-pharmacy.com\/it#organization"},"alternateName":"Lion Pharmacy","potentialAction":[{"@type":"SearchAction","target":{"@type":"EntryPoint","urlTemplate":"https:\/\/lions-pharmacy.com\/it?s={search_term_string}"},"query-input":{"@type":"PropertyValueSpecification","valueRequired":true,"valueName":"search_term_string"}}],"inLanguage":"it-IT"},{"@type":"Organization","@id":"https:\/\/lions-pharmacy.com\/it#organization","name":"Lions Pharmacy","alternateName":"Lions Pharmacy24","url":"https:\/\/lions-pharmacy.com\/it","logo":{"@type":"ImageObject","inLanguage":"it-IT","@id":"https:\/\/lions-pharmacy.com\/it#\/schema\/logo\/image\/","url":"https:\/\/lions-pharmacy.com\/wp-content\/uploads\/2022\/12\/Logo-Lion-Pharmacy-c-o-Loewen-Apotheke-smal.jpg","contentUrl":"https:\/\/lions-pharmacy.com\/wp-content\/uploads\/2022\/12\/Logo-Lion-Pharmacy-c-o-Loewen-Apotheke-smal.jpg","width":298,"height":99,"caption":"Lions Pharmacy"},"image":{"@id":"https:\/\/lions-pharmacy.com\/it#\/schema\/logo\/image\/"}}]}},"_links":{"self":[{"href":"https:\/\/lions-pharmacy.com\/it\/wp-json\/wp\/v2\/pages\/1627","targetHints":{"allow":["GET"]}}],"collection":[{"href":"https:\/\/lions-pharmacy.com\/it\/wp-json\/wp\/v2\/pages"}],"about":[{"href":"https:\/\/lions-pharmacy.com\/it\/wp-json\/wp\/v2\/types\/page"}],"author":[{"embeddable":true,"href":"https:\/\/lions-pharmacy.com\/it\/wp-json\/wp\/v2\/users\/1"}],"replies":[{"embeddable":true,"href":"https:\/\/lions-pharmacy.com\/it\/wp-json\/wp\/v2\/comments?post=1627"}],"version-history":[{"count":3,"href":"https:\/\/lions-pharmacy.com\/it\/wp-json\/wp\/v2\/pages\/1627\/revisions"}],"predecessor-version":[{"id":19217,"href":"https:\/\/lions-pharmacy.com\/it\/wp-json\/wp\/v2\/pages\/1627\/revisions\/19217"}],"wp:attachment":[{"href":"https:\/\/lions-pharmacy.com\/it\/wp-json\/wp\/v2\/media?parent=1627"}],"curies":[{"name":"wp","href":"https:\/\/api.w.org\/{rel}","templated":true}]}}