{"id":9747,"date":"2025-03-06T09:37:45","date_gmt":"2025-03-06T08:37:45","guid":{"rendered":"https:\/\/lions-pharmacy.com\/?post_type=product&#038;p=9747"},"modified":"2025-03-09T20:05:50","modified_gmt":"2025-03-09T19:05:50","slug":"orthomol-vital-f-orange-granules-tablets-30-pc-01319643","status":"publish","type":"product","link":"https:\/\/lions-pharmacy.com\/fr\/produit\/orthomol-vital-f-orange-granules-tablets-30-pc-01319643","title":{"rendered":"Orthomol Vital F Orange Granules \/ Comprim\u00e9s (30 pc)"},"content":{"rendered":"<h3>Orthomol Vital F Orange Granules \/ Comprim\u00e9s<\/h3>\n<p>Orthomol Vital F Orange Granules \/ Comprim\u00e9s une formule vitale pour plus d&#8217;\u00e9nergie. Vital f contient 27 nutriments sp\u00e9cifiques. Il comprend toutes les vitamines B, dont 450 \u00b5g de vitamine B12, qui contribuent \u00e0 r\u00e9duire la fatigue et l&#8217;\u00e9puisement.<\/p>\n<p>Les vitamines B et le magn\u00e9sium contribuent non seulement \u00e0 r\u00e9duire la fatigue et l&#8217;\u00e9puisement, mais aussi \u00e0 assurer un m\u00e9tabolisme \u00e9nerg\u00e9tique normal et un fonctionnement normal du syst\u00e8me nerveux.<\/p>\n<p>Les compl\u00e9ments alimentaires ne remplacent pas une alimentation \u00e9quilibr\u00e9e et vari\u00e9e et un mode de vie sain.<\/p>\n<p>Produits d\u2019Orthomol: Pionniers de la m\u00e9decine nutritionnelle orthomol\u00e9culaire en Allemagne. Depuis plus de 30 ans, l\u2019entreprise d\u00e9veloppe et vend des doses \u00e9quilibr\u00e9es de combinaisons de micronutriments pour divers domaines d\u2019application. Ce sont des combinaisons de micronutriments bas\u00e9es sur la m\u00e9decine orthomol\u00e9culaire.<\/p>\n<p>Notice\/instructions d&#8217;utilisation\/fiche de donn\u00e9es sur les articles : &#8211; (lecteur PDF) et informations sur les denr\u00e9es alimentaires : &#8211; (lecteur PDF).<\/p>\n<p>Autres produits pour l&#8217;application : <a href=\"https:\/\/lions-pharmacy.com\/product-tag\/vitamins-supplements\">Vitamines et compl\u00e9ments alimentaires<\/a> | <a href=\"https:\/\/lions-pharmacy.com\/product-tag\/natural-remedies\" rel=\"tag\">Rem\u00e8des naturels<\/a> | <a href=\"https:\/\/lions-pharmacy.com\/product-tag\/wellness\" rel=\"tag\">Bien-\u00eatre<\/a><\/p>\n<p>En savoir plus sur manufactorer et ce produit: <a href=\"https:\/\/www.orthomol.com\/de-de\/produkte\/\" target=\"_blank\" rel=\"noopener\">orthomol<\/a> (lien vers site externe)<\/p>\n<p>Les informations contenues dans ce site web sont fournies \u00e0 titre informatif uniquement. Ils ne remplacent en aucun cas l&#8217;examen et le traitement par un m\u00e9decin. Veuillez noter que cela signifie qu&#8217;aucun diagnostic ne peut \u00eatre \u00e9tabli et qu&#8217;aucune th\u00e9rapie ne peut \u00eatre mise en place.<\/p>\n<p>Pour conna\u00eetre les risques et les effets secondaires, lisez la notice et demandez conseil \u00e0 votre m\u00e9decin ou \u00e0 votre pharmacien.<\/p>\n","protected":false},"excerpt":{"rendered":"<h2>Orthomol Vital F<\/h2>\n<p>avec de la vitamine B12 et du magn\u00e9sium pour r\u00e9duire la fatigue. Go\u00fbt d&#8217;orange.<\/p>\n<p>&nbsp;<\/p>\n<p><strong>PZN<\/strong>: 1319643<\/p>\n<p><strong>Forme posologique<\/strong>: granul\u00e9s, comprim\u00e9s, combo pack<\/p>\n<p><strong>Type d\u2019ordonnance<\/strong> : sans ordonnance<\/p>\n<p><strong>Marque<\/strong>: orthomol<\/p>\n<p><strong>Fabricant<\/strong>: orthomol Arzneimittel GmbH, Allemagne<\/p>\n","protected":false},"featured_media":9752,"comment_status":"closed","ping_status":"closed","template":"","meta":[],"product_brand":[],"product_cat":[756,114],"product_tag":[266,466,267,264],"class_list":{"0":"post-9747","1":"product","2":"type-product","3":"status-publish","4":"has-post-thumbnail","6":"product_cat-orthomol-fr","7":"product_cat-non-classifiee","8":"product_tag-bien-etre","9":"product_tag-ingredient-actif-a-base-de-plantes","10":"product_tag-poids-et-forme","11":"product_tag-vitamines-et-supplements","12":"ts_product_brand-all-fr","13":"ts_product_brand-orthomol-fr","15":"first","16":"instock","17":"sale","18":"taxable","19":"shipping-taxable","20":"purchasable","21":"product-type-simple"},"yoast_head":"<!-- This site is optimized with the Yoast SEO plugin v26.5 - https:\/\/yoast.com\/wordpress\/plugins\/seo\/ -->\n<title>Orthomol Vital F Orange Granules \/ Comprim\u00e9s (30 pc) &#187; En savoir plus<\/title>\n<meta name=\"description\" content=\"Fabricant : Orthomol. En savoir plus sur Orthomol Vital F Orange Granules \/ Comprim\u00e9s (30 pc). Nous offrons\u00a0: Exp\u00e9dition internationale rapide et achats en ligne s\u00e9curis\u00e9s.\" \/>\n<meta name=\"robots\" content=\"index, follow, max-snippet:-1, max-image-preview:large, max-video-preview:-1\" \/>\n<link rel=\"canonical\" href=\"https:\/\/lions-pharmacy.com\/fr\/produit\/orthomol-vital-f-orange-granules-tablets-30-pc-01319643\" \/>\n<meta property=\"og:locale\" content=\"fr_FR\" \/>\n<meta property=\"og:type\" content=\"article\" \/>\n<meta property=\"og:title\" content=\"Orthomol Vital F Orange Granules \/ Comprim\u00e9s (30 pc) &#187; En savoir plus\" \/>\n<meta property=\"og:description\" content=\"Fabricant : Orthomol. En savoir plus sur Orthomol Vital F Orange Granules \/ Comprim\u00e9s (30 pc). Nous offrons\u00a0: Exp\u00e9dition internationale rapide et achats en ligne s\u00e9curis\u00e9s.\" \/>\n<meta property=\"og:url\" content=\"https:\/\/lions-pharmacy.com\/fr\/produit\/orthomol-vital-f-orange-granules-tablets-30-pc-01319643\" \/>\n<meta property=\"og:site_name\" content=\"Lion Pharmacy\" \/>\n<meta property=\"article:modified_time\" content=\"2025-03-09T19:05:50+00:00\" \/>\n<meta property=\"og:image\" content=\"https:\/\/lions-pharmacy.com\/wp-content\/uploads\/2025\/03\/Orthomol-Vital-F-Orthomol-PZN-01319643-Lios-Pharmacy.webp\" \/>\n\t<meta property=\"og:image:width\" content=\"600\" \/>\n\t<meta property=\"og:image:height\" content=\"600\" \/>\n\t<meta property=\"og:image:type\" content=\"image\/webp\" \/>\n<meta name=\"twitter:card\" content=\"summary_large_image\" \/>\n<meta name=\"twitter:label1\" content=\"Dur\u00e9e de lecture estim\u00e9e\" \/>\n\t<meta name=\"twitter:data1\" content=\"1 minute\" \/>\n<script type=\"application\/ld+json\" class=\"yoast-schema-graph\">{\"@context\":\"https:\/\/schema.org\",\"@graph\":[{\"@type\":\"WebPage\",\"@id\":\"https:\/\/lions-pharmacy.com\/fr\/produit\/orthomol-vital-f-orange-granules-tablets-30-pc-01319643\",\"url\":\"https:\/\/lions-pharmacy.com\/fr\/produit\/orthomol-vital-f-orange-granules-tablets-30-pc-01319643\",\"name\":\"Orthomol Vital F Orange Granules \/ Comprim\u00e9s (30 pc) &#187; En savoir plus\",\"isPartOf\":{\"@id\":\"https:\/\/lions-pharmacy.com\/fr#website\"},\"primaryImageOfPage\":{\"@id\":\"https:\/\/lions-pharmacy.com\/fr\/produit\/orthomol-vital-f-orange-granules-tablets-30-pc-01319643#primaryimage\"},\"image\":{\"@id\":\"https:\/\/lions-pharmacy.com\/fr\/produit\/orthomol-vital-f-orange-granules-tablets-30-pc-01319643#primaryimage\"},\"thumbnailUrl\":\"https:\/\/lions-pharmacy.com\/wp-content\/uploads\/2025\/03\/Orthomol-Vital-F-Orthomol-PZN-01319643-Lios-Pharmacy.webp\",\"datePublished\":\"2025-03-06T08:37:45+00:00\",\"dateModified\":\"2025-03-09T19:05:50+00:00\",\"description\":\"Fabricant : Orthomol. En savoir plus sur Orthomol Vital F Orange Granules \/ Comprim\u00e9s (30 pc). Nous offrons\u00a0: Exp\u00e9dition internationale rapide et achats en ligne s\u00e9curis\u00e9s.\",\"breadcrumb\":{\"@id\":\"https:\/\/lions-pharmacy.com\/fr\/produit\/orthomol-vital-f-orange-granules-tablets-30-pc-01319643#breadcrumb\"},\"inLanguage\":\"fr-FR\",\"potentialAction\":[{\"@type\":\"ReadAction\",\"target\":[\"https:\/\/lions-pharmacy.com\/fr\/produit\/orthomol-vital-f-orange-granules-tablets-30-pc-01319643\"]}]},{\"@type\":\"ImageObject\",\"inLanguage\":\"fr-FR\",\"@id\":\"https:\/\/lions-pharmacy.com\/fr\/produit\/orthomol-vital-f-orange-granules-tablets-30-pc-01319643#primaryimage\",\"url\":\"https:\/\/lions-pharmacy.com\/wp-content\/uploads\/2025\/03\/Orthomol-Vital-F-Orthomol-PZN-01319643-Lios-Pharmacy.webp\",\"contentUrl\":\"https:\/\/lions-pharmacy.com\/wp-content\/uploads\/2025\/03\/Orthomol-Vital-F-Orthomol-PZN-01319643-Lios-Pharmacy.webp\",\"width\":600,\"height\":600,\"caption\":\"Une bo\u00eete d'Orthomol Vital F du fabricant Orthomol, PZN 01319643, Lions Pharmacy\"},{\"@type\":\"BreadcrumbList\",\"@id\":\"https:\/\/lions-pharmacy.com\/fr\/produit\/orthomol-vital-f-orange-granules-tablets-30-pc-01319643#breadcrumb\",\"itemListElement\":[{\"@type\":\"ListItem\",\"position\":1,\"name\":\"Home\",\"item\":\"https:\/\/lions-pharmacy.com\/fr\/homepage-lion-pharmacy\"},{\"@type\":\"ListItem\",\"position\":2,\"name\":\"Shop\",\"item\":\"https:\/\/lions-pharmacy.com\/fr\/boutique\"},{\"@type\":\"ListItem\",\"position\":3,\"name\":\"Orthomol Vital F Orange Granules \/ Comprim\u00e9s (30 pc)\"}]},{\"@type\":\"WebSite\",\"@id\":\"https:\/\/lions-pharmacy.com\/fr#website\",\"url\":\"https:\/\/lions-pharmacy.com\/fr\",\"name\":\"Lions Pharmacy\",\"description\":\"Pharmacie sp\u00e9cialis\u00e9e en naturopathie de Baden-Baden, Allemagne\",\"publisher\":{\"@id\":\"https:\/\/lions-pharmacy.com\/fr#organization\"},\"alternateName\":\"Lion Pharmacy\",\"potentialAction\":[{\"@type\":\"SearchAction\",\"target\":{\"@type\":\"EntryPoint\",\"urlTemplate\":\"https:\/\/lions-pharmacy.com\/fr?s={search_term_string}\"},\"query-input\":{\"@type\":\"PropertyValueSpecification\",\"valueRequired\":true,\"valueName\":\"search_term_string\"}}],\"inLanguage\":\"fr-FR\"},{\"@type\":\"Organization\",\"@id\":\"https:\/\/lions-pharmacy.com\/fr#organization\",\"name\":\"Lions Pharmacy\",\"alternateName\":\"Lions Pharmacy24\",\"url\":\"https:\/\/lions-pharmacy.com\/fr\",\"logo\":{\"@type\":\"ImageObject\",\"inLanguage\":\"fr-FR\",\"@id\":\"https:\/\/lions-pharmacy.com\/fr#\/schema\/logo\/image\/\",\"url\":\"https:\/\/lions-pharmacy.com\/wp-content\/uploads\/2022\/12\/Logo-Lion-Pharmacy-c-o-Loewen-Apotheke-smal.jpg\",\"contentUrl\":\"https:\/\/lions-pharmacy.com\/wp-content\/uploads\/2022\/12\/Logo-Lion-Pharmacy-c-o-Loewen-Apotheke-smal.jpg\",\"width\":298,\"height\":99,\"caption\":\"Lions Pharmacy\"},\"image\":{\"@id\":\"https:\/\/lions-pharmacy.com\/fr#\/schema\/logo\/image\/\"}}]}<\/script>\n<!-- \/ Yoast SEO plugin. -->","yoast_head_json":{"title":"Orthomol Vital F Orange Granules \/ Comprim\u00e9s (30 pc) &#187; En savoir plus","description":"Fabricant : Orthomol. En savoir plus sur Orthomol Vital F Orange Granules \/ Comprim\u00e9s (30 pc). Nous offrons\u00a0: Exp\u00e9dition internationale rapide et achats en ligne s\u00e9curis\u00e9s.","robots":{"index":"index","follow":"follow","max-snippet":"max-snippet:-1","max-image-preview":"max-image-preview:large","max-video-preview":"max-video-preview:-1"},"canonical":"https:\/\/lions-pharmacy.com\/fr\/produit\/orthomol-vital-f-orange-granules-tablets-30-pc-01319643","og_locale":"fr_FR","og_type":"article","og_title":"Orthomol Vital F Orange Granules \/ Comprim\u00e9s (30 pc) &#187; En savoir plus","og_description":"Fabricant : Orthomol. En savoir plus sur Orthomol Vital F Orange Granules \/ Comprim\u00e9s (30 pc). Nous offrons\u00a0: Exp\u00e9dition internationale rapide et achats en ligne s\u00e9curis\u00e9s.","og_url":"https:\/\/lions-pharmacy.com\/fr\/produit\/orthomol-vital-f-orange-granules-tablets-30-pc-01319643","og_site_name":"Lion Pharmacy","article_modified_time":"2025-03-09T19:05:50+00:00","og_image":[{"width":600,"height":600,"url":"https:\/\/lions-pharmacy.com\/wp-content\/uploads\/2025\/03\/Orthomol-Vital-F-Orthomol-PZN-01319643-Lios-Pharmacy.webp","type":"image\/webp"}],"twitter_card":"summary_large_image","twitter_misc":{"Dur\u00e9e de lecture estim\u00e9e":"1 minute"},"schema":{"@context":"https:\/\/schema.org","@graph":[{"@type":"WebPage","@id":"https:\/\/lions-pharmacy.com\/fr\/produit\/orthomol-vital-f-orange-granules-tablets-30-pc-01319643","url":"https:\/\/lions-pharmacy.com\/fr\/produit\/orthomol-vital-f-orange-granules-tablets-30-pc-01319643","name":"Orthomol Vital F Orange Granules \/ Comprim\u00e9s (30 pc) &#187; En savoir plus","isPartOf":{"@id":"https:\/\/lions-pharmacy.com\/fr#website"},"primaryImageOfPage":{"@id":"https:\/\/lions-pharmacy.com\/fr\/produit\/orthomol-vital-f-orange-granules-tablets-30-pc-01319643#primaryimage"},"image":{"@id":"https:\/\/lions-pharmacy.com\/fr\/produit\/orthomol-vital-f-orange-granules-tablets-30-pc-01319643#primaryimage"},"thumbnailUrl":"https:\/\/lions-pharmacy.com\/wp-content\/uploads\/2025\/03\/Orthomol-Vital-F-Orthomol-PZN-01319643-Lios-Pharmacy.webp","datePublished":"2025-03-06T08:37:45+00:00","dateModified":"2025-03-09T19:05:50+00:00","description":"Fabricant : Orthomol. En savoir plus sur Orthomol Vital F Orange Granules \/ Comprim\u00e9s (30 pc). Nous offrons\u00a0: Exp\u00e9dition internationale rapide et achats en ligne s\u00e9curis\u00e9s.","breadcrumb":{"@id":"https:\/\/lions-pharmacy.com\/fr\/produit\/orthomol-vital-f-orange-granules-tablets-30-pc-01319643#breadcrumb"},"inLanguage":"fr-FR","potentialAction":[{"@type":"ReadAction","target":["https:\/\/lions-pharmacy.com\/fr\/produit\/orthomol-vital-f-orange-granules-tablets-30-pc-01319643"]}]},{"@type":"ImageObject","inLanguage":"fr-FR","@id":"https:\/\/lions-pharmacy.com\/fr\/produit\/orthomol-vital-f-orange-granules-tablets-30-pc-01319643#primaryimage","url":"https:\/\/lions-pharmacy.com\/wp-content\/uploads\/2025\/03\/Orthomol-Vital-F-Orthomol-PZN-01319643-Lios-Pharmacy.webp","contentUrl":"https:\/\/lions-pharmacy.com\/wp-content\/uploads\/2025\/03\/Orthomol-Vital-F-Orthomol-PZN-01319643-Lios-Pharmacy.webp","width":600,"height":600,"caption":"Une bo\u00eete d'Orthomol Vital F du fabricant Orthomol, PZN 01319643, Lions Pharmacy"},{"@type":"BreadcrumbList","@id":"https:\/\/lions-pharmacy.com\/fr\/produit\/orthomol-vital-f-orange-granules-tablets-30-pc-01319643#breadcrumb","itemListElement":[{"@type":"ListItem","position":1,"name":"Home","item":"https:\/\/lions-pharmacy.com\/fr\/homepage-lion-pharmacy"},{"@type":"ListItem","position":2,"name":"Shop","item":"https:\/\/lions-pharmacy.com\/fr\/boutique"},{"@type":"ListItem","position":3,"name":"Orthomol Vital F Orange Granules \/ Comprim\u00e9s (30 pc)"}]},{"@type":"WebSite","@id":"https:\/\/lions-pharmacy.com\/fr#website","url":"https:\/\/lions-pharmacy.com\/fr","name":"Lions Pharmacy","description":"Pharmacie sp\u00e9cialis\u00e9e en naturopathie de Baden-Baden, Allemagne","publisher":{"@id":"https:\/\/lions-pharmacy.com\/fr#organization"},"alternateName":"Lion Pharmacy","potentialAction":[{"@type":"SearchAction","target":{"@type":"EntryPoint","urlTemplate":"https:\/\/lions-pharmacy.com\/fr?s={search_term_string}"},"query-input":{"@type":"PropertyValueSpecification","valueRequired":true,"valueName":"search_term_string"}}],"inLanguage":"fr-FR"},{"@type":"Organization","@id":"https:\/\/lions-pharmacy.com\/fr#organization","name":"Lions Pharmacy","alternateName":"Lions Pharmacy24","url":"https:\/\/lions-pharmacy.com\/fr","logo":{"@type":"ImageObject","inLanguage":"fr-FR","@id":"https:\/\/lions-pharmacy.com\/fr#\/schema\/logo\/image\/","url":"https:\/\/lions-pharmacy.com\/wp-content\/uploads\/2022\/12\/Logo-Lion-Pharmacy-c-o-Loewen-Apotheke-smal.jpg","contentUrl":"https:\/\/lions-pharmacy.com\/wp-content\/uploads\/2022\/12\/Logo-Lion-Pharmacy-c-o-Loewen-Apotheke-smal.jpg","width":298,"height":99,"caption":"Lions Pharmacy"},"image":{"@id":"https:\/\/lions-pharmacy.com\/fr#\/schema\/logo\/image\/"}}]}},"_links":{"self":[{"href":"https:\/\/lions-pharmacy.com\/fr\/wp-json\/wp\/v2\/product\/9747","targetHints":{"allow":["GET"]}}],"collection":[{"href":"https:\/\/lions-pharmacy.com\/fr\/wp-json\/wp\/v2\/product"}],"about":[{"href":"https:\/\/lions-pharmacy.com\/fr\/wp-json\/wp\/v2\/types\/product"}],"replies":[{"embeddable":true,"href":"https:\/\/lions-pharmacy.com\/fr\/wp-json\/wp\/v2\/comments?post=9747"}],"wp:featuredmedia":[{"embeddable":true,"href":"https:\/\/lions-pharmacy.com\/fr\/wp-json\/wp\/v2\/media\/9752"}],"wp:attachment":[{"href":"https:\/\/lions-pharmacy.com\/fr\/wp-json\/wp\/v2\/media?parent=9747"}],"wp:term":[{"taxonomy":"product_brand","embeddable":true,"href":"https:\/\/lions-pharmacy.com\/fr\/wp-json\/wp\/v2\/product_brand?post=9747"},{"taxonomy":"product_cat","embeddable":true,"href":"https:\/\/lions-pharmacy.com\/fr\/wp-json\/wp\/v2\/product_cat?post=9747"},{"taxonomy":"product_tag","embeddable":true,"href":"https:\/\/lions-pharmacy.com\/fr\/wp-json\/wp\/v2\/product_tag?post=9747"}],"curies":[{"name":"wp","href":"https:\/\/api.w.org\/{rel}","templated":true}]}}