{"id":9545,"date":"2025-02-26T14:04:15","date_gmt":"2025-02-26T13:04:15","guid":{"rendered":"https:\/\/lions-pharmacy.com\/?post_type=product&#038;p=9545"},"modified":"2025-03-12T07:14:27","modified_gmt":"2025-03-12T06:14:27","slug":"wobecare-cbd-active-cream-16818814","status":"publish","type":"product","link":"https:\/\/lions-pharmacy.com\/fr\/produit\/wobecare-cbd-active-cream-16818814","title":{"rendered":"Wobecare CBD Active Cream (100 ml)"},"content":{"rendered":"<h3 class=\"mb-2.5 flex-1 break-words text-xl font-medium mobile:text-2xl tablet:mb-0\" data-qa-id=\"product-title\">Wobecare CBD Active Cream<\/h3>\n<p>Wobecare CBD Active Cream est un m\u00e9lange unique de CBD \u00e0 haute dose (500 mg par tube) et d&#8217;ingr\u00e9dients v\u00e9g\u00e9taux s\u00e9lectionn\u00e9s tels que l&#8217;arnica, la consoude, le menthol, le camphre, la gaulth\u00e9rie, l&#8217;aloe vera et l&#8217;huile de brocoli. Gr\u00e2ce \u00e0 sa formulation innovante, il procure un effet calmant imm\u00e9diat et une sensation de fra\u00eecheur qui apporte confort et soulagement \u00e0 la peau.<\/p>\n<p>CBD &#8211; son pouvoir positif a une longue tradition<br \/>\nLes produits contenant du CBD (cannabidiol) jouissent actuellement d&#8217;une grande popularit\u00e9. Rien d&#8217;\u00e9tonnant \u00e0 cela, puisque cet ingr\u00e9dient bien connu de la plante de chanvre est appr\u00e9ci\u00e9 pour ses nombreuses propri\u00e9t\u00e9s positives et ses diverses applications. Il n&#8217;y a ni intoxication ni d\u00e9pendance (0,0 % de THC).<\/p>\n<p>D\u00e9pliant\/mode d\u2019emploi\/fiche technique de l\u2019article : \u2013 (lecteur PDF)<\/p>\n<p>Autres produits de : <a href=\"https:\/\/lions-pharmacy.com\/product-tag\/vitamins-supplements\">Vitamines et suppl\u00e9ments Produits<\/a><\/p>\n<p>Vous trouverez plus de d\u00e9tails sur le produit aupr\u00e8s du fabricant : <a href=\"https:\/\/www.wobenzym.de\/wobecare\" target=\"_blank\" rel=\"noopener\">Mucos &#8211; Wobenzym<\/a><\/p>\n<p>Les informations contenues dans ce site web sont fournies \u00e0 titre informatif uniquement. Ils ne remplacent en aucun cas l&#8217;examen et le traitement par un m\u00e9decin. Veuillez noter que cela signifie qu&#8217;aucun diagnostic ne peut \u00eatre \u00e9tabli et qu&#8217;aucune th\u00e9rapie ne peut \u00eatre mise en place.<\/p>\n<p>Pour conna\u00eetre les risques et les effets secondaires, lisez la notice et demandez conseil \u00e0 votre m\u00e9decin ou \u00e0 votre pharmacien.<\/p>\n<p>&nbsp;<\/p>\n<h3>Ordonnance | e-prescription disponible ?<\/h3>\n<p>Soumettez votre e-prescription d\u00e8s maintenant. Utilisez notre application <a href=\"https:\/\/e-rezept-app.de\/shop-rezept\" target=\"_blank\" rel=\"noopener\">d\u2019ordonnance \u00e9lectronique<\/a> . Et nous vous donnons les frais de port gratuits en Allemagne !<\/p>\n","protected":false},"excerpt":{"rendered":"<h2 class=\"mb-2.5 flex-1 break-words text-xl font-medium mobile:text-2xl tablet:mb-0\" data-qa-id=\"product-title\">Wobecare CBD Active Cream<\/h2>\n<p>Active Cream &#8211; Soin apaisant \u00e0 base de CBD pour les peaux stress\u00e9es<\/p>\n<p>&nbsp;<\/p>\n<p><strong>PZN<\/strong>: 16818814<\/p>\n<p><strong>Forme pharmaceutique<\/strong>: cr\u00e8me<\/p>\n<p><strong>Taille de l&#8217;emballage<\/strong>: 100 ml<\/p>\n<p><strong>Type de prescription :<\/strong> sans ordonnance<\/p>\n<p><strong>Marque<\/strong>&nbsp;: &#8211;<\/p>\n<p><strong>Fabricant<\/strong>: MUCOS, Allemagne<\/p>\n","protected":false},"featured_media":9550,"comment_status":"closed","ping_status":"closed","template":"","meta":[],"product_brand":[],"product_cat":[567,120,114],"product_tag":[266,265,306,267,464,264],"class_list":{"0":"post-9545","1":"product","2":"type-product","3":"status-publish","4":"has-post-thumbnail","6":"product_cat-offres-exclusives","7":"product_cat-sale-fr","8":"product_cat-non-classifiee","9":"product_tag-bien-etre","10":"product_tag-gestion-du-poids","11":"product_tag-homeopathie","12":"product_tag-poids-et-forme","13":"product_tag-remedes-naturels","14":"product_tag-vitamines-et-supplements","15":"ts_product_brand-all-fr","17":"first","18":"instock","19":"sale","20":"taxable","21":"shipping-taxable","22":"purchasable","23":"product-type-simple"},"yoast_head":"<!-- This site is optimized with the Yoast SEO plugin v26.5 - https:\/\/yoast.com\/wordpress\/plugins\/seo\/ -->\n<title>Wobecare CBD Active Cream (100 ml) &#187; sur Lion Pharmacy<\/title>\n<meta name=\"description\" content=\"Une pharmacie en ligne allemande enregistr\u00e9e. Nous vous proposons : des produits pour animaux de compagnie, une livraison rapide dans le monde entier et un service irr\u00e9prochable. MUCOS : Wobecare CBD Active Cream (100 ml)\" \/>\n<meta name=\"robots\" content=\"index, follow, max-snippet:-1, max-image-preview:large, max-video-preview:-1\" \/>\n<link rel=\"canonical\" href=\"https:\/\/lions-pharmacy.com\/fr\/produit\/wobecare-cbd-active-cream-16818814\" \/>\n<meta property=\"og:locale\" content=\"fr_FR\" \/>\n<meta property=\"og:type\" content=\"article\" \/>\n<meta property=\"og:title\" content=\"Wobecare CBD Active Cream (100 ml) &#187; sur Lion Pharmacy\" \/>\n<meta property=\"og:description\" content=\"Une pharmacie en ligne allemande enregistr\u00e9e. Nous vous proposons : des produits pour animaux de compagnie, une livraison rapide dans le monde entier et un service irr\u00e9prochable. MUCOS : Wobecare CBD Active Cream (100 ml)\" \/>\n<meta property=\"og:url\" content=\"https:\/\/lions-pharmacy.com\/fr\/produit\/wobecare-cbd-active-cream-16818814\" \/>\n<meta property=\"og:site_name\" content=\"Lion Pharmacy\" \/>\n<meta property=\"article:modified_time\" content=\"2025-03-12T06:14:27+00:00\" \/>\n<meta property=\"og:image\" content=\"https:\/\/lions-pharmacy.com\/wp-content\/uploads\/2025\/02\/Wobecare-CBD-Active-Cream-100ml-Lions-Pharmacy.webp\" \/>\n\t<meta property=\"og:image:width\" content=\"600\" \/>\n\t<meta property=\"og:image:height\" content=\"600\" \/>\n\t<meta property=\"og:image:type\" content=\"image\/webp\" \/>\n<meta name=\"twitter:card\" content=\"summary_large_image\" \/>\n<meta name=\"twitter:label1\" content=\"Dur\u00e9e de lecture estim\u00e9e\" \/>\n\t<meta name=\"twitter:data1\" content=\"1 minute\" \/>\n<script type=\"application\/ld+json\" class=\"yoast-schema-graph\">{\"@context\":\"https:\/\/schema.org\",\"@graph\":[{\"@type\":\"WebPage\",\"@id\":\"https:\/\/lions-pharmacy.com\/fr\/produit\/wobecare-cbd-active-cream-16818814\",\"url\":\"https:\/\/lions-pharmacy.com\/fr\/produit\/wobecare-cbd-active-cream-16818814\",\"name\":\"Wobecare CBD Active Cream (100 ml) &#187; sur Lion Pharmacy\",\"isPartOf\":{\"@id\":\"https:\/\/lions-pharmacy.com\/fr#website\"},\"primaryImageOfPage\":{\"@id\":\"https:\/\/lions-pharmacy.com\/fr\/produit\/wobecare-cbd-active-cream-16818814#primaryimage\"},\"image\":{\"@id\":\"https:\/\/lions-pharmacy.com\/fr\/produit\/wobecare-cbd-active-cream-16818814#primaryimage\"},\"thumbnailUrl\":\"https:\/\/lions-pharmacy.com\/wp-content\/uploads\/2025\/02\/Wobecare-CBD-Active-Cream-100ml-Lions-Pharmacy.webp\",\"datePublished\":\"2025-02-26T13:04:15+00:00\",\"dateModified\":\"2025-03-12T06:14:27+00:00\",\"description\":\"Une pharmacie en ligne allemande enregistr\u00e9e. Nous vous proposons : des produits pour animaux de compagnie, une livraison rapide dans le monde entier et un service irr\u00e9prochable. MUCOS : Wobecare CBD Active Cream (100 ml)\",\"breadcrumb\":{\"@id\":\"https:\/\/lions-pharmacy.com\/fr\/produit\/wobecare-cbd-active-cream-16818814#breadcrumb\"},\"inLanguage\":\"fr-FR\",\"potentialAction\":[{\"@type\":\"ReadAction\",\"target\":[\"https:\/\/lions-pharmacy.com\/fr\/produit\/wobecare-cbd-active-cream-16818814\"]}]},{\"@type\":\"ImageObject\",\"inLanguage\":\"fr-FR\",\"@id\":\"https:\/\/lions-pharmacy.com\/fr\/produit\/wobecare-cbd-active-cream-16818814#primaryimage\",\"url\":\"https:\/\/lions-pharmacy.com\/wp-content\/uploads\/2025\/02\/Wobecare-CBD-Active-Cream-100ml-Lions-Pharmacy.webp\",\"contentUrl\":\"https:\/\/lions-pharmacy.com\/wp-content\/uploads\/2025\/02\/Wobecare-CBD-Active-Cream-100ml-Lions-Pharmacy.webp\",\"width\":600,\"height\":600,\"caption\":\"Wobecare CBD Active Cream en tube de 100 ml, pr\u00e9sent\u00e9 par Lions Pharmacy\"},{\"@type\":\"BreadcrumbList\",\"@id\":\"https:\/\/lions-pharmacy.com\/fr\/produit\/wobecare-cbd-active-cream-16818814#breadcrumb\",\"itemListElement\":[{\"@type\":\"ListItem\",\"position\":1,\"name\":\"Home\",\"item\":\"https:\/\/lions-pharmacy.com\/fr\/homepage-lion-pharmacy\"},{\"@type\":\"ListItem\",\"position\":2,\"name\":\"Shop\",\"item\":\"https:\/\/lions-pharmacy.com\/fr\/boutique\"},{\"@type\":\"ListItem\",\"position\":3,\"name\":\"Wobecare CBD Active Cream (100 ml)\"}]},{\"@type\":\"WebSite\",\"@id\":\"https:\/\/lions-pharmacy.com\/fr#website\",\"url\":\"https:\/\/lions-pharmacy.com\/fr\",\"name\":\"Lions Pharmacy\",\"description\":\"Pharmacie sp\u00e9cialis\u00e9e en naturopathie de Baden-Baden, Allemagne\",\"publisher\":{\"@id\":\"https:\/\/lions-pharmacy.com\/fr#organization\"},\"alternateName\":\"Lion Pharmacy\",\"potentialAction\":[{\"@type\":\"SearchAction\",\"target\":{\"@type\":\"EntryPoint\",\"urlTemplate\":\"https:\/\/lions-pharmacy.com\/fr?s={search_term_string}\"},\"query-input\":{\"@type\":\"PropertyValueSpecification\",\"valueRequired\":true,\"valueName\":\"search_term_string\"}}],\"inLanguage\":\"fr-FR\"},{\"@type\":\"Organization\",\"@id\":\"https:\/\/lions-pharmacy.com\/fr#organization\",\"name\":\"Lions Pharmacy\",\"alternateName\":\"Lions Pharmacy24\",\"url\":\"https:\/\/lions-pharmacy.com\/fr\",\"logo\":{\"@type\":\"ImageObject\",\"inLanguage\":\"fr-FR\",\"@id\":\"https:\/\/lions-pharmacy.com\/fr#\/schema\/logo\/image\/\",\"url\":\"https:\/\/lions-pharmacy.com\/wp-content\/uploads\/2022\/12\/Logo-Lion-Pharmacy-c-o-Loewen-Apotheke-smal.jpg\",\"contentUrl\":\"https:\/\/lions-pharmacy.com\/wp-content\/uploads\/2022\/12\/Logo-Lion-Pharmacy-c-o-Loewen-Apotheke-smal.jpg\",\"width\":298,\"height\":99,\"caption\":\"Lions Pharmacy\"},\"image\":{\"@id\":\"https:\/\/lions-pharmacy.com\/fr#\/schema\/logo\/image\/\"}}]}<\/script>\n<!-- \/ Yoast SEO plugin. -->","yoast_head_json":{"title":"Wobecare CBD Active Cream (100 ml) &#187; sur Lion Pharmacy","description":"Une pharmacie en ligne allemande enregistr\u00e9e. Nous vous proposons : des produits pour animaux de compagnie, une livraison rapide dans le monde entier et un service irr\u00e9prochable. MUCOS : Wobecare CBD Active Cream (100 ml)","robots":{"index":"index","follow":"follow","max-snippet":"max-snippet:-1","max-image-preview":"max-image-preview:large","max-video-preview":"max-video-preview:-1"},"canonical":"https:\/\/lions-pharmacy.com\/fr\/produit\/wobecare-cbd-active-cream-16818814","og_locale":"fr_FR","og_type":"article","og_title":"Wobecare CBD Active Cream (100 ml) &#187; sur Lion Pharmacy","og_description":"Une pharmacie en ligne allemande enregistr\u00e9e. Nous vous proposons : des produits pour animaux de compagnie, une livraison rapide dans le monde entier et un service irr\u00e9prochable. MUCOS : Wobecare CBD Active Cream (100 ml)","og_url":"https:\/\/lions-pharmacy.com\/fr\/produit\/wobecare-cbd-active-cream-16818814","og_site_name":"Lion Pharmacy","article_modified_time":"2025-03-12T06:14:27+00:00","og_image":[{"width":600,"height":600,"url":"https:\/\/lions-pharmacy.com\/wp-content\/uploads\/2025\/02\/Wobecare-CBD-Active-Cream-100ml-Lions-Pharmacy.webp","type":"image\/webp"}],"twitter_card":"summary_large_image","twitter_misc":{"Dur\u00e9e de lecture estim\u00e9e":"1 minute"},"schema":{"@context":"https:\/\/schema.org","@graph":[{"@type":"WebPage","@id":"https:\/\/lions-pharmacy.com\/fr\/produit\/wobecare-cbd-active-cream-16818814","url":"https:\/\/lions-pharmacy.com\/fr\/produit\/wobecare-cbd-active-cream-16818814","name":"Wobecare CBD Active Cream (100 ml) &#187; sur Lion Pharmacy","isPartOf":{"@id":"https:\/\/lions-pharmacy.com\/fr#website"},"primaryImageOfPage":{"@id":"https:\/\/lions-pharmacy.com\/fr\/produit\/wobecare-cbd-active-cream-16818814#primaryimage"},"image":{"@id":"https:\/\/lions-pharmacy.com\/fr\/produit\/wobecare-cbd-active-cream-16818814#primaryimage"},"thumbnailUrl":"https:\/\/lions-pharmacy.com\/wp-content\/uploads\/2025\/02\/Wobecare-CBD-Active-Cream-100ml-Lions-Pharmacy.webp","datePublished":"2025-02-26T13:04:15+00:00","dateModified":"2025-03-12T06:14:27+00:00","description":"Une pharmacie en ligne allemande enregistr\u00e9e. Nous vous proposons : des produits pour animaux de compagnie, une livraison rapide dans le monde entier et un service irr\u00e9prochable. MUCOS : Wobecare CBD Active Cream (100 ml)","breadcrumb":{"@id":"https:\/\/lions-pharmacy.com\/fr\/produit\/wobecare-cbd-active-cream-16818814#breadcrumb"},"inLanguage":"fr-FR","potentialAction":[{"@type":"ReadAction","target":["https:\/\/lions-pharmacy.com\/fr\/produit\/wobecare-cbd-active-cream-16818814"]}]},{"@type":"ImageObject","inLanguage":"fr-FR","@id":"https:\/\/lions-pharmacy.com\/fr\/produit\/wobecare-cbd-active-cream-16818814#primaryimage","url":"https:\/\/lions-pharmacy.com\/wp-content\/uploads\/2025\/02\/Wobecare-CBD-Active-Cream-100ml-Lions-Pharmacy.webp","contentUrl":"https:\/\/lions-pharmacy.com\/wp-content\/uploads\/2025\/02\/Wobecare-CBD-Active-Cream-100ml-Lions-Pharmacy.webp","width":600,"height":600,"caption":"Wobecare CBD Active Cream en tube de 100 ml, pr\u00e9sent\u00e9 par Lions Pharmacy"},{"@type":"BreadcrumbList","@id":"https:\/\/lions-pharmacy.com\/fr\/produit\/wobecare-cbd-active-cream-16818814#breadcrumb","itemListElement":[{"@type":"ListItem","position":1,"name":"Home","item":"https:\/\/lions-pharmacy.com\/fr\/homepage-lion-pharmacy"},{"@type":"ListItem","position":2,"name":"Shop","item":"https:\/\/lions-pharmacy.com\/fr\/boutique"},{"@type":"ListItem","position":3,"name":"Wobecare CBD Active Cream (100 ml)"}]},{"@type":"WebSite","@id":"https:\/\/lions-pharmacy.com\/fr#website","url":"https:\/\/lions-pharmacy.com\/fr","name":"Lions Pharmacy","description":"Pharmacie sp\u00e9cialis\u00e9e en naturopathie de Baden-Baden, Allemagne","publisher":{"@id":"https:\/\/lions-pharmacy.com\/fr#organization"},"alternateName":"Lion Pharmacy","potentialAction":[{"@type":"SearchAction","target":{"@type":"EntryPoint","urlTemplate":"https:\/\/lions-pharmacy.com\/fr?s={search_term_string}"},"query-input":{"@type":"PropertyValueSpecification","valueRequired":true,"valueName":"search_term_string"}}],"inLanguage":"fr-FR"},{"@type":"Organization","@id":"https:\/\/lions-pharmacy.com\/fr#organization","name":"Lions Pharmacy","alternateName":"Lions Pharmacy24","url":"https:\/\/lions-pharmacy.com\/fr","logo":{"@type":"ImageObject","inLanguage":"fr-FR","@id":"https:\/\/lions-pharmacy.com\/fr#\/schema\/logo\/image\/","url":"https:\/\/lions-pharmacy.com\/wp-content\/uploads\/2022\/12\/Logo-Lion-Pharmacy-c-o-Loewen-Apotheke-smal.jpg","contentUrl":"https:\/\/lions-pharmacy.com\/wp-content\/uploads\/2022\/12\/Logo-Lion-Pharmacy-c-o-Loewen-Apotheke-smal.jpg","width":298,"height":99,"caption":"Lions Pharmacy"},"image":{"@id":"https:\/\/lions-pharmacy.com\/fr#\/schema\/logo\/image\/"}}]}},"_links":{"self":[{"href":"https:\/\/lions-pharmacy.com\/fr\/wp-json\/wp\/v2\/product\/9545","targetHints":{"allow":["GET"]}}],"collection":[{"href":"https:\/\/lions-pharmacy.com\/fr\/wp-json\/wp\/v2\/product"}],"about":[{"href":"https:\/\/lions-pharmacy.com\/fr\/wp-json\/wp\/v2\/types\/product"}],"replies":[{"embeddable":true,"href":"https:\/\/lions-pharmacy.com\/fr\/wp-json\/wp\/v2\/comments?post=9545"}],"wp:featuredmedia":[{"embeddable":true,"href":"https:\/\/lions-pharmacy.com\/fr\/wp-json\/wp\/v2\/media\/9550"}],"wp:attachment":[{"href":"https:\/\/lions-pharmacy.com\/fr\/wp-json\/wp\/v2\/media?parent=9545"}],"wp:term":[{"taxonomy":"product_brand","embeddable":true,"href":"https:\/\/lions-pharmacy.com\/fr\/wp-json\/wp\/v2\/product_brand?post=9545"},{"taxonomy":"product_cat","embeddable":true,"href":"https:\/\/lions-pharmacy.com\/fr\/wp-json\/wp\/v2\/product_cat?post=9545"},{"taxonomy":"product_tag","embeddable":true,"href":"https:\/\/lions-pharmacy.com\/fr\/wp-json\/wp\/v2\/product_tag?post=9545"}],"curies":[{"name":"wp","href":"https:\/\/api.w.org\/{rel}","templated":true}]}}